{"id":24588,"date":"2026-02-26T03:58:23","date_gmt":"2026-02-26T03:58:23","guid":{"rendered":"https:\/\/esmte.com\/?post_type=product&#038;p=24588"},"modified":"2026-02-26T03:58:23","modified_gmt":"2026-02-26T03:58:23","slug":"high-quality-smt-large-cooling-buffer-ycb-350","status":"publish","type":"product","link":"https:\/\/esmte.com\/vi\/products\/high-quality-smt-large-cooling-buffer-ycb-350\/","title":{"rendered":"High Quality SMT Large Cooling\u00a0Buffer YCB-350"},"content":{"rendered":"<h2>Gi\u1edbi thi\u1ec7u<\/h2>\n<p data-start=\"1263\" data-end=\"1699\"><strong>Khi c\u00e1c m\u1eabu thi\u1ebft b\u1ecb \u0111eo ph\u00e1t tri\u1ec3n nhanh ch\u00f3ng, d\u00e2y chuy\u1ec1n s\u1ea3n xu\u1ea5t ph\u1ea3i th\u00edch \u1ee9ng hi\u1ec7u qu\u1ea3. YCB-350 h\u1ed7 tr\u1ee3 \u0111i\u1ec1u ch\u1ec9nh \u0111\u1ed9 r\u1ed9ng \u0111\u01b0\u1eddng ray v\u00e0 c\u00e0i \u0111\u1eb7t th\u00f4ng s\u1ed1, cho ph\u00e9p chuy\u1ec3n \u0111\u1ed5i nhanh ch\u00f3ng gi\u1eefa nhi\u1ec1u th\u00f4ng s\u1ed1 k\u1ef9 thu\u1eadt s\u1ea3n ph\u1ea9m.<\/strong> is developed to provide systematic temperature transition management after reflow soldering. By extending PCB travel time within a controlled cooling environment, it ensures gradual thermal reduction that protects sensitive electronic components and stabilizes solder microstructure formation. This process significantly reduces risks of warpage and micro-fractures in precision assemblies.<\/p>\n<p data-start=\"1701\" data-end=\"2120\">Constructed with an industrial-grade conveyor mechanism, the <strong>Khi c\u00e1c m\u1eabu thi\u1ebft b\u1ecb \u0111eo ph\u00e1t tri\u1ec3n nhanh ch\u00f3ng, d\u00e2y chuy\u1ec1n s\u1ea3n xu\u1ea5t ph\u1ea3i th\u00edch \u1ee9ng hi\u1ec7u qu\u1ea3. YCB-350 h\u1ed7 tr\u1ee3 \u0111i\u1ec1u ch\u1ec9nh \u0111\u1ed9 r\u1ed9ng \u0111\u01b0\u1eddng ray v\u00e0 c\u00e0i \u0111\u1eb7t th\u00f4ng s\u1ed1, cho ph\u00e9p chuy\u1ec3n \u0111\u1ed5i nhanh ch\u00f3ng gi\u1eefa nhi\u1ec1u th\u00f4ng s\u1ed1 k\u1ef9 thu\u1eadt s\u1ea3n ph\u1ea9m.<\/strong> guarantees smooth and vibration-free board transfer. Adjustable width settings enable flexible adaptation to different PCB dimensions, supporting both small-format consumer electronics boards and larger industrial control assemblies. Its optimized airflow and cooling layout contribute to uniform thermal distribution across complex board geometries.<\/p>\n<p data-start=\"2122\" data-end=\"2449\">In addition to improving solder joint reliability, the <strong>Khi c\u00e1c m\u1eabu thi\u1ebft b\u1ecb \u0111eo ph\u00e1t tri\u1ec3n nhanh ch\u00f3ng, d\u00e2y chuy\u1ec1n s\u1ea3n xu\u1ea5t ph\u1ea3i th\u00edch \u1ee9ng hi\u1ec7u qu\u1ea3. YCB-350 h\u1ed7 tr\u1ee3 \u0111i\u1ec1u ch\u1ec9nh \u0111\u1ed9 r\u1ed9ng \u0111\u01b0\u1eddng ray v\u00e0 c\u00e0i \u0111\u1eb7t th\u00f4ng s\u1ed1, cho ph\u00e9p chuy\u1ec3n \u0111\u1ed5i nhanh ch\u00f3ng gi\u1eefa nhi\u1ec1u th\u00f4ng s\u1ed1 k\u1ef9 thu\u1eadt s\u1ea3n ph\u1ea9m.<\/strong> functions as a strategic buffer between reflow ovens and downstream inspection stations. This decoupling capability helps maintain continuous production flow, reducing line stoppages and increasing operational efficiency within modern SMT manufacturing facilities.<\/p>\n<p data-start=\"2122\" data-end=\"2449\"><img loading=\"lazy\" decoding=\"async\" class=\"wp-image-24590 aligncenter\" src=\"https:\/\/esmte.com\/wp-content\/uploads\/2026\/02\/High-Quality-SMT-Large-Cooling-Buffer-1.webp\" alt=\"High Quality SMT Large Cooling Buffer YCB-350\" width=\"418\" height=\"527\" srcset=\"https:\/\/esmte.com\/wp-content\/uploads\/2026\/02\/High-Quality-SMT-Large-Cooling-Buffer-1.webp 912w, https:\/\/esmte.com\/wp-content\/uploads\/2026\/02\/High-Quality-SMT-Large-Cooling-Buffer-1-238x300.webp 238w, https:\/\/esmte.com\/wp-content\/uploads\/2026\/02\/High-Quality-SMT-Large-Cooling-Buffer-1-813x1024.webp 813w, https:\/\/esmte.com\/wp-content\/uploads\/2026\/02\/High-Quality-SMT-Large-Cooling-Buffer-1-768x968.webp 768w, https:\/\/esmte.com\/wp-content\/uploads\/2026\/02\/High-Quality-SMT-Large-Cooling-Buffer-1-10x12.webp 10w, https:\/\/esmte.com\/wp-content\/uploads\/2026\/02\/High-Quality-SMT-Large-Cooling-Buffer-1-600x756.webp 600w, https:\/\/esmte.com\/wp-content\/uploads\/2026\/02\/High-Quality-SMT-Large-Cooling-Buffer-1-2x3.webp 2w, https:\/\/esmte.com\/wp-content\/uploads\/2026\/02\/High-Quality-SMT-Large-Cooling-Buffer-1-8x10.webp 8w\" sizes=\"auto, (max-width: 418px) 100vw, 418px\" \/><\/p>\n<h2>Practical Application of High Quality SMT Large Cooling Buffer YCB-350 within Smart Wearable Assembly Facilities<\/h2>\n<ul>\n<li data-start=\"3738\" data-end=\"3977\">\n<p data-start=\"3741\" data-end=\"3977\"><strong data-start=\"3741\" data-end=\"3780\">Mitigation of Thermal Shock Effects<\/strong><br data-start=\"3780\" data-end=\"3783\" \/>Smart wearable products integrate compact RF modules and battery management ICs. The YCB-350 introduces gradual cooling intervals that reduce thermal shock, enhancing solder joint durability.<\/p>\n<\/li>\n<li data-start=\"3979\" data-end=\"4217\">\n<p data-start=\"3982\" data-end=\"4217\"><strong data-start=\"3982\" data-end=\"4030\">Support for High-Density Component Placement<\/strong><br data-start=\"4030\" data-end=\"4033\" \/>Dense SMT placement increases localized heat concentration. The extended cooling path inside YCB-350 allows uniform heat dissipation, reducing localized stress zones across the PCB.<\/p>\n<\/li>\n<li data-start=\"4219\" data-end=\"4470\">\n<p data-start=\"4222\" data-end=\"4470\"><strong data-start=\"4222\" data-end=\"4256\">Production Rhythm Optimization<\/strong><br data-start=\"4256\" data-end=\"4259\" \/>In wearable assembly lines producing smartwatches or fitness trackers, maintaining takt alignment is essential. The YCB-350 smooths process transitions, ensuring balanced material flow between key SMT stages.<\/p>\n<\/li>\n<li data-start=\"4472\" data-end=\"4683\">\n<p data-start=\"4475\" data-end=\"4683\"><strong data-start=\"4475\" data-end=\"4522\">Improved Cosmetic Quality of Final Products<\/strong><br data-start=\"4522\" data-end=\"4525\" \/>Wearables require high aesthetic standards. Controlled cooling reduces solder discoloration and surface inconsistencies, supporting premium visual quality.<\/p>\n<\/li>\n<li data-start=\"4685\" data-end=\"4929\">\n<p data-start=\"4688\" data-end=\"4929\"><strong data-start=\"4688\" data-end=\"4735\">Reduced Rework and Maintenance Interruption<\/strong><br data-start=\"4735\" data-end=\"4738\" \/>By stabilizing PCB temperature before downstream handling, the YCB-350 lowers defect occurrence rates. This contributes to reduced rework cycles and more predictable maintenance schedules.<\/p>\n<\/li>\n<li data-start=\"4931\" data-end=\"5203\" data-is-last-node=\"\">\n<p data-start=\"4934\" data-end=\"5203\" data-is-last-node=\"\"><strong data-start=\"4934\" data-end=\"4988\">Scalable Configuration for Product Diversification<\/strong><br data-start=\"4988\" data-end=\"4991\" \/>As wearable models evolve rapidly, production lines must adapt efficiently. The YCB-350 supports adjustable rail widths and parameter settings, enabling quick transition across multiple product specifications.<\/p>\n<\/li>\n<\/ul>\n<p><img loading=\"lazy\" decoding=\"async\" class=\"wp-image-24586 aligncenter\" src=\"https:\/\/esmte.com\/wp-content\/uploads\/2026\/02\/Picture-9.webp\" alt=\"High Quality SMT Large Cooling\u00a0Buffer\" width=\"306\" height=\"533\" srcset=\"https:\/\/esmte.com\/wp-content\/uploads\/2026\/02\/Picture-9.webp 776w, https:\/\/esmte.com\/wp-content\/uploads\/2026\/02\/Picture-9-172x300.webp 172w, https:\/\/esmte.com\/wp-content\/uploads\/2026\/02\/Picture-9-588x1024.webp 588w, https:\/\/esmte.com\/wp-content\/uploads\/2026\/02\/Picture-9-768x1337.webp 768w, https:\/\/esmte.com\/wp-content\/uploads\/2026\/02\/Picture-9-7x12.webp 7w, https:\/\/esmte.com\/wp-content\/uploads\/2026\/02\/Picture-9-600x1045.webp 600w, https:\/\/esmte.com\/wp-content\/uploads\/2026\/02\/Picture-9-2x3.webp 2w, https:\/\/esmte.com\/wp-content\/uploads\/2026\/02\/Picture-9-6x10.webp 6w\" sizes=\"auto, (max-width: 306px) 100vw, 306px\" \/><\/p>\n<h2>Th\u00f4ng s\u1ed1 k\u1ef9 thu\u1eadt<\/h2>\n<table style=\"height: 269px;\" width=\"1289\">\n<tbody>\n<tr>\n<td style=\"text-align: center;\" width=\"136\">Ng\u01b0\u1eddi m\u1eabu<\/td>\n<td style=\"text-align: center;\" width=\"278\">YCB-350<\/td>\n<\/tr>\n<tr>\n<td style=\"text-align: center;\" width=\"136\">K\u00edch th\u01b0\u1edbc (mm)<\/td>\n<td style=\"text-align: center;\" width=\"278\">1500*1495*1760<\/td>\n<\/tr>\n<tr>\n<td style=\"text-align: center;\" width=\"136\">PCB\u00a0Size(mm)<\/td>\n<td style=\"text-align: center;\" width=\"278\">150*150-1200*350<\/td>\n<\/tr>\n<tr>\n<td style=\"text-align: center;\" width=\"136\">Cycle\u00a0Time<\/td>\n<td style=\"text-align: center;\" width=\"278\">About\u00a010s<\/td>\n<\/tr>\n<tr>\n<td style=\"text-align: center;\" width=\"136\">PCB\u00a0Capacity<\/td>\n<td style=\"text-align: center;\" width=\"278\">24\u00a0Pieces\u00a0(25mm\u00a0apart)\u00a0or\u00a0user\u00a0specified.<\/td>\n<\/tr>\n<tr>\n<td style=\"text-align: center;\" width=\"136\">Power\u00a0Supply<\/td>\n<td style=\"text-align: center;\" width=\"278\">AC\u00a01P\u00a0110V\/220V;\u00a0Max\u00a03000VA<\/td>\n<\/tr>\n<tr>\n<td style=\"text-align: center;\" width=\"136\">Air\u00a0Pressure<\/td>\n<td style=\"text-align: center;\" width=\"278\">4-\u00a06bar,30ltr\/min\u00a0Max<\/td>\n<\/tr>\n<tr>\n<td style=\"text-align: center;\" width=\"136\">Transport\u00a0Height<\/td>\n<td style=\"text-align: center;\" width=\"278\">900\u00b120mm(or\u00a0customized)<\/td>\n<\/tr>\n<tr>\n<td style=\"text-align: center;\" width=\"136\">Transport\u00a0Direction<\/td>\n<td style=\"text-align: center;\" width=\"278\">From\u00a0left\u00a0to\u00a0right\u00a0or\u00a0right\u00a0to\u00a0left<\/td>\n<\/tr>\n<tr>\n<td style=\"text-align: center;\" width=\"136\">Weight(KG)<\/td>\n<td style=\"text-align: center;\" width=\"278\">300<\/td>\n<\/tr>\n<\/tbody>\n<\/table>\n<p><a href=\"https:\/\/www.youtube.com\/@allaismt\" rel=\"nofollow noopener\" target=\"_blank\"><u>https:\/\/www.youtube.com\/@allaismt<\/u><\/a><\/p>\n<p>For more information about the <strong>High Quality SMT Large Cooling\u00a0Buffer YCB-350<\/strong>, Vui l\u00f2ng g\u1eedi email \u0111\u1ebfn<\/p>\n<p><a href=\"mailto:sophia@allaismt.com\"><u>sophia@allaismt.com<\/u><\/a><\/p>\n<p>Ch\u00fang t\u00f4i s\u1ebd ph\u1ea3n h\u1ed3i y\u00eau c\u1ea7u c\u1ee7a b\u1ea1n trong th\u1eddi gian s\u1edbm nh\u1ea5t v\u00e0 cung c\u1ea5p cho b\u1ea1n th\u00f4ng tin chi ti\u1ebft v\u1ec1 c\u00e1c s\u1ea3n ph\u1ea9m v\u00e0 d\u1ecbch v\u1ee5 c\u1ee7a ch\u00fang t\u00f4i.<\/p>","protected":false},"excerpt":{"rendered":"<p>S\u1ef1 mi\u00eau t\u1ea3:<strong>Khi c\u00e1c m\u1eabu thi\u1ebft b\u1ecb \u0111eo ph\u00e1t tri\u1ec3n nhanh ch\u00f3ng, d\u00e2y chuy\u1ec1n s\u1ea3n xu\u1ea5t ph\u1ea3i th\u00edch \u1ee9ng hi\u1ec7u qu\u1ea3. YCB-350 h\u1ed7 tr\u1ee3 \u0111i\u1ec1u ch\u1ec9nh \u0111\u1ed9 r\u1ed9ng \u0111\u01b0\u1eddng ray v\u00e0 c\u00e0i \u0111\u1eb7t th\u00f4ng s\u1ed1, cho ph\u00e9p chuy\u1ec3n \u0111\u1ed5i nhanh ch\u00f3ng gi\u1eefa nhi\u1ec1u th\u00f4ng s\u1ed1 k\u1ef9 thu\u1eadt s\u1ea3n ph\u1ea9m.<\/strong> delivers engineered cooling management for precision-driven SMT manufacturing. Positioned after reflow ovens, it introduces a regulated temperature descent that preserves solder integrity and protects thermally sensitive components. The system combines durable conveyor mechanics with optimized heat dissipation pathways to ensure stable and even thermal reduction. Adjustable configuration settings enable flexible adaptation to various PCB specifications, making it suitable for multi-product production lines. By reinforcing thermal stability and line synchronization, YCB-350 contributes to improved yield performance and structured process efficiency.<\/p>\n<p>S\u1ed1 l\u01b0\u1ee3ng \u0111\u1eb7t h\u00e0ng t\u1ed1i thi\u1ec3u: 1 chi\u1ebfc<\/p>\n<p>Th\u1eddi gian giao h\u00e0ng: 15 ng\u00e0y<\/p>","protected":false},"featured_media":24591,"comment_status":"closed","ping_status":"closed","template":"","meta":[],"etheme_brands":[],"product_brand":[],"product_cat":[131,144],"product_tag":[],"class_list":{"0":"post-24588","1":"product","2":"type-product","3":"status-publish","4":"has-post-thumbnail","6":"product_cat-smt-peripheral-equipment","7":"product_cat-pcb-handling-machine","9":"first","10":"instock","11":"shipping-taxable","12":"product-type-simple"},"_links":{"self":[{"href":"https:\/\/esmte.com\/vi\/wp-json\/wp\/v2\/product\/24588","targetHints":{"allow":["GET"]}}],"collection":[{"href":"https:\/\/esmte.com\/vi\/wp-json\/wp\/v2\/product"}],"about":[{"href":"https:\/\/esmte.com\/vi\/wp-json\/wp\/v2\/types\/product"}],"replies":[{"embeddable":true,"href":"https:\/\/esmte.com\/vi\/wp-json\/wp\/v2\/comments?post=24588"}],"version-history":[{"count":1,"href":"https:\/\/esmte.com\/vi\/wp-json\/wp\/v2\/product\/24588\/revisions"}],"predecessor-version":[{"id":24592,"href":"https:\/\/esmte.com\/vi\/wp-json\/wp\/v2\/product\/24588\/revisions\/24592"}],"wp:featuredmedia":[{"embeddable":true,"href":"https:\/\/esmte.com\/vi\/wp-json\/wp\/v2\/media\/24591"}],"wp:attachment":[{"href":"https:\/\/esmte.com\/vi\/wp-json\/wp\/v2\/media?parent=24588"}],"wp:term":[{"taxonomy":"brand","embeddable":true,"href":"https:\/\/esmte.com\/vi\/wp-json\/wp\/v2\/etheme_brands?post=24588"},{"taxonomy":"product_brand","embeddable":true,"href":"https:\/\/esmte.com\/vi\/wp-json\/wp\/v2\/product_brand?post=24588"},{"taxonomy":"product_cat","embeddable":true,"href":"https:\/\/esmte.com\/vi\/wp-json\/wp\/v2\/product_cat?post=24588"},{"taxonomy":"product_tag","embeddable":true,"href":"https:\/\/esmte.com\/vi\/wp-json\/wp\/v2\/product_tag?post=24588"}],"curies":[{"name":"trang web","href":"https:\/\/api.w.org\/{rel}","templated":true}]}}