{"id":24017,"date":"2026-01-16T09:56:17","date_gmt":"2026-01-16T09:56:17","guid":{"rendered":"https:\/\/esmte.com\/?post_type=product&#038;p=24017"},"modified":"2026-01-27T08:22:38","modified_gmt":"2026-01-27T08:22:38","slug":"smt-standard-pcb-filter","status":"publish","type":"product","link":"https:\/\/esmte.com\/vi\/products\/smt-standard-pcb-filter\/","title":{"rendered":"SMT Standard\u00a0PCB Filter"},"content":{"rendered":"<h2>Gi\u1edbi thi\u1ec7u<\/h2>\n<p>C\u00e1i <strong>B\u1eb1ng c\u00e1ch l\u1ecdc ra c\u00e1c PCB l\u1ed7i v\u00e0 duy tr\u00ec d\u00f2ng ch\u1ea3y li\u00ean t\u1ee5c c\u1ee7a c\u00e1c bo m\u1ea1ch t\u1ed1t, B\u1ed9 l\u1ecdc PCB Ti\u00eau chu\u1ea9n SMT gi\u1ea3m thi\u1ec3u c\u00f4ng vi\u1ec7c s\u1eeda ch\u1eefa, t\u1ed1i thi\u1ec3u h\u00f3a th\u1eddi gian ng\u1eebng ho\u1ea1t \u0111\u1ed9ng v\u00e0 \u0111\u1ea3m b\u1ea3o ch\u1ea5t l\u01b0\u1ee3ng \u0111\u1ed3ng nh\u1ea5t tr\u00ean c\u00e1c d\u00e2y chuy\u1ec1n l\u1eafp r\u00e1p \u0111i\u1ec7n tho\u1ea1i th\u00f4ng minh kh\u1ed1i l\u01b0\u1ee3ng l\u1edbn.<\/strong> streamlines the handling of smartphone PCBs by separating good boards from defective ones after AOI inspection. This ensures that functional PCBs continue through the production line without interruption, improving workflow efficiency and minimizing delays.<\/p>\n<p>C\u00e1i <strong>B\u1eb1ng c\u00e1ch l\u1ecdc ra c\u00e1c PCB l\u1ed7i v\u00e0 duy tr\u00ec d\u00f2ng ch\u1ea3y li\u00ean t\u1ee5c c\u1ee7a c\u00e1c bo m\u1ea1ch t\u1ed1t, B\u1ed9 l\u1ecdc PCB Ti\u00eau chu\u1ea9n SMT gi\u1ea3m thi\u1ec3u c\u00f4ng vi\u1ec7c s\u1eeda ch\u1eefa, t\u1ed1i thi\u1ec3u h\u00f3a th\u1eddi gian ng\u1eebng ho\u1ea1t \u0111\u1ed9ng v\u00e0 \u0111\u1ea3m b\u1ea3o ch\u1ea5t l\u01b0\u1ee3ng \u0111\u1ed3ng nh\u1ea5t tr\u00ean c\u00e1c d\u00e2y chuy\u1ec1n l\u1eafp r\u00e1p \u0111i\u1ec7n tho\u1ea1i th\u00f4ng minh kh\u1ed1i l\u01b0\u1ee3ng l\u1edbn.<\/strong> operates in multiple modes, including reject, inspect, and pass-through, making it adaptable to various line requirements. By removing defective boards early, it prevents downstream issues and ensures that only high-quality PCBs proceed to soldering and assembly stages.<\/p>\n<p>Its modular layout and robust construction provide stability during high-speed operations and allow easy adaptation to different line lengths. Multi-zone configurations are available upon request, enabling smartphone factories to optimize production flow. The <strong>B\u1eb1ng c\u00e1ch l\u1ecdc ra c\u00e1c PCB l\u1ed7i v\u00e0 duy tr\u00ec d\u00f2ng ch\u1ea3y li\u00ean t\u1ee5c c\u1ee7a c\u00e1c bo m\u1ea1ch t\u1ed1t, B\u1ed9 l\u1ecdc PCB Ti\u00eau chu\u1ea9n SMT gi\u1ea3m thi\u1ec3u c\u00f4ng vi\u1ec7c s\u1eeda ch\u1eefa, t\u1ed1i thi\u1ec3u h\u00f3a th\u1eddi gian ng\u1eebng ho\u1ea1t \u0111\u1ed9ng v\u00e0 \u0111\u1ea3m b\u1ea3o ch\u1ea5t l\u01b0\u1ee3ng \u0111\u1ed3ng nh\u1ea5t tr\u00ean c\u00e1c d\u00e2y chuy\u1ec1n l\u1eafp r\u00e1p \u0111i\u1ec7n tho\u1ea1i th\u00f4ng minh kh\u1ed1i l\u01b0\u1ee3ng l\u1edbn.<\/strong> enhances line efficiency, reduces rework, and supports consistent product quality across high-volume manufacturing.<\/p>\n<p>&nbsp;<\/p>\n<p>&nbsp;<\/p>\n<p><img loading=\"lazy\" decoding=\"async\" class=\"wp-image-24018  aligncenter\" src=\"https:\/\/esmte.com\/wp-content\/uploads\/2026\/01\/SMT-Standard-PCB-Filter.webp\" alt=\"SMT Standard\u00a0PCB Filter\" width=\"479\" height=\"567\" srcset=\"https:\/\/esmte.com\/wp-content\/uploads\/2026\/01\/SMT-Standard-PCB-Filter.webp 941w, https:\/\/esmte.com\/wp-content\/uploads\/2026\/01\/SMT-Standard-PCB-Filter-253x300.webp 253w, https:\/\/esmte.com\/wp-content\/uploads\/2026\/01\/SMT-Standard-PCB-Filter-865x1024.webp 865w, https:\/\/esmte.com\/wp-content\/uploads\/2026\/01\/SMT-Standard-PCB-Filter-768x909.webp 768w, https:\/\/esmte.com\/wp-content\/uploads\/2026\/01\/SMT-Standard-PCB-Filter-10x12.webp 10w, https:\/\/esmte.com\/wp-content\/uploads\/2026\/01\/SMT-Standard-PCB-Filter-600x710.webp 600w, https:\/\/esmte.com\/wp-content\/uploads\/2026\/01\/SMT-Standard-PCB-Filter-8x10.webp 8w\" sizes=\"auto, (max-width: 479px) 100vw, 479px\" \/><\/p>\n<h2>How the SMT Standard PCB Filter is Applied in Smartphone Electronic Factories<\/h2>\n<ul>\n<li data-start=\"186\" data-end=\"456\">\n<p data-start=\"189\" data-end=\"456\"><strong data-start=\"189\" data-end=\"232\">Separation of Good and Defective Boards<\/strong><br data-start=\"232\" data-end=\"235\" \/>The SMT Standard PCB Filter allows clear separation of functional and non-functional smartphone PCBs after AOI inspection. Good boards continue along the production line without interruptions, improving line efficiency.<\/p>\n<\/li>\n<li data-start=\"458\" data-end=\"676\">\n<p data-start=\"461\" data-end=\"676\"><strong data-start=\"461\" data-end=\"491\">Flexible Operational Modes<\/strong><br data-start=\"491\" data-end=\"494\" \/>Supports multiple modes including reject, inspect, and pass-through, enabling factories to adapt quickly to different production requirements while maintaining consistent workflow.<\/p>\n<\/li>\n<li data-start=\"678\" data-end=\"924\">\n<p data-start=\"681\" data-end=\"924\"><strong data-start=\"681\" data-end=\"717\">Integration with AOI and Testing<\/strong><br data-start=\"717\" data-end=\"720\" \/>Works seamlessly with AOI systems and testing stations, ensuring that defective boards are removed before further processing. This reduces the risk of downstream errors and enhances product reliability.<\/p>\n<\/li>\n<li data-start=\"926\" data-end=\"1161\">\n<p data-start=\"929\" data-end=\"1161\"><strong data-start=\"929\" data-end=\"964\">Stable and Modular Construction<\/strong><br data-start=\"964\" data-end=\"967\" \/>The filter features a modular layout that allows easy configuration for varying line lengths. Its sturdy structure enhances stability during high-speed PCB transfer, ensuring smooth operation.<\/p>\n<\/li>\n<li data-start=\"1163\" data-end=\"1370\">\n<p data-start=\"1166\" data-end=\"1370\"><strong data-start=\"1166\" data-end=\"1200\">Customizable Lengths and Zones<\/strong><br data-start=\"1200\" data-end=\"1203\" \/>Available in multiple lengths and multi-zone setups upon request, allowing smartphone factories to tailor the system to specific production line layouts and volumes.<\/p>\n<\/li>\n<li data-start=\"1372\" data-end=\"1646\">\n<p data-start=\"1375\" data-end=\"1646\"><strong data-start=\"1375\" data-end=\"1421\">Enhances Production Efficiency and Quality<\/strong><br data-start=\"1421\" data-end=\"1424\" \/>By filtering out defective PCBs and maintaining continuous flow of good boards, the SMT Standard PCB Filter reduces rework, minimizes downtime, and ensures consistent quality across high-volume smartphone assembly lines.<\/p>\n<\/li>\n<\/ul>\n<p>&nbsp;<\/p>\n<h2><\/h2>\n<h2><img loading=\"lazy\" decoding=\"async\" class=\"wp-image-24019 aligncenter\" src=\"https:\/\/esmte.com\/wp-content\/uploads\/2026\/01\/Picture-14.webp\" alt=\"SMT Standard\u00a0PCB Filter\" width=\"479\" height=\"507\" srcset=\"https:\/\/esmte.com\/wp-content\/uploads\/2026\/01\/Picture-14.webp 995w, https:\/\/esmte.com\/wp-content\/uploads\/2026\/01\/Picture-14-283x300.webp 283w, https:\/\/esmte.com\/wp-content\/uploads\/2026\/01\/Picture-14-968x1024.webp 968w, https:\/\/esmte.com\/wp-content\/uploads\/2026\/01\/Picture-14-768x813.webp 768w, https:\/\/esmte.com\/wp-content\/uploads\/2026\/01\/Picture-14-11x12.webp 11w, https:\/\/esmte.com\/wp-content\/uploads\/2026\/01\/Picture-14-600x635.webp 600w, https:\/\/esmte.com\/wp-content\/uploads\/2026\/01\/Picture-14-4x3.webp 4w, https:\/\/esmte.com\/wp-content\/uploads\/2026\/01\/Picture-14-10x10.webp 10w\" sizes=\"auto, (max-width: 479px) 100vw, 479px\" \/><\/h2>\n<p>&nbsp;<\/p>\n<h2>Th\u00f4ng s\u1ed1 k\u1ef9 thu\u1eadt<\/h2>\n<table style=\"height: 274px;\" width=\"1284\">\n<tbody>\n<tr>\n<td style=\"text-align: center;\" width=\"210\">Ng\u01b0\u1eddi m\u1eabu<\/td>\n<td style=\"text-align: center;\" width=\"140\">YF-500<\/td>\n<td style=\"text-align: center;\" width=\"140\">YF-600<\/td>\n<td style=\"text-align: center;\" width=\"139\">YF-800<\/td>\n<td style=\"text-align: center;\" width=\"140\">YF-1000<\/td>\n<\/tr>\n<tr>\n<td style=\"text-align: center;\" width=\"210\">K\u00edch th\u01b0\u1edbc (mm)<\/td>\n<td style=\"text-align: center;\" width=\"140\">500*793*900<\/td>\n<td style=\"text-align: center;\" width=\"140\">600*793*900<\/td>\n<td style=\"text-align: center;\" width=\"139\">800*793*900<\/td>\n<td style=\"text-align: center;\" width=\"140\">1000*793*900<\/td>\n<\/tr>\n<tr>\n<td style=\"text-align: center;\" width=\"210\">PCB\u00a0Size(mm)<\/td>\n<td style=\"text-align: center;\" width=\"140\">50*50-460*460<\/td>\n<td style=\"text-align: center;\" width=\"140\">50*50-460*460<\/td>\n<td style=\"text-align: center;\" width=\"139\">50*50-530*460<\/td>\n<td style=\"text-align: center;\" width=\"140\">50*50-530*460<\/td>\n<\/tr>\n<tr>\n<td style=\"text-align: center;\" width=\"210\">Belt\u00a0Type<\/td>\n<td style=\"text-align: center;\" colspan=\"4\" width=\"559\">Antistatic\u00a0Oblate\u00a0Belt<\/td>\n<\/tr>\n<tr>\n<td style=\"text-align: center;\" width=\"210\">Conveying\u00a0Speed<\/td>\n<td style=\"text-align: center;\" colspan=\"4\" width=\"559\">0.5-20M\/min\u00a0or\u00a0customer\u00a0specified<\/td>\n<\/tr>\n<tr>\n<td style=\"text-align: center;\" width=\"210\">Power\u00a0Supply<\/td>\n<td style=\"text-align: center;\" colspan=\"4\" width=\"559\">AC\u00a01P\u00a0110V\/220V;\u00a0Max\u00a0100VA<\/td>\n<\/tr>\n<tr>\n<td style=\"text-align: center;\" width=\"210\">Storage\u00a0Plate\u00a0Number&amp;Distance<\/td>\n<td style=\"text-align: center;\" colspan=\"4\" width=\"559\">8pcs(or\u00a0specify);20mm(or\u00a0specify)<\/td>\n<\/tr>\n<tr>\n<td style=\"text-align: center;\" width=\"210\">Transport\u00a0Height<\/td>\n<td style=\"text-align: center;\" colspan=\"4\" width=\"559\">900\u00b120mm(or\u00a0customized)<\/td>\n<\/tr>\n<tr>\n<td style=\"text-align: center;\" width=\"210\">Transport\u00a0Direction<\/td>\n<td style=\"text-align: center;\" colspan=\"4\" width=\"559\">From\u00a0left\u00a0to\u00a0right\u00a0or\u00a0right\u00a0to\u00a0left<\/td>\n<\/tr>\n<tr>\n<td style=\"text-align: center;\" width=\"210\">Weight(KG)<\/td>\n<td style=\"text-align: center;\" width=\"140\">70<\/td>\n<td style=\"text-align: center;\" width=\"140\">80<\/td>\n<td style=\"text-align: center;\" width=\"139\">95<\/td>\n<td style=\"text-align: center;\" width=\"140\">105<\/td>\n<\/tr>\n<\/tbody>\n<\/table>\n<p><a href=\"https:\/\/www.youtube.com\/@allaismt\" rel=\"nofollow noopener\" target=\"_blank\"><u>https:\/\/www.youtube.com\/@allaismt<\/u><\/a><\/p>\n<p>For more information about the <strong>SMT Standard\u00a0PCB Filter<\/strong>, Vui l\u00f2ng g\u1eedi email \u0111\u1ebfn<\/p>\n<p><a href=\"mailto:sophia@allaismt.com\"><u>sophia@allaismt.com<\/u><\/a><\/p>\n<p>Ch\u00fang t\u00f4i s\u1ebd ph\u1ea3n h\u1ed3i y\u00eau c\u1ea7u c\u1ee7a b\u1ea1n trong th\u1eddi gian s\u1edbm nh\u1ea5t v\u00e0 cung c\u1ea5p cho b\u1ea1n th\u00f4ng tin chi ti\u1ebft v\u1ec1 c\u00e1c s\u1ea3n ph\u1ea9m v\u00e0 d\u1ecbch v\u1ee5 c\u1ee7a ch\u00fang t\u00f4i.<\/p>","protected":false},"excerpt":{"rendered":"<p>M\u00f4 t\u1ea3: C\u00e1i <strong data-start=\"127\" data-end=\"154\">B\u1eb1ng c\u00e1ch l\u1ecdc ra c\u00e1c PCB l\u1ed7i v\u00e0 duy tr\u00ec d\u00f2ng ch\u1ea3y li\u00ean t\u1ee5c c\u1ee7a c\u00e1c bo m\u1ea1ch t\u1ed1t, B\u1ed9 l\u1ecdc PCB Ti\u00eau chu\u1ea9n SMT gi\u1ea3m thi\u1ec3u c\u00f4ng vi\u1ec7c s\u1eeda ch\u1eefa, t\u1ed1i thi\u1ec3u h\u00f3a th\u1eddi gian ng\u1eebng ho\u1ea1t \u0111\u1ed9ng v\u00e0 \u0111\u1ea3m b\u1ea3o ch\u1ea5t l\u01b0\u1ee3ng \u0111\u1ed3ng nh\u1ea5t tr\u00ean c\u00e1c d\u00e2y chuy\u1ec1n l\u1eafp r\u00e1p \u0111i\u1ec7n tho\u1ea1i th\u00f4ng minh kh\u1ed1i l\u01b0\u1ee3ng l\u1edbn.<\/strong> ensures efficient separation of good and defective smartphone PCBs after AOI inspection. It supports multiple operational modes, including reject, inspect, and pass-through, allowing uninterrupted production of functional boards. With a modular and stable structure, it integrates seamlessly into high-speed SMT lines. Available in various lengths and customizable multi-zone configurations, the filter enhances production efficiency, reduces rework, and maintains consistent product quality in modern smartphone manufacturing factories.<\/p>\n<p>S\u1ed1 l\u01b0\u1ee3ng \u0111\u1eb7t h\u00e0ng t\u1ed1i thi\u1ec3u: 1 chi\u1ebfc<\/p>\n<p>Th\u1eddi gian giao h\u00e0ng: 15 ng\u00e0y<\/p>","protected":false},"featured_media":24020,"comment_status":"closed","ping_status":"closed","template":"","meta":[],"etheme_brands":[],"product_brand":[],"product_cat":[144,131],"product_tag":[],"class_list":{"0":"post-24017","1":"product","2":"type-product","3":"status-publish","4":"has-post-thumbnail","6":"product_cat-pcb-handling-machine","7":"product_cat-smt-peripheral-equipment","9":"first","10":"instock","11":"shipping-taxable","12":"product-type-simple"},"_links":{"self":[{"href":"https:\/\/esmte.com\/vi\/wp-json\/wp\/v2\/product\/24017","targetHints":{"allow":["GET"]}}],"collection":[{"href":"https:\/\/esmte.com\/vi\/wp-json\/wp\/v2\/product"}],"about":[{"href":"https:\/\/esmte.com\/vi\/wp-json\/wp\/v2\/types\/product"}],"replies":[{"embeddable":true,"href":"https:\/\/esmte.com\/vi\/wp-json\/wp\/v2\/comments?post=24017"}],"version-history":[{"count":1,"href":"https:\/\/esmte.com\/vi\/wp-json\/wp\/v2\/product\/24017\/revisions"}],"predecessor-version":[{"id":24021,"href":"https:\/\/esmte.com\/vi\/wp-json\/wp\/v2\/product\/24017\/revisions\/24021"}],"wp:featuredmedia":[{"embeddable":true,"href":"https:\/\/esmte.com\/vi\/wp-json\/wp\/v2\/media\/24020"}],"wp:attachment":[{"href":"https:\/\/esmte.com\/vi\/wp-json\/wp\/v2\/media?parent=24017"}],"wp:term":[{"taxonomy":"brand","embeddable":true,"href":"https:\/\/esmte.com\/vi\/wp-json\/wp\/v2\/etheme_brands?post=24017"},{"taxonomy":"product_brand","embeddable":true,"href":"https:\/\/esmte.com\/vi\/wp-json\/wp\/v2\/product_brand?post=24017"},{"taxonomy":"product_cat","embeddable":true,"href":"https:\/\/esmte.com\/vi\/wp-json\/wp\/v2\/product_cat?post=24017"},{"taxonomy":"product_tag","embeddable":true,"href":"https:\/\/esmte.com\/vi\/wp-json\/wp\/v2\/product_tag?post=24017"}],"curies":[{"name":"trang web","href":"https:\/\/api.w.org\/{rel}","templated":true}]}}