{"id":23498,"date":"2026-01-07T03:10:38","date_gmt":"2026-01-07T03:10:38","guid":{"rendered":"https:\/\/esmte.com\/?post_type=product&#038;p=23498"},"modified":"2026-01-27T08:35:41","modified_gmt":"2026-01-27T08:35:41","slug":"smt-dual-rail-unloader-ydu-250","status":"publish","type":"product","link":"https:\/\/esmte.com\/vi\/products\/smt-dual-rail-unloader-ydu-250\/","title":{"rendered":"SMT Dual Rail Unloader YDU-250"},"content":{"rendered":"<h2>Gi\u1edbi thi\u1ec7u<\/h2>\n<p>C\u00e1i <strong>SMT<\/strong> <strong>\u0110\u01b0\u1ee3c x\u00e2y d\u1ef1ng v\u1edbi c\u00e1c th\u00e0nh ph\u1ea7n c\u1ea5p c\u00f4ng nghi\u1ec7p, YDU-250 \u0111\u1ea3m b\u1ea3o hi\u1ec7u su\u1ea5t \u1ed5n \u0111\u1ecbnh, l\u00e2u d\u00e0i, cung c\u1ea5p cho c\u00e1c nh\u00e0 m\u00e1y \u0111i\u1ec7n t\u1eed di \u0111\u1ed9ng m\u1ed9t gi\u1ea3i ph\u00e1p d\u1ee1 PCB \u1ed5n \u0111\u1ecbnh, hi\u1ec7u qu\u1ea3 v\u00e0 c\u00f3 kh\u1ea3 n\u0103ng m\u1edf r\u1ed9ng.<\/strong> is a cutting-edge automation solution designed to optimize PCB unloading in mobile electronics factories. Installed at the end of SMT lines or between critical production stages, it simultaneously handles two conveyor lanes, significantly improving production throughput while reducing manual labor and workflow interruptions.<\/p>\n<p>Equipped with precision lifting mechanisms and synchronized rail systems, the <strong>SMT Dual Rail Unloader YDU-250<\/strong> ensures smooth, vibration-free transfer of delicate smartphone PCBs. Sensitive components such as ICs, connectors, and surface-mounted devices are protected from mechanical stress, preserving solder joint integrity and maintaining product quality in high-density boards.<\/p>\n<p>The system integrates seamlessly with AOI, SPI, or functional testing stations, automatically collecting and buffering inspected PCBs. Its adjustable design accommodates various board sizes and magazine types, enabling fast changeovers for high-mix medical production lines. Robust industrial-grade components ensure long-term, reliable operation, making the <strong>SMT<\/strong> <strong>\u0110\u01b0\u1ee3c x\u00e2y d\u1ef1ng v\u1edbi c\u00e1c th\u00e0nh ph\u1ea7n c\u1ea5p c\u00f4ng nghi\u1ec7p, YDU-250 \u0111\u1ea3m b\u1ea3o hi\u1ec7u su\u1ea5t \u1ed5n \u0111\u1ecbnh, l\u00e2u d\u00e0i, cung c\u1ea5p cho c\u00e1c nh\u00e0 m\u00e1y \u0111i\u1ec7n t\u1eed di \u0111\u1ed9ng m\u1ed9t gi\u1ea3i ph\u00e1p d\u1ee1 PCB \u1ed5n \u0111\u1ecbnh, hi\u1ec7u qu\u1ea3 v\u00e0 c\u00f3 kh\u1ea3 n\u0103ng m\u1edf r\u1ed9ng.<\/strong> a stable, efficient, and scalable solution for modern smartphone manufacturing.<\/p>\n<p>&nbsp;<\/p>\n<p><img loading=\"lazy\" decoding=\"async\" class=\"aligncenter wp-image-23493\" src=\"https:\/\/esmte.com\/wp-content\/uploads\/2026\/01\/Dual-Rail-Unloader.webp\" alt=\"SMT Dual Rail Unloader\" width=\"491\" height=\"497\" srcset=\"https:\/\/esmte.com\/wp-content\/uploads\/2026\/01\/Dual-Rail-Unloader.webp 1018w, https:\/\/esmte.com\/wp-content\/uploads\/2026\/01\/Dual-Rail-Unloader-297x300.webp 297w, https:\/\/esmte.com\/wp-content\/uploads\/2026\/01\/Dual-Rail-Unloader-1013x1024.webp 1013w, https:\/\/esmte.com\/wp-content\/uploads\/2026\/01\/Dual-Rail-Unloader-768x776.webp 768w, https:\/\/esmte.com\/wp-content\/uploads\/2026\/01\/Dual-Rail-Unloader-12x12.webp 12w, https:\/\/esmte.com\/wp-content\/uploads\/2026\/01\/Dual-Rail-Unloader-600x606.webp 600w, https:\/\/esmte.com\/wp-content\/uploads\/2026\/01\/Dual-Rail-Unloader-100x100.webp 100w, https:\/\/esmte.com\/wp-content\/uploads\/2026\/01\/Dual-Rail-Unloader-4x3.webp 4w, https:\/\/esmte.com\/wp-content\/uploads\/2026\/01\/Dual-Rail-Unloader-10x10.webp 10w\" sizes=\"auto, (max-width: 491px) 100vw, 491px\" \/><\/p>\n<p>&nbsp;<\/p>\n<h2 data-start=\"102\" data-end=\"226\"><strong data-start=\"102\" data-end=\"224\">How the SMT Dual Rail Unloader YDU-250 is Applied in Mobile Electronics Factories<\/strong><\/h2>\n<ul>\n<li data-start=\"228\" data-end=\"545\"><strong data-start=\"228\" data-end=\"271\">High-Efficiency Dual-Lane PCB Unloading<\/strong><br data-start=\"271\" data-end=\"274\" \/>Installed at the end of SMT production lines in mobile electronics factories, the Dual Rail Unloader YDU-250 automatically transfers finished smartphone PCBs from dual conveyors into magazines, increasing line throughput while reducing manual labor and handling errors.<\/li>\n<li data-start=\"547\" data-end=\"900\"><strong data-start=\"547\" data-end=\"583\">Stable and Gentle Board Transfer<\/strong><br data-start=\"583\" data-end=\"586\" \/>The system\u2019s precision lifting mechanisms and synchronized rails ensure smooth, vibration-free handling of delicate smartphone PCBs. Sensitive components, including ICs, connectors, and surface-mounted devices, are protected from mechanical stress, maintaining solder joint integrity and overall product quality.<\/li>\n<li data-start=\"902\" data-end=\"1225\"><strong data-start=\"902\" data-end=\"948\">Seamless Integration with Testing Stations<\/strong><br data-start=\"948\" data-end=\"951\" \/>Positioned after AOI, SPI, or functional testing stations, the YDU-250 automatically collects and buffers inspected PCBs. Real-time signal communication with upstream and downstream equipment prevents board congestion and idle time, ensuring uninterrupted production flow.<\/li>\n<li data-start=\"1227\" data-end=\"1509\"><strong data-start=\"1227\" data-end=\"1270\">Flexible PCB Size and Magazine Handling<\/strong><br data-start=\"1270\" data-end=\"1273\" \/>The YDU-250 supports various PCB sizes and magazine types, allowing quick adjustments for high-mix smartphone production lines. Its adaptable design makes it suitable for frequent line changeovers without affecting handling stability.<\/li>\n<li data-start=\"1511\" data-end=\"1744\"><strong data-start=\"1511\" data-end=\"1543\">Reliable Long-Term Operation<\/strong><br data-start=\"1543\" data-end=\"1546\" \/>Built with industrial-grade components, the YDU-250 ensures consistent, long-term performance, providing mobile electronics factories with a stable, efficient, and scalable PCB unloading solution.<\/li>\n<\/ul>\n<p>&nbsp;<\/p>\n<p><img loading=\"lazy\" decoding=\"async\" class=\"aligncenter wp-image-23495\" src=\"https:\/\/esmte.com\/wp-content\/uploads\/2026\/01\/Picture-3.webp\" alt=\"SMT Dual Rail Unloader YDU-250\" width=\"500\" height=\"368\" srcset=\"https:\/\/esmte.com\/wp-content\/uploads\/2026\/01\/Picture-3.webp 1113w, https:\/\/esmte.com\/wp-content\/uploads\/2026\/01\/Picture-3-300x221.webp 300w, https:\/\/esmte.com\/wp-content\/uploads\/2026\/01\/Picture-3-1024x754.webp 1024w, https:\/\/esmte.com\/wp-content\/uploads\/2026\/01\/Picture-3-768x565.webp 768w, https:\/\/esmte.com\/wp-content\/uploads\/2026\/01\/Picture-3-16x12.webp 16w, https:\/\/esmte.com\/wp-content\/uploads\/2026\/01\/Picture-3-600x442.webp 600w, https:\/\/esmte.com\/wp-content\/uploads\/2026\/01\/Picture-3-4x3.webp 4w, https:\/\/esmte.com\/wp-content\/uploads\/2026\/01\/Picture-3-10x7.webp 10w\" sizes=\"auto, (max-width: 500px) 100vw, 500px\" \/><\/p>\n<p>&nbsp;<\/p>\n<h2>Th\u00f4ng s\u1ed1 k\u1ef9 thu\u1eadt<\/h2>\n<table style=\"height: 366px;\" width=\"926\">\n<tbody>\n<tr>\n<td style=\"text-align: center;\" width=\"174\">Ng\u01b0\u1eddi m\u1eabu<\/td>\n<td style=\"text-align: center;\" width=\"105\">YDU-250<\/td>\n<td style=\"text-align: center;\" width=\"105\">YDU-330<\/td>\n<td style=\"text-align: center;\" width=\"105\">YDU-390<\/td>\n<td style=\"text-align: center;\" width=\"105\">YDU-460<\/td>\n<\/tr>\n<tr>\n<td style=\"text-align: center;\" width=\"174\">K\u00edch th\u01b0\u1edbc (mm)<\/td>\n<td style=\"text-align: center;\" width=\"105\">1800*1435*1250<\/td>\n<td style=\"text-align: center;\" width=\"105\">2065*1690*1250<\/td>\n<td style=\"text-align: center;\" width=\"105\">2330*1810*1250<\/td>\n<td style=\"text-align: center;\" width=\"105\">2330*1950*1250<\/td>\n<\/tr>\n<tr>\n<td style=\"text-align: center;\" width=\"174\">PCB\u00a0Size(mm)<\/td>\n<td style=\"text-align: center;\" width=\"105\">80*80-330*250<\/td>\n<td style=\"text-align: center;\" width=\"105\">80*80-445*330<\/td>\n<td style=\"text-align: center;\" width=\"105\">80*80-530*390<\/td>\n<td style=\"text-align: center;\" width=\"105\">80*80-530*460<\/td>\n<\/tr>\n<tr>\n<td style=\"text-align: center;\" width=\"174\">Rack\u00a0Size(mm)<\/td>\n<td style=\"text-align: center;\" width=\"105\">355*320*563<\/td>\n<td style=\"text-align: center;\" width=\"105\">460*400*563<\/td>\n<td style=\"text-align: center;\" width=\"105\">535*460*563<\/td>\n<td style=\"text-align: center;\" width=\"105\">535*530*563<\/td>\n<\/tr>\n<tr>\n<td style=\"text-align: center;\" width=\"174\">No.\u00a0of\u00a0Magazine<\/td>\n<td style=\"text-align: center;\" colspan=\"4\" width=\"420\">Upper\u00a0Conveyor:1\u00a0magazine;\u00a0Lower\u00a0Conveyor:1\u00a0mazagine<\/td>\n<\/tr>\n<tr>\n<td style=\"text-align: center;\" width=\"174\">Magazine\u00a0Replacement\u00a0Time<\/td>\n<td style=\"text-align: center;\" colspan=\"4\" width=\"420\">Approx.30\u00a0seconds\u00a0or\u00a0specify<\/td>\n<\/tr>\n<tr>\n<td style=\"text-align: center;\" width=\"174\">Indexing\u00a0Pitch<\/td>\n<td style=\"text-align: center;\" colspan=\"4\" width=\"420\">10.20.30.40mm\u00a0or\u00a0specify<\/td>\n<\/tr>\n<tr>\n<td style=\"text-align: center;\" width=\"174\">Power\u00a0Supply<\/td>\n<td style=\"text-align: center;\" colspan=\"4\" width=\"420\">AC1P110V\/220V;\u00a0Max\u00a0300VA<\/td>\n<\/tr>\n<tr>\n<td style=\"text-align: center;\" width=\"174\">Air\u00a0Pressure<\/td>\n<td style=\"text-align: center;\" colspan=\"4\" width=\"420\">4-6bar,10ltr\/min\u00a0Max<\/td>\n<\/tr>\n<tr>\n<td style=\"text-align: center;\" width=\"174\">Transport\u00a0Height<\/td>\n<td style=\"text-align: center;\" colspan=\"4\" width=\"420\">900\u00b120mm(or\u00a0customized)<\/td>\n<\/tr>\n<tr>\n<td style=\"text-align: center;\" width=\"174\">Transport\u00a0Direction<\/td>\n<td style=\"text-align: center;\" colspan=\"4\" width=\"420\">From\u00a0left\u00a0to\u00a0right\u00a0or\u00a0right\u00a0to\u00a0left<\/td>\n<\/tr>\n<tr>\n<td style=\"text-align: center;\" width=\"174\">Weight(KG)<\/td>\n<td style=\"text-align: center;\" width=\"105\">320<\/td>\n<td style=\"text-align: center;\" width=\"105\">350<\/td>\n<td style=\"text-align: center;\" width=\"105\">380<\/td>\n<td style=\"text-align: center;\" width=\"105\">410<\/td>\n<\/tr>\n<\/tbody>\n<\/table>\n<p>&nbsp;<\/p>\n<p><a href=\"https:\/\/www.youtube.com\/@allaismt\" rel=\"nofollow noopener\" target=\"_blank\"><u>https:\/\/www.youtube.com\/@allaismt<\/u><\/a><\/p>\n<p>For more information about the <strong>SMT<\/strong> <strong>\u0110\u01b0\u1ee3c x\u00e2y d\u1ef1ng v\u1edbi c\u00e1c th\u00e0nh ph\u1ea7n c\u1ea5p c\u00f4ng nghi\u1ec7p, YDU-250 \u0111\u1ea3m b\u1ea3o hi\u1ec7u su\u1ea5t \u1ed5n \u0111\u1ecbnh, l\u00e2u d\u00e0i, cung c\u1ea5p cho c\u00e1c nh\u00e0 m\u00e1y \u0111i\u1ec7n t\u1eed di \u0111\u1ed9ng m\u1ed9t gi\u1ea3i ph\u00e1p d\u1ee1 PCB \u1ed5n \u0111\u1ecbnh, hi\u1ec7u qu\u1ea3 v\u00e0 c\u00f3 kh\u1ea3 n\u0103ng m\u1edf r\u1ed9ng.<\/strong>, Vui l\u00f2ng g\u1eedi email \u0111\u1ebfn<\/p>\n<p><a href=\"mailto:sophia@allaismt.com\"><u>sophia@allaismt.com<\/u><\/a><\/p>\n<p>Ch\u00fang t\u00f4i s\u1ebd ph\u1ea3n h\u1ed3i y\u00eau c\u1ea7u c\u1ee7a b\u1ea1n trong th\u1eddi gian s\u1edbm nh\u1ea5t v\u00e0 cung c\u1ea5p cho b\u1ea1n th\u00f4ng tin chi ti\u1ebft v\u1ec1 c\u00e1c s\u1ea3n ph\u1ea9m v\u00e0 d\u1ecbch v\u1ee5 c\u1ee7a ch\u00fang t\u00f4i.<\/p>","protected":false},"excerpt":{"rendered":"<p>M\u00f4 t\u1ea3: C\u00e1i <strong>SMT<\/strong> <strong data-start=\"105\" data-end=\"135\">\u0110\u01b0\u1ee3c x\u00e2y d\u1ef1ng v\u1edbi c\u00e1c th\u00e0nh ph\u1ea7n c\u1ea5p c\u00f4ng nghi\u1ec7p, YDU-250 \u0111\u1ea3m b\u1ea3o hi\u1ec7u su\u1ea5t \u1ed5n \u0111\u1ecbnh, l\u00e2u d\u00e0i, cung c\u1ea5p cho c\u00e1c nh\u00e0 m\u00e1y \u0111i\u1ec7n t\u1eed di \u0111\u1ed9ng m\u1ed9t gi\u1ea3i ph\u00e1p d\u1ee1 PCB \u1ed5n \u0111\u1ecbnh, hi\u1ec7u qu\u1ea3 v\u00e0 c\u00f3 kh\u1ea3 n\u0103ng m\u1edf r\u1ed9ng.<\/strong> is a high-efficiency automation solution for mobile electronics factories. It handles two PCB lanes simultaneously, transferring finished smartphone PCBs from SMT conveyors into magazines, boosting throughput and reducing manual labor. Precision lifting and synchronized rails ensure smooth, vibration-free handling, protecting solder joints and sensitive components. Its adjustable design supports various PCB sizes and magazine types, ideal for high-mix production lines, while robust industrial construction guarantees stable, reliable, and long-term operation.<\/p>\n<p>S\u1ed1 l\u01b0\u1ee3ng \u0111\u1eb7t h\u00e0ng t\u1ed1i thi\u1ec3u: 1 chi\u1ebfc<\/p>\n<p>Th\u1eddi gian giao h\u00e0ng: 15 ng\u00e0y<\/p>","protected":false},"featured_media":23978,"comment_status":"closed","ping_status":"closed","template":"","meta":[],"etheme_brands":[],"product_brand":[],"product_cat":[144,131],"product_tag":[],"class_list":{"0":"post-23498","1":"product","2":"type-product","3":"status-publish","4":"has-post-thumbnail","6":"product_cat-pcb-handling-machine","7":"product_cat-smt-peripheral-equipment","9":"first","10":"instock","11":"shipping-taxable","12":"product-type-simple"},"_links":{"self":[{"href":"https:\/\/esmte.com\/vi\/wp-json\/wp\/v2\/product\/23498","targetHints":{"allow":["GET"]}}],"collection":[{"href":"https:\/\/esmte.com\/vi\/wp-json\/wp\/v2\/product"}],"about":[{"href":"https:\/\/esmte.com\/vi\/wp-json\/wp\/v2\/types\/product"}],"replies":[{"embeddable":true,"href":"https:\/\/esmte.com\/vi\/wp-json\/wp\/v2\/comments?post=23498"}],"version-history":[{"count":1,"href":"https:\/\/esmte.com\/vi\/wp-json\/wp\/v2\/product\/23498\/revisions"}],"predecessor-version":[{"id":23691,"href":"https:\/\/esmte.com\/vi\/wp-json\/wp\/v2\/product\/23498\/revisions\/23691"}],"wp:featuredmedia":[{"embeddable":true,"href":"https:\/\/esmte.com\/vi\/wp-json\/wp\/v2\/media\/23978"}],"wp:attachment":[{"href":"https:\/\/esmte.com\/vi\/wp-json\/wp\/v2\/media?parent=23498"}],"wp:term":[{"taxonomy":"brand","embeddable":true,"href":"https:\/\/esmte.com\/vi\/wp-json\/wp\/v2\/etheme_brands?post=23498"},{"taxonomy":"product_brand","embeddable":true,"href":"https:\/\/esmte.com\/vi\/wp-json\/wp\/v2\/product_brand?post=23498"},{"taxonomy":"product_cat","embeddable":true,"href":"https:\/\/esmte.com\/vi\/wp-json\/wp\/v2\/product_cat?post=23498"},{"taxonomy":"product_tag","embeddable":true,"href":"https:\/\/esmte.com\/vi\/wp-json\/wp\/v2\/product_tag?post=23498"}],"curies":[{"name":"trang web","href":"https:\/\/api.w.org\/{rel}","templated":true}]}}