{"id":23263,"date":"2025-12-19T04:08:26","date_gmt":"2025-12-19T04:08:26","guid":{"rendered":"https:\/\/esmte.com\/?post_type=product&#038;p=23263"},"modified":"2025-12-19T10:09:47","modified_gmt":"2025-12-19T10:09:47","slug":"tht-radial-insertion-machine-yrm-1500","status":"publish","type":"product","link":"https:\/\/esmte.com\/vi\/products\/tht-radial-insertion-machine-yrm-1500\/","title":{"rendered":"B\u1ed9 n\u1ea1p k\u1ebft h\u1ee3p T\u1ea1p ch\u00ed &amp; Ch\u00e2n kh\u00f4ng\u00a0 \u00a0 \u00a0 \u00a0 \u00a0 \u00a0 \u00a0 \u00a0 \u00a0 \u00a0 \u00a0 \u00a0 \u00a0 \u00a0 \u00a0 \u00a0 \u00a0 \u00a0 \u00a0 \u00a0 \u00a0 \u00a0 \u00a0 \u00a0 \u00a0 \u00a0 \u00a0 \u00a0 \u00a0 \u00a0M\u00e1y ch\u00e8n h\u01b0\u1edbng t\u00e2m\u00a0 \u00a0 \u00a0 \u00a0 \u00a0 \u00a0 \u00a0 \u00a0 \u00a0 \u00a0 \u00a0 \u00a0 \u00a0 \u00a0 \u00a0 \u00a0 \u00a0 \u00a0 \u00a0 \u00a0 \u00a0 \u00a0 \u00a0 \u00a0 \u00a0 \u00a0 \u00a0 \u00a0 \u00a0 \u00a0 \u00a0 \u00a0 \u00a0 \u00a0 \u00a0B\u1ed9 d\u1ee1 t\u1ea1p ch\u00ed"},"content":{"rendered":"<h2 data-rm-block-id=\"block-1\">Gi\u1edbi thi\u1ec7u<\/h2>\n<p data-start=\"155\" data-end=\"466\" data-rm-block-id=\"block-2\">Boost your PCB assembly line efficiency with the <strong>B\u1ed9 n\u1ea1p k\u1ebft h\u1ee3p T\u1ea1p ch\u00ed &amp; Ch\u00e2n kh\u00f4ng\u00a0 \u00a0 \u00a0 \u00a0 \u00a0 \u00a0 \u00a0 \u00a0 \u00a0 \u00a0 \u00a0 \u00a0 \u00a0 \u00a0 \u00a0 \u00a0 \u00a0 \u00a0 \u00a0 \u00a0 \u00a0 \u00a0 \u00a0 \u00a0 \u00a0 \u00a0 \u00a0 \u00a0 \u00a0 \u00a0M\u00e1y ch\u00e8n h\u01b0\u1edbng t\u00e2m\u00a0 \u00a0 \u00a0 \u00a0 \u00a0 \u00a0 \u00a0 \u00a0 \u00a0 \u00a0 \u00a0 \u00a0 \u00a0 \u00a0 \u00a0 \u00a0 \u00a0 \u00a0 \u00a0 \u00a0 \u00a0 \u00a0 \u00a0 \u00a0 \u00a0 \u00a0 \u00a0 \u00a0 \u00a0 \u00a0 \u00a0 \u00a0 \u00a0 \u00a0 \u00a0B\u1ed9 d\u1ee1 t\u1ea1p ch\u00ed<\/strong>, a high-performance radial insertion machine designed for industrial electronics factories. Its servo-driven actuation and vision-guided alignment deliver flawless radial component placement while protecting sensitive parts from mechanical stress.<\/p>\n<p data-start=\"468\" data-end=\"748\" data-rm-block-id=\"block-3\">Achieve unparalleled flexibility in production with modular tooling and programmable insertion sequences. The <strong>B\u1ed9 n\u1ea1p k\u1ebft h\u1ee3p T\u1ea1p ch\u00ed &amp; Ch\u00e2n kh\u00f4ng\u00a0 \u00a0 \u00a0 \u00a0 \u00a0 \u00a0 \u00a0 \u00a0 \u00a0 \u00a0 \u00a0 \u00a0 \u00a0 \u00a0 \u00a0 \u00a0 \u00a0 \u00a0 \u00a0 \u00a0 \u00a0 \u00a0 \u00a0 \u00a0 \u00a0 \u00a0 \u00a0 \u00a0 \u00a0 \u00a0M\u00e1y ch\u00e8n h\u01b0\u1edbng t\u00e2m\u00a0 \u00a0 \u00a0 \u00a0 \u00a0 \u00a0 \u00a0 \u00a0 \u00a0 \u00a0 \u00a0 \u00a0 \u00a0 \u00a0 \u00a0 \u00a0 \u00a0 \u00a0 \u00a0 \u00a0 \u00a0 \u00a0 \u00a0 \u00a0 \u00a0 \u00a0 \u00a0 \u00a0 \u00a0 \u00a0 \u00a0 \u00a0 \u00a0 \u00a0 \u00a0B\u1ed9 d\u1ee1 t\u1ea1p ch\u00ed<\/strong> adapts rapidly to varying component sizes, pin pitches, and PCB layouts, supporting high-mix, high-volume manufacturing without compromising speed or accuracy.<\/p>\n<p data-start=\"750\" data-end=\"1055\" data-rm-block-id=\"block-4\">Ensure superior product quality with integrated real-time monitoring and in-line inspection. By detecting misaligned, missing, or improperly inserted components immediately, the machine reduces rework, improves first-pass yield, and guarantees compliance with demanding industrial electronics standards.<\/p>\n<p data-start=\"1057\" data-end=\"1367\" data-rm-block-id=\"block-5\">Maximize operational throughput while minimizing labor dependency through automated radial insertion. The <strong>B\u1ed9 n\u1ea1p k\u1ebft h\u1ee3p T\u1ea1p ch\u00ed &amp; Ch\u00e2n kh\u00f4ng\u00a0 \u00a0 \u00a0 \u00a0 \u00a0 \u00a0 \u00a0 \u00a0 \u00a0 \u00a0 \u00a0 \u00a0 \u00a0 \u00a0 \u00a0 \u00a0 \u00a0 \u00a0 \u00a0 \u00a0 \u00a0 \u00a0 \u00a0 \u00a0 \u00a0 \u00a0 \u00a0 \u00a0 \u00a0 \u00a0M\u00e1y ch\u00e8n h\u01b0\u1edbng t\u00e2m\u00a0 \u00a0 \u00a0 \u00a0 \u00a0 \u00a0 \u00a0 \u00a0 \u00a0 \u00a0 \u00a0 \u00a0 \u00a0 \u00a0 \u00a0 \u00a0 \u00a0 \u00a0 \u00a0 \u00a0 \u00a0 \u00a0 \u00a0 \u00a0 \u00a0 \u00a0 \u00a0 \u00a0 \u00a0 \u00a0 \u00a0 \u00a0 \u00a0 \u00a0 \u00a0B\u1ed9 d\u1ee1 t\u1ea1p ch\u00ed<\/strong>\u2019s scalable architecture and intelligent workflow management empower factories to maintain consistent, high-volume output while achieving precision and reliability across complex PCB assemblies.<\/p>\n<p data-start=\"1468\" data-end=\"1684\" data-is-last-node=\"\" data-is-only-node=\"\" data-rm-block-id=\"block-7\"><img loading=\"lazy\" decoding=\"async\" class=\"aligncenter wp-image-23254\" src=\"https:\/\/esmte.com\/wp-content\/uploads\/2025\/12\/11-50-scaled.webp\" alt=\"THT Radial Insertion Machine\" width=\"680\" height=\"581\" srcset=\"https:\/\/esmte.com\/wp-content\/uploads\/2025\/12\/11-50-scaled.webp 2560w, https:\/\/esmte.com\/wp-content\/uploads\/2025\/12\/11-50-300x256.webp 300w, https:\/\/esmte.com\/wp-content\/uploads\/2025\/12\/11-50-1024x875.webp 1024w, https:\/\/esmte.com\/wp-content\/uploads\/2025\/12\/11-50-768x656.webp 768w, https:\/\/esmte.com\/wp-content\/uploads\/2025\/12\/11-50-1536x1313.webp 1536w, https:\/\/esmte.com\/wp-content\/uploads\/2025\/12\/11-50-2048x1751.webp 2048w, https:\/\/esmte.com\/wp-content\/uploads\/2025\/12\/11-50-14x12.webp 14w, https:\/\/esmte.com\/wp-content\/uploads\/2025\/12\/11-50-600x513.webp 600w, https:\/\/esmte.com\/wp-content\/uploads\/2025\/12\/11-50-4x3.webp 4w, https:\/\/esmte.com\/wp-content\/uploads\/2025\/12\/11-50-10x10.webp 10w\" sizes=\"auto, (max-width: 680px) 100vw, 680px\" \/><\/p>\n<h2 data-rm-block-id=\"block-10\">How the THT Radial Insertion Machine YRM-1500 is Applied in Industrial Electronics Factories<\/h2>\n<ul>\n<li data-start=\"82\" data-end=\"313\">\n<p data-start=\"85\" data-end=\"313\" data-rm-block-id=\"block-11\"><strong data-start=\"85\" data-end=\"126\">Efficency-Engineered Radial Insertion<\/strong><br data-start=\"126\" data-end=\"129\" \/>The YRM-1500 ensures exact positioning and consistent lead penetration for radial components, delivering flawless assembly performance in demanding industrial electronics production.<\/p>\n<\/li>\n<li data-start=\"315\" data-end=\"547\">\n<p data-start=\"318\" data-end=\"547\" data-rm-block-id=\"block-12\"><strong data-start=\"318\" data-end=\"357\">Gentle Handling for Sensitive Parts<\/strong><br data-start=\"357\" data-end=\"360\" \/>With adaptive servo motion and dynamic pressure control, the system protects delicate components from deformation or stress, maintaining high reliability across critical PCB assemblies.<\/p>\n<\/li>\n<li data-start=\"549\" data-end=\"783\">\n<p data-start=\"552\" data-end=\"783\" data-rm-block-id=\"block-13\"><strong data-start=\"552\" data-end=\"596\">Seamless Production Line Synchronization<\/strong><br data-start=\"596\" data-end=\"599\" \/>Designed to integrate smoothly with upstream feeding systems and downstream soldering or testing stations, the machine enables uninterrupted operations and maximizes line efficiency.<\/p>\n<\/li>\n<li data-start=\"785\" data-end=\"1007\">\n<p data-start=\"788\" data-end=\"1007\" data-rm-block-id=\"block-14\"><strong data-start=\"788\" data-end=\"829\">Smart In-Line Inspection and Feedback<\/strong><br data-start=\"829\" data-end=\"832\" \/>Equipped with vision-assisted detection and automated diagnostics, the YRM-1500 identifies placement anomalies in real time, reducing defects and enhancing first-pass yield.<\/p>\n<\/li>\n<li data-start=\"1009\" data-end=\"1247\">\n<p data-start=\"1012\" data-end=\"1247\" data-rm-block-id=\"block-15\"><strong data-start=\"1012\" data-end=\"1054\">Flexible Adaptation for Varied Designs<\/strong><br data-start=\"1054\" data-end=\"1057\" \/>Modular tooling and programmable insertion routines allow rapid changeovers for different component sizes, pin pitches, and PCB layouts, supporting high-mix, agile manufacturing workflows.<\/p>\n<\/li>\n<li data-start=\"1249\" data-end=\"1507\">\n<p data-start=\"1252\" data-end=\"1507\" data-rm-block-id=\"block-16\"><strong data-start=\"1252\" data-end=\"1304\">Enhanced Throughput and Operational Productivity<\/strong><br data-start=\"1304\" data-end=\"1307\" \/>By automating repetitive radial insertion tasks, the system accelerates production cycles, minimizes manual intervention, and ensures stable, high-volume output for industrial electronics factories.<\/p>\n<\/li>\n<\/ul>\n<p data-rm-block-id=\"block-18\"><img loading=\"lazy\" decoding=\"async\" class=\"alignnone wp-image-23255\" src=\"https:\/\/esmte.com\/wp-content\/uploads\/2025\/12\/44-1.webp\" alt=\"\" width=\"333\" height=\"315\" srcset=\"https:\/\/esmte.com\/wp-content\/uploads\/2025\/12\/44-1.webp 1604w, https:\/\/esmte.com\/wp-content\/uploads\/2025\/12\/44-1-300x284.webp 300w, https:\/\/esmte.com\/wp-content\/uploads\/2025\/12\/44-1-1024x968.webp 1024w, https:\/\/esmte.com\/wp-content\/uploads\/2025\/12\/44-1-768x726.webp 768w, https:\/\/esmte.com\/wp-content\/uploads\/2025\/12\/44-1-1536x1453.webp 1536w, https:\/\/esmte.com\/wp-content\/uploads\/2025\/12\/44-1-13x12.webp 13w, https:\/\/esmte.com\/wp-content\/uploads\/2025\/12\/44-1-600x567.webp 600w, https:\/\/esmte.com\/wp-content\/uploads\/2025\/12\/44-1-4x3.webp 4w, https:\/\/esmte.com\/wp-content\/uploads\/2025\/12\/44-1-10x10.webp 10w\" sizes=\"auto, (max-width: 333px) 100vw, 333px\" \/>\u00a0 \u00a0 \u00a0 \u00a0 \u00a0 <img loading=\"lazy\" decoding=\"async\" class=\"alignnone wp-image-23257\" src=\"https:\/\/esmte.com\/wp-content\/uploads\/2025\/12\/33-1-scaled.webp\" alt=\"\" width=\"425\" height=\"374\" srcset=\"https:\/\/esmte.com\/wp-content\/uploads\/2025\/12\/33-1-scaled.webp 2560w, https:\/\/esmte.com\/wp-content\/uploads\/2025\/12\/33-1-300x264.webp 300w, https:\/\/esmte.com\/wp-content\/uploads\/2025\/12\/33-1-1024x900.webp 1024w, https:\/\/esmte.com\/wp-content\/uploads\/2025\/12\/33-1-768x675.webp 768w, https:\/\/esmte.com\/wp-content\/uploads\/2025\/12\/33-1-1536x1349.webp 1536w, https:\/\/esmte.com\/wp-content\/uploads\/2025\/12\/33-1-2048x1799.webp 2048w, https:\/\/esmte.com\/wp-content\/uploads\/2025\/12\/33-1-14x12.webp 14w, https:\/\/esmte.com\/wp-content\/uploads\/2025\/12\/33-1-600x527.webp 600w, https:\/\/esmte.com\/wp-content\/uploads\/2025\/12\/33-1-4x3.webp 4w, https:\/\/esmte.com\/wp-content\/uploads\/2025\/12\/33-1-10x10.webp 10w\" sizes=\"auto, (max-width: 425px) 100vw, 425px\" \/>\u00a0\u00a0<img loading=\"lazy\" decoding=\"async\" class=\"alignnone wp-image-23256\" src=\"https:\/\/esmte.com\/wp-content\/uploads\/2025\/12\/55.webp\" alt=\"\" width=\"288\" height=\"323\" srcset=\"https:\/\/esmte.com\/wp-content\/uploads\/2025\/12\/55.webp 1473w, https:\/\/esmte.com\/wp-content\/uploads\/2025\/12\/55-268x300.webp 268w, https:\/\/esmte.com\/wp-content\/uploads\/2025\/12\/55-914x1024.webp 914w, https:\/\/esmte.com\/wp-content\/uploads\/2025\/12\/55-768x861.webp 768w, https:\/\/esmte.com\/wp-content\/uploads\/2025\/12\/55-1370x1536.webp 1370w, https:\/\/esmte.com\/wp-content\/uploads\/2025\/12\/55-11x12.webp 11w, https:\/\/esmte.com\/wp-content\/uploads\/2025\/12\/55-600x673.webp 600w, https:\/\/esmte.com\/wp-content\/uploads\/2025\/12\/55-4x3.webp 4w, https:\/\/esmte.com\/wp-content\/uploads\/2025\/12\/55-10x10.webp 10w\" sizes=\"auto, (max-width: 288px) 100vw, 288px\" \/><\/p>\n<p data-rm-block-id=\"block-19\"><strong>\u00a0 \u00a0 \u00a0 \u00a0 \u00a0 \u00a0 \u00a0 \u00a0 \u00a0 \u00a0 Magazine&amp;Vacuum Combo Loader\u00a0 \u00a0 \u00a0 \u00a0 \u00a0 \u00a0 \u00a0 \u00a0 \u00a0 \u00a0 \u00a0 \u00a0 \u00a0 \u00a0 \u00a0 \u00a0 \u00a0 \u00a0 \u00a0 \u00a0 \u00a0 \u00a0 \u00a0 \u00a0 \u00a0 \u00a0 \u00a0 \u00a0 \u00a0 \u00a0Radial Inserter Machine\u00a0 \u00a0 \u00a0 \u00a0 \u00a0 \u00a0 \u00a0 \u00a0 \u00a0 \u00a0 \u00a0 \u00a0 \u00a0 \u00a0 \u00a0 \u00a0 \u00a0 \u00a0 \u00a0 \u00a0 \u00a0 \u00a0 \u00a0 \u00a0 \u00a0 \u00a0 \u00a0 \u00a0 \u00a0 \u00a0 \u00a0 \u00a0 \u00a0 \u00a0 \u00a0Magazine Unloader\u00a0<\/strong><\/p>\n<h2 data-rm-block-id=\"block-20\"><\/h2>\n<h2 data-rm-block-id=\"block-21\">Th\u00f4ng s\u1ed1 k\u1ef9 thu\u1eadt<\/h2>\n<table style=\"border-collapse: collapse; width: 1299px; height: 263px;\" border=\"0\" width=\"418\" cellspacing=\"0\" cellpadding=\"0\">\n<tbody>\n<tr style=\"height: 15.75pt;\">\n<td class=\"et2\" style=\"height: 15.75pt; width: 108pt; text-align: center;\" width=\"144\" height=\"21\" data-rm-block-id=\"block-22\">Ng\u01b0\u1eddi m\u1eabu<\/td>\n<td class=\"et3\" style=\"width: 205.5pt; text-align: center;\" width=\"274\" data-rm-block-id=\"block-23\">YRM-1500<\/td>\n<\/tr>\n<tr style=\"height: 15.00pt;\">\n<td class=\"et4\" style=\"height: 15pt; width: 108pt; text-align: center;\" width=\"144\" height=\"20\" data-rm-block-id=\"block-24\">Actual Speed<\/td>\n<td class=\"et5\" style=\"width: 205.5pt; text-align: center;\" width=\"274\" data-rm-block-id=\"block-25\">18000 CPH<\/td>\n<\/tr>\n<tr style=\"height: 15.00pt;\">\n<td class=\"et4\" style=\"height: 15pt; width: 108pt; text-align: center;\" width=\"144\" height=\"20\" data-rm-block-id=\"block-26\">Feeders<\/td>\n<td class=\"et5\" style=\"width: 205.5pt; text-align: center;\" width=\"274\" data-rm-block-id=\"block-27\">20<\/td>\n<\/tr>\n<tr style=\"height: 15.00pt;\">\n<td class=\"et4\" style=\"height: 15pt; width: 108pt; text-align: center;\" width=\"144\" height=\"20\" data-rm-block-id=\"block-28\">Accurancy<\/td>\n<td class=\"et5\" style=\"width: 205.5pt; text-align: center;\" width=\"274\" data-rm-block-id=\"block-29\">\u00b10.05mm<\/td>\n<\/tr>\n<tr style=\"height: 15.00pt;\">\n<td class=\"et4\" style=\"height: 15pt; width: 108pt; text-align: center;\" width=\"144\" height=\"20\" data-rm-block-id=\"block-30\">Plug-in Angle<\/td>\n<td class=\"et5\" style=\"width: 205.5pt; text-align: center;\" width=\"274\" data-rm-block-id=\"block-31\">0-360\u00b0<\/td>\n<\/tr>\n<tr style=\"height: 15.00pt;\">\n<td class=\"et4\" style=\"height: 15pt; width: 108pt; text-align: center;\" width=\"144\" height=\"20\" data-rm-block-id=\"block-32\">Lead Spacing<\/td>\n<td class=\"et5\" style=\"width: 205.5pt; text-align: center;\" width=\"274\" data-rm-block-id=\"block-33\">2.5mm\/ 3.0mm\/ 3.5mm \/ 5.0mm\/ 7.5mm<\/td>\n<\/tr>\n<tr style=\"height: 15.00pt;\">\n<td class=\"et4\" style=\"height: 15pt; width: 108pt; text-align: center;\" width=\"144\" height=\"20\" data-rm-block-id=\"block-34\">Ngu\u1ed3n \u0111i\u1ec7n<\/td>\n<td class=\"et5\" style=\"width: 205.5pt; text-align: center;\" width=\"274\" data-rm-block-id=\"block-35\">AC:220\u00b110%,50\/60HZ,2Kw<\/td>\n<\/tr>\n<tr style=\"height: 15.00pt;\">\n<td class=\"et4\" style=\"height: 15pt; width: 108pt; text-align: center;\" width=\"144\" height=\"20\" data-rm-block-id=\"block-36\">K\u00edch th\u01b0\u1edbc (mm)<\/td>\n<td class=\"et5\" style=\"width: 205.5pt; text-align: center;\" width=\"274\" data-rm-block-id=\"block-37\">L1700*W1500*H1000<\/td>\n<\/tr>\n<tr style=\"height: 15.00pt;\">\n<td class=\"et6\" style=\"height: 15pt; width: 108pt; text-align: center;\" width=\"144\" height=\"20\" data-rm-block-id=\"block-38\">C\u00e2n n\u1eb7ng<\/td>\n<td class=\"et7\" style=\"width: 205.5pt; text-align: center;\" width=\"274\" data-rm-block-id=\"block-39\">Approx:2100kg<\/td>\n<\/tr>\n<\/tbody>\n<\/table>\n<p data-rm-block-id=\"block-41\"><a href=\"https:\/\/www.youtube.com\/@allaismt\" rel=\"nofollow noopener\" target=\"_blank\"><u>https:\/\/www.youtube.com\/@allaismt<\/u><\/a><\/p>\n<p data-rm-block-id=\"block-42\">For more information about the <strong>B\u1ed9 n\u1ea1p k\u1ebft h\u1ee3p T\u1ea1p ch\u00ed &amp; Ch\u00e2n kh\u00f4ng\u00a0 \u00a0 \u00a0 \u00a0 \u00a0 \u00a0 \u00a0 \u00a0 \u00a0 \u00a0 \u00a0 \u00a0 \u00a0 \u00a0 \u00a0 \u00a0 \u00a0 \u00a0 \u00a0 \u00a0 \u00a0 \u00a0 \u00a0 \u00a0 \u00a0 \u00a0 \u00a0 \u00a0 \u00a0 \u00a0M\u00e1y ch\u00e8n h\u01b0\u1edbng t\u00e2m\u00a0 \u00a0 \u00a0 \u00a0 \u00a0 \u00a0 \u00a0 \u00a0 \u00a0 \u00a0 \u00a0 \u00a0 \u00a0 \u00a0 \u00a0 \u00a0 \u00a0 \u00a0 \u00a0 \u00a0 \u00a0 \u00a0 \u00a0 \u00a0 \u00a0 \u00a0 \u00a0 \u00a0 \u00a0 \u00a0 \u00a0 \u00a0 \u00a0 \u00a0 \u00a0B\u1ed9 d\u1ee1 t\u1ea1p ch\u00ed<\/strong>, Vui l\u00f2ng g\u1eedi email \u0111\u1ebfn<\/p>\n<p data-rm-block-id=\"block-43\"><a href=\"mailto:sophia@allaismt.com\"><u>sophia@allaismt.com<\/u><\/a><\/p>\n<p data-rm-block-id=\"block-44\">Ch\u00fang t\u00f4i s\u1ebd ph\u1ea3n h\u1ed3i y\u00eau c\u1ea7u c\u1ee7a b\u1ea1n trong th\u1eddi gian s\u1edbm nh\u1ea5t v\u00e0 cung c\u1ea5p cho b\u1ea1n th\u00f4ng tin chi ti\u1ebft v\u1ec1 c\u00e1c s\u1ea3n ph\u1ea9m v\u00e0 d\u1ecbch v\u1ee5 c\u1ee7a ch\u00fang t\u00f4i.<\/p>\n<p data-rm-block-id=\"block-46\">","protected":false},"excerpt":{"rendered":"<p>M\u00f4 t\u1ea3: C\u00e1i <strong data-start=\"92\" data-end=\"129\">YRM-1500 THT Radial Insertion Machine<\/strong> is a next-generation automation solution designed to streamline through-hole PCB assembly in industrial electronics factories. Featuring precision servo-driven actuation and intelligent vision-assisted alignment, it accurately positions radial components while minimizing mechanical stress on delicate leads. Its modular tooling and flexible programmable sequences enable rapid adaptation to a wide range of component types, pitches, and PCB configurations, providing consistent assembly quality, enhanced throughput, and reliable performance for production environments.<\/p>\n<p>S\u1ed1 l\u01b0\u1ee3ng \u0111\u1eb7t h\u00e0ng t\u1ed1i thi\u1ec3u: 1 chi\u1ebfc<\/p>\n<p>Th\u1eddi gian giao h\u00e0ng: 15 ng\u00e0y<\/p>\n<p>&nbsp;<\/p>\n<p>&nbsp;<\/p>","protected":false},"featured_media":23328,"comment_status":"closed","ping_status":"closed","template":"","meta":[],"etheme_brands":[],"product_brand":[],"product_cat":[140,138],"product_tag":[],"class_list":{"0":"post-23263","1":"product","2":"type-product","3":"status-publish","4":"has-post-thumbnail","6":"product_cat-radial-insertion-machine","7":"product_cat-tht-machine","9":"first","10":"instock","11":"shipping-taxable","12":"product-type-simple"},"_links":{"self":[{"href":"https:\/\/esmte.com\/vi\/wp-json\/wp\/v2\/product\/23263","targetHints":{"allow":["GET"]}}],"collection":[{"href":"https:\/\/esmte.com\/vi\/wp-json\/wp\/v2\/product"}],"about":[{"href":"https:\/\/esmte.com\/vi\/wp-json\/wp\/v2\/types\/product"}],"replies":[{"embeddable":true,"href":"https:\/\/esmte.com\/vi\/wp-json\/wp\/v2\/comments?post=23263"}],"version-history":[{"count":1,"href":"https:\/\/esmte.com\/vi\/wp-json\/wp\/v2\/product\/23263\/revisions"}],"predecessor-version":[{"id":23330,"href":"https:\/\/esmte.com\/vi\/wp-json\/wp\/v2\/product\/23263\/revisions\/23330"}],"wp:featuredmedia":[{"embeddable":true,"href":"https:\/\/esmte.com\/vi\/wp-json\/wp\/v2\/media\/23328"}],"wp:attachment":[{"href":"https:\/\/esmte.com\/vi\/wp-json\/wp\/v2\/media?parent=23263"}],"wp:term":[{"taxonomy":"brand","embeddable":true,"href":"https:\/\/esmte.com\/vi\/wp-json\/wp\/v2\/etheme_brands?post=23263"},{"taxonomy":"product_brand","embeddable":true,"href":"https:\/\/esmte.com\/vi\/wp-json\/wp\/v2\/product_brand?post=23263"},{"taxonomy":"product_cat","embeddable":true,"href":"https:\/\/esmte.com\/vi\/wp-json\/wp\/v2\/product_cat?post=23263"},{"taxonomy":"product_tag","embeddable":true,"href":"https:\/\/esmte.com\/vi\/wp-json\/wp\/v2\/product_tag?post=23263"}],"curies":[{"name":"trang web","href":"https:\/\/api.w.org\/{rel}","templated":true}]}}