{"id":23036,"date":"2025-12-12T09:56:44","date_gmt":"2025-12-12T09:56:44","guid":{"rendered":"https:\/\/esmte.com\/?post_type=product&#038;p=23036"},"modified":"2026-01-27T08:46:55","modified_gmt":"2026-01-27T08:46:55","slug":"full-auto-smt-pcb-loader","status":"publish","type":"product","link":"https:\/\/esmte.com\/vi\/products\/full-auto-smt-pcb-loader\/","title":{"rendered":"M\u00e1y n\u1ea1p m\u1ea1ch in SMT t\u1ef1 \u0111\u1ed9ng ho\u00e0n to\u00e0n YL-250"},"content":{"rendered":"<h2 data-rm-block-id=\"block-1\">Gi\u1edbi thi\u1ec7u<\/h2>\n<p data-start=\"196\" data-end=\"631\" data-rm-block-id=\"block-2\">C\u00e1i <strong>M\u00e1y n\u1ea1p m\u1ea1ch in SMT t\u1ef1 \u0111\u1ed9ng ho\u00e0n to\u00e0n YL-250<\/strong>\u00a0\u0110\u00e2y l\u00e0 gi\u1ea3i ph\u00e1p t\u1ef1 \u0111\u1ed9ng h\u00f3a hi\u1ec7u qu\u1ea3 cao \u0111\u01b0\u1ee3c thi\u1ebft k\u1ebf \u0111\u1ec3 cung c\u1ea5p m\u1ea1ch in (PCB) m\u1ed9t c\u00e1ch li\u1ec1n m\u1ea1ch v\u00e0o d\u00e2y chuy\u1ec1n s\u1ea3n xu\u1ea5t SMT. N\u00f3 t\u1ef1 \u0111\u1ed9ng h\u00f3a qu\u00e1 tr\u00ecnh x\u1ebfp ch\u1ed3ng c\u00e1c bo m\u1ea1ch tr\u1ea7n l\u00ean b\u0103ng t\u1ea3i, \u0111\u1ea3m b\u1ea3o ngu\u1ed3n cung li\u00ean t\u1ee5c v\u00e0 \u1ed5n \u0111\u1ecbnh cho m\u00e1y g\u1eafp \u0111\u1eb7t v\u00e0 c\u00e1c thi\u1ebft b\u1ecb SMT kh\u00e1c \u1edf kh\u00e2u tr\u01b0\u1edbc \u0111\u00f3. B\u1eb1ng c\u00e1ch gi\u1ea3m thi\u1ec3u thao t\u00e1c th\u1ee7 c\u00f4ng, n\u00f3 gi\u1ea3m thi\u1ec3u nguy c\u01a1 h\u01b0 h\u1ecfng bo m\u1ea1ch v\u00e0 c\u1ea3i thi\u1ec7n \u0111\u1ed9 tin c\u1eady t\u1ed5ng th\u1ec3 c\u1ee7a d\u00e2y chuy\u1ec1n.<\/p>\n<p data-start=\"633\" data-end=\"944\" data-rm-block-id=\"block-3\">\u0110\u01b0\u1ee3c trang b\u1ecb c\u01a1 c\u1ea5u n\u00e2ng h\u1ea1 m\u1ea1nh m\u1ebd v\u00e0 h\u1ec7 th\u1ed1ng \u0111i\u1ec1u khi\u1ec3n th\u00f4ng minh, m\u00e1y x\u1ebfp d\u1ee1 c\u00f3 th\u1ec3 x\u1eed l\u00fd nhi\u1ec1u k\u00edch th\u01b0\u1edbc v\u00e0 tr\u1ecdng l\u01b0\u1ee3ng PCB kh\u00e1c nhau, th\u00edch \u1ee9ng v\u1edbi c\u00e1c y\u00eau c\u1ea7u s\u1ea3n xu\u1ea5t \u0111a d\u1ea1ng. Kh\u1ea3 n\u0103ng \u0111\u1ecbnh v\u1ecb ch\u00ednh x\u00e1c \u0111\u1ea3m b\u1ea3o qu\u00e1 tr\u00ecnh v\u1eadn chuy\u1ec3n v\u00e0 c\u0103n ch\u1ec9nh m\u01b0\u1ee3t m\u00e0, h\u1ed7 tr\u1ee3 c\u00e1c ho\u1ea1t \u0111\u1ed9ng SMT t\u1ed1c \u0111\u1ed9 cao m\u00e0 kh\u00f4ng b\u1ecb gi\u00e1n \u0111o\u1ea1n ho\u1eb7c l\u1ed7i.<\/p>\n<p data-start=\"946\" data-end=\"1294\" data-rm-block-id=\"block-4\">C\u00e1i<strong>\u00a0M\u00e1y n\u1ea1p PCB SMT t\u1ef1 \u0111\u1ed9ng ho\u00e0n to\u00e0n YL-250<\/strong>\u2019Thi\u1ebft k\u1ebf nh\u1ecf g\u1ecdn v\u00e0 d\u1ea1ng m\u00f4-\u0111un c\u1ee7a m\u00e1y cho ph\u00e9p d\u1ec5 d\u00e0ng t\u00edch h\u1ee3p v\u00e0o c\u00e1c d\u00e2y chuy\u1ec1n s\u1ea3n xu\u1ea5t hi\u1ec7n c\u00f3, trong khi c\u00e1c c\u1ea3m bi\u1ebfn t\u1ef1 \u0111\u1ed9ng gi\u00e1m s\u00e1t qu\u00e1 tr\u00ecnh n\u1ea1p li\u1ec7u \u0111\u1ec3 ng\u0103n ng\u1eeba l\u1ed7i n\u1ea1p li\u1ec7u v\u00e0 th\u1eddi gian ng\u1eebng ho\u1ea1t \u0111\u1ed9ng. Ng\u01b0\u1eddi v\u1eadn h\u00e0nh \u0111\u01b0\u1ee3c h\u01b0\u1edfng l\u1ee3i t\u1eeb thao t\u00e1c \u0111\u01a1n gi\u1ea3n, y\u00eau c\u1ea7u \u0111\u00e0o t\u1ea1o t\u1ed1i thi\u1ec3u v\u00e0 nhu c\u1ea7u b\u1ea3o tr\u00ec th\u1ea5p, khi\u1ebfn m\u00e1y ph\u00f9 h\u1ee3p v\u1edbi m\u00f4i tr\u01b0\u1eddng s\u1ea3n xu\u1ea5t kh\u1ed1i l\u01b0\u1ee3ng l\u1edbn.<\/p>\n<p data-start=\"1296\" data-end=\"1676\" data-rm-block-id=\"block-5\">C\u00e1i <strong>M\u00e1y n\u1ea1p m\u1ea1ch in SMT t\u1ef1 \u0111\u1ed9ng ho\u00e0n to\u00e0n YL-250<\/strong>\u00a0N\u00f3 \u0111\u01b0\u1ee3c s\u1eed d\u1ee5ng r\u1ed9ng r\u00e3i trong ng\u00e0nh \u0111i\u1ec7n t\u1eed \u00f4 t\u00f4, \u0111i\u1ec7n t\u1eed ti\u00eau d\u00f9ng, s\u1ea3n xu\u1ea5t b\u1ea3ng m\u1ea1ch in (PCBA) cho thi\u1ebft b\u1ecb y t\u1ebf v\u00e0 c\u00e1c ng\u00e0nh c\u00f4ng nghi\u1ec7p kh\u00e1c \u0111\u00f2i h\u1ecfi l\u1eafp r\u00e1p SMT \u0111\u00e1ng tin c\u1eady, n\u0103ng su\u1ea5t cao. B\u1eb1ng c\u00e1ch \u0111\u1ea3m b\u1ea3o ngu\u1ed3n cung c\u1ea5p bo m\u1ea1ch \u1ed5n \u0111\u1ecbnh v\u00e0 gi\u1ea3m s\u1ef1 ph\u1ee5 thu\u1ed9c v\u00e0o lao \u0111\u1ed9ng, n\u00f3 gi\u00fap c\u00e1c nh\u00e0 m\u00e1y \u0111\u1ea1t \u0111\u01b0\u1ee3c n\u0103ng su\u1ea5t cao h\u01a1n, ch\u1ea5t l\u01b0\u1ee3ng \u0111\u01b0\u1ee3c c\u1ea3i thi\u1ec7n v\u00e0 quy tr\u00ecnh s\u1ea3n xu\u1ea5t \u0111\u01b0\u1ee3c t\u1ed1i \u01b0u h\u00f3a.<\/p>\n<p data-start=\"1678\" data-end=\"1832\" data-rm-block-id=\"block-7\"><img loading=\"lazy\" decoding=\"async\" class=\"alignnone wp-image-23037 aligncenter\" src=\"https:\/\/esmte.com\/wp-content\/uploads\/2025\/12\/11-43.webp\" alt=\"Full-auto SMT PCB Loader\" width=\"515\" height=\"535\" srcset=\"https:\/\/esmte.com\/wp-content\/uploads\/2025\/12\/11-43.webp 1531w, https:\/\/esmte.com\/wp-content\/uploads\/2025\/12\/11-43-600x623.webp 600w, https:\/\/esmte.com\/wp-content\/uploads\/2025\/12\/11-43-289x300.webp 289w, https:\/\/esmte.com\/wp-content\/uploads\/2025\/12\/11-43-987x1024.webp 987w, https:\/\/esmte.com\/wp-content\/uploads\/2025\/12\/11-43-768x797.webp 768w, https:\/\/esmte.com\/wp-content\/uploads\/2025\/12\/11-43-1480x1536.webp 1480w, https:\/\/esmte.com\/wp-content\/uploads\/2025\/12\/11-43-1x1.webp 1w, https:\/\/esmte.com\/wp-content\/uploads\/2025\/12\/11-43-10x10.webp 10w\" sizes=\"auto, (max-width: 515px) 100vw, 515px\" \/><\/p>\n<h2 data-rm-block-id=\"block-9\">C\u00e1c t\u00ednh n\u0103ng ch\u00ednh<\/h2>\n<ul>\n<li data-start=\"186\" data-end=\"354\">\n<p data-start=\"189\" data-end=\"354\" data-rm-block-id=\"block-10\"><strong data-start=\"189\" data-end=\"214\">C\u1ea5p li\u1ec7u PCB t\u1ef1 \u0111\u1ed9ng<\/strong> \u2013 N\u1ea1p c\u00e1c bo m\u1ea1ch PCB \u0111\u00e3 x\u1ebfp ch\u1ed3ng l\u00ean nhau m\u1ed9t c\u00e1ch hi\u1ec7u qu\u1ea3 l\u00ean b\u0103ng chuy\u1ec1n SMT, \u0111\u1ea3m b\u1ea3o cung c\u1ea5p li\u00ean t\u1ee5c v\u00e0 kh\u00f4ng gi\u00e1n \u0111o\u1ea1n cho c\u00e1c m\u00e1y g\u1eafp v\u00e0 \u0111\u1eb7t linh ki\u1ec7n \u1edf ph\u00eda tr\u01b0\u1edbc.<\/p>\n<\/li>\n<li data-start=\"355\" data-end=\"487\">\n<p data-start=\"358\" data-end=\"487\" data-rm-block-id=\"block-11\"><strong data-start=\"358\" data-end=\"380\">Kh\u1ea3 n\u0103ng t\u01b0\u01a1ng th\u00edch r\u1ed9ng<\/strong> \u2013 H\u1ed7 tr\u1ee3 nhi\u1ec1u k\u00edch th\u01b0\u1edbc, \u0111\u1ed9 d\u00e0y v\u00e0 tr\u1ecdng l\u01b0\u1ee3ng PCB kh\u00e1c nhau, th\u00edch \u1ee9ng v\u1edbi c\u00e1c y\u00eau c\u1ea7u \u0111a d\u1ea1ng c\u1ee7a d\u00e2y chuy\u1ec1n s\u1ea3n xu\u1ea5t.<\/p>\n<\/li>\n<li data-start=\"488\" data-end=\"642\">\n<p data-start=\"491\" data-end=\"642\" data-rm-block-id=\"block-12\"><strong data-start=\"491\" data-end=\"516\">\u0110\u1ecbnh v\u1ecb ch\u00ednh x\u00e1c<\/strong> \u2013 H\u1ec7 th\u1ed1ng n\u00e2ng v\u00e0 c\u0103n ch\u1ec9nh ti\u00ean ti\u1ebfn \u0111\u1ea3m b\u1ea3o v\u1ecb tr\u00ed \u0111\u1eb7t bo m\u1ea1ch ch\u00ednh x\u00e1c, gi\u1ea3m thi\u1ec3u l\u1ed7i c\u1ea5p li\u1ec7u v\u00e0 n\u00e2ng cao ch\u1ea5t l\u01b0\u1ee3ng l\u1eafp r\u00e1p.<\/p>\n<\/li>\n<li data-start=\"643\" data-end=\"778\">\n<p data-start=\"646\" data-end=\"778\" data-rm-block-id=\"block-13\"><strong data-start=\"646\" data-end=\"676\">H\u1ec7 th\u1ed1ng \u0111i\u1ec1u khi\u1ec3n th\u00f4ng minh<\/strong> \u2013 \u0110\u01b0\u1ee3c trang b\u1ecb c\u1ea3m bi\u1ebfn t\u1ef1 \u0111\u1ed9ng \u0111\u1ec3 gi\u00e1m s\u00e1t tr\u1ea1ng th\u00e1i t\u1ea3i, ng\u0103n ng\u1eeba l\u1ed7i v\u00e0 gi\u1ea3m thi\u1ec3u th\u1eddi gian ng\u1eebng ho\u1ea1t \u0111\u1ed9ng.<\/p>\n<\/li>\n<li data-start=\"779\" data-end=\"931\">\n<p data-start=\"782\" data-end=\"931\" data-rm-block-id=\"block-14\"><strong data-start=\"782\" data-end=\"812\">Thi\u1ebft k\u1ebf nh\u1ecf g\u1ecdn v\u00e0 d\u1ea1ng m\u00f4-\u0111un<\/strong> \u2013 D\u1ec5 d\u00e0ng t\u00edch h\u1ee3p v\u00e0o c\u00e1c d\u00e2y chuy\u1ec1n SMT hi\u1ec7n c\u00f3, chi\u1ebfm di\u1ec7n t\u00edch s\u00e0n t\u1ed1i thi\u1ec3u trong khi v\u1eabn h\u1ed7 tr\u1ee3 b\u1ed1 tr\u00ed nh\u00e0 m\u00e1y linh ho\u1ea1t.<\/p>\n<\/li>\n<li data-start=\"932\" data-end=\"1115\">\n<p data-start=\"935\" data-end=\"1115\" data-rm-block-id=\"block-15\"><strong data-start=\"935\" data-end=\"975\">\u00cdt c\u1ea7n b\u1ea3o tr\u00ec v\u00e0 v\u1eadn h\u00e0nh \u0111\u00e1ng tin c\u1eady<\/strong> \u2013 K\u1ebft c\u1ea5u b\u1ec1n ch\u1eafc v\u00e0 v\u1eadn h\u00e0nh t\u1ef1 \u0111\u1ed9ng gi\u00fap gi\u1ea3m thi\u1ec3u lao \u0111\u1ed9ng th\u1ee7 c\u00f4ng, k\u00e9o d\u00e0i tu\u1ed5i th\u1ecd thi\u1ebft b\u1ecb v\u00e0 duy tr\u00ec s\u1ea3n xu\u1ea5t t\u1ed1c \u0111\u1ed9 cao \u1ed5n \u0111\u1ecbnh.<\/p>\n<\/li>\n<\/ul>\n<p>&nbsp;<\/p>\n<p data-rm-block-id=\"block-16\"><img loading=\"lazy\" decoding=\"async\" class=\"alignnone wp-image-23040 aligncenter\" src=\"https:\/\/esmte.com\/wp-content\/uploads\/2025\/12\/PCB-Board2.webp\" alt=\"\" width=\"771\" height=\"475\" srcset=\"https:\/\/esmte.com\/wp-content\/uploads\/2025\/12\/PCB-Board2.webp 1986w, https:\/\/esmte.com\/wp-content\/uploads\/2025\/12\/PCB-Board2-600x370.webp 600w, https:\/\/esmte.com\/wp-content\/uploads\/2025\/12\/PCB-Board2-300x185.webp 300w, https:\/\/esmte.com\/wp-content\/uploads\/2025\/12\/PCB-Board2-1024x632.webp 1024w, https:\/\/esmte.com\/wp-content\/uploads\/2025\/12\/PCB-Board2-768x474.webp 768w, https:\/\/esmte.com\/wp-content\/uploads\/2025\/12\/PCB-Board2-1536x947.webp 1536w, https:\/\/esmte.com\/wp-content\/uploads\/2025\/12\/PCB-Board2-1x1.webp 1w, https:\/\/esmte.com\/wp-content\/uploads\/2025\/12\/PCB-Board2-10x6.webp 10w\" sizes=\"auto, (max-width: 771px) 100vw, 771px\" \/><\/p>\n<h2 data-rm-block-id=\"block-17\">Th\u00f4ng s\u1ed1 k\u1ef9 thu\u1eadt<\/h2>\n<table style=\"border-collapse: collapse; width: 1297px; height: 191px;\" border=\"0\" width=\"689\" cellspacing=\"0\" cellpadding=\"0\">\n<tbody>\n<tr style=\"height: 13.50pt;\">\n<td class=\"et2\" style=\"height: 13.5pt; width: 90pt; text-align: center;\" width=\"120\" height=\"18\" data-rm-block-id=\"block-18\">Ng\u01b0\u1eddi m\u1eabu<\/td>\n<td class=\"et2\" style=\"width: 106.5pt; text-align: center;\" width=\"142\" data-rm-block-id=\"block-19\">YL-250<\/td>\n<td class=\"et2\" style=\"width: 106.5pt; text-align: center;\" width=\"142\" data-rm-block-id=\"block-20\">YL-330<\/td>\n<td class=\"et2\" style=\"width: 106.5pt; text-align: center;\" width=\"142\" data-rm-block-id=\"block-21\">YL-390<\/td>\n<td class=\"et2\" style=\"width: 107.25pt; text-align: center;\" width=\"143\" data-rm-block-id=\"block-22\">YL-450<\/td>\n<\/tr>\n<tr style=\"height: 13.50pt;\">\n<td class=\"et3\" style=\"height: 13.5pt; width: 90pt; text-align: center;\" width=\"120\" height=\"18\" data-rm-block-id=\"block-23\">K\u00edch th\u01b0\u1edbc (mm)<\/td>\n<td class=\"et3\" style=\"width: 106.5pt; text-align: center;\" width=\"142\" data-rm-block-id=\"block-24\">1330*765*1250<\/td>\n<td class=\"et3\" style=\"width: 106.5pt; text-align: center;\" width=\"142\" data-rm-block-id=\"block-25\">1650*845*1250<\/td>\n<td class=\"et3\" style=\"width: 106.5pt; text-align: center;\" width=\"142\" data-rm-block-id=\"block-26\">1800*909*1250<\/td>\n<td class=\"et3\" style=\"width: 107.25pt; text-align: center;\" width=\"143\" data-rm-block-id=\"block-27\">1800*970*1250<\/td>\n<\/tr>\n<tr style=\"height: 13.50pt;\">\n<td class=\"et3\" style=\"height: 13.5pt; width: 90pt; text-align: center;\" width=\"120\" height=\"18\" data-rm-block-id=\"block-28\">K\u00edch th\u01b0\u1edbc PCB (mm)<\/td>\n<td class=\"et3\" style=\"width: 106.5pt; text-align: center;\" width=\"142\" data-rm-block-id=\"block-29\">50*50-330*250<\/td>\n<td class=\"et3\" style=\"width: 106.5pt; text-align: center;\" width=\"142\" data-rm-block-id=\"block-30\">50*50-445*330<\/td>\n<td class=\"et3\" style=\"width: 106.5pt; text-align: center;\" width=\"142\" data-rm-block-id=\"block-31\">50*50-530*390<\/td>\n<td class=\"et3\" style=\"width: 107.25pt; text-align: center;\" width=\"143\" data-rm-block-id=\"block-32\">50*50-530*460<\/td>\n<\/tr>\n<tr style=\"height: 13.50pt;\">\n<td class=\"et3\" style=\"height: 13.5pt; width: 90pt; text-align: center;\" width=\"120\" height=\"18\" data-rm-block-id=\"block-33\">K\u00edch th\u01b0\u1edbc gi\u00e1 \u0111\u1ee1 (mm)<\/td>\n<td class=\"et3\" style=\"width: 106.5pt; text-align: center;\" width=\"142\" data-rm-block-id=\"block-34\">355*320*563<\/td>\n<td class=\"et3\" style=\"width: 106.5pt; text-align: center;\" width=\"142\" data-rm-block-id=\"block-35\">460*400*563<\/td>\n<td class=\"et3\" style=\"width: 106.5pt; text-align: center;\" width=\"142\" data-rm-block-id=\"block-36\">535*460*563<\/td>\n<td class=\"et3\" style=\"width: 107.25pt; text-align: center;\" width=\"143\" data-rm-block-id=\"block-37\">535*530*563<\/td>\n<\/tr>\n<tr style=\"height: 27.00pt;\">\n<td class=\"et3\" style=\"height: 27pt; width: 90pt; text-align: center;\" width=\"120\" height=\"36\" data-rm-block-id=\"block-38\">H\u1ec7 th\u1ed1ng \u0111i\u1ec1u khi\u1ec3n<\/td>\n<td class=\"et3\" style=\"width: 426.75pt; text-align: center;\" colspan=\"4\" width=\"569\" data-rm-block-id=\"block-39\">PLC<\/td>\n<\/tr>\n<tr style=\"height: 27.00pt;\">\n<td class=\"et3\" style=\"height: 27pt; width: 90pt; text-align: center;\" width=\"120\" height=\"36\" data-rm-block-id=\"block-40\">Ngu\u1ed3n \u0111i\u1ec7n<\/td>\n<td class=\"et3\" style=\"width: 426.75pt; text-align: center;\" colspan=\"4\" width=\"569\" data-rm-block-id=\"block-41\">1 pha AC 220V 50\/60Hz (T\u00f9y ch\u1ecdn: 110V \u0111\u1ebfn 380V)<\/td>\n<\/tr>\n<tr style=\"height: 13.50pt;\">\n<td class=\"et3\" style=\"height: 13.5pt; width: 90pt; text-align: center;\" width=\"120\" height=\"18\" data-rm-block-id=\"block-42\">C\u00e2n n\u1eb7ng<\/td>\n<td class=\"et3\" style=\"width: 106.5pt; text-align: center;\" width=\"142\" data-rm-block-id=\"block-43\">160 kg<\/td>\n<td class=\"et3\" style=\"width: 106.5pt; text-align: center;\" width=\"142\" data-rm-block-id=\"block-44\">220 kg<\/td>\n<td class=\"et3\" style=\"width: 106.5pt; text-align: center;\" width=\"142\" data-rm-block-id=\"block-45\">280 kg<\/td>\n<td class=\"et3\" style=\"width: 107.25pt; text-align: center;\" width=\"143\" data-rm-block-id=\"block-46\">340 kg<\/td>\n<\/tr>\n<\/tbody>\n<\/table>\n<p data-rm-block-id=\"block-48\"><a href=\"https:\/\/www.youtube.com\/@allaismt\" rel=\"nofollow noopener\" target=\"_blank\"><u>https:\/\/www.youtube.com\/@allaismt<\/u><\/a><\/p>\n<p data-rm-block-id=\"block-49\">\u0110\u1ec3 bi\u1ebft th\u00eam th\u00f4ng tin v\u1ec1 M\u00e1y n\u1ea1p PCB SMT t\u1ef1 \u0111\u1ed9ng ho\u00e0n to\u00e0n, vui l\u00f2ng g\u1eedi email \u0111\u1ebfn...<\/p>\n<p data-rm-block-id=\"block-50\"><a href=\"mailto:sophia@allaismt.com\"><u>sophia@allaismt.com<\/u><\/a><\/p>\n<p data-rm-block-id=\"block-51\">Ch\u00fang t\u00f4i s\u1ebd ph\u1ea3n h\u1ed3i y\u00eau c\u1ea7u c\u1ee7a b\u1ea1n trong th\u1eddi gian s\u1edbm nh\u1ea5t v\u00e0 cung c\u1ea5p cho b\u1ea1n th\u00f4ng tin chi ti\u1ebft v\u1ec1 c\u00e1c s\u1ea3n ph\u1ea9m v\u00e0 d\u1ecbch v\u1ee5 c\u1ee7a ch\u00fang t\u00f4i.<\/p>\n<p data-rm-block-id=\"block-52\">","protected":false},"excerpt":{"rendered":"<p>M\u00f4 t\u1ea3: C\u00e1i <strong data-start=\"165\" data-end=\"193\">M\u00e1y n\u1ea1p PCB SMT t\u1ef1 \u0111\u1ed9ng ho\u00e0n to\u00e0n<\/strong> \u0110\u00e2y l\u00e0 m\u1ed9t m\u00e1y x\u1eed l\u00fd bo m\u1ea1ch t\u1ef1 \u0111\u1ed9ng \u0111\u01b0\u1ee3c thi\u1ebft k\u1ebf \u0111\u1ec3 c\u1ea5p PCB m\u1ed9t c\u00e1ch hi\u1ec7u qu\u1ea3 v\u00e0 li\u00ean t\u1ee5c v\u00e0o d\u00e2y chuy\u1ec1n s\u1ea3n xu\u1ea5t SMT. N\u00f3 t\u1ef1 \u0111\u1ed9ng x\u1ebfp c\u00e1c bo m\u1ea1ch tr\u1ea7n l\u00ean b\u0103ng t\u1ea3i, \u0111\u1ea3m b\u1ea3o ngu\u1ed3n cung c\u1ea5p v\u1eadt li\u1ec7u \u0111\u1ea7u v\u00e0o tr\u01a1n tru, \u1ed5n \u0111\u1ecbnh v\u00e0 kh\u00f4ng b\u1ecb gi\u00e1n \u0111o\u1ea1n. V\u1edbi c\u1ea5u tr\u00fac ch\u1eafc ch\u1eafn, c\u01a1 ch\u1ebf n\u00e2ng h\u1ea1 ch\u00ednh x\u00e1c v\u00e0 h\u1ec7 th\u1ed1ng \u0111i\u1ec1u khi\u1ec3n th\u00f4ng minh, m\u00e1y x\u1ebfp bo m\u1ea1ch n\u00e0y c\u1ea3i thi\u1ec7n hi\u1ec7u qu\u1ea3 d\u00e2y chuy\u1ec1n, gi\u1ea3m thao t\u00e1c th\u1ee7 c\u00f4ng v\u00e0 gi\u1ea3m thi\u1ec3u nguy c\u01a1 h\u01b0 h\u1ecfng PCB. L\u00fd t\u01b0\u1edfng cho m\u00f4i tr\u01b0\u1eddng s\u1ea3n xu\u1ea5t SMT, \u0111i\u1ec7n t\u1eed \u00f4 t\u00f4 v\u00e0 \u0111i\u1ec7n t\u1eed ti\u00eau d\u00f9ng quy m\u00f4 l\u1edbn, n\u00f3 cung c\u1ea5p hi\u1ec7u su\u1ea5t t\u1ef1 \u0111\u1ed9ng h\u00f3a \u0111\u00e1ng tin c\u1eady v\u00e0 n\u00e2ng cao n\u0103ng su\u1ea5t s\u1ea3n xu\u1ea5t t\u1ed5ng th\u1ec3.<\/p>\n<p>S\u1ed1 l\u01b0\u1ee3ng \u0111\u1eb7t h\u00e0ng t\u1ed1i thi\u1ec3u: 1 chi\u1ebfc<\/p>\n<p>Th\u1eddi gian giao h\u00e0ng: 15 ng\u00e0y<\/p>","protected":false},"featured_media":23038,"comment_status":"closed","ping_status":"closed","template":"","meta":[],"etheme_brands":[],"product_brand":[],"product_cat":[144,131],"product_tag":[],"class_list":{"0":"post-23036","1":"product","2":"type-product","3":"status-publish","4":"has-post-thumbnail","6":"product_cat-pcb-handling-machine","7":"product_cat-smt-peripheral-equipment","9":"first","10":"instock","11":"shipping-taxable","12":"product-type-simple"},"_links":{"self":[{"href":"https:\/\/esmte.com\/vi\/wp-json\/wp\/v2\/product\/23036","targetHints":{"allow":["GET"]}}],"collection":[{"href":"https:\/\/esmte.com\/vi\/wp-json\/wp\/v2\/product"}],"about":[{"href":"https:\/\/esmte.com\/vi\/wp-json\/wp\/v2\/types\/product"}],"replies":[{"embeddable":true,"href":"https:\/\/esmte.com\/vi\/wp-json\/wp\/v2\/comments?post=23036"}],"version-history":[{"count":1,"href":"https:\/\/esmte.com\/vi\/wp-json\/wp\/v2\/product\/23036\/revisions"}],"predecessor-version":[{"id":23046,"href":"https:\/\/esmte.com\/vi\/wp-json\/wp\/v2\/product\/23036\/revisions\/23046"}],"wp:featuredmedia":[{"embeddable":true,"href":"https:\/\/esmte.com\/vi\/wp-json\/wp\/v2\/media\/23038"}],"wp:attachment":[{"href":"https:\/\/esmte.com\/vi\/wp-json\/wp\/v2\/media?parent=23036"}],"wp:term":[{"taxonomy":"brand","embeddable":true,"href":"https:\/\/esmte.com\/vi\/wp-json\/wp\/v2\/etheme_brands?post=23036"},{"taxonomy":"product_brand","embeddable":true,"href":"https:\/\/esmte.com\/vi\/wp-json\/wp\/v2\/product_brand?post=23036"},{"taxonomy":"product_cat","embeddable":true,"href":"https:\/\/esmte.com\/vi\/wp-json\/wp\/v2\/product_cat?post=23036"},{"taxonomy":"product_tag","embeddable":true,"href":"https:\/\/esmte.com\/vi\/wp-json\/wp\/v2\/product_tag?post=23036"}],"curies":[{"name":"trang web","href":"https:\/\/api.w.org\/{rel}","templated":true}]}}