{"id":22998,"date":"2025-12-11T07:38:13","date_gmt":"2025-12-11T07:38:13","guid":{"rendered":"https:\/\/esmte.com\/?post_type=product&#038;p=22998"},"modified":"2026-01-13T03:06:36","modified_gmt":"2026-01-13T03:06:36","slug":"yfc-5200-automated-fixture-cleaning-machine","status":"publish","type":"product","link":"https:\/\/esmte.com\/vi\/products\/yfc-5200-automated-fixture-cleaning-machine\/","title":{"rendered":"B\u0103ng t\u1ea3i c\u1eeda tay"},"content":{"rendered":"<h2>Gi\u1edbi thi\u1ec7u<\/h2>\n<p data-start=\"145\" data-end=\"467\">C\u00e1i <strong>B\u0103ng t\u1ea3i c\u1eeda tay<\/strong> \u0110\u00e2y l\u00e0 m\u1ed9t h\u1ec7 th\u1ed1ng t\u1ef1 \u0111\u1ed9ng \u0111\u01b0\u1ee3c thi\u1ebft k\u1ebf \u0111\u1ec3 l\u00e0m s\u1ea1ch c\u00e1c thi\u1ebft b\u1ecb s\u1ea3n xu\u1ea5t \u0111i\u1ec7n t\u1eed, bao g\u1ed3m khay h\u00e0n ch\u1ea3y, gi\u00e1 \u0111\u1ee1 h\u00e0n s\u00f3ng, thi\u1ebft b\u1ecb ki\u1ec3m tra ICT\/FCT v\u00e0 \u0111\u1ed3 g\u00e1 ph\u1ee7. N\u00f3 lo\u1ea1i b\u1ecf c\u1eb7n ch\u1ea5t tr\u1ee3 h\u00e0n, ch\u1ea5t k\u1ebft d\u00ednh, b\u1ee5i v\u00e0 c\u00e1c ch\u1ea5t g\u00e2y \u00f4 nhi\u1ec5m kh\u00e1c, \u0111\u1ea3m b\u1ea3o c\u00e1c thi\u1ebft b\u1ecb lu\u00f4n s\u1ea1ch s\u1ebd v\u00e0 s\u1eb5n s\u00e0ng cho s\u1ea3n xu\u1ea5t.<\/p>\n<p data-start=\"469\" data-end=\"751\">\u0110\u01b0\u1ee3c trang b\u1ecb h\u1ec7 th\u1ed1ng phun l\u00e0m s\u1ea1ch hi\u1ec7u qu\u1ea3 cao, ki\u1ec3m so\u00e1t nhi\u1ec7t \u0111\u1ed9 v\u00e0 \u00e1p su\u1ea5t ch\u00ednh x\u00e1c, c\u00f9ng h\u1ec7 th\u1ed1ng l\u1ecdc \u0111a t\u1ea7ng, YFC-5200 cung c\u1ea5p kh\u1ea3 n\u0103ng l\u00e0m s\u1ea1ch k\u1ef9 l\u01b0\u1ee1ng, l\u1eb7p l\u1ea1i m\u00e0 kh\u00f4ng l\u00e0m h\u1ecfng c\u00e1c thi\u1ebft b\u1ecb. C\u00e1c c\u00f4ng th\u1ee9c l\u1eadp tr\u00ecnh cho ph\u00e9p t\u00f9y ch\u1ec9nh cho c\u00e1c lo\u1ea1i thi\u1ebft b\u1ecb v\u00e0 m\u1eadt \u0111\u1ed9 PCB kh\u00e1c nhau.<\/p>\n<p data-start=\"753\" data-end=\"1047\">TRONG <strong data-start=\"756\" data-end=\"788\">nh\u00e0 m\u00e1y \u0111i\u1ec7n t\u1eed di \u0111\u1ed9ng<\/strong>, c\u00e1i <strong>SMT<\/strong> <strong>M\u00e1y v\u1ec7 sinh thi\u1ebft b\u1ecb YFC-5200<\/strong> Kh\u00f4i ph\u1ee5c c\u00e1c thi\u1ebft b\u1ecb h\u00e0n v\u00e0 ki\u1ec3m tra v\u1ec1 tr\u1ea1ng th\u00e1i t\u1ed1i \u01b0u, lo\u1ea1i b\u1ecf c\u1eb7n b\u1ea9n c\u00f3 th\u1ec3 \u1ea3nh h\u01b0\u1edfng \u0111\u1ebfn ch\u1ea5t l\u01b0\u1ee3ng h\u00e0n, \u0111\u1ed9 ch\u00ednh x\u00e1c ki\u1ec3m tra ho\u1eb7c quy tr\u00ecnh c\u0103n ch\u1ec9nh b\u1eb1ng th\u1ecb gi\u00e1c. Th\u1eddi gian chu k\u1ef3 nhanh cho ph\u00e9p thay th\u1ebf thi\u1ebft b\u1ecb nhanh ch\u00f3ng trong s\u1ea3n xu\u1ea5t \u0111i\u1ec7n tho\u1ea1i th\u00f4ng minh v\u1edbi nhi\u1ec1u ch\u1ee7ng lo\u1ea1i s\u1ea3n ph\u1ea9m kh\u00e1c nhau.<\/p>\n<p data-start=\"1049\" data-end=\"1301\">M\u00e1y c\u00f3 k\u1ebft c\u1ea5u b\u1ec1n ch\u1eafc, d\u1ec5 b\u1ea3o tr\u00ec v\u00e0 v\u1eadn h\u00e0nh t\u1ef1 \u0111\u1ed9ng. H\u1ec7 th\u1ed1ng l\u1ecdc kh\u00e9p k\u00edn gi\u00fap gi\u1ea3m l\u01b0\u1ee3ng h\u00f3a ch\u1ea5t s\u1eed d\u1ee5ng v\u00e0 k\u00e9o d\u00e0i tu\u1ed5i th\u1ecd dung d\u1ecbch l\u00e0m s\u1ea1ch, trong khi h\u1ec7 th\u1ed1ng gi\u00e1m s\u00e1t t\u00edch h\u1ee3p \u0111\u1ea3m b\u1ea3o ho\u1ea1t \u0111\u1ed9ng \u0111\u00e1ng tin c\u1eady trong s\u1ea3n xu\u1ea5t li\u00ean t\u1ee5c.<\/p>\n<p data-start=\"1303\" data-end=\"1594\">Nh\u00ecn chung, <strong>B\u0103ng t\u1ea3i c\u1eeda tay<\/strong> N\u00f3 gi\u00fap t\u0103ng c\u01b0\u1eddng s\u1ef1 \u1ed5n \u0111\u1ecbnh s\u1ea3n xu\u1ea5t, k\u00e9o d\u00e0i tu\u1ed5i th\u1ecd c\u1ee7a c\u00e1c thi\u1ebft b\u1ecb v\u00e0 c\u1ea3i thi\u1ec7n ch\u1ea5t l\u01b0\u1ee3ng s\u1ea3n ph\u1ea9m. N\u00f3 cung c\u1ea5p kh\u1ea3 n\u0103ng l\u00e0m s\u1ea1ch t\u1ef1 \u0111\u1ed9ng, nh\u1ea5t qu\u00e1n cho c\u00e1c thi\u1ebft b\u1ecb tinh vi, l\u00fd t\u01b0\u1edfng cho c\u00e1c thi\u1ebft b\u1ecb \u0111i\u1ec7n t\u1eed di \u0111\u1ed9ng, thi\u1ebft b\u1ecb \u0111i\u1ec7n t\u1eed \u00f4 t\u00f4 v\u00e0 c\u00e1c m\u00f4i tr\u01b0\u1eddng s\u1ea3n xu\u1ea5t \u0111\u00f2i h\u1ecfi \u0111\u1ed9 ch\u00ednh x\u00e1c cao kh\u00e1c.<\/p>\n<p data-start=\"1303\" data-end=\"1594\"><img loading=\"lazy\" decoding=\"async\" class=\"aligncenter wp-image-22999\" src=\"https:\/\/esmte.com\/wp-content\/uploads\/2025\/12\/11-41.webp\" alt=\"SMT Fixture Cleaning Machine\" width=\"670\" height=\"670\" srcset=\"https:\/\/esmte.com\/wp-content\/uploads\/2025\/12\/11-41.webp 2560w, https:\/\/esmte.com\/wp-content\/uploads\/2025\/12\/11-41-100x100.webp 100w, https:\/\/esmte.com\/wp-content\/uploads\/2025\/12\/11-41-600x600.webp 600w, https:\/\/esmte.com\/wp-content\/uploads\/2025\/12\/11-41-300x300.webp 300w, https:\/\/esmte.com\/wp-content\/uploads\/2025\/12\/11-41-1024x1024.webp 1024w, https:\/\/esmte.com\/wp-content\/uploads\/2025\/12\/11-41-150x150.webp 150w, https:\/\/esmte.com\/wp-content\/uploads\/2025\/12\/11-41-768x768.webp 768w, https:\/\/esmte.com\/wp-content\/uploads\/2025\/12\/11-41-1536x1536.webp 1536w, https:\/\/esmte.com\/wp-content\/uploads\/2025\/12\/11-41-2048x2048.webp 2048w, https:\/\/esmte.com\/wp-content\/uploads\/2025\/12\/11-41-1x1.webp 1w, https:\/\/esmte.com\/wp-content\/uploads\/2025\/12\/11-41-10x10.webp 10w\" sizes=\"auto, (max-width: 670px) 100vw, 670px\" \/><\/p>\n<h2 data-start=\"80\" data-end=\"185\"><strong data-start=\"84\" data-end=\"185\">M\u00e1y v\u1ec7 sinh linh ki\u1ec7n YFC-5200 \u0111\u01b0\u1ee3c s\u1eed d\u1ee5ng nh\u01b0 th\u1ebf n\u00e0o trong c\u00e1c nh\u00e0 m\u00e1y s\u1ea3n xu\u1ea5t linh ki\u1ec7n \u0111i\u1ec7n t\u1eed di \u0111\u1ed9ng?\u00a0<\/strong><\/h2>\n<p data-start=\"187\" data-end=\"500\"><strong data-start=\"187\" data-end=\"234\">1. V\u1ec7 sinh c\u00e1c thi\u1ebft b\u1ecb h\u00e0n ch\u1ea3y v\u00e0 h\u00e0n s\u00f3ng<\/strong><br data-start=\"234\" data-end=\"237\" \/>YFC-5200 lo\u1ea1i b\u1ecf hi\u1ec7u qu\u1ea3 c\u1eb7n ch\u1ea5t tr\u1ee3 h\u00e0n, c\u00e1c h\u1ea1t b\u1eafn t\u00f3e khi h\u00e0n v\u00e0 c\u1eb7n cacbon h\u00f3a kh\u1ecfi c\u00e1c gi\u00e1 \u0111\u1ee1 h\u00e0n ch\u1ea3y v\u00e0 khay h\u00e0n s\u00f3ng \u0111\u01b0\u1ee3c s\u1eed d\u1ee5ng trong s\u1ea3n xu\u1ea5t PCBA \u0111i\u1ec7n tho\u1ea1i th\u00f4ng minh. \u0110i\u1ec1u n\u00e0y \u0111\u1ea3m b\u1ea3o truy\u1ec1n nhi\u1ec7t \u1ed5n \u0111\u1ecbnh v\u00e0 ng\u0103n ng\u1eeba c\u00e1c khuy\u1ebft t\u1eadt h\u00e0n tr\u00ean c\u00e1c linh ki\u1ec7n c\u00f3 kho\u1ea3ng c\u00e1ch ch\u00e2n nh\u1ecf.<\/p>\n<p data-start=\"502\" data-end=\"806\"><strong data-start=\"502\" data-end=\"561\">2. Kh\u00f4i ph\u1ee5c c\u00e1c thi\u1ebft b\u1ecb ki\u1ec3m tra ICT\/FCT \u0111\u1ec3 ki\u1ec3m tra ch\u00ednh x\u00e1c<\/strong><br data-start=\"561\" data-end=\"564\" \/>Trong l\u0129nh v\u1ef1c \u0111i\u1ec7n t\u1eed di \u0111\u1ed9ng, ki\u1ec3m tra \u0111i\u1ec7n \u0111\u00f2i h\u1ecfi c\u00e1c \u0111i\u1ec3m ti\u1ebfp x\u00fac c\u00f3 \u0111\u1ed9 tin c\u1eady cao. M\u00e1y l\u00e0m s\u1ea1ch g\u00e1 l\u1eafp YFC-5200 lo\u1ea1i b\u1ecf b\u1ee5i, ch\u1ea5t tr\u1ee3 h\u00e0n b\u1ecb oxy h\u00f3a v\u00e0 ch\u1ea5t k\u1ebft d\u00ednh kh\u1ecfi c\u00e1c ch\u00e2n v\u00e0 t\u1ea5m c\u1ee7a g\u00e1 l\u1eafp, gi\u1ea3m thi\u1ec3u l\u1ed7i sai v\u00e0 c\u1ea3i thi\u1ec7n \u0111\u1ed9 ch\u00ednh x\u00e1c c\u1ee7a ki\u1ec3m tra.<\/p>\n<p data-start=\"808\" data-end=\"1109\"><strong data-start=\"808\" data-end=\"875\">3. V\u1ec7 sinh c\u00e1c \u0111\u1ed3 g\u00e1 ch\u00ednh x\u00e1c cho quy tr\u00ecnh ph\u1ee7 v\u00e0 ph\u00e2n ph\u1ed1i<\/strong><br data-start=\"875\" data-end=\"878\" \/>C\u00e1c quy tr\u00ecnh ph\u1ee7 l\u1edbp v\u00e0 ph\u00e2n ph\u1ed1i keo d\u00e1n cho \u0111i\u1ec7n tho\u1ea1i th\u00f4ng minh ph\u1ee5 thu\u1ed9c v\u00e0o c\u00e1c khu\u00f4n \u0111\u1ecbnh v\u1ecb ch\u00ednh x\u00e1c. Thi\u1ebft b\u1ecb YFC-5200 lo\u1ea1i b\u1ecf keo \u0111\u00e3 kh\u00f4 v\u00e0 s\u01b0\u01a1ng m\u00f9 l\u1edbp ph\u1ee7 c\u00f3 th\u1ec3 g\u00e2y nhi\u1ec5u h\u1ec7 th\u1ed1ng th\u1ecb gi\u00e1c v\u00e0 d\u1eabn \u0111\u1ebfn sai l\u1ec7ch, \u0111\u1ea3m b\u1ea3o k\u1ebft qu\u1ea3 quy tr\u00ecnh nh\u1ea5t qu\u00e1n.<\/p>\n<p data-start=\"1111\" data-end=\"1420\"><strong data-start=\"1111\" data-end=\"1178\">4. Lo\u1ea1i b\u1ecf t\u1ea1p ch\u1ea5t d\u1ea1ng h\u1ea1t tr\u00ean c\u00e1c thi\u1ebft b\u1ecb c\u1ed1 \u0111\u1ecbnh trong quy tr\u00ecnh laser<\/strong><br data-start=\"1178\" data-end=\"1181\" \/>C\u00e1c thi\u1ebft b\u1ecb kh\u1eafc v\u00e0 c\u1eaft laser d\u00f9ng cho linh ki\u1ec7n \u0111i\u1ec7n tho\u1ea1i ph\u1ea3i lu\u00f4n s\u1ea1ch s\u1ebd, kh\u00f4ng c\u00f3 c\u00e1c h\u1ea1t si\u00eau nh\u1ecf. H\u1ec7 th\u1ed1ng phun \u00e1p su\u1ea5t cao v\u00e0 l\u1ecdc \u0111a t\u1ea7ng c\u1ee7a m\u00e1y gi\u00fap lo\u1ea1i b\u1ecf c\u00e1c m\u1ea3nh v\u1ee5n nh\u1ecf c\u00f3 th\u1ec3 \u1ea3nh h\u01b0\u1edfng \u0111\u1ebfn \u0111\u1ed9 ch\u00ednh x\u00e1c c\u1ee7a laser v\u00e0 ch\u1ea5t l\u01b0\u1ee3ng b\u1ec1 m\u1eb7t.<\/p>\n<p data-start=\"1422\" data-end=\"1711\"><strong data-start=\"1422\" data-end=\"1474\">5. H\u1ed7 tr\u1ee3 s\u1ea3n xu\u1ea5t \u0111a d\u1ea1ng s\u1ea3n ph\u1ea9m, n\u0103ng su\u1ea5t cao<\/strong><br data-start=\"1474\" data-end=\"1477\" \/>C\u00e1c nh\u00e0 m\u00e1y s\u1ea3n xu\u1ea5t linh ki\u1ec7n \u0111i\u1ec7n t\u1eed di \u0111\u1ed9ng th\u01b0\u1eddng v\u1eadn h\u00e0nh nhi\u1ec1u m\u1eabu s\u1ea3n ph\u1ea9m c\u00f9ng l\u00fac. M\u00e1y YFC-5200 cung c\u1ea5p c\u00e1c c\u00f4ng th\u1ee9c l\u00e0m s\u1ea1ch c\u00f3 th\u1ec3 l\u1eadp tr\u00ecnh v\u00e0 th\u1eddi gian chu k\u1ef3 nhanh, cho ph\u00e9p thay th\u1ebf linh ki\u1ec7n nhanh ch\u00f3ng v\u00e0 \u0111\u1ea3m b\u1ea3o linh ki\u1ec7n lu\u00f4n s\u1eb5n s\u00e0ng cho s\u1ea3n xu\u1ea5t.<\/p>\n<p data-start=\"1713\" data-end=\"2005\"><strong data-start=\"1713\" data-end=\"1777\">6. K\u00e9o d\u00e0i tu\u1ed5i th\u1ecd thi\u1ebft b\u1ecb v\u00e0 gi\u1ea3m chi ph\u00ed b\u1ea3o tr\u00ec<\/strong><br data-start=\"1777\" data-end=\"1780\" \/>B\u1eb1ng c\u00e1ch ng\u0103n ng\u1eeba s\u1ef1 t\u00edch t\u1ee5 c\u1eb7n b\u1ea9n v\u00e0 b\u1ea3o v\u1ec7 b\u1ec1 m\u1eb7t linh ki\u1ec7n kh\u1ecfi h\u01b0 h\u1ea1i do v\u1ec7 sinh th\u1ee7 c\u00f4ng, YFC-5200 k\u00e9o d\u00e0i tu\u1ed5i th\u1ecd c\u1ee7a linh ki\u1ec7n. \u0110i\u1ec1u n\u00e0y gi\u00fap gi\u1ea3m chi ph\u00ed thay th\u1ebf v\u00e0 c\u1ea3i thi\u1ec7n \u0111\u1ed9 \u1ed5n \u0111\u1ecbnh l\u00e2u d\u00e0i trong d\u00e2y chuy\u1ec1n l\u1eafp r\u00e1p \u0111i\u1ec7n tho\u1ea1i th\u00f4ng minh.<\/p>\n<p data-start=\"1713\" data-end=\"2005\"><img loading=\"lazy\" decoding=\"async\" class=\"alignnone size-full wp-image-22995\" src=\"https:\/\/esmte.com\/wp-content\/uploads\/2025\/12\/\u56fe\u72474-scaled.webp\" alt=\"\" width=\"2560\" height=\"2017\" srcset=\"https:\/\/esmte.com\/wp-content\/uploads\/2025\/12\/\u56fe\u72474-scaled.webp 2560w, https:\/\/esmte.com\/wp-content\/uploads\/2025\/12\/\u56fe\u72474-scaled-600x473.webp 600w, https:\/\/esmte.com\/wp-content\/uploads\/2025\/12\/\u56fe\u72474-300x236.webp 300w, https:\/\/esmte.com\/wp-content\/uploads\/2025\/12\/\u56fe\u72474-1024x807.webp 1024w, https:\/\/esmte.com\/wp-content\/uploads\/2025\/12\/\u56fe\u72474-768x605.webp 768w, https:\/\/esmte.com\/wp-content\/uploads\/2025\/12\/\u56fe\u72474-1536x1210.webp 1536w, https:\/\/esmte.com\/wp-content\/uploads\/2025\/12\/\u56fe\u72474-2048x1613.webp 2048w, https:\/\/esmte.com\/wp-content\/uploads\/2025\/12\/\u56fe\u72474-1x1.webp 1w, https:\/\/esmte.com\/wp-content\/uploads\/2025\/12\/\u56fe\u72474-10x8.webp 10w\" sizes=\"auto, (max-width: 2560px) 100vw, 2560px\" \/><\/p>\n<h2>Th\u00f4ng s\u1ed1 k\u1ef9 thu\u1eadt<\/h2>\n<table style=\"border-collapse: collapse; width: 925px; height: 361px;\" border=\"0\" width=\"528\" cellspacing=\"0\" cellpadding=\"0\">\n<tbody>\n<tr style=\"height: 15.00pt;\">\n<td class=\"et2\" style=\"height: 15pt; width: 141pt; text-align: center;\" width=\"188\" height=\"20\">Ng\u01b0\u1eddi m\u1eabu<\/td>\n<td class=\"et3\" style=\"width: 255pt; text-align: center;\" width=\"340\">YFC-5200<\/td>\n<\/tr>\n<tr style=\"height: 15.00pt;\">\n<td class=\"et4\" style=\"height: 15pt; width: 141pt; text-align: center;\" width=\"188\" height=\"20\">K\u00edch th\u01b0\u1edbc gi\u1ecf \u0111\u1ef1ng \u0111\u1ed3 v\u1ec7 sinh<\/td>\n<td class=\"et5\" style=\"width: 255pt; text-align: center;\" width=\"340\">\u0110\u01b0\u1eddng k\u00ednh 1000mm x Cao 200mm. T\u00f9y ch\u1ecdn k\u00edch th\u01b0\u1edbc \u0111\u1eb7c bi\u1ec7t.<\/td>\n<\/tr>\n<tr style=\"height: 15.00pt;\">\n<td class=\"et4\" style=\"height: 15pt; width: 141pt; text-align: center;\" width=\"188\" height=\"20\">B\u1ed9 ph\u1eadn phun<\/td>\n<td class=\"et5\" style=\"width: 255pt; text-align: center;\" width=\"340\">\u0110\u01b0\u1eddng k\u00ednh 1000mm x Cao 200mm. T\u00f9y ch\u1ecdn k\u00edch th\u01b0\u1edbc \u0111\u1eb7c bi\u1ec7t.<\/td>\n<\/tr>\n<tr style=\"height: 15.00pt;\">\n<td class=\"et4\" style=\"height: 15pt; width: 141pt; text-align: center;\" width=\"188\" height=\"20\">B\u1ed9 ph\u1eadn phun<\/td>\n<td class=\"et5\" style=\"width: 255pt; text-align: center;\" width=\"340\">M\u1eb7t tr\u00ean\/d\u01b0\u1edbi\/tr\u01b0\u1edbc, phun 720\u00b0 to\u00e0n di\u1ec7n<\/td>\n<\/tr>\n<tr style=\"height: 15.00pt;\">\n<td class=\"et4\" style=\"height: 15pt; width: 141pt; text-align: center;\" width=\"188\" height=\"20\">H\u1ec7 th\u1ed1ng l\u1ecdc 3 c\u1ea5p<\/td>\n<td class=\"et5\" style=\"width: 255pt; text-align: center;\" width=\"340\">B\u1ed9 l\u1ecdc 1mm \/50um\/20um<\/td>\n<\/tr>\n<tr style=\"height: 15.00pt;\">\n<td class=\"et4\" style=\"height: 15pt; width: 141pt; text-align: center;\" width=\"188\" height=\"20\">\u00c1p su\u1ea5t kh\u00ed n\u00e9n<\/td>\n<td class=\"et5\" style=\"width: 255pt; text-align: center;\" width=\"340\">0,5~0,7 MPa<\/td>\n<\/tr>\n<tr style=\"height: 15.00pt;\">\n<td class=\"et4\" style=\"height: 15pt; width: 141pt; text-align: center;\" width=\"188\" height=\"20\">Dung t\u00edch b\u1ec3 ch\u1ee9a s\u1ea1ch<\/td>\n<td class=\"et5\" style=\"width: 255pt; text-align: center;\" width=\"340\">80 l\u00edt<\/td>\n<\/tr>\n<tr style=\"height: 15.00pt;\">\n<td class=\"et4\" style=\"height: 15pt; width: 141pt; text-align: center;\" width=\"188\" height=\"20\">N\u01b0\u1edbc r\u1eeda, nhi\u1ec7t \u0111\u1ed9<\/td>\n<td class=\"et5\" style=\"width: 255pt; text-align: center;\" width=\"340\"><span class=\"font1\">Nhi\u1ec7t \u0111\u1ed9 ph\u00f2ng ~ 80 \u0111\u1ed9<\/span><span class=\"font0\">\u2103<\/span><\/td>\n<\/tr>\n<tr style=\"height: 15.00pt;\">\n<td class=\"et4\" style=\"height: 15pt; width: 141pt; text-align: center;\" width=\"188\" height=\"20\">Nhi\u1ec7t \u0111\u1ed9 kh\u00f4ng kh\u00ed n\u00f3ng<\/td>\n<td class=\"et5\" style=\"width: 255pt; text-align: center;\" width=\"340\"><span class=\"font1\">Nhi\u1ec7t \u0111\u1ed9 ph\u00f2ng ~90 \u0111\u1ed9<\/span><span class=\"font0\">\u2103<\/span><\/td>\n<\/tr>\n<tr style=\"height: 15.00pt;\">\n<td class=\"et4\" style=\"height: 15pt; width: 141pt; text-align: center;\" width=\"188\" height=\"20\">Ngu\u1ed3n \u0111i\u1ec7n b\u01a1m s\u1ea1ch<\/td>\n<td class=\"et5\" style=\"width: 255pt; text-align: center;\" width=\"340\">2,2KW<\/td>\n<\/tr>\n<tr style=\"height: 15.00pt;\">\n<td class=\"et4\" style=\"height: 15pt; width: 141pt; text-align: center;\" width=\"188\" height=\"20\">S\u1ee9c m\u1ea1nh c\u1ee7a ch\u1ea5t t\u1ea9y r\u1eeda s\u1ea1ch<\/td>\n<td class=\"et5\" style=\"width: 255pt; text-align: center;\" width=\"340\">9KW<\/td>\n<\/tr>\n<tr style=\"height: 15.00pt;\">\n<td class=\"et4\" style=\"height: 15pt; width: 141pt; text-align: center;\" width=\"188\" height=\"20\">C\u00f4ng su\u1ea5t qu\u1ea1t gi\u00f3<\/td>\n<td class=\"et5\" style=\"width: 255pt; text-align: center;\" width=\"340\">4.0KW<\/td>\n<\/tr>\n<tr style=\"height: 15.00pt;\">\n<td class=\"et4\" style=\"height: 15pt; width: 141pt; text-align: center;\" width=\"188\" height=\"20\">Ngu\u1ed3n \u0111i\u1ec7n<\/td>\n<td class=\"et5\" style=\"width: 255pt; text-align: center;\" width=\"340\">3 pha, AC 380V, 50\/60HZ, 33KW<\/td>\n<\/tr>\n<tr style=\"height: 15.00pt;\">\n<td class=\"et6\" style=\"height: 15pt; width: 141pt; text-align: center;\" width=\"188\" height=\"20\">K\u00edch th\u01b0\u1edbc m\u00e1y<\/td>\n<td class=\"et7\" style=\"width: 255pt; text-align: center;\" width=\"340\">D\u00e0i 1380 x R\u1ed9ng 2100 x Cao 1400 (mm)<\/td>\n<\/tr>\n<\/tbody>\n<\/table>\n<p>&nbsp;<\/p>\n<p><a href=\"https:\/\/www.youtube.com\/@allaismt\" rel=\"nofollow noopener\" target=\"_blank\"><u>https:\/\/www.youtube.com\/@allaismt<\/u><\/a><\/p>\n<p>For more information about the <strong>B\u0103ng t\u1ea3i c\u1eeda tay<\/strong>, Vui l\u00f2ng g\u1eedi email \u0111\u1ebfn<\/p>\n<p><a href=\"mailto:sophia@allaismt.com\"><u>sophia@allaismt.com<\/u><\/a><\/p>\n<p>Ch\u00fang t\u00f4i s\u1ebd ph\u1ea3n h\u1ed3i y\u00eau c\u1ea7u c\u1ee7a b\u1ea1n trong th\u1eddi gian s\u1edbm nh\u1ea5t v\u00e0 cung c\u1ea5p cho b\u1ea1n th\u00f4ng tin chi ti\u1ebft v\u1ec1 c\u00e1c s\u1ea3n ph\u1ea9m v\u00e0 d\u1ecbch v\u1ee5 c\u1ee7a ch\u00fang t\u00f4i.<\/p>\n<p>&nbsp;<\/p>","protected":false},"excerpt":{"rendered":"<p>M\u00f4 t\u1ea3: C\u00e1i <strong>SMT<\/strong> <strong>M\u00e1y v\u1ec7 sinh thi\u1ebft b\u1ecb YFC-5200<\/strong> YFC-5200 l\u00e0 m\u1ed9t h\u1ec7 th\u1ed1ng t\u1ef1 \u0111\u1ed9ng ti\u00ean ti\u1ebfn \u0111\u01b0\u1ee3c thi\u1ebft k\u1ebf \u0111\u1ec3 l\u00e0m s\u1ea1ch c\u00e1c thi\u1ebft b\u1ecb s\u1ea3n xu\u1ea5t \u0111i\u1ec7n t\u1eed m\u1ed9t c\u00e1ch hi\u1ec7u qu\u1ea3 v\u00e0 \u0111\u00e1ng tin c\u1eady. N\u00f3 lo\u1ea1i b\u1ecf c\u1eb7n ch\u1ea5t tr\u1ee3 h\u00e0n, ch\u1ea5t k\u1ebft d\u00ednh, b\u1ee5i v\u00e0 c\u00e1c ch\u1ea5t g\u00e2y \u00f4 nhi\u1ec5m kh\u00e1c kh\u1ecfi c\u00e1c khay h\u00e0n ch\u1ea3y, gi\u00e1 \u0111\u1ee1 h\u00e0n s\u00f3ng, thi\u1ebft b\u1ecb ki\u1ec3m tra ICT\/FCT, \u0111\u1ed3 g\u00e1 ph\u1ee7 v\u00e0 c\u00e1c d\u1ee5ng c\u1ee5 kh\u00e1c \u0111\u01b0\u1ee3c s\u1eed d\u1ee5ng trong s\u1ea3n xu\u1ea5t PCBA m\u1eadt \u0111\u1ed9 cao. B\u1eb1ng c\u00e1ch duy tr\u00ec \u0111\u1ed9 s\u1ea1ch c\u1ee7a thi\u1ebft b\u1ecb, YFC-5200 \u0111\u1ea3m b\u1ea3o t\u00ednh \u1ed5n \u0111\u1ecbnh c\u1ee7a quy tr\u00ecnh, ch\u1ea5t l\u01b0\u1ee3ng h\u00e0n nh\u1ea5t qu\u00e1n v\u00e0 hi\u1ec7u su\u1ea5t ki\u1ec3m tra t\u1ed1i \u01b0u, \u0111i\u1ec1u n\u00e0y \u0111\u1eb7c bi\u1ec7t quan tr\u1ecdng trong s\u1ea3n xu\u1ea5t thi\u1ebft b\u1ecb \u0111i\u1ec7n t\u1eed di \u0111\u1ed9ng.<\/p>\n<p>S\u1ed1 l\u01b0\u1ee3ng \u0111\u1eb7t h\u00e0ng t\u1ed1i thi\u1ec3u: 1 chi\u1ebfc<\/p>\n<p>Th\u1eddi gian giao h\u00e0ng: 15 ng\u00e0y<\/p>","protected":false},"featured_media":23000,"comment_status":"closed","ping_status":"closed","template":"","meta":[],"etheme_brands":[],"product_brand":[],"product_cat":[156,157],"product_tag":[],"class_list":{"0":"post-22998","1":"product","2":"type-product","3":"status-publish","4":"has-post-thumbnail","6":"product_cat-pcb-cleaning-machine","7":"product_cat-fixture-cleaning-machine","9":"first","10":"instock","11":"shipping-taxable","12":"product-type-simple"},"_links":{"self":[{"href":"https:\/\/esmte.com\/vi\/wp-json\/wp\/v2\/product\/22998","targetHints":{"allow":["GET"]}}],"collection":[{"href":"https:\/\/esmte.com\/vi\/wp-json\/wp\/v2\/product"}],"about":[{"href":"https:\/\/esmte.com\/vi\/wp-json\/wp\/v2\/types\/product"}],"replies":[{"embeddable":true,"href":"https:\/\/esmte.com\/vi\/wp-json\/wp\/v2\/comments?post=22998"}],"version-history":[{"count":1,"href":"https:\/\/esmte.com\/vi\/wp-json\/wp\/v2\/product\/22998\/revisions"}],"predecessor-version":[{"id":23738,"href":"https:\/\/esmte.com\/vi\/wp-json\/wp\/v2\/product\/22998\/revisions\/23738"}],"wp:featuredmedia":[{"embeddable":true,"href":"https:\/\/esmte.com\/vi\/wp-json\/wp\/v2\/media\/23000"}],"wp:attachment":[{"href":"https:\/\/esmte.com\/vi\/wp-json\/wp\/v2\/media?parent=22998"}],"wp:term":[{"taxonomy":"brand","embeddable":true,"href":"https:\/\/esmte.com\/vi\/wp-json\/wp\/v2\/etheme_brands?post=22998"},{"taxonomy":"product_brand","embeddable":true,"href":"https:\/\/esmte.com\/vi\/wp-json\/wp\/v2\/product_brand?post=22998"},{"taxonomy":"product_cat","embeddable":true,"href":"https:\/\/esmte.com\/vi\/wp-json\/wp\/v2\/product_cat?post=22998"},{"taxonomy":"product_tag","embeddable":true,"href":"https:\/\/esmte.com\/vi\/wp-json\/wp\/v2\/product_tag?post=22998"}],"curies":[{"name":"trang web","href":"https:\/\/api.w.org\/{rel}","templated":true}]}}