{"id":22993,"date":"2025-12-11T07:23:27","date_gmt":"2025-12-11T07:23:27","guid":{"rendered":"https:\/\/esmte.com\/?post_type=product&#038;p=22993"},"modified":"2026-01-13T03:12:57","modified_gmt":"2026-01-13T03:12:57","slug":"fixture-cleaning-machine","status":"publish","type":"product","link":"https:\/\/esmte.com\/vi\/products\/fixture-cleaning-machine\/","title":{"rendered":"SMT Fixture Cleaning Machine"},"content":{"rendered":"<h2>Gi\u1edbi thi\u1ec7u<\/h2>\n<p data-start=\"127\" data-end=\"460\">C\u00e1i <strong>SMT<\/strong> <strong>M\u00e1y l\u00e0m s\u1ea1ch thi\u1ebft b\u1ecb<\/strong> \u0110\u00e2y l\u00e0 m\u1ed9t gi\u1ea3i ph\u00e1p t\u1ef1 \u0111\u1ed9ng \u0111\u01b0\u1ee3c thi\u1ebft k\u1ebf \u0111\u1ec3 lo\u1ea1i b\u1ecf c\u1eb7n ch\u1ea5t tr\u1ee3 h\u00e0n, ch\u1ea5t k\u1ebft d\u00ednh, b\u1ee5i v\u00e0 c\u00e1c ch\u1ea5t g\u00e2y \u00f4 nhi\u1ec5m kh\u00e1c trong qu\u00e1 tr\u00ecnh s\u1ea3n xu\u1ea5t kh\u1ecfi nhi\u1ec1u lo\u1ea1i thi\u1ebft b\u1ecb l\u1eafp r\u00e1p. Khi c\u00e1c c\u1ee5m linh ki\u1ec7n \u0111i\u1ec7n t\u1eed ng\u00e0y c\u00e0ng nh\u1ecf g\u1ecdn v\u00e0 ch\u00ednh x\u00e1c h\u01a1n, vi\u1ec7c duy tr\u00ec \u0111\u1ed9 s\u1ea1ch s\u1ebd c\u1ee7a thi\u1ebft b\u1ecb l\u00e0 \u0111i\u1ec1u c\u1ea7n thi\u1ebft \u0111\u1ec3 \u0111\u1ea3m b\u1ea3o quy tr\u00ecnh \u1ed5n \u0111\u1ecbnh v\u00e0 ch\u1ea5t l\u01b0\u1ee3ng s\u1ea3n ph\u1ea9m nh\u1ea5t qu\u00e1n.<\/p>\n<p data-start=\"462\" data-end=\"899\">Tr\u1ecdng t\u00e2m c\u1ee7a h\u1ec7 th\u1ed1ng l\u00e0 c\u01a1 ch\u1ebf l\u00e0m s\u1ea1ch b\u1eb1ng phun s\u01b0\u01a1ng hi\u1ec7u su\u1ea5t cao \u0111\u01b0\u1ee3c h\u1ed7 tr\u1ee3 b\u1edfi kh\u1ea3 n\u0103ng ki\u1ec3m so\u00e1t nhi\u1ec7t \u0111\u1ed9 v\u00e0 \u00e1p su\u1ea5t ch\u00ednh x\u00e1c. H\u1ec7 th\u1ed1ng c\u00f3 kh\u1ea3 n\u0103ng l\u00e0m s\u1ea1ch c\u00e1c khay h\u00e0n ch\u1ea3y l\u1ea1i, gi\u00e1 \u0111\u1ee1 h\u00e0n s\u00f3ng, thi\u1ebft b\u1ecb ki\u1ec3m tra ICT\/FCT, \u0111\u1ed3 g\u00e1 ph\u1ee7 v\u00e0 khung d\u1ee5ng c\u1ee5 ch\u1ec9 trong m\u1ed9t chu k\u1ef3. C\u00e1c v\u00f2i phun \u0111\u01b0\u1ee3c t\u1ed1i \u01b0u h\u00f3a v\u00e0 h\u1ec7 th\u1ed1ng l\u1ecdc kh\u00e9p k\u00edn \u0111\u1ea3m b\u1ea3o lo\u1ea1i b\u1ecf tri\u1ec7t \u0111\u1ec3 c\u1eb7n b\u1ea9n \u0111\u00e3 \u0111\u00f3ng r\u1eafn m\u00e0 kh\u00f4ng l\u00e0m h\u1ecfng b\u1ec1 m\u1eb7t thi\u1ebft b\u1ecb ho\u1eb7c l\u00e0m thay \u0111\u1ed5i \u0111\u1ed9 ch\u00ednh x\u00e1c v\u1ec1 k\u00edch th\u01b0\u1edbc.<\/p>\n<p data-start=\"901\" data-end=\"1235\">Chu tr\u00ecnh l\u00e0m s\u1ea1ch t\u1ef1 \u0111\u1ed9ng thay th\u1ebf c\u00f4ng vi\u1ec7c th\u1ee7 c\u00f4ng kh\u00f4ng nh\u1ea5t qu\u00e1n, gi\u1ea3m c\u01b0\u1eddng \u0111\u1ed9 lao \u0111\u1ed9ng \u0111\u1ed3ng th\u1eddi c\u1ea3i thi\u1ec7n t\u00ednh l\u1eb7p l\u1ea1i. C\u00e1c th\u00f4ng s\u1ed1 l\u1eadp tr\u00ecnh cho ph\u00e9p ng\u01b0\u1eddi v\u1eadn h\u00e0nh t\u00f9y ch\u1ec9nh ch\u1ebf \u0111\u1ed9 l\u00e0m s\u1ea1ch cho c\u00e1c lo\u1ea1i thi\u1ebft b\u1ecb kh\u00e1c nhau, v\u00e0 thi\u1ebft k\u1ebf l\u1ecdc t\u00edch h\u1ee3p gi\u00fap gi\u1ea3m thi\u1ec3u l\u01b0\u1ee3ng h\u00f3a ch\u1ea5t s\u1eed d\u1ee5ng, k\u00e9o d\u00e0i tu\u1ed5i th\u1ecd dung d\u1ecbch l\u00e0m s\u1ea1ch v\u00e0 gi\u1ea3m chi ph\u00ed v\u1eadn h\u00e0nh.<\/p>\n<p data-start=\"1237\" data-end=\"1536\">V\u1edbi kh\u1ea3 n\u0103ng t\u01b0\u01a1ng th\u00edch v\u1edbi c\u00e1c quy tr\u00ecnh s\u1ea3n xu\u1ea5t SMT, THT v\u00e0 PCBA, s\u1ea3n ph\u1ea9m n\u00e0y <strong>SMT<\/strong> <strong>M\u00e1y l\u00e0m s\u1ea1ch thi\u1ebft b\u1ecb<\/strong> H\u1ed7 tr\u1ee3 m\u00f4i tr\u01b0\u1eddng s\u1ea3n xu\u1ea5t \u0111a d\u1ea1ng s\u1ea3n ph\u1ea9m, n\u01a1i c\u00e1c thi\u1ebft b\u1ecb \u0111\u01b0\u1ee3c thay \u0111\u1ed5i th\u01b0\u1eddng xuy\u00ean. C\u1ea5u tr\u00fac ch\u1eafc ch\u1eafn, kh\u1ea3 n\u0103ng b\u1ea3o tr\u00ec d\u1ec5 d\u00e0ng v\u00e0 ch\u1ee9c n\u0103ng b\u00e1o \u0111\u1ed9ng t\u1ef1 \u0111\u1ed9ng mang l\u1ea1i \u0111\u1ed9 tin c\u1eady l\u00e2u d\u00e0i cho ho\u1ea1t \u0111\u1ed9ng li\u00ean t\u1ee5c.<\/p>\n<p data-start=\"1538\" data-end=\"1923\">Nh\u00ecn chung, <strong>SMT Fixture Cleaning Machine<\/strong> N\u00f3 gi\u00fap t\u0103ng c\u01b0\u1eddng s\u1ef1 \u1ed5n \u0111\u1ecbnh s\u1ea3n xu\u1ea5t, k\u00e9o d\u00e0i tu\u1ed5i th\u1ecd thi\u1ebft b\u1ecb v\u00e0 c\u1ea3i thi\u1ec7n \u0111\u1ed9 tin c\u1eady c\u1ee7a s\u1ea3n ph\u1ea9m. B\u1eb1ng c\u00e1ch cung c\u1ea5p quy tr\u00ecnh l\u00e0m s\u1ea1ch \u0111\u01b0\u1ee3c ki\u1ec3m so\u00e1t, c\u00f3 th\u1ec3 l\u1eb7p l\u1ea1i v\u00e0 kh\u00f4ng b\u1ecb nhi\u1ec5m b\u1ea9n, n\u00f3 \u0111\u00f3ng vai tr\u00f2 l\u00e0 gi\u1ea3i ph\u00e1p \u0111\u00e1ng tin c\u1eady cho s\u1ea3n xu\u1ea5t \u0111i\u1ec7n t\u1eed ti\u00ean ti\u1ebfn trong c\u00e1c thi\u1ebft b\u1ecb di \u0111\u1ed9ng, \u0111i\u1ec7n t\u1eed \u00f4 t\u00f4, thi\u1ebft b\u1ecb y t\u1ebf v\u00e0 h\u1ec7 th\u1ed1ng \u0111i\u1ec1u khi\u1ec3n c\u00f4ng nghi\u1ec7p.<\/p>\n<p data-start=\"1538\" data-end=\"1923\"><img loading=\"lazy\" decoding=\"async\" class=\"alignnone wp-image-22994 aligncenter\" src=\"https:\/\/esmte.com\/wp-content\/uploads\/2025\/12\/11-40.webp\" alt=\"Fixture Cleaning Machine\" width=\"657\" height=\"657\" srcset=\"https:\/\/esmte.com\/wp-content\/uploads\/2025\/12\/11-40.webp 2560w, https:\/\/esmte.com\/wp-content\/uploads\/2025\/12\/11-40-100x100.webp 100w, https:\/\/esmte.com\/wp-content\/uploads\/2025\/12\/11-40-600x600.webp 600w, https:\/\/esmte.com\/wp-content\/uploads\/2025\/12\/11-40-300x300.webp 300w, https:\/\/esmte.com\/wp-content\/uploads\/2025\/12\/11-40-1024x1024.webp 1024w, https:\/\/esmte.com\/wp-content\/uploads\/2025\/12\/11-40-150x150.webp 150w, https:\/\/esmte.com\/wp-content\/uploads\/2025\/12\/11-40-768x768.webp 768w, https:\/\/esmte.com\/wp-content\/uploads\/2025\/12\/11-40-1536x1536.webp 1536w, https:\/\/esmte.com\/wp-content\/uploads\/2025\/12\/11-40-2048x2048.webp 2048w, https:\/\/esmte.com\/wp-content\/uploads\/2025\/12\/11-40-1x1.webp 1w, https:\/\/esmte.com\/wp-content\/uploads\/2025\/12\/11-40-10x10.webp 10w\" sizes=\"auto, (max-width: 657px) 100vw, 657px\" \/><\/p>\n<h2 data-start=\"136\" data-end=\"215\"><strong data-start=\"139\" data-end=\"215\">How the SMT Fixture Cleaning Machine Is Used in Mobile Electronics Factories<\/strong><\/h2>\n<p data-start=\"217\" data-end=\"304\"><strong data-start=\"221\" data-end=\"302\">1. B\u1ed9 d\u1ee5ng c\u1ee5 v\u1ec7 sinh bo m\u1ea1ch ch\u1ee7 \u0111i\u1ec7n tho\u1ea1i th\u00f4ng minh (khay h\u00e0n ch\u1ea3y v\u00e0 h\u00e0n s\u00f3ng)<\/strong><\/p>\n<p data-start=\"305\" data-end=\"597\">C\u00e1c bo m\u1ea1ch PCB c\u1ee7a \u0111i\u1ec7n tho\u1ea1i th\u00f4ng minh c\u00f3 k\u00edch th\u01b0\u1edbc nh\u1ecf g\u1ecdn v\u00e0 m\u1eadt \u0111\u1ed9 linh ki\u1ec7n cao, \u0111\u00f2i h\u1ecfi d\u1ee5ng c\u1ee5 ph\u1ea3i s\u1ea1ch s\u1ebd v\u00e0 kh\u00f4ng b\u1ecb nhi\u1ec5m b\u1ea9n. M\u00e1y l\u00e0m s\u1ea1ch d\u1ee5ng c\u1ee5 lo\u1ea1i b\u1ecf c\u1eb7n ch\u1ea5t tr\u1ee3 h\u00e0n, d\u1ea7u v\u00e0 m\u1ea3nh v\u1ee5n kh\u1ecfi khay h\u00e0n n\u00f3ng ch\u1ea3y v\u00e0 h\u00e0n s\u00f3ng, \u0111\u1ea3m b\u1ea3o ch\u1ea5t l\u01b0\u1ee3ng \u1ed5n \u0111\u1ecbnh v\u00e0 ng\u0103n ng\u1eeba \u00f4 nhi\u1ec5m cho c\u00e1c l\u00f4 s\u1ea3n xu\u1ea5t ti\u1ebfp theo.<\/p>\n<p data-start=\"599\" data-end=\"646\"><strong data-start=\"603\" data-end=\"644\">2. V\u1ec7 sinh c\u00e1c thi\u1ebft b\u1ecb ki\u1ec3m tra CNTT v\u00e0 FCT<\/strong><\/p>\n<p data-start=\"647\" data-end=\"966\">S\u1ea3n xu\u1ea5t thi\u1ebft b\u1ecb \u0111i\u1ec7n t\u1eed di \u0111\u1ed9ng ph\u1ee5 thu\u1ed9c r\u1ea5t nhi\u1ec1u v\u00e0o vi\u1ec7c ki\u1ec3m tra ICT v\u00e0 FCT. Theo th\u1eddi gian, c\u00e1c thi\u1ebft b\u1ecb ki\u1ec3m tra t\u00edch t\u1ee5 b\u1ee5i, kem h\u00e0n, d\u1ea5u v\u00e2n tay v\u00e0 c\u1eb7n b\u1ea9n l\u00e0m gi\u1ea3m \u0111\u1ed9 tin c\u1eady c\u1ee7a ti\u1ebfp x\u00fac \u0111\u1ea7u d\u00f2. Vi\u1ec7c l\u00e0m s\u1ea1ch thi\u1ebft b\u1ecb t\u1ef1 \u0111\u1ed9ng gi\u00fap kh\u00f4i ph\u1ee5c \u0111\u1ed9 s\u1ea1ch, c\u1ea3i thi\u1ec7n \u0111\u1ed9 ch\u00ednh x\u00e1c c\u1ee7a ki\u1ec3m tra \u0111i\u1ec7n v\u00e0 gi\u1ea3m thi\u1ec3u c\u00e1c l\u1ed7i sai ho\u1eb7c b\u1ecf s\u00f3t khuy\u1ebft t\u1eadt.<\/p>\n<p data-start=\"968\" data-end=\"1020\"><strong data-start=\"972\" data-end=\"1018\">3. V\u1ec7 sinh c\u00e1c gi\u00e1 \u0111\u1ee1 c\u1ee5m pin<\/strong><\/p>\n<p data-start=\"1021\" data-end=\"1300\">Trong qu\u00e1 tr\u00ecnh l\u1eafp r\u00e1p pin \u0111i\u1ec7n tho\u1ea1i th\u00f4ng minh, c\u00e1c gi\u00e1 \u0111\u1ee1 th\u01b0\u1eddng t\u00edch t\u1ee5 c\u1eb7n keo, c\u00e1c h\u1ea1t b\u1ee5i v\u00e0 m\u1ea3nh v\u1ee5n niken. M\u00e1y l\u00e0m s\u1ea1ch gi\u00fap lo\u1ea1i b\u1ecf hi\u1ec7u qu\u1ea3 c\u00e1c ch\u1ea5t g\u00e2y \u00f4 nhi\u1ec5m n\u00e0y, ng\u0103n ch\u1eb7n v\u1eadt l\u1ea1 x\u00e2m nh\u1eadp v\u00e0o khu v\u1ef1c l\u1eafp r\u00e1p pin, t\u1eeb \u0111\u00f3 c\u1ea3i thi\u1ec7n an to\u00e0n v\u00e0 t\u00ednh nh\u1ea5t qu\u00e1n trong qu\u00e1 tr\u00ecnh l\u1eafp r\u00e1p.<\/p>\n<p data-start=\"1302\" data-end=\"1363\"><strong data-start=\"1306\" data-end=\"1361\">4. V\u1ec7 sinh c\u00e1c thi\u1ebft b\u1ecb trong quy tr\u00ecnh ph\u1ee7 v\u00e0 ph\u00e2n ph\u1ed1i<\/strong><\/p>\n<p data-start=\"1364\" data-end=\"1638\">C\u00e1c quy tr\u00ecnh ph\u1ee7 l\u1edbp b\u1ea3o v\u1ec7 v\u00e0 ph\u00e2n ph\u1ed1i ch\u1ea5t k\u1ebft d\u00ednh \u0111\u1ec3 l\u1ea1i v\u1eadt li\u1ec7u \u0111\u00e3 \u0111\u00f3ng r\u1eafn tr\u00ean c\u00e1c chi ti\u1ebft c\u1ed1 \u0111\u1ecbnh, \u1ea3nh h\u01b0\u1edfng \u0111\u1ebfn \u0111\u1ed9 ch\u00ednh x\u00e1c v\u1ec1 k\u00edch th\u01b0\u1edbc v\u00e0 \u0111\u1ed9 \u1ed5n \u0111\u1ecbnh khi thi c\u00f4ng. M\u00e1y l\u00e0m s\u1ea1ch chi ti\u1ebft c\u1ed1 \u0111\u1ecbnh gi\u00fap lo\u1ea1i b\u1ecf c\u1eb7n b\u1ea9n v\u00e0 ch\u1ea5t t\u00edch t\u1ee5 \u0111\u00e3 \u0111\u00f3ng r\u1eafn \u0111\u1ec3 \u0111\u1ea3m b\u1ea3o l\u1edbp ph\u1ee7 ch\u00ednh x\u00e1c v\u00e0 ch\u1ea5t k\u1ebft d\u00ednh \u0111\u01b0\u1ee3c thi c\u00f4ng \u0111\u1ed3ng \u0111\u1ec1u.<\/p>\n<p data-start=\"1640\" data-end=\"1699\"><strong data-start=\"1644\" data-end=\"1697\">5. D\u1ee5ng c\u1ee5 v\u1ec7 sinh cho qu\u00e1 tr\u00ecnh s\u1ea3n xu\u1ea5t m\u00f4-\u0111un camera<\/strong><\/p>\n<p data-start=\"1700\" data-end=\"1960\">C\u00e1c m\u00f4-\u0111un camera \u0111\u00f2i h\u1ecfi \u0111\u1ed9 s\u1ea1ch s\u1ebd c\u1ef1c k\u1ef3 cao. M\u00e1y l\u00e0m s\u1ea1ch lo\u1ea1i b\u1ecf b\u1ee5i si\u00eau nh\u1ecf, c\u1eb7n keo v\u00e0 ch\u1ea5t g\u00e2y \u00f4 nhi\u1ec5m t\u1eeb c\u00e1c gi\u00e1 \u0111\u1ee1 l\u1eafp r\u00e1p camera, \u0111\u1ea3m b\u1ea3o c\u00e1c th\u00e0nh ph\u1ea7n nh\u1ea1y c\u1ea3m\u2014nh\u01b0 th\u1ea5u k\u00ednh v\u00e0 c\u1ea3m bi\u1ebfn h\u00ecnh \u1ea3nh\u2014\u0111\u01b0\u1ee3c b\u1ea3o v\u1ec7 v\u00e0 kh\u00f4ng b\u1ecb h\u01b0 h\u1ecfng.<\/p>\n<p data-start=\"1962\" data-end=\"2029\"><strong data-start=\"1966\" data-end=\"2027\">6. H\u1ed7 tr\u1ee3 s\u1ea3n xu\u1ea5t di \u0111\u1ed9ng \u0111a d\u1ea1ng s\u1ea3n ph\u1ea9m, n\u0103ng su\u1ea5t cao<\/strong><\/p>\n<p data-start=\"2030\" data-end=\"2281\">S\u1ea3n xu\u1ea5t thi\u1ebft b\u1ecb di \u0111\u1ed9ng \u0111\u00f2i h\u1ecfi thay \u0111\u1ed5i m\u1eabu m\u00e3 th\u01b0\u1eddng xuy\u00ean v\u00e0 s\u1eed d\u1ee5ng nhi\u1ec1u \u0111\u1ed3 g\u00e1. Vi\u1ec7c l\u00e0m s\u1ea1ch \u0111\u1ed3 g\u00e1 t\u1ef1 \u0111\u1ed9ng gi\u00fap t\u0103ng t\u1ed1c \u0111\u1ed9 thay th\u1ebf \u0111\u1ed3 g\u00e1, gi\u1ea3m lao \u0111\u1ed9ng th\u1ee7 c\u00f4ng v\u00e0 \u0111\u1ea3m b\u1ea3o s\u1ea3n xu\u1ea5t \u1ed5n \u0111\u1ecbnh, li\u00ean t\u1ee5c cho c\u00e1c d\u00e2y chuy\u1ec1n l\u1eafp r\u00e1p \u0111i\u1ec7n tho\u1ea1i th\u00f4ng minh t\u1ed1c \u0111\u1ed9 cao.<\/p>\n<p data-start=\"1538\" data-end=\"1923\"><img loading=\"lazy\" decoding=\"async\" class=\"aligncenter wp-image-22995\" src=\"https:\/\/esmte.com\/wp-content\/uploads\/2025\/12\/\u56fe\u72474-scaled.webp\" alt=\"\" width=\"1055\" height=\"831\" srcset=\"https:\/\/esmte.com\/wp-content\/uploads\/2025\/12\/\u56fe\u72474-scaled.webp 2560w, https:\/\/esmte.com\/wp-content\/uploads\/2025\/12\/\u56fe\u72474-scaled-600x473.webp 600w, https:\/\/esmte.com\/wp-content\/uploads\/2025\/12\/\u56fe\u72474-300x236.webp 300w, https:\/\/esmte.com\/wp-content\/uploads\/2025\/12\/\u56fe\u72474-1024x807.webp 1024w, https:\/\/esmte.com\/wp-content\/uploads\/2025\/12\/\u56fe\u72474-768x605.webp 768w, https:\/\/esmte.com\/wp-content\/uploads\/2025\/12\/\u56fe\u72474-1536x1210.webp 1536w, https:\/\/esmte.com\/wp-content\/uploads\/2025\/12\/\u56fe\u72474-2048x1613.webp 2048w, https:\/\/esmte.com\/wp-content\/uploads\/2025\/12\/\u56fe\u72474-1x1.webp 1w, https:\/\/esmte.com\/wp-content\/uploads\/2025\/12\/\u56fe\u72474-10x8.webp 10w\" sizes=\"auto, (max-width: 1055px) 100vw, 1055px\" \/><\/p>\n<h2>Th\u00f4ng s\u1ed1 k\u1ef9 thu\u1eadt<\/h2>\n<table style=\"border-collapse: collapse; width: 924px; height: 356px;\" border=\"0\" width=\"528\" cellspacing=\"0\" cellpadding=\"0\">\n<tbody>\n<tr style=\"height: 15.00pt;\">\n<td class=\"et2\" style=\"height: 15pt; width: 141pt; text-align: center;\" width=\"188\" height=\"20\">Ng\u01b0\u1eddi m\u1eabu<\/td>\n<td class=\"et3\" style=\"width: 255pt; text-align: center;\" width=\"340\">YFC-5200<\/td>\n<\/tr>\n<tr style=\"height: 15.00pt;\">\n<td class=\"et4\" style=\"height: 15pt; width: 141pt; text-align: center;\" width=\"188\" height=\"20\">K\u00edch th\u01b0\u1edbc gi\u1ecf \u0111\u1ef1ng \u0111\u1ed3 v\u1ec7 sinh<\/td>\n<td class=\"et5\" style=\"width: 255pt; text-align: center;\" width=\"340\">\u0110\u01b0\u1eddng k\u00ednh 1000mm x Cao 200mm. T\u00f9y ch\u1ecdn k\u00edch th\u01b0\u1edbc \u0111\u1eb7c bi\u1ec7t.<\/td>\n<\/tr>\n<tr style=\"height: 15.00pt;\">\n<td class=\"et4\" style=\"height: 15pt; width: 141pt; text-align: center;\" width=\"188\" height=\"20\">B\u1ed9 ph\u1eadn phun<\/td>\n<td class=\"et5\" style=\"width: 255pt; text-align: center;\" width=\"340\">\u0110\u01b0\u1eddng k\u00ednh 1000mm x Cao 200mm. T\u00f9y ch\u1ecdn k\u00edch th\u01b0\u1edbc \u0111\u1eb7c bi\u1ec7t.<\/td>\n<\/tr>\n<tr style=\"height: 15.00pt;\">\n<td class=\"et4\" style=\"height: 15pt; width: 141pt; text-align: center;\" width=\"188\" height=\"20\">B\u1ed9 ph\u1eadn phun<\/td>\n<td class=\"et5\" style=\"width: 255pt; text-align: center;\" width=\"340\">M\u1eb7t tr\u00ean\/d\u01b0\u1edbi\/tr\u01b0\u1edbc, phun 720\u00b0 to\u00e0n di\u1ec7n<\/td>\n<\/tr>\n<tr style=\"height: 15.00pt;\">\n<td class=\"et4\" style=\"height: 15pt; width: 141pt; text-align: center;\" width=\"188\" height=\"20\">H\u1ec7 th\u1ed1ng l\u1ecdc 3 c\u1ea5p<\/td>\n<td class=\"et5\" style=\"width: 255pt; text-align: center;\" width=\"340\">B\u1ed9 l\u1ecdc 1mm \/50um\/20um<\/td>\n<\/tr>\n<tr style=\"height: 15.00pt;\">\n<td class=\"et4\" style=\"height: 15pt; width: 141pt; text-align: center;\" width=\"188\" height=\"20\">\u00c1p su\u1ea5t kh\u00ed n\u00e9n<\/td>\n<td class=\"et5\" style=\"width: 255pt; text-align: center;\" width=\"340\">0,5~0,7 MPa<\/td>\n<\/tr>\n<tr style=\"height: 15.00pt;\">\n<td class=\"et4\" style=\"height: 15pt; width: 141pt; text-align: center;\" width=\"188\" height=\"20\">Dung t\u00edch b\u1ec3 ch\u1ee9a s\u1ea1ch<\/td>\n<td class=\"et5\" style=\"width: 255pt; text-align: center;\" width=\"340\">80 l\u00edt<\/td>\n<\/tr>\n<tr style=\"height: 15.00pt;\">\n<td class=\"et4\" style=\"height: 15pt; width: 141pt; text-align: center;\" width=\"188\" height=\"20\">N\u01b0\u1edbc r\u1eeda, nhi\u1ec7t \u0111\u1ed9<\/td>\n<td class=\"et5\" style=\"width: 255pt; text-align: center;\" width=\"340\"><span class=\"font1\">Nhi\u1ec7t \u0111\u1ed9 ph\u00f2ng ~ 80 \u0111\u1ed9<\/span><span class=\"font0\">\u2103<\/span><\/td>\n<\/tr>\n<tr style=\"height: 15.00pt;\">\n<td class=\"et4\" style=\"height: 15pt; width: 141pt; text-align: center;\" width=\"188\" height=\"20\">Nhi\u1ec7t \u0111\u1ed9 kh\u00f4ng kh\u00ed n\u00f3ng<\/td>\n<td class=\"et5\" style=\"width: 255pt; text-align: center;\" width=\"340\"><span class=\"font1\">Nhi\u1ec7t \u0111\u1ed9 ph\u00f2ng ~90 \u0111\u1ed9<\/span><span class=\"font0\">\u2103<\/span><\/td>\n<\/tr>\n<tr style=\"height: 15.00pt;\">\n<td class=\"et4\" style=\"height: 15pt; width: 141pt; text-align: center;\" width=\"188\" height=\"20\">Ngu\u1ed3n \u0111i\u1ec7n b\u01a1m s\u1ea1ch<\/td>\n<td class=\"et5\" style=\"width: 255pt; text-align: center;\" width=\"340\">2,2KW<\/td>\n<\/tr>\n<tr style=\"height: 15.00pt;\">\n<td class=\"et4\" style=\"height: 15pt; width: 141pt; text-align: center;\" width=\"188\" height=\"20\">S\u1ee9c m\u1ea1nh c\u1ee7a ch\u1ea5t t\u1ea9y r\u1eeda s\u1ea1ch<\/td>\n<td class=\"et5\" style=\"width: 255pt; text-align: center;\" width=\"340\">9KW<\/td>\n<\/tr>\n<tr style=\"height: 15.00pt;\">\n<td class=\"et4\" style=\"height: 15pt; width: 141pt; text-align: center;\" width=\"188\" height=\"20\">C\u00f4ng su\u1ea5t qu\u1ea1t gi\u00f3<\/td>\n<td class=\"et5\" style=\"width: 255pt; text-align: center;\" width=\"340\">4.0KW<\/td>\n<\/tr>\n<tr style=\"height: 15.00pt;\">\n<td class=\"et4\" style=\"height: 15pt; width: 141pt; text-align: center;\" width=\"188\" height=\"20\">Ngu\u1ed3n \u0111i\u1ec7n<\/td>\n<td class=\"et5\" style=\"width: 255pt; text-align: center;\" width=\"340\">3 pha, AC 380V, 50\/60HZ, 33KW<\/td>\n<\/tr>\n<tr style=\"height: 15.00pt;\">\n<td class=\"et6\" style=\"height: 15pt; width: 141pt; text-align: center;\" width=\"188\" height=\"20\">K\u00edch th\u01b0\u1edbc m\u00e1y<\/td>\n<td class=\"et7\" style=\"width: 255pt; text-align: center;\" width=\"340\">D\u00e0i 1380 x R\u1ed9ng 2100 x Cao 1400 (mm)<\/td>\n<\/tr>\n<\/tbody>\n<\/table>\n<p>&nbsp;<\/p>\n<p><a href=\"https:\/\/www.youtube.com\/@allaismt\" rel=\"nofollow noopener\" target=\"_blank\"><u>https:\/\/www.youtube.com\/@allaismt<\/u><\/a><\/p>\n<p>For more information about the <strong>SMT Fixture Cleaning Machine<\/strong>, Vui l\u00f2ng g\u1eedi email \u0111\u1ebfn<\/p>\n<p><a href=\"mailto:sophia@allaismt.com\"><u>sophia@allaismt.com<\/u><\/a><\/p>\n<p>Ch\u00fang t\u00f4i s\u1ebd ph\u1ea3n h\u1ed3i y\u00eau c\u1ea7u c\u1ee7a b\u1ea1n trong th\u1eddi gian s\u1edbm nh\u1ea5t v\u00e0 cung c\u1ea5p cho b\u1ea1n th\u00f4ng tin chi ti\u1ebft v\u1ec1 c\u00e1c s\u1ea3n ph\u1ea9m v\u00e0 d\u1ecbch v\u1ee5 c\u1ee7a ch\u00fang t\u00f4i.<\/p>\n<p>&nbsp;<\/p>","protected":false},"excerpt":{"rendered":"<p>M\u00f4 t\u1ea3: C\u00e1i <strong>SMT<\/strong> <strong>M\u00e1y l\u00e0m s\u1ea1ch thi\u1ebft b\u1ecb<\/strong> is an automated cleaning system designed to remove flux residues, adhesives, dust, and contaminants from various production fixtures. Using high-pressure spray technology, optimized solvents, and controlled cleaning cycles, it restores fixtures to a clean, ready-to-use condition. Its consistent cleaning performance improves process stability, reduces manual labor, and supports high-quality production in SMT, THT, and PCBA manufacturing environments.<\/p>\n<p>S\u1ed1 l\u01b0\u1ee3ng \u0111\u1eb7t h\u00e0ng t\u1ed1i thi\u1ec3u: 1 chi\u1ebfc<\/p>\n<p>Th\u1eddi gian giao h\u00e0ng: 15 ng\u00e0y<\/p>","protected":false},"featured_media":22996,"comment_status":"closed","ping_status":"closed","template":"","meta":[],"etheme_brands":[],"product_brand":[],"product_cat":[156,157],"product_tag":[],"class_list":{"0":"post-22993","1":"product","2":"type-product","3":"status-publish","4":"has-post-thumbnail","6":"product_cat-pcb-cleaning-machine","7":"product_cat-fixture-cleaning-machine","9":"first","10":"instock","11":"shipping-taxable","12":"product-type-simple"},"_links":{"self":[{"href":"https:\/\/esmte.com\/vi\/wp-json\/wp\/v2\/product\/22993","targetHints":{"allow":["GET"]}}],"collection":[{"href":"https:\/\/esmte.com\/vi\/wp-json\/wp\/v2\/product"}],"about":[{"href":"https:\/\/esmte.com\/vi\/wp-json\/wp\/v2\/types\/product"}],"replies":[{"embeddable":true,"href":"https:\/\/esmte.com\/vi\/wp-json\/wp\/v2\/comments?post=22993"}],"version-history":[{"count":1,"href":"https:\/\/esmte.com\/vi\/wp-json\/wp\/v2\/product\/22993\/revisions"}],"predecessor-version":[{"id":23740,"href":"https:\/\/esmte.com\/vi\/wp-json\/wp\/v2\/product\/22993\/revisions\/23740"}],"wp:featuredmedia":[{"embeddable":true,"href":"https:\/\/esmte.com\/vi\/wp-json\/wp\/v2\/media\/22996"}],"wp:attachment":[{"href":"https:\/\/esmte.com\/vi\/wp-json\/wp\/v2\/media?parent=22993"}],"wp:term":[{"taxonomy":"brand","embeddable":true,"href":"https:\/\/esmte.com\/vi\/wp-json\/wp\/v2\/etheme_brands?post=22993"},{"taxonomy":"product_brand","embeddable":true,"href":"https:\/\/esmte.com\/vi\/wp-json\/wp\/v2\/product_brand?post=22993"},{"taxonomy":"product_cat","embeddable":true,"href":"https:\/\/esmte.com\/vi\/wp-json\/wp\/v2\/product_cat?post=22993"},{"taxonomy":"product_tag","embeddable":true,"href":"https:\/\/esmte.com\/vi\/wp-json\/wp\/v2\/product_tag?post=22993"}],"curies":[{"name":"trang web","href":"https:\/\/api.w.org\/{rel}","templated":true}]}}