{"id":22866,"date":"2025-12-09T03:47:18","date_gmt":"2025-12-09T03:47:18","guid":{"rendered":"https:\/\/esmte.com\/?post_type=product&#038;p=22866"},"modified":"2025-12-09T03:49:32","modified_gmt":"2025-12-09T03:49:32","slug":"topbest-yr-300-automatic-screw-robot","status":"publish","type":"product","link":"https:\/\/esmte.com\/vi\/products\/topbest-yr-300-automatic-screw-robot\/","title":{"rendered":"Robot v\u1eb7n v\u00edt t\u1ef1 \u0111\u1ed9ng Topbest YR-300"},"content":{"rendered":"<h2>Gi\u1edbi thi\u1ec7u<\/h2>\n<p data-start=\"0\" data-end=\"423\">C\u00e1i <strong data-start=\"4\" data-end=\"59\">Robot v\u1eb7n v\u00edt t\u1ef1 \u0111\u1ed9ng Topbest YR-300<\/strong> \u0110\u00e2y l\u00e0 gi\u1ea3i ph\u00e1p t\u1ef1 \u0111\u1ed9ng h\u00f3a chuy\u00ean nghi\u1ec7p \u0111\u01b0\u1ee3c thi\u1ebft k\u1ebf \u0111\u1ec3 t\u1ed1i \u01b0u h\u00f3a quy tr\u00ecnh si\u1ebft v\u00edt trong c\u00e1c d\u00e2y chuy\u1ec1n s\u1ea3n xu\u1ea5t v\u00e0 l\u1eafp r\u00e1p \u0111i\u1ec7n t\u1eed hi\u1ec7n \u0111\u1ea1i. V\u1edbi nhu c\u1ea7u ng\u00e0y c\u00e0ng t\u0103ng v\u1ec1 \u0111\u1ed9 ch\u00ednh x\u00e1c v\u00e0 hi\u1ec7u qu\u1ea3 trong s\u1ea3n xu\u1ea5t PCBA, SMT v\u00e0 s\u1ea3n xu\u1ea5t theo l\u00f4 nh\u1ecf \u0111\u1ebfn trung b\u00ecnh, YR-300 cung c\u1ea5p m\u1ed9t gi\u1ea3i ph\u00e1p t\u1ed1c \u0111\u1ed9 cao, \u0111\u00e1ng tin c\u1eady, gi\u00fap gi\u1ea3m thi\u1ec3u lao \u0111\u1ed9ng th\u1ee7 c\u00f4ng \u0111\u1ed3ng th\u1eddi \u0111\u1ea3m b\u1ea3o ch\u1ea5t l\u01b0\u1ee3ng \u1ed5n \u0111\u1ecbnh.<\/p>\n<p data-start=\"425\" data-end=\"850\">\u0110\u01b0\u1ee3c trang b\u1ecb h\u1ec7 th\u1ed1ng \u0111i\u1ec1u khi\u1ec3n chuy\u1ec3n \u0111\u1ed9ng ti\u00ean ti\u1ebfn v\u00e0 c\u01a1 ch\u1ebf kh\u00f3a th\u00f4ng minh, <strong data-start=\"4\" data-end=\"59\">Robot v\u1eb7n v\u00edt t\u1ef1 \u0111\u1ed9ng Topbest YR-300<\/strong> Cung c\u1ea5p kh\u1ea3 n\u0103ng \u0111\u1ecbnh v\u1ecb v\u00edt ch\u00ednh x\u00e1c v\u1edbi m\u00f4-men xo\u1eafn \u0111\u1ed3ng \u0111\u1ec1u, ng\u0103n ng\u1eeba h\u01b0 h\u1ecfng c\u00e1c b\u1ed9 ph\u1eadn tinh t\u1ebf v\u00e0 \u0111\u1ea3m b\u1ea3o \u0111\u1ed9 tin c\u1eady l\u1eafp r\u00e1p l\u00e2u d\u00e0i. Giao di\u1ec7n l\u1eadp tr\u00ecnh cho ph\u00e9p ng\u01b0\u1eddi v\u1eadn h\u00e0nh thi\u1ebft l\u1eadp c\u00e1c th\u00f4ng s\u1ed1 v\u1ec1 k\u00edch th\u01b0\u1edbc v\u00edt, m\u00f4-men xo\u1eafn v\u00e0 t\u1ed1c \u0111\u1ed9 quay, cho ph\u00e9p th\u00edch \u1ee9ng linh ho\u1ea1t v\u1edbi c\u00e1c thi\u1ebft k\u1ebf s\u1ea3n ph\u1ea9m v\u00e0 y\u00eau c\u1ea7u l\u1eafp r\u00e1p kh\u00e1c nhau.<\/p>\n<p data-start=\"852\" data-end=\"1223\">Thi\u1ebft k\u1ebf nh\u1ecf g\u1ecdn v\u00e0 ti\u1ec7n d\u1ee5ng c\u1ee7a <strong data-start=\"4\" data-end=\"59\">Robot v\u1eb7n v\u00edt t\u1ef1 \u0111\u1ed9ng Topbest YR-300<\/strong> Cho ph\u00e9p t\u00edch h\u1ee3p li\u1ec1n m\u1ea1ch v\u00e0o c\u00e1c thi\u1ebft l\u1eadp m\u00e1y t\u00ednh \u0111\u1ec3 b\u00e0n ho\u1eb7c d\u00e2y chuy\u1ec1n s\u1ea3n xu\u1ea5t, ti\u1ebft ki\u1ec7m kh\u00f4ng gian l\u00e0m vi\u1ec7c trong khi v\u1eabn duy tr\u00ec kh\u1ea3 n\u0103ng truy c\u1eadp t\u1ed1i \u01b0u cho ng\u01b0\u1eddi v\u1eadn h\u00e0nh. C\u1ea5u tr\u00fac ch\u1eafc ch\u1eafn \u0111\u1ea3m b\u1ea3o ho\u1ea1t \u0111\u1ed9ng \u1ed5n \u0111\u1ecbnh, kh\u00f4ng rung l\u1eafc, \u00edt c\u1ea7n b\u1ea3o tr\u00ec v\u00e0 tu\u1ed5i th\u1ecd cao, ph\u00f9 h\u1ee3p v\u1edbi m\u00f4i tr\u01b0\u1eddng s\u1ea3n xu\u1ea5t \u0111a d\u1ea1ng s\u1ea3n ph\u1ea9m ho\u1eb7c s\u1ea3n l\u01b0\u1ee3ng l\u1edbn.<\/p>\n<p data-start=\"1225\" data-end=\"1476\" data-is-last-node=\"\" data-is-only-node=\"\">V\u1edbi <strong data-start=\"4\" data-end=\"59\">Robot v\u1eb7n v\u00edt t\u1ef1 \u0111\u1ed9ng Topbest YR-300<\/strong>, Nh\u1edd \u0111\u00f3, c\u00e1c nh\u00e0 s\u1ea3n xu\u1ea5t c\u00f3 th\u1ec3 \u0111\u1ea1t \u0111\u01b0\u1ee3c chu k\u1ef3 l\u1eafp r\u00e1p nhanh h\u01a1n, hi\u1ec7u qu\u1ea3 s\u1ea3n xu\u1ea5t \u0111\u01b0\u1ee3c c\u1ea3i thi\u1ec7n v\u00e0 ch\u1ea5t l\u01b0\u1ee3ng s\u1ea3n ph\u1ea9m \u1ed5n \u0111\u1ecbnh, cung c\u1ea5p m\u1ed9t gi\u1ea3i ph\u00e1p \u0111\u00e1ng tin c\u1eady cho nhu c\u1ea7u s\u1ea3n xu\u1ea5t t\u1ef1 \u0111\u1ed9ng hi\u1ec7n \u0111\u1ea1i.<\/p>\n<p data-start=\"1225\" data-end=\"1476\" data-is-last-node=\"\" data-is-only-node=\"\"><img loading=\"lazy\" decoding=\"async\" class=\"alignnone wp-image-22867 aligncenter\" src=\"https:\/\/esmte.com\/wp-content\/uploads\/2025\/12\/11-27.webp\" alt=\"Topbest Automatic Locking Fasten Screw Robot YR-300\" width=\"570\" height=\"570\" srcset=\"https:\/\/esmte.com\/wp-content\/uploads\/2025\/12\/11-27.webp 2560w, https:\/\/esmte.com\/wp-content\/uploads\/2025\/12\/11-27-100x100.webp 100w, https:\/\/esmte.com\/wp-content\/uploads\/2025\/12\/11-27-600x600.webp 600w, https:\/\/esmte.com\/wp-content\/uploads\/2025\/12\/11-27-300x300.webp 300w, https:\/\/esmte.com\/wp-content\/uploads\/2025\/12\/11-27-1024x1024.webp 1024w, https:\/\/esmte.com\/wp-content\/uploads\/2025\/12\/11-27-150x150.webp 150w, https:\/\/esmte.com\/wp-content\/uploads\/2025\/12\/11-27-768x768.webp 768w, https:\/\/esmte.com\/wp-content\/uploads\/2025\/12\/11-27-1536x1536.webp 1536w, https:\/\/esmte.com\/wp-content\/uploads\/2025\/12\/11-27-2048x2048.webp 2048w, https:\/\/esmte.com\/wp-content\/uploads\/2025\/12\/11-27-1x1.webp 1w, https:\/\/esmte.com\/wp-content\/uploads\/2025\/12\/11-27-10x10.webp 10w\" sizes=\"auto, (max-width: 570px) 100vw, 570px\" \/><\/p>\n<h3>C\u00e1c t\u00ednh n\u0103ng ch\u00ednh<\/h3>\n<ul>\n<li data-start=\"75\" data-end=\"281\">\n<p data-start=\"78\" data-end=\"281\"><strong data-start=\"78\" data-end=\"112\">C\u1ed1 \u0111\u1ecbnh v\u00edt \u0111\u1ed9 ch\u00ednh x\u00e1c cao<\/strong> \u2013 S\u1eed d\u1ee5ng c\u00f4ng ngh\u1ec7 \u0111i\u1ec1u khi\u1ec3n chuy\u1ec3n \u0111\u1ed9ng ti\u00ean ti\u1ebfn v\u00e0 c\u01a1 ch\u1ebf kh\u00f3a th\u00f4ng minh \u0111\u1ec3 \u0111\u1ea3m b\u1ea3o v\u1ecb tr\u00ed v\u00edt ch\u00ednh x\u00e1c v\u00e0 m\u00f4-men xo\u1eafn \u1ed5n \u0111\u1ecbnh cho c\u00e1c b\u1ed9 ph\u1eadn v\u00e0 c\u1ee5m l\u1eafp r\u00e1p tinh x\u1ea3o.<\/p>\n<\/li>\n<li data-start=\"283\" data-end=\"453\">\n<p data-start=\"286\" data-end=\"453\"><strong data-start=\"286\" data-end=\"319\">V\u1eadn h\u00e0nh nhanh ch\u00f3ng v\u00e0 hi\u1ec7u qu\u1ea3<\/strong> \u2013 C\u00f3 kh\u1ea3 n\u0103ng v\u1eb7n v\u00edt t\u1ed1c \u0111\u1ed9 cao, gi\u00fap c\u1ea3i thi\u1ec7n \u0111\u00e1ng k\u1ec3 n\u0103ng su\u1ea5t s\u1ea3n xu\u1ea5t \u0111\u1ed3ng th\u1eddi gi\u1ea3m thi\u1ec3u lao \u0111\u1ed9ng th\u1ee7 c\u00f4ng v\u00e0 th\u1eddi gian l\u1eafp r\u00e1p.<\/p>\n<\/li>\n<li data-start=\"455\" data-end=\"671\">\n<p data-start=\"458\" data-end=\"671\"><strong data-start=\"458\" data-end=\"487\">C\u00f3 th\u1ec3 l\u1eadp tr\u00ecnh v\u00e0 linh ho\u1ea1t<\/strong> \u2013 H\u1ed7 tr\u1ee3 c\u00e1c th\u00f4ng s\u1ed1 c\u00f3 th\u1ec3 \u0111i\u1ec1u ch\u1ec9nh nh\u01b0 k\u00edch th\u01b0\u1edbc v\u00edt, m\u00f4-men xo\u1eafn, t\u1ed1c \u0111\u1ed9 quay v\u00e0 tr\u00ecnh t\u1ef1 si\u1ebft ch\u1eb7t, cho ph\u00e9p d\u1ec5 d\u00e0ng th\u00edch \u1ee9ng v\u1edbi c\u00e1c thi\u1ebft k\u1ebf s\u1ea3n ph\u1ea9m v\u00e0 y\u00eau c\u1ea7u l\u1eafp r\u00e1p kh\u00e1c nhau.<\/p>\n<\/li>\n<li data-start=\"673\" data-end=\"881\">\n<p data-start=\"676\" data-end=\"881\"><strong data-start=\"676\" data-end=\"708\">Thi\u1ebft k\u1ebf nh\u1ecf g\u1ecdn v\u00e0 ti\u1ec7n d\u1ee5ng<\/strong> \u2013 K\u00edch th\u01b0\u1edbc nh\u1ecf g\u1ecdn, ph\u00f9 h\u1ee3p v\u1edbi m\u00e1y t\u00ednh \u0111\u1ec3 b\u00e0n, cho ph\u00e9p t\u00edch h\u1ee3p li\u1ec1n m\u1ea1ch v\u00e0o d\u00e2y chuy\u1ec1n s\u1ea3n xu\u1ea5t, ph\u00f2ng th\u00ed nghi\u1ec7m R&amp;D ho\u1eb7c c\u00e1c h\u1ec7 th\u1ed1ng l\u1eafp r\u00e1p theo l\u00f4 nh\u1ecf \u0111\u1ebfn trung b\u00ecnh m\u00e0 kh\u00f4ng chi\u1ebfm qu\u00e1 nhi\u1ec1u kh\u00f4ng gian l\u00e0m vi\u1ec7c.<\/p>\n<\/li>\n<li data-start=\"883\" data-end=\"1094\">\n<p data-start=\"886\" data-end=\"1094\"><strong data-start=\"886\" data-end=\"921\">Hi\u1ec7u su\u1ea5t \u1ed5n \u0111\u1ecbnh v\u00e0 \u0111\u00e1ng tin c\u1eady<\/strong> \u2013 \u0110\u01b0\u1ee3c thi\u1ebft k\u1ebf v\u1edbi c\u00e1c b\u1ed9 ph\u1eadn c\u01a1 kh\u00ed ch\u1eafc ch\u1eafn v\u00e0 ho\u1ea1t \u0111\u1ed9ng kh\u00f4ng rung l\u1eafc \u0111\u1ec3 \u0111\u1ea3m b\u1ea3o k\u1ebft qu\u1ea3 nh\u1ea5t qu\u00e1n v\u00e0 \u0111\u1ed9 b\u1ec1n l\u00e2u d\u00e0i trong m\u00f4i tr\u01b0\u1eddng s\u1ea3n xu\u1ea5t kh\u1eafc nghi\u1ec7t.<\/p>\n<\/li>\n<li data-start=\"1096\" data-end=\"1318\" data-is-last-node=\"\">\n<p data-start=\"1099\" data-end=\"1318\" data-is-last-node=\"\"><strong data-start=\"1099\" data-end=\"1130\">Giao di\u1ec7n th\u00e2n thi\u1ec7n v\u1edbi ng\u01b0\u1eddi d\u00f9ng<\/strong> \u2013 H\u1ec7 th\u1ed1ng \u0111i\u1ec1u khi\u1ec3n tr\u1ef1c quan v\u00e0 quy tr\u00ecnh thi\u1ebft l\u1eadp nhanh ch\u00f3ng gi\u00fap gi\u1ea3m thi\u1ec3u y\u00eau c\u1ea7u \u0111\u00e0o t\u1ea1o, gi\u1ea3m l\u1ed7i v\u1eadn h\u00e0nh v\u00e0 cho ph\u00e9p qu\u1ea3n l\u00fd quy tr\u00ecnh l\u00e0m vi\u1ec7c hi\u1ec7u qu\u1ea3 \u0111\u1ed1i v\u1edbi c\u00e1c quy tr\u00ecnh si\u1ebft v\u00edt t\u1ef1 \u0111\u1ed9ng.<\/p>\n<\/li>\n<\/ul>\n<p>&nbsp;<\/p>\n<h2>Th\u00f4ng s\u1ed1 k\u1ef9 thu\u1eadt<\/h2>\n<table style=\"border-collapse: collapse; width: 1378px; height: 178px;\" border=\"0\" width=\"675\" cellspacing=\"0\" cellpadding=\"0\">\n<tbody>\n<tr style=\"height: 15.00pt;\">\n<td class=\"et2\" style=\"height: 15pt; width: 90.75pt; text-align: center;\" width=\"121\" height=\"20\">Ng\u01b0\u1eddi m\u1eabu<\/td>\n<td class=\"et3\" style=\"width: 138pt; text-align: center;\" width=\"184\">YR-300<\/td>\n<td class=\"et3\" style=\"width: 139.5pt; text-align: center;\" width=\"186\">YR-500<\/td>\n<td class=\"et4\" style=\"width: 138pt; text-align: center;\" width=\"184\">YR-600<\/td>\n<\/tr>\n<tr style=\"height: 15.00pt;\">\n<td class=\"et5\" style=\"height: 15pt; width: 90.75pt; text-align: center;\" width=\"121\" height=\"20\">K\u00edch th\u01b0\u1edbc ph\u1ea1m vi t\u1ed1i \u0111a<\/td>\n<td class=\"et6\" style=\"width: 138pt; text-align: center;\" width=\"184\">300*300mm, Z:80mm<\/td>\n<td class=\"et6\" style=\"width: 139.5pt; text-align: center;\" width=\"186\">500*400mm, Z:80mm<\/td>\n<td class=\"et7\" style=\"width: 138pt; text-align: center;\" width=\"184\">600*400mm, Z:80mm<\/td>\n<\/tr>\n<tr style=\"height: 15.00pt;\">\n<td class=\"et5\" style=\"height: 15pt; width: 90.75pt; text-align: center;\" width=\"121\" height=\"20\">S\u1ed1 \u0111\u1ea7u<\/td>\n<td class=\"et6\" style=\"width: 138pt; text-align: center;\" width=\"184\">1<\/td>\n<td class=\"et6\" style=\"width: 139.5pt; text-align: center;\" width=\"186\">1<\/td>\n<td class=\"et7\" style=\"width: 138pt; text-align: center;\" width=\"184\">2<\/td>\n<\/tr>\n<tr style=\"height: 15.00pt;\">\n<td class=\"et5\" style=\"height: 15pt; width: 90.75pt; text-align: center;\" width=\"121\" height=\"20\">S\u1ed1 hi\u1ec7u s\u00e2n ga<\/td>\n<td class=\"et6\" style=\"width: 138pt; text-align: center;\" width=\"184\">1<\/td>\n<td class=\"et6\" style=\"width: 139.5pt; text-align: center;\" width=\"186\">2<\/td>\n<td class=\"et7\" style=\"width: 138pt; text-align: center;\" width=\"184\">2<\/td>\n<\/tr>\n<tr style=\"height: 15.00pt;\">\n<td class=\"et5\" style=\"height: 15pt; width: 90.75pt; text-align: center;\" width=\"121\" height=\"20\">K\u00edch th\u01b0\u1edbc (mm)<\/td>\n<td class=\"et6\" style=\"width: 138pt; text-align: center;\" width=\"184\">670*540*690<\/td>\n<td class=\"et6\" style=\"width: 139.5pt; text-align: center;\" width=\"186\">670*590*690<\/td>\n<td class=\"et7\" style=\"width: 138pt; text-align: center;\" width=\"184\">1010*730*690<\/td>\n<\/tr>\n<tr style=\"height: 15.00pt;\">\n<td class=\"et8\" style=\"height: 15pt; width: 90.75pt; text-align: center;\" width=\"121\" height=\"20\">C\u00e2n n\u1eb7ng<\/td>\n<td class=\"et9\" style=\"width: 138pt; text-align: center;\" width=\"184\">Kho\u1ea3ng 70kg<\/td>\n<td class=\"et9\" style=\"width: 139.5pt; text-align: center;\" width=\"186\">X\u1ea5p x\u1ec9: 90kg<\/td>\n<td class=\"et10\" style=\"width: 138pt; text-align: center;\" width=\"184\">X\u1ea5p x\u1ec9: 130kg<\/td>\n<\/tr>\n<\/tbody>\n<\/table>\n<p>&nbsp;<\/p>\n<p><a href=\"https:\/\/www.youtube.com\/@allaismt\" rel=\"nofollow noopener\" target=\"_blank\"><u>https:\/\/www.youtube.com\/@allaismt<\/u><\/a><\/p>\n<p>\u0110\u1ec3 bi\u1ebft th\u00eam th\u00f4ng tin v\u1ec1 Robot v\u1eb7n v\u00edt t\u1ef1 \u0111\u1ed9ng Topbest YR-300, vui l\u00f2ng g\u1eedi email \u0111\u1ebfn...<\/p>\n<p><a href=\"mailto:sophia@allaismt.com\"><u>sophia@allaismt.com<\/u><\/a><\/p>\n<p>Ch\u00fang t\u00f4i s\u1ebd ph\u1ea3n h\u1ed3i y\u00eau c\u1ea7u c\u1ee7a b\u1ea1n trong th\u1eddi gian s\u1edbm nh\u1ea5t v\u00e0 cung c\u1ea5p cho b\u1ea1n th\u00f4ng tin chi ti\u1ebft v\u1ec1 c\u00e1c s\u1ea3n ph\u1ea9m v\u00e0 d\u1ecbch v\u1ee5 c\u1ee7a ch\u00fang t\u00f4i.<\/p>\n<p>&nbsp;<\/p>","protected":false},"excerpt":{"rendered":"<p>M\u00f4 t\u1ea3: C\u00e1i <strong data-start=\"4\" data-end=\"59\">Robot v\u1eb7n v\u00edt t\u1ef1 \u0111\u1ed9ng Topbest YR-300<\/strong> \u0110\u00e2y l\u00e0 gi\u1ea3i ph\u00e1p t\u1ef1 \u0111\u1ed9ng h\u00f3a \u0111\u1ed9 ch\u00ednh x\u00e1c cao \u0111\u01b0\u1ee3c thi\u1ebft k\u1ebf \u0111\u1ec3 si\u1ebft v\u00edt hi\u1ec7u qu\u1ea3 v\u00e0 \u0111\u00e1ng tin c\u1eady trong s\u1ea3n xu\u1ea5t \u0111i\u1ec7n t\u1eed v\u00e0 l\u1eafp r\u00e1p. V\u1edbi kh\u1ea3 n\u0103ng \u0111i\u1ec1u khi\u1ec3n chuy\u1ec3n \u0111\u1ed9ng ti\u00ean ti\u1ebfn v\u00e0 c\u01a1 ch\u1ebf kh\u00f3a th\u00f4ng minh, m\u00e1y \u0111\u1ea3m b\u1ea3o m\u00f4-men xo\u1eafn \u1ed5n \u0111\u1ecbnh, v\u1ecb tr\u00ed v\u00edt ch\u00ednh x\u00e1c v\u00e0 thao t\u00e1c nhanh ch\u00f3ng. Nh\u1ecf g\u1ecdn v\u00e0 d\u1ec5 s\u1eed d\u1ee5ng, YR-300 l\u00fd t\u01b0\u1edfng cho c\u00e1c d\u00e2y chuy\u1ec1n SMT, l\u1eafp r\u00e1p PCBA v\u00e0 s\u1ea3n xu\u1ea5t theo l\u00f4 nh\u1ecf \u0111\u1ebfn trung b\u00ecnh, gi\u00fap n\u00e2ng cao n\u0103ng su\u1ea5t \u0111\u1ed3ng th\u1eddi gi\u1ea3m thi\u1ec3u lao \u0111\u1ed9ng th\u1ee7 c\u00f4ng v\u00e0 l\u1ed7i l\u1eafp r\u00e1p. Hi\u1ec7u su\u1ea5t \u1ed5n \u0111\u1ecbnh v\u00e0 kh\u1ea3 n\u0103ng t\u00edch h\u1ee3p d\u1ec5 d\u00e0ng bi\u1ebfn n\u00f3 th\u00e0nh m\u1ed9t c\u00f4ng c\u1ee5 \u0111a n\u0103ng cho m\u00f4i tr\u01b0\u1eddng s\u1ea3n xu\u1ea5t t\u1ef1 \u0111\u1ed9ng hi\u1ec7n \u0111\u1ea1i.<\/p>\n<p>S\u1ed1 l\u01b0\u1ee3ng \u0111\u1eb7t h\u00e0ng t\u1ed1i thi\u1ec3u: 1 chi\u1ebfc<\/p>\n<p>Th\u1eddi gian giao h\u00e0ng: 15 ng\u00e0y<\/p>\n<p>&nbsp;<\/p>","protected":false},"featured_media":22868,"comment_status":"closed","ping_status":"closed","template":"","meta":[],"etheme_brands":[],"product_brand":[],"product_cat":[181],"product_tag":[],"class_list":{"0":"post-22866","1":"product","2":"type-product","3":"status-publish","4":"has-post-thumbnail","6":"product_cat-screwing-robot","8":"first","9":"instock","10":"shipping-taxable","11":"product-type-simple"},"_links":{"self":[{"href":"https:\/\/esmte.com\/vi\/wp-json\/wp\/v2\/product\/22866","targetHints":{"allow":["GET"]}}],"collection":[{"href":"https:\/\/esmte.com\/vi\/wp-json\/wp\/v2\/product"}],"about":[{"href":"https:\/\/esmte.com\/vi\/wp-json\/wp\/v2\/types\/product"}],"replies":[{"embeddable":true,"href":"https:\/\/esmte.com\/vi\/wp-json\/wp\/v2\/comments?post=22866"}],"version-history":[{"count":1,"href":"https:\/\/esmte.com\/vi\/wp-json\/wp\/v2\/product\/22866\/revisions"}],"predecessor-version":[{"id":22871,"href":"https:\/\/esmte.com\/vi\/wp-json\/wp\/v2\/product\/22866\/revisions\/22871"}],"wp:featuredmedia":[{"embeddable":true,"href":"https:\/\/esmte.com\/vi\/wp-json\/wp\/v2\/media\/22868"}],"wp:attachment":[{"href":"https:\/\/esmte.com\/vi\/wp-json\/wp\/v2\/media?parent=22866"}],"wp:term":[{"taxonomy":"brand","embeddable":true,"href":"https:\/\/esmte.com\/vi\/wp-json\/wp\/v2\/etheme_brands?post=22866"},{"taxonomy":"product_brand","embeddable":true,"href":"https:\/\/esmte.com\/vi\/wp-json\/wp\/v2\/product_brand?post=22866"},{"taxonomy":"product_cat","embeddable":true,"href":"https:\/\/esmte.com\/vi\/wp-json\/wp\/v2\/product_cat?post=22866"},{"taxonomy":"product_tag","embeddable":true,"href":"https:\/\/esmte.com\/vi\/wp-json\/wp\/v2\/product_tag?post=22866"}],"curies":[{"name":"trang web","href":"https:\/\/api.w.org\/{rel}","templated":true}]}}