{"id":22800,"date":"2025-12-04T07:16:04","date_gmt":"2025-12-04T07:16:04","guid":{"rendered":"https:\/\/esmte.com\/?post_type=product&#038;p=22800"},"modified":"2025-12-04T07:16:12","modified_gmt":"2025-12-04T07:16:12","slug":"multi-group-blades-pcb-v-cut-machine","status":"publish","type":"product","link":"https:\/\/esmte.com\/vi\/products\/multi-group-blades-pcb-v-cut-machine\/","title":{"rendered":"Multi Group Blades PCB V-cut Machine"},"content":{"rendered":"<h2>Gi\u1edbi thi\u1ec7u<\/h2>\n<p data-start=\"250\" data-end=\"744\">C\u00e1i <strong data-start=\"254\" data-end=\"294\">\u2013 Giao di\u1ec7n tr\u1ef1c quan v\u00e0 \u0111i\u1ec1u ch\u1ec9nh l\u01b0\u1ee1i c\u1eaft \u0111\u01a1n gi\u1ea3n cho ph\u00e9p ki\u1ec3m so\u00e1t ch\u00ednh x\u00e1c, gi\u1ea3m m\u1ec7t m\u1ecfi cho ng\u01b0\u1eddi v\u1eadn h\u00e0nh v\u00e0 \u0111\u1ea3m b\u1ea3o \u0111\u1ea7u ra \u0111\u00e1ng tin c\u1eady cho c\u00e1c y\u00eau c\u1ea7u s\u1ea3n xu\u1ea5t kh\u00e1c nhau.<\/strong> is a high-precision solution engineered for efficient V-cutting and depaneling of printed circuit boards. Its advanced multi-blade system allows simultaneous processing of multiple PCBs or sections of a panel, significantly improving production efficiency while maintaining smooth, accurate cuts. The stepwise and controlled cutting mechanism ensures minimal board deformation, protecting delicate circuits and maintaining consistent edge quality.<\/p>\n<p data-start=\"746\" data-end=\"1133\">Designed with versatility in mind, the machine accommodates a wide range of PCB thicknesses, typically from 0.2\u202fmm to 5.0\u202fmm, making it suitable for fiberglass, aluminum-based, and other board types. The adjustable cutting depth allows operators to tailor the machine for different board layouts and materials, ensuring precision and reliability across diverse production requirements.<\/p>\n<p data-start=\"1135\" data-end=\"1636\">C\u00e1i <strong data-start=\"1139\" data-end=\"1179\">\u2013 Giao di\u1ec7n tr\u1ef1c quan v\u00e0 \u0111i\u1ec1u ch\u1ec9nh l\u01b0\u1ee1i c\u1eaft \u0111\u01a1n gi\u1ea3n cho ph\u00e9p ki\u1ec3m so\u00e1t ch\u00ednh x\u00e1c, gi\u1ea3m m\u1ec7t m\u1ecfi cho ng\u01b0\u1eddi v\u1eadn h\u00e0nh v\u00e0 \u0111\u1ea3m b\u1ea3o \u0111\u1ea7u ra \u0111\u00e1ng tin c\u1eady cho c\u00e1c y\u00eau c\u1ea7u s\u1ea3n xu\u1ea5t kh\u00e1c nhau.<\/strong> offers several advantages over traditional depaneling methods. Its multi-blade design reduces processing time by handling multiple V-cuts simultaneously, enhancing throughput for high-volume production. The durable, wear-resistant blades and robust mechanical construction ensure long-term stability and low maintenance, even under continuous operation. By minimizing stress on the boards, the machine also reduces scrap rates and improves overall yield.<\/p>\n<p data-start=\"1638\" data-end=\"1985\">This machine is widely used in <strong data-start=\"1669\" data-end=\"1744\">SMT lines, PCB assembly, LED module production, and batch manufacturing<\/strong> where precision and efficiency are critical. It is ideal for both small-scale prototype production and large-scale industrial manufacturing, providing manufacturers with a reliable solution for high-quality depaneling and V-cutting needs.<\/p>\n<p data-start=\"1987\" data-end=\"2236\">V\u1edbi <strong data-start=\"1996\" data-end=\"2036\">\u2013 Giao di\u1ec7n tr\u1ef1c quan v\u00e0 \u0111i\u1ec1u ch\u1ec9nh l\u01b0\u1ee1i c\u1eaft \u0111\u01a1n gi\u1ea3n cho ph\u00e9p ki\u1ec3m so\u00e1t ch\u00ednh x\u00e1c, gi\u1ea3m m\u1ec7t m\u1ecfi cho ng\u01b0\u1eddi v\u1eadn h\u00e0nh v\u00e0 \u0111\u1ea3m b\u1ea3o \u0111\u1ea7u ra \u0111\u00e1ng tin c\u1eady cho c\u00e1c y\u00eau c\u1ea7u s\u1ea3n xu\u1ea5t kh\u00e1c nhau.<\/strong>, electronics manufacturers can achieve faster, more accurate, and consistent depaneling, optimizing workflow, reducing waste, and ensuring high-quality results across a variety of PCB applications.<\/p>\n<p data-start=\"1987\" data-end=\"2236\"><img loading=\"lazy\" decoding=\"async\" class=\"alignnone wp-image-22801 aligncenter\" src=\"https:\/\/esmte.com\/wp-content\/uploads\/2025\/12\/11-25.webp\" alt=\"Multi Group Blades PCB V-cut Machine\" width=\"632\" height=\"631\" srcset=\"https:\/\/esmte.com\/wp-content\/uploads\/2025\/12\/11-25.webp 2561w, https:\/\/esmte.com\/wp-content\/uploads\/2025\/12\/11-25-100x100.webp 100w, https:\/\/esmte.com\/wp-content\/uploads\/2025\/12\/11-25-600x599.webp 600w, https:\/\/esmte.com\/wp-content\/uploads\/2025\/12\/11-25-300x300.webp 300w, https:\/\/esmte.com\/wp-content\/uploads\/2025\/12\/11-25-1024x1024.webp 1024w, https:\/\/esmte.com\/wp-content\/uploads\/2025\/12\/11-25-150x150.webp 150w, https:\/\/esmte.com\/wp-content\/uploads\/2025\/12\/11-25-768x767.webp 768w, https:\/\/esmte.com\/wp-content\/uploads\/2025\/12\/11-25-1536x1534.webp 1536w, https:\/\/esmte.com\/wp-content\/uploads\/2025\/12\/11-25-2048x2046.webp 2048w, https:\/\/esmte.com\/wp-content\/uploads\/2025\/12\/11-25-1x1.webp 1w, https:\/\/esmte.com\/wp-content\/uploads\/2025\/12\/11-25-10x10.webp 10w\" sizes=\"auto, (max-width: 632px) 100vw, 632px\" \/><\/p>\n<h3>C\u00e1c t\u00ednh n\u0103ng ch\u00ednh<\/h3>\n<ul>\n<li data-start=\"198\" data-end=\"387\">\n<p data-start=\"201\" data-end=\"387\"><strong data-start=\"201\" data-end=\"239\">High-Efficiency Multi-Blade System<\/strong> \u2013 Equipped with multiple blade groups, allowing simultaneous V-cuts on large PCB panels, significantly improving production speed and throughput.<\/p>\n<\/li>\n<li data-start=\"389\" data-end=\"577\">\n<p data-start=\"392\" data-end=\"577\"><strong data-start=\"392\" data-end=\"413\">Precision Cutting<\/strong> \u2013 Stepwise cutting mechanism reduces mechanical stress on boards, minimizing warping, edge chipping, and deformation for consistently smooth and accurate V-cuts.<\/p>\n<\/li>\n<li data-start=\"579\" data-end=\"774\">\n<p data-start=\"582\" data-end=\"774\"><strong data-start=\"582\" data-end=\"610\">Wide Board Compatibility<\/strong> \u2013 Adjustable cutting depth accommodates various PCB thicknesses, typically from 0.2\u202fmm to 5.0\u202fmm, suitable for fiberglass, aluminum-based, and other board types.<\/p>\n<\/li>\n<li data-start=\"776\" data-end=\"983\">\n<p data-start=\"779\" data-end=\"983\"><strong data-start=\"779\" data-end=\"814\">Durable and Stable Construction<\/strong> \u2013 High-quality wear-resistant blades combined with a robust mechanical framework ensure long-lasting performance and stability during continuous industrial operation.<\/p>\n<\/li>\n<li data-start=\"985\" data-end=\"1155\">\n<p data-start=\"988\" data-end=\"1155\"><strong data-start=\"988\" data-end=\"1019\">Batch Production Capability<\/strong> \u2013 Multi-blade design supports high-volume manufacturing, making it ideal for SMT lines, LED module assembly, and mass PCB depaneling.<\/p>\n<\/li>\n<li data-start=\"1157\" data-end=\"1356\">\n<p data-start=\"1160\" data-end=\"1356\"><strong data-start=\"1160\" data-end=\"1187\">User-Friendly Operation<\/strong> \u2013 Intuitive interface and simple blade adjustment allow precise control, reduce operator fatigue, and ensure reliable output across different production requirements.<\/p>\n<\/li>\n<\/ul>\n<p>&nbsp;<\/p>\n<h2>Th\u00f4ng s\u1ed1 k\u1ef9 thu\u1eadt<\/h2>\n<table style=\"border-collapse: collapse; width: 1379px; height: 101px;\" border=\"0\" width=\"509\" cellspacing=\"0\" cellpadding=\"0\">\n<tbody>\n<tr style=\"height: 15.00pt;\">\n<td class=\"et2\" style=\"height: 15pt; width: 90pt; text-align: center;\" width=\"120\" height=\"20\">Ng\u01b0\u1eddi m\u1eabu<\/td>\n<td class=\"et3\" style=\"width: 291.75pt; text-align: center;\" width=\"389\">YVC-180<\/td>\n<\/tr>\n<tr style=\"height: 15.00pt;\">\n<td class=\"et4\" style=\"height: 15pt; width: 90pt; text-align: center;\" width=\"120\" height=\"20\">K\u00edch th\u01b0\u1edbc<\/td>\n<td class=\"et5\" style=\"width: 291.75pt; text-align: center;\" width=\"389\">1260*750*1060mm<\/td>\n<\/tr>\n<tr style=\"height: 15.00pt;\">\n<td class=\"et4\" style=\"height: 15pt; width: 90pt; text-align: center;\" width=\"120\" height=\"20\">K\u00edch th\u01b0\u1edbc PCB<\/td>\n<td class=\"et5\" style=\"width: 291.75pt; text-align: center;\" width=\"389\">8 \u0111\u1ebfn 180mm<\/td>\n<\/tr>\n<tr style=\"height: 15.00pt;\">\n<td class=\"et4\" style=\"height: 15pt; width: 90pt; text-align: center;\" width=\"120\" height=\"20\">Ngu\u1ed3n \u0111i\u1ec7n<\/td>\n<td class=\"et5\" style=\"width: 291.75pt; text-align: center;\" width=\"389\">1 pha AC 220V 50\/60Hz (T\u00f9y ch\u1ecdn: 110V \u0111\u1ebfn 230V)<\/td>\n<\/tr>\n<tr style=\"height: 15.00pt;\">\n<td class=\"et6\" style=\"height: 15pt; width: 90pt; text-align: center;\" width=\"120\" height=\"20\">Tr\u1ecdng l\u01b0\u1ee3ng<\/td>\n<td class=\"et7\" style=\"width: 291.75pt; text-align: center;\" width=\"389\">160KG<\/td>\n<\/tr>\n<\/tbody>\n<\/table>\n<p>&nbsp;<\/p>\n<p><a href=\"https:\/\/www.youtube.com\/@allaismt\" rel=\"nofollow noopener\" target=\"_blank\"><u>https:\/\/www.youtube.com\/@allaismt<\/u><\/a><\/p>\n<p>For more information about the Multi Group Blades PCB V-cut Machine YVC-180, please send an email to<\/p>\n<p><a href=\"mailto:sophia@allaismt.com\"><u>sophia@allaismt.com<\/u><\/a><\/p>\n<p>Ch\u00fang t\u00f4i s\u1ebd ph\u1ea3n h\u1ed3i y\u00eau c\u1ea7u c\u1ee7a b\u1ea1n trong th\u1eddi gian s\u1edbm nh\u1ea5t v\u00e0 cung c\u1ea5p cho b\u1ea1n th\u00f4ng tin chi ti\u1ebft v\u1ec1 c\u00e1c s\u1ea3n ph\u1ea9m v\u00e0 d\u1ecbch v\u1ee5 c\u1ee7a ch\u00fang t\u00f4i.<\/p>\n<p>&nbsp;<\/p>","protected":false},"excerpt":{"rendered":"<p>M\u00f4 t\u1ea3: C\u00e1i <strong>\u2013 Giao di\u1ec7n tr\u1ef1c quan v\u00e0 \u0111i\u1ec1u ch\u1ec9nh l\u01b0\u1ee1i c\u1eaft \u0111\u01a1n gi\u1ea3n cho ph\u00e9p ki\u1ec3m so\u00e1t ch\u00ednh x\u00e1c, gi\u1ea3m m\u1ec7t m\u1ecfi cho ng\u01b0\u1eddi v\u1eadn h\u00e0nh v\u00e0 \u0111\u1ea3m b\u1ea3o \u0111\u1ea7u ra \u0111\u00e1ng tin c\u1eady cho c\u00e1c y\u00eau c\u1ea7u s\u1ea3n xu\u1ea5t kh\u00e1c nhau.<\/strong> is a high-precision depaneling solution designed for efficient V-cutting of PCBs in SMT and electronics production lines. Equipped with multiple blade groups, it allows simultaneous V-cuts on large panels, reducing production time while maintaining smooth edges and minimal board deformation. Adjustable cutting depth accommodates various PCB thicknesses, making it suitable for fiberglass, aluminum-based, and other board types. Ideal for batch production, prototype boards, and LED or electronic module assembly, it ensures consistent quality, high efficiency, and reliable performance in modern manufacturing environments.<\/p>\n<p>S\u1ed1 l\u01b0\u1ee3ng \u0111\u1eb7t h\u00e0ng t\u1ed1i thi\u1ec3u: 1 chi\u1ebfc<\/p>\n<p>Th\u1eddi gian giao h\u00e0ng: 15 ng\u00e0y<\/p>","protected":false},"featured_media":22802,"comment_status":"closed","ping_status":"closed","template":"","meta":[],"etheme_brands":[],"product_brand":[],"product_cat":[193],"product_tag":[],"class_list":{"0":"post-22800","1":"product","2":"type-product","3":"status-publish","4":"has-post-thumbnail","6":"product_cat-pcb-depaneling-machine-2","8":"first","9":"instock","10":"shipping-taxable","11":"product-type-simple"},"_links":{"self":[{"href":"https:\/\/esmte.com\/vi\/wp-json\/wp\/v2\/product\/22800","targetHints":{"allow":["GET"]}}],"collection":[{"href":"https:\/\/esmte.com\/vi\/wp-json\/wp\/v2\/product"}],"about":[{"href":"https:\/\/esmte.com\/vi\/wp-json\/wp\/v2\/types\/product"}],"replies":[{"embeddable":true,"href":"https:\/\/esmte.com\/vi\/wp-json\/wp\/v2\/comments?post=22800"}],"version-history":[{"count":1,"href":"https:\/\/esmte.com\/vi\/wp-json\/wp\/v2\/product\/22800\/revisions"}],"predecessor-version":[{"id":22804,"href":"https:\/\/esmte.com\/vi\/wp-json\/wp\/v2\/product\/22800\/revisions\/22804"}],"wp:featuredmedia":[{"embeddable":true,"href":"https:\/\/esmte.com\/vi\/wp-json\/wp\/v2\/media\/22802"}],"wp:attachment":[{"href":"https:\/\/esmte.com\/vi\/wp-json\/wp\/v2\/media?parent=22800"}],"wp:term":[{"taxonomy":"brand","embeddable":true,"href":"https:\/\/esmte.com\/vi\/wp-json\/wp\/v2\/etheme_brands?post=22800"},{"taxonomy":"product_brand","embeddable":true,"href":"https:\/\/esmte.com\/vi\/wp-json\/wp\/v2\/product_brand?post=22800"},{"taxonomy":"product_cat","embeddable":true,"href":"https:\/\/esmte.com\/vi\/wp-json\/wp\/v2\/product_cat?post=22800"},{"taxonomy":"product_tag","embeddable":true,"href":"https:\/\/esmte.com\/vi\/wp-json\/wp\/v2\/product_tag?post=22800"}],"curies":[{"name":"trang web","href":"https:\/\/api.w.org\/{rel}","templated":true}]}}