{"id":22757,"date":"2025-12-03T09:22:16","date_gmt":"2025-12-03T09:22:16","guid":{"rendered":"https:\/\/esmte.com\/?post_type=product&#038;p=22757"},"modified":"2026-01-21T07:23:09","modified_gmt":"2026-01-21T07:23:09","slug":"led-separator-pcb-v-cut-machine-ym-1200","status":"publish","type":"product","link":"https:\/\/esmte.com\/vi\/products\/led-separator-pcb-v-cut-machine-ym-1200\/","title":{"rendered":"M\u00e1y c\u1eaft ch\u1eef V PCB t\u00e1ch LED YM-1200"},"content":{"rendered":"<h2>Gi\u1edbi thi\u1ec7u<\/h2>\n<p data-start=\"78\" data-end=\"477\">C\u00e1i <strong>M\u00e1y c\u1eaft ch\u1eef V PCB t\u00e1ch LED YM-1200<\/strong> \u0110\u00e2y l\u00e0 gi\u1ea3i ph\u00e1p hi\u1ec7u su\u1ea5t cao \u0111\u01b0\u1ee3c thi\u1ebft k\u1ebf \u0111\u1ec3 t\u00e1ch ch\u00ednh x\u00e1c c\u00e1c PCB LED r\u00e3nh ch\u1eef V trong m\u00f4i tr\u01b0\u1eddng s\u1ea3n xu\u1ea5t SMT kh\u1ed1i l\u01b0\u1ee3ng l\u1edbn. S\u1eed d\u1ee5ng c\u01a1 ch\u1ebf c\u1eaft \u1ed5n \u0111\u1ecbnh ti\u00ean ti\u1ebfn, n\u00f3 t\u1ea1o ra c\u00e1c v\u1ebft c\u1eaft ch\u1eef V s\u1ea1ch s\u1ebd v\u00e0 nh\u1ea5t qu\u00e1n \u0111\u1ed3ng th\u1eddi gi\u1ea3m thi\u1ec3u \u1ee9ng su\u1ea5t c\u01a1 h\u1ecdc v\u00e0 bi\u1ebfn d\u1ea1ng ti\u1ec1m t\u00e0ng tr\u00ean c\u00e1c bo m\u1ea1ch m\u1ecfng manh, \u0111\u1ea3m b\u1ea3o ch\u1ea5t l\u01b0\u1ee3ng t\u1ed1i \u01b0u cho qu\u00e1 tr\u00ecnh l\u1eafp r\u00e1p ti\u1ebfp theo.<\/p>\n<p data-start=\"479\" data-end=\"874\">\u0110\u01b0\u1ee3c thi\u1ebft k\u1ebf \u0111\u1ec3 \u0111a n\u0103ng, <strong>M\u00e1y c\u1eaft ch\u1eef V PCB t\u00e1ch LED YM-1200<\/strong> N\u00f3 t\u01b0\u01a1ng th\u00edch v\u1edbi nhi\u1ec1u k\u00edch th\u01b0\u1edbc, \u0111\u1ed9 d\u00e0y v\u00e0 b\u1ed1 c\u1ee5c PCB kh\u00e1c nhau, ph\u00f9 h\u1ee3p cho c\u00e1c m\u00f4-\u0111un LED \u00f4 t\u00f4, thi\u1ebft b\u1ecb \u0111i\u1ec7n t\u1eed ti\u00eau d\u00f9ng, chi\u1ebfu s\u00e1ng c\u00f4ng nghi\u1ec7p v\u00e0 c\u00e1c \u1ee9ng d\u1ee5ng LED kh\u00e1c. Thi\u1ebft k\u1ebf c\u1ee7a n\u00f3 h\u1ed7 tr\u1ee3 c\u1ea3 ho\u1ea1t \u0111\u1ed9ng t\u00edch h\u1ee3p v\u00e0 \u0111\u1ed9c l\u1eadp, t\u00edch h\u1ee3p li\u1ec1n m\u1ea1ch v\u00e0o c\u00e1c d\u00e2y chuy\u1ec1n s\u1ea3n xu\u1ea5t hi\u1ec7n \u0111\u1ea1i \u0111\u1ec3 c\u1ea3i thi\u1ec7n hi\u1ec7u qu\u1ea3 quy tr\u00ecnh l\u00e0m vi\u1ec7c v\u00e0 gi\u1ea3m thao t\u00e1c th\u1ee7 c\u00f4ng.<\/p>\n<p data-start=\"876\" data-end=\"1225\">M\u00e1y c\u00f3 giao di\u1ec7n \u0111i\u1ec1u khi\u1ec3n tr\u1ef1c quan v\u00e0 c\u00e1c th\u00f4ng s\u1ed1 c\u00f3 th\u1ec3 \u0111i\u1ec1u ch\u1ec9nh, cho ph\u00e9p ng\u01b0\u1eddi v\u1eadn h\u00e0nh t\u1ed1i \u01b0u h\u00f3a \u0111\u1ed9 s\u00e2u c\u1eaft, t\u1ed1c \u0111\u1ed9 v\u00e0 \u0111\u1ed9 th\u1eb3ng h\u00e0ng cho c\u00e1c lo\u1ea1i PCB kh\u00e1c nhau ch\u1ec9 v\u1edbi m\u1ed9t ch\u00fat \u0111\u00e0o t\u1ea1o. C\u1ea5u tr\u00fac c\u01a1 kh\u00ed b\u1ec1n b\u1ec9 v\u00e0 c\u00e1c linh ki\u1ec7n ch\u1ea5t l\u01b0\u1ee3ng cao \u0111\u1ea3m b\u1ea3o \u0111\u1ed9 tin c\u1eady l\u00e2u d\u00e0i, y\u00eau c\u1ea7u b\u1ea3o tr\u00ec th\u1ea5p v\u00e0 chu k\u1ef3 s\u1ea3n xu\u1ea5t kh\u00f4ng b\u1ecb gi\u00e1n \u0111o\u1ea1n.<\/p>\n<p data-start=\"1227\" data-end=\"1477\">B\u1eb1ng c\u00e1ch k\u1ebft h\u1ee3p \u0111\u1ed9 ch\u00ednh x\u00e1c, th\u00f4ng l\u01b0\u1ee3ng cao v\u00e0 ho\u1ea1t \u0111\u1ed9ng m\u1ea1nh m\u1ebd, <strong>M\u00e1y c\u1eaft ch\u1eef V PCB t\u00e1ch LED YM-1200<\/strong> Cung c\u1ea5p cho c\u00e1c nh\u00e0 s\u1ea3n xu\u1ea5t m\u1ed9t gi\u1ea3i ph\u00e1p chuy\u00ean nghi\u1ec7p \u0111\u1ec3 t\u00e1ch t\u1ea5m PCB LED hi\u1ec7u qu\u1ea3, nh\u1ea5t qu\u00e1n v\u00e0 n\u0103ng su\u1ea5t cao, \u0111\u00e1p \u1ee9ng nhu c\u1ea7u l\u1eafp r\u00e1p LED quy m\u00f4 l\u1edbn hi\u1ec7n \u0111\u1ea1i.<\/p>\n<p data-start=\"1103\" data-end=\"1303\" data-is-last-node=\"\" data-is-only-node=\"\"><img loading=\"lazy\" decoding=\"async\" class=\"alignnone wp-image-22752 aligncenter\" src=\"https:\/\/esmte.com\/wp-content\/uploads\/2025\/12\/11-21.webp\" alt=\"LED Separator PCB V-Cut Machine\" width=\"577\" height=\"577\" srcset=\"https:\/\/esmte.com\/wp-content\/uploads\/2025\/12\/11-21.webp 2560w, https:\/\/esmte.com\/wp-content\/uploads\/2025\/12\/11-21-100x100.webp 100w, https:\/\/esmte.com\/wp-content\/uploads\/2025\/12\/11-21-600x600.webp 600w, https:\/\/esmte.com\/wp-content\/uploads\/2025\/12\/11-21-300x300.webp 300w, https:\/\/esmte.com\/wp-content\/uploads\/2025\/12\/11-21-1024x1024.webp 1024w, https:\/\/esmte.com\/wp-content\/uploads\/2025\/12\/11-21-150x150.webp 150w, https:\/\/esmte.com\/wp-content\/uploads\/2025\/12\/11-21-768x768.webp 768w, https:\/\/esmte.com\/wp-content\/uploads\/2025\/12\/11-21-1536x1536.webp 1536w, https:\/\/esmte.com\/wp-content\/uploads\/2025\/12\/11-21-2048x2048.webp 2048w, https:\/\/esmte.com\/wp-content\/uploads\/2025\/12\/11-21-1x1.webp 1w, https:\/\/esmte.com\/wp-content\/uploads\/2025\/12\/11-21-10x10.webp 10w\" sizes=\"auto, (max-width: 577px) 100vw, 577px\" \/><\/p>\n<h3>C\u00e1c t\u00ednh n\u0103ng ch\u00ednh<\/h3>\n<ul>\n<li data-start=\"194\" data-end=\"303\">\n<p data-start=\"197\" data-end=\"303\"><strong data-start=\"197\" data-end=\"220\">T\u00e1ch t\u1ea5m ch\u00ednh x\u00e1c<\/strong> \u2013 \u0110\u1ea3m b\u1ea3o c\u00e1c \u0111\u01b0\u1eddng c\u1eaft ch\u1eef V \u0111\u1ed3ng \u0111\u1ec1u v\u00e0 b\u1ea3o v\u1ec7 m\u1ea1ch in LED kh\u1ecfi b\u1ecb u\u1ed1n cong ho\u1eb7c h\u01b0 h\u1ecfng linh ki\u1ec7n.<\/p>\n<\/li>\n<li data-start=\"304\" data-end=\"437\">\n<p data-start=\"307\" data-end=\"437\"><strong data-start=\"307\" data-end=\"332\">\u1ee8ng d\u1ee5ng \u0111a n\u0103ng<\/strong> \u2013 H\u1ed7 tr\u1ee3 nhi\u1ec1u k\u00edch th\u01b0\u1edbc, \u0111\u1ed9 d\u00e0y v\u00e0 b\u1ed1 c\u1ee5c PCB kh\u00e1c nhau cho \u0111\u00e8n LED \u00f4 t\u00f4, \u0111i\u1ec7n gia d\u1ee5ng v\u00e0 c\u00f4ng nghi\u1ec7p.<\/p>\n<\/li>\n<li data-start=\"438\" data-end=\"539\">\n<p data-start=\"441\" data-end=\"539\"><strong data-start=\"441\" data-end=\"465\">Th\u00f4ng l\u01b0\u1ee3ng hi\u1ec7u qu\u1ea3<\/strong> \u2013 C\u01a1 ch\u1ebf c\u1eaft v\u00e0 c\u1ea5p li\u1ec7u \u0111\u01b0\u1ee3c t\u1ed1i \u01b0u h\u00f3a gi\u00fap t\u1ed1i \u0111a h\u00f3a t\u1ed1c \u0111\u1ed9 s\u1ea3n xu\u1ea5t.<\/p>\n<\/li>\n<li data-start=\"540\" data-end=\"651\">\n<p data-start=\"543\" data-end=\"651\"><strong data-start=\"543\" data-end=\"570\">S\u1eb5n s\u00e0ng s\u1ea3n xu\u1ea5t tr\u1ef1c tuy\u1ebfn<\/strong> \u2013 T\u00edch h\u1ee3p li\u1ec1n m\u1ea1ch v\u1edbi c\u00e1c d\u00e2y chuy\u1ec1n SMT \u0111\u1ec3 v\u1eadn h\u00e0nh li\u00ean t\u1ee5c v\u1edbi kh\u1ed1i l\u01b0\u1ee3ng l\u1edbn.<\/p>\n<\/li>\n<li data-start=\"652\" data-end=\"758\">\n<p data-start=\"655\" data-end=\"758\"><strong data-start=\"655\" data-end=\"678\">Thao t\u00e1c tr\u1ef1c quan<\/strong> \u2013 C\u00e1c n\u00fat \u0111i\u1ec1u khi\u1ec3n d\u1ec5 s\u1eed d\u1ee5ng cho ph\u00e9p \u0111i\u1ec1u ch\u1ec9nh nhanh \u0111\u1ed9 s\u00e2u, t\u1ed1c \u0111\u1ed9 v\u00e0 h\u01b0\u1edbng c\u0103n ch\u1ec9nh.<\/p>\n<\/li>\n<li data-start=\"759\" data-end=\"872\">\n<p data-start=\"762\" data-end=\"872\"><strong data-start=\"762\" data-end=\"787\">X\u00e2y d\u1ef1ng \u0111\u00e1ng tin c\u1eady<\/strong> \u2013 Khung m\u00e1y b\u1ec1n ch\u1eafc v\u00e0 c\u00e1c linh ki\u1ec7n ch\u1ea5t l\u01b0\u1ee3ng cao gi\u00fap gi\u1ea3m th\u1eddi gian ng\u1eebng ho\u1ea1t \u0111\u1ed9ng v\u00e0 nhu c\u1ea7u b\u1ea3o tr\u00ec.<\/p>\n<\/li>\n<\/ul>\n<p>&nbsp;<\/p>\n<h2>Th\u00f4ng s\u1ed1 k\u1ef9 thu\u1eadt<\/h2>\n<table style=\"border-collapse: collapse; width: 1282px; height: 188px;\" border=\"0\" width=\"722\" cellspacing=\"0\" cellpadding=\"0\">\n<tbody>\n<tr style=\"height: 15.00pt;\">\n<td class=\"et2\" style=\"height: 15pt; width: 111pt; text-align: center;\" width=\"148\" height=\"20\">Ng\u01b0\u1eddi m\u1eabu<\/td>\n<td class=\"et3\" style=\"width: 153.75pt; text-align: center;\" width=\"205\">YM-2400<\/td>\n<td class=\"et4\" style=\"width: 138.75pt; text-align: center;\" width=\"185\">YM-1200<\/td>\n<td class=\"et5\" style=\"width: 138pt; text-align: center;\" width=\"184\">YM-2400<\/td>\n<\/tr>\n<tr style=\"height: 15.00pt;\">\n<td class=\"et6\" style=\"height: 30pt; width: 111pt; text-align: center;\" rowspan=\"2\" width=\"148\" height=\"40\">K\u00edch th\u01b0\u1edbc<\/td>\n<td class=\"et7\" style=\"width: 153.75pt; text-align: center;\" width=\"205\">K\u00edch th\u01b0\u1edbc m\u00e1y ch\u1ee7: 380*290*380mm<\/td>\n<td class=\"et7\" style=\"width: 138.75pt; text-align: center;\" width=\"185\">K\u00edch th\u01b0\u1edbc m\u00e1y ch\u1ee7: 380*290*380mm<\/td>\n<td class=\"et8\" style=\"width: 138pt; text-align: center;\" width=\"184\">K\u00edch th\u01b0\u1edbc m\u00e1y ch\u1ee7: 380*290*380mm<\/td>\n<\/tr>\n<tr style=\"height: 15.00pt;\">\n<td class=\"et9\" style=\"width: 153.75pt; text-align: center;\" width=\"205\">S\u00e2n ga nh\u1ecf (t\u1ef1 trang b\u1ecb)<\/td>\n<td class=\"et9\" style=\"width: 138.75pt; text-align: center;\" width=\"185\">K\u00edch th\u01b0\u1edbc b\u1ec7 \u0111\u1ee1: 1200*360*190mm<\/td>\n<td class=\"et10\" style=\"width: 138pt; text-align: center;\" width=\"184\">K\u00edch th\u01b0\u1edbc b\u1ec7 \u0111\u1ee1: 2400*360*190mm<\/td>\n<\/tr>\n<tr style=\"height: 15.00pt;\">\n<td class=\"et6\" style=\"height: 15pt; width: 111pt; text-align: center;\" width=\"148\" height=\"20\">T\u00f9y ch\u1ec9nh l\u01b0\u1ee1i dao<\/td>\n<td class=\"et11\" style=\"width: 430.5pt; border-right: 1pt solid #cccccc; text-align: center;\" colspan=\"3\" width=\"574\">1 Nh\u00f3m (1 c\u00e1i tr\u00ean, 1 c\u00e1i d\u01b0\u1edbi)<\/td>\n<\/tr>\n<tr style=\"height: 15.00pt;\">\n<td class=\"et6\" style=\"height: 15pt; width: 111pt; text-align: center;\" width=\"148\" height=\"20\">Quy\u1ec1n l\u1ef1c<\/td>\n<td class=\"et11\" style=\"width: 430.5pt; border-right: 1pt solid #cccccc; text-align: center;\" colspan=\"3\" width=\"574\">1 pha AC 220V 50\/60Hz (T\u00f9y ch\u1ecdn: 110V \u0111\u1ebfn 230V)<\/td>\n<\/tr>\n<tr style=\"height: 15.00pt;\">\n<td class=\"et14\" style=\"height: 15pt; width: 111pt; text-align: center;\" width=\"148\" height=\"20\">Tr\u1ecdng l\u01b0\u1ee3ng<\/td>\n<td class=\"et15\" style=\"width: 153.75pt; text-align: center;\" width=\"205\">31KG<\/td>\n<td class=\"et15\" style=\"width: 138.75pt; text-align: center;\" width=\"185\">31KG + 6KG<\/td>\n<td class=\"et16\" style=\"width: 138pt; text-align: center;\" width=\"184\">31KG + 9KG<\/td>\n<\/tr>\n<\/tbody>\n<\/table>\n<p><a href=\"https:\/\/www.youtube.com\/@allaismt\" rel=\"nofollow noopener\" target=\"_blank\"><u>https:\/\/www.youtube.com\/@allaismt<\/u><\/a><\/p>\n<p>\u0110\u1ec3 bi\u1ebft th\u00eam th\u00f4ng tin v\u1ec1 M\u00e1y c\u1eaft ch\u1eef V PCB t\u00e1ch LED YM-2400, vui l\u00f2ng g\u1eedi email \u0111\u1ebfn \u0111\u1ecba ch\u1ec9 sau:<\/p>\n<p><a href=\"mailto:sophia@allaismt.com\"><u>sophia@allaismt.com<\/u><\/a><\/p>\n<p>Ch\u00fang t\u00f4i s\u1ebd ph\u1ea3n h\u1ed3i y\u00eau c\u1ea7u c\u1ee7a b\u1ea1n trong th\u1eddi gian s\u1edbm nh\u1ea5t v\u00e0 cung c\u1ea5p cho b\u1ea1n th\u00f4ng tin chi ti\u1ebft v\u1ec1 c\u00e1c s\u1ea3n ph\u1ea9m v\u00e0 d\u1ecbch v\u1ee5 c\u1ee7a ch\u00fang t\u00f4i.<\/p>","protected":false},"excerpt":{"rendered":"<p>M\u00f4 t\u1ea3: C\u00e1i <strong>M\u00e1y c\u1eaft ch\u1eef V PCB t\u00e1ch LED YM-1200<\/strong> M\u00e1y c\u1eaft YM-1200 cung c\u1ea5p kh\u1ea3 n\u0103ng t\u00e1ch b\u1ea3ng m\u1ea1ch LED r\u00e3nh ch\u1eef V ch\u00ednh x\u00e1c, t\u1ed1c \u0111\u1ed9 cao trong c\u00e1c d\u00e2y chuy\u1ec1n s\u1ea3n xu\u1ea5t SMT hi\u1ec7n \u0111\u1ea1i. H\u1ec7 th\u1ed1ng c\u1eaft ti\u00ean ti\u1ebfn \u0111\u1ea3m b\u1ea3o c\u00e1c v\u1ebft c\u1eaft ch\u1eef V s\u1ea1ch s\u1ebd, \u0111\u1ed3ng \u0111\u1ec1u, \u0111\u1ed3ng th\u1eddi gi\u1ea3m thi\u1ec3u \u1ee9ng su\u1ea5t c\u01a1 h\u1ecdc v\u00e0 bi\u1ebfn d\u1ea1ng b\u1ea3ng m\u1ea1ch. \u0110\u01b0\u1ee3c thi\u1ebft k\u1ebf cho s\u1ea3n xu\u1ea5t LED s\u1ed1 l\u01b0\u1ee3ng l\u1edbn, m\u00e1y x\u1eed l\u00fd nhi\u1ec1u k\u00edch th\u01b0\u1edbc v\u00e0 \u0111\u1ed9 d\u00e0y PCB kh\u00e1c nhau trong c\u00e1c \u1ee9ng d\u1ee5ng \u00f4 t\u00f4, ti\u00eau d\u00f9ng v\u00e0 c\u00f4ng nghi\u1ec7p. V\u1edbi c\u1ea5u tr\u00fac ch\u1eafc ch\u1eafn, \u0111i\u1ec1u khi\u1ec3n tr\u1ef1c quan v\u00e0 t\u00edch h\u1ee3p li\u1ec1n m\u1ea1ch, YM-1200 n\u00e2ng cao hi\u1ec7u qu\u1ea3 s\u1ea3n xu\u1ea5t, gi\u1ea3m thao t\u00e1c th\u1ee7 c\u00f4ng v\u00e0 duy tr\u00ec ch\u1ea5t l\u01b0\u1ee3ng s\u1ea3n ph\u1ea9m nh\u1ea5t qu\u00e1n trong m\u00f4i tr\u01b0\u1eddng l\u1eafp r\u00e1p kh\u1eaft khe.<\/p>\n<p>S\u1ed1 l\u01b0\u1ee3ng \u0111\u1eb7t h\u00e0ng t\u1ed1i thi\u1ec3u: 1 chi\u1ebfc<\/p>\n<p>Th\u1eddi gian giao h\u00e0ng: 15 ng\u00e0y<\/p>","protected":false},"featured_media":22758,"comment_status":"closed","ping_status":"closed","template":"","meta":[],"etheme_brands":[],"product_brand":[],"product_cat":[193],"product_tag":[],"class_list":{"0":"post-22757","1":"product","2":"type-product","3":"status-publish","4":"has-post-thumbnail","6":"product_cat-pcb-depaneling-machine-2","8":"first","9":"instock","10":"shipping-taxable","11":"product-type-simple"},"_links":{"self":[{"href":"https:\/\/esmte.com\/vi\/wp-json\/wp\/v2\/product\/22757","targetHints":{"allow":["GET"]}}],"collection":[{"href":"https:\/\/esmte.com\/vi\/wp-json\/wp\/v2\/product"}],"about":[{"href":"https:\/\/esmte.com\/vi\/wp-json\/wp\/v2\/types\/product"}],"replies":[{"embeddable":true,"href":"https:\/\/esmte.com\/vi\/wp-json\/wp\/v2\/comments?post=22757"}],"version-history":[{"count":1,"href":"https:\/\/esmte.com\/vi\/wp-json\/wp\/v2\/product\/22757\/revisions"}],"predecessor-version":[{"id":24091,"href":"https:\/\/esmte.com\/vi\/wp-json\/wp\/v2\/product\/22757\/revisions\/24091"}],"wp:featuredmedia":[{"embeddable":true,"href":"https:\/\/esmte.com\/vi\/wp-json\/wp\/v2\/media\/22758"}],"wp:attachment":[{"href":"https:\/\/esmte.com\/vi\/wp-json\/wp\/v2\/media?parent=22757"}],"wp:term":[{"taxonomy":"brand","embeddable":true,"href":"https:\/\/esmte.com\/vi\/wp-json\/wp\/v2\/etheme_brands?post=22757"},{"taxonomy":"product_brand","embeddable":true,"href":"https:\/\/esmte.com\/vi\/wp-json\/wp\/v2\/product_brand?post=22757"},{"taxonomy":"product_cat","embeddable":true,"href":"https:\/\/esmte.com\/vi\/wp-json\/wp\/v2\/product_cat?post=22757"},{"taxonomy":"product_tag","embeddable":true,"href":"https:\/\/esmte.com\/vi\/wp-json\/wp\/v2\/product_tag?post=22757"}],"curies":[{"name":"trang web","href":"https:\/\/api.w.org\/{rel}","templated":true}]}}