{"id":22703,"date":"2025-12-02T10:15:15","date_gmt":"2025-12-02T10:15:15","guid":{"rendered":"https:\/\/esmte.com\/?post_type=product&#038;p=22703"},"modified":"2025-12-02T10:15:23","modified_gmt":"2025-12-02T10:15:23","slug":"smt-ultrasonic-cleaning-machine-yuc-80","status":"publish","type":"product","link":"https:\/\/esmte.com\/vi\/products\/smt-ultrasonic-cleaning-machine-yuc-80\/","title":{"rendered":"\u2013 V\u1eadt li\u1ec7u b\u1ec1n b\u1ec9 \u0111\u1ea3m b\u1ea3o \u0111\u1ed9 tin c\u1eady l\u00e2u d\u00e0i trong m\u00f4i tr\u01b0\u1eddng s\u1ea3n xu\u1ea5t \u0111\u00f2i h\u1ecfi kh\u1eaft khe."},"content":{"rendered":"<h2>Gi\u1edbi thi\u1ec7u<\/h2>\n<p data-start=\"642\" data-end=\"930\">C\u00e1i <strong>\u2013 V\u1eadt li\u1ec7u b\u1ec1n b\u1ec9 \u0111\u1ea3m b\u1ea3o \u0111\u1ed9 tin c\u1eady l\u00e2u d\u00e0i trong m\u00f4i tr\u01b0\u1eddng s\u1ea3n xu\u1ea5t \u0111\u00f2i h\u1ecfi kh\u1eaft khe.<\/strong> delivers high-performance cleaning for PCB stencils, nozzles, and SMT tools using advanced ultrasonic technology. It thoroughly removes solder paste, flux, and contaminants while protecting delicate components, ensuring consistent PCB assembly quality and minimizing defects.<\/p>\n<p data-start=\"932\" data-end=\"1165\">Designed for high-volume electronics manufacturing, the <strong>\u2013 V\u1eadt li\u1ec7u b\u1ec1n b\u1ec9 \u0111\u1ea3m b\u1ea3o \u0111\u1ed9 tin c\u1eady l\u00e2u d\u00e0i trong m\u00f4i tr\u01b0\u1eddng s\u1ea3n xu\u1ea5t \u0111\u00f2i h\u1ecfi kh\u1eaft khe.<\/strong> features fully automated cycles that reduce manual labor and production downtime. Its compact, durable construction allows seamless integration into existing SMT lines.<\/p>\n<p data-start=\"1167\" data-end=\"1442\">Supporting various stencil and tool sizes, the machine ensures uniform cleaning, enhances soldering accuracy, reduces rework, and optimizes SMT workflow. The <strong>\u2013 V\u1eadt li\u1ec7u b\u1ec1n b\u1ec9 \u0111\u1ea3m b\u1ea3o \u0111\u1ed9 tin c\u1eady l\u00e2u d\u00e0i trong m\u00f4i tr\u01b0\u1eddng s\u1ea3n xu\u1ea5t \u0111\u00f2i h\u1ecfi kh\u1eaft khe.<\/strong> combines efficiency, precision, and reliability, offering a professional solution for modern PCB production.<\/p>\n<p><img loading=\"lazy\" decoding=\"async\" class=\"alignnone wp-image-22692 aligncenter\" src=\"https:\/\/esmte.com\/wp-content\/uploads\/2025\/12\/11-16.webp\" alt=\"SMT Ultrasonic Cleaning Machine\" width=\"621\" height=\"621\" srcset=\"https:\/\/esmte.com\/wp-content\/uploads\/2025\/12\/11-16.webp 2560w, https:\/\/esmte.com\/wp-content\/uploads\/2025\/12\/11-16-100x100.webp 100w, https:\/\/esmte.com\/wp-content\/uploads\/2025\/12\/11-16-600x600.webp 600w, https:\/\/esmte.com\/wp-content\/uploads\/2025\/12\/11-16-300x300.webp 300w, https:\/\/esmte.com\/wp-content\/uploads\/2025\/12\/11-16-1024x1024.webp 1024w, https:\/\/esmte.com\/wp-content\/uploads\/2025\/12\/11-16-150x150.webp 150w, https:\/\/esmte.com\/wp-content\/uploads\/2025\/12\/11-16-768x768.webp 768w, https:\/\/esmte.com\/wp-content\/uploads\/2025\/12\/11-16-1536x1536.webp 1536w, https:\/\/esmte.com\/wp-content\/uploads\/2025\/12\/11-16-2048x2048.webp 2048w, https:\/\/esmte.com\/wp-content\/uploads\/2025\/12\/11-16-1x1.webp 1w, https:\/\/esmte.com\/wp-content\/uploads\/2025\/12\/11-16-10x10.webp 10w\" sizes=\"auto, (max-width: 621px) 100vw, 621px\" \/><\/p>\n<p>&nbsp;<\/p>\n<h3>C\u00e1c t\u00ednh n\u0103ng ch\u00ednh<\/h3>\n<ul>\n<li data-start=\"1482\" data-end=\"1615\">\n<p data-start=\"1485\" data-end=\"1615\"><strong data-start=\"1485\" data-end=\"1519\">C\u00f4ng ngh\u1ec7 si\u00eau \u00e2m ti\u00ean ti\u1ebfn<\/strong> \u2013 Efficiently removes solder paste, flux, and residues without damaging sensitive components.<\/p>\n<\/li>\n<li data-start=\"1616\" data-end=\"1712\">\n<p data-start=\"1619\" data-end=\"1712\"><strong data-start=\"1619\" data-end=\"1654\">Automated High-Volume Operation<\/strong> \u2013 Supports continuous production with minimal downtime.<\/p>\n<\/li>\n<li data-start=\"1713\" data-end=\"1828\">\n<p data-start=\"1716\" data-end=\"1828\"><strong data-start=\"1716\" data-end=\"1743\">Wide Tool Compatibility<\/strong> \u2013 Handles multiple stencil sizes, nozzles, and SMT tools for flexible application.<\/p>\n<\/li>\n<li data-start=\"1829\" data-end=\"1929\">\n<p data-start=\"1832\" data-end=\"1929\"><strong data-start=\"1832\" data-end=\"1865\">Compact and Integrable Design<\/strong> \u2013 Saves floor space and integrates seamlessly into SMT lines.<\/p>\n<\/li>\n<li data-start=\"1930\" data-end=\"2027\">\n<p data-start=\"1933\" data-end=\"2027\"><strong data-start=\"1933\" data-end=\"1960\">Giao di\u1ec7n th\u00e2n thi\u1ec7n v\u1edbi ng\u01b0\u1eddi d\u00f9ng<\/strong> \u2013 Intuitive controls enable precise, repeatable cleaning cycles.<\/p>\n<\/li>\n<li data-start=\"2028\" data-end=\"2163\">\n<p data-start=\"2031\" data-end=\"2163\"><strong data-start=\"2031\" data-end=\"2072\">Durable, Low-Maintenance Construction<\/strong> \u2013 Robust materials ensure long-term reliability in demanding manufacturing environments.<\/p>\n<\/li>\n<\/ul>\n<p>&nbsp;<\/p>\n<h2>Th\u00f4ng s\u1ed1 k\u1ef9 thu\u1eadt<\/h2>\n<table style=\"border-collapse: collapse; width: 1374px; height: 210px;\" border=\"0\" width=\"760\" cellspacing=\"0\" cellpadding=\"0\">\n<tbody>\n<tr style=\"height: 14.25pt;\">\n<td class=\"et2\" style=\"height: 14.25pt; width: 117.75pt; text-align: center;\" width=\"157\" height=\"19\">Ng\u01b0\u1eddi m\u1eabu<\/td>\n<td class=\"et2\" style=\"width: 92.25pt; text-align: center;\" width=\"123\">YUC-20<\/td>\n<td class=\"et2\" style=\"width: 89.25pt; text-align: center;\" width=\"119\">YUC-40<\/td>\n<td class=\"et2\" style=\"width: 93.75pt; text-align: center;\" width=\"125\">YUC-60<\/td>\n<td class=\"et2\" style=\"width: 88.5pt; text-align: center;\" width=\"118\">YUC-80<\/td>\n<td class=\"et2\" style=\"width: 88.5pt; text-align: center;\" width=\"118\">YUC-100<\/td>\n<\/tr>\n<tr style=\"height: 14.25pt;\">\n<td class=\"et2\" style=\"height: 14.25pt; text-align: center;\" height=\"19\">K\u00edch th\u01b0\u1edbc gi\u1ecf (mm)<\/td>\n<td class=\"et2\" style=\"text-align: center;\">240*135*150mm<\/td>\n<td class=\"et2\" style=\"text-align: center;\">300*240*150mm<\/td>\n<td class=\"et2\" style=\"text-align: center;\">330*330*200mm<\/td>\n<td class=\"et2\" style=\"text-align: center;\">500*300*200mm<\/td>\n<td class=\"et2\" style=\"text-align: center;\">500*300*300mm<\/td>\n<\/tr>\n<tr style=\"height: 14.25pt;\">\n<td class=\"et4\" style=\"height: 14.25pt; width: 117.75pt; text-align: center;\" width=\"157\" height=\"19\">Dung t\u00edch b\u1ec3 ch\u1ee9a<\/td>\n<td class=\"et2\" style=\"text-align: center;\">4.8L<\/td>\n<td class=\"et2\" style=\"text-align: center;\">10 l\u00edt<\/td>\n<td class=\"et2\" style=\"text-align: center;\">20 l\u00edt<\/td>\n<td class=\"et2\" style=\"text-align: center;\">30 l\u00edt<\/td>\n<td class=\"et2\" style=\"text-align: center;\">45 l\u00edt<\/td>\n<\/tr>\n<tr style=\"height: 14.25pt;\">\n<td class=\"et2\" style=\"height: 14.25pt; text-align: center;\" height=\"19\">T\u00ednh th\u01b0\u1eddng xuy\u00ean<\/td>\n<td class=\"et2\" style=\"text-align: center;\">4000Hz<\/td>\n<td class=\"et2\" style=\"text-align: center;\">4000Hz<\/td>\n<td class=\"et2\" style=\"text-align: center;\">4000Hz<\/td>\n<td class=\"et2\" style=\"text-align: center;\">4000Hz<\/td>\n<td class=\"et2\" style=\"text-align: center;\">4000Hz<\/td>\n<\/tr>\n<tr style=\"height: 14.25pt;\">\n<td class=\"et2\" style=\"height: 14.25pt; text-align: center;\" height=\"19\">Th\u1eddi gian<\/td>\n<td class=\"et2\" style=\"text-align: center;\">1-30 ph\u00fat<\/td>\n<td class=\"et2\" style=\"text-align: center;\">1-30 ph\u00fat<\/td>\n<td class=\"et2\" style=\"text-align: center;\">1-30 ph\u00fat<\/td>\n<td class=\"et2\" style=\"text-align: center;\">1-30 ph\u00fat<\/td>\n<td class=\"et2\" style=\"text-align: center;\">1-30 ph\u00fat<\/td>\n<\/tr>\n<tr style=\"height: 14.25pt;\">\n<td class=\"et2\" style=\"height: 14.25pt; text-align: center;\" height=\"19\">C\u00f4ng su\u1ea5t si\u00eau \u00e2m<\/td>\n<td class=\"et4\" style=\"width: 92.25pt; text-align: center;\" width=\"123\">120W<\/td>\n<td class=\"et4\" style=\"width: 89.25pt; text-align: center;\" width=\"119\">240W<\/td>\n<td class=\"et4\" style=\"width: 93.75pt; text-align: center;\" width=\"125\">360W<\/td>\n<td class=\"et4\" style=\"width: 88.5pt; text-align: center;\" width=\"118\">600W<\/td>\n<td class=\"et4\" style=\"width: 88.5pt; text-align: center;\" width=\"118\">720W<\/td>\n<\/tr>\n<tr style=\"height: 14.25pt;\">\n<td class=\"et4\" style=\"height: 14.25pt; width: 117.75pt; text-align: center;\" width=\"157\" height=\"19\">K\u00edch th\u01b0\u1edbc (mm) D\u00e0i*R\u1ed9ng*Cao<\/td>\n<td class=\"et4\" style=\"width: 92.25pt; text-align: center;\" width=\"123\">265*165*285<\/td>\n<td class=\"et4\" style=\"width: 89.25pt; text-align: center;\" width=\"119\">330*270*310<\/td>\n<td class=\"et4\" style=\"width: 93.75pt; text-align: center;\" width=\"125\">530*330*390<\/td>\n<td class=\"et4\" style=\"width: 88.5pt; text-align: center;\" width=\"118\">530*330*390<\/td>\n<td class=\"et4\" style=\"width: 88.5pt; text-align: center;\" width=\"118\">530*330*490<\/td>\n<\/tr>\n<tr style=\"height: 14.25pt;\">\n<td class=\"et2\" style=\"height: 14.25pt; text-align: center;\" height=\"19\">Quy\u1ec1n l\u1ef1c<\/td>\n<td class=\"et4\" style=\"width: 92.25pt; text-align: center;\" width=\"123\">\u0110i\u1ec7n \u00e1p xoay chi\u1ec1u 220V, 50\/60Hz<\/td>\n<td class=\"et4\" style=\"width: 89.25pt; text-align: center;\" width=\"119\">\u0110i\u1ec7n \u00e1p xoay chi\u1ec1u 220V, 50\/60Hz<\/td>\n<td class=\"et4\" style=\"width: 93.75pt; text-align: center;\" width=\"125\">\u0110i\u1ec7n \u00e1p xoay chi\u1ec1u 220V, 50\/60Hz<\/td>\n<td class=\"et4\" style=\"width: 88.5pt; text-align: center;\" width=\"118\">\u0110i\u1ec7n \u00e1p xoay chi\u1ec1u 220V, 50\/60Hz<\/td>\n<td class=\"et4\" style=\"width: 88.5pt; text-align: center;\" width=\"118\">\u0110i\u1ec7n \u00e1p xoay chi\u1ec1u 220V, 50\/60Hz<\/td>\n<\/tr>\n<tr style=\"height: 14.25pt;\">\n<td class=\"et2\" style=\"height: 14.25pt; text-align: center;\" height=\"19\">C\u00e2n n\u1eb7ng<\/td>\n<td class=\"et2\" style=\"text-align: center;\">4kg<\/td>\n<td class=\"et2\" style=\"text-align: center;\">8kg<\/td>\n<td class=\"et2\" style=\"text-align: center;\">11kg<\/td>\n<td class=\"et2\" style=\"text-align: center;\">15kg<\/td>\n<td class=\"et2\" style=\"text-align: center;\">20kg<\/td>\n<\/tr>\n<\/tbody>\n<\/table>\n<p>&nbsp;<\/p>\n<p>&nbsp;<\/p>\n<p><a href=\"https:\/\/www.youtube.com\/@allaismt\" rel=\"nofollow noopener\" target=\"_blank\"><u>https:\/\/www.youtube.com\/@allaismt<\/u><\/a><\/p>\n<p>\u0110\u1ec3 bi\u1ebft th\u00eam th\u00f4ng tin v\u1ec1 M\u00e1y l\u00e0m s\u1ea1ch si\u00eau \u00e2m SMT YUC-20, vui l\u00f2ng g\u1eedi email \u0111\u1ebfn \u0111\u1ecba ch\u1ec9 sau:<\/p>\n<p><a href=\"mailto:sophia@allaismt.com\"><u>sophia@allaismt.com<\/u><\/a><\/p>\n<p>Ch\u00fang t\u00f4i s\u1ebd ph\u1ea3n h\u1ed3i y\u00eau c\u1ea7u c\u1ee7a b\u1ea1n trong th\u1eddi gian s\u1edbm nh\u1ea5t v\u00e0 cung c\u1ea5p cho b\u1ea1n th\u00f4ng tin chi ti\u1ebft v\u1ec1 c\u00e1c s\u1ea3n ph\u1ea9m v\u00e0 d\u1ecbch v\u1ee5 c\u1ee7a ch\u00fang t\u00f4i.<\/p>","protected":false},"excerpt":{"rendered":"<p>M\u00f4 t\u1ea3: C\u00e1i <strong>YUC-80 SMT Ultrasonic Cleaning Machine<\/strong> provides fast, precise cleaning for PCB stencils, nozzles, and SMT tools. Utilizing advanced ultrasonic technology, it removes solder paste and flux residues efficiently without damaging delicate components. Compact, reliable, and easy to operate, the YUC-80 enhances PCB assembly quality, reduces defects, and maximizes SMT line productivity.<\/p>\n<p>S\u1ed1 l\u01b0\u1ee3ng \u0111\u1eb7t h\u00e0ng t\u1ed1i thi\u1ec3u: 1 chi\u1ebfc<\/p>\n<p>Th\u1eddi gian giao h\u00e0ng: 15 ng\u00e0y<\/p>","protected":false},"featured_media":22704,"comment_status":"closed","ping_status":"closed","template":"","meta":[],"etheme_brands":[],"product_brand":[],"product_cat":[156],"product_tag":[],"class_list":{"0":"post-22703","1":"product","2":"type-product","3":"status-publish","4":"has-post-thumbnail","6":"product_cat-pcb-cleaning-machine","8":"first","9":"instock","10":"shipping-taxable","11":"product-type-simple"},"_links":{"self":[{"href":"https:\/\/esmte.com\/vi\/wp-json\/wp\/v2\/product\/22703","targetHints":{"allow":["GET"]}}],"collection":[{"href":"https:\/\/esmte.com\/vi\/wp-json\/wp\/v2\/product"}],"about":[{"href":"https:\/\/esmte.com\/vi\/wp-json\/wp\/v2\/types\/product"}],"replies":[{"embeddable":true,"href":"https:\/\/esmte.com\/vi\/wp-json\/wp\/v2\/comments?post=22703"}],"version-history":[{"count":1,"href":"https:\/\/esmte.com\/vi\/wp-json\/wp\/v2\/product\/22703\/revisions"}],"predecessor-version":[{"id":22706,"href":"https:\/\/esmte.com\/vi\/wp-json\/wp\/v2\/product\/22703\/revisions\/22706"}],"wp:featuredmedia":[{"embeddable":true,"href":"https:\/\/esmte.com\/vi\/wp-json\/wp\/v2\/media\/22704"}],"wp:attachment":[{"href":"https:\/\/esmte.com\/vi\/wp-json\/wp\/v2\/media?parent=22703"}],"wp:term":[{"taxonomy":"brand","embeddable":true,"href":"https:\/\/esmte.com\/vi\/wp-json\/wp\/v2\/etheme_brands?post=22703"},{"taxonomy":"product_brand","embeddable":true,"href":"https:\/\/esmte.com\/vi\/wp-json\/wp\/v2\/product_brand?post=22703"},{"taxonomy":"product_cat","embeddable":true,"href":"https:\/\/esmte.com\/vi\/wp-json\/wp\/v2\/product_cat?post=22703"},{"taxonomy":"product_tag","embeddable":true,"href":"https:\/\/esmte.com\/vi\/wp-json\/wp\/v2\/product_tag?post=22703"}],"curies":[{"name":"trang web","href":"https:\/\/api.w.org\/{rel}","templated":true}]}}