{"id":22699,"date":"2025-12-02T10:03:14","date_gmt":"2025-12-02T10:03:14","guid":{"rendered":"https:\/\/esmte.com\/?post_type=product&#038;p=22699"},"modified":"2025-12-02T10:03:14","modified_gmt":"2025-12-02T10:03:14","slug":"smt-ultrasonic-cleaning-machine-yuc-60","status":"publish","type":"product","link":"https:\/\/esmte.com\/vi\/products\/smt-ultrasonic-cleaning-machine-yuc-60\/","title":{"rendered":"M\u00e1y l\u00e0m s\u1ea1ch si\u00eau \u00e2m SMT YUC-60"},"content":{"rendered":"<h2>Gi\u1edbi thi\u1ec7u<\/h2>\n<p data-start=\"190\" data-end=\"556\">C\u00e1i <strong>M\u00e1y l\u00e0m s\u1ea1ch si\u00eau \u00e2m SMT YUC-60<\/strong> M\u00e1y \u0111\u01b0\u1ee3c thi\u1ebft k\u1ebf \u0111\u1ec3 l\u00e0m s\u1ea1ch nhanh ch\u00f3ng, ch\u00ednh x\u00e1c v\u00e0 tri\u1ec7t \u0111\u1ec3 c\u00e1c khu\u00f4n in PCB, v\u00f2i phun v\u00e0 c\u00e1c d\u1ee5ng c\u1ee5 SMT kh\u00e1c. S\u1eed d\u1ee5ng c\u00f4ng ngh\u1ec7 si\u00eau \u00e2m ti\u00ean ti\u1ebfn, m\u00e1y lo\u1ea1i b\u1ecf hi\u1ec7u qu\u1ea3 kem h\u00e0n, ch\u1ea5t tr\u1ee3 h\u00e0n v\u00e0 c\u00e1c ch\u1ea5t g\u00e2y \u00f4 nhi\u1ec5m \u0111\u1ed3ng th\u1eddi b\u1ea3o v\u1ec7 c\u00e1c linh ki\u1ec7n nh\u1ea1y c\u1ea3m kh\u1ecfi h\u01b0 h\u1ea1i, \u0111\u1ea3m b\u1ea3o ch\u1ea5t l\u01b0\u1ee3ng l\u1eafp r\u00e1p PCB nh\u1ea5t qu\u00e1n v\u00e0 gi\u1ea3m thi\u1ec3u l\u1ed7i.<\/p>\n<p data-start=\"558\" data-end=\"902\">\u0110\u01b0\u1ee3c thi\u1ebft k\u1ebf cho s\u1ea3n xu\u1ea5t \u0111i\u1ec7n t\u1eed quy m\u00f4 l\u1edbn, <strong>M\u00e1y l\u00e0m s\u1ea1ch si\u00eau \u00e2m SMT YUC-60<\/strong> M\u00e1y c\u00f3 chu tr\u00ecnh l\u00e0m s\u1ea1ch ho\u00e0n to\u00e0n t\u1ef1 \u0111\u1ed9ng gi\u00fap ti\u1ebft ki\u1ec7m th\u1eddi gian, gi\u1ea3m thi\u1ec3u lao \u0111\u1ed9ng th\u1ee7 c\u00f4ng v\u00e0 duy tr\u00ec quy tr\u00ecnh s\u1ea3n xu\u1ea5t th\u00f4ng su\u1ed1t. Thi\u1ebft k\u1ebf nh\u1ecf g\u1ecdn cho ph\u00e9p d\u1ec5 d\u00e0ng t\u00edch h\u1ee3p v\u00e0o c\u00e1c d\u00e2y chuy\u1ec1n SMT hi\u1ec7n c\u00f3, v\u00e0 k\u1ebft c\u1ea5u ch\u1eafc ch\u1eafn \u0111\u1ea3m b\u1ea3o \u0111\u1ed9 b\u1ec1n l\u00e2u d\u00e0i trong m\u00f4i tr\u01b0\u1eddng nh\u00e0 m\u00e1y kh\u1eafc nghi\u1ec7t.<\/p>\n<p data-start=\"904\" data-end=\"1176\">M\u00e1y h\u1ed7 tr\u1ee3 nhi\u1ec1u k\u00edch th\u01b0\u1edbc khu\u00f4n m\u1eabu v\u00e0 d\u1ee5ng c\u1ee5 kh\u00e1c nhau, \u0111\u1ea3m b\u1ea3o l\u00e0m s\u1ea1ch \u0111\u1ed3ng \u0111\u1ec1u t\u1ea5t c\u1ea3 c\u00e1c linh ki\u1ec7n. B\u1eb1ng c\u00e1ch duy tr\u00ec khu\u00f4n m\u1eabu v\u00e0 d\u1ee5ng c\u1ee5 s\u1ea1ch s\u1ebd, m\u00e1y gi\u00fap n\u00e2ng cao \u0111\u1ed9 ch\u00ednh x\u00e1c khi h\u00e0n, gi\u1ea3m thi\u1ec3u vi\u1ec7c l\u00e0m l\u1ea1i v\u00e0 t\u1ed1i \u01b0u h\u00f3a quy tr\u00ecnh SMT t\u1ed5ng th\u1ec3, \u0111\u1ea3m b\u1ea3o hi\u1ec7u qu\u1ea3 d\u00e2y chuy\u1ec1n t\u1ed1i \u0111a.<\/p>\n<p data-start=\"1178\" data-end=\"1439\">\u0110\u1ea7u t\u01b0 v\u00e0o <strong>M\u00e1y l\u00e0m s\u1ea1ch si\u00eau \u00e2m SMT YUC-60<\/strong> Cung c\u1ea5p cho c\u00e1c nh\u00e0 s\u1ea3n xu\u1ea5t \u0111i\u1ec7n t\u1eed m\u1ed9t gi\u1ea3i ph\u00e1p \u0111\u00e1ng tin c\u1eady, hi\u1ec7u qu\u1ea3 v\u00e0 ch\u00ednh x\u00e1c \u0111\u1ec3 duy tr\u00ec \u0111\u1ed9 s\u1ea1ch c\u1ee7a d\u1ee5ng c\u1ee5, c\u1ea3i thi\u1ec7n ch\u1ea5t l\u01b0\u1ee3ng s\u1ea3n xu\u1ea5t v\u00e0 h\u1ed7 tr\u1ee3 c\u00e1c ho\u1ea1t \u0111\u1ed9ng l\u1eafp r\u00e1p PCB hi\u1ec7u qu\u1ea3 cao.<\/p>\n<p data-start=\"1178\" data-end=\"1439\">\n<p><img loading=\"lazy\" decoding=\"async\" class=\"alignnone wp-image-22692  aligncenter\" src=\"https:\/\/esmte.com\/wp-content\/uploads\/2025\/12\/11-16.webp\" alt=\"SMT Ultrasonic Cleaning Machine\" width=\"626\" height=\"626\" srcset=\"https:\/\/esmte.com\/wp-content\/uploads\/2025\/12\/11-16.webp 2560w, https:\/\/esmte.com\/wp-content\/uploads\/2025\/12\/11-16-100x100.webp 100w, https:\/\/esmte.com\/wp-content\/uploads\/2025\/12\/11-16-600x600.webp 600w, https:\/\/esmte.com\/wp-content\/uploads\/2025\/12\/11-16-300x300.webp 300w, https:\/\/esmte.com\/wp-content\/uploads\/2025\/12\/11-16-1024x1024.webp 1024w, https:\/\/esmte.com\/wp-content\/uploads\/2025\/12\/11-16-150x150.webp 150w, https:\/\/esmte.com\/wp-content\/uploads\/2025\/12\/11-16-768x768.webp 768w, https:\/\/esmte.com\/wp-content\/uploads\/2025\/12\/11-16-1536x1536.webp 1536w, https:\/\/esmte.com\/wp-content\/uploads\/2025\/12\/11-16-2048x2048.webp 2048w, https:\/\/esmte.com\/wp-content\/uploads\/2025\/12\/11-16-1x1.webp 1w, https:\/\/esmte.com\/wp-content\/uploads\/2025\/12\/11-16-10x10.webp 10w\" sizes=\"auto, (max-width: 626px) 100vw, 626px\" \/><\/p>\n<p>&nbsp;<\/p>\n<h3>C\u00e1c t\u00ednh n\u0103ng ch\u00ednh<\/h3>\n<ul>\n<li data-start=\"127\" data-end=\"291\">\n<p data-start=\"130\" data-end=\"291\"><strong data-start=\"130\" data-end=\"158\">H\u1ed7 tr\u1ee3 s\u1ea3n xu\u1ea5t nhanh ch\u00f3ng<\/strong> \u2013 \u0110\u01b0\u1ee3c thi\u1ebft k\u1ebf \u0111\u1ec3 x\u1eed l\u00fd c\u00e1c chu k\u1ef3 l\u00e0m s\u1ea1ch t\u1ea7n s\u1ed1 cao, gi\u00fap c\u00e1c d\u00e2y chuy\u1ec1n SMT ho\u1ea1t \u0111\u1ed9ng hi\u1ec7u qu\u1ea3 m\u00e0 kh\u00f4ng g\u00e2y t\u1eafc ngh\u1ebdn s\u1ea3n xu\u1ea5t.<\/p>\n<\/li>\n<li data-start=\"293\" data-end=\"460\">\n<p data-start=\"296\" data-end=\"460\"><strong data-start=\"296\" data-end=\"329\">Quy tr\u00ecnh l\u00e0m s\u1ea1ch th\u00e2n thi\u1ec7n v\u1edbi m\u00f4i tr\u01b0\u1eddng<\/strong> \u2013 S\u1eed d\u1ee5ng s\u00f3ng si\u00eau \u00e2m v\u1edbi l\u01b0\u1ee3ng h\u00f3a ch\u1ea5t t\u1ed1i thi\u1ec3u, gi\u1ea3m thi\u1ec3u t\u00e1c \u0111\u1ed9ng \u0111\u1ebfn m\u00f4i tr\u01b0\u1eddng v\u00e0 gi\u1ea3m nguy c\u01a1 ng\u01b0\u1eddi v\u1eadn h\u00e0nh ti\u1ebfp x\u00fac v\u1edbi c\u00e1c ch\u1ea5t \u0111\u1ed9c h\u1ea1i.<\/p>\n<\/li>\n<li data-start=\"462\" data-end=\"631\">\n<p data-start=\"465\" data-end=\"631\"><strong data-start=\"465\" data-end=\"494\">Lo\u1ea1i b\u1ecf c\u1eb7n b\u1ea9n ch\u00ednh x\u00e1c<\/strong> \u2013 L\u00e0m s\u1ea1ch hi\u1ec7u qu\u1ea3 c\u00e1c khu v\u1ef1c kh\u00f3 ti\u1ebfp c\u1eadn c\u1ee7a khu\u00f4n in v\u00e0 v\u00f2i phun, \u0111\u1ea3m b\u1ea3o l\u1edbp kem h\u00e0n \u0111\u01b0\u1ee3c ph\u1ee7 \u0111\u1ec1u, gi\u00fap l\u1eafp r\u00e1p m\u1ea1ch in ho\u00e0n h\u1ea3o.<\/p>\n<\/li>\n<li data-start=\"633\" data-end=\"797\">\n<p data-start=\"636\" data-end=\"797\"><strong data-start=\"636\" data-end=\"669\">T\u00edch h\u1ee3p quy tr\u00ecnh l\u00e0m vi\u1ec7c \u0111\u01b0\u1ee3c n\u00e2ng cao<\/strong> \u2013 Thi\u1ebft k\u1ebf nh\u1ecf g\u1ecdn v\u00e0 d\u1ea1ng m\u00f4-\u0111un cho ph\u00e9p t\u00edch h\u1ee3p li\u1ec1n m\u1ea1ch v\u00e0o c\u00e1c d\u00e2y chuy\u1ec1n SMT hi\u1ec7n c\u00f3, n\u00e2ng cao hi\u1ec7u qu\u1ea3 ho\u1ea1t \u0111\u1ed9ng t\u1ed5ng th\u1ec3.<\/p>\n<\/li>\n<li data-start=\"799\" data-end=\"966\">\n<p data-start=\"802\" data-end=\"966\"><strong data-start=\"802\" data-end=\"830\">Gi\u1ea3m thi\u1ec3u vi\u1ec7c l\u00e0m l\u1ea1i v\u00e0 ph\u1ebf ph\u1ea9m.<\/strong> \u2013 Duy tr\u00ec \u0111\u1ed9 s\u1ea1ch t\u1ed1i \u01b0u c\u1ee7a d\u1ee5ng c\u1ee5, gi\u1ea3m thi\u1ec3u l\u1ed7i v\u00e0 nhu c\u1ea7u l\u00e0m l\u1ea1i, t\u1eeb \u0111\u00f3 ti\u1ebft ki\u1ec7m chi ph\u00ed v\u1eadt li\u1ec7u v\u00e0 th\u1eddi gian s\u1ea3n xu\u1ea5t.<\/p>\n<\/li>\n<li data-start=\"968\" data-end=\"1140\">\n<p data-start=\"971\" data-end=\"1140\"><strong data-start=\"971\" data-end=\"1006\">An to\u00e0n v\u00e0 ti\u1ec7n l\u1ee3i cho ng\u01b0\u1eddi v\u1eadn h\u00e0nh<\/strong> \u2013 C\u00f3 c\u00e1c khoang l\u00e0m s\u1ea1ch d\u1ec5 ti\u1ebfp c\u1eadn v\u00e0 chu tr\u00ecnh t\u1ef1 \u0111\u1ed9ng, gi\u1ea3m thi\u1ec3u thao t\u00e1c th\u1ee7 c\u00f4ng v\u00e0 \u0111\u1ea3m b\u1ea3o \u0111i\u1ec1u ki\u1ec7n l\u00e0m vi\u1ec7c an to\u00e0n h\u01a1n.<\/p>\n<\/li>\n<\/ul>\n<p>&nbsp;<\/p>\n<h2>Th\u00f4ng s\u1ed1 k\u1ef9 thu\u1eadt<\/h2>\n<table style=\"border-collapse: collapse; width: 1373px; height: 218px;\" border=\"0\" width=\"760\" cellspacing=\"0\" cellpadding=\"0\">\n<tbody>\n<tr style=\"height: 14.25pt;\">\n<td class=\"et2\" style=\"height: 14.25pt; width: 117.75pt; text-align: center;\" width=\"157\" height=\"19\">Ng\u01b0\u1eddi m\u1eabu<\/td>\n<td class=\"et2\" style=\"width: 92.25pt; text-align: center;\" width=\"123\">YUC-20<\/td>\n<td class=\"et2\" style=\"width: 89.25pt; text-align: center;\" width=\"119\">YUC-40<\/td>\n<td class=\"et2\" style=\"width: 93.75pt; text-align: center;\" width=\"125\">YUC-60<\/td>\n<td class=\"et2\" style=\"width: 88.5pt; text-align: center;\" width=\"118\">YUC-80<\/td>\n<td class=\"et2\" style=\"width: 88.5pt; text-align: center;\" width=\"118\">YUC-100<\/td>\n<\/tr>\n<tr style=\"height: 14.25pt;\">\n<td class=\"et2\" style=\"height: 14.25pt; text-align: center;\" height=\"19\">K\u00edch th\u01b0\u1edbc gi\u1ecf (mm)<\/td>\n<td class=\"et2\" style=\"text-align: center;\">240*135*150mm<\/td>\n<td class=\"et2\" style=\"text-align: center;\">300*240*150mm<\/td>\n<td class=\"et2\" style=\"text-align: center;\">330*330*200mm<\/td>\n<td class=\"et2\" style=\"text-align: center;\">500*300*200mm<\/td>\n<td class=\"et2\" style=\"text-align: center;\">500*300*300mm<\/td>\n<\/tr>\n<tr style=\"height: 14.25pt;\">\n<td class=\"et4\" style=\"height: 14.25pt; width: 117.75pt; text-align: center;\" width=\"157\" height=\"19\">Dung t\u00edch b\u1ec3 ch\u1ee9a<\/td>\n<td class=\"et2\" style=\"text-align: center;\">4.8L<\/td>\n<td class=\"et2\" style=\"text-align: center;\">10 l\u00edt<\/td>\n<td class=\"et2\" style=\"text-align: center;\">20 l\u00edt<\/td>\n<td class=\"et2\" style=\"text-align: center;\">30 l\u00edt<\/td>\n<td class=\"et2\" style=\"text-align: center;\">45 l\u00edt<\/td>\n<\/tr>\n<tr style=\"height: 14.25pt;\">\n<td class=\"et2\" style=\"height: 14.25pt; text-align: center;\" height=\"19\">T\u00ednh th\u01b0\u1eddng xuy\u00ean<\/td>\n<td class=\"et2\" style=\"text-align: center;\">4000Hz<\/td>\n<td class=\"et2\" style=\"text-align: center;\">4000Hz<\/td>\n<td class=\"et2\" style=\"text-align: center;\">4000Hz<\/td>\n<td class=\"et2\" style=\"text-align: center;\">4000Hz<\/td>\n<td class=\"et2\" style=\"text-align: center;\">4000Hz<\/td>\n<\/tr>\n<tr style=\"height: 14.25pt;\">\n<td class=\"et2\" style=\"height: 14.25pt; text-align: center;\" height=\"19\">Th\u1eddi gian<\/td>\n<td class=\"et2\" style=\"text-align: center;\">1-30 ph\u00fat<\/td>\n<td class=\"et2\" style=\"text-align: center;\">1-30 ph\u00fat<\/td>\n<td class=\"et2\" style=\"text-align: center;\">1-30 ph\u00fat<\/td>\n<td class=\"et2\" style=\"text-align: center;\">1-30 ph\u00fat<\/td>\n<td class=\"et2\" style=\"text-align: center;\">1-30 ph\u00fat<\/td>\n<\/tr>\n<tr style=\"height: 14.25pt;\">\n<td class=\"et2\" style=\"height: 14.25pt; text-align: center;\" height=\"19\">C\u00f4ng su\u1ea5t si\u00eau \u00e2m<\/td>\n<td class=\"et4\" style=\"width: 92.25pt; text-align: center;\" width=\"123\">120W<\/td>\n<td class=\"et4\" style=\"width: 89.25pt; text-align: center;\" width=\"119\">240W<\/td>\n<td class=\"et4\" style=\"width: 93.75pt; text-align: center;\" width=\"125\">360W<\/td>\n<td class=\"et4\" style=\"width: 88.5pt; text-align: center;\" width=\"118\">600W<\/td>\n<td class=\"et4\" style=\"width: 88.5pt; text-align: center;\" width=\"118\">720W<\/td>\n<\/tr>\n<tr style=\"height: 14.25pt;\">\n<td class=\"et4\" style=\"height: 14.25pt; width: 117.75pt; text-align: center;\" width=\"157\" height=\"19\">K\u00edch th\u01b0\u1edbc (mm) D\u00e0i*R\u1ed9ng*Cao<\/td>\n<td class=\"et4\" style=\"width: 92.25pt; text-align: center;\" width=\"123\">265*165*285<\/td>\n<td class=\"et4\" style=\"width: 89.25pt; text-align: center;\" width=\"119\">330*270*310<\/td>\n<td class=\"et4\" style=\"width: 93.75pt; text-align: center;\" width=\"125\">530*330*390<\/td>\n<td class=\"et4\" style=\"width: 88.5pt; text-align: center;\" width=\"118\">530*330*390<\/td>\n<td class=\"et4\" style=\"width: 88.5pt; text-align: center;\" width=\"118\">530*330*490<\/td>\n<\/tr>\n<tr style=\"height: 14.25pt;\">\n<td class=\"et2\" style=\"height: 14.25pt; text-align: center;\" height=\"19\">Quy\u1ec1n l\u1ef1c<\/td>\n<td class=\"et4\" style=\"width: 92.25pt; text-align: center;\" width=\"123\">\u0110i\u1ec7n \u00e1p xoay chi\u1ec1u 220V, 50\/60Hz<\/td>\n<td class=\"et4\" style=\"width: 89.25pt; text-align: center;\" width=\"119\">\u0110i\u1ec7n \u00e1p xoay chi\u1ec1u 220V, 50\/60Hz<\/td>\n<td class=\"et4\" style=\"width: 93.75pt; text-align: center;\" width=\"125\">\u0110i\u1ec7n \u00e1p xoay chi\u1ec1u 220V, 50\/60Hz<\/td>\n<td class=\"et4\" style=\"width: 88.5pt; text-align: center;\" width=\"118\">\u0110i\u1ec7n \u00e1p xoay chi\u1ec1u 220V, 50\/60Hz<\/td>\n<td class=\"et4\" style=\"width: 88.5pt; text-align: center;\" width=\"118\">\u0110i\u1ec7n \u00e1p xoay chi\u1ec1u 220V, 50\/60Hz<\/td>\n<\/tr>\n<tr style=\"height: 14.25pt;\">\n<td class=\"et2\" style=\"height: 14.25pt; text-align: center;\" height=\"19\">C\u00e2n n\u1eb7ng<\/td>\n<td class=\"et2\" style=\"text-align: center;\">4kg<\/td>\n<td class=\"et2\" style=\"text-align: center;\">8kg<\/td>\n<td class=\"et2\" style=\"text-align: center;\">11kg<\/td>\n<td class=\"et2\" style=\"text-align: center;\">15kg<\/td>\n<td class=\"et2\" style=\"text-align: center;\">20kg<\/td>\n<\/tr>\n<\/tbody>\n<\/table>\n<p>&nbsp;<\/p>\n<p><a href=\"https:\/\/www.youtube.com\/@allaismt\" rel=\"nofollow noopener\" target=\"_blank\"><u>https:\/\/www.youtube.com\/@allaismt<\/u><\/a><\/p>\n<p>\u0110\u1ec3 bi\u1ebft th\u00eam th\u00f4ng tin v\u1ec1 M\u00e1y l\u00e0m s\u1ea1ch si\u00eau \u00e2m SMT YUC-20, vui l\u00f2ng g\u1eedi email \u0111\u1ebfn \u0111\u1ecba ch\u1ec9 sau:<\/p>\n<p><a href=\"mailto:sophia@allaismt.com\"><u>sophia@allaismt.com<\/u><\/a><\/p>\n<p>Ch\u00fang t\u00f4i s\u1ebd ph\u1ea3n h\u1ed3i y\u00eau c\u1ea7u c\u1ee7a b\u1ea1n trong th\u1eddi gian s\u1edbm nh\u1ea5t v\u00e0 cung c\u1ea5p cho b\u1ea1n th\u00f4ng tin chi ti\u1ebft v\u1ec1 c\u00e1c s\u1ea3n ph\u1ea9m v\u00e0 d\u1ecbch v\u1ee5 c\u1ee7a ch\u00fang t\u00f4i.<\/p>","protected":false},"excerpt":{"rendered":"<p>M\u00f4 t\u1ea3: C\u00e1i <strong>M\u00e1y l\u00e0m s\u1ea1ch si\u00eau \u00e2m SMT YUC-60<\/strong> YUC-60 l\u00e0 gi\u1ea3i ph\u00e1p nhanh ch\u00f3ng, ch\u00ednh x\u00e1c v\u00e0 \u0111\u00e1ng tin c\u1eady \u0111\u1ec3 l\u00e0m s\u1ea1ch khu\u00f4n in PCB, v\u00f2i phun v\u00e0 c\u00e1c d\u1ee5ng c\u1ee5 SMT kh\u00e1c. S\u1eed d\u1ee5ng c\u00f4ng ngh\u1ec7 si\u00eau \u00e2m ti\u00ean ti\u1ebfn, m\u00e1y lo\u1ea1i b\u1ecf hi\u1ec7u qu\u1ea3 c\u1eb7n kem h\u00e0n v\u00e0 ch\u1ea5t tr\u1ee3 h\u00e0n \u0111\u1ed3ng th\u1eddi b\u1ea3o v\u1ec7 c\u00e1c linh ki\u1ec7n nh\u1ea1y c\u1ea3m. Nh\u1ecf g\u1ecdn, d\u1ec5 v\u1eadn h\u00e0nh v\u00e0 ph\u00f9 h\u1ee3p v\u1edbi s\u1ea3n xu\u1ea5t SMT s\u1ed1 l\u01b0\u1ee3ng l\u1edbn, YUC-60 c\u1ea3i thi\u1ec7n \u0111\u1ed9 ch\u00ednh x\u00e1c khi h\u00e0n, gi\u1ea3m l\u1ed7i v\u00e0 n\u00e2ng cao hi\u1ec7u qu\u1ea3 t\u1ed5ng th\u1ec3 c\u1ee7a d\u00e2y chuy\u1ec1n.<\/p>\n<p>S\u1ed1 l\u01b0\u1ee3ng \u0111\u1eb7t h\u00e0ng t\u1ed1i thi\u1ec3u: 1 chi\u1ebfc<\/p>\n<p>Th\u1eddi gian giao h\u00e0ng: 15 ng\u00e0y<\/p>","protected":false},"featured_media":22700,"comment_status":"closed","ping_status":"closed","template":"","meta":[],"etheme_brands":[],"product_brand":[],"product_cat":[156],"product_tag":[],"class_list":{"0":"post-22699","1":"product","2":"type-product","3":"status-publish","4":"has-post-thumbnail","6":"product_cat-pcb-cleaning-machine","8":"first","9":"instock","10":"shipping-taxable","11":"product-type-simple"},"_links":{"self":[{"href":"https:\/\/esmte.com\/vi\/wp-json\/wp\/v2\/product\/22699","targetHints":{"allow":["GET"]}}],"collection":[{"href":"https:\/\/esmte.com\/vi\/wp-json\/wp\/v2\/product"}],"about":[{"href":"https:\/\/esmte.com\/vi\/wp-json\/wp\/v2\/types\/product"}],"replies":[{"embeddable":true,"href":"https:\/\/esmte.com\/vi\/wp-json\/wp\/v2\/comments?post=22699"}],"version-history":[{"count":1,"href":"https:\/\/esmte.com\/vi\/wp-json\/wp\/v2\/product\/22699\/revisions"}],"predecessor-version":[{"id":22702,"href":"https:\/\/esmte.com\/vi\/wp-json\/wp\/v2\/product\/22699\/revisions\/22702"}],"wp:featuredmedia":[{"embeddable":true,"href":"https:\/\/esmte.com\/vi\/wp-json\/wp\/v2\/media\/22700"}],"wp:attachment":[{"href":"https:\/\/esmte.com\/vi\/wp-json\/wp\/v2\/media?parent=22699"}],"wp:term":[{"taxonomy":"brand","embeddable":true,"href":"https:\/\/esmte.com\/vi\/wp-json\/wp\/v2\/etheme_brands?post=22699"},{"taxonomy":"product_brand","embeddable":true,"href":"https:\/\/esmte.com\/vi\/wp-json\/wp\/v2\/product_brand?post=22699"},{"taxonomy":"product_cat","embeddable":true,"href":"https:\/\/esmte.com\/vi\/wp-json\/wp\/v2\/product_cat?post=22699"},{"taxonomy":"product_tag","embeddable":true,"href":"https:\/\/esmte.com\/vi\/wp-json\/wp\/v2\/product_tag?post=22699"}],"curies":[{"name":"trang web","href":"https:\/\/api.w.org\/{rel}","templated":true}]}}