{"id":22625,"date":"2025-12-02T02:23:49","date_gmt":"2025-12-02T02:23:49","guid":{"rendered":"https:\/\/esmte.com\/?post_type=product&#038;p=22625"},"modified":"2026-01-14T03:07:26","modified_gmt":"2026-01-14T03:07:26","slug":"camera-module-cleaning-machine-ymc-960","status":"publish","type":"product","link":"https:\/\/esmte.com\/vi\/products\/camera-module-cleaning-machine-ymc-960\/","title":{"rendered":"SMT\u00a0Camera Module Cleaning Machine YMC-960"},"content":{"rendered":"<h2>Gi\u1edbi thi\u1ec7u<\/h2>\n<p data-start=\"148\" data-end=\"684\">C\u00e1i <strong>SMT\u00a0Camera Module Cleaning Machine YMC-960<\/strong> \u0110\u01b0\u1ee3c thi\u1ebft k\u1ebf \u0111\u1ec3 \u0111\u00e1p \u1ee9ng c\u00e1c ti\u00eau chu\u1ea9n v\u1ec7 sinh ng\u00e0y c\u00e0ng kh\u1eaft khe trong m\u00f4i tr\u01b0\u1eddng s\u1ea3n xu\u1ea5t quang h\u1ecdc hi\u1ec7n nay. Khi c\u00e1c m\u00f4-\u0111un camera ti\u1ebfp t\u1ee5c ph\u00e1t tri\u1ec3n theo h\u01b0\u1edbng \u0111\u1ed9 ph\u00e2n gi\u1ea3i cao h\u01a1n v\u00e0 c\u1ea5u tr\u00fac nh\u1ecf g\u1ecdn h\u01a1n, \u0111\u1ed9 nh\u1ea1y c\u1ee7a th\u1ea5u k\u00ednh v\u00e0 b\u1ec1 m\u1eb7t c\u1ea3m bi\u1ebfn \u0111\u00f2i h\u1ecfi m\u1ed9t dung d\u1ecbch l\u00e0m s\u1ea1ch c\u00f3 kh\u1ea3 n\u0103ng lo\u1ea1i b\u1ecf ngay c\u1ea3 nh\u1eefng ch\u1ea5t b\u1ea9n nh\u1ecf nh\u1ea5t. YMC-960 gi\u1ea3i quy\u1ebft th\u00e1ch th\u1ee9c n\u00e0y v\u1edbi quy tr\u00ecnh l\u00e0m s\u1ea1ch \u1ed5n \u0111\u1ecbnh, \u0111\u01b0\u1ee3c \u0111i\u1ec1u khi\u1ec3n th\u00f4ng minh, \u0111\u01b0\u1ee3c thi\u1ebft k\u1ebf ri\u00eang cho c\u00e1c th\u00e0nh ph\u1ea7n h\u00ecnh \u1ea3nh ch\u00ednh x\u00e1c.<\/p>\n<p data-start=\"686\" data-end=\"1149\">N\u1eb1m \u1edf trung t\u00e2m c\u1ee7a <strong>SMT\u00a0Camera Module Cleaning Machine YMC-960<\/strong> \u0110i\u1ec3m n\u1ed5i b\u1eadt c\u1ee7a m\u00e1y l\u00e0 h\u1ec7 th\u1ed1ng c\u00f4ng ngh\u1ec7 lo\u1ea1i b\u1ecf h\u1ea1t \u0111\u01b0\u1ee3c ph\u1ed1i h\u1ee3p nh\u1ecbp nh\u00e0ng, \u0111\u01b0\u1ee3c thi\u1ebft k\u1ebf \u0111\u1ec3 lo\u1ea1i b\u1ecf b\u1ee5i, s\u1ee3i v\u00e0 c\u00e1c m\u1ea3nh v\u1ee5n b\u00e1m d\u00ednh t\u0129nh \u0111i\u1ec7n kh\u1ecfi m\u1ecdi b\u1ec1 m\u1eb7t quan tr\u1ecdng. \u0110\u01b0\u1eddng d\u1eabn lu\u1ed3ng kh\u00ed \u0111\u01b0\u1ee3c t\u1ed1i \u01b0u h\u00f3a v\u00e0 c\u00e1c c\u01a1 ch\u1ebf l\u00e0m s\u1ea1ch chuy\u00ean d\u1ee5ng c\u1ee7a m\u00e1y \u0111\u1ea3m b\u1ea3o r\u1eb1ng c\u00e1c ch\u1ea5t g\u00e2y \u00f4 nhi\u1ec5m kh\u00f4ng ch\u1ec9 \u0111\u01b0\u1ee3c lo\u1ea1i b\u1ecf hi\u1ec7u qu\u1ea3 m\u00e0 c\u00f2n \u0111\u01b0\u1ee3c ng\u0103n ch\u1eb7n quay tr\u1edf l\u1ea1i trong qu\u00e1 tr\u00ecnh v\u1eadn chuy\u1ec3n. Thi\u1ebft k\u1ebf n\u00e0y gi\u00fap gi\u1ea3m \u0111\u00e1ng k\u1ec3 c\u00e1c l\u1ed7i ph\u00e1t sinh \u1edf c\u00e1c c\u00f4ng \u0111o\u1ea1n ti\u1ebfp theo, c\u1ea3i thi\u1ec7n \u0111\u1ed9 r\u00f5 n\u00e9t c\u1ee7a h\u00ecnh \u1ea3nh v\u00e0 n\u0103ng su\u1ea5t s\u1ea3n xu\u1ea5t t\u1ed5ng th\u1ec3.<\/p>\n<p data-start=\"1151\" data-end=\"1639\">C\u00e1i <strong>SMT\u00a0Camera Module Cleaning Machine YMC-960<\/strong> M\u00e1y t\u00edch h\u1ee3p li\u1ec1n m\u1ea1ch v\u00e0o c\u00e1c d\u00e2y chuy\u1ec1n l\u1eafp r\u00e1p t\u1ef1 \u0111\u1ed9ng, h\u1ed7 tr\u1ee3 c\u1ea3 s\u1ea3n xu\u1ea5t t\u1ed1c \u0111\u1ed9 cao v\u00e0 ho\u1ea1t \u0111\u1ed9ng li\u00ean t\u1ee5c, su\u1ed1t ng\u00e0y \u0111\u00eam. H\u1ec7 th\u1ed1ng x\u1eed l\u00fd th\u00f4ng minh gi\u1ea3m thi\u1ec3u ti\u1ebfp x\u00fac th\u1ee7 c\u00f4ng, b\u1ea3o v\u1ec7 c\u00e1c linh ki\u1ec7n kh\u1ecfi h\u01b0 h\u1ecfng \u0111\u1ed3ng th\u1eddi duy tr\u00ec ch\u1ea5t l\u01b0\u1ee3ng x\u1eed l\u00fd nh\u1ea5t qu\u00e1n. V\u1edbi kh\u1ea3 n\u0103ng gi\u00e1m s\u00e1t th\u1eddi gian th\u1ef1c v\u00e0 c\u00e1c t\u00f9y ch\u1ecdn c\u1ea5u h\u00ecnh linh ho\u1ea1t, m\u00e1y d\u1ec5 d\u00e0ng th\u00edch \u1ee9ng v\u1edbi c\u00e1c k\u00edch th\u01b0\u1edbc m\u00f4-\u0111un v\u00e0 y\u00eau c\u1ea7u s\u1ea3n xu\u1ea5t kh\u00e1c nhau, ph\u00f9 h\u1ee3p v\u1edbi nhi\u1ec1u \u1ee9ng d\u1ee5ng h\u00ecnh \u1ea3nh.<\/p>\n<p data-start=\"1641\" data-end=\"2021\">T\u1eeb c\u00e1c m\u00f4-\u0111un camera \u0111i\u1ec7n tho\u1ea1i th\u00f4ng minh \u0111\u1ebfn h\u1ec7 th\u1ed1ng th\u1ecb gi\u00e1c \u00f4 t\u00f4 v\u00e0 c\u1ea3m bi\u1ebfn quang h\u1ecdc c\u00f4ng nghi\u1ec7p, <strong>SMT\u00a0Camera Module Cleaning Machine YMC-960<\/strong> S\u1ea3n ph\u1ea9m n\u00e0y cung c\u1ea5p kh\u1ea3 n\u0103ng l\u00e0m s\u1ea1ch \u0111\u00e1ng tin c\u1eady, gi\u00fap n\u00e2ng cao hi\u1ec7u su\u1ea5t c\u1ee7a c\u00e1c thi\u1ebft b\u1ecb h\u00ecnh \u1ea3nh ti\u00ean ti\u1ebfn. \u0110\u00e2y kh\u00f4ng ch\u1ec9 l\u00e0 m\u1ed9t c\u00f4ng c\u1ee5 l\u00e0m s\u1ea1ch m\u00e0 c\u00f2n l\u00e0 m\u1ed9t b\u01b0\u1edbc quan tr\u1ecdng \u0111\u1ec3 \u0111\u1ea3m b\u1ea3o m\u1ed7i m\u00f4-\u0111un \u0111\u00e1p \u1ee9ng \u0111\u01b0\u1ee3c k\u1ef3 v\u1ecdng v\u1ec1 hi\u1ec7u su\u1ea5t quang h\u1ecdc \u0111\u1ed9 n\u00e9t cao, \u0111\u1ed9 \u1ed5n \u0111\u1ecbnh cao m\u00e0 th\u1ecb tr\u01b0\u1eddng hi\u1ec7n \u0111\u1ea1i y\u00eau c\u1ea7u.<\/p>\n<p data-start=\"1641\" data-end=\"2021\"><img loading=\"lazy\" decoding=\"async\" class=\"aligncenter wp-image-22622\" src=\"https:\/\/esmte.com\/wp-content\/uploads\/2025\/12\/11-10.webp\" alt=\"SMT\u00a0Camera Module Cleaning Machine\" width=\"550\" height=\"550\" srcset=\"https:\/\/esmte.com\/wp-content\/uploads\/2025\/12\/11-10.webp 1560w, https:\/\/esmte.com\/wp-content\/uploads\/2025\/12\/11-10-100x100.webp 100w, https:\/\/esmte.com\/wp-content\/uploads\/2025\/12\/11-10-600x600.webp 600w, https:\/\/esmte.com\/wp-content\/uploads\/2025\/12\/11-10-300x300.webp 300w, https:\/\/esmte.com\/wp-content\/uploads\/2025\/12\/11-10-1024x1024.webp 1024w, https:\/\/esmte.com\/wp-content\/uploads\/2025\/12\/11-10-150x150.webp 150w, https:\/\/esmte.com\/wp-content\/uploads\/2025\/12\/11-10-768x768.webp 768w, https:\/\/esmte.com\/wp-content\/uploads\/2025\/12\/11-10-1536x1536.webp 1536w, https:\/\/esmte.com\/wp-content\/uploads\/2025\/12\/11-10-1x1.webp 1w, https:\/\/esmte.com\/wp-content\/uploads\/2025\/12\/11-10-10x10.webp 10w\" sizes=\"auto, (max-width: 550px) 100vw, 550px\" \/><\/p>\n<h3>C\u00e1c t\u00ednh n\u0103ng ch\u00ednh<\/h3>\n<ul>\n<li data-start=\"222\" data-end=\"432\">\n<p data-start=\"225\" data-end=\"432\"><strong data-start=\"225\" data-end=\"267\">L\u00e0m s\u1ea1ch b\u1ec1 m\u1eb7t quang h\u1ecdc \u0111\u1ed9 ch\u00ednh x\u00e1c cao<\/strong><br data-start=\"267\" data-end=\"270\" \/>YMC-960 \u0111\u01b0\u1ee3c thi\u1ebft k\u1ebf \u0111\u1ec3 lo\u1ea1i b\u1ecf c\u00e1c h\u1ea1t si\u00eau nh\u1ecf, b\u1ee5i v\u00e0 s\u1ee3i kh\u1ecfi b\u1ec1 m\u1eb7t nh\u1ea1y c\u1ea3m c\u1ee7a m\u00f4-\u0111un camera, \u0111\u1ea3m b\u1ea3o \u0111\u1ed9 trong su\u1ed1t quang h\u1ecdc ho\u00e0n h\u1ea3o tr\u01b0\u1edbc khi l\u1eafp r\u00e1p.<\/p>\n<\/li>\n<li data-start=\"434\" data-end=\"621\">\n<p data-start=\"437\" data-end=\"621\"><strong data-start=\"437\" data-end=\"471\">Kh\u1eed t\u0129nh \u0111i\u1ec7n n\u00e2ng cao<\/strong><br data-start=\"471\" data-end=\"474\" \/>H\u1ec7 th\u1ed1ng ion h\u00f3a t\u00edch h\u1ee3p lo\u1ea1i b\u1ecf s\u1ef1 t\u00edch t\u1ee5 t\u0129nh \u0111i\u1ec7n, ng\u0103n ng\u1eeba c\u00e1c ch\u1ea5t g\u00e2y \u00f4 nhi\u1ec5m trong kh\u00f4ng kh\u00ed b\u00e1m tr\u1edf l\u1ea1i trong ho\u1eb7c sau qu\u00e1 tr\u00ecnh l\u00e0m s\u1ea1ch.<\/p>\n<\/li>\n<li data-start=\"623\" data-end=\"833\">\n<p data-start=\"626\" data-end=\"833\"><strong data-start=\"626\" data-end=\"665\">\u0110\u01b0\u1eddng d\u1eabn l\u00e0m s\u1ea1ch \u0111a giai \u0111o\u1ea1n \u0111\u01b0\u1ee3c t\u1ed1i \u01b0u h\u00f3a<\/strong><br data-start=\"665\" data-end=\"668\" \/>S\u1ef1 ph\u1ed1i h\u1ee3p nh\u1ecbp nh\u00e0ng gi\u1eefa lu\u1ed3ng kh\u00ed, l\u00e0m s\u1ea1ch b\u1eb1ng con l\u0103n v\u00e0 l\u1ef1c h\u00fat \u0111\u01b0\u1ee3c ki\u1ec3m so\u00e1t mang l\u1ea1i k\u1ebft qu\u1ea3 \u1ed5n \u0111\u1ecbnh, c\u00f3 th\u1ec3 l\u1eb7p l\u1ea1i, ph\u00f9 h\u1ee3p v\u1edbi c\u00e1c linh ki\u1ec7n h\u00ecnh \u1ea3nh \u0111\u1ed9 ph\u00e2n gi\u1ea3i cao.<\/p>\n<\/li>\n<li data-start=\"835\" data-end=\"1019\">\n<p data-start=\"838\" data-end=\"1019\"><strong data-start=\"838\" data-end=\"874\">H\u1ec7 th\u1ed1ng x\u1eed l\u00fd m\u00f4-\u0111un t\u1ef1 \u0111\u1ed9ng<\/strong><br data-start=\"874\" data-end=\"877\" \/>Vi\u1ec7c x\u1ebfp d\u1ee1, v\u1eadn chuy\u1ec3n v\u00e0 b\u1ed1c d\u1ee1 h\u00e0ng h\u00f3a di\u1ec5n ra tr\u01a1n tru, gi\u1ea3m thi\u1ec3u ti\u1ebfp x\u00fac th\u1ee7 c\u00f4ng, t\u1eeb \u0111\u00f3 gi\u1ea3m nguy c\u01a1 h\u01b0 h\u1ecfng b\u1ec1 m\u1eb7t v\u00e0 n\u00e2ng cao hi\u1ec7u qu\u1ea3 s\u1ea3n xu\u1ea5t.<\/p>\n<\/li>\n<li data-start=\"1021\" data-end=\"1203\">\n<p data-start=\"1024\" data-end=\"1203\"><strong data-start=\"1024\" data-end=\"1065\">Gi\u00e1m s\u00e1t v\u00e0 \u0111i\u1ec1u ch\u1ec9nh quy tr\u00ecnh th\u00f4ng minh<\/strong><br data-start=\"1065\" data-end=\"1068\" \/>C\u00e1c c\u1ea3m bi\u1ebfn t\u00edch h\u1ee3p theo d\u00f5i hi\u1ec7u su\u1ea5t l\u00e0m s\u1ea1ch trong th\u1eddi gian th\u1ef1c, cho ph\u00e9p t\u1ef1 \u0111\u1ed9ng \u0111i\u1ec1u ch\u1ec9nh \u0111\u1ec3 duy tr\u00ec c\u00e1c ti\u00eau chu\u1ea9n ch\u1ea5t l\u01b0\u1ee3ng nh\u1ea5t qu\u00e1n.<\/p>\n<\/li>\n<li data-start=\"1205\" data-end=\"1424\">\n<p data-start=\"1208\" data-end=\"1424\"><strong data-start=\"1208\" data-end=\"1253\">T\u01b0\u01a1ng th\u00edch v\u1edbi nhi\u1ec1u lo\u1ea1i m\u00f4-\u0111un camera kh\u00e1c nhau<\/strong><br data-start=\"1253\" data-end=\"1256\" \/>M\u00e1y h\u1ed7 tr\u1ee3 nhi\u1ec1u k\u00edch th\u01b0\u1edbc m\u00f4-\u0111un \u0111\u01b0\u1ee3c s\u1eed d\u1ee5ng trong \u0111i\u1ec7n tho\u1ea1i th\u00f4ng minh, camera \u00f4 t\u00f4 v\u00e0 thi\u1ebft b\u1ecb quang h\u1ecdc c\u00f4ng nghi\u1ec7p, gi\u00fap n\u00f3 th\u00edch \u1ee9ng v\u1edbi nhi\u1ec1u d\u00e2y chuy\u1ec1n s\u1ea3n xu\u1ea5t kh\u00e1c nhau.<\/p>\n<\/li>\n<\/ul>\n<p>&nbsp;<\/p>\n<h2>Th\u00f4ng s\u1ed1 k\u1ef9 thu\u1eadt<\/h2>\n<table style=\"border-collapse: collapse; width: 1376px; height: 170px;\" border=\"0\" width=\"423\" cellspacing=\"0\" cellpadding=\"0\">\n<tbody>\n<tr style=\"height: 15.00pt;\">\n<td class=\"et2\" style=\"height: 15pt; width: 99pt; text-align: center;\" width=\"132\" height=\"20\">M\u1ee5c<\/td>\n<td class=\"et3\" style=\"width: 218.25pt; text-align: center;\" width=\"291\">YMC-960<\/td>\n<\/tr>\n<tr style=\"height: 15.00pt;\">\n<td class=\"et4\" style=\"height: 15pt; width: 99pt; text-align: center;\" width=\"132\" height=\"20\">K\u00edch th\u01b0\u1edbc t\u1ea5m l\u00e0m s\u1ea1ch<\/td>\n<td class=\"et5\" style=\"width: 218.25pt; text-align: center;\" width=\"291\">T\u00f9y ch\u1ec9nh (\u0111\u01b0\u1eddng k\u00ednh \u0111\u0129a l\u00e0m s\u1ea1ch &lt;\u00f8550mm)<\/td>\n<\/tr>\n<tr style=\"height: 15.00pt;\">\n<td class=\"et4\" style=\"height: 15pt; width: 99pt; text-align: center;\" width=\"132\" height=\"20\">Cung c\u1ea5p n\u01b0\u1edbc DI<\/td>\n<td class=\"et5\" style=\"width: 218.25pt; text-align: center;\" width=\"291\">L\u01b0u l\u01b0\u1ee3ng: &gt; 7 LPM \u0110i\u1ec7n tr\u1edf su\u1ea5t: &gt; 17 M\u03a9<\/td>\n<\/tr>\n<tr style=\"height: 15.00pt;\">\n<td class=\"et4\" style=\"height: 15pt; width: 99pt; text-align: center;\" width=\"132\" height=\"20\">Cung c\u1ea5p n\u01b0\u1edbc DI<\/td>\n<td class=\"et5\" style=\"width: 218.25pt; text-align: center;\" width=\"291\">30~65 l\u00edt\/ph\u00fat<\/td>\n<\/tr>\n<tr style=\"height: 15.00pt;\">\n<td class=\"et4\" style=\"height: 15pt; width: 99pt; text-align: center;\" width=\"132\" height=\"20\">Quy\u1ec1n l\u1ef1c<\/td>\n<td class=\"et5\" style=\"width: 218.25pt; text-align: center;\" width=\"291\">AC380V\/50A\/50HZ,7KW<\/td>\n<\/tr>\n<tr style=\"height: 15.00pt;\">\n<td class=\"et6\" style=\"height: 15pt; width: 99pt; text-align: center;\" width=\"132\" height=\"20\">K\u00edch th\u01b0\u1edbc m\u00e1y<\/td>\n<td class=\"et7\" style=\"width: 218.25pt; text-align: center;\" width=\"291\">D\u00e0i 800 x R\u1ed9ng 960 x Cao 1880 (mm)<\/td>\n<\/tr>\n<\/tbody>\n<\/table>\n<p>&nbsp;<\/p>\n<p><a href=\"https:\/\/www.youtube.com\/@allaismt\" rel=\"nofollow noopener\" target=\"_blank\"><u>https:\/\/www.youtube.com\/@allaismt<\/u><\/a><\/p>\n<p>For more information about the <strong>SMT\u00a0Camera Module Cleaning Machine YMC-960<\/strong>, Vui l\u00f2ng g\u1eedi email \u0111\u1ebfn<\/p>\n<p><a href=\"mailto:sophia@allaismt.com\"><u>sophia@allaismt.com<\/u><\/a><\/p>\n<p>Ch\u00fang t\u00f4i s\u1ebd ph\u1ea3n h\u1ed3i y\u00eau c\u1ea7u c\u1ee7a b\u1ea1n trong th\u1eddi gian s\u1edbm nh\u1ea5t v\u00e0 cung c\u1ea5p cho b\u1ea1n th\u00f4ng tin chi ti\u1ebft v\u1ec1 c\u00e1c s\u1ea3n ph\u1ea9m v\u00e0 d\u1ecbch v\u1ee5 c\u1ee7a ch\u00fang t\u00f4i.<\/p>","protected":false},"excerpt":{"rendered":"<p>M\u00f4 t\u1ea3: C\u00e1i<strong> SMT\u00a0Camera Module Cleaning Machine YMC-960<\/strong> M\u00e1y \u0111\u01b0\u1ee3c thi\u1ebft k\u1ebf \u0111\u1ec3 l\u00e0m s\u1ea1ch c\u00e1c linh ki\u1ec7n quang h\u1ecdc v\u1edbi \u0111\u1ed9 ch\u00ednh x\u00e1c cao tr\u01b0\u1edbc khi l\u1eafp r\u00e1p. \u0110\u01b0\u1ee3c ch\u1ebf t\u1ea1o cho s\u1ea3n xu\u1ea5t m\u00f4-\u0111un camera hi\u1ec7n \u0111\u1ea1i, m\u00e1y lo\u1ea1i b\u1ecf b\u1ee5i, s\u1ee3i v\u00e0 c\u00e1c h\u1ea1t b\u00e1m t\u0129nh \u0111i\u1ec7n th\u00f4ng qua m\u1ed9t quy tr\u00ecnh t\u1ef1 \u0111\u1ed9ng \u1ed5n \u0111\u1ecbnh. Thi\u1ebft k\u1ebf nh\u1ecf g\u1ecdn h\u1ed7 tr\u1ee3 t\u00edch h\u1ee3p li\u1ec1n m\u1ea1ch v\u00e0o c\u00e1c d\u00e2y chuy\u1ec1n s\u1ea3n xu\u1ea5t t\u1ed1c \u0111\u1ed9 cao, \u0111\u1ea3m b\u1ea3o \u0111\u1ed9 s\u1ea1ch b\u1ec1 m\u1eb7t nh\u1ea5t qu\u00e1n cho c\u00e1c m\u00f4-\u0111un h\u00ecnh \u1ea3nh \u0111i\u1ec7n tho\u1ea1i th\u00f4ng minh, \u00f4 t\u00f4 v\u00e0 c\u00f4ng nghi\u1ec7p. V\u1edbi kh\u1ea3 n\u0103ng v\u1eadn h\u00e0nh \u0111\u00e1ng tin c\u1eady v\u00e0 hi\u1ec7u su\u1ea5t l\u00e0m s\u1ea1ch t\u1ed1i \u01b0u, YMC-960 gi\u00fap c\u00e1c nh\u00e0 s\u1ea3n xu\u1ea5t \u0111\u1ea1t \u0111\u01b0\u1ee3c n\u0103ng su\u1ea5t cao h\u01a1n v\u00e0 ch\u1ea5t l\u01b0\u1ee3ng quang h\u1ecdc v\u01b0\u1ee3t tr\u1ed9i.<\/p>\n<p>S\u1ed1 l\u01b0\u1ee3ng \u0111\u1eb7t h\u00e0ng t\u1ed1i thi\u1ec3u: 1 chi\u1ebfc<\/p>\n<p>Th\u1eddi gian giao h\u00e0ng: 15 ng\u00e0y<\/p>","protected":false},"featured_media":22626,"comment_status":"closed","ping_status":"closed","template":"","meta":[],"etheme_brands":[],"product_brand":[],"product_cat":[156],"product_tag":[],"class_list":{"0":"post-22625","1":"product","2":"type-product","3":"status-publish","4":"has-post-thumbnail","6":"product_cat-pcb-cleaning-machine","8":"first","9":"instock","10":"shipping-taxable","11":"product-type-simple"},"_links":{"self":[{"href":"https:\/\/esmte.com\/vi\/wp-json\/wp\/v2\/product\/22625","targetHints":{"allow":["GET"]}}],"collection":[{"href":"https:\/\/esmte.com\/vi\/wp-json\/wp\/v2\/product"}],"about":[{"href":"https:\/\/esmte.com\/vi\/wp-json\/wp\/v2\/types\/product"}],"replies":[{"embeddable":true,"href":"https:\/\/esmte.com\/vi\/wp-json\/wp\/v2\/comments?post=22625"}],"version-history":[{"count":1,"href":"https:\/\/esmte.com\/vi\/wp-json\/wp\/v2\/product\/22625\/revisions"}],"predecessor-version":[{"id":23783,"href":"https:\/\/esmte.com\/vi\/wp-json\/wp\/v2\/product\/22625\/revisions\/23783"}],"wp:featuredmedia":[{"embeddable":true,"href":"https:\/\/esmte.com\/vi\/wp-json\/wp\/v2\/media\/22626"}],"wp:attachment":[{"href":"https:\/\/esmte.com\/vi\/wp-json\/wp\/v2\/media?parent=22625"}],"wp:term":[{"taxonomy":"brand","embeddable":true,"href":"https:\/\/esmte.com\/vi\/wp-json\/wp\/v2\/etheme_brands?post=22625"},{"taxonomy":"product_brand","embeddable":true,"href":"https:\/\/esmte.com\/vi\/wp-json\/wp\/v2\/product_brand?post=22625"},{"taxonomy":"product_cat","embeddable":true,"href":"https:\/\/esmte.com\/vi\/wp-json\/wp\/v2\/product_cat?post=22625"},{"taxonomy":"product_tag","embeddable":true,"href":"https:\/\/esmte.com\/vi\/wp-json\/wp\/v2\/product_tag?post=22625"}],"curies":[{"name":"trang web","href":"https:\/\/api.w.org\/{rel}","templated":true}]}}