{"id":22483,"date":"2025-11-29T02:47:08","date_gmt":"2025-11-29T02:47:08","guid":{"rendered":"https:\/\/esmte.com\/?post_type=product&#038;p=22483"},"modified":"2026-01-27T09:05:31","modified_gmt":"2026-01-27T09:05:31","slug":"pcb-change-edge-machine-yc-330","status":"publish","type":"product","link":"https:\/\/esmte.com\/vi\/products\/pcb-change-edge-machine-yc-330\/","title":{"rendered":"SMT PCB Change Edge Machine YC-330"},"content":{"rendered":"<h2>Gi\u1edbi thi\u1ec7u<\/h2>\n<p data-start=\"117\" data-end=\"613\">C\u00e1i <strong>M\u00e1y Thay \u0110\u1ed5i C\u1ea1nh PCB SMT YC-330<\/strong> YC-330 l\u00e0 gi\u1ea3i ph\u00e1p chuy\u1ec3n m\u1ea1ch ti\u00ean ti\u1ebfn \u0111\u01b0\u1ee3c thi\u1ebft k\u1ebf \u0111\u1ec3 t\u1ed1i \u01b0u h\u00f3a h\u01b0\u1edbng d\u00f2ng ch\u1ea3y PCB trong m\u00f4i tr\u01b0\u1eddng s\u1ea3n xu\u1ea5t SMT hi\u1ec7n \u0111\u1ea1i. Khi c\u00e1c d\u00e2y chuy\u1ec1n s\u1ea3n xu\u1ea5t y\u00eau c\u1ea7u t\u00ednh linh ho\u1ea1t cao h\u01a1n \u0111\u1ec3 \u0111\u00e1p \u1ee9ng c\u00e1c b\u1ed1 c\u1ee5c \u0111a d\u1ea1ng, YC-330 cung c\u1ea5p ph\u01b0\u01a1ng ph\u00e1p ch\u00ednh x\u00e1c v\u00e0 \u0111\u00e1ng tin c\u1eady \u0111\u1ec3 \u0111\u1ecbnh h\u01b0\u1edbng l\u1ea1i bo m\u1ea1ch m\u00e0 kh\u00f4ng l\u00e0m gi\u00e1n \u0111o\u1ea1n n\u0103ng su\u1ea5t ho\u1eb7c \u0111\u1ed9 \u1ed5n \u0111\u1ecbnh. H\u1ec7 th\u1ed1ng v\u1eadn chuy\u1ec3n \u0111\u01b0\u1ee3c c\u1ea3i ti\u1ebfn c\u1ee7a n\u00f3 \u0111\u1ea3m b\u1ea3o \u0111i\u1ec1u khi\u1ec3n chuy\u1ec3n \u0111\u1ed9ng m\u01b0\u1ee3t m\u00e0, cho ph\u00e9p PCB thay \u0111\u1ed5i h\u01b0\u1edbng ch\u00ednh x\u00e1c trong khi v\u1eabn duy tr\u00ec ch\u1ea5t l\u01b0\u1ee3ng x\u1eed l\u00fd nh\u1ea5t qu\u00e1n.<\/p>\n<p data-start=\"615\" data-end=\"1048\">\u0110\u01b0\u1ee3c thi\u1ebft k\u1ebf v\u1edbi khung gia c\u1ed1 v\u00e0 c\u00e1c b\u1ed9 ph\u1eadn b\u1ec1n b\u1ec9, <strong>M\u00e1y Thay \u0110\u1ed5i C\u1ea1nh PCB SMT YC-330<\/strong> M\u00e1y \u0111\u01b0\u1ee3c ch\u1ebf t\u1ea1o \u0111\u1ec3 ch\u1ecbu \u0111\u01b0\u1ee3c ho\u1ea1t \u0111\u1ed9ng li\u00ean t\u1ee5c trong \u0111i\u1ec1u ki\u1ec7n s\u1ea3n xu\u1ea5t \u0111\u00f2i h\u1ecfi cao. M\u00e1y duy tr\u00ec \u0111\u1ed9 \u1ed5n \u0111\u1ecbnh v\u01b0\u1ee3t tr\u1ed9i, ngay c\u1ea3 khi x\u1eed l\u00fd c\u00e1c bo m\u1ea1ch c\u00f3 k\u00edch th\u01b0\u1edbc v\u00e0 \u0111\u1ed9 d\u00e0y kh\u00e1c nhau, khi\u1ebfn n\u00f3 tr\u1edf th\u00e0nh l\u1ef1a ch\u1ecdn th\u00edch \u1ee9ng cho c\u00e1c quy tr\u00ecnh SMT \u0111a giai \u0111o\u1ea1n, n\u0103ng \u0111\u1ed9ng. H\u1ec7 th\u1ed1ng c\u0103n ch\u1ec9nh ch\u00ednh x\u00e1c c\u1ee7a m\u00e1y \u0111\u1ea3m b\u1ea3o h\u01a1n n\u1eefa r\u1eb1ng m\u1ed7i bo m\u1ea1ch \u0111\u01b0\u1ee3c chuy\u1ec3n ti\u1ebfp li\u1ec1n m\u1ea1ch \u0111\u1ebfn tr\u1ea1m ti\u1ebfp theo.<\/p>\n<p data-start=\"1050\" data-end=\"1428\">M\u1ed9t trong nh\u1eefng \u01b0u \u0111i\u1ec3m n\u1ed5i b\u1eadt c\u1ee7a YC-330 l\u00e0 kh\u1ea3 n\u0103ng t\u00edch h\u1ee3p d\u1ec5 d\u00e0ng. N\u00f3 \u0111\u1ed3ng b\u1ed9 h\u00f3a hi\u1ec7u qu\u1ea3 v\u1edbi c\u00e1c thi\u1ebft b\u1ecb \u1edf ph\u00eda tr\u01b0\u1edbc v\u00e0 ph\u00eda sau m\u00e1y, cho ph\u00e9p quy tr\u00ecnh s\u1ea3n xu\u1ea5t kh\u00f4ng b\u1ecb gi\u00e1n \u0111o\u1ea1n v\u00e0 gi\u1ea3m thi\u1ec3u nhu c\u1ea7u \u0111i\u1ec1u ch\u1ec9nh thi\u1ebft l\u1eadp ph\u1ee9c t\u1ea1p. Giao di\u1ec7n tr\u1ef1c quan cho ph\u00e9p ng\u01b0\u1eddi v\u1eadn h\u00e0nh th\u1ef1c hi\u1ec7n c\u00e1c t\u00e1c v\u1ee5 c\u1ea5u h\u00ecnh, \u0111i\u1ec1u ch\u1ec9nh v\u00e0 b\u1ea3o tr\u00ec nhanh ch\u00f3ng, h\u1ed7 tr\u1ee3 ho\u1ea1t \u0111\u1ed9ng h\u00e0ng ng\u00e0y tr\u01a1n tru.<\/p>\n<p data-start=\"1430\" data-end=\"1826\">V\u1edbi thi\u1ebft k\u1ebf ti\u1ebft ki\u1ec7m kh\u00f4ng gian, hi\u1ec7u n\u0103ng \u0111\u00e1ng tin c\u1eady v\u00e0 kh\u1ea3 n\u0103ng th\u00edch \u1ee9ng cao, <strong>M\u00e1y Thay \u0110\u1ed5i C\u1ea1nh PCB SMT YC-330<\/strong> \u0110\u00e2y l\u00e0 gi\u1ea3i ph\u00e1p tuy\u1ec7t v\u1eddi d\u00e0nh cho c\u00e1c nh\u00e0 s\u1ea3n xu\u1ea5t mu\u1ed1n n\u00e2ng cao t\u00ednh linh ho\u1ea1t c\u1ee7a d\u00e2y chuy\u1ec1n v\u00e0 c\u1ea3i thi\u1ec7n hi\u1ec7u qu\u1ea3 x\u1eed l\u00fd. Cho d\u00f9 \u0111\u01b0\u1ee3c s\u1eed d\u1ee5ng \u0111\u1ec3 t\u1ed1i \u01b0u h\u00f3a vi\u1ec7c l\u1eadp k\u1ebf ho\u1ea1ch b\u1ed1 tr\u00ed, chuy\u1ec3n h\u01b0\u1edbng bo m\u1ea1ch gi\u1eefa c\u00e1c quy tr\u00ecnh hay h\u1ed7 tr\u1ee3 c\u00e1c d\u00e2y chuy\u1ec1n SMT \u0111a ch\u1ee9c n\u0103ng, YC-330 \u0111\u1ec1u mang l\u1ea1i k\u1ebft qu\u1ea3 nh\u1ea5t qu\u00e1n v\u00e0 \u0111\u00e1ng tin c\u1eady.<\/p>\n<p data-start=\"1430\" data-end=\"1826\"><img loading=\"lazy\" decoding=\"async\" class=\"aligncenter wp-image-22478\" src=\"https:\/\/esmte.com\/wp-content\/uploads\/2025\/11\/11-12.webp\" alt=\"SMT PCB Change Edge Machine YC-250\" width=\"607\" height=\"608\" srcset=\"https:\/\/esmte.com\/wp-content\/uploads\/2025\/11\/11-12.webp 1558w, https:\/\/esmte.com\/wp-content\/uploads\/2025\/11\/11-12-100x100.webp 100w, https:\/\/esmte.com\/wp-content\/uploads\/2025\/11\/11-12-600x601.webp 600w, https:\/\/esmte.com\/wp-content\/uploads\/2025\/11\/11-12-300x300.webp 300w, https:\/\/esmte.com\/wp-content\/uploads\/2025\/11\/11-12-1022x1024.webp 1022w, https:\/\/esmte.com\/wp-content\/uploads\/2025\/11\/11-12-150x150.webp 150w, https:\/\/esmte.com\/wp-content\/uploads\/2025\/11\/11-12-768x769.webp 768w, https:\/\/esmte.com\/wp-content\/uploads\/2025\/11\/11-12-1533x1536.webp 1533w, https:\/\/esmte.com\/wp-content\/uploads\/2025\/11\/11-12-1x1.webp 1w, https:\/\/esmte.com\/wp-content\/uploads\/2025\/11\/11-12-10x10.webp 10w\" sizes=\"auto, (max-width: 607px) 100vw, 607px\" \/><\/p>\n<h3>C\u00e1c t\u00ednh n\u0103ng ch\u00ednh<\/h3>\n<ul>\n<li data-start=\"211\" data-end=\"448\">\n<p data-start=\"213\" data-end=\"448\"><strong data-start=\"213\" data-end=\"251\">\u0110i\u1ec1u ch\u1ec9nh h\u01b0\u1edbng PCB ch\u00ednh x\u00e1c:<\/strong> YC-330 cung c\u1ea5p hi\u1ec7u su\u1ea5t thay \u0111\u1ed5i c\u1ea1nh m\u01b0\u1ee3t m\u00e0 v\u00e0 ch\u00ednh x\u00e1c, \u0111\u1ea3m b\u1ea3o c\u00e1c bo m\u1ea1ch \u0111\u01b0\u1ee3c \u0111\u1ecbnh h\u01b0\u1edbng l\u1ea1i m\u1ed9t c\u00e1ch \u0111\u00e1ng tin c\u1eady \u0111\u1ec3 \u0111\u00e1p \u1ee9ng c\u00e1c y\u00eau c\u1ea7u b\u1ed1 tr\u00ed d\u00e2y chuy\u1ec1n SMT kh\u00e1c nhau m\u00e0 kh\u00f4ng \u1ea3nh h\u01b0\u1edfng \u0111\u1ebfn ch\u1ea5t l\u01b0\u1ee3ng thao t\u00e1c.<\/p>\n<\/li>\n<li data-start=\"450\" data-end=\"693\">\n<p data-start=\"452\" data-end=\"693\"><strong data-start=\"452\" data-end=\"486\">T\u0103ng c\u01b0\u1eddng \u0111\u1ed9 \u1ed5n \u0111\u1ecbnh c\u01a1 h\u1ecdc:<\/strong> \u0110\u01b0\u1ee3c ch\u1ebf t\u1ea1o v\u1edbi k\u1ebft c\u1ea5u gia c\u1ed1 v\u00e0 c\u00e1c b\u1ed9 ph\u1eadn b\u1ec1n b\u1ec9, m\u00e1y mang l\u1ea1i s\u1ef1 \u1ed5n \u0111\u1ecbnh l\u00e2u d\u00e0i, gi\u1ea3m thi\u1ec3u rung \u0111\u1ed9ng v\u00e0 duy tr\u00ec hi\u1ec7u su\u1ea5t \u1ed5n \u0111\u1ecbnh ngay c\u1ea3 trong qu\u00e1 tr\u00ecnh s\u1ea3n xu\u1ea5t li\u00ean t\u1ee5c v\u1edbi kh\u1ed1i l\u01b0\u1ee3ng l\u1edbn.<\/p>\n<\/li>\n<li data-start=\"695\" data-end=\"891\">\n<p data-start=\"697\" data-end=\"891\"><strong data-start=\"697\" data-end=\"724\">Kh\u1ea3 n\u0103ng t\u01b0\u01a1ng th\u00edch PCB r\u1ed9ng r\u00e3i:<\/strong> YC-330 h\u1ed7 tr\u1ee3 nhi\u1ec1u k\u00edch th\u01b0\u1edbc PCB kh\u00e1c nhau, mang l\u1ea1i cho c\u00e1c nh\u00e0 s\u1ea3n xu\u1ea5t s\u1ef1 linh ho\u1ea1t h\u01a1n v\u00e0 cho ph\u00e9p th\u00edch \u1ee9ng li\u1ec1n m\u1ea1ch v\u1edbi c\u00e1c giai \u0111o\u1ea1n quy tr\u00ecnh v\u00e0 lo\u1ea1i s\u1ea3n ph\u1ea9m kh\u00e1c nhau.<\/p>\n<\/li>\n<li data-start=\"893\" data-end=\"1105\">\n<p data-start=\"895\" data-end=\"1105\"><strong data-start=\"895\" data-end=\"925\">T\u00edch h\u1ee3p d\u00e2y chuy\u1ec1n li\u1ec1n m\u1ea1ch:<\/strong> \u0110\u01b0\u1ee3c thi\u1ebft k\u1ebf \u0111\u1ec3 \u0111\u1ed3ng b\u1ed9 h\u00f3a m\u01b0\u1ee3t m\u00e0 v\u1edbi c\u00e1c thi\u1ebft b\u1ecb \u1edf th\u01b0\u1ee3ng ngu\u1ed3n v\u00e0 h\u1ea1 ngu\u1ed3n, YC-330 gi\u00fap duy tr\u00ec d\u00f2ng ch\u1ea3y s\u1ea3n xu\u1ea5t kh\u00f4ng b\u1ecb gi\u00e1n \u0111o\u1ea1n v\u00e0 gi\u1ea3m nhu c\u1ea7u \u0111i\u1ec1u ch\u1ec9nh d\u00e2y chuy\u1ec1n ph\u1ee9c t\u1ea1p.<\/p>\n<\/li>\n<li data-start=\"1107\" data-end=\"1325\">\n<p data-start=\"1109\" data-end=\"1325\"><strong data-start=\"1109\" data-end=\"1146\">V\u1eadn h\u00e0nh v\u00e0 b\u1ea3o tr\u00ec \u0111\u01a1n gi\u1ea3n:<\/strong> V\u1edbi giao di\u1ec7n tr\u1ef1c quan v\u00e0 thi\u1ebft k\u1ebf d\u1ec5 s\u1eed d\u1ee5ng, ng\u01b0\u1eddi v\u1eadn h\u00e0nh c\u00f3 th\u1ec3 d\u1ec5 d\u00e0ng c\u1ea5u h\u00ecnh th\u00f4ng s\u1ed1, th\u1ef1c hi\u1ec7n \u0111i\u1ec1u ch\u1ec9nh nhanh ch\u00f3ng v\u00e0 ti\u1ebfn h\u00e0nh b\u1ea3o tr\u00ec c\u01a1 b\u1ea3n v\u1edbi n\u1ed7 l\u1ef1c t\u1ed1i thi\u1ec3u.<\/p>\n<\/li>\n<li data-start=\"1327\" data-end=\"1544\">\n<p data-start=\"1329\" data-end=\"1544\"><strong data-start=\"1329\" data-end=\"1368\">Thi\u1ebft k\u1ebf nh\u1ecf g\u1ecdn v\u00e0 ti\u1ebft ki\u1ec7m kh\u00f4ng gian:<\/strong> V\u1edbi k\u00edch th\u01b0\u1edbc nh\u1ecf g\u1ecdn, n\u00f3 r\u1ea5t l\u00fd t\u01b0\u1edfng cho c\u00e1c nh\u00e0 m\u00e1y n\u01a1i vi\u1ec7c s\u1eed d\u1ee5ng kh\u00f4ng gian l\u00e0 y\u1ebfu t\u1ed1 quan tr\u1ecdng, cho ph\u00e9p c\u00e1c nh\u00e0 s\u1ea3n xu\u1ea5t t\u1ed1i \u01b0u h\u00f3a b\u1ed1 c\u1ee5c m\u1eb7t b\u1eb1ng trong khi v\u1eabn duy tr\u00ec hi\u1ec7u qu\u1ea3 x\u1eed l\u00fd PCB.<\/p>\n<\/li>\n<\/ul>\n<p>&nbsp;<\/p>\n<h2>Th\u00f4ng s\u1ed1 k\u1ef9 thu\u1eadt<\/h2>\n<table style=\"height: 258px;\" width=\"1362\">\n<tbody>\n<tr>\n<td style=\"text-align: center;\" width=\"124\">Ng\u01b0\u1eddi m\u1eabu<\/td>\n<td style=\"text-align: center;\" width=\"168\">YC-250<\/td>\n<td style=\"text-align: center;\" width=\"164\">YC-330<\/td>\n<td style=\"text-align: center;\" width=\"164\">YC-390<\/td>\n<\/tr>\n<tr>\n<td style=\"text-align: center;\" width=\"124\">K\u00edch th\u01b0\u1edbc (mm)<\/td>\n<td style=\"text-align: center;\" width=\"168\">1000*904*900<\/td>\n<td style=\"text-align: center;\" width=\"164\">1000*945*900<\/td>\n<td style=\"text-align: center;\" width=\"164\">1150*998*900<\/td>\n<\/tr>\n<tr>\n<td style=\"text-align: center;\" width=\"124\">K\u00edch th\u01b0\u1edbc PCB<\/td>\n<td style=\"text-align: center;\" width=\"168\">50*50-330*250<\/td>\n<td style=\"text-align: center;\" width=\"164\">50*50-445*330<\/td>\n<td style=\"text-align: center;\" width=\"164\">50*50-530*390<\/td>\n<\/tr>\n<tr>\n<td style=\"text-align: center;\" width=\"124\">Th\u1eddi gian chu k\u1ef3<\/td>\n<td style=\"text-align: center;\" colspan=\"3\" width=\"496\">Kho\u1ea3ng 4 gi\u00e2y<\/td>\n<\/tr>\n<tr>\n<td style=\"text-align: center;\" width=\"124\">H\u1ec7 th\u1ed1ng \u0111i\u1ec1u khi\u1ec3n<\/td>\n<td style=\"text-align: center;\" colspan=\"3\" width=\"496\">PLC<\/td>\n<\/tr>\n<tr>\n<td style=\"text-align: center;\" width=\"124\">Giao ti\u1ebfp<\/td>\n<td style=\"text-align: center;\" colspan=\"3\" width=\"496\">SMEMA d\u00f9ng cho c\u1ea3 b\u00ean trong v\u00e0 b\u00ean ngo\u00e0i<\/td>\n<\/tr>\n<tr>\n<td style=\"text-align: center;\" width=\"124\">Ngu\u1ed3n \u0111i\u1ec7n<\/td>\n<td style=\"text-align: center;\" colspan=\"3\" width=\"496\">1 pha AC 220V 50\/60Hz<br \/>\n(T\u00f9y ch\u1ecdn: 110V \u0111\u1ebfn 380V)<\/td>\n<\/tr>\n<tr>\n<td style=\"text-align: center;\" width=\"124\">C\u00e2n n\u1eb7ng<\/td>\n<td style=\"text-align: center;\" width=\"168\">140 kg<\/td>\n<td style=\"text-align: center;\" width=\"164\">160 kg<\/td>\n<td style=\"text-align: center;\" width=\"164\">180 kg<\/td>\n<\/tr>\n<\/tbody>\n<\/table>\n<p>&nbsp;<\/p>\n<p><a href=\"https:\/\/www.youtube.com\/@allaismt\" rel=\"nofollow noopener\" target=\"_blank\"><u>https:\/\/www.youtube.com\/@allaismt<\/u><\/a><\/p>\n<p>For more information about the <strong>SMT PCB Change Edge Machine YC-330<\/strong>, Vui l\u00f2ng g\u1eedi email \u0111\u1ebfn<\/p>\n<p><a href=\"mailto:sophia@allaismt.com\"><u>sophia@allaismt.com<\/u><\/a><\/p>\n<p>Ch\u00fang t\u00f4i s\u1ebd ph\u1ea3n h\u1ed3i y\u00eau c\u1ea7u c\u1ee7a b\u1ea1n trong th\u1eddi gian s\u1edbm nh\u1ea5t v\u00e0 cung c\u1ea5p cho b\u1ea1n th\u00f4ng tin chi ti\u1ebft v\u1ec1 c\u00e1c s\u1ea3n ph\u1ea9m v\u00e0 d\u1ecbch v\u1ee5 c\u1ee7a ch\u00fang t\u00f4i.<\/p>","protected":false},"excerpt":{"rendered":"<p>M\u00f4 t\u1ea3: C\u00e1i <strong>M\u00e1y Thay \u0110\u1ed5i C\u1ea1nh PCB SMT YC-330<\/strong> YC-330 l\u00e0 m\u1ed9t thi\u1ebft b\u1ecb t\u00edch h\u1ee3p \u0111\u00e1ng tin c\u1eady \u0111\u01b0\u1ee3c thi\u1ebft k\u1ebf \u0111\u1ec3 \u0111i\u1ec1u ch\u1ec9nh h\u01b0\u1edbng PCB m\u1ed9t c\u00e1ch m\u01b0\u1ee3t m\u00e0 trong c\u00e1c d\u00e2y chuy\u1ec1n s\u1ea3n xu\u1ea5t SMT. V\u1edbi h\u1ec7 th\u1ed1ng x\u1eed l\u00fd \u0111\u01b0\u1ee3c c\u1ea3i ti\u1ebfn v\u00e0 c\u1ea5u tr\u00fac c\u01a1 kh\u00ed \u1ed5n \u0111\u1ecbnh, n\u00f3 \u0111\u1ecbnh h\u01b0\u1edbng l\u1ea1i c\u00e1c bo m\u1ea1ch m\u1ed9t c\u00e1ch hi\u1ec7u qu\u1ea3 \u0111\u1ec3 ph\u00f9 h\u1ee3p v\u1edbi c\u00e1c y\u00eau c\u1ea7u b\u1ed1 tr\u00ed kh\u00e1c nhau. YC-330 c\u00f3 kh\u1ea3 n\u0103ng th\u00edch \u1ee9ng m\u1ea1nh m\u1ebd v\u1edbi nhi\u1ec1u k\u00edch th\u01b0\u1edbc PCB kh\u00e1c nhau, \u0111\u1ea3m b\u1ea3o ch\u1ea5t l\u01b0\u1ee3ng truy\u1ec1n t\u1ea3i nh\u1ea5t qu\u00e1n v\u00e0 quy tr\u00ecnh l\u00e0m vi\u1ec7c kh\u00f4ng b\u1ecb gi\u00e1n \u0111o\u1ea1n. K\u00edch th\u01b0\u1edbc nh\u1ecf g\u1ecdn, thao t\u00e1c th\u00e2n thi\u1ec7n v\u1edbi ng\u01b0\u1eddi d\u00f9ng v\u00e0 kh\u1ea3 n\u0103ng t\u00edch h\u1ee3p d\u1ec5 d\u00e0ng khi\u1ebfn n\u00f3 tr\u1edf th\u00e0nh l\u1ef1a ch\u1ecdn tuy\u1ec7t v\u1eddi \u0111\u1ec3 t\u1ed1i \u01b0u h\u00f3a t\u00ednh linh ho\u1ea1t trong s\u1ea3n xu\u1ea5t \u0111i\u1ec7n t\u1eed hi\u1ec7n \u0111\u1ea1i.<\/p>\n<p>S\u1ed1 l\u01b0\u1ee3ng \u0111\u1eb7t h\u00e0ng t\u1ed1i thi\u1ec3u: 1 chi\u1ebfc<\/p>\n<p>Th\u1eddi gian giao h\u00e0ng: 15 ng\u00e0y<\/p>","protected":false},"featured_media":22484,"comment_status":"closed","ping_status":"closed","template":"","meta":[],"etheme_brands":[],"product_brand":[],"product_cat":[144,131],"product_tag":[],"class_list":{"0":"post-22483","1":"product","2":"type-product","3":"status-publish","4":"has-post-thumbnail","6":"product_cat-pcb-handling-machine","7":"product_cat-smt-peripheral-equipment","9":"first","10":"instock","11":"shipping-taxable","12":"product-type-simple"},"_links":{"self":[{"href":"https:\/\/esmte.com\/vi\/wp-json\/wp\/v2\/product\/22483","targetHints":{"allow":["GET"]}}],"collection":[{"href":"https:\/\/esmte.com\/vi\/wp-json\/wp\/v2\/product"}],"about":[{"href":"https:\/\/esmte.com\/vi\/wp-json\/wp\/v2\/types\/product"}],"replies":[{"embeddable":true,"href":"https:\/\/esmte.com\/vi\/wp-json\/wp\/v2\/comments?post=22483"}],"version-history":[{"count":1,"href":"https:\/\/esmte.com\/vi\/wp-json\/wp\/v2\/product\/22483\/revisions"}],"predecessor-version":[{"id":23819,"href":"https:\/\/esmte.com\/vi\/wp-json\/wp\/v2\/product\/22483\/revisions\/23819"}],"wp:featuredmedia":[{"embeddable":true,"href":"https:\/\/esmte.com\/vi\/wp-json\/wp\/v2\/media\/22484"}],"wp:attachment":[{"href":"https:\/\/esmte.com\/vi\/wp-json\/wp\/v2\/media?parent=22483"}],"wp:term":[{"taxonomy":"brand","embeddable":true,"href":"https:\/\/esmte.com\/vi\/wp-json\/wp\/v2\/etheme_brands?post=22483"},{"taxonomy":"product_brand","embeddable":true,"href":"https:\/\/esmte.com\/vi\/wp-json\/wp\/v2\/product_brand?post=22483"},{"taxonomy":"product_cat","embeddable":true,"href":"https:\/\/esmte.com\/vi\/wp-json\/wp\/v2\/product_cat?post=22483"},{"taxonomy":"product_tag","embeddable":true,"href":"https:\/\/esmte.com\/vi\/wp-json\/wp\/v2\/product_tag?post=22483"}],"curies":[{"name":"trang web","href":"https:\/\/api.w.org\/{rel}","templated":true}]}}