{"id":22454,"date":"2025-11-28T08:56:48","date_gmt":"2025-11-28T08:56:48","guid":{"rendered":"https:\/\/esmte.com\/?post_type=product&#038;p=22454"},"modified":"2026-01-27T09:07:03","modified_gmt":"2026-01-27T09:07:03","slug":"smt-ngok-unloader-yu-390-2","status":"publish","type":"product","link":"https:\/\/esmte.com\/vi\/products\/smt-ngok-unloader-yu-390-2\/","title":{"rendered":"M\u00e1y d\u1ee1 h\u00e0ng SMT NG&amp;OK YU-390"},"content":{"rendered":"<h2 data-rm-block-id=\"block-1\">Gi\u1edbi thi\u1ec7u<\/h2>\n<p data-start=\"153\" data-end=\"711\" data-rm-block-id=\"block-2\">M\u00e1y d\u1ee1 h\u00e0ng SMT NG&amp;OK YU-390 l\u00e0 h\u1ec7 th\u1ed1ng x\u1eed l\u00fd v\u00e0 ph\u00e2n lo\u1ea1i PCB hi\u1ec7n \u0111\u1ea1i \u0111\u01b0\u1ee3c thi\u1ebft k\u1ebf \u0111\u1ec3 c\u1ea3i thi\u1ec7n t\u1ef1 \u0111\u1ed9ng h\u00f3a, hi\u1ec7u qu\u1ea3 v\u00e0 ki\u1ec3m so\u00e1t ch\u1ea5t l\u01b0\u1ee3ng trong c\u00e1c d\u00e2y chuy\u1ec1n s\u1ea3n xu\u1ea5t SMT hi\u1ec7n \u0111\u1ea1i. \u0110\u01b0\u1ee3c thi\u1ebft k\u1ebf \u0111\u1eb7c bi\u1ec7t cho c\u00e1c nh\u00e0 s\u1ea3n xu\u1ea5t \u0111i\u1ec7n t\u1eed s\u1ea3n xu\u1ea5t thi\u1ebft b\u1ecb \u0111i\u1ec7n t\u1eed ti\u00eau d\u00f9ng, m\u00f4-\u0111un \u00f4 t\u00f4, b\u1ea3ng m\u1ea1ch LED v\u00e0 thi\u1ebft b\u1ecb truy\u1ec1n th\u00f4ng, YU-390 gi\u00fap \u0111\u01a1n gi\u1ea3n h\u00f3a quy tr\u00ecnh t\u00e1ch c\u00e1c b\u1ea3ng m\u1ea1ch t\u1ed1t (OK) v\u00e0 b\u1ecb l\u1ed7i (NG) ngay sau khi ki\u1ec3m tra. Vi\u1ec7c ph\u00e2n lo\u1ea1i t\u1ef1 \u0111\u1ed9ng n\u00e0y gi\u1ea3m thi\u1ec3u lao \u0111\u1ed9ng th\u1ee7 c\u00f4ng, gi\u1ea3m t\u1ef7 l\u1ec7 l\u1ed7i v\u00e0 \u0111\u1ea3m b\u1ea3o c\u00e1c ti\u00eau chu\u1ea9n s\u1ea3n xu\u1ea5t nh\u1ea5t qu\u00e1n.<\/p>\n<p data-start=\"713\" data-end=\"1076\" data-rm-block-id=\"block-3\">M\u00e1y YU-390 t\u00edch h\u1ee3p h\u1ec7 th\u1ed1ng b\u0103ng t\u1ea3i \u1ed5n \u0111\u1ecbnh v\u00e0 d\u1eabn h\u01b0\u1edbng ch\u00ednh x\u00e1c, \u0111\u1ea3m b\u1ea3o v\u1eadn chuy\u1ec3n PCB tr\u01a1n tru v\u00e0 \u0111\u00e1ng tin c\u1eady. C\u1ea5u tr\u00fac ch\u1ed1ng t\u0129nh \u0111i\u1ec7n (ESD) b\u1ea3o v\u1ec7 c\u00e1c linh ki\u1ec7n nh\u1ea1y c\u1ea3m, trong khi khung m\u00e1y b\u1ec1n ch\u1eafc \u0111\u1ea3m b\u1ea3o hi\u1ec7u su\u1ea5t l\u00e2u d\u00e0i trong m\u00f4i tr\u01b0\u1eddng s\u1ea3n xu\u1ea5t t\u1ed1c \u0111\u1ed9 cao. Thi\u1ebft k\u1ebf nh\u1ecf g\u1ecdn v\u00e0 d\u1ea1ng m\u00f4-\u0111un cho ph\u00e9p d\u1ec5 d\u00e0ng t\u00edch h\u1ee3p ngay c\u1ea3 trong c\u00e1c d\u00e2y chuy\u1ec1n SMT c\u00f3 kh\u00f4ng gian h\u1ea1n ch\u1ebf.<\/p>\n<p data-start=\"1078\" data-end=\"1487\" data-rm-block-id=\"block-4\">C\u00e1c ch\u1ebf \u0111\u1ed9 v\u1eadn h\u00e0nh linh ho\u1ea1t cho ph\u00e9p YU-390 x\u1eed l\u00fd c\u00e1c k\u00edch th\u01b0\u1edbc PCB kh\u00e1c nhau, k\u1ebft qu\u1ea3 ki\u1ec3m tra v\u00e0 y\u00eau c\u1ea7u s\u1ea3n xu\u1ea5t kh\u00e1c nhau. N\u00f3 k\u1ebft n\u1ed1i li\u1ec1n m\u1ea1ch v\u1edbi AOI, SPI v\u00e0 c\u00e1c thi\u1ebft b\u1ecb ki\u1ec3m tra kh\u00e1c th\u00f4ng qua c\u00e1c giao di\u1ec7n ti\u00eau chu\u1ea9n, h\u1ed7 tr\u1ee3 s\u1ea3n xu\u1ea5t li\u00ean t\u1ee5c m\u00e0 kh\u00f4ng b\u1ecb t\u1eafc ngh\u1ebdn. B\u1ea3ng \u0111i\u1ec1u khi\u1ec3n tr\u1ef1c quan, c\u00e1c ch\u1ec9 b\u00e1o tr\u1ea1ng th\u00e1i r\u00f5 r\u00e0ng v\u00e0 c\u00e1c \u0111i\u1ec3m b\u1ea3o tr\u00ec d\u1ec5 ti\u1ebfp c\u1eadn gi\u00fap \u0111\u01a1n gi\u1ea3n h\u00f3a c\u00e1c thao t\u00e1c h\u00e0ng ng\u00e0y v\u00e0 gi\u1ea3m th\u1eddi gian ng\u1eebng ho\u1ea1t \u0111\u1ed9ng.<\/p>\n<p data-start=\"1489\" data-end=\"1804\" data-rm-block-id=\"block-5\">B\u1eb1ng c\u00e1ch t\u1ef1 \u0111\u1ed9ng ph\u00e2n t\u00e1ch bo m\u1ea1ch NG v\u00e0 OK, YU-390 t\u0103ng c\u01b0\u1eddng t\u00ednh li\u00ean t\u1ee5c c\u1ee7a quy tr\u00ecnh l\u00e0m vi\u1ec7c, c\u1ea3i thi\u1ec7n hi\u1ec7u qu\u1ea3 d\u00e2y chuy\u1ec1n v\u00e0 duy tr\u00ec ch\u1ea5t l\u01b0\u1ee3ng s\u1ea3n ph\u1ea9m cao. T\u00ednh linh ho\u1ea1t v\u00e0 \u0111\u1ed9 tin c\u1eady c\u1ee7a n\u00f3 l\u00e0m cho n\u00f3 tr\u1edf n\u00ean l\u00fd t\u01b0\u1edfng cho m\u00f4i tr\u01b0\u1eddng s\u1ea3n xu\u1ea5t SMT \u0111a d\u1ea1ng s\u1ea3n ph\u1ea9m, kh\u1ed1i l\u01b0\u1ee3ng l\u1edbn, n\u01a1i \u0111\u1ed9 ch\u00ednh x\u00e1c, t\u1ed1c \u0111\u1ed9 v\u00e0 t\u00ednh linh ho\u1ea1t trong v\u1eadn h\u00e0nh l\u00e0 r\u1ea5t quan tr\u1ecdng.<\/p>\n<p data-start=\"1489\" data-end=\"1804\" data-rm-block-id=\"block-6\"><img loading=\"lazy\" decoding=\"async\" class=\"alignnone wp-image-22443 aligncenter\" src=\"https:\/\/esmte.com\/wp-content\/uploads\/2025\/11\/11-10.webp\" alt=\"SMT NG&amp;OK Unloader YU-390\" width=\"555\" height=\"555\" srcset=\"https:\/\/esmte.com\/wp-content\/uploads\/2025\/11\/11-10.webp 2560w, https:\/\/esmte.com\/wp-content\/uploads\/2025\/11\/11-10-100x100.webp 100w, https:\/\/esmte.com\/wp-content\/uploads\/2025\/11\/11-10-600x600.webp 600w, https:\/\/esmte.com\/wp-content\/uploads\/2025\/11\/11-10-300x300.webp 300w, https:\/\/esmte.com\/wp-content\/uploads\/2025\/11\/11-10-1024x1024.webp 1024w, https:\/\/esmte.com\/wp-content\/uploads\/2025\/11\/11-10-150x150.webp 150w, https:\/\/esmte.com\/wp-content\/uploads\/2025\/11\/11-10-768x768.webp 768w, https:\/\/esmte.com\/wp-content\/uploads\/2025\/11\/11-10-1536x1536.webp 1536w, https:\/\/esmte.com\/wp-content\/uploads\/2025\/11\/11-10-2048x2048.webp 2048w, https:\/\/esmte.com\/wp-content\/uploads\/2025\/11\/11-10-1x1.webp 1w, https:\/\/esmte.com\/wp-content\/uploads\/2025\/11\/11-10-10x10.webp 10w\" sizes=\"auto, (max-width: 555px) 100vw, 555px\" \/><\/p>\n<h3 data-rm-block-id=\"block-7\">C\u00e1c t\u00ednh n\u0103ng ch\u00ednh<\/h3>\n<ul>\n<li data-start=\"151\" data-end=\"337\">\n<p data-start=\"154\" data-end=\"337\" data-rm-block-id=\"block-8\"><strong data-start=\"154\" data-end=\"187\">Ph\u00e2n lo\u1ea1i PCB t\u1ed1c \u0111\u1ed9 cao<\/strong> \u2013 M\u00e1y YU-390 nhanh ch\u00f3ng ph\u00e2n lo\u1ea1i c\u00e1c bo m\u1ea1ch \u0111\u00e3 ki\u1ec3m tra th\u00e0nh hai lo\u1ea1i: NG (l\u1ed7i) v\u00e0 OK (t\u1ed1t), t\u1ed1i \u01b0u h\u00f3a hi\u1ec7u qu\u1ea3 v\u00e0 n\u0103ng su\u1ea5t d\u00e2y chuy\u1ec1n s\u1ea3n xu\u1ea5t.<\/p>\n<\/li>\n<li data-start=\"338\" data-end=\"508\">\n<p data-start=\"341\" data-end=\"508\" data-rm-block-id=\"block-9\"><strong data-start=\"341\" data-end=\"373\">C\u01a1 ch\u1ebf x\u1eed l\u00fd ch\u00ednh x\u00e1c<\/strong> \u2013 \u0110\u01b0\u1ee3c trang b\u1ecb h\u1ec7 th\u1ed1ng d\u1eabn h\u01b0\u1edbng b\u0103ng t\u1ea3i ti\u00ean ti\u1ebfn v\u00e0 c\u00f4ng ngh\u1ec7 truy\u1ec1n t\u1ea3i m\u01b0\u1ee3t m\u00e0 \u0111\u1ec3 duy tr\u00ec s\u1ef1 \u1ed5n \u0111\u1ecbnh c\u1ee7a PCB v\u00e0 ng\u0103n ng\u1eeba h\u01b0 h\u1ecfng trong qu\u00e1 tr\u00ecnh ph\u00e2n lo\u1ea1i.<\/p>\n<\/li>\n<li data-start=\"509\" data-end=\"679\">\n<p data-start=\"512\" data-end=\"679\" data-rm-block-id=\"block-10\"><strong data-start=\"512\" data-end=\"555\">B\u1ea3o v\u1ec7 ch\u1ed1ng t\u0129nh \u0111i\u1ec7n (ESD) cho c\u00e1c linh ki\u1ec7n nh\u1ea1y c\u1ea3m<\/strong> \u2013 \u0110\u01b0\u1ee3c ch\u1ebf t\u1ea1o b\u1eb1ng v\u1eadt li\u1ec7u ch\u1ed1ng t\u0129nh \u0111i\u1ec7n \u0111\u1ec3 b\u1ea3o v\u1ec7 c\u00e1c bo m\u1ea1ch \u0111i\u1ec7n t\u1eed v\u00e0 duy tr\u00ec \u0111\u1ed9 tin c\u1eady trong m\u00f4i tr\u01b0\u1eddng SMT t\u1ef1 \u0111\u1ed9ng.<\/p>\n<\/li>\n<li data-start=\"680\" data-end=\"837\">\n<p data-start=\"683\" data-end=\"837\" data-rm-block-id=\"block-11\"><strong data-start=\"683\" data-end=\"713\">T\u00edch h\u1ee3p d\u00e2y chuy\u1ec1n \u0111a n\u0103ng<\/strong> \u2013 D\u1ec5 d\u00e0ng k\u1ebft n\u1ed1i v\u1edbi AOI, SPI ho\u1eb7c c\u00e1c h\u1ec7 th\u1ed1ng ki\u1ec3m tra kh\u00e1c, cho ph\u00e9p v\u1eadn h\u00e0nh li\u1ec1n m\u1ea1ch tr\u00ean nhi\u1ec1u c\u1ea5u h\u00ecnh d\u00e2y chuy\u1ec1n SMT kh\u00e1c nhau.<\/p>\n<\/li>\n<li data-start=\"838\" data-end=\"1021\">\n<p data-start=\"841\" data-end=\"1021\" data-rm-block-id=\"block-12\"><strong data-start=\"841\" data-end=\"876\">C\u1ea5u h\u00ecnh s\u1eafp x\u1ebfp th\u00edch \u1ee9ng<\/strong> \u2013 H\u1ed7 tr\u1ee3 c\u00e1c ch\u1ebf \u0111\u1ed9 \u0111i\u1ec1u ch\u1ec9nh \u0111\u1ec3 x\u1eed l\u00fd c\u00e1c k\u00edch th\u01b0\u1edbc, \u0111\u1ed9 d\u00e0y PCB v\u00e0 k\u1ebft qu\u1ea3 ki\u1ec3m tra kh\u00e1c nhau, ph\u00f9 h\u1ee3p v\u1edbi s\u1ea3n xu\u1ea5t \u0111a d\u1ea1ng s\u1ea3n ph\u1ea9m.<\/p>\n<\/li>\n<li data-start=\"1022\" data-end=\"1237\">\n<p data-start=\"1025\" data-end=\"1237\" data-rm-block-id=\"block-13\"><strong data-start=\"1025\" data-end=\"1065\">V\u1eadn h\u00e0nh v\u00e0 b\u1ea3o tr\u00ec \u0111\u01a1n gi\u1ea3n h\u00f3a<\/strong> \u2013 C\u00f3 c\u00e1c t\u00ednh n\u0103ng \u0111i\u1ec1u khi\u1ec3n th\u00e2n thi\u1ec7n v\u1edbi ng\u01b0\u1eddi d\u00f9ng, ch\u1ec9 b\u00e1o tr\u1ef1c quan v\u00e0 c\u00e1c b\u1ed9 ph\u1eadn d\u1ec5 ti\u1ebfp c\u1eadn, gi\u00fap gi\u1ea3m th\u1eddi gian ng\u1eebng ho\u1ea1t \u0111\u1ed9ng v\u00e0 t\u1ea1o \u0111i\u1ec1u ki\u1ec7n thu\u1eadn l\u1ee3i cho vi\u1ec7c b\u1ea3o tr\u00ec \u0111\u1ecbnh k\u1ef3 nh\u1eb1m \u0111\u1ea3m b\u1ea3o s\u1ea3n xu\u1ea5t li\u00ean t\u1ee5c.<\/p>\n<\/li>\n<\/ul>\n<h2 data-rm-block-id=\"block-15\">Th\u00f4ng s\u1ed1 k\u1ef9 thu\u1eadt<\/h2>\n<table style=\"border-collapse: collapse; width: 1376px; height: 252px;\" border=\"0\" width=\"574\" cellspacing=\"0\" cellpadding=\"0\">\n<tbody>\n<tr style=\"height: 15.00pt;\">\n<td class=\"et2\" style=\"height: 15pt; width: 90.75pt; text-align: center;\" width=\"121\" height=\"20\">Ng\u01b0\u1eddi m\u1eabu<\/td>\n<td class=\"et3\" style=\"width: 85.5pt; text-align: center;\" width=\"114\">YU-250<\/td>\n<td class=\"et3\" style=\"width: 84.75pt; text-align: center;\" width=\"113\">YU-330<\/td>\n<td class=\"et3\" style=\"width: 84.75pt; text-align: center;\" width=\"113\">YU-390<\/td>\n<td class=\"et4\" style=\"width: 84.75pt; text-align: center;\" width=\"113\">YU-460<\/td>\n<\/tr>\n<tr style=\"height: 29.25pt;\">\n<td class=\"et5\" style=\"height: 29.25pt; width: 90.75pt; text-align: center;\" width=\"121\" height=\"39\">K\u00edch th\u01b0\u1edbc (mm)<\/td>\n<td class=\"et6\" style=\"width: 85.5pt; text-align: center;\" width=\"114\">1800*1450*1350<\/td>\n<td class=\"et6\" style=\"width: 84.75pt; text-align: center;\" width=\"113\">2065*1690*1350<\/td>\n<td class=\"et6\" style=\"width: 84.75pt; text-align: center;\" width=\"113\">2400*1810*1350<\/td>\n<td class=\"et7\" style=\"width: 84.75pt; text-align: center;\" width=\"113\">2450*1950*1350<\/td>\n<\/tr>\n<tr style=\"height: 29.25pt;\">\n<td class=\"et5\" style=\"height: 29.25pt; width: 90.75pt; text-align: center;\" width=\"121\" height=\"39\">K\u00edch th\u01b0\u1edbc PCB (mm)<\/td>\n<td class=\"et6\" style=\"width: 85.5pt; text-align: center;\" width=\"114\">50*80-330*250<\/td>\n<td class=\"et6\" style=\"width: 84.75pt; text-align: center;\" width=\"113\">50*80-445*330<\/td>\n<td class=\"et6\" style=\"width: 84.75pt; text-align: center;\" width=\"113\">50*80-530*390<\/td>\n<td class=\"et7\" style=\"width: 84.75pt; text-align: center;\" width=\"113\">50*80-530*460<\/td>\n<\/tr>\n<tr style=\"height: 29.25pt;\">\n<td class=\"et5\" style=\"height: 29.25pt; width: 90.75pt; text-align: center;\" width=\"121\" height=\"39\">K\u00edch th\u01b0\u1edbc gi\u00e1 \u0111\u1ee1 (mm)<\/td>\n<td class=\"et6\" style=\"width: 85.5pt; text-align: center;\" width=\"114\">355*320*563<\/td>\n<td class=\"et6\" style=\"width: 84.75pt; text-align: center;\" width=\"113\">460*400*563<\/td>\n<td class=\"et6\" style=\"width: 84.75pt; text-align: center;\" width=\"113\">535*460*570<\/td>\n<td class=\"et7\" style=\"width: 84.75pt; text-align: center;\" width=\"113\">535*530*570<\/td>\n<\/tr>\n<tr style=\"height: 29.25pt;\">\n<td class=\"et5\" style=\"height: 29.25pt; width: 90.75pt; text-align: center;\" width=\"121\" height=\"39\">H\u1ec7 th\u1ed1ng \u0111i\u1ec1u khi\u1ec3n<\/td>\n<td class=\"et8\" style=\"width: 339.75pt; border-right: 1pt solid #cccccc; text-align: center;\" colspan=\"4\" width=\"453\">PLC<\/td>\n<\/tr>\n<tr style=\"height: 29.25pt;\">\n<td class=\"et5\" style=\"height: 29.25pt; width: 90.75pt; text-align: center;\" width=\"121\" height=\"39\">Ngu\u1ed3n \u0111i\u1ec7n<\/td>\n<td class=\"et8\" style=\"width: 339.75pt; border-right: 1pt solid #cccccc; text-align: center;\" colspan=\"4\" width=\"453\">1 pha AC 220V 50\/60Hz (T\u00f9y ch\u1ecdn: 110V \u0111\u1ebfn 380V)<\/td>\n<\/tr>\n<tr style=\"height: 15.00pt;\">\n<td class=\"et11\" style=\"height: 15pt; width: 90.75pt; text-align: center;\" width=\"121\" height=\"20\">C\u00e2n n\u1eb7ng<\/td>\n<td class=\"et12\" style=\"width: 85.5pt; text-align: center;\" width=\"114\">310 kg<\/td>\n<td class=\"et12\" style=\"width: 84.75pt; text-align: center;\" width=\"113\">340 kg<\/td>\n<td class=\"et12\" style=\"width: 84.75pt; text-align: center;\" width=\"113\">370 kg<\/td>\n<td class=\"et13\" style=\"width: 84.75pt; text-align: center;\" width=\"113\">400 kg<\/td>\n<\/tr>\n<\/tbody>\n<\/table>\n<p data-rm-block-id=\"block-17\"><a href=\"https:\/\/www.youtube.com\/@allaismt\" rel=\"nofollow noopener\" target=\"_blank\"><u>https:\/\/www.youtube.com\/@allaismt<\/u><\/a><\/p>\n<p data-rm-block-id=\"block-18\">\u0110\u1ec3 bi\u1ebft th\u00eam th\u00f4ng tin v\u1ec1 thi\u1ebft b\u1ecb d\u1ee1 h\u00e0ng SMT NG&amp;OK YU-390, vui l\u00f2ng g\u1eedi email \u0111\u1ebfn \u0111\u1ecba ch\u1ec9 sau:<\/p>\n<p data-rm-block-id=\"block-19\"><a href=\"mailto:sophia@allaismt.com\"><u>sophia@allaismt.com<\/u><\/a><\/p>\n<p data-rm-block-id=\"block-20\">Ch\u00fang t\u00f4i s\u1ebd ph\u1ea3n h\u1ed3i y\u00eau c\u1ea7u c\u1ee7a b\u1ea1n trong th\u1eddi gian s\u1edbm nh\u1ea5t v\u00e0 cung c\u1ea5p cho b\u1ea1n th\u00f4ng tin chi ti\u1ebft v\u1ec1 c\u00e1c s\u1ea3n ph\u1ea9m v\u00e0 d\u1ecbch v\u1ee5 c\u1ee7a ch\u00fang t\u00f4i.<\/p>","protected":false},"excerpt":{"rendered":"<p>M\u00f4 t\u1ea3: C\u00e1i <strong>M\u00e1y d\u1ee1 h\u00e0ng SMT NG&amp;OK YU-390<\/strong> \u0110\u00e2y l\u00e0 gi\u1ea3i ph\u00e1p ph\u00e2n lo\u1ea1i PCB hi\u1ec7u su\u1ea5t cao \u0111\u01b0\u1ee3c thi\u1ebft k\u1ebf cho c\u00e1c d\u00e2y chuy\u1ec1n s\u1ea3n xu\u1ea5t SMT t\u1ef1 \u0111\u1ed9ng trong ng\u00e0nh s\u1ea3n xu\u1ea5t \u0111i\u1ec7n t\u1eed, bao g\u1ed3m \u0111i\u1ec7n t\u1eed ti\u00eau d\u00f9ng, m\u00f4-\u0111un \u00f4 t\u00f4, c\u1ee5m \u0111\u00e8n LED v\u00e0 thi\u1ebft b\u1ecb truy\u1ec1n th\u00f4ng. N\u00f3 t\u1ef1 \u0111\u1ed9ng ph\u00e2n t\u00e1ch c\u00e1c bo m\u1ea1ch \u0111\u00e3 \u0111\u01b0\u1ee3c ki\u1ec3m tra th\u00e0nh \u0111\u1ea7u ra OK (t\u1ed1t) v\u00e0 NG (l\u1ed7i), \u0111\u1ea3m b\u1ea3o \u0111\u1ecbnh tuy\u1ebfn ch\u00ednh x\u00e1c v\u00e0 gi\u1ea3m l\u1ed7i thao t\u00e1c th\u1ee7 c\u00f4ng. V\u1edbi k\u00edch th\u01b0\u1edbc nh\u1ecf g\u1ecdn, c\u1ea5u tr\u00fac ch\u1ed1ng t\u0129nh \u0111i\u1ec7n (ESD) v\u00e0 kh\u1ea3 n\u0103ng v\u1eadn chuy\u1ec3n bo m\u1ea1ch m\u01b0\u1ee3t m\u00e0, YU-390 t\u00edch h\u1ee3p li\u1ec1n m\u1ea1ch v\u1edbi AOI, SPI v\u00e0 c\u00e1c thi\u1ebft b\u1ecb ki\u1ec3m tra kh\u00e1c, n\u00e2ng cao hi\u1ec7u qu\u1ea3 d\u00e2y chuy\u1ec1n, c\u1ea3i thi\u1ec7n quy tr\u00ecnh s\u1ea3n xu\u1ea5t v\u00e0 duy tr\u00ec ch\u1ea5t l\u01b0\u1ee3ng nh\u1ea5t qu\u00e1n trong m\u00f4i tr\u01b0\u1eddng s\u1ea3n xu\u1ea5t \u0111a d\u1ea1ng s\u1ea3n ph\u1ea9m v\u00e0 kh\u1ed1i l\u01b0\u1ee3ng l\u1edbn.<\/p>\n<p>S\u1ed1 l\u01b0\u1ee3ng \u0111\u1eb7t h\u00e0ng t\u1ed1i thi\u1ec3u: 1 chi\u1ebfc<\/p>\n<p>Th\u1eddi gian giao h\u00e0ng: 15 ng\u00e0y<\/p>","protected":false},"featured_media":22455,"comment_status":"closed","ping_status":"closed","template":"","meta":[],"etheme_brands":[],"product_brand":[],"product_cat":[144,131],"product_tag":[],"class_list":{"0":"post-22454","1":"product","2":"type-product","3":"status-publish","4":"has-post-thumbnail","6":"product_cat-pcb-handling-machine","7":"product_cat-smt-peripheral-equipment","9":"first","10":"instock","11":"shipping-taxable","12":"product-type-simple"},"_links":{"self":[{"href":"https:\/\/esmte.com\/vi\/wp-json\/wp\/v2\/product\/22454","targetHints":{"allow":["GET"]}}],"collection":[{"href":"https:\/\/esmte.com\/vi\/wp-json\/wp\/v2\/product"}],"about":[{"href":"https:\/\/esmte.com\/vi\/wp-json\/wp\/v2\/types\/product"}],"replies":[{"embeddable":true,"href":"https:\/\/esmte.com\/vi\/wp-json\/wp\/v2\/comments?post=22454"}],"version-history":[{"count":1,"href":"https:\/\/esmte.com\/vi\/wp-json\/wp\/v2\/product\/22454\/revisions"}],"predecessor-version":[{"id":22457,"href":"https:\/\/esmte.com\/vi\/wp-json\/wp\/v2\/product\/22454\/revisions\/22457"}],"wp:featuredmedia":[{"embeddable":true,"href":"https:\/\/esmte.com\/vi\/wp-json\/wp\/v2\/media\/22455"}],"wp:attachment":[{"href":"https:\/\/esmte.com\/vi\/wp-json\/wp\/v2\/media?parent=22454"}],"wp:term":[{"taxonomy":"brand","embeddable":true,"href":"https:\/\/esmte.com\/vi\/wp-json\/wp\/v2\/etheme_brands?post=22454"},{"taxonomy":"product_brand","embeddable":true,"href":"https:\/\/esmte.com\/vi\/wp-json\/wp\/v2\/product_brand?post=22454"},{"taxonomy":"product_cat","embeddable":true,"href":"https:\/\/esmte.com\/vi\/wp-json\/wp\/v2\/product_cat?post=22454"},{"taxonomy":"product_tag","embeddable":true,"href":"https:\/\/esmte.com\/vi\/wp-json\/wp\/v2\/product_tag?post=22454"}],"curies":[{"name":"trang web","href":"https:\/\/api.w.org\/{rel}","templated":true}]}}