{"id":22442,"date":"2025-11-28T08:11:05","date_gmt":"2025-11-28T08:11:05","guid":{"rendered":"https:\/\/esmte.com\/?post_type=product&#038;p=22442"},"modified":"2026-01-27T09:08:04","modified_gmt":"2026-01-27T09:08:04","slug":"smt-ngok-unloader-yu-250","status":"publish","type":"product","link":"https:\/\/esmte.com\/vi\/products\/smt-ngok-unloader-yu-250\/","title":{"rendered":"M\u00e1y d\u1ee1 h\u00e0ng SMT NG&amp;OK YU-250"},"content":{"rendered":"<h2 data-rm-block-id=\"block-1\">Gi\u1edbi thi\u1ec7u<\/h2>\n<p data-start=\"139\" data-end=\"543\" data-rm-block-id=\"block-2\">C\u00e1i <strong>\u2013 B\u1ea3ng \u0111i\u1ec1u khi\u1ec3n tr\u1ef1c quan, ch\u1ec9 b\u00e1o tr\u1ea1ng th\u00e1i r\u00f5 r\u00e0ng v\u00e0 c\u00e1c th\u00e0nh ph\u1ea7n d\u1ec5 ti\u1ebfp c\u1eadn gi\u00fap gi\u1ea3m th\u1eddi gian ng\u1eebng ho\u1ea1t \u0111\u1ed9ng v\u00e0 \u0111\u01a1n gi\u1ea3n h\u00f3a ho\u1ea1t \u0111\u1ed9ng h\u00e0ng ng\u00e0y.<\/strong> is an advanced PCB routing and sorting system designed to improve inspection efficiency and overall production reliability in modern SMT assembly lines. After AOI or functional testing, the YU-250 automatically separates good (OK) and defective (NG) boards into different magazines based on received inspection signals, eliminating manual sorting and reducing human error.<\/p>\n<p data-start=\"545\" data-end=\"933\" data-rm-block-id=\"block-3\">Engineered for precision and stability, the <strong>\u2013 B\u1ea3ng \u0111i\u1ec1u khi\u1ec3n tr\u1ef1c quan, ch\u1ec9 b\u00e1o tr\u1ea1ng th\u00e1i r\u00f5 r\u00e0ng v\u00e0 c\u00e1c th\u00e0nh ph\u1ea7n d\u1ec5 ti\u1ebfp c\u1eadn gi\u00fap gi\u1ea3m th\u1eddi gian ng\u1eebng ho\u1ea1t \u0111\u1ed9ng v\u00e0 \u0111\u01a1n gi\u1ea3n h\u00f3a ho\u1ea1t \u0111\u1ed9ng h\u00e0ng ng\u00e0y.<\/strong> features a smooth PCB transport mechanism, accurate stopping control, and a robust magazine indexing system that ensures boards are transferred safely without damage. Its ESD-safe structure protects sensitive electronic components, while the reinforced frame guarantees long-term durability even under high-speed production conditions.<\/p>\n<p data-start=\"935\" data-end=\"1290\" data-rm-block-id=\"block-4\">The YU-250 integrates easily with AOI machines, SPI systems, or other inspection stations, offering seamless connectivity through standard SMEMA interfaces. Multiple operating modes allow manufacturers to configure sorting logic based on specific line requirements, supporting flexible production scenarios such as high-mix or high-volume manufacturing.<\/p>\n<p data-start=\"1292\" data-end=\"1650\" data-rm-block-id=\"block-5\">User-friendly controls, clear status indicators, and accessible maintenance sections make daily operation simple and efficient. Whether used to streamline QA processes or stabilize downstream workflow, the <strong>\u2013 B\u1ea3ng \u0111i\u1ec1u khi\u1ec3n tr\u1ef1c quan, ch\u1ec9 b\u00e1o tr\u1ea1ng th\u00e1i r\u00f5 r\u00e0ng v\u00e0 c\u00e1c th\u00e0nh ph\u1ea7n d\u1ec5 ti\u1ebfp c\u1eadn gi\u00fap gi\u1ea3m th\u1eddi gian ng\u1eebng ho\u1ea1t \u0111\u1ed9ng v\u00e0 \u0111\u01a1n gi\u1ea3n h\u00f3a ho\u1ea1t \u0111\u1ed9ng h\u00e0ng ng\u00e0y.<\/strong> provides reliable, automated PCB classification that enhances productivity, traceability, and overall manufacturing quality.<\/p>\n<p data-start=\"1292\" data-end=\"1650\" data-rm-block-id=\"block-6\">\n<p data-start=\"1292\" data-end=\"1650\" data-rm-block-id=\"block-7\"><img loading=\"lazy\" decoding=\"async\" class=\"aligncenter wp-image-22443\" src=\"https:\/\/esmte.com\/wp-content\/uploads\/2025\/11\/11-10.webp\" alt=\"SMT NG&amp;OK Unloader YU-250\" width=\"555\" height=\"555\" srcset=\"https:\/\/esmte.com\/wp-content\/uploads\/2025\/11\/11-10.webp 2560w, https:\/\/esmte.com\/wp-content\/uploads\/2025\/11\/11-10-100x100.webp 100w, https:\/\/esmte.com\/wp-content\/uploads\/2025\/11\/11-10-600x600.webp 600w, https:\/\/esmte.com\/wp-content\/uploads\/2025\/11\/11-10-300x300.webp 300w, https:\/\/esmte.com\/wp-content\/uploads\/2025\/11\/11-10-1024x1024.webp 1024w, https:\/\/esmte.com\/wp-content\/uploads\/2025\/11\/11-10-150x150.webp 150w, https:\/\/esmte.com\/wp-content\/uploads\/2025\/11\/11-10-768x768.webp 768w, https:\/\/esmte.com\/wp-content\/uploads\/2025\/11\/11-10-1536x1536.webp 1536w, https:\/\/esmte.com\/wp-content\/uploads\/2025\/11\/11-10-2048x2048.webp 2048w, https:\/\/esmte.com\/wp-content\/uploads\/2025\/11\/11-10-1x1.webp 1w, https:\/\/esmte.com\/wp-content\/uploads\/2025\/11\/11-10-10x10.webp 10w\" sizes=\"auto, (max-width: 555px) 100vw, 555px\" \/><\/p>\n<p data-start=\"1292\" data-end=\"1650\" data-rm-block-id=\"block-8\">\n<h3 data-rm-block-id=\"block-9\">C\u00e1c t\u00ednh n\u0103ng ch\u00ednh<\/h3>\n<ul data-start=\"133\" data-end=\"1153\">\n<li data-start=\"133\" data-end=\"317\">\n<p data-start=\"136\" data-end=\"317\" data-rm-block-id=\"block-10\"><strong data-start=\"136\" data-end=\"174\">Automatic NG and OK PCB Separation<\/strong> \u2013 The YU-250 accurately sorts good and defective boards based on inspection signals, reducing manual handling and improving quality control.<\/p>\n<\/li>\n<li data-start=\"318\" data-end=\"476\">\n<p data-start=\"321\" data-end=\"476\" data-rm-block-id=\"block-11\"><strong data-start=\"321\" data-end=\"356\">Smooth and Stable PCB Transport<\/strong> \u2013 Equipped with precision conveyors and guides, the system ensures boards move safely without misalignment or damage.<\/p>\n<\/li>\n<li data-start=\"477\" data-end=\"647\">\n<p data-start=\"480\" data-end=\"647\" data-rm-block-id=\"block-12\"><strong data-start=\"480\" data-end=\"505\">X\u00e2y d\u1ef1ng an to\u00e0n ch\u1ed1ng t\u0129nh \u0111i\u1ec7n<\/strong> \u2013 Anti-static design protects sensitive electronic components during transfer, ensuring product reliability in modern SMT production lines.<\/p>\n<\/li>\n<li data-start=\"648\" data-end=\"813\">\n<p data-start=\"651\" data-end=\"813\" data-rm-block-id=\"block-13\"><strong data-start=\"651\" data-end=\"703\">Seamless Integration with SMT Inspection Systems<\/strong> \u2013 Compatible with AOI, SPI, and other testing equipment via standard interfaces for easy line connectivity.<\/p>\n<\/li>\n<li data-start=\"814\" data-end=\"975\">\n<p data-start=\"817\" data-end=\"975\" data-rm-block-id=\"block-14\"><strong data-start=\"817\" data-end=\"843\">Flexible Sorting Modes<\/strong> \u2013 Supports multiple operational configurations to accommodate various PCB sizes, inspection results, and production requirements.<\/p>\n<\/li>\n<li data-start=\"976\" data-end=\"1153\">\n<p data-start=\"979\" data-end=\"1153\" data-rm-block-id=\"block-15\"><strong data-start=\"979\" data-end=\"1026\">User-Friendly Operation and Low Maintenance<\/strong> \u2013 Intuitive control panel, clear status indicators, and easy-access components reduce downtime and simplify daily operation.<\/p>\n<\/li>\n<\/ul>\n<p data-rm-block-id=\"block-16\">\n<h2 data-rm-block-id=\"block-17\">Th\u00f4ng s\u1ed1 k\u1ef9 thu\u1eadt<\/h2>\n<table style=\"border-collapse: collapse; width: 1376px; height: 241px;\" border=\"0\" width=\"574\" cellspacing=\"0\" cellpadding=\"0\">\n<tbody>\n<tr style=\"height: 15.00pt;\">\n<td class=\"et2\" style=\"height: 15pt; width: 90.75pt; text-align: center;\" width=\"121\" height=\"20\" data-rm-block-id=\"block-18\">Ng\u01b0\u1eddi m\u1eabu<\/td>\n<td class=\"et3\" style=\"width: 85.5pt; text-align: center;\" width=\"114\" data-rm-block-id=\"block-19\">YU-250<\/td>\n<td class=\"et3\" style=\"width: 84.75pt; text-align: center;\" width=\"113\" data-rm-block-id=\"block-20\">YU-330<\/td>\n<td class=\"et3\" style=\"width: 84.75pt; text-align: center;\" width=\"113\" data-rm-block-id=\"block-21\">YU-390<\/td>\n<td class=\"et4\" style=\"width: 84.75pt; text-align: center;\" width=\"113\" data-rm-block-id=\"block-22\">YU-460<\/td>\n<\/tr>\n<tr style=\"height: 29.25pt;\">\n<td class=\"et5\" style=\"height: 29.25pt; width: 90.75pt; text-align: center;\" width=\"121\" height=\"39\" data-rm-block-id=\"block-23\">K\u00edch th\u01b0\u1edbc (mm)<\/td>\n<td class=\"et6\" style=\"width: 85.5pt; text-align: center;\" width=\"114\" data-rm-block-id=\"block-24\">1800*1450*1350<\/td>\n<td class=\"et6\" style=\"width: 84.75pt; text-align: center;\" width=\"113\" data-rm-block-id=\"block-25\">2065*1690*1350<\/td>\n<td class=\"et6\" style=\"width: 84.75pt; text-align: center;\" width=\"113\" data-rm-block-id=\"block-26\">2400*1810*1350<\/td>\n<td class=\"et7\" style=\"width: 84.75pt; text-align: center;\" width=\"113\" data-rm-block-id=\"block-27\">2450*1950*1350<\/td>\n<\/tr>\n<tr style=\"height: 29.25pt;\">\n<td class=\"et5\" style=\"height: 29.25pt; width: 90.75pt; text-align: center;\" width=\"121\" height=\"39\" data-rm-block-id=\"block-28\">K\u00edch th\u01b0\u1edbc PCB (mm)<\/td>\n<td class=\"et6\" style=\"width: 85.5pt; text-align: center;\" width=\"114\" data-rm-block-id=\"block-29\">50*80-330*250<\/td>\n<td class=\"et6\" style=\"width: 84.75pt; text-align: center;\" width=\"113\" data-rm-block-id=\"block-30\">50*80-445*330<\/td>\n<td class=\"et6\" style=\"width: 84.75pt; text-align: center;\" width=\"113\" data-rm-block-id=\"block-31\">50*80-530*390<\/td>\n<td class=\"et7\" style=\"width: 84.75pt; text-align: center;\" width=\"113\" data-rm-block-id=\"block-32\">50*80-530*460<\/td>\n<\/tr>\n<tr style=\"height: 29.25pt;\">\n<td class=\"et5\" style=\"height: 29.25pt; width: 90.75pt; text-align: center;\" width=\"121\" height=\"39\" data-rm-block-id=\"block-33\">K\u00edch th\u01b0\u1edbc gi\u00e1 \u0111\u1ee1 (mm)<\/td>\n<td class=\"et6\" style=\"width: 85.5pt; text-align: center;\" width=\"114\" data-rm-block-id=\"block-34\">355*320*563<\/td>\n<td class=\"et6\" style=\"width: 84.75pt; text-align: center;\" width=\"113\" data-rm-block-id=\"block-35\">460*400*563<\/td>\n<td class=\"et6\" style=\"width: 84.75pt; text-align: center;\" width=\"113\" data-rm-block-id=\"block-36\">535*460*570<\/td>\n<td class=\"et7\" style=\"width: 84.75pt; text-align: center;\" width=\"113\" data-rm-block-id=\"block-37\">535*530*570<\/td>\n<\/tr>\n<tr style=\"height: 29.25pt;\">\n<td class=\"et5\" style=\"height: 29.25pt; width: 90.75pt; text-align: center;\" width=\"121\" height=\"39\" data-rm-block-id=\"block-38\">H\u1ec7 th\u1ed1ng \u0111i\u1ec1u khi\u1ec3n<\/td>\n<td class=\"et8\" style=\"width: 339.75pt; border-right: 1pt solid #cccccc; text-align: center;\" colspan=\"4\" width=\"453\" data-rm-block-id=\"block-39\">PLC<\/td>\n<\/tr>\n<tr style=\"height: 29.25pt;\">\n<td class=\"et5\" style=\"height: 29.25pt; width: 90.75pt; text-align: center;\" width=\"121\" height=\"39\" data-rm-block-id=\"block-40\">Ngu\u1ed3n \u0111i\u1ec7n<\/td>\n<td class=\"et8\" style=\"width: 339.75pt; border-right: 1pt solid #cccccc; text-align: center;\" colspan=\"4\" width=\"453\" data-rm-block-id=\"block-41\">1 pha AC 220V 50\/60Hz (T\u00f9y ch\u1ecdn: 110V \u0111\u1ebfn 380V)<\/td>\n<\/tr>\n<tr style=\"height: 15.00pt;\">\n<td class=\"et11\" style=\"height: 15pt; width: 90.75pt; text-align: center;\" width=\"121\" height=\"20\" data-rm-block-id=\"block-42\">C\u00e2n n\u1eb7ng<\/td>\n<td class=\"et12\" style=\"width: 85.5pt; text-align: center;\" width=\"114\" data-rm-block-id=\"block-43\">310 kg<\/td>\n<td class=\"et12\" style=\"width: 84.75pt; text-align: center;\" width=\"113\" data-rm-block-id=\"block-44\">340 kg<\/td>\n<td class=\"et12\" style=\"width: 84.75pt; text-align: center;\" width=\"113\" data-rm-block-id=\"block-45\">370 kg<\/td>\n<td class=\"et13\" style=\"width: 84.75pt; text-align: center;\" width=\"113\" data-rm-block-id=\"block-46\">400 kg<\/td>\n<\/tr>\n<\/tbody>\n<\/table>\n<p data-rm-block-id=\"block-47\">\n<p data-rm-block-id=\"block-48\"><a href=\"https:\/\/www.youtube.com\/@allaismt\" rel=\"nofollow noopener\" target=\"_blank\"><u>https:\/\/www.youtube.com\/@allaismt<\/u><\/a><\/p>\n<p data-rm-block-id=\"block-49\">\u0110\u1ec3 bi\u1ebft th\u00eam th\u00f4ng tin v\u1ec1 thi\u1ebft b\u1ecb d\u1ee1 h\u00e0ng SMT NG&amp;OK YU-390, vui l\u00f2ng g\u1eedi email \u0111\u1ebfn \u0111\u1ecba ch\u1ec9 sau:<\/p>\n<p data-rm-block-id=\"block-50\"><a href=\"mailto:sophia@allaismt.com\"><u>sophia@allaismt.com<\/u><\/a><\/p>\n<p data-rm-block-id=\"block-51\">Ch\u00fang t\u00f4i s\u1ebd ph\u1ea3n h\u1ed3i y\u00eau c\u1ea7u c\u1ee7a b\u1ea1n trong th\u1eddi gian s\u1edbm nh\u1ea5t v\u00e0 cung c\u1ea5p cho b\u1ea1n th\u00f4ng tin chi ti\u1ebft v\u1ec1 c\u00e1c s\u1ea3n ph\u1ea9m v\u00e0 d\u1ecbch v\u1ee5 c\u1ee7a ch\u00fang t\u00f4i.<\/p>","protected":false},"excerpt":{"rendered":"<p>M\u00f4 t\u1ea3: C\u00e1i <strong>\u2013 B\u1ea3ng \u0111i\u1ec1u khi\u1ec3n tr\u1ef1c quan, ch\u1ec9 b\u00e1o tr\u1ea1ng th\u00e1i r\u00f5 r\u00e0ng v\u00e0 c\u00e1c th\u00e0nh ph\u1ea7n d\u1ec5 ti\u1ebfp c\u1eadn gi\u00fap gi\u1ea3m th\u1eddi gian ng\u1eebng ho\u1ea1t \u0111\u1ed9ng v\u00e0 \u0111\u01a1n gi\u1ea3n h\u00f3a ho\u1ea1t \u0111\u1ed9ng h\u00e0ng ng\u00e0y.<\/strong> is a smart PCB sorting solution designed to automatically separate good and defective boards after AOI or inspection processes. With reliable detection signals, stable transfer mechanisms, and ESD-safe construction, the YU-250 ensures accurate routing of NG and OK PCBs into designated magazines. Its compact design, smooth board handling, and easy integration with SMT lines help improve workflow efficiency, reduce manual sorting errors, and enhance overall production quality.<\/p>\n<p>S\u1ed1 l\u01b0\u1ee3ng \u0111\u1eb7t h\u00e0ng t\u1ed1i thi\u1ec3u: 1 chi\u1ebfc<\/p>\n<p>Th\u1eddi gian giao h\u00e0ng: 15 ng\u00e0y<\/p>","protected":false},"featured_media":22444,"comment_status":"closed","ping_status":"closed","template":"","meta":[],"etheme_brands":[],"product_brand":[],"product_cat":[144,131],"product_tag":[],"class_list":{"0":"post-22442","1":"product","2":"type-product","3":"status-publish","4":"has-post-thumbnail","6":"product_cat-pcb-handling-machine","7":"product_cat-smt-peripheral-equipment","9":"first","10":"instock","11":"shipping-taxable","12":"product-type-simple"},"_links":{"self":[{"href":"https:\/\/esmte.com\/vi\/wp-json\/wp\/v2\/product\/22442","targetHints":{"allow":["GET"]}}],"collection":[{"href":"https:\/\/esmte.com\/vi\/wp-json\/wp\/v2\/product"}],"about":[{"href":"https:\/\/esmte.com\/vi\/wp-json\/wp\/v2\/types\/product"}],"replies":[{"embeddable":true,"href":"https:\/\/esmte.com\/vi\/wp-json\/wp\/v2\/comments?post=22442"}],"version-history":[{"count":1,"href":"https:\/\/esmte.com\/vi\/wp-json\/wp\/v2\/product\/22442\/revisions"}],"predecessor-version":[{"id":22447,"href":"https:\/\/esmte.com\/vi\/wp-json\/wp\/v2\/product\/22442\/revisions\/22447"}],"wp:featuredmedia":[{"embeddable":true,"href":"https:\/\/esmte.com\/vi\/wp-json\/wp\/v2\/media\/22444"}],"wp:attachment":[{"href":"https:\/\/esmte.com\/vi\/wp-json\/wp\/v2\/media?parent=22442"}],"wp:term":[{"taxonomy":"brand","embeddable":true,"href":"https:\/\/esmte.com\/vi\/wp-json\/wp\/v2\/etheme_brands?post=22442"},{"taxonomy":"product_brand","embeddable":true,"href":"https:\/\/esmte.com\/vi\/wp-json\/wp\/v2\/product_brand?post=22442"},{"taxonomy":"product_cat","embeddable":true,"href":"https:\/\/esmte.com\/vi\/wp-json\/wp\/v2\/product_cat?post=22442"},{"taxonomy":"product_tag","embeddable":true,"href":"https:\/\/esmte.com\/vi\/wp-json\/wp\/v2\/product_tag?post=22442"}],"curies":[{"name":"trang web","href":"https:\/\/api.w.org\/{rel}","templated":true}]}}