{"id":22392,"date":"2025-11-28T03:29:45","date_gmt":"2025-11-28T03:29:45","guid":{"rendered":"https:\/\/esmte.com\/?post_type=product&#038;p=22392"},"modified":"2026-01-14T03:58:42","modified_gmt":"2026-01-14T03:58:42","slug":"wave-soldering-conveyor-ywc-980","status":"publish","type":"product","link":"https:\/\/esmte.com\/vi\/products\/wave-soldering-conveyor-ywc-980\/","title":{"rendered":"SMT Wave Soldering Conveyor YWC-980"},"content":{"rendered":"<h2>Gi\u1edbi thi\u1ec7u<\/h2>\n<p data-start=\"129\" data-end=\"718\">C\u00e1i <strong>h\u1ed7 tr\u1ee3 nhi\u1ec1u k\u00edch th\u01b0\u1edbc PCB, l\u00fd t\u01b0\u1edfng cho s\u1ea3n xu\u1ea5t \u0111i\u1ec7n t\u1eed \u0111a d\u1ea1ng. H\u1ec7 th\u1ed1ng ki\u1ec3m so\u00e1t t\u1ed1c \u0111\u1ed9 ti\u00ean ti\u1ebfn cho ph\u00e9p \u0111\u1ed3ng b\u1ed9 h\u00f3a li\u1ec1n m\u1ea1ch v\u1edbi m\u00e1y ph\u1ee7 flux, m\u00e1y gia nhi\u1ec7t s\u01a1 b\u1ed9, m\u00e1y h\u00e0n s\u00f3ng v\u00e0 b\u0103ng t\u1ea3i l\u00e0m m\u00e1t h\u1ea1 ngu\u1ed3n, \u0111\u1ea3m b\u1ea3o quy tr\u00ecnh l\u00e0m vi\u1ec7c kh\u00f4ng gi\u00e1n \u0111o\u1ea1n v\u00e0 t\u1ed1i \u01b0u hi\u1ec7u su\u1ea5t s\u1ea3n xu\u1ea5t. C\u1ea5u tr\u00fac an to\u00e0n ESD b\u1ea3o v\u1ec7 linh ki\u1ec7n \u0111i\u1ec7n t\u1eed nh\u1ea1y c\u1ea3m, trong khi thi\u1ebft k\u1ebf khung gia c\u1ed1 n\u00e2ng cao \u0111\u1ed9 \u1ed5n \u0111\u1ecbnh v\u00e0 kh\u1ea3 n\u0103ng ch\u1ed1ng rung trong v\u1eadn h\u00e0nh li\u00ean t\u1ee5c.<\/strong> YWC-980 l\u00e0 gi\u1ea3i ph\u00e1p x\u1eed l\u00fd PCB hi\u1ec7u su\u1ea5t cao \u0111\u01b0\u1ee3c thi\u1ebft k\u1ebf \u0111\u1ec3 \u0111\u1ea3m b\u1ea3o v\u1eadn chuy\u1ec3n bo m\u1ea1ch \u1ed5n \u0111\u1ecbnh, ch\u00ednh x\u00e1c v\u00e0 li\u00ean t\u1ee5c trong c\u00e1c d\u00e2y chuy\u1ec1n s\u1ea3n xu\u1ea5t h\u00e0n s\u00f3ng. \u0110\u01b0\u1ee3c thi\u1ebft k\u1ebf \u0111\u1ec3 \u0111\u00e1p \u1ee9ng c\u00e1c y\u00eau c\u1ea7u kh\u1eaft khe c\u1ee7a m\u00f4i tr\u01b0\u1eddng l\u1eafp r\u00e1p SMT v\u00e0 THT hi\u1ec7n \u0111\u1ea1i, YWC-980 c\u00f3 c\u1ea5u tr\u00fac ch\u1ecbu nhi\u1ec7t m\u1ea1nh m\u1ebd, duy tr\u00ec hi\u1ec7u su\u1ea5t ho\u1ea1t \u0111\u1ed9ng ngay c\u1ea3 khi ti\u1ebfp x\u00fac v\u1edbi nhi\u1ec7t \u0111\u1ed9 cao trong th\u1eddi gian d\u00e0i. C\u00e1c thanh ray b\u0103ng t\u1ea3i \u0111\u01b0\u1ee3c ch\u1ebf t\u1ea1o ch\u00ednh x\u00e1c v\u00e0 c\u01a1 ch\u1ebf truy\u1ec1n \u0111\u1ed9ng b\u1ec1n b\u1ec9 gi\u00fap c\u0103n ch\u1ec9nh PCB m\u01b0\u1ee3t m\u00e0 v\u00e0 ch\u00ednh x\u00e1c, \u0111\u1ea3m b\u1ea3o ch\u1ea5t l\u01b0\u1ee3ng h\u00e0n nh\u1ea5t qu\u00e1n tr\u00ean nhi\u1ec1u lo\u1ea1i bo m\u1ea1ch kh\u00e1c nhau.<\/p>\n<p data-start=\"720\" data-end=\"1264\">Equipped with adjustable conveyor width, the <strong>SMT Wave Soldering Conveyor YWC-980<\/strong> supports a wide range of PCB dimensions, making it ideal for high-mix electronic manufacturing. Its advanced speed-control system enables seamless synchronization with fluxers, preheaters, wave soldering machines, and downstream cooling conveyors, ensuring uninterrupted workflow and optimized production efficiency. The ESD-safe construction protects sensitive electronic components, while the reinforced frame design enhances stability and vibration resistance during continuous operation.<\/p>\n<p data-start=\"1266\" data-end=\"1630\">Thi\u1ebft k\u1ebf d\u1ea1ng m\u00f4-\u0111un v\u00e0 th\u00e2n thi\u1ec7n v\u1edbi ng\u01b0\u1eddi d\u00f9ng c\u1ee7a YWC-980 gi\u00fap \u0111\u01a1n gi\u1ea3n h\u00f3a vi\u1ec7c b\u1ea3o tr\u00ec v\u00e0 \u0111i\u1ec1u ch\u1ec9nh \u0111\u1ecbnh k\u1ef3. Ng\u01b0\u1eddi v\u1eadn h\u00e0nh c\u00f3 th\u1ec3 nhanh ch\u00f3ng tinh ch\u1ec9nh c\u00e0i \u0111\u1eb7t chi\u1ec1u r\u1ed9ng, ti\u1ebfp c\u1eadn c\u00e1c b\u1ed9 ph\u1eadn ch\u00ednh v\u00e0 th\u1ef1c hi\u1ec7n b\u1ea3o d\u01b0\u1ee1ng v\u1edbi th\u1eddi gian ng\u1eebng ho\u1ea1t \u0111\u1ed9ng t\u1ed1i thi\u1ec3u. \u0110i\u1ec1u n\u00e0y l\u00e0m cho m\u00f4 h\u00ecnh n\u00e0y r\u1ea5t ph\u00f9 h\u1ee3p v\u1edbi c\u00e1c nh\u00e0 m\u00e1y t\u1eadp trung v\u00e0o s\u1ea3n xu\u1ea5t tinh g\u1ecdn, ch\u1ea5t l\u01b0\u1ee3ng \u1ed5n \u0111\u1ecbnh v\u00e0 \u0111\u1ed9 tin c\u1eady v\u1eadn h\u00e0nh l\u00e2u d\u00e0i.<\/p>\n<p data-start=\"1632\" data-end=\"2057\">Cho d\u00f9 \u0111\u01b0\u1ee3c s\u1eed d\u1ee5ng trong thi\u1ebft b\u1ecb \u0111i\u1ec7n t\u1eed ti\u00eau d\u00f9ng, \u0111i\u1ec7n t\u1eed \u00f4 t\u00f4, h\u1ec7 th\u1ed1ng \u0111i\u1ec1u khi\u1ec3n c\u00f4ng nghi\u1ec7p, b\u1ed9 \u0111i\u1ec1u khi\u1ec3n LED hay l\u1eafp r\u00e1p \u0111i\u1ec7n t\u1eed c\u00f4ng su\u1ea5t, th\u00ec... <strong>SMT<\/strong>\u00a0<strong>B\u0103ng chuy\u1ec1n h\u00e0n s\u00f3ng YWC-980<\/strong> Mang l\u1ea1i hi\u1ec7u su\u1ea5t \u0111\u00e1ng tin c\u1eady, c\u1ea3i thi\u1ec7n \u0111\u1ed9 \u1ed5n \u0111\u1ecbnh c\u1ee7a m\u1ed1i h\u00e0n v\u00e0 hi\u1ec7u qu\u1ea3 quy tr\u00ecnh l\u00e0m vi\u1ec7c v\u01b0\u1ee3t tr\u1ed9i. L\u00e0 m\u1ed9t m\u1eaft x\u00edch quan tr\u1ecdng trong d\u00e2y chuy\u1ec1n h\u00e0n s\u00f3ng, n\u00f3 t\u0103ng c\u01b0\u1eddng s\u1ef1 \u1ed5n \u0111\u1ecbnh s\u1ea3n xu\u1ea5t v\u00e0 g\u00f3p ph\u1ea7n v\u00e0o n\u0103ng su\u1ea5t cao h\u01a1n c\u0169ng nh\u01b0 ch\u1ea5t l\u01b0\u1ee3ng s\u1ea3n xu\u1ea5t t\u1ed5ng th\u1ec3 t\u1ed1t h\u01a1n.<\/p>\n<p data-start=\"1632\" data-end=\"2057\"><img loading=\"lazy\" decoding=\"async\" class=\"aligncenter wp-image-22389\" src=\"https:\/\/esmte.com\/wp-content\/uploads\/2025\/11\/11-7.webp\" alt=\"SMT Wave Soldering Conveyor YWC-980\" width=\"501\" height=\"631\" srcset=\"https:\/\/esmte.com\/wp-content\/uploads\/2025\/11\/11-7.webp 1389w, https:\/\/esmte.com\/wp-content\/uploads\/2025\/11\/11-7-600x756.webp 600w, https:\/\/esmte.com\/wp-content\/uploads\/2025\/11\/11-7-238x300.webp 238w, https:\/\/esmte.com\/wp-content\/uploads\/2025\/11\/11-7-813x1024.webp 813w, https:\/\/esmte.com\/wp-content\/uploads\/2025\/11\/11-7-768x968.webp 768w, https:\/\/esmte.com\/wp-content\/uploads\/2025\/11\/11-7-1219x1536.webp 1219w, https:\/\/esmte.com\/wp-content\/uploads\/2025\/11\/11-7-1x1.webp 1w, https:\/\/esmte.com\/wp-content\/uploads\/2025\/11\/11-7-8x10.webp 8w\" sizes=\"auto, (max-width: 501px) 100vw, 501px\" \/><\/p>\n<h3>C\u00e1c t\u00ednh n\u0103ng ch\u00ednh<\/h3>\n<ul>\n<li data-start=\"193\" data-end=\"368\">\n<p data-start=\"196\" data-end=\"368\"><strong data-start=\"196\" data-end=\"233\">C\u1ea5u tr\u00fac b\u0103ng t\u1ea3i ch\u1ecbu nhi\u1ec7t<\/strong> \u2013 \u0110\u01b0\u1ee3c ch\u1ebf t\u1ea1o b\u1eb1ng v\u1eadt li\u1ec7u ch\u1ecbu nhi\u1ec7t cao \u0111\u1ec3 \u0111\u1ea3m b\u1ea3o qu\u00e1 tr\u00ecnh truy\u1ec1n t\u1ea3i PCB \u1ed5n \u0111\u1ecbnh trong \u0111i\u1ec1u ki\u1ec7n kh\u1eafc nghi\u1ec7t c\u1ee7a d\u00e2y chuy\u1ec1n h\u00e0n s\u00f3ng.<\/p>\n<\/li>\n<li data-start=\"369\" data-end=\"528\">\n<p data-start=\"372\" data-end=\"528\"><strong data-start=\"372\" data-end=\"409\">C\u0103n ch\u1ec9nh PCB m\u01b0\u1ee3t m\u00e0 v\u00e0 ch\u00ednh x\u00e1c<\/strong> \u2013 Ray d\u1eabn h\u01b0\u1edbng ch\u00ednh x\u00e1c v\u00e0 h\u1ec7 th\u1ed1ng truy\u1ec1n \u0111\u1ed9ng \u0111\u00e1ng tin c\u1eady duy tr\u00ec v\u1ecb tr\u00ed \u1ed5n \u0111\u1ecbnh, gi\u00fap c\u1ea3i thi\u1ec7n ch\u1ea5t l\u01b0\u1ee3ng h\u00e0n.<\/p>\n<\/li>\n<li data-start=\"529\" data-end=\"679\">\n<p data-start=\"532\" data-end=\"679\"><strong data-start=\"532\" data-end=\"561\">Chi\u1ec1u r\u1ed9ng b\u0103ng t\u1ea3i c\u00f3 th\u1ec3 \u0111i\u1ec1u ch\u1ec9nh<\/strong> \u2013 Kh\u1ea3 n\u0103ng \u0111i\u1ec1u ch\u1ec9nh chi\u1ec1u r\u1ed9ng linh ho\u1ea1t ph\u00f9 h\u1ee3p v\u1edbi nhi\u1ec1u k\u00edch th\u01b0\u1edbc PCB kh\u00e1c nhau, l\u00fd t\u01b0\u1edfng cho s\u1ea3n xu\u1ea5t nhi\u1ec1u m\u1eabu ho\u1eb7c s\u1ea3n xu\u1ea5t \u0111a d\u1ea1ng s\u1ea3n ph\u1ea9m.<\/p>\n<\/li>\n<li data-start=\"680\" data-end=\"846\">\n<p data-start=\"683\" data-end=\"846\"><strong data-start=\"683\" data-end=\"716\">H\u1ec7 th\u1ed1ng \u0111i\u1ec1u khi\u1ec3n t\u1ed1c \u0111\u1ed9 ti\u00ean ti\u1ebfn<\/strong> \u2013 H\u1ed7 tr\u1ee3 v\u1eadn h\u00e0nh \u0111\u1ed3ng b\u1ed9 v\u1edbi c\u00e1c thi\u1ebft b\u1ecb c\u1ea5p ch\u1ea5t tr\u1ee3 h\u00e0n, thi\u1ebft b\u1ecb gia nhi\u1ec7t s\u01a1 b\u1ed9, m\u00e1y h\u00e0n s\u00f3ng v\u00e0 b\u0103ng t\u1ea3i l\u00e0m m\u00e1t \u0111\u1ec3 ho\u1ea1t \u0111\u1ed9ng li\u00ean t\u1ee5c.<\/p>\n<\/li>\n<li data-start=\"847\" data-end=\"976\">\n<p data-start=\"850\" data-end=\"976\"><strong data-start=\"850\" data-end=\"875\">X\u00e2y d\u1ef1ng an to\u00e0n ch\u1ed1ng t\u0129nh \u0111i\u1ec7n<\/strong> \u2013 V\u1eadt li\u1ec7u ch\u1ed1ng t\u0129nh \u0111i\u1ec7n b\u1ea3o v\u1ec7 c\u00e1c linh ki\u1ec7n \u0111i\u1ec7n t\u1eed nh\u1ea1y c\u1ea3m trong qu\u00e1 tr\u00ecnh v\u1eadn chuy\u1ec3n \u1edf nhi\u1ec7t \u0111\u1ed9 cao.<\/p>\n<\/li>\n<li data-start=\"977\" data-end=\"1129\">\n<p data-start=\"980\" data-end=\"1129\"><strong data-start=\"980\" data-end=\"1022\">Thi\u1ebft k\u1ebf th\u00e2n thi\u1ec7n v\u1edbi ng\u01b0\u1eddi d\u00f9ng v\u00e0 \u00edt c\u1ea7n b\u1ea3o tr\u00ec<\/strong> \u2013 C\u00e1c b\u1ed9 ph\u1eadn d\u1ea1ng m\u00f4-\u0111un v\u00e0 c\u01a1 ch\u1ebf d\u1ec5 ti\u1ebfp c\u1eadn gi\u00fap gi\u1ea3m th\u1eddi gian ng\u1eebng ho\u1ea1t \u0111\u1ed9ng v\u00e0 \u0111\u1ea3m b\u1ea3o hi\u1ec7u su\u1ea5t \u0111\u00e1ng tin c\u1eady l\u00e2u d\u00e0i.<\/p>\n<\/li>\n<\/ul>\n<p>&nbsp;<\/p>\n<h2>Th\u00f4ng s\u1ed1 k\u1ef9 thu\u1eadt<\/h2>\n<table style=\"height: 287px;\" width=\"1379\">\n<tbody>\n<tr>\n<td style=\"text-align: center;\" width=\"115\">Ng\u01b0\u1eddi m\u1eabu<\/td>\n<td style=\"text-align: center;\" colspan=\"3\" width=\"188\">YWC-980<\/td>\n<\/tr>\n<tr>\n<td style=\"text-align: center;\" width=\"115\">K\u00edch th\u01b0\u1edbc (mm)<\/td>\n<td style=\"text-align: center;\" colspan=\"3\" width=\"188\">800*980*1440<\/td>\n<\/tr>\n<tr>\n<td style=\"text-align: center;\" width=\"115\">K\u00edch th\u01b0\u1edbc PCB (mm)<\/td>\n<td style=\"text-align: center;\" colspan=\"3\" width=\"188\">60*60-630*460<\/td>\n<\/tr>\n<tr>\n<td style=\"text-align: center;\" width=\"115\">Tr\u1ecdng l\u01b0\u1ee3ng PCB<\/td>\n<td style=\"text-align: center;\" colspan=\"3\" width=\"188\">T\u1ed1i \u0111a 4,5kg<\/td>\n<\/tr>\n<tr>\n<td style=\"text-align: center;\" width=\"115\">G\u00f3c<\/td>\n<td style=\"text-align: center;\" colspan=\"3\" width=\"188\">G\u00f3c nghi\u00eang 3-7 \u0111\u1ed9 (c\u00f3 th\u1ec3 \u0111i\u1ec1u ch\u1ec9nh)<\/td>\n<\/tr>\n<tr>\n<td style=\"text-align: center;\" width=\"115\">H\u1ec7 th\u1ed1ng \u0111i\u1ec1u khi\u1ec3n<\/td>\n<td style=\"text-align: center;\" colspan=\"3\" width=\"188\">M\u00e0n h\u00ecnh c\u1ea3m \u1ee9ng + PLC<\/td>\n<\/tr>\n<tr>\n<td style=\"text-align: center;\" width=\"115\">Ngu\u1ed3n \u0111i\u1ec7n<\/td>\n<td style=\"text-align: center;\" colspan=\"3\" width=\"188\">1 pha AC 220V 50\/60Hz<br \/>\n(T\u00f9y ch\u1ecdn: 110V \u0111\u1ebfn 380V)<\/td>\n<\/tr>\n<tr>\n<td style=\"text-align: center;\" width=\"115\">C\u00e2n n\u1eb7ng<\/td>\n<td style=\"text-align: center;\" colspan=\"3\" width=\"188\">180 kg<\/td>\n<\/tr>\n<\/tbody>\n<\/table>\n<p>&nbsp;<\/p>\n<p><a href=\"https:\/\/www.youtube.com\/@allaismt\" rel=\"nofollow noopener\" target=\"_blank\"><u>https:\/\/www.youtube.com\/@allaismt<\/u><\/a><\/p>\n<p>For more information about the <strong>SMT Wave Soldering Conveyor YWC-980<\/strong>, Vui l\u00f2ng g\u1eedi email \u0111\u1ebfn<\/p>\n<p><a href=\"mailto:sophia@allaismt.com\"><u>sophia@allaismt.com<\/u><\/a><\/p>\n<p>Ch\u00fang t\u00f4i s\u1ebd ph\u1ea3n h\u1ed3i y\u00eau c\u1ea7u c\u1ee7a b\u1ea1n trong th\u1eddi gian s\u1edbm nh\u1ea5t v\u00e0 cung c\u1ea5p cho b\u1ea1n th\u00f4ng tin chi ti\u1ebft v\u1ec1 c\u00e1c s\u1ea3n ph\u1ea9m v\u00e0 d\u1ecbch v\u1ee5 c\u1ee7a ch\u00fang t\u00f4i.<\/p>","protected":false},"excerpt":{"rendered":"<p>M\u00f4 t\u1ea3: C\u00e1i <strong>SMT<\/strong>\u00a0<strong>B\u0103ng chuy\u1ec1n h\u00e0n s\u00f3ng YWC-980<\/strong> YWC-980 l\u00e0 h\u1ec7 th\u1ed1ng v\u1eadn chuy\u1ec3n PCB \u0111\u1ed9 ch\u00ednh x\u00e1c cao \u0111\u01b0\u1ee3c thi\u1ebft k\u1ebf \u0111\u1ec3 x\u1eed l\u00fd bo m\u1ea1ch \u1ed5n \u0111\u1ecbnh v\u00e0 hi\u1ec7u qu\u1ea3 trong c\u00e1c d\u00e2y chuy\u1ec1n h\u00e0n s\u00f3ng. \u0110\u01b0\u1ee3c ch\u1ebf t\u1ea1o v\u1edbi c\u1ea5u tr\u00fac ch\u1ecbu nhi\u1ec7t v\u00e0 c\u01a1 ch\u1ebf truy\u1ec1n \u0111\u1ed9ng b\u1ec1n b\u1ec9, n\u00f3 \u0111\u1ea3m b\u1ea3o chuy\u1ec3n \u0111\u1ed9ng m\u01b0\u1ee3t m\u00e0, ch\u00ednh x\u00e1c qua c\u00e1c v\u00f9ng h\u00e0n nhi\u1ec7t \u0111\u1ed9 cao. Thi\u1ebft k\u1ebf chi\u1ec1u r\u1ed9ng c\u00f3 th\u1ec3 \u0111i\u1ec1u ch\u1ec9nh h\u1ed7 tr\u1ee3 nhi\u1ec1u k\u00edch th\u01b0\u1edbc PCB kh\u00e1c nhau, l\u00fd t\u01b0\u1edfng cho s\u1ea3n xu\u1ea5t h\u1ed7n h\u1ee3p SMT\u2013THT. V\u1edbi kh\u1ea3 n\u0103ng \u0111i\u1ec1u khi\u1ec3n t\u1ed1c \u0111\u1ed9 \u0111\u00e1ng tin c\u1eady, c\u1ea5u tr\u00fac an to\u00e0n ESD v\u00e0 v\u1eadn h\u00e0nh \u00edt c\u1ea7n b\u1ea3o tr\u00ec, YWC-980 n\u00e2ng cao ch\u1ea5t l\u01b0\u1ee3ng h\u00e0n, s\u1ef1 \u1ed5n \u0111\u1ecbnh quy tr\u00ecnh l\u00e0m vi\u1ec7c v\u00e0 hi\u1ec7u qu\u1ea3 s\u1ea3n xu\u1ea5t t\u1ed5ng th\u1ec3.<\/p>\n<p>S\u1ed1 l\u01b0\u1ee3ng \u0111\u1eb7t h\u00e0ng t\u1ed1i thi\u1ec3u: 1 chi\u1ebfc<\/p>\n<p>Th\u1eddi gian giao h\u00e0ng: 15 ng\u00e0y<\/p>","protected":false},"featured_media":22393,"comment_status":"closed","ping_status":"closed","template":"","meta":[],"etheme_brands":[],"product_brand":[],"product_cat":[144],"product_tag":[],"class_list":{"0":"post-22392","1":"product","2":"type-product","3":"status-publish","4":"has-post-thumbnail","6":"product_cat-pcb-handling-machine","8":"first","9":"instock","10":"shipping-taxable","11":"product-type-simple"},"_links":{"self":[{"href":"https:\/\/esmte.com\/vi\/wp-json\/wp\/v2\/product\/22392","targetHints":{"allow":["GET"]}}],"collection":[{"href":"https:\/\/esmte.com\/vi\/wp-json\/wp\/v2\/product"}],"about":[{"href":"https:\/\/esmte.com\/vi\/wp-json\/wp\/v2\/types\/product"}],"replies":[{"embeddable":true,"href":"https:\/\/esmte.com\/vi\/wp-json\/wp\/v2\/comments?post=22392"}],"version-history":[{"count":1,"href":"https:\/\/esmte.com\/vi\/wp-json\/wp\/v2\/product\/22392\/revisions"}],"predecessor-version":[{"id":23807,"href":"https:\/\/esmte.com\/vi\/wp-json\/wp\/v2\/product\/22392\/revisions\/23807"}],"wp:featuredmedia":[{"embeddable":true,"href":"https:\/\/esmte.com\/vi\/wp-json\/wp\/v2\/media\/22393"}],"wp:attachment":[{"href":"https:\/\/esmte.com\/vi\/wp-json\/wp\/v2\/media?parent=22392"}],"wp:term":[{"taxonomy":"brand","embeddable":true,"href":"https:\/\/esmte.com\/vi\/wp-json\/wp\/v2\/etheme_brands?post=22392"},{"taxonomy":"product_brand","embeddable":true,"href":"https:\/\/esmte.com\/vi\/wp-json\/wp\/v2\/product_brand?post=22392"},{"taxonomy":"product_cat","embeddable":true,"href":"https:\/\/esmte.com\/vi\/wp-json\/wp\/v2\/product_cat?post=22392"},{"taxonomy":"product_tag","embeddable":true,"href":"https:\/\/esmte.com\/vi\/wp-json\/wp\/v2\/product_tag?post=22392"}],"curies":[{"name":"trang web","href":"https:\/\/api.w.org\/{rel}","templated":true}]}}