{"id":22191,"date":"2025-11-25T09:47:49","date_gmt":"2025-11-25T09:47:49","guid":{"rendered":"https:\/\/esmte.com\/?post_type=product&#038;p=22191"},"modified":"2026-01-14T04:09:10","modified_gmt":"2026-01-14T04:09:10","slug":"pcb-handling-magazine-loader-ym-1100-2","status":"publish","type":"product","link":"https:\/\/esmte.com\/vi\/products\/pcb-handling-magazine-loader-ym-1100-2\/","title":{"rendered":"SMT PCB Handling Magazine Loader"},"content":{"rendered":"<h2>Gi\u1edbi thi\u1ec7u<\/h2>\n<p data-start=\"185\" data-end=\"483\">Trong s\u1ea3n xu\u1ea5t \u0111i\u1ec7n t\u1eed hi\u1ec7n \u0111\u1ea1i, vi\u1ec7c x\u1eed l\u00fd PCB m\u1ed9t c\u00e1ch tr\u01a1n tru v\u00e0 ch\u00ednh x\u00e1c l\u00e0 \u0111i\u1ec1u c\u1ea7n thi\u1ebft \u0111\u1ec3 duy tr\u00ec n\u0103ng su\u1ea5t cao v\u00e0 ch\u1ea5t l\u01b0\u1ee3ng s\u1ea3n ph\u1ea9m. <strong>SMT PCB T\u1ea1p ch\u00ed X\u1eed l\u00fd B\u1ed9 n\u1ea1p<\/strong> H\u1ec7 th\u1ed1ng n\u00e0y \u0111\u01b0\u1ee3c thi\u1ebft k\u1ebf \u0111\u1ec3 t\u1ed1i \u01b0u h\u00f3a quy tr\u00ecnh n\u1ea1p linh ki\u1ec7n trong d\u00e2y chuy\u1ec1n s\u1ea3n xu\u1ea5t SMT b\u1eb1ng c\u00e1ch cung c\u1ea5p kh\u1ea3 n\u0103ng x\u1eed l\u00fd PCB t\u1ef1 \u0111\u1ed9ng, d\u1ef1a tr\u00ean h\u1ec7 th\u1ed1ng b\u0103ng t\u1ea3i.<\/p>\n<p data-start=\"485\" data-end=\"859\">B\u1ed9 n\u1ea1p h\u1ed7 tr\u1ee3 l\u01b0u tr\u1eef d\u1ea1ng b\u0103ng t\u1ea3i, cho ph\u00e9p n\u1ea1p nhi\u1ec1u PCB v\u00e0 \u0111\u01b0a ch\u00fang v\u00e0o m\u00e1y l\u1eafp r\u00e1p ho\u1eb7c ki\u1ec3m tra m\u1ed9t c\u00e1ch c\u00f3 ki\u1ec3m so\u00e1t v\u00e0 hi\u1ec7u qu\u1ea3. \u0110i\u1ec1u n\u00e0y gi\u1ea3m thi\u1ec3u thao t\u00e1c th\u1ee7 c\u00f4ng, gi\u1ea3m nguy c\u01a1 h\u01b0 h\u1ecfng PCB v\u00e0 \u0111\u1ea3m b\u1ea3o quy tr\u00ecnh l\u00e0m vi\u1ec7c li\u00ean t\u1ee5c, \u1ed5n \u0111\u1ecbnh. Thi\u1ebft k\u1ebf c\u1ee7a n\u00f3 ph\u00f9 h\u1ee3p v\u1edbi nhi\u1ec1u k\u00edch th\u01b0\u1edbc PCB kh\u00e1c nhau, mang l\u1ea1i s\u1ef1 linh ho\u1ea1t cho c\u00e1c y\u00eau c\u1ea7u s\u1ea3n xu\u1ea5t kh\u00e1c nhau.<\/p>\n<p data-start=\"861\" data-end=\"1215\">\u0110\u01b0\u1ee3c ch\u1ebf t\u1ea1o t\u1eeb v\u1eadt li\u1ec7u b\u1ec1n ch\u1eafc v\u00e0 k\u1ebft c\u1ea5u v\u1eefng ch\u00e3i, b\u1ed9 n\u1ea1p b\u1ea3ng m\u1ea1ch PCB mang l\u1ea1i hi\u1ec7u su\u1ea5t \u0111\u00e1ng tin c\u1eady ngay c\u1ea3 khi ho\u1ea1t \u0111\u1ed9ng li\u00ean t\u1ee5c. K\u00edch th\u01b0\u1edbc nh\u1ecf g\u1ecdn cho ph\u00e9p d\u1ec5 d\u00e0ng t\u00edch h\u1ee3p v\u00e0o c\u00e1c d\u00e2y chuy\u1ec1n SMT hi\u1ec7n c\u00f3, trong khi giao di\u1ec7n th\u00e2n thi\u1ec7n v\u1edbi ng\u01b0\u1eddi d\u00f9ng gi\u00fap \u0111\u01a1n gi\u1ea3n h\u00f3a vi\u1ec7c v\u1eadn h\u00e0nh v\u00e0 b\u1ea3o tr\u00ec, gi\u1ea3m th\u1eddi gian ng\u1eebng ho\u1ea1t \u0111\u1ed9ng v\u00e0 c\u1ea3i thi\u1ec7n hi\u1ec7u qu\u1ea3 t\u1ed5ng th\u1ec3 c\u1ee7a d\u00e2y chuy\u1ec1n.<\/p>\n<p data-start=\"1217\" data-end=\"1514\">B\u1eb1ng c\u00e1ch k\u1ebft h\u1ee3p <strong>SMT PCB T\u1ea1p ch\u00ed X\u1eed l\u00fd B\u1ed9 n\u1ea1p<\/strong>, Nh\u1edd \u0111\u00f3, c\u00e1c nh\u00e0 s\u1ea3n xu\u1ea5t c\u00f3 th\u1ec3 \u0111\u1ea1t \u0111\u01b0\u1ee3c qu\u00e1 tr\u00ecnh chuy\u1ec3n \u0111\u1ed5i PCB m\u01b0\u1ee3t m\u00e0 h\u01a1n, n\u00e2ng cao hi\u1ec7u qu\u1ea3 s\u1ea3n xu\u1ea5t v\u00e0 ch\u1ea5t l\u01b0\u1ee3ng s\u1ea3n ph\u1ea9m \u1ed5n \u0111\u1ecbnh. \u0110\u00e2y l\u00e0 gi\u1ea3i ph\u00e1p thi\u1ebft y\u1ebfu cho c\u00e1c nh\u00e0 m\u00e1y \u0111i\u1ec7n t\u1eed \u0111ang t\u00ecm ki\u1ebfm thi\u1ebft b\u1ecb n\u1ea1p PCB ch\u00ednh x\u00e1c, \u0111\u00e1ng tin c\u1eady v\u00e0 hi\u1ec7u su\u1ea5t cao.<\/p>\n<p><img loading=\"lazy\" decoding=\"async\" class=\"aligncenter wp-image-22182\" src=\"https:\/\/esmte.com\/wp-content\/uploads\/2025\/11\/11-scaled.webp\" alt=\"SMT PCB Handling Magazine Loader YM-1100\" width=\"483\" height=\"482\" srcset=\"https:\/\/esmte.com\/wp-content\/uploads\/2025\/11\/11-scaled.webp 2560w, https:\/\/esmte.com\/wp-content\/uploads\/2025\/11\/11-scaled-100x100.webp 100w, https:\/\/esmte.com\/wp-content\/uploads\/2025\/11\/11-scaled-600x599.webp 600w, https:\/\/esmte.com\/wp-content\/uploads\/2025\/11\/11-300x300.webp 300w, https:\/\/esmte.com\/wp-content\/uploads\/2025\/11\/11-1024x1024.webp 1024w, https:\/\/esmte.com\/wp-content\/uploads\/2025\/11\/11-150x150.webp 150w, https:\/\/esmte.com\/wp-content\/uploads\/2025\/11\/11-768x767.webp 768w, https:\/\/esmte.com\/wp-content\/uploads\/2025\/11\/11-1536x1534.webp 1536w, https:\/\/esmte.com\/wp-content\/uploads\/2025\/11\/11-2048x2046.webp 2048w, https:\/\/esmte.com\/wp-content\/uploads\/2025\/11\/11-1x1.webp 1w, https:\/\/esmte.com\/wp-content\/uploads\/2025\/11\/11-10x10.webp 10w\" sizes=\"auto, (max-width: 483px) 100vw, 483px\" \/><\/p>\n<h3>C\u00e1c t\u00ednh n\u0103ng ch\u00ednh<\/h3>\n<ul>\n<li data-start=\"1381\" data-end=\"1436\">\n<p data-start=\"1383\" data-end=\"1436\">Giao di\u1ec7n th\u00e2n thi\u1ec7n v\u1edbi ng\u01b0\u1eddi d\u00f9ng gi\u00fap d\u1ec5 d\u00e0ng thi\u1ebft l\u1eadp th\u00f4ng s\u1ed1.<\/p>\n<\/li>\n<li data-start=\"1437\" data-end=\"1503\">\n<p data-start=\"1439\" data-end=\"1503\">C\u00e1c b\u1ed9 ph\u1eadn c\u01a1 kh\u00ed \u00edt c\u1ea7n b\u1ea3o tr\u00ec \u0111\u1ea3m b\u1ea3o tu\u1ed5i th\u1ecd s\u1eed d\u1ee5ng l\u00e2u d\u00e0i.<\/p>\n<\/li>\n<li data-start=\"1504\" data-end=\"1576\">\n<p data-start=\"1506\" data-end=\"1576\">H\u1ed7 tr\u1ee3 k\u1ebft n\u1ed1i li\u1ec1n m\u1ea1ch v\u1edbi m\u00e1y in, m\u00e1y g\u1eafn m\u1eabu v\u00e0 m\u00e1y ki\u1ec3m tra quang h\u1ecdc t\u1ef1 \u0111\u1ed9ng (AOI).<\/p>\n<\/li>\n<li data-start=\"1577\" data-end=\"1641\">\n<p data-start=\"1579\" data-end=\"1641\">B\u1ec7 n\u00e2ng \u1ed5n \u0111\u1ecbnh \u0111\u1ea3m b\u1ea3o chi\u1ec1u cao \u0111\u1ea7u ra PCB nh\u1ea5t qu\u00e1n.<\/p>\n<\/li>\n<li data-start=\"1642\" data-end=\"1707\">\n<p data-start=\"1644\" data-end=\"1707\">Gi\u00fap t\u1ed1i \u01b0u h\u00f3a quy tr\u00ecnh SMT v\u00e0 c\u1ea3i thi\u1ec7n n\u0103ng su\u1ea5t s\u1ea3n xu\u1ea5t.<\/p>\n<\/li>\n<\/ul>\n<p>&nbsp;<\/p>\n<h2>Th\u00f4ng s\u1ed1 k\u1ef9 thu\u1eadt<\/h2>\n<table style=\"border-collapse: collapse; width: 1380px; height: 278px;\" border=\"0\" width=\"425\" cellspacing=\"0\" cellpadding=\"0\">\n<tbody>\n<tr style=\"height: 19.00pt;\">\n<td class=\"et2\" style=\"height: 19pt; width: 152.25pt; text-align: center;\" width=\"203\" height=\"25\">Ng\u01b0\u1eddi m\u1eabu<\/td>\n<td class=\"et3\" style=\"width: 166.5pt; text-align: center;\" width=\"222\">YM-1100<\/td>\n<\/tr>\n<tr style=\"height: 19.50pt;\">\n<td class=\"et4\" style=\"height: 19.5pt; width: 152.25pt; text-align: center;\" width=\"203\" height=\"26\">K\u00edch th\u01b0\u1edbc t\u1ea5m v\u00e1n (mm)<\/td>\n<td class=\"et5\" style=\"width: 166.5pt; text-align: center;\" width=\"222\">80*50~330*120<\/td>\n<\/tr>\n<tr style=\"height: 24.00pt;\">\n<td class=\"et4\" style=\"height: 24pt; width: 152.25pt; text-align: center;\" width=\"203\" height=\"32\">Chi\u1ec1u cao truy\u1ec1n \u0111\u1ed9ng (mm)<\/td>\n<td class=\"et5\" style=\"width: 166.5pt; text-align: center;\" width=\"222\">900\u00b120<\/td>\n<\/tr>\n<tr style=\"height: 19.50pt;\">\n<td class=\"et4\" style=\"height: 19.5pt; width: 152.25pt; text-align: center;\" width=\"203\" height=\"26\">Th\u1eddi gian t\u1ea3i PCB<\/td>\n<td class=\"et5\" style=\"width: 166.5pt; text-align: center;\" width=\"222\">6-16 gi\u00e2y<\/td>\n<\/tr>\n<tr style=\"height: 18.00pt;\">\n<td class=\"et4\" style=\"height: 18pt; width: 152.25pt; text-align: center;\" width=\"203\" height=\"24\">K\u00edch th\u01b0\u1edbc t\u1ea1p ch\u00ed<\/td>\n<td class=\"et5\" style=\"width: 166.5pt; text-align: center;\" width=\"222\">80*50*100-300*150*400<\/td>\n<\/tr>\n<tr style=\"height: 19.50pt;\">\n<td class=\"et4\" style=\"height: 19.5pt; width: 152.25pt; text-align: center;\" width=\"203\" height=\"26\">\u0110\u1ed9 d\u00e0y PCB<\/td>\n<td class=\"et5\" style=\"width: 166.5pt; text-align: center;\" width=\"222\">0,2-2,0mm<\/td>\n<\/tr>\n<tr style=\"height: 23.00pt;\">\n<td class=\"et4\" style=\"height: 23pt; width: 152.25pt; text-align: center;\" width=\"203\" height=\"30\">H\u01b0\u1edbng truy\u1ec1n<\/td>\n<td class=\"et5\" style=\"width: 166.5pt; text-align: center;\" width=\"222\">T\u1eeb tr\u00e1i sang ph\u1ea3i\/T\u1eeb ph\u1ea3i sang tr\u00e1i<\/td>\n<\/tr>\n<tr style=\"height: 36.75pt;\">\n<td class=\"et4\" style=\"height: 36.75pt; width: 152.25pt; text-align: center;\" width=\"203\" height=\"49\">\u00c1p su\u1ea5t kh\u00ed n\u00e9n<\/td>\n<td class=\"et5\" style=\"width: 166.5pt; text-align: center;\" width=\"222\">0,4~0,6 MPa<\/td>\n<\/tr>\n<tr style=\"height: 21.00pt;\">\n<td class=\"et4\" style=\"height: 21pt; width: 152.25pt; text-align: center;\" width=\"203\" height=\"28\">Quy\u1ec1n l\u1ef1c<\/td>\n<td class=\"et5\" style=\"width: 166.5pt; text-align: center;\" width=\"222\">AC220V\u00b110V, 50\/60HZ 450W<\/td>\n<\/tr>\n<tr style=\"height: 19.50pt;\">\n<td class=\"et4\" style=\"height: 19.5pt; width: 152.25pt; text-align: center;\" width=\"203\" height=\"26\">K\u00edch th\u01b0\u1edbc m\u00e1y<\/td>\n<td class=\"et5\" style=\"width: 166.5pt; text-align: center;\" width=\"222\">1000x1100x1300 mm<\/td>\n<\/tr>\n<tr style=\"height: 21.00pt;\">\n<td class=\"et6\" style=\"height: 21pt; width: 152.25pt; text-align: center;\" width=\"203\" height=\"28\">Tr\u1ecdng l\u01b0\u1ee3ng m\u00e1y<\/td>\n<td class=\"et7\" style=\"width: 166.5pt; text-align: center;\" width=\"222\">245KG<\/td>\n<\/tr>\n<\/tbody>\n<\/table>\n<p>&nbsp;<\/p>\n<p><a href=\"https:\/\/www.youtube.com\/@allaismt\" rel=\"nofollow noopener\" target=\"_blank\"><u>https:\/\/www.youtube.com\/@allaismt<\/u><\/a><\/p>\n<p>\u0110\u1ec3 bi\u1ebft th\u00eam th\u00f4ng tin v\u1ec1 M\u00e1y n\u1ea1p b\u0103ng t\u1ea3i PCB YM-1100, vui l\u00f2ng g\u1eedi email \u0111\u1ebfn \u0111\u1ecba ch\u1ec9 sau:<\/p>\n<p><a href=\"mailto:sophia@allaismt.com\"><u>sophia@allaismt.com<\/u><\/a><\/p>\n<p>Ch\u00fang t\u00f4i s\u1ebd ph\u1ea3n h\u1ed3i y\u00eau c\u1ea7u c\u1ee7a b\u1ea1n trong th\u1eddi gian s\u1edbm nh\u1ea5t v\u00e0 cung c\u1ea5p cho b\u1ea1n th\u00f4ng tin chi ti\u1ebft v\u1ec1 c\u00e1c s\u1ea3n ph\u1ea9m v\u00e0 d\u1ecbch v\u1ee5 c\u1ee7a ch\u00fang t\u00f4i.<\/p>","protected":false},"excerpt":{"rendered":"<p>M\u00f4 t\u1ea3: C\u00e1i <strong>SMT PCB T\u1ea1p ch\u00ed X\u1eed l\u00fd B\u1ed9 n\u1ea1p<\/strong> \u0110\u00e2y l\u00e0 h\u1ec7 th\u1ed1ng hi\u1ec7u su\u1ea5t cao \u0111\u01b0\u1ee3c thi\u1ebft k\u1ebf \u0111\u1ec3 t\u1ef1 \u0111\u1ed9ng n\u1ea1p PCB trong d\u00e2y chuy\u1ec1n s\u1ea3n xu\u1ea5t SMT. H\u1ec7 th\u1ed1ng h\u1ed7 tr\u1ee3 l\u01b0u tr\u1eef PCB d\u1ea1ng khay, cho ph\u00e9p c\u1ea5p PCB m\u1ed9t c\u00e1ch tr\u01a1n tru v\u00e0 c\u00f3 ki\u1ec3m so\u00e1t v\u00e0o m\u00e1y l\u1eafp r\u00e1p ho\u1eb7c m\u00e1y ki\u1ec3m tra. C\u1ea5u tr\u00fac ch\u1eafc ch\u1eafn \u0111\u1ea3m b\u1ea3o ho\u1ea1t \u0111\u1ed9ng \u1ed5n \u0111\u1ecbnh, trong khi kh\u1ea3 n\u0103ng x\u1eed l\u00fd ch\u00ednh x\u00e1c gi\u00fap gi\u1ea3m thi\u1ec3u nguy c\u01a1 h\u01b0 h\u1ecfng PCB. Nh\u1ecf g\u1ecdn v\u00e0 d\u1ec5 t\u00edch h\u1ee3p, b\u1ed9 n\u1ea1p n\u00e0y n\u00e2ng cao hi\u1ec7u qu\u1ea3 s\u1ea3n xu\u1ea5t v\u00e0 t\u1ed1i \u01b0u h\u00f3a quy tr\u00ecnh l\u00e0m vi\u1ec7c trong m\u00f4i tr\u01b0\u1eddng s\u1ea3n xu\u1ea5t \u0111i\u1ec7n t\u1eed hi\u1ec7n \u0111\u1ea1i.<\/p>\n<p>S\u1ed1 l\u01b0\u1ee3ng \u0111\u1eb7t h\u00e0ng t\u1ed1i thi\u1ec3u: 1 chi\u1ebfc<\/p>\n<p>Th\u1eddi gian giao h\u00e0ng: 15 ng\u00e0y<\/p>\n<p>&nbsp;<\/p>\n<h2><\/h2>\n<p>&nbsp;<\/p>","protected":false},"featured_media":22193,"comment_status":"closed","ping_status":"closed","template":"","meta":[],"etheme_brands":[],"product_brand":[],"product_cat":[144],"product_tag":[],"class_list":{"0":"post-22191","1":"product","2":"type-product","3":"status-publish","4":"has-post-thumbnail","6":"product_cat-pcb-handling-machine","8":"first","9":"instock","10":"shipping-taxable","11":"product-type-simple"},"_links":{"self":[{"href":"https:\/\/esmte.com\/vi\/wp-json\/wp\/v2\/product\/22191","targetHints":{"allow":["GET"]}}],"collection":[{"href":"https:\/\/esmte.com\/vi\/wp-json\/wp\/v2\/product"}],"about":[{"href":"https:\/\/esmte.com\/vi\/wp-json\/wp\/v2\/types\/product"}],"replies":[{"embeddable":true,"href":"https:\/\/esmte.com\/vi\/wp-json\/wp\/v2\/comments?post=22191"}],"version-history":[{"count":1,"href":"https:\/\/esmte.com\/vi\/wp-json\/wp\/v2\/product\/22191\/revisions"}],"predecessor-version":[{"id":23812,"href":"https:\/\/esmte.com\/vi\/wp-json\/wp\/v2\/product\/22191\/revisions\/23812"}],"wp:featuredmedia":[{"embeddable":true,"href":"https:\/\/esmte.com\/vi\/wp-json\/wp\/v2\/media\/22193"}],"wp:attachment":[{"href":"https:\/\/esmte.com\/vi\/wp-json\/wp\/v2\/media?parent=22191"}],"wp:term":[{"taxonomy":"brand","embeddable":true,"href":"https:\/\/esmte.com\/vi\/wp-json\/wp\/v2\/etheme_brands?post=22191"},{"taxonomy":"product_brand","embeddable":true,"href":"https:\/\/esmte.com\/vi\/wp-json\/wp\/v2\/product_brand?post=22191"},{"taxonomy":"product_cat","embeddable":true,"href":"https:\/\/esmte.com\/vi\/wp-json\/wp\/v2\/product_cat?post=22191"},{"taxonomy":"product_tag","embeddable":true,"href":"https:\/\/esmte.com\/vi\/wp-json\/wp\/v2\/product_tag?post=22191"}],"curies":[{"name":"trang web","href":"https:\/\/api.w.org\/{rel}","templated":true}]}}