{"id":22142,"date":"2025-11-25T06:42:57","date_gmt":"2025-11-25T06:42:57","guid":{"rendered":"https:\/\/esmte.com\/?post_type=product&#038;p=22142"},"modified":"2025-11-27T09:43:07","modified_gmt":"2025-11-27T09:43:07","slug":"efficient-smt-pcb-lift-conveyor-ysc-1000","status":"publish","type":"product","link":"https:\/\/esmte.com\/vi\/products\/efficient-smt-pcb-lift-conveyor-ysc-1000\/","title":{"rendered":"B\u0103ng t\u1ea3i n\u00e2ng PCB SMT YSC-1000"},"content":{"rendered":"<h2 data-start=\"1269\" data-end=\"1754\">Gi\u1edbi thi\u1ec7u<\/h2>\n<p data-start=\"197\" data-end=\"560\">In modern electronics manufacturing, smooth and precise movement of PCBs across different production stages is crucial for maintaining high productivity and product quality. The <strong data-start=\"375\" data-end=\"409\">B\u0103ng t\u1ea3i n\u00e2ng PCB SMT YSC-1000<\/strong> is designed to provide reliable vertical transfer of PCBs within SMT production lines, ensuring stable workflow and enhanced operational efficiency.<\/p>\n<p data-start=\"562\" data-end=\"970\">The YSC-1000 enables seamless movement of PCBs between different conveyor levels, offering accurate and controlled handling throughout the transfer process. Its robust construction and dependable drive system minimize the risk of board damage, ensuring consistent and uninterrupted production. The conveyor accommodates a wide range of PCB sizes, making it versatile for various manufacturing requirements.<\/p>\n<p data-start=\"972\" data-end=\"1236\">Durable and user-friendly, the YSC-2000 features a compact design that allows easy integration into existing SMT lines. Its intuitive operation and low-maintenance design help reduce downtime, streamline production processes, and improve overall line efficiency.<\/p>\n<p data-start=\"1238\" data-end=\"1550\">By implementing the <strong data-start=\"1258\" data-end=\"1292\">B\u0103ng t\u1ea3i n\u00e2ng PCB SMT YSC-1000<\/strong>, manufacturers can achieve smoother PCB transitions, improved production efficiency, and safer handling of sensitive boards. It is an ideal solution for electronics factories seeking precise, reliable, and high-performance vertical SMT PCB transfer equipment.<\/p>\n<p data-start=\"1269\" data-end=\"1754\"><img loading=\"lazy\" decoding=\"async\" class=\"aligncenter wp-image-22120 size-full\" src=\"https:\/\/esmte.com\/wp-content\/uploads\/2025\/11\/A.webp\" alt=\"Efficient SMT Conveyor System with PCB Lift for Continuous PCB Flow\" width=\"391\" height=\"391\" srcset=\"https:\/\/esmte.com\/wp-content\/uploads\/2025\/11\/A.webp 391w, https:\/\/esmte.com\/wp-content\/uploads\/2025\/11\/A-100x100.webp 100w, https:\/\/esmte.com\/wp-content\/uploads\/2025\/11\/A-300x300.webp 300w, https:\/\/esmte.com\/wp-content\/uploads\/2025\/11\/A-150x150.webp 150w, https:\/\/esmte.com\/wp-content\/uploads\/2025\/11\/A-1x1.webp 1w, https:\/\/esmte.com\/wp-content\/uploads\/2025\/11\/A-10x10.webp 10w\" sizes=\"auto, (max-width: 391px) 100vw, 391px\" \/><\/p>\n<h3 data-start=\"1269\" data-end=\"1754\">C\u00e1c t\u00ednh n\u0103ng ch\u00ednh<\/h3>\n<ul>\n<li data-start=\"1407\" data-end=\"1467\">\n<p data-start=\"1409\" data-end=\"1467\">Chu tr\u00ecnh n\u00e2ng h\u1ea1 ho\u00e0n to\u00e0n t\u1ef1 \u0111\u1ed9ng gi\u00fap thao t\u00e1c \u0111\u1ecbnh tuy\u1ebfn PCB r\u1ea3nh tay.<\/p>\n<\/li>\n<li data-start=\"1468\" data-end=\"1522\">\n<p data-start=\"1470\" data-end=\"1522\">\u0110\u1ed9ng c\u01a1 gi\u1ea3m ti\u1ebfng \u1ed3n gi\u00fap v\u1eadn h\u00e0nh \u1ed5n \u0111\u1ecbnh v\u00e0 \u00eam \u00e1i.<\/p>\n<\/li>\n<li data-start=\"1523\" data-end=\"1582\">\n<p data-start=\"1525\" data-end=\"1582\">C\u1ea5u tr\u00fac ch\u1eafc ch\u1eafn, b\u1ec1n b\u1ec9, ph\u00f9 h\u1ee3p cho c\u00e1c nh\u00e0 m\u00e1y SMT c\u00f4ng nghi\u1ec7p.<\/p>\n<\/li>\n<li data-start=\"1583\" data-end=\"1636\">\n<p data-start=\"1585\" data-end=\"1636\">\u0110\u1ea3m b\u1ea3o vi\u1ec7c \u0111\u01b0a d\u00e2y v\u00e0o v\u00e0 ra kh\u1ecfi m\u1ea1ch in di\u1ec5n ra tr\u01a1n tru m\u00e0 kh\u00f4ng b\u1ecb k\u1eb9t.<\/p>\n<\/li>\n<li data-start=\"1637\" data-end=\"1690\">\n<p data-start=\"1639\" data-end=\"1690\">T\u0103ng c\u01b0\u1eddng t\u00ednh linh ho\u1ea1t c\u1ee7a d\u00e2y chuy\u1ec1n s\u1ea3n xu\u1ea5t v\u00e0 t\u1ed1i \u01b0u h\u00f3a b\u1ed1 c\u1ee5c.<\/p>\n<\/li>\n<\/ul>\n<p>&nbsp;<\/p>\n<h2 data-start=\"1269\" data-end=\"1754\">Th\u00f4ng s\u1ed1 k\u1ef9 thu\u1eadt<\/h2>\n<table style=\"height: 153px;\" width=\"1382\">\n<tbody>\n<tr>\n<td style=\"text-align: center;\" width=\"111\">Ng\u01b0\u1eddi m\u1eabu<\/td>\n<td style=\"text-align: center;\" width=\"99\">YSC-500<\/td>\n<td style=\"text-align: center;\" width=\"101\">YSC-600<\/td>\n<td style=\"text-align: center;\" width=\"107\">YSC-1000<\/td>\n<td style=\"text-align: center;\" width=\"107\">YSC-1200<\/td>\n<td style=\"text-align: center;\" width=\"110\">YSC-1500<\/td>\n<td style=\"text-align: center;\" width=\"107\">YSC-2000<\/td>\n<\/tr>\n<tr>\n<td style=\"text-align: center;\" width=\"111\">Chi\u1ec1u d\u00e0i ray<\/td>\n<td style=\"text-align: center;\" width=\"99\">500 mm<\/td>\n<td style=\"text-align: center;\" width=\"101\">600 mm<\/td>\n<td style=\"text-align: center;\" width=\"107\">1000 mm<\/td>\n<td style=\"text-align: center;\" width=\"107\">1200 mm<\/td>\n<td style=\"text-align: center;\" width=\"110\">1500 mm<\/td>\n<td style=\"text-align: center;\" width=\"107\">2000 mm<\/td>\n<\/tr>\n<tr>\n<td style=\"text-align: center;\" width=\"111\">K\u00edch th\u01b0\u1edbc (mm)<\/td>\n<td style=\"text-align: center;\" width=\"99\">500*700*950<\/td>\n<td style=\"text-align: center;\" width=\"101\">600*700*950<\/td>\n<td style=\"text-align: center;\" width=\"107\">1000*700*950<\/td>\n<td style=\"text-align: center;\" width=\"107\">1200*700*950<\/td>\n<td style=\"text-align: center;\" width=\"110\">1500*700*950<\/td>\n<td style=\"text-align: center;\" width=\"107\">2000*700*950<\/td>\n<\/tr>\n<tr>\n<td style=\"text-align: center;\" width=\"111\">Chi\u1ec1u r\u1ed9ng PCB<\/td>\n<td style=\"text-align: center;\" colspan=\"6\" width=\"631\">50 \u0111\u1ebfn 350 mm<\/td>\n<\/tr>\n<tr>\n<td style=\"text-align: center;\" width=\"111\">Ngu\u1ed3n \u0111i\u1ec7n<\/td>\n<td style=\"text-align: center;\" colspan=\"6\" width=\"631\">1 pha AC 220V 50\/60Hz (T\u00f9y ch\u1ecdn: 110V \u0111\u1ebfn 380V)<\/td>\n<\/tr>\n<tr>\n<td style=\"text-align: center;\" width=\"111\">C\u00e2n n\u1eb7ng<\/td>\n<td style=\"text-align: center;\" width=\"99\">50 kg<\/td>\n<td style=\"text-align: center;\" width=\"101\">50 kg<\/td>\n<td style=\"text-align: center;\" width=\"107\">55 kg<\/td>\n<td style=\"text-align: center;\" width=\"107\">85 kg<\/td>\n<td style=\"text-align: center;\" width=\"110\">125 kg<\/td>\n<td style=\"text-align: center;\" width=\"107\">150 kg<\/td>\n<\/tr>\n<\/tbody>\n<\/table>\n<p>&nbsp;<\/p>\n<p><a href=\"https:\/\/www.youtube.com\/@allaismt\" rel=\"nofollow noopener\" target=\"_blank\"><u>https:\/\/www.youtube.com\/@allaismt<\/u><\/a><\/p>\n<p>For more information about the SMT PCB Lift Conveyor YSC-2000, please send an email to<\/p>\n<p><a href=\"mailto:sophia@allaismt.com\"><u>sophia@allaismt.com<\/u><\/a><\/p>\n<p>Ch\u00fang t\u00f4i s\u1ebd ph\u1ea3n h\u1ed3i y\u00eau c\u1ea7u c\u1ee7a b\u1ea1n trong th\u1eddi gian s\u1edbm nh\u1ea5t v\u00e0 cung c\u1ea5p cho b\u1ea1n th\u00f4ng tin chi ti\u1ebft v\u1ec1 c\u00e1c s\u1ea3n ph\u1ea9m v\u00e0 d\u1ecbch v\u1ee5 c\u1ee7a ch\u00fang t\u00f4i.<\/p>\n<p>&nbsp;<\/p>","protected":false},"excerpt":{"rendered":"<p>M\u00f4 t\u1ea3: C\u00e1i <strong data-start=\"94\" data-end=\"128\">B\u0103ng t\u1ea3i n\u00e2ng PCB SMT YSC-1000<\/strong> YSC-1000 cho ph\u00e9p di chuy\u1ec3n li\u1ec1n m\u1ea1ch PCB gi\u1eefa c\u00e1c m\u1ee9c b\u0103ng t\u1ea3i kh\u00e1c nhau, mang l\u1ea1i kh\u1ea3 n\u0103ng x\u1eed l\u00fd ch\u00ednh x\u00e1c v\u00e0 \u0111\u01b0\u1ee3c ki\u1ec3m so\u00e1t trong su\u1ed1t qu\u00e1 tr\u00ecnh chuy\u1ec3n giao. C\u1ea5u tr\u00fac v\u1eefng ch\u1eafc v\u00e0 h\u1ec7 th\u1ed1ng truy\u1ec1n \u0111\u1ed9ng \u0111\u00e1ng tin c\u1eady c\u1ee7a n\u00f3 gi\u1ea3m thi\u1ec3u nguy c\u01a1 h\u01b0 h\u1ecfng bo m\u1ea1ch, \u0111\u1ea3m b\u1ea3o s\u1ea3n xu\u1ea5t \u1ed5n \u0111\u1ecbnh v\u00e0 kh\u00f4ng b\u1ecb gi\u00e1n \u0111o\u1ea1n. B\u0103ng t\u1ea3i n\u00e0y ph\u00f9 h\u1ee3p v\u1edbi nhi\u1ec1u k\u00edch th\u01b0\u1edbc PCB kh\u00e1c nhau, mang l\u1ea1i t\u00ednh linh ho\u1ea1t cho c\u00e1c y\u00eau c\u1ea7u s\u1ea3n xu\u1ea5t \u0111a d\u1ea1ng.<\/p>\n<p>S\u1ed1 l\u01b0\u1ee3ng \u0111\u1eb7t h\u00e0ng t\u1ed1i thi\u1ec3u: 1 chi\u1ebfc<\/p>\n<p>Th\u1eddi gian giao h\u00e0ng: 15 ng\u00e0y<\/p>","protected":false},"featured_media":22146,"comment_status":"closed","ping_status":"closed","template":"","meta":[],"etheme_brands":[],"product_brand":[],"product_cat":[144],"product_tag":[],"class_list":{"0":"post-22142","1":"product","2":"type-product","3":"status-publish","4":"has-post-thumbnail","6":"product_cat-pcb-handling-machine","8":"first","9":"instock","10":"shipping-taxable","11":"product-type-simple"},"_links":{"self":[{"href":"https:\/\/esmte.com\/vi\/wp-json\/wp\/v2\/product\/22142","targetHints":{"allow":["GET"]}}],"collection":[{"href":"https:\/\/esmte.com\/vi\/wp-json\/wp\/v2\/product"}],"about":[{"href":"https:\/\/esmte.com\/vi\/wp-json\/wp\/v2\/types\/product"}],"replies":[{"embeddable":true,"href":"https:\/\/esmte.com\/vi\/wp-json\/wp\/v2\/comments?post=22142"}],"version-history":[{"count":1,"href":"https:\/\/esmte.com\/vi\/wp-json\/wp\/v2\/product\/22142\/revisions"}],"predecessor-version":[{"id":22367,"href":"https:\/\/esmte.com\/vi\/wp-json\/wp\/v2\/product\/22142\/revisions\/22367"}],"wp:featuredmedia":[{"embeddable":true,"href":"https:\/\/esmte.com\/vi\/wp-json\/wp\/v2\/media\/22146"}],"wp:attachment":[{"href":"https:\/\/esmte.com\/vi\/wp-json\/wp\/v2\/media?parent=22142"}],"wp:term":[{"taxonomy":"brand","embeddable":true,"href":"https:\/\/esmte.com\/vi\/wp-json\/wp\/v2\/etheme_brands?post=22142"},{"taxonomy":"product_brand","embeddable":true,"href":"https:\/\/esmte.com\/vi\/wp-json\/wp\/v2\/product_brand?post=22142"},{"taxonomy":"product_cat","embeddable":true,"href":"https:\/\/esmte.com\/vi\/wp-json\/wp\/v2\/product_cat?post=22142"},{"taxonomy":"product_tag","embeddable":true,"href":"https:\/\/esmte.com\/vi\/wp-json\/wp\/v2\/product_tag?post=22142"}],"curies":[{"name":"trang web","href":"https:\/\/api.w.org\/{rel}","templated":true}]}}