{"id":22100,"date":"2025-11-25T03:27:37","date_gmt":"2025-11-25T03:27:37","guid":{"rendered":"https:\/\/esmte.com\/?post_type=product&#038;p=22100"},"modified":"2025-11-27T09:51:54","modified_gmt":"2025-11-27T09:51:54","slug":"smt-pcb-90-degree-unloader-yul-l1350","status":"publish","type":"product","link":"https:\/\/esmte.com\/vi\/products\/smt-pcb-90-degree-unloader-yul-l1350\/","title":{"rendered":"SMT PCB 90 Degree Unloader YUL-L1350"},"content":{"rendered":"<h2 data-rm-block-id=\"block-1\">Gi\u1edbi thi\u1ec7u<\/h2>\n<p data-start=\"212\" data-end=\"539\">Trong s\u1ea3n xu\u1ea5t \u0111i\u1ec7n t\u1eed hi\u1ec7n \u0111\u1ea1i, vi\u1ec7c x\u1eed l\u00fd PCB m\u1ed9t c\u00e1ch tr\u01a1n tru v\u00e0 ch\u00ednh x\u00e1c l\u00e0 \u0111i\u1ec1u c\u1ea7n thi\u1ebft \u0111\u1ec3 duy tr\u00ec n\u0103ng su\u1ea5t cao v\u00e0 ch\u1ea5t l\u01b0\u1ee3ng s\u1ea3n ph\u1ea9m. <strong data-start=\"351\" data-end=\"391\">SMT PCB 90 Degree Unloader YUL-L1350<\/strong> is designed to provide reliable and efficient 90-degree PCB transfer, allowing boards to change direction seamlessly within SMT production lines.<\/p>\n<p data-start=\"541\" data-end=\"894\">The YUL-L1350 ensures stable and accurate handling during directional transfers, reducing the risk of board damage and maintaining continuous workflow. Its robust construction and dependable drive system deliver consistent performance, while the system accommodates a wide range of PCB sizes, making it suitable for diverse manufacturing requirements.<\/p>\n<p data-start=\"896\" data-end=\"1124\">Compact and user-friendly, the YUL-L1350 integrates easily into existing SMT lines. Its intuitive operation and low-maintenance design help reduce downtime, streamline production processes, and improve overall line efficiency.<\/p>\n<p data-start=\"1126\" data-end=\"1450\">B\u1eb1ng c\u00e1ch k\u1ebft h\u1ee3p <strong data-start=\"1147\" data-end=\"1187\">SMT PCB 90 Degree Unloader YUL-L1350<\/strong>, manufacturers can achieve smoother PCB transitions, enhanced production efficiency, and safer handling of sensitive boards. It is an essential solution for electronics factories seeking precise, reliable, and high-performance 90-degree PCB transfer equipment.<\/p>\n<p data-rm-block-id=\"block-3\"><img loading=\"lazy\" decoding=\"async\" class=\"aligncenter wp-image-22096\" src=\"https:\/\/esmte.com\/wp-content\/uploads\/2025\/11\/90-degree-unloader.png\" alt=\"SMT PCB 90 Degree Unloader YUL-L1350\" width=\"516\" height=\"516\" srcset=\"https:\/\/esmte.com\/wp-content\/uploads\/2025\/11\/90-degree-unloader.png 2560w, https:\/\/esmte.com\/wp-content\/uploads\/2025\/11\/90-degree-unloader-100x100.png 100w, https:\/\/esmte.com\/wp-content\/uploads\/2025\/11\/90-degree-unloader-600x600.png 600w, https:\/\/esmte.com\/wp-content\/uploads\/2025\/11\/90-degree-unloader-300x300.png 300w, https:\/\/esmte.com\/wp-content\/uploads\/2025\/11\/90-degree-unloader-1024x1024.png 1024w, https:\/\/esmte.com\/wp-content\/uploads\/2025\/11\/90-degree-unloader-150x150.png 150w, https:\/\/esmte.com\/wp-content\/uploads\/2025\/11\/90-degree-unloader-768x768.png 768w, https:\/\/esmte.com\/wp-content\/uploads\/2025\/11\/90-degree-unloader-1536x1536.png 1536w, https:\/\/esmte.com\/wp-content\/uploads\/2025\/11\/90-degree-unloader-2048x2048.png 2048w, https:\/\/esmte.com\/wp-content\/uploads\/2025\/11\/90-degree-unloader-1x1.png 1w, https:\/\/esmte.com\/wp-content\/uploads\/2025\/11\/90-degree-unloader-10x10.png 10w\" sizes=\"auto, (max-width: 516px) 100vw, 516px\" \/><\/p>\n<h3 data-rm-block-id=\"block-4\">C\u00e1c t\u00ednh n\u0103ng ch\u00ednh<\/h3>\n<ul>\n<li data-start=\"112\" data-end=\"186\">\n<p data-start=\"114\" data-end=\"186\" data-rm-block-id=\"block-5\">Efficient 90-degree PCB rotation for flexible SMT line configurations.<\/p>\n<\/li>\n<li data-start=\"187\" data-end=\"253\">\n<p data-start=\"189\" data-end=\"253\" data-rm-block-id=\"block-8\">Smooth conveyor system ensures stable and safe board transfer.<\/p>\n<\/li>\n<li data-start=\"254\" data-end=\"313\">\n<p data-start=\"256\" data-end=\"313\" data-rm-block-id=\"block-9\">High-precision sensors detect PCB positions accurately.<\/p>\n<\/li>\n<li data-start=\"314\" data-end=\"374\">\n<p data-start=\"316\" data-end=\"374\" data-rm-block-id=\"block-10\">Supports a wide range of PCB dimensions and thicknesses.<\/p>\n<\/li>\n<li data-start=\"375\" data-end=\"618\">\n<p data-start=\"377\" data-end=\"618\" data-rm-block-id=\"block-11\">Strong aluminum frame enhances durability and long-term stability.<\/p>\n<\/li>\n<\/ul>\n<p data-start=\"377\" data-end=\"618\" data-rm-block-id=\"block-11\">This set of features helps manufacturers optimize workflow by redirecting PCBs without manual intervention, improving production efficiency in compact SMT environments.<\/p>\n<h2 data-rm-block-id=\"block-12\">Th\u00f4ng s\u1ed1 k\u1ef9 thu\u1eadt<\/h2>\n<table style=\"height: 240px;\" width=\"1384\">\n<tbody>\n<tr>\n<td style=\"text-align: center;\" width=\"165\">Ng\u01b0\u1eddi m\u1eabu<br \/>\n(90 Degree Unloader)<\/td>\n<td style=\"text-align: center;\" width=\"183\">YUL-M1150<\/td>\n<td style=\"text-align: center;\" width=\"162\">YUL-L1350<\/td>\n<td style=\"text-align: center;\" width=\"154\">YUL-LL1550<\/td>\n<\/tr>\n<tr>\n<td style=\"text-align: center;\" width=\"165\">K\u00edch th\u01b0\u1edbc (mm)<\/td>\n<td style=\"text-align: center;\" width=\"183\">1150*1150*1205<\/td>\n<td style=\"text-align: center;\" width=\"162\">1350*1350*1205<\/td>\n<td style=\"text-align: center;\" width=\"154\">1550*1550*1205<\/td>\n<\/tr>\n<tr>\n<td style=\"text-align: center;\" width=\"165\">K\u00edch th\u01b0\u1edbc PCB (mm)<\/td>\n<td style=\"text-align: center;\" width=\"183\">50*50-330*250<\/td>\n<td style=\"text-align: center;\" width=\"162\">50*50-445*330<\/td>\n<td style=\"text-align: center;\" width=\"154\">50*50-530*390<\/td>\n<\/tr>\n<tr>\n<td style=\"text-align: center;\" width=\"165\">K\u00edch th\u01b0\u1edbc gi\u00e1 \u0111\u1ee1 (mm)<\/td>\n<td style=\"text-align: center;\" width=\"183\">355*320*563<\/td>\n<td style=\"text-align: center;\" width=\"162\">460*400*563<\/td>\n<td style=\"text-align: center;\" width=\"154\">535*460*563<\/td>\n<\/tr>\n<tr>\n<td style=\"text-align: center;\" width=\"165\">H\u1ec7 th\u1ed1ng \u0111i\u1ec1u khi\u1ec3n<\/td>\n<td style=\"text-align: center;\" colspan=\"3\" width=\"499\">PLC<\/td>\n<\/tr>\n<tr>\n<td style=\"text-align: center;\" width=\"165\">Ngu\u1ed3n \u0111i\u1ec7n<\/td>\n<td style=\"text-align: center;\" colspan=\"3\" width=\"499\">1 pha AC 220V 50\/60Hz (T\u00f9y ch\u1ecdn: 110V \u0111\u1ebfn 380V)<\/td>\n<\/tr>\n<tr>\n<td style=\"text-align: center;\" width=\"165\">Weigh<\/td>\n<td style=\"text-align: center;\" width=\"183\">180 kg<\/td>\n<td style=\"text-align: center;\" width=\"162\">240 Kg<\/td>\n<td style=\"text-align: center;\" width=\"154\">300 Kg<\/td>\n<\/tr>\n<\/tbody>\n<\/table>\n<p data-rm-block-id=\"block-37\"><a href=\"https:\/\/www.youtube.com\/@allaismt\" rel=\"nofollow noopener\" target=\"_blank\">https:\/\/www.youtube.com\/@allaismt<\/a><\/p>\n<p data-rm-block-id=\"block-38\">For more information about the 90 Degree Unloader YUL-L1350, please send an email to<\/p>\n<p data-rm-block-id=\"block-39\"><a href=\"mailto:sophia@allaismt.com\"><u>sophia@allaismt.com<\/u><\/a><\/p>\n<p data-rm-block-id=\"block-40\">Ch\u00fang t\u00f4i s\u1ebd ph\u1ea3n h\u1ed3i y\u00eau c\u1ea7u c\u1ee7a b\u1ea1n trong th\u1eddi gian s\u1edbm nh\u1ea5t v\u00e0 cung c\u1ea5p cho b\u1ea1n th\u00f4ng tin chi ti\u1ebft v\u1ec1 c\u00e1c s\u1ea3n ph\u1ea9m v\u00e0 d\u1ecbch v\u1ee5 c\u1ee7a ch\u00fang t\u00f4i.<\/p>","protected":false},"excerpt":{"rendered":"<p>M\u00f4 t\u1ea3: C\u00e1i <strong data-start=\"100\" data-end=\"140\">SMT PCB 90 Degree Unloader YUL-L1350<\/strong> is a high-efficiency PCB handling system designed for SMT production lines. It enables smooth and precise 90-degree transfer of PCBs from one conveyor direction to another, optimizing line layout and workflow. Built with a robust structure and reliable drive system, the YUL-L1350 ensures stable operation while minimizing the risk of board damage. Its compact design allows easy integration into existing SMT lines, improving production efficiency and line flexibility.<\/p>\n<p>S\u1ed1 l\u01b0\u1ee3ng \u0111\u1eb7t h\u00e0ng t\u1ed1i thi\u1ec3u: 1 chi\u1ebfc<\/p>\n<p>Th\u1eddi gian giao h\u00e0ng: 15 ng\u00e0y<\/p>","protected":false},"featured_media":22106,"comment_status":"closed","ping_status":"closed","template":"","meta":[],"etheme_brands":[],"product_brand":[],"product_cat":[144],"product_tag":[],"class_list":{"0":"post-22100","1":"product","2":"type-product","3":"status-publish","4":"has-post-thumbnail","6":"product_cat-pcb-handling-machine","8":"first","9":"instock","10":"shipping-taxable","11":"product-type-simple"},"_links":{"self":[{"href":"https:\/\/esmte.com\/vi\/wp-json\/wp\/v2\/product\/22100","targetHints":{"allow":["GET"]}}],"collection":[{"href":"https:\/\/esmte.com\/vi\/wp-json\/wp\/v2\/product"}],"about":[{"href":"https:\/\/esmte.com\/vi\/wp-json\/wp\/v2\/types\/product"}],"replies":[{"embeddable":true,"href":"https:\/\/esmte.com\/vi\/wp-json\/wp\/v2\/comments?post=22100"}],"version-history":[{"count":1,"href":"https:\/\/esmte.com\/vi\/wp-json\/wp\/v2\/product\/22100\/revisions"}],"predecessor-version":[{"id":22369,"href":"https:\/\/esmte.com\/vi\/wp-json\/wp\/v2\/product\/22100\/revisions\/22369"}],"wp:featuredmedia":[{"embeddable":true,"href":"https:\/\/esmte.com\/vi\/wp-json\/wp\/v2\/media\/22106"}],"wp:attachment":[{"href":"https:\/\/esmte.com\/vi\/wp-json\/wp\/v2\/media?parent=22100"}],"wp:term":[{"taxonomy":"brand","embeddable":true,"href":"https:\/\/esmte.com\/vi\/wp-json\/wp\/v2\/etheme_brands?post=22100"},{"taxonomy":"product_brand","embeddable":true,"href":"https:\/\/esmte.com\/vi\/wp-json\/wp\/v2\/product_brand?post=22100"},{"taxonomy":"product_cat","embeddable":true,"href":"https:\/\/esmte.com\/vi\/wp-json\/wp\/v2\/product_cat?post=22100"},{"taxonomy":"product_tag","embeddable":true,"href":"https:\/\/esmte.com\/vi\/wp-json\/wp\/v2\/product_tag?post=22100"}],"curies":[{"name":"trang web","href":"https:\/\/api.w.org\/{rel}","templated":true}]}}