{"id":22993,"date":"2025-12-11T07:23:27","date_gmt":"2025-12-11T07:23:27","guid":{"rendered":"https:\/\/esmte.com\/?post_type=product&#038;p=22993"},"modified":"2026-01-13T03:12:57","modified_gmt":"2026-01-13T03:12:57","slug":"fixture-cleaning-machine","status":"publish","type":"product","link":"https:\/\/esmte.com\/pt\/products\/fixture-cleaning-machine\/","title":{"rendered":"SMT Fixture Cleaning Machine"},"content":{"rendered":"<h2>Introdu\u00e7\u00e3o<\/h2>\n<p data-start=\"127\" data-end=\"460\">O <strong>SMT<\/strong> <strong>M\u00e1quina de limpeza de acess\u00f3rios<\/strong> \u00c9 uma solu\u00e7\u00e3o automatizada projetada para remover res\u00edduos de fluxo, adesivos, poeira e outros contaminantes de produ\u00e7\u00e3o de diversos dispositivos de fabrica\u00e7\u00e3o. \u00c0 medida que as montagens eletr\u00f4nicas se tornam mais compactas e precisas, manter a limpeza dos dispositivos \u00e9 essencial para processos est\u00e1veis e qualidade consistente do produto.<\/p>\n<p data-start=\"462\" data-end=\"899\">No centro do sistema encontra-se um mecanismo de limpeza por pulveriza\u00e7\u00e3o de alta efici\u00eancia, suportado por um controle preciso de temperatura e press\u00e3o. Ele \u00e9 capaz de limpar paletes de refluxo, suportes de solda por onda, dispositivos de teste ICT\/FCT, gabaritos de revestimento e estruturas de ferramentas em um \u00fanico ciclo. Bicos de pulveriza\u00e7\u00e3o otimizados e um sistema de filtragem em circuito fechado garantem a remo\u00e7\u00e3o completa dos res\u00edduos curados sem danificar as superf\u00edcies dos dispositivos ou alterar a precis\u00e3o dimensional.<\/p>\n<p data-start=\"901\" data-end=\"1235\">Os ciclos de limpeza automatizados substituem o trabalho manual inconsistente, reduzindo a intensidade da m\u00e3o de obra e melhorando a repetibilidade. Os par\u00e2metros program\u00e1veis permitem que os operadores personalizem os modos de limpeza para diferentes tipos de acess\u00f3rios, e o design de filtragem integrado minimiza o uso de produtos qu\u00edmicos, prolonga a vida \u00fatil da solu\u00e7\u00e3o de limpeza e reduz os custos operacionais.<\/p>\n<p data-start=\"1237\" data-end=\"1536\">Com compatibilidade para fluxos de produ\u00e7\u00e3o SMT, THT e PCBA, o <strong>SMT<\/strong> <strong>M\u00e1quina de limpeza de acess\u00f3rios<\/strong> Suporta ambientes de fabrica\u00e7\u00e3o com alta variedade de equipamentos, onde os dispositivos de fixa\u00e7\u00e3o s\u00e3o trocados com frequ\u00eancia. Sua constru\u00e7\u00e3o robusta, acesso facilitado para manuten\u00e7\u00e3o e fun\u00e7\u00f5es de alarme automatizadas garantem confiabilidade a longo prazo para opera\u00e7\u00e3o cont\u00ednua.<\/p>\n<p data-start=\"1538\" data-end=\"1923\">Em geral, o <strong>SMT Fixture Cleaning Machine<\/strong> Aprimora a estabilidade da produ\u00e7\u00e3o, prolonga a vida \u00fatil dos dispositivos de fixa\u00e7\u00e3o e melhora a confiabilidade do produto. Ao fornecer um processo de limpeza controlado, repet\u00edvel e livre de contamina\u00e7\u00e3o, serve como uma solu\u00e7\u00e3o confi\u00e1vel para a fabrica\u00e7\u00e3o de eletr\u00f4nicos avan\u00e7ados em dispositivos m\u00f3veis, eletr\u00f4nicos automotivos, equipamentos m\u00e9dicos e sistemas de controle industrial.<\/p>\n<p data-start=\"1538\" data-end=\"1923\"><img loading=\"lazy\" decoding=\"async\" class=\"alignnone wp-image-22994 aligncenter\" src=\"https:\/\/esmte.com\/wp-content\/uploads\/2025\/12\/11-40.webp\" alt=\"Fixture Cleaning Machine\" width=\"657\" height=\"657\" srcset=\"https:\/\/esmte.com\/wp-content\/uploads\/2025\/12\/11-40.webp 2560w, https:\/\/esmte.com\/wp-content\/uploads\/2025\/12\/11-40-100x100.webp 100w, https:\/\/esmte.com\/wp-content\/uploads\/2025\/12\/11-40-600x600.webp 600w, https:\/\/esmte.com\/wp-content\/uploads\/2025\/12\/11-40-300x300.webp 300w, https:\/\/esmte.com\/wp-content\/uploads\/2025\/12\/11-40-1024x1024.webp 1024w, https:\/\/esmte.com\/wp-content\/uploads\/2025\/12\/11-40-150x150.webp 150w, https:\/\/esmte.com\/wp-content\/uploads\/2025\/12\/11-40-768x768.webp 768w, https:\/\/esmte.com\/wp-content\/uploads\/2025\/12\/11-40-1536x1536.webp 1536w, https:\/\/esmte.com\/wp-content\/uploads\/2025\/12\/11-40-2048x2048.webp 2048w, https:\/\/esmte.com\/wp-content\/uploads\/2025\/12\/11-40-1x1.webp 1w, https:\/\/esmte.com\/wp-content\/uploads\/2025\/12\/11-40-10x10.webp 10w\" sizes=\"auto, (max-width: 657px) 100vw, 657px\" \/><\/p>\n<h2 data-start=\"136\" data-end=\"215\"><strong data-start=\"139\" data-end=\"215\">How the SMT Fixture Cleaning Machine Is Used in Mobile Electronics Factories<\/strong><\/h2>\n<p data-start=\"217\" data-end=\"304\"><strong data-start=\"221\" data-end=\"302\">1. Dispositivos de limpeza para placas-m\u00e3e de smartphones (paletes de solda por refluxo e onda)<\/strong><\/p>\n<p data-start=\"305\" data-end=\"597\">As placas de circuito impresso (PCBs) de smartphones s\u00e3o compactas e densamente povoadas, exigindo ferramentas limpas e livres de contamina\u00e7\u00e3o. A m\u00e1quina de limpeza de dispositivos remove res\u00edduos de fluxo, \u00f3leos e detritos de paletes de solda por refluxo e onda, garantindo qualidade consistente e prevenindo a contamina\u00e7\u00e3o de lotes de produ\u00e7\u00e3o subsequentes.<\/p>\n<p data-start=\"599\" data-end=\"646\"><strong data-start=\"603\" data-end=\"644\">2. Limpeza dos dispositivos de teste ICT e FCT<\/strong><\/p>\n<p data-start=\"647\" data-end=\"966\">A produ\u00e7\u00e3o de eletr\u00f4nicos m\u00f3veis depende fortemente dos testes ICT e FCT. Com o tempo, os dispositivos de teste acumulam poeira, pasta de solda, impress\u00f5es digitais e res\u00edduos que reduzem a confiabilidade do contato da ponta de prova. A limpeza automatizada dos dispositivos restaura a limpeza, melhora a precis\u00e3o dos testes el\u00e9tricos e reduz falsos positivos ou defeitos n\u00e3o detectados.<\/p>\n<p data-start=\"968\" data-end=\"1020\"><strong data-start=\"972\" data-end=\"1018\">3. Limpeza dos componentes de montagem da bateria<\/strong><\/p>\n<p data-start=\"1021\" data-end=\"1300\">Durante a montagem de baterias de smartphones, os dispositivos de fixa\u00e7\u00e3o frequentemente acumulam res\u00edduos de adesivo, part\u00edculas e detritos de n\u00edquel. A m\u00e1quina de limpeza remove eficazmente esses contaminantes, impedindo a entrada de materiais estranhos na \u00e1rea da bateria e melhorando a seguran\u00e7a e a consist\u00eancia da montagem.<\/p>\n<p data-start=\"1302\" data-end=\"1363\"><strong data-start=\"1306\" data-end=\"1361\">4. Limpeza de equipamentos de processo de revestimento e dispensa\u00e7\u00e3o<\/strong><\/p>\n<p data-start=\"1364\" data-end=\"1638\">Os processos de revestimento protetor e aplica\u00e7\u00e3o de adesivo deixam materiais curados nas pe\u00e7as de fixa\u00e7\u00e3o, afetando a precis\u00e3o dimensional e a estabilidade da aplica\u00e7\u00e3o. A M\u00e1quina de Limpeza de Pe\u00e7as de Fixa\u00e7\u00e3o remove res\u00edduos endurecidos e ac\u00famulos para garantir um revestimento preciso e uma aplica\u00e7\u00e3o de adesivo consistente.<\/p>\n<p data-start=\"1640\" data-end=\"1699\"><strong data-start=\"1644\" data-end=\"1697\">5. Dispositivos de limpeza para produ\u00e7\u00e3o de m\u00f3dulos de c\u00e2mera<\/strong><\/p>\n<p data-start=\"1700\" data-end=\"1960\">Os m\u00f3dulos de c\u00e2mera exigem um n\u00edvel de limpeza excepcionalmente alto. A m\u00e1quina de limpeza remove micropart\u00edculas de poeira, res\u00edduos de adesivo e contamina\u00e7\u00e3o por fluxo de solda das estruturas de montagem da c\u00e2mera, garantindo que componentes sens\u00edveis, como lentes e sensores de imagem, permane\u00e7am protegidos e sem defeitos.<\/p>\n<p data-start=\"1962\" data-end=\"2029\"><strong data-start=\"1966\" data-end=\"2027\">6. Apoio \u00e0 produ\u00e7\u00e3o m\u00f3vel de alta variedade e alto rendimento<\/strong><\/p>\n<p data-start=\"2030\" data-end=\"2281\">A fabrica\u00e7\u00e3o de dispositivos m\u00f3veis envolve mudan\u00e7as frequentes de modelo e uso intensivo de dispositivos de fixa\u00e7\u00e3o. A limpeza automatizada desses dispositivos acelera o processo, reduz a m\u00e3o de obra manual e garante uma produ\u00e7\u00e3o est\u00e1vel e cont\u00ednua em linhas de montagem de smartphones de ritmo acelerado.<\/p>\n<p data-start=\"1538\" data-end=\"1923\"><img loading=\"lazy\" decoding=\"async\" class=\"aligncenter wp-image-22995\" src=\"https:\/\/esmte.com\/wp-content\/uploads\/2025\/12\/\u56fe\u72474-scaled.webp\" alt=\"\" width=\"1055\" height=\"831\" srcset=\"https:\/\/esmte.com\/wp-content\/uploads\/2025\/12\/\u56fe\u72474-scaled.webp 2560w, https:\/\/esmte.com\/wp-content\/uploads\/2025\/12\/\u56fe\u72474-scaled-600x473.webp 600w, https:\/\/esmte.com\/wp-content\/uploads\/2025\/12\/\u56fe\u72474-300x236.webp 300w, https:\/\/esmte.com\/wp-content\/uploads\/2025\/12\/\u56fe\u72474-1024x807.webp 1024w, https:\/\/esmte.com\/wp-content\/uploads\/2025\/12\/\u56fe\u72474-768x605.webp 768w, https:\/\/esmte.com\/wp-content\/uploads\/2025\/12\/\u56fe\u72474-1536x1210.webp 1536w, https:\/\/esmte.com\/wp-content\/uploads\/2025\/12\/\u56fe\u72474-2048x1613.webp 2048w, https:\/\/esmte.com\/wp-content\/uploads\/2025\/12\/\u56fe\u72474-1x1.webp 1w, https:\/\/esmte.com\/wp-content\/uploads\/2025\/12\/\u56fe\u72474-10x8.webp 10w\" sizes=\"auto, (max-width: 1055px) 100vw, 1055px\" \/><\/p>\n<h2>Especifica\u00e7\u00f5es<\/h2>\n<table style=\"border-collapse: collapse; width: 924px; height: 356px;\" border=\"0\" width=\"528\" cellspacing=\"0\" cellpadding=\"0\">\n<tbody>\n<tr style=\"height: 15.00pt;\">\n<td class=\"et2\" style=\"height: 15pt; width: 141pt; text-align: center;\" width=\"188\" height=\"20\">Modelo<\/td>\n<td class=\"et3\" style=\"width: 255pt; text-align: center;\" width=\"340\">YFC-5200<\/td>\n<\/tr>\n<tr style=\"height: 15.00pt;\">\n<td class=\"et4\" style=\"height: 15pt; width: 141pt; text-align: center;\" width=\"188\" height=\"20\">Tamanho do cesto de limpeza<\/td>\n<td class=\"et5\" style=\"width: 255pt; text-align: center;\" width=\"340\">\u03a61000mm x A 200mm. Op\u00e7\u00e3o de tamanho especial.<\/td>\n<\/tr>\n<tr style=\"height: 15.00pt;\">\n<td class=\"et4\" style=\"height: 15pt; width: 141pt; text-align: center;\" width=\"188\" height=\"20\">Unidade de pulveriza\u00e7\u00e3o<\/td>\n<td class=\"et5\" style=\"width: 255pt; text-align: center;\" width=\"340\">\u03a61000mm x A 200mm. Op\u00e7\u00e3o de tamanho especial.<\/td>\n<\/tr>\n<tr style=\"height: 15.00pt;\">\n<td class=\"et4\" style=\"height: 15pt; width: 141pt; text-align: center;\" width=\"188\" height=\"20\">Unidade de pulveriza\u00e7\u00e3o<\/td>\n<td class=\"et5\" style=\"width: 255pt; text-align: center;\" width=\"340\">Lado superior\/inferior\/frontal, pulveriza\u00e7\u00e3o em 720\u00b0 em toda a volta<\/td>\n<\/tr>\n<tr style=\"height: 15.00pt;\">\n<td class=\"et4\" style=\"height: 15pt; width: 141pt; text-align: center;\" width=\"188\" height=\"20\">Sistema de filtragem de 3 n\u00edveis<\/td>\n<td class=\"et5\" style=\"width: 255pt; text-align: center;\" width=\"340\">Filtros de 1 mm \/ 50 \u00b5m \/ 20 \u00b5m<\/td>\n<\/tr>\n<tr style=\"height: 15.00pt;\">\n<td class=\"et4\" style=\"height: 15pt; width: 141pt; text-align: center;\" width=\"188\" height=\"20\">Press\u00e3o do ar comprimido<\/td>\n<td class=\"et5\" style=\"width: 255pt; text-align: center;\" width=\"340\">0,5~0,7Mpa<\/td>\n<\/tr>\n<tr style=\"height: 15.00pt;\">\n<td class=\"et4\" style=\"height: 15pt; width: 141pt; text-align: center;\" width=\"188\" height=\"20\">Capacidade do tanque limpo<\/td>\n<td class=\"et5\" style=\"width: 255pt; text-align: center;\" width=\"340\">80L<\/td>\n<\/tr>\n<tr style=\"height: 15.00pt;\">\n<td class=\"et4\" style=\"height: 15pt; width: 141pt; text-align: center;\" width=\"188\" height=\"20\">Temperatura da \u00e1gua de enx\u00e1gue<\/td>\n<td class=\"et5\" style=\"width: 255pt; text-align: center;\" width=\"340\"><span class=\"font1\">Temperatura ambiente ~80<\/span><span class=\"font0\">\u2103<\/span><\/td>\n<\/tr>\n<tr style=\"height: 15.00pt;\">\n<td class=\"et4\" style=\"height: 15pt; width: 141pt; text-align: center;\" width=\"188\" height=\"20\">temperatura do calor do ar quente<\/td>\n<td class=\"et5\" style=\"width: 255pt; text-align: center;\" width=\"340\"><span class=\"font1\">Temperatura ambiente ~32\u00b0C<\/span><span class=\"font0\">\u2103<\/span><\/td>\n<\/tr>\n<tr style=\"height: 15.00pt;\">\n<td class=\"et4\" style=\"height: 15pt; width: 141pt; text-align: center;\" width=\"188\" height=\"20\">Pot\u00eancia limpa da bomba<\/td>\n<td class=\"et5\" style=\"width: 255pt; text-align: center;\" width=\"340\">2,2 kW<\/td>\n<\/tr>\n<tr style=\"height: 15.00pt;\">\n<td class=\"et4\" style=\"height: 15pt; width: 141pt; text-align: center;\" width=\"188\" height=\"20\">Poder de detergente de limpeza<\/td>\n<td class=\"et5\" style=\"width: 255pt; text-align: center;\" width=\"340\">9 kW<\/td>\n<\/tr>\n<tr style=\"height: 15.00pt;\">\n<td class=\"et4\" style=\"height: 15pt; width: 141pt; text-align: center;\" width=\"188\" height=\"20\">Pot\u00eancia do soprador de ar<\/td>\n<td class=\"et5\" style=\"width: 255pt; text-align: center;\" width=\"340\">4,0 kW<\/td>\n<\/tr>\n<tr style=\"height: 15.00pt;\">\n<td class=\"et4\" style=\"height: 15pt; width: 141pt; text-align: center;\" width=\"188\" height=\"20\">Fonte de energia<\/td>\n<td class=\"et5\" style=\"width: 255pt; text-align: center;\" width=\"340\">3 P, CA 380 V, 50\/60 Hz, 33 kW<\/td>\n<\/tr>\n<tr style=\"height: 15.00pt;\">\n<td class=\"et6\" style=\"height: 15pt; width: 141pt; text-align: center;\" width=\"188\" height=\"20\">Tamanho da m\u00e1quina<\/td>\n<td class=\"et7\" style=\"width: 255pt; text-align: center;\" width=\"340\">C1380 x L2100 x A1400 (mm)<\/td>\n<\/tr>\n<\/tbody>\n<\/table>\n<p>&nbsp;<\/p>\n<p><a href=\"https:\/\/www.youtube.com\/@allaismt\" rel=\"nofollow noopener\" target=\"_blank\"><u>https:\/\/www.youtube.com\/@allaismt<\/u><\/a><\/p>\n<p>For more information about the <strong>SMT Fixture Cleaning Machine<\/strong>, Por favor, envie um e-mail para<\/p>\n<p><a href=\"mailto:sophia@allaismt.com\"><u>sophia@allaismt.com<\/u><\/a><\/p>\n<p>Responderemos \u00e0 sua solicita\u00e7\u00e3o prontamente e forneceremos informa\u00e7\u00f5es detalhadas sobre nossos produtos e servi\u00e7os.<\/p>\n<p>&nbsp;<\/p>","protected":false},"excerpt":{"rendered":"<p>Descri\u00e7\u00e3o: O <strong>SMT<\/strong> <strong>M\u00e1quina de limpeza de acess\u00f3rios<\/strong> \u00c9 um sistema de limpeza automatizado projetado para remover res\u00edduos de fluxo, adesivos, poeira e contaminantes de diversos dispositivos de produ\u00e7\u00e3o. Utilizando tecnologia de pulveriza\u00e7\u00e3o de alta press\u00e3o, solventes otimizados e ciclos de limpeza controlados, ele restaura os dispositivos a uma condi\u00e7\u00e3o limpa e pronta para uso. Seu desempenho de limpeza consistente melhora a estabilidade do processo, reduz a m\u00e3o de obra manual e suporta a produ\u00e7\u00e3o de alta qualidade em ambientes de fabrica\u00e7\u00e3o de SMT, THT e PCBA.<\/p>\n<p>Quantidade m\u00ednima para encomenda: 1 unidade<\/p>\n<p>Prazo de entrega: 15 dias<\/p>","protected":false},"featured_media":22996,"comment_status":"closed","ping_status":"closed","template":"","meta":[],"etheme_brands":[],"product_brand":[],"product_cat":[156,157],"product_tag":[],"class_list":{"0":"post-22993","1":"product","2":"type-product","3":"status-publish","4":"has-post-thumbnail","6":"product_cat-pcb-cleaning-machine","7":"product_cat-fixture-cleaning-machine","9":"first","10":"instock","11":"shipping-taxable","12":"product-type-simple"},"_links":{"self":[{"href":"https:\/\/esmte.com\/pt\/wp-json\/wp\/v2\/product\/22993","targetHints":{"allow":["GET"]}}],"collection":[{"href":"https:\/\/esmte.com\/pt\/wp-json\/wp\/v2\/product"}],"about":[{"href":"https:\/\/esmte.com\/pt\/wp-json\/wp\/v2\/types\/product"}],"replies":[{"embeddable":true,"href":"https:\/\/esmte.com\/pt\/wp-json\/wp\/v2\/comments?post=22993"}],"version-history":[{"count":1,"href":"https:\/\/esmte.com\/pt\/wp-json\/wp\/v2\/product\/22993\/revisions"}],"predecessor-version":[{"id":23740,"href":"https:\/\/esmte.com\/pt\/wp-json\/wp\/v2\/product\/22993\/revisions\/23740"}],"wp:featuredmedia":[{"embeddable":true,"href":"https:\/\/esmte.com\/pt\/wp-json\/wp\/v2\/media\/22996"}],"wp:attachment":[{"href":"https:\/\/esmte.com\/pt\/wp-json\/wp\/v2\/media?parent=22993"}],"wp:term":[{"taxonomy":"brand","embeddable":true,"href":"https:\/\/esmte.com\/pt\/wp-json\/wp\/v2\/etheme_brands?post=22993"},{"taxonomy":"product_brand","embeddable":true,"href":"https:\/\/esmte.com\/pt\/wp-json\/wp\/v2\/product_brand?post=22993"},{"taxonomy":"product_cat","embeddable":true,"href":"https:\/\/esmte.com\/pt\/wp-json\/wp\/v2\/product_cat?post=22993"},{"taxonomy":"product_tag","embeddable":true,"href":"https:\/\/esmte.com\/pt\/wp-json\/wp\/v2\/product_tag?post=22993"}],"curies":[{"name":"wp","href":"https:\/\/api.w.org\/{rel}","templated":true}]}}