{"id":22970,"date":"2025-12-11T02:54:36","date_gmt":"2025-12-11T02:54:36","guid":{"rendered":"https:\/\/esmte.com\/?post_type=product&#038;p=22970"},"modified":"2026-01-26T08:44:53","modified_gmt":"2026-01-26T08:44:53","slug":"solder-unloader-for-stable-post-wave-transfer","status":"publish","type":"product","link":"https:\/\/esmte.com\/pt\/products\/solder-unloader-for-stable-post-wave-transfer\/","title":{"rendered":"Descarregador de solda por onda com trilho YUR-460"},"content":{"rendered":"<h2>Introdu\u00e7\u00e3o<\/h2>\n<p data-start=\"162\" data-end=\"497\">O <strong>SMT<\/strong> <strong>Descarregador de solda por onda com trilho YUR-460<\/strong> \u00c9 um sistema automatizado projetado para manusear placas de circuito impresso (PCBs) imediatamente ap\u00f3s a etapa de soldagem por onda. Ele fornece um caminho de transfer\u00eancia est\u00e1vel e sincronizado que move os conjuntos soldados da esteira de sa\u00edda para os processos subsequentes, garantindo um manuseio eficiente em ambientes de produ\u00e7\u00e3o THT de alto volume.<\/p>\n<p data-start=\"499\" data-end=\"845\">No centro da YUR-460 encontra-se um transportador de trilhos de precis\u00e3o com largura ajust\u00e1vel, permitindo uma r\u00e1pida adapta\u00e7\u00e3o a diferentes tamanhos de PCB e suportando a fabrica\u00e7\u00e3o eficiente de modelos mistos. Seu design antiempenamento e movimento com baixa vibra\u00e7\u00e3o ajudam a proteger placas com componentes pesados ou camadas espessas de cobre contra o estresse mec\u00e2nico durante a transfer\u00eancia p\u00f3s-soldagem.<\/p>\n<p data-start=\"847\" data-end=\"1197\">Para melhorar a efici\u00eancia operacional, <strong>YUR-460 SMT Descarregador de Solda por Onda com Trilho <\/strong>Oferece m\u00faltiplas configura\u00e7\u00f5es de descarregamento, como o encaminhamento de PCBs para carregadores de magazine, esta\u00e7\u00f5es de buffer, unidades de inspe\u00e7\u00e3o ou transportadores de resfriamento. Sensores integrados e controle PLC mant\u00eam um fluxo consistente, minimizam gargalos e reduzem a interven\u00e7\u00e3o manual, melhorando a confiabilidade e a utiliza\u00e7\u00e3o da linha.<\/p>\n<p data-start=\"1199\" data-end=\"1576\">Com integra\u00e7\u00e3o perfeita em linhas de soldagem por onda e constru\u00e7\u00e3o dur\u00e1vel para uso a longo prazo, o <strong>YUR-460 SMT Descarregador de Solda por Onda com Trilho<\/strong> Oferece manuseio est\u00e1vel de PCBs para eletr\u00f4nica automotiva, produtos de controle industrial e montagens de eletr\u00f4nicos de consumo. Sua combina\u00e7\u00e3o de precis\u00e3o mec\u00e2nica e controle inteligente de fluxo de trabalho a torna uma ferramenta eficaz para otimizar as opera\u00e7\u00f5es modernas de soldagem THT.<\/p>\n<p data-start=\"1760\" data-end=\"2009\"><img loading=\"lazy\" decoding=\"async\" class=\"aligncenter wp-image-22971\" src=\"https:\/\/esmte.com\/wp-content\/uploads\/2025\/12\/11-38-scaled.webp\" alt=\"SMT Wave Solder Unloader with Rail\" width=\"640\" height=\"640\" srcset=\"https:\/\/esmte.com\/wp-content\/uploads\/2025\/12\/11-38-scaled.webp 2560w, https:\/\/esmte.com\/wp-content\/uploads\/2025\/12\/11-38-scaled-100x100.webp 100w, https:\/\/esmte.com\/wp-content\/uploads\/2025\/12\/11-38-scaled-600x600.webp 600w, https:\/\/esmte.com\/wp-content\/uploads\/2025\/12\/11-38-300x300.webp 300w, https:\/\/esmte.com\/wp-content\/uploads\/2025\/12\/11-38-1024x1024.webp 1024w, https:\/\/esmte.com\/wp-content\/uploads\/2025\/12\/11-38-150x150.webp 150w, https:\/\/esmte.com\/wp-content\/uploads\/2025\/12\/11-38-768x768.webp 768w, https:\/\/esmte.com\/wp-content\/uploads\/2025\/12\/11-38-1536x1536.webp 1536w, https:\/\/esmte.com\/wp-content\/uploads\/2025\/12\/11-38-2048x2048.webp 2048w, https:\/\/esmte.com\/wp-content\/uploads\/2025\/12\/11-38-1x1.webp 1w, https:\/\/esmte.com\/wp-content\/uploads\/2025\/12\/11-38-10x10.webp 10w\" sizes=\"auto, (max-width: 640px) 100vw, 640px\" \/><\/p>\n<h2 data-start=\"119\" data-end=\"230\"><strong data-start=\"122\" data-end=\"230\">Como o descarregador de solda por onda com trilho YUR-460 \u00e9 usado em f\u00e1bricas de eletr\u00f4nicos para dispositivos m\u00f3veis.<\/strong><\/h2>\n<p data-start=\"232\" data-end=\"285\"><strong data-start=\"236\" data-end=\"283\">1. Manuseio cuidadoso para placas de circuito impresso finas de smartphones<\/strong><\/p>\n<p data-start=\"286\" data-end=\"539\">As placas de circuito impresso (PCBs) de dispositivos m\u00f3veis s\u00e3o finas, leves e densamente povoadas. O descarregador de solda por onda YUR-460 utiliza um transportador de trilhos est\u00e1vel para suportar essas placas imediatamente ap\u00f3s a soldagem por onda, evitando curvaturas e vibra\u00e7\u00f5es que poderiam danificar conectores, blindagens ou interfaces THT.<\/p>\n<p data-start=\"541\" data-end=\"590\"><strong data-start=\"545\" data-end=\"588\">2. Transfer\u00eancia est\u00e1vel ap\u00f3s soldagem por onda<\/strong><\/p>\n<p data-start=\"591\" data-end=\"842\">Logo ap\u00f3s a soldagem, as placas ainda est\u00e3o quentes e fr\u00e1geis. O YUR-460 proporciona um caminho de transfer\u00eancia controlado e uniforme para equipamentos subsequentes \u2014 como esteiras de resfriamento, inspe\u00e7\u00e3o \u00f3ptica automatizada (AOI) ou racks de buffer \u2014 garantindo um fluxo suave e consistente sem interven\u00e7\u00e3o manual.<\/p>\n<p data-start=\"844\" data-end=\"903\"><strong data-start=\"848\" data-end=\"901\">3. Ajuste r\u00e1pido para v\u00e1rios tamanhos de PCB para dispositivos m\u00f3veis<\/strong><\/p>\n<p data-start=\"904\" data-end=\"1155\">As f\u00e1bricas de smartphones trabalham com diversos tipos de placas: placas-m\u00e3e, placas de carregamento, m\u00f3dulos de \u00e1udio, placas de antena e PCBs para acess\u00f3rios. A largura ajust\u00e1vel dos trilhos e a capacidade de troca r\u00e1pida do YUR-460 facilitam a adapta\u00e7\u00e3o a diferentes tamanhos e layouts de PCB.<\/p>\n<p data-start=\"1157\" data-end=\"1210\"><strong data-start=\"1161\" data-end=\"1208\">4. Redu\u00e7\u00e3o da m\u00e3o de obra e maior automa\u00e7\u00e3o da linha de produ\u00e7\u00e3o<\/strong><\/p>\n<p data-start=\"1211\" data-end=\"1473\">Ao assumir as tarefas de descarregamento, a YUR-460 reduz a necessidade de operadores no final da linha de soldagem. Seu controle baseado em CLP sincroniza com a m\u00e1quina de solda por onda, mantendo o tempo de ciclo est\u00e1vel e aprimorando a automa\u00e7\u00e3o geral do processo de montagem de placas de circuito impresso (PCBA) m\u00f3vel.<\/p>\n<p data-start=\"1475\" data-end=\"1518\"><strong data-start=\"1479\" data-end=\"1516\">5. Preven\u00e7\u00e3o de defeitos p\u00f3s-soldagem<\/strong><\/p>\n<p data-start=\"1519\" data-end=\"1762\">O sistema de movimento controlado e suporte da placa ajuda a prevenir problemas relacionados ao estresse, como juntas de solda rachadas, pads levantados e deslocamento de componentes \u2014 problemas que s\u00e3o especialmente comuns em placas de smartphones de alta densidade quando manuseadas manualmente.<\/p>\n<p data-start=\"1764\" data-end=\"1834\"><strong data-start=\"1768\" data-end=\"1832\">6. Integra\u00e7\u00e3o perfeita em linhas de montagem de telefones de alta velocidade<\/strong><\/p>\n<p data-start=\"1835\" data-end=\"2085\">Projetada para produ\u00e7\u00e3o cont\u00ednua de alto rendimento, a YUR-460 integra-se facilmente com equipamentos a montante e a jusante. Isso a torna ideal para ambientes de fabrica\u00e7\u00e3o r\u00e1pida de smartphones, onde o fluxo consistente e o tempo de inatividade m\u00ednimo s\u00e3o essenciais.<\/p>\n<p><img loading=\"lazy\" decoding=\"async\" class=\"aligncenter wp-image-22968\" src=\"https:\/\/esmte.com\/wp-content\/uploads\/2025\/12\/\u56fe\u72471_\u526f\u672c.webp\" alt=\"SMT Wave Solder Unloader with Rail YUR-350\" width=\"402\" height=\"473\" srcset=\"https:\/\/esmte.com\/wp-content\/uploads\/2025\/12\/\u56fe\u72471_\u526f\u672c.webp 1438w, https:\/\/esmte.com\/wp-content\/uploads\/2025\/12\/\u56fe\u72471_\u526f\u672c-600x706.webp 600w, https:\/\/esmte.com\/wp-content\/uploads\/2025\/12\/\u56fe\u72471_\u526f\u672c-255x300.webp 255w, https:\/\/esmte.com\/wp-content\/uploads\/2025\/12\/\u56fe\u72471_\u526f\u672c-871x1024.webp 871w, https:\/\/esmte.com\/wp-content\/uploads\/2025\/12\/\u56fe\u72471_\u526f\u672c-768x903.webp 768w, https:\/\/esmte.com\/wp-content\/uploads\/2025\/12\/\u56fe\u72471_\u526f\u672c-1306x1536.webp 1306w, https:\/\/esmte.com\/wp-content\/uploads\/2025\/12\/\u56fe\u72471_\u526f\u672c-1x1.webp 1w\" sizes=\"auto, (max-width: 402px) 100vw, 402px\" \/><\/p>\n<p>&nbsp;<\/p>\n<h2>Especifica\u00e7\u00f5es<\/h2>\n<table style=\"border-collapse: collapse; width: 923px; height: 377px;\" border=\"0\" width=\"595\" cellspacing=\"0\" cellpadding=\"0\">\n<tbody>\n<tr style=\"height: 15.00pt;\">\n<td class=\"et2\" style=\"height: 15pt; width: 102.75pt; text-align: center;\" width=\"137\" height=\"20\">Modelo<\/td>\n<td class=\"et3\" style=\"width: 171.75pt; text-align: center;\" width=\"229\">YUR-350<\/td>\n<td class=\"et4\" style=\"width: 171.75pt; text-align: center;\" width=\"229\">YUR-460<\/td>\n<\/tr>\n<tr style=\"height: 15.00pt;\">\n<td class=\"et2\" style=\"height: 15pt; width: 102.75pt; text-align: center;\" width=\"137\" height=\"20\">Dimens\u00e3o (mm)<\/td>\n<td class=\"et3\" style=\"width: 171.75pt; text-align: center;\" width=\"229\">2200*485*1400mm<\/td>\n<td class=\"et4\" style=\"width: 171.75pt; text-align: center;\" width=\"229\">2200*600*1400mm<\/td>\n<\/tr>\n<tr style=\"height: 15.00pt;\">\n<td class=\"et2\" style=\"height: 15pt; width: 102.75pt; text-align: center;\" width=\"137\" height=\"20\">Tamanho da placa de circuito impresso<\/td>\n<td class=\"et3\" style=\"width: 171.75pt; text-align: center;\" width=\"229\">60*60-450*350mm<\/td>\n<td class=\"et4\" style=\"width: 171.75pt; text-align: center;\" width=\"229\">60*60-450*460mm<\/td>\n<\/tr>\n<tr style=\"height: 15.00pt;\">\n<td class=\"et2\" style=\"height: 15pt; width: 102.75pt; text-align: center;\" width=\"137\" height=\"20\">Peso da placa de circuito impresso<\/td>\n<td class=\"et5\" style=\"width: 343.5pt; border-right: 1pt solid #cccccc; text-align: center;\" colspan=\"2\" width=\"458\">M\u00e1ximo 4,5 kg<\/td>\n<\/tr>\n<tr style=\"height: 15.00pt;\">\n<td class=\"et2\" style=\"height: 15pt; width: 102.75pt; text-align: center;\" width=\"137\" height=\"20\">Velocidade<\/td>\n<td class=\"et5\" style=\"width: 343.5pt; border-right: 1pt solid #cccccc; text-align: center;\" colspan=\"2\" width=\"458\">Ajust\u00e1vel<\/td>\n<\/tr>\n<tr style=\"height: 15.00pt;\">\n<td class=\"et2\" style=\"height: 15pt; width: 102.75pt; text-align: center;\" width=\"137\" height=\"20\">Na altura da prancha<\/td>\n<td class=\"et5\" style=\"width: 343.5pt; border-right: 1pt solid #cccccc; text-align: center;\" colspan=\"2\" width=\"458\">1200\u00b1100mm (ou conforme especificado pelo cliente)<\/td>\n<\/tr>\n<tr style=\"height: 15.00pt;\">\n<td class=\"et2\" style=\"height: 15pt; width: 102.75pt; text-align: center;\" width=\"137\" height=\"20\">Altura externa<\/td>\n<td class=\"et5\" style=\"width: 343.5pt; border-right: 1pt solid #cccccc; text-align: center;\" colspan=\"2\" width=\"458\">800\u00b1100mm (ou conforme especificado pelo cliente)<\/td>\n<\/tr>\n<tr style=\"height: 15.00pt;\">\n<td class=\"et2\" style=\"height: 15pt; width: 102.75pt; text-align: center;\" width=\"137\" height=\"20\">Modo de transporte<\/td>\n<td class=\"et5\" style=\"width: 343.5pt; border-right: 1pt solid #cccccc; text-align: center;\" colspan=\"2\" width=\"458\">Corrente (op\u00e7\u00e3o de correia ESD)<\/td>\n<\/tr>\n<tr style=\"height: 15.00pt;\">\n<td class=\"et2\" style=\"height: 15pt; width: 102.75pt; text-align: center;\" width=\"137\" height=\"20\">Dire\u00e7\u00e3o da PCB<\/td>\n<td class=\"et7\" style=\"border-right: 1pt solid #cccccc; text-align: center;\" colspan=\"2\">Da esquerda para a direita ou da direita para a esquerda.<\/td>\n<\/tr>\n<tr style=\"height: 15.00pt;\">\n<td class=\"et2\" style=\"height: 15pt; width: 102.75pt; text-align: center;\" width=\"137\" height=\"20\">Comunica\u00e7\u00e3o<\/td>\n<td class=\"et5\" style=\"width: 343.5pt; border-right: 1pt solid #cccccc; text-align: center;\" colspan=\"2\" width=\"458\">SMEMA para dentro e para fora<\/td>\n<\/tr>\n<tr style=\"height: 15.00pt;\">\n<td class=\"et2\" style=\"height: 15pt; width: 102.75pt; text-align: center;\" width=\"137\" height=\"20\">Poder<\/td>\n<td class=\"et5\" style=\"width: 343.5pt; border-right: 1pt solid #cccccc; text-align: center;\" colspan=\"2\" width=\"458\">M\u00e1x. 300W<\/td>\n<\/tr>\n<tr style=\"height: 15.00pt;\">\n<td class=\"et2\" style=\"height: 15pt; width: 102.75pt; text-align: center;\" width=\"137\" height=\"20\">Fonte de energia<\/td>\n<td class=\"et5\" style=\"width: 343.5pt; border-right: 1pt solid #cccccc; text-align: center;\" colspan=\"2\" width=\"458\">1 PH AC 220V 50\/60Hz (Op\u00e7\u00e3o: 110V a 380V)<\/td>\n<\/tr>\n<tr style=\"height: 15.00pt;\">\n<td class=\"et9\" style=\"height: 15pt; width: 102.75pt; text-align: center;\" width=\"137\" height=\"20\">Peso<\/td>\n<td class=\"et10\" style=\"width: 171.75pt; text-align: center;\" width=\"229\">80 kg<\/td>\n<td class=\"et11\" style=\"width: 171.75pt; text-align: center;\" width=\"229\">90 kg<\/td>\n<\/tr>\n<\/tbody>\n<\/table>\n<p>&nbsp;<\/p>\n<p><a href=\"https:\/\/www.youtube.com\/@allaismt\" rel=\"nofollow noopener\" target=\"_blank\"><u>https:\/\/www.youtube.com\/@allaismt<\/u><\/a><\/p>\n<p>For more information about the <strong>Descarregador de Solda por Onda SMT com Trilho YUR-460<\/strong>, Por favor, envie um e-mail para<\/p>\n<p><a href=\"mailto:sophia@allaismt.com\"><u>sophia@allaismt.com<\/u><\/a><\/p>\n<p>Responderemos \u00e0 sua solicita\u00e7\u00e3o prontamente e forneceremos informa\u00e7\u00f5es detalhadas sobre nossos produtos e servi\u00e7os.<\/p>\n<p>&nbsp;<\/p>","protected":false},"excerpt":{"rendered":"<p>Descri\u00e7\u00e3o: O <strong>YUR-460 SMT Descarregador de Solda por Onda com Trilho <\/strong>Proporciona uma transfer\u00eancia suave e controlada de PCBs ap\u00f3s a soldagem por onda, sendo ideal para as placas delicadas e compactas usadas em eletr\u00f4nicos m\u00f3veis. Seu transportador guiado por trilhos estabiliza PCBs finas de smartphones, evita curvaturas e minimiza a vibra\u00e7\u00e3o durante o descarregamento. Com configura\u00e7\u00f5es de largura ajust\u00e1veis e capacidade de troca r\u00e1pida, suporta diversos tipos de placas de celular, garantindo um fluxo consistente e reduzindo o manuseio manual em linhas de produ\u00e7\u00e3o de dispositivos m\u00f3veis de alta velocidade.<\/p>\n<p>Quantidade m\u00ednima para encomenda: 1 unidade<\/p>\n<p>Prazo de entrega: 15 dias<\/p>","protected":false},"featured_media":22972,"comment_status":"closed","ping_status":"closed","template":"","meta":[],"etheme_brands":[],"product_brand":[],"product_cat":[151,153],"product_tag":[],"class_list":{"0":"post-22970","1":"product","2":"type-product","3":"status-publish","4":"has-post-thumbnail","6":"product_cat-pcb-soldering-equipment","7":"product_cat-wave-soldering-machine","9":"first","10":"instock","11":"shipping-taxable","12":"product-type-simple"},"_links":{"self":[{"href":"https:\/\/esmte.com\/pt\/wp-json\/wp\/v2\/product\/22970","targetHints":{"allow":["GET"]}}],"collection":[{"href":"https:\/\/esmte.com\/pt\/wp-json\/wp\/v2\/product"}],"about":[{"href":"https:\/\/esmte.com\/pt\/wp-json\/wp\/v2\/types\/product"}],"replies":[{"embeddable":true,"href":"https:\/\/esmte.com\/pt\/wp-json\/wp\/v2\/comments?post=22970"}],"version-history":[{"count":1,"href":"https:\/\/esmte.com\/pt\/wp-json\/wp\/v2\/product\/22970\/revisions"}],"predecessor-version":[{"id":24202,"href":"https:\/\/esmte.com\/pt\/wp-json\/wp\/v2\/product\/22970\/revisions\/24202"}],"wp:featuredmedia":[{"embeddable":true,"href":"https:\/\/esmte.com\/pt\/wp-json\/wp\/v2\/media\/22972"}],"wp:attachment":[{"href":"https:\/\/esmte.com\/pt\/wp-json\/wp\/v2\/media?parent=22970"}],"wp:term":[{"taxonomy":"brand","embeddable":true,"href":"https:\/\/esmte.com\/pt\/wp-json\/wp\/v2\/etheme_brands?post=22970"},{"taxonomy":"product_brand","embeddable":true,"href":"https:\/\/esmte.com\/pt\/wp-json\/wp\/v2\/product_brand?post=22970"},{"taxonomy":"product_cat","embeddable":true,"href":"https:\/\/esmte.com\/pt\/wp-json\/wp\/v2\/product_cat?post=22970"},{"taxonomy":"product_tag","embeddable":true,"href":"https:\/\/esmte.com\/pt\/wp-json\/wp\/v2\/product_tag?post=22970"}],"curies":[{"name":"wp","href":"https:\/\/api.w.org\/{rel}","templated":true}]}}