{"id":22960,"date":"2025-12-10T09:45:18","date_gmt":"2025-12-10T09:45:18","guid":{"rendered":"https:\/\/esmte.com\/?post_type=product&#038;p=22960"},"modified":"2026-01-13T03:29:59","modified_gmt":"2026-01-13T03:29:59","slug":"soldering-machine-yf-500-automation-quality","status":"publish","type":"product","link":"https:\/\/esmte.com\/pt\/products\/soldering-machine-yf-500-automation-quality\/","title":{"rendered":"SMT Selective Wave Soldering Machine YF-500"},"content":{"rendered":"<h2>Introdu\u00e7\u00e3o<\/h2>\n<p data-start=\"209\" data-end=\"545\">O <strong data-start=\"213\" data-end=\"223\">YF\u2011500 M\u00e1quina de Soldagem Seletiva por Onda SMT<\/strong> \u00c9 uma m\u00e1quina de soldagem por onda seletiva avan\u00e7ada, projetada para linhas de montagem de PCBs modernas, especialmente para componentes mistos SMT e PTH (through-hole). Ao contr\u00e1rio da soldagem por onda tradicional, ela direciona a soldagem com precis\u00e3o para as \u00e1reas espec\u00edficas, reduzindo o estresse t\u00e9rmico em componentes sens\u00edveis e evitando o aquecimento desnecess\u00e1rio de toda a placa.<\/p>\n<p data-start=\"547\" data-end=\"862\">Equipada com unidades modulares de fluxo, pr\u00e9-aquecimento e onda de solda, a<strong data-start=\"213\" data-end=\"223\"> M\u00e1quina de Soldagem Seletiva por Onda SMT YF-500\uff081\uff09<\/strong> <strong>YF\u2011500<\/strong> Garante qualidade de solda consistente, excelente molhagem e controle preciso do volume e da temperatura da solda. Seu design flex\u00edvel acomoda diversos tamanhos e espessuras de PCBs, suportando placas complexas, de dupla face e multicamadas.<\/p>\n<p data-start=\"864\" data-end=\"1301\">Ao combinar alta efici\u00eancia, automa\u00e7\u00e3o e precis\u00e3o, o <strong data-start=\"213\" data-end=\"223\">YF\u2011500 M\u00e1quina de Soldagem Seletiva por Onda SMT<\/strong> Aumenta a produtividade, reduz defeitos e mant\u00e9m um desempenho confi\u00e1vel para aplica\u00e7\u00f5es de alta confiabilidade, como eletr\u00f4nica automotiva, sistemas de controle industrial e dispositivos de comunica\u00e7\u00e3o. Seu tamanho compacto e interface amig\u00e1vel o tornam a escolha ideal para ambientes modernos de fabrica\u00e7\u00e3o eletr\u00f4nica que buscam qualidade e produtividade.<\/p>\n<p data-start=\"864\" data-end=\"1301\"><img loading=\"lazy\" decoding=\"async\" class=\"aligncenter wp-image-22955\" src=\"https:\/\/esmte.com\/wp-content\/uploads\/2025\/12\/11-36.webp\" alt=\"SMT Selective Wave Soldering Machine\" width=\"563\" height=\"562\" srcset=\"https:\/\/esmte.com\/wp-content\/uploads\/2025\/12\/11-36.webp 2561w, https:\/\/esmte.com\/wp-content\/uploads\/2025\/12\/11-36-100x100.webp 100w, https:\/\/esmte.com\/wp-content\/uploads\/2025\/12\/11-36-600x599.webp 600w, https:\/\/esmte.com\/wp-content\/uploads\/2025\/12\/11-36-300x300.webp 300w, https:\/\/esmte.com\/wp-content\/uploads\/2025\/12\/11-36-1024x1024.webp 1024w, https:\/\/esmte.com\/wp-content\/uploads\/2025\/12\/11-36-150x150.webp 150w, https:\/\/esmte.com\/wp-content\/uploads\/2025\/12\/11-36-768x767.webp 768w, https:\/\/esmte.com\/wp-content\/uploads\/2025\/12\/11-36-1536x1534.webp 1536w, https:\/\/esmte.com\/wp-content\/uploads\/2025\/12\/11-36-2048x2046.webp 2048w, https:\/\/esmte.com\/wp-content\/uploads\/2025\/12\/11-36-1x1.webp 1w, https:\/\/esmte.com\/wp-content\/uploads\/2025\/12\/11-36-10x10.webp 10w\" sizes=\"auto, (max-width: 563px) 100vw, 563px\" \/><\/p>\n<h2 data-start=\"92\" data-end=\"185\">Como a m\u00e1quina de solda por onda seletiva YF-500 \u00e9 utilizada em f\u00e1bricas de eletr\u00f4nicos modernas<\/h2>\n<p data-start=\"187\" data-end=\"363\">O <strong data-start=\"191\" data-end=\"201\">YF\u2011500<\/strong> Est\u00e1 amplamente integrada nas linhas de produ\u00e7\u00e3o eletr\u00f4nicas modernas para fornecer soldagem precisa, eficiente e automatizada para PCBs mistos SMT e through-hole (PTH).<\/p>\n<p data-start=\"365\" data-end=\"514\"><strong data-start=\"365\" data-end=\"384\">1. Prepara\u00e7\u00e3o:<\/strong><br data-start=\"384\" data-end=\"387\" \/>As placas de circuito impresso s\u00e3o limpas e pr\u00e9-aquecidas para garantir uma superf\u00edcie adequada. Os componentes PTH s\u00e3o posicionados e fixados para uma soldagem precisa.<\/p>\n<p data-start=\"516\" data-end=\"543\"><strong data-start=\"516\" data-end=\"541\">2. Processo de soldagem:<\/strong><\/p>\n<ul data-start=\"544\" data-end=\"924\">\n<li data-start=\"544\" data-end=\"678\">\n<p data-start=\"546\" data-end=\"678\"><strong data-start=\"546\" data-end=\"567\">Aplica\u00e7\u00e3o Flux:<\/strong> A m\u00e1quina aplica o fluxo com precis\u00e3o apenas nas \u00e1reas necess\u00e1rias, minimizando o desperd\u00edcio e garantindo uma umidifica\u00e7\u00e3o uniforme.<\/p>\n<\/li>\n<li data-start=\"679\" data-end=\"797\">\n<p data-start=\"681\" data-end=\"797\"><strong data-start=\"681\" data-end=\"696\">Pr\u00e9-aquecimento:<\/strong> O pr\u00e9-aquecimento modular eleva suavemente a temperatura da placa de circuito impresso (PCB), reduzindo o estresse t\u00e9rmico em componentes sens\u00edveis.<\/p>\n<\/li>\n<li data-start=\"798\" data-end=\"924\">\n<p data-start=\"800\" data-end=\"924\"><strong data-start=\"800\" data-end=\"829\">Soldagem por onda seletiva:<\/strong> Apenas as \u00e1reas designadas s\u00e3o soldadas, permitindo a montagem precisa de placas de alta densidade.<\/p>\n<\/li>\n<\/ul>\n<p data-start=\"926\" data-end=\"1124\"><strong data-start=\"926\" data-end=\"949\">3. Controle de Qualidade:<\/strong><br data-start=\"949\" data-end=\"952\" \/>O monitoramento em tempo real da temperatura, do fluxo de solda e da posi\u00e7\u00e3o da placa de circuito impresso garante juntas de solda uniformes e confi\u00e1veis. A detec\u00e7\u00e3o autom\u00e1tica de defeitos reduz o risco de soldagem inadequada.<\/p>\n<p data-start=\"1126\" data-end=\"1157\"><strong data-start=\"1126\" data-end=\"1155\">4. Vantagens de produ\u00e7\u00e3o:<\/strong><\/p>\n<ul data-start=\"1158\" data-end=\"1316\">\n<li data-start=\"1158\" data-end=\"1214\">\n<p data-start=\"1160\" data-end=\"1214\">Processa PCBs complexos, de dupla face e multicamadas.<\/p>\n<\/li>\n<li data-start=\"1215\" data-end=\"1265\">\n<p data-start=\"1217\" data-end=\"1265\">Aumenta a produtividade e reduz o trabalho manual.<\/p>\n<\/li>\n<li data-start=\"1266\" data-end=\"1316\">\n<p data-start=\"1268\" data-end=\"1316\">Minimiza danos aos componentes e estresse t\u00e9rmico.<\/p>\n<\/li>\n<\/ul>\n<p data-start=\"1318\" data-end=\"1601\"><strong data-start=\"1318\" data-end=\"1345\">5. Integra\u00e7\u00e3o de f\u00e1brica:<\/strong><br data-start=\"1345\" data-end=\"1348\" \/>O YF-500 pode se conectar perfeitamente com esteiras transportadoras, esta\u00e7\u00f5es de teste e equipamentos de montagem automatizados, suportando aplica\u00e7\u00f5es de alta confiabilidade, como eletr\u00f4nica automotiva, sistemas de controle industrial, dispositivos de comunica\u00e7\u00e3o e eletr\u00f4nicos de consumo.<\/p>\n<p data-start=\"1318\" data-end=\"1601\"><img loading=\"lazy\" decoding=\"async\" class=\"alignnone wp-image-22957 aligncenter\" src=\"https:\/\/esmte.com\/wp-content\/uploads\/2025\/12\/1-2-scaled.webp\" alt=\"\" width=\"713\" height=\"299\" srcset=\"https:\/\/esmte.com\/wp-content\/uploads\/2025\/12\/1-2-scaled.webp 2560w, https:\/\/esmte.com\/wp-content\/uploads\/2025\/12\/1-2-scaled-600x251.webp 600w, https:\/\/esmte.com\/wp-content\/uploads\/2025\/12\/1-2-300x126.webp 300w, https:\/\/esmte.com\/wp-content\/uploads\/2025\/12\/1-2-1024x429.webp 1024w, https:\/\/esmte.com\/wp-content\/uploads\/2025\/12\/1-2-768x322.webp 768w, https:\/\/esmte.com\/wp-content\/uploads\/2025\/12\/1-2-1536x644.webp 1536w, https:\/\/esmte.com\/wp-content\/uploads\/2025\/12\/1-2-2048x858.webp 2048w, https:\/\/esmte.com\/wp-content\/uploads\/2025\/12\/1-2-1x1.webp 1w, https:\/\/esmte.com\/wp-content\/uploads\/2025\/12\/1-2-10x4.webp 10w\" sizes=\"auto, (max-width: 713px) 100vw, 713px\" \/><\/p>\n<h2>Especifica\u00e7\u00f5es<\/h2>\n<table style=\"border-collapse: collapse; width: 926px; height: 269px;\" border=\"0\" width=\"480\" cellspacing=\"0\" cellpadding=\"0\">\n<tbody>\n<tr style=\"height: 15.00pt;\">\n<td class=\"et2\" style=\"height: 15pt; width: 132.75pt; text-align: center;\" width=\"177\" height=\"20\">Modelo<\/td>\n<td class=\"et3\" style=\"width: 227.25pt; text-align: center;\" width=\"303\">YF-500<\/td>\n<\/tr>\n<tr style=\"height: 15.00pt;\">\n<td class=\"et4\" style=\"height: 15pt; width: 132.75pt; text-align: center;\" width=\"177\" height=\"20\">Tamanho da placa de circuito impresso<\/td>\n<td class=\"et5\" style=\"width: 227.25pt; text-align: center;\" width=\"303\">120*60~500*500mm (com fixa\u00e7\u00e3o)<\/td>\n<\/tr>\n<tr style=\"height: 15.00pt;\">\n<td class=\"et4\" style=\"height: 15pt; width: 132.75pt; text-align: center;\" width=\"177\" height=\"20\">Espessura da placa de circuito impresso<\/td>\n<td class=\"et5\" style=\"width: 227.25pt; text-align: center;\" width=\"303\">0,5~6mm<\/td>\n<\/tr>\n<tr style=\"height: 15.00pt;\">\n<td class=\"et4\" style=\"height: 15pt; width: 132.75pt; text-align: center;\" width=\"177\" height=\"20\">Peso da placa de circuito impresso<\/td>\n<td class=\"et5\" style=\"width: 227.25pt; text-align: center;\" width=\"303\">M\u00e1x. 15 kg<\/td>\n<\/tr>\n<tr style=\"height: 15.00pt;\">\n<td class=\"et4\" style=\"height: 15pt; width: 132.75pt; text-align: center;\" width=\"177\" height=\"20\">Borda do processo PCB<\/td>\n<td class=\"et5\" style=\"width: 227.25pt; text-align: center;\" width=\"303\">\u22655mm<\/td>\n<\/tr>\n<tr style=\"height: 15.00pt;\">\n<td class=\"et4\" style=\"height: 15pt; width: 132.75pt; text-align: center;\" width=\"177\" height=\"20\">Altura de transporte da placa de circuito impresso<\/td>\n<td class=\"et5\" style=\"width: 227.25pt; text-align: center;\" width=\"303\">900\u00b120mm<\/td>\n<\/tr>\n<tr style=\"height: 15.00pt;\">\n<td class=\"et4\" style=\"height: 15pt; width: 132.75pt; text-align: center;\" width=\"177\" height=\"20\">M\u00e9todo de transporte de PCB<\/td>\n<td class=\"et5\" style=\"width: 227.25pt; text-align: center;\" width=\"303\">Rolos<\/td>\n<\/tr>\n<tr style=\"height: 15.00pt;\">\n<td class=\"et4\" style=\"height: 15pt; width: 132.75pt; text-align: center;\" width=\"177\" height=\"20\">Dimens\u00e3o<\/td>\n<td class=\"et5\" style=\"width: 227.25pt; text-align: center;\" width=\"303\">916*1455*1500mm<\/td>\n<\/tr>\n<tr style=\"height: 15.00pt;\">\n<td class=\"et6\" style=\"height: 15pt; width: 132.75pt; text-align: center;\" width=\"177\" height=\"20\">Peso<\/td>\n<td class=\"et7\" style=\"width: 227.25pt; text-align: center;\" width=\"303\">500 kg<\/td>\n<\/tr>\n<\/tbody>\n<\/table>\n<p>&nbsp;<\/p>\n<p><a href=\"https:\/\/www.youtube.com\/@allaismt\" rel=\"nofollow noopener\" target=\"_blank\"><u>https:\/\/www.youtube.com\/@allaismt<\/u><\/a><\/p>\n<p>For more information about the<strong> SMT Selective Wave Soldering Machine YF-500<\/strong>, Por favor, envie um e-mail para<\/p>\n<p><a href=\"mailto:sophia@allaismt.com\"><u>sophia@allaismt.com<\/u><\/a><\/p>\n<p>Responderemos \u00e0 sua solicita\u00e7\u00e3o prontamente e forneceremos informa\u00e7\u00f5es detalhadas sobre nossos produtos e servi\u00e7os.<\/p>\n<p>&nbsp;<\/p>","protected":false},"excerpt":{"rendered":"<p>Descri\u00e7\u00e3o: O <strong>YF\u2011500 M\u00e1quina de Soldagem Seletiva por Onda SMT<\/strong> A YF-500 \u00e9 uma m\u00e1quina de solda por onda seletiva de alta precis\u00e3o, projetada para montagem de placas de circuito impresso (PCBs) mistas, com componentes SMT e PTH (through-hole). Ela proporciona soldagem precisa e consistente, minimizando o estresse t\u00e9rmico em componentes sens\u00edveis. Com m\u00f3dulos modulares de fluxo, pr\u00e9-aquecimento e onda de solda, garante controle preciso do volume e da temperatura da solda em placas densas ou complexas. A YF-500 aumenta a efici\u00eancia da produ\u00e7\u00e3o, reduz defeitos e suporta tamanhos flex\u00edveis de PCBs, sendo ideal para eletr\u00f4nica automotiva, controle industrial e dispositivos de comunica\u00e7\u00e3o de alta confiabilidade.<\/p>\n<p>Quantidade m\u00ednima para encomenda: 1 unidade<\/p>\n<p>Prazo de entrega: 15 dias<\/p>","protected":false},"featured_media":22962,"comment_status":"closed","ping_status":"closed","template":"","meta":[],"etheme_brands":[],"product_brand":[],"product_cat":[153,151],"product_tag":[],"class_list":{"0":"post-22960","1":"product","2":"type-product","3":"status-publish","4":"has-post-thumbnail","6":"product_cat-wave-soldering-machine","7":"product_cat-pcb-soldering-equipment","9":"first","10":"instock","11":"shipping-taxable","12":"product-type-simple"},"_links":{"self":[{"href":"https:\/\/esmte.com\/pt\/wp-json\/wp\/v2\/product\/22960","targetHints":{"allow":["GET"]}}],"collection":[{"href":"https:\/\/esmte.com\/pt\/wp-json\/wp\/v2\/product"}],"about":[{"href":"https:\/\/esmte.com\/pt\/wp-json\/wp\/v2\/types\/product"}],"replies":[{"embeddable":true,"href":"https:\/\/esmte.com\/pt\/wp-json\/wp\/v2\/comments?post=22960"}],"version-history":[{"count":1,"href":"https:\/\/esmte.com\/pt\/wp-json\/wp\/v2\/product\/22960\/revisions"}],"predecessor-version":[{"id":23746,"href":"https:\/\/esmte.com\/pt\/wp-json\/wp\/v2\/product\/22960\/revisions\/23746"}],"wp:featuredmedia":[{"embeddable":true,"href":"https:\/\/esmte.com\/pt\/wp-json\/wp\/v2\/media\/22962"}],"wp:attachment":[{"href":"https:\/\/esmte.com\/pt\/wp-json\/wp\/v2\/media?parent=22960"}],"wp:term":[{"taxonomy":"brand","embeddable":true,"href":"https:\/\/esmte.com\/pt\/wp-json\/wp\/v2\/etheme_brands?post=22960"},{"taxonomy":"product_brand","embeddable":true,"href":"https:\/\/esmte.com\/pt\/wp-json\/wp\/v2\/product_brand?post=22960"},{"taxonomy":"product_cat","embeddable":true,"href":"https:\/\/esmte.com\/pt\/wp-json\/wp\/v2\/product_cat?post=22960"},{"taxonomy":"product_tag","embeddable":true,"href":"https:\/\/esmte.com\/pt\/wp-json\/wp\/v2\/product_tag?post=22960"}],"curies":[{"name":"wp","href":"https:\/\/api.w.org\/{rel}","templated":true}]}}