{"id":22911,"date":"2025-12-10T02:07:01","date_gmt":"2025-12-10T02:07:01","guid":{"rendered":"https:\/\/esmte.com\/?post_type=product&#038;p=22911"},"modified":"2026-01-13T08:18:37","modified_gmt":"2026-01-13T08:18:37","slug":"efficient-solution-shape-machine","status":"publish","type":"product","link":"https:\/\/esmte.com\/pt\/products\/efficient-solution-shape-machine\/","title":{"rendered":"M\u00e1quina autom\u00e1tica de modelagem por resist\u00eancia YRS-600"},"content":{"rendered":"<h2>Introdu\u00e7\u00e3o<\/h2>\n<p data-start=\"153\" data-end=\"459\">O <strong>M\u00e1quina autom\u00e1tica de modelagem por resist\u00eancia YRS-600<\/strong> \u00c9 projetada para a conforma\u00e7\u00e3o de terminais de alta precis\u00e3o de resistores de montagem em furo na fabrica\u00e7\u00e3o de eletr\u00f4nicos modernos. Ela automatiza os processos de corte, dobra e modelagem para fornecer geometria de componentes consistente, garantindo inser\u00e7\u00e3o suave e maior precis\u00e3o na montagem.<\/p>\n<p data-start=\"461\" data-end=\"820\">Em ambientes de produ\u00e7\u00e3o, a YRS-600 substitui a conforma\u00e7\u00e3o manual por automa\u00e7\u00e3o est\u00e1vel e de alta velocidade, reduzindo significativamente a carga de trabalho e minimizando a varia\u00e7\u00e3o dimensional. Essa padroniza\u00e7\u00e3o aprimora a qualidade das opera\u00e7\u00f5es subsequentes, principalmente a soldagem por onda e a soldagem seletiva, onde o formato correto dos terminais \u00e9 fundamental para juntas de solda confi\u00e1veis.<\/p>\n<p data-start=\"822\" data-end=\"1161\">Projetado para opera\u00e7\u00e3o cont\u00ednua, o <strong>M\u00e1quina autom\u00e1tica de modelagem por resist\u00eancia YRS-600<\/strong> Apresenta uma estrutura mec\u00e2nica dur\u00e1vel e um sistema de alimenta\u00e7\u00e3o eficiente, adequado para a fabrica\u00e7\u00e3o de PCBA em grande volume. Sua consist\u00eancia e repetibilidade o tornam uma ferramenta essencial para fornecedores de servi\u00e7os de manufatura eletr\u00f4nica (EMS), f\u00e1bricas de eletr\u00f4nicos de consumo, eletr\u00f4nica automotiva e fabricantes de produtos de controle de energia.<\/p>\n<p data-start=\"1163\" data-end=\"1457\">Ao fornecer uma prepara\u00e7\u00e3o uniforme de resistores, o <strong>M\u00e1quina autom\u00e1tica de modelagem por resist\u00eancia YRS-600<\/strong> A tecnologia oferece suporte \u00e0 produ\u00e7\u00e3o enxuta, reduz o retrabalho e estabiliza todo o fluxo de trabalho de montagem THT. \u00c9 uma solu\u00e7\u00e3o confi\u00e1vel para f\u00e1bricas que buscam melhorar a efici\u00eancia e manter altos padr\u00f5es de qualidade no processamento em massa de componentes eletr\u00f4nicos.<\/p>\n<p data-start=\"1163\" data-end=\"1457\"><img loading=\"lazy\" decoding=\"async\" class=\"alignnone wp-image-22905 aligncenter\" src=\"https:\/\/esmte.com\/wp-content\/uploads\/2025\/12\/22-1.webp\" alt=\"Automatic Resistance Shape Machine\" width=\"651\" height=\"650\" srcset=\"https:\/\/esmte.com\/wp-content\/uploads\/2025\/12\/22-1.webp 2561w, https:\/\/esmte.com\/wp-content\/uploads\/2025\/12\/22-1-100x100.webp 100w, https:\/\/esmte.com\/wp-content\/uploads\/2025\/12\/22-1-600x599.webp 600w, https:\/\/esmte.com\/wp-content\/uploads\/2025\/12\/22-1-300x300.webp 300w, https:\/\/esmte.com\/wp-content\/uploads\/2025\/12\/22-1-1024x1024.webp 1024w, https:\/\/esmte.com\/wp-content\/uploads\/2025\/12\/22-1-150x150.webp 150w, https:\/\/esmte.com\/wp-content\/uploads\/2025\/12\/22-1-768x767.webp 768w, https:\/\/esmte.com\/wp-content\/uploads\/2025\/12\/22-1-1536x1534.webp 1536w, https:\/\/esmte.com\/wp-content\/uploads\/2025\/12\/22-1-2048x2046.webp 2048w, https:\/\/esmte.com\/wp-content\/uploads\/2025\/12\/22-1-1x1.webp 1w, https:\/\/esmte.com\/wp-content\/uploads\/2025\/12\/22-1-10x10.webp 10w\" sizes=\"auto, (max-width: 651px) 100vw, 651px\" \/><\/p>\n<h2 data-start=\"103\" data-end=\"193\"><strong data-start=\"106\" data-end=\"193\">Como a m\u00e1quina autom\u00e1tica de conforma\u00e7\u00e3o por resist\u00eancia YRS-600 \u00e9 utilizada em f\u00e1bricas de eletr\u00f4nicos<\/strong><\/h2>\n<ol data-start=\"195\" data-end=\"2008\">\n<li data-start=\"195\" data-end=\"455\">\n<p data-start=\"198\" data-end=\"455\"><strong data-start=\"198\" data-end=\"233\">Pr\u00e9-processamento de resistores THT<\/strong><br data-start=\"233\" data-end=\"236\" \/>A YRS-600 \u00e9 instalada na \u00e1rea de prepara\u00e7\u00e3o de componentes para formar, cortar e dobrar automaticamente os terminais dos resistores antes de entrarem na linha de montagem. Isso garante dimens\u00f5es uniformes para opera\u00e7\u00f5es subsequentes eficientes.<\/p>\n<\/li>\n<li data-start=\"457\" data-end=\"691\">\n<p data-start=\"460\" data-end=\"691\"><strong data-start=\"460\" data-end=\"504\">Suporte para inser\u00e7\u00e3o manual ou autom\u00e1tica<\/strong><br data-start=\"504\" data-end=\"507\" \/>Ao fornecer resistores com comprimento de terminal e \u00e2ngulo de curvatura consistentes, a m\u00e1quina permite uma inser\u00e7\u00e3o suave em placas de circuito impresso (PCBs), seja realizada por operadores ou por equipamentos de inser\u00e7\u00e3o automatizados.<\/p>\n<\/li>\n<li data-start=\"693\" data-end=\"910\">\n<p data-start=\"696\" data-end=\"910\"><strong data-start=\"696\" data-end=\"732\">Aprimorando a qualidade da soldagem por onda<\/strong><br data-start=\"732\" data-end=\"735\" \/>Resistores com formato uniforme reduzem os riscos de desalinhamento, solda insuficiente, curto-circuito ou inclina\u00e7\u00e3o durante a soldagem por onda. Isso melhora a confiabilidade da junta e minimiza a necessidade de retrabalho.<\/p>\n<\/li>\n<li data-start=\"912\" data-end=\"1133\">\n<p data-start=\"915\" data-end=\"1133\"><strong data-start=\"915\" data-end=\"963\">Prepara\u00e7\u00e3o de componentes para soldagem seletiva<\/strong><br data-start=\"963\" data-end=\"966\" \/>A m\u00e1quina produz terminais com formato preciso que se encaixam perfeitamente nas restri\u00e7\u00f5es de projeto de soldagem seletiva, garantindo posicionamento est\u00e1vel e resultados de solda consistentes.<\/p>\n<\/li>\n<li data-start=\"1135\" data-end=\"1361\">\n<p data-start=\"1138\" data-end=\"1361\"><strong data-start=\"1138\" data-end=\"1182\">Aumentando a produtividade na produ\u00e7\u00e3o em massa<\/strong><br data-start=\"1182\" data-end=\"1185\" \/>Com alimenta\u00e7\u00e3o automatizada e conforma\u00e7\u00e3o de alta velocidade, a YRS-600 processa grandes lotes de resistores, reduzindo o trabalho manual e aumentando significativamente a produtividade geral da f\u00e1brica.<\/p>\n<\/li>\n<li data-start=\"1363\" data-end=\"1580\">\n<p data-start=\"1366\" data-end=\"1580\"><strong data-start=\"1366\" data-end=\"1405\">Controle de Qualidade e Padroniza\u00e7\u00e3o<\/strong><br data-start=\"1405\" data-end=\"1408\" \/>O uso do YRS-600 garante que todos os terminais dos resistores atendam aos padr\u00f5es de f\u00e1brica em rela\u00e7\u00e3o a comprimento, formato e simetria, assegurando qualidade consistente em diferentes lotes de produ\u00e7\u00e3o.<\/p>\n<\/li>\n<li data-start=\"1582\" data-end=\"1811\">\n<p data-start=\"1585\" data-end=\"1811\"><strong data-start=\"1585\" data-end=\"1630\">Reduzindo a fadiga do operador e o erro humano<\/strong><br data-start=\"1630\" data-end=\"1633\" \/>Ao eliminar as tarefas manuais de dobra e corte, a m\u00e1quina reduz o trabalho repetitivo, diminui as taxas de erro e aumenta a seguran\u00e7a operacional no processo de prepara\u00e7\u00e3o de componentes.<\/p>\n<\/li>\n<li data-start=\"1813\" data-end=\"2008\">\n<p data-start=\"1816\" data-end=\"2008\"><strong data-start=\"1816\" data-end=\"1859\">Apoio aos processos de manufatura enxuta<\/strong><br data-start=\"1859\" data-end=\"1862\" \/>A m\u00e1quina estabiliza a prepara\u00e7\u00e3o de componentes a montante, permitindo um balanceamento de linha mais suave e um tempo de ciclo mais previs\u00edvel em f\u00e1bricas de eletr\u00f4nicos.<\/p>\n<\/li>\n<\/ol>\n<p>&nbsp;<\/p>\n<p><img loading=\"lazy\" decoding=\"async\" class=\"alignnone wp-image-22944 aligncenter\" src=\"https:\/\/esmte.com\/wp-content\/uploads\/2025\/12\/\u5143\u4ef6-1.png\" alt=\"\" width=\"1026\" height=\"241\" \/><\/p>\n<p>&nbsp;<\/p>\n<h2>Especifica\u00e7\u00f5es<\/h2>\n<table style=\"border-collapse: collapse; width: 925px; height: 183px;\" border=\"0\" width=\"364\" cellspacing=\"0\" cellpadding=\"0\">\n<tbody>\n<tr style=\"height: 15.00pt;\">\n<td class=\"et2\" style=\"height: 15pt; width: 81.75pt; text-align: center;\" width=\"109\" height=\"20\">Modelo<\/td>\n<td class=\"et2\" style=\"width: 191.25pt; text-align: center;\" width=\"255\">YRS-600<\/td>\n<\/tr>\n<tr style=\"height: 15.00pt;\">\n<td class=\"et2\" style=\"height: 15pt; width: 81.75pt; text-align: center;\" width=\"109\" height=\"20\">Velocidade<\/td>\n<td class=\"et3\" style=\"width: 191.25pt; text-align: center;\" width=\"255\">6600CPH<\/td>\n<\/tr>\n<tr style=\"height: 15.00pt;\">\n<td class=\"et2\" style=\"height: 15pt; width: 81.75pt; text-align: center;\" width=\"109\" height=\"20\">Dimens\u00e3o<\/td>\n<td class=\"et3\" style=\"width: 191.25pt; text-align: center;\" width=\"255\">1050*600*650mm<\/td>\n<\/tr>\n<tr style=\"height: 15.00pt;\">\n<td class=\"et2\" style=\"height: 15pt; width: 81.75pt; text-align: center;\" width=\"109\" height=\"20\">Fonte de energia<\/td>\n<td class=\"et3\" style=\"width: 191.25pt; text-align: center;\" width=\"255\">1 PH AC 110\/220V 50\/60Hz<\/td>\n<\/tr>\n<tr style=\"height: 15.00pt;\">\n<td class=\"et2\" style=\"height: 15pt; width: 81.75pt; text-align: center;\" width=\"109\" height=\"20\">Poder<\/td>\n<td class=\"et3\" style=\"width: 191.25pt; text-align: center;\" width=\"255\">50w<\/td>\n<\/tr>\n<tr style=\"height: 15.00pt;\">\n<td class=\"et4\" style=\"height: 15pt; width: 81.75pt; text-align: center;\" width=\"109\" height=\"20\">Peso<\/td>\n<td class=\"et5\" style=\"width: 191.25pt; text-align: center;\" width=\"255\">120 kg<\/td>\n<\/tr>\n<\/tbody>\n<\/table>\n<p>&nbsp;<\/p>\n<p><a href=\"https:\/\/www.youtube.com\/@allaismt\" rel=\"nofollow noopener\" target=\"_blank\"><u>https:\/\/www.youtube.com\/@allaismt<\/u><\/a><\/p>\n<p>Para obter mais informa\u00e7\u00f5es sobre a M\u00e1quina Autom\u00e1tica de Moldagem por Resist\u00eancia YRS-600, envie um e-mail para<\/p>\n<p><a href=\"mailto:sophia@allaismt.com\"><u>sophia@allaismt.com<\/u><\/a><\/p>\n<p>Responderemos \u00e0 sua solicita\u00e7\u00e3o prontamente e forneceremos informa\u00e7\u00f5es detalhadas sobre nossos produtos e servi\u00e7os.<\/p>","protected":false},"excerpt":{"rendered":"<p>Descri\u00e7\u00e3o: O <strong>M\u00e1quina autom\u00e1tica de modelagem por resist\u00eancia YRS-600<\/strong> \u00c9 uma solu\u00e7\u00e3o de conforma\u00e7\u00e3o de terminais de alta efici\u00eancia, projetada para o processamento preciso de resistores de furo passante na fabrica\u00e7\u00e3o de eletr\u00f4nicos modernos. Ela oferece comprimento de terminal consistente, \u00e2ngulos de curvatura precisos e qualidade de conforma\u00e7\u00e3o est\u00e1vel, garantindo uma inser\u00e7\u00e3o suave em placas de circuito impresso e melhorando processos subsequentes, como soldagem por onda e soldagem seletiva.<\/p>\n<p>Quantidade m\u00ednima para encomenda: 1 unidade<\/p>\n<p>Prazo de entrega: 15 dias<\/p>","protected":false},"featured_media":22912,"comment_status":"closed","ping_status":"closed","template":"","meta":[],"etheme_brands":[],"product_brand":[],"product_cat":[179],"product_tag":[],"class_list":{"0":"post-22911","1":"product","2":"type-product","3":"status-publish","4":"has-post-thumbnail","6":"product_cat-pcb-pin-lead-cutting-machine","8":"first","9":"instock","10":"shipping-taxable","11":"product-type-simple"},"_links":{"self":[{"href":"https:\/\/esmte.com\/pt\/wp-json\/wp\/v2\/product\/22911","targetHints":{"allow":["GET"]}}],"collection":[{"href":"https:\/\/esmte.com\/pt\/wp-json\/wp\/v2\/product"}],"about":[{"href":"https:\/\/esmte.com\/pt\/wp-json\/wp\/v2\/types\/product"}],"replies":[{"embeddable":true,"href":"https:\/\/esmte.com\/pt\/wp-json\/wp\/v2\/comments?post=22911"}],"version-history":[{"count":1,"href":"https:\/\/esmte.com\/pt\/wp-json\/wp\/v2\/product\/22911\/revisions"}],"predecessor-version":[{"id":23753,"href":"https:\/\/esmte.com\/pt\/wp-json\/wp\/v2\/product\/22911\/revisions\/23753"}],"wp:featuredmedia":[{"embeddable":true,"href":"https:\/\/esmte.com\/pt\/wp-json\/wp\/v2\/media\/22912"}],"wp:attachment":[{"href":"https:\/\/esmte.com\/pt\/wp-json\/wp\/v2\/media?parent=22911"}],"wp:term":[{"taxonomy":"brand","embeddable":true,"href":"https:\/\/esmte.com\/pt\/wp-json\/wp\/v2\/etheme_brands?post=22911"},{"taxonomy":"product_brand","embeddable":true,"href":"https:\/\/esmte.com\/pt\/wp-json\/wp\/v2\/product_brand?post=22911"},{"taxonomy":"product_cat","embeddable":true,"href":"https:\/\/esmte.com\/pt\/wp-json\/wp\/v2\/product_cat?post=22911"},{"taxonomy":"product_tag","embeddable":true,"href":"https:\/\/esmte.com\/pt\/wp-json\/wp\/v2\/product_tag?post=22911"}],"curies":[{"name":"wp","href":"https:\/\/api.w.org\/{rel}","templated":true}]}}