{"id":22904,"date":"2025-12-09T10:09:07","date_gmt":"2025-12-09T10:09:07","guid":{"rendered":"https:\/\/esmte.com\/?post_type=product&#038;p=22904"},"modified":"2025-12-10T08:16:53","modified_gmt":"2025-12-10T08:16:53","slug":"shape-machine-for-solder-quality-improvement","status":"publish","type":"product","link":"https:\/\/esmte.com\/pt\/products\/shape-machine-for-solder-quality-improvement\/","title":{"rendered":"M\u00e1quina autom\u00e1tica de modelagem por resist\u00eancia"},"content":{"rendered":"<h2>Introdu\u00e7\u00e3o<\/h2>\n<p data-start=\"165\" data-end=\"608\">O <strong data-start=\"169\" data-end=\"207\">M\u00e1quina autom\u00e1tica de modelagem por resist\u00eancia<\/strong> \u00c9 uma solu\u00e7\u00e3o de alta precis\u00e3o projetada para moldar e aparar os terminais de resistores na produ\u00e7\u00e3o de placas de circuito impresso (PCBA). Ao garantir comprimento e formato uniformes dos terminais, melhora a qualidade da soldagem, reduz defeitos de montagem e aumenta a confiabilidade geral dos conjuntos eletr\u00f4nicos. A m\u00e1quina \u00e9 adequada para uma ampla gama de resistores e \u00e9 compat\u00edvel tanto com linhas de produ\u00e7\u00e3o de alto volume quanto com linhas de produ\u00e7\u00e3o de modelos mistos.<\/p>\n<p data-start=\"610\" data-end=\"1028\">Equipado com um sistema de alimenta\u00e7\u00e3o est\u00e1vel e um mecanismo de corte de precis\u00e3o, o <strong data-start=\"169\" data-end=\"207\">M\u00e1quina autom\u00e1tica de modelagem por resist\u00eancia<\/strong> Minimiza a vibra\u00e7\u00e3o e o estresse mec\u00e2nico durante a opera\u00e7\u00e3o, protegendo componentes sens\u00edveis e mantendo uma precis\u00e3o de corte consistente. Sua opera\u00e7\u00e3o intuitiva e baixos requisitos de manuten\u00e7\u00e3o facilitam a integra\u00e7\u00e3o em linhas de montagem automatizadas, incluindo soldagem por onda, soldagem seletiva e esta\u00e7\u00f5es de inspe\u00e7\u00e3o AOI.<\/p>\n<p data-start=\"1030\" data-end=\"1584\">O <strong>M\u00e1quina autom\u00e1tica de modelagem por resist\u00eancia<\/strong> Encontra aplica\u00e7\u00f5es em diversos setores: na eletr\u00f4nica de eletrodom\u00e9sticos, garante a coloca\u00e7\u00e3o ordenada de resistores em placas de circuito impresso para produtos como condicionadores de ar, m\u00e1quinas de lavar roupa e refrigeradores; na eletr\u00f4nica industrial, padroniza os terminais de resistores para placas de controle, inversores e m\u00f3dulos de pot\u00eancia, melhorando a durabilidade e a estabilidade; e na eletr\u00f4nica automotiva, atende aos rigorosos padr\u00f5es de formato de terminais para ECUs, sensores e m\u00f3dulos de ilumina\u00e7\u00e3o, resistindo a vibra\u00e7\u00f5es e varia\u00e7\u00f5es de temperatura.<\/p>\n<p data-start=\"1586\" data-end=\"1810\">Ao automatizar o processo de conforma\u00e7\u00e3o dos terminais, a m\u00e1quina reduz o trabalho manual, aumenta a efici\u00eancia da produ\u00e7\u00e3o e garante uma produ\u00e7\u00e3o consistente de alta qualidade, tornando-se uma ferramenta essencial para a fabrica\u00e7\u00e3o eletr\u00f4nica moderna.<\/p>\n<p data-start=\"1586\" data-end=\"1810\"><img loading=\"lazy\" decoding=\"async\" class=\"alignnone wp-image-22905 aligncenter\" src=\"https:\/\/esmte.com\/wp-content\/uploads\/2025\/12\/22-1.webp\" alt=\"Automatic Resistance Shape Machine\" width=\"661\" height=\"660\" srcset=\"https:\/\/esmte.com\/wp-content\/uploads\/2025\/12\/22-1.webp 2561w, https:\/\/esmte.com\/wp-content\/uploads\/2025\/12\/22-1-100x100.webp 100w, https:\/\/esmte.com\/wp-content\/uploads\/2025\/12\/22-1-600x599.webp 600w, https:\/\/esmte.com\/wp-content\/uploads\/2025\/12\/22-1-300x300.webp 300w, https:\/\/esmte.com\/wp-content\/uploads\/2025\/12\/22-1-1024x1024.webp 1024w, https:\/\/esmte.com\/wp-content\/uploads\/2025\/12\/22-1-150x150.webp 150w, https:\/\/esmte.com\/wp-content\/uploads\/2025\/12\/22-1-768x767.webp 768w, https:\/\/esmte.com\/wp-content\/uploads\/2025\/12\/22-1-1536x1534.webp 1536w, https:\/\/esmte.com\/wp-content\/uploads\/2025\/12\/22-1-2048x2046.webp 2048w, https:\/\/esmte.com\/wp-content\/uploads\/2025\/12\/22-1-1x1.webp 1w, https:\/\/esmte.com\/wp-content\/uploads\/2025\/12\/22-1-10x10.webp 10w\" sizes=\"auto, (max-width: 661px) 100vw, 661px\" \/><\/p>\n<h3 data-start=\"90\" data-end=\"159\"><strong data-start=\"93\" data-end=\"159\">Aplica\u00e7\u00f5es da m\u00e1quina autom\u00e1tica de conforma\u00e7\u00e3o por resist\u00eancia na ind\u00fastria<\/strong><\/h3>\n<h3 data-start=\"161\" data-end=\"191\"><strong data-start=\"165\" data-end=\"191\">1. Pr\u00e9-processamento de PCBA<\/strong><\/h3>\n<ul data-start=\"192\" data-end=\"453\">\n<li data-start=\"192\" data-end=\"255\">\n<p data-start=\"194\" data-end=\"255\">Molda e corta automaticamente os terminais de resistores de orif\u00edcio passante.<\/p>\n<\/li>\n<li data-start=\"256\" data-end=\"322\">\n<p data-start=\"258\" data-end=\"322\">Garante comprimento e formato uniformes dos terminais para uma inser\u00e7\u00e3o suave na placa de circuito impresso.<\/p>\n<\/li>\n<li data-start=\"323\" data-end=\"453\">\n<p data-start=\"325\" data-end=\"453\">Melhora a qualidade da soldagem por onda e da soldagem seletiva, reduzindo defeitos como desalinhamento, juntas de solda frias ou curtos-circuitos.<\/p>\n<\/li>\n<\/ul>\n<h3 data-start=\"455\" data-end=\"492\"><strong data-start=\"459\" data-end=\"492\">2. Eletrodom\u00e9sticos Eletr\u00f4nicos<\/strong><\/h3>\n<ul data-start=\"493\" data-end=\"794\">\n<li data-start=\"493\" data-end=\"623\">\n<p data-start=\"495\" data-end=\"623\">Aplicado na montagem de placas de circuito impresso (PCBA) para pequenos eletrodom\u00e9sticos e aparelhos inteligentes, incluindo condicionadores de ar, m\u00e1quinas de lavar roupa e refrigeradores.<\/p>\n<\/li>\n<li data-start=\"624\" data-end=\"713\">\n<p data-start=\"626\" data-end=\"713\">Garante a disposi\u00e7\u00e3o ordenada dos terminais do resistor, facilitando a montagem automatizada eficiente.<\/p>\n<\/li>\n<li data-start=\"714\" data-end=\"794\">\n<p data-start=\"716\" data-end=\"794\">Permite a produ\u00e7\u00e3o em grande volume, reduzindo o trabalho manual e as taxas de erro.<\/p>\n<\/li>\n<\/ul>\n<h3 data-start=\"796\" data-end=\"829\"><strong data-start=\"800\" data-end=\"829\">3. Eletr\u00f4nica Industrial<\/strong><\/h3>\n<ul data-start=\"830\" data-end=\"1097\">\n<li data-start=\"830\" data-end=\"929\">\n<p data-start=\"832\" data-end=\"929\">Utilizado em placas de controle industrial, inversores e m\u00f3dulos de pot\u00eancia que exigem alta confiabilidade.<\/p>\n<\/li>\n<li data-start=\"930\" data-end=\"1006\">\n<p data-start=\"932\" data-end=\"1006\">Padroniza os terminais dos resistores para melhorar a estabilidade e a durabilidade do produto.<\/p>\n<\/li>\n<li data-start=\"1007\" data-end=\"1097\">\n<p data-start=\"1009\" data-end=\"1097\">Compat\u00edvel com resistores de diferentes tamanhos e tipos, adequado para linhas de produ\u00e7\u00e3o com modelos mistos.<\/p>\n<\/li>\n<\/ul>\n<h3 data-start=\"1099\" data-end=\"1132\"><strong data-start=\"1103\" data-end=\"1132\">4. Eletr\u00f4nica Automotiva<\/strong><\/h3>\n<ul data-start=\"1133\" data-end=\"1386\">\n<li data-start=\"1133\" data-end=\"1212\">\n<p data-start=\"1135\" data-end=\"1212\">Essencial para placas de circuito impresso automotivas, como ECUs, sensores e m\u00f3dulos de ilumina\u00e7\u00e3o.<\/p>\n<\/li>\n<li data-start=\"1213\" data-end=\"1331\">\n<p data-start=\"1215\" data-end=\"1331\">Proporciona uma conforma\u00e7\u00e3o precisa e consistente dos terminais para suportar vibra\u00e7\u00f5es, varia\u00e7\u00f5es de temperatura e estresse a longo prazo.<\/p>\n<\/li>\n<li data-start=\"1332\" data-end=\"1386\">\n<p data-start=\"1334\" data-end=\"1386\">Ajuda a atender aos padr\u00f5es de confiabilidade da ind\u00fastria automotiva.<\/p>\n<\/li>\n<\/ul>\n<h3 data-start=\"1388\" data-end=\"1436\"><strong data-start=\"1392\" data-end=\"1436\">5. Integra\u00e7\u00e3o de Linha de Produ\u00e7\u00e3o Automatizada<\/strong><\/h3>\n<ul data-start=\"1437\" data-end=\"1697\">\n<li data-start=\"1437\" data-end=\"1542\">\n<p data-start=\"1439\" data-end=\"1542\">Integra-se com m\u00e1quinas de inser\u00e7\u00e3o, soldagem por onda, soldagem seletiva e esta\u00e7\u00f5es de inspe\u00e7\u00e3o AOI.<\/p>\n<\/li>\n<li data-start=\"1543\" data-end=\"1619\">\n<p data-start=\"1545\" data-end=\"1619\">Cria um fluxo de trabalho de produ\u00e7\u00e3o totalmente automatizado, reduzindo as opera\u00e7\u00f5es manuais.<\/p>\n<\/li>\n<li data-start=\"1620\" data-end=\"1697\">\n<p data-start=\"1622\" data-end=\"1697\">Aumenta a efici\u00eancia geral da produ\u00e7\u00e3o, a consist\u00eancia e a qualidade do produto.<\/p>\n<\/li>\n<\/ul>\n<p>&nbsp;<\/p>\n<p><img loading=\"lazy\" decoding=\"async\" class=\"alignnone  wp-image-22944 aligncenter\" src=\"https:\/\/esmte.com\/wp-content\/uploads\/2025\/12\/\u5143\u4ef6-1.png\" alt=\"\" width=\"966\" height=\"227\" \/><\/p>\n<p>&nbsp;<\/p>\n<h2>Especifica\u00e7\u00f5es<\/h2>\n<table style=\"border-collapse: collapse; width: 1377px; height: 215px;\" border=\"0\" width=\"364\" cellspacing=\"0\" cellpadding=\"0\">\n<tbody>\n<tr style=\"height: 15.00pt;\">\n<td class=\"et2\" style=\"height: 15pt; width: 81.75pt; text-align: center;\" width=\"109\" height=\"20\">Modelo<\/td>\n<td class=\"et2\" style=\"width: 191.25pt; text-align: center;\" width=\"255\">YRS-600<\/td>\n<\/tr>\n<tr style=\"height: 15.00pt;\">\n<td class=\"et2\" style=\"height: 15pt; width: 81.75pt; text-align: center;\" width=\"109\" height=\"20\">Velocidade<\/td>\n<td class=\"et3\" style=\"width: 191.25pt; text-align: center;\" width=\"255\">6600CPH<\/td>\n<\/tr>\n<tr style=\"height: 15.00pt;\">\n<td class=\"et2\" style=\"height: 15pt; width: 81.75pt; text-align: center;\" width=\"109\" height=\"20\">Dimens\u00e3o<\/td>\n<td class=\"et3\" style=\"width: 191.25pt; text-align: center;\" width=\"255\">1050*600*650mm<\/td>\n<\/tr>\n<tr style=\"height: 15.00pt;\">\n<td class=\"et2\" style=\"height: 15pt; width: 81.75pt; text-align: center;\" width=\"109\" height=\"20\">Fonte de energia<\/td>\n<td class=\"et3\" style=\"width: 191.25pt; text-align: center;\" width=\"255\">1 PH AC 110\/220V 50\/60Hz<\/td>\n<\/tr>\n<tr style=\"height: 15.00pt;\">\n<td class=\"et2\" style=\"height: 15pt; width: 81.75pt; text-align: center;\" width=\"109\" height=\"20\">Poder<\/td>\n<td class=\"et3\" style=\"width: 191.25pt; text-align: center;\" width=\"255\">50w<\/td>\n<\/tr>\n<tr style=\"height: 15.00pt;\">\n<td class=\"et4\" style=\"height: 15pt; width: 81.75pt; text-align: center;\" width=\"109\" height=\"20\">Peso<\/td>\n<td class=\"et5\" style=\"width: 191.25pt; text-align: center;\" width=\"255\">120 kg<\/td>\n<\/tr>\n<\/tbody>\n<\/table>\n<p>&nbsp;<\/p>\n<p><a href=\"https:\/\/www.youtube.com\/@allaismt\" rel=\"nofollow noopener\" target=\"_blank\"><u>https:\/\/www.youtube.com\/@allaismt<\/u><\/a><\/p>\n<p>Para obter mais informa\u00e7\u00f5es sobre a M\u00e1quina Autom\u00e1tica de Moldagem por Resist\u00eancia YRS-600, envie um e-mail para<\/p>\n<p><a href=\"mailto:sophia@allaismt.com\"><u>sophia@allaismt.com<\/u><\/a><\/p>\n<p>Responderemos \u00e0 sua solicita\u00e7\u00e3o prontamente e forneceremos informa\u00e7\u00f5es detalhadas sobre nossos produtos e servi\u00e7os.<\/p>","protected":false},"excerpt":{"rendered":"<p>Descri\u00e7\u00e3o: O <strong data-start=\"167\" data-end=\"205\">M\u00e1quina autom\u00e1tica de modelagem por resist\u00eancia<\/strong> \u00c9 uma solu\u00e7\u00e3o de alta precis\u00e3o projetada para conformar e cortar terminais de resistores na produ\u00e7\u00e3o de PCBA. Ela garante comprimentos e formatos uniformes dos terminais, melhorando a precis\u00e3o da soldagem e reduzindo defeitos de montagem. Adequada para uma ampla gama de resistores, a m\u00e1quina suporta a produ\u00e7\u00e3o automatizada em alto volume nos setores automotivo, de eletrodom\u00e9sticos, industrial e de eletr\u00f4nicos de consumo. Seu desempenho confi\u00e1vel, opera\u00e7\u00e3o simples e compatibilidade com linhas de montagem automatizadas aumentam a efici\u00eancia da produ\u00e7\u00e3o, mantendo a qualidade consistente.<\/p>\n<p>Quantidade m\u00ednima para encomenda: 1 unidade<\/p>\n<p>Prazo de entrega: 15 dias<\/p>","protected":false},"featured_media":22906,"comment_status":"closed","ping_status":"closed","template":"","meta":[],"etheme_brands":[],"product_brand":[],"product_cat":[179],"product_tag":[],"class_list":{"0":"post-22904","1":"product","2":"type-product","3":"status-publish","4":"has-post-thumbnail","6":"product_cat-pcb-pin-lead-cutting-machine","8":"first","9":"instock","10":"shipping-taxable","11":"product-type-simple"},"_links":{"self":[{"href":"https:\/\/esmte.com\/pt\/wp-json\/wp\/v2\/product\/22904","targetHints":{"allow":["GET"]}}],"collection":[{"href":"https:\/\/esmte.com\/pt\/wp-json\/wp\/v2\/product"}],"about":[{"href":"https:\/\/esmte.com\/pt\/wp-json\/wp\/v2\/types\/product"}],"replies":[{"embeddable":true,"href":"https:\/\/esmte.com\/pt\/wp-json\/wp\/v2\/comments?post=22904"}],"version-history":[{"count":1,"href":"https:\/\/esmte.com\/pt\/wp-json\/wp\/v2\/product\/22904\/revisions"}],"predecessor-version":[{"id":22946,"href":"https:\/\/esmte.com\/pt\/wp-json\/wp\/v2\/product\/22904\/revisions\/22946"}],"wp:featuredmedia":[{"embeddable":true,"href":"https:\/\/esmte.com\/pt\/wp-json\/wp\/v2\/media\/22906"}],"wp:attachment":[{"href":"https:\/\/esmte.com\/pt\/wp-json\/wp\/v2\/media?parent=22904"}],"wp:term":[{"taxonomy":"brand","embeddable":true,"href":"https:\/\/esmte.com\/pt\/wp-json\/wp\/v2\/etheme_brands?post=22904"},{"taxonomy":"product_brand","embeddable":true,"href":"https:\/\/esmte.com\/pt\/wp-json\/wp\/v2\/product_brand?post=22904"},{"taxonomy":"product_cat","embeddable":true,"href":"https:\/\/esmte.com\/pt\/wp-json\/wp\/v2\/product_cat?post=22904"},{"taxonomy":"product_tag","embeddable":true,"href":"https:\/\/esmte.com\/pt\/wp-json\/wp\/v2\/product_tag?post=22904"}],"curies":[{"name":"wp","href":"https:\/\/api.w.org\/{rel}","templated":true}]}}