{"id":22886,"date":"2025-12-09T08:00:38","date_gmt":"2025-12-09T08:00:38","guid":{"rendered":"https:\/\/esmte.com\/?post_type=product&#038;p=22886"},"modified":"2026-01-27T08:48:48","modified_gmt":"2026-01-27T08:48:48","slug":"tht-axial-lead-insertion-machine-ya-201","status":"publish","type":"product","link":"https:\/\/esmte.com\/pt\/products\/tht-axial-lead-insertion-machine-ya-201\/","title":{"rendered":"M\u00e1quina de inser\u00e7\u00e3o de componentes de terminais axiais THT YA-201"},"content":{"rendered":"<h2>Introdu\u00e7\u00e3o<\/h2>\n<p data-start=\"0\" data-end=\"413\">O <strong data-start=\"4\" data-end=\"57\">M\u00e1quina de inser\u00e7\u00e3o de componentes de terminais axiais THT YA-201<\/strong> A YA-201 \u00e9 uma solu\u00e7\u00e3o automatizada de n\u00edvel profissional projetada para melhorar a efici\u00eancia e a precis\u00e3o na montagem de placas de circuito impresso com componentes de furo passante. Projetada para a fabrica\u00e7\u00e3o eletr\u00f4nica moderna, a YA-201 \u00e9 especializada na inser\u00e7\u00e3o precisa de componentes com terminais axiais, como resistores, capacitores e diodos, garantindo um posicionamento consistente e reduzindo o risco de erros de montagem.<\/p>\n<p data-start=\"415\" data-end=\"787\">Equipado com sistemas avan\u00e7ados de alimenta\u00e7\u00e3o, alinhamento e posicionamento, o <strong data-start=\"4\" data-end=\"57\">M\u00e1quina de inser\u00e7\u00e3o de componentes de terminais axiais THT YA-201<\/strong> Garante o posicionamento exato dos componentes e a profundidade de inser\u00e7\u00e3o controlada, mantendo a integridade da placa de circuito impresso e minimizando poss\u00edveis danos. Sua opera\u00e7\u00e3o automatizada suporta tanto a produ\u00e7\u00e3o em pequenos lotes quanto em grandes volumes, tornando-a ideal para diversas linhas de montagem de THT, centros de reparo e laborat\u00f3rios de P&amp;D.<\/p>\n<p data-start=\"789\" data-end=\"1068\">A m\u00e1quina de inser\u00e7\u00e3o de componentes com terminais axiais THT YA-201 apresenta um design compacto e ergon\u00f4mico, permitindo integra\u00e7\u00e3o perfeita em fluxos de trabalho de produ\u00e7\u00e3o sem ocupar muito espa\u00e7o. Sua estrutura mec\u00e2nica robusta garante opera\u00e7\u00e3o est\u00e1vel e livre de vibra\u00e7\u00f5es, durabilidade a longo prazo e baixos requisitos de manuten\u00e7\u00e3o.<\/p>\n<p data-start=\"1070\" data-end=\"1405\" data-is-last-node=\"\" data-is-only-node=\"\">Com o <strong data-start=\"1079\" data-end=\"1132\">M\u00e1quina de inser\u00e7\u00e3o de componentes de terminais axiais THT YA-201<\/strong>, Com essa tecnologia, os fabricantes podem alcan\u00e7ar ciclos de montagem mais r\u00e1pidos, maior produtividade e qualidade confi\u00e1vel para montagens de PCBs com componentes de furo passante. Sua combina\u00e7\u00e3o de precis\u00e3o, efici\u00eancia e opera\u00e7\u00e3o intuitiva a torna uma ferramenta essencial para a fabrica\u00e7\u00e3o moderna e automatizada de eletr\u00f4nicos de furo passante.<\/p>\n<p data-start=\"1070\" data-end=\"1405\" data-is-last-node=\"\" data-is-only-node=\"\"><img loading=\"lazy\" decoding=\"async\" class=\"alignnone wp-image-22882 aligncenter\" src=\"https:\/\/esmte.com\/wp-content\/uploads\/2025\/12\/11-29.webp\" alt=\"THT Axial Lead Component Insertion Machine YA-201\" width=\"558\" height=\"637\" srcset=\"https:\/\/esmte.com\/wp-content\/uploads\/2025\/12\/11-29.webp 1793w, https:\/\/esmte.com\/wp-content\/uploads\/2025\/12\/11-29-600x684.webp 600w, https:\/\/esmte.com\/wp-content\/uploads\/2025\/12\/11-29-263x300.webp 263w, https:\/\/esmte.com\/wp-content\/uploads\/2025\/12\/11-29-898x1024.webp 898w, https:\/\/esmte.com\/wp-content\/uploads\/2025\/12\/11-29-768x876.webp 768w, https:\/\/esmte.com\/wp-content\/uploads\/2025\/12\/11-29-1347x1536.webp 1347w, https:\/\/esmte.com\/wp-content\/uploads\/2025\/12\/11-29-1x1.webp 1w, https:\/\/esmte.com\/wp-content\/uploads\/2025\/12\/11-29-10x10.webp 10w\" sizes=\"auto, (max-width: 558px) 100vw, 558px\" \/><\/p>\n<h3>Principais caracter\u00edsticas<\/h3>\n<ul>\n<li data-start=\"73\" data-end=\"243\">\n<p data-start=\"76\" data-end=\"243\"><strong data-start=\"76\" data-end=\"110\">Inser\u00e7\u00e3o automatizada de alta velocidade<\/strong> \u2013 Proporciona uma coloca\u00e7\u00e3o r\u00e1pida e eficiente de componentes com terminais axiais, otimizando a produ\u00e7\u00e3o para montagem de PCBs de alta variedade e alto volume.<\/p>\n<\/li>\n<li data-start=\"245\" data-end=\"424\">\n<p data-start=\"248\" data-end=\"424\"><strong data-start=\"248\" data-end=\"282\">Tecnologia de alinhamento de precis\u00e3o<\/strong> \u2013 Sensores e mecanismos de guia integrados garantem o posicionamento exato dos componentes, minimizando o desalinhamento e melhorando a qualidade da soldagem.<\/p>\n<\/li>\n<li data-start=\"426\" data-end=\"593\">\n<p data-start=\"429\" data-end=\"593\"><strong data-start=\"429\" data-end=\"460\">Manuseio flex\u00edvel de componentes<\/strong> \u2013 Compat\u00edvel com uma ampla gama de di\u00e2metros e comprimentos de terminais axiais, atendendo a diversos layouts de PCB e requisitos de produ\u00e7\u00e3o.<\/p>\n<\/li>\n<li data-start=\"595\" data-end=\"772\">\n<p data-start=\"598\" data-end=\"772\"><strong data-start=\"598\" data-end=\"632\">Design de mesa que otimiza o espa\u00e7o<\/strong> \u2013 A estrutura compacta e ergon\u00f4mica permite a instala\u00e7\u00e3o em espa\u00e7os de trabalho limitados sem comprometer a acessibilidade ou a praticidade operacional.<\/p>\n<\/li>\n<li data-start=\"774\" data-end=\"954\">\n<p data-start=\"777\" data-end=\"954\"><strong data-start=\"777\" data-end=\"804\">Constru\u00e7\u00e3o industrial robusta<\/strong> \u2013 Projetado com materiais dur\u00e1veis e componentes mec\u00e2nicos est\u00e1veis para proporcionar desempenho consistente e livre de vibra\u00e7\u00f5es durante longos ciclos de produ\u00e7\u00e3o.<\/p>\n<\/li>\n<li data-start=\"956\" data-end=\"1152\" data-is-last-node=\"\">\n<p data-start=\"959\" data-end=\"1152\" data-is-last-node=\"\"><strong data-start=\"959\" data-end=\"997\">Opera\u00e7\u00e3o e monitoramento intuitivos<\/strong> \u2013 A interface amig\u00e1vel permite f\u00e1cil configura\u00e7\u00e3o, ajustes de programa e monitoramento em tempo real, reduzindo erros do operador e otimizando a efici\u00eancia do fluxo de trabalho.<\/p>\n<\/li>\n<\/ul>\n<p>&nbsp;<\/p>\n<h2>Especifica\u00e7\u00f5es<\/h2>\n<table style=\"border-collapse: collapse; width: 1374px; height: 435px;\" border=\"0\" width=\"722\" cellspacing=\"0\" cellpadding=\"0\">\n<tbody>\n<tr style=\"height: 15.00pt;\">\n<td class=\"et2\" style=\"height: 15pt; width: 167.25pt; text-align: center;\" width=\"223\" height=\"20\">Modelo<\/td>\n<td class=\"et3\" style=\"width: 184.5pt; text-align: center;\" width=\"246\">YA-101<\/td>\n<td class=\"et4\" style=\"width: 189.75pt; text-align: center;\" width=\"253\">YA-201<\/td>\n<\/tr>\n<tr style=\"height: 15.00pt;\">\n<td class=\"et5\" style=\"height: 15pt; width: 167.25pt; text-align: center;\" width=\"223\" height=\"20\">Entrada do alimentador de componentes<\/td>\n<td class=\"et6\" style=\"width: 184.5pt; text-align: center;\" width=\"246\">10 unidades (Op\u00e7\u00f5es: 30, 40, 50 ou 100 unidades)<\/td>\n<td class=\"et7\" style=\"width: 189.75pt; text-align: center;\" width=\"253\">20 unidades (Op\u00e7\u00f5es: 30, 40, 50 ou 100 unidades)<\/td>\n<\/tr>\n<tr style=\"height: 15.00pt;\">\n<td class=\"et5\" style=\"height: 15pt; width: 167.25pt; text-align: center;\" width=\"223\" height=\"20\">Velocidade de inser\u00e7\u00e3o<\/td>\n<td class=\"et6\" style=\"width: 374.25pt; text-align: center;\" colspan=\"2\" width=\"499\">25000CPH, M\u00e1x. 0,12s\/ponto (0,14s, 0,16s, 0,18s\/ponto ajust\u00e1veis)<\/td>\n<\/tr>\n<tr style=\"height: 15.00pt;\">\n<td class=\"et5\" style=\"height: 15pt; width: 167.25pt; text-align: center;\" width=\"223\" height=\"20\">Extens\u00e3o de inser\u00e7\u00e3o<\/td>\n<td class=\"et6\" style=\"width: 374.25pt; text-align: center;\" colspan=\"2\" width=\"499\">Componente: 5~22mm, Jumper<span class=\"font2\">\uff1a<\/span><span class=\"font1\">5~26mm<\/span><\/td>\n<\/tr>\n<tr style=\"height: 15.00pt;\">\n<td class=\"et5\" style=\"height: 15pt; width: 167.25pt; text-align: center;\" width=\"223\" height=\"20\">Recupera\u00e7\u00e3o de Inser\u00e7\u00e3o<\/td>\n<td class=\"et6\" style=\"width: 374.25pt; text-align: center;\" colspan=\"2\" width=\"499\">Recupera\u00e7\u00e3o autom\u00e1tica<\/td>\n<\/tr>\n<tr style=\"height: 15.00pt;\">\n<td class=\"et5\" style=\"height: 15pt; width: 167.25pt; text-align: center;\" width=\"223\" height=\"20\">Dire\u00e7\u00e3o de Inser\u00e7\u00e3o<\/td>\n<td class=\"et6\" style=\"width: 374.25pt; text-align: center;\" colspan=\"2\" width=\"499\">Dire\u00e7\u00e3o de 0 a 360\u00b0 com incrementos de 1\u00b0<\/td>\n<\/tr>\n<tr style=\"height: 15.00pt;\">\n<td class=\"et5\" style=\"height: 15pt; width: 167.25pt; text-align: center;\" width=\"223\" height=\"20\">Precis\u00e3o de inser\u00e7\u00e3o<\/td>\n<td class=\"et6\" style=\"width: 374.25pt; text-align: center;\" colspan=\"2\" width=\"499\">0,05 mm<\/td>\n<\/tr>\n<tr style=\"height: 15.00pt;\">\n<td class=\"et5\" style=\"height: 15pt; width: 167.25pt; text-align: center;\" width=\"223\" height=\"20\">Tamanho da placa de circuito impresso<\/td>\n<td class=\"et6\" style=\"width: 374.25pt; text-align: center;\" colspan=\"2\" width=\"499\">50*50~380*380mm<\/td>\n<\/tr>\n<tr style=\"height: 15.00pt;\">\n<td class=\"et5\" style=\"height: 15pt; width: 167.25pt; text-align: center;\" width=\"223\" height=\"20\">\u00c1rea de Inser\u00e7\u00e3o<\/td>\n<td class=\"et6\" style=\"width: 374.25pt; text-align: center;\" colspan=\"2\" width=\"499\">50*50~370*370mm<\/td>\n<\/tr>\n<tr style=\"height: 15.00pt;\">\n<td class=\"et5\" style=\"height: 15pt; width: 167.25pt; text-align: center;\" width=\"223\" height=\"20\">Placa de circuito impresso fixa<\/td>\n<td class=\"et6\" style=\"width: 374.25pt; text-align: center;\" colspan=\"2\" width=\"499\">Pino + Bra\u00e7adeira<\/td>\n<\/tr>\n<tr style=\"height: 15.00pt;\">\n<td class=\"et5\" style=\"height: 15pt; width: 167.25pt; text-align: center;\" width=\"223\" height=\"20\">Altura de transporte<\/td>\n<td class=\"et6\" style=\"width: 374.25pt; text-align: center;\" colspan=\"2\" width=\"499\">900\u00b120mm<\/td>\n<\/tr>\n<tr style=\"height: 15.00pt;\">\n<td class=\"et5\" style=\"height: 15pt; width: 167.25pt; text-align: center;\" width=\"223\" height=\"20\">Tempo de transporte<\/td>\n<td class=\"et6\" style=\"width: 374.25pt; text-align: center;\" colspan=\"2\" width=\"499\">3-4s<\/td>\n<\/tr>\n<tr style=\"height: 15.00pt;\">\n<td class=\"et5\" style=\"height: 15pt; width: 167.25pt; text-align: center;\" width=\"223\" height=\"20\">Fonte de energia<\/td>\n<td class=\"et6\" style=\"width: 374.25pt; text-align: center;\" colspan=\"2\" width=\"499\">1P, 220AC\u00b110%, 50\/60HZ<\/td>\n<\/tr>\n<tr style=\"height: 15.00pt;\">\n<td class=\"et5\" style=\"height: 15pt; width: 167.25pt; text-align: center;\" width=\"223\" height=\"20\">Dimens\u00e3o<\/td>\n<td class=\"et6\" style=\"width: 374.25pt; text-align: center;\" colspan=\"2\" width=\"499\">C2080*L1750*A1600mm<\/td>\n<\/tr>\n<tr style=\"height: 15.00pt;\">\n<td class=\"et5\" style=\"height: 15pt; width: 167.25pt; text-align: center;\" width=\"223\" height=\"20\">Dimens\u00f5es da esta\u00e7\u00e3o de alimenta\u00e7\u00e3o:<\/td>\n<td class=\"et6\" style=\"width: 374.25pt; text-align: center;\" colspan=\"2\" width=\"499\">Alimentador de 10 unidades: 1360*1000*1460mm, Alimentador de 20 unidades: 1860*1000*1460mm, Alimentador de 30 unidades: 2360*1000*1460mm<\/td>\n<\/tr>\n<tr style=\"height: 15.00pt;\">\n<td class=\"et8\" style=\"height: 15pt; width: 167.25pt; text-align: center;\" width=\"223\" height=\"20\">Peso<\/td>\n<td class=\"et9\" style=\"width: 374.25pt; text-align: center;\" colspan=\"2\" width=\"499\">1300 kg<\/td>\n<\/tr>\n<\/tbody>\n<\/table>\n<p>&nbsp;<\/p>\n<p><a href=\"https:\/\/www.youtube.com\/@allaismt\" rel=\"nofollow noopener\" target=\"_blank\"><u>https:\/\/www.youtube.com\/@allaismt<\/u><\/a><\/p>\n<p>Para obter mais informa\u00e7\u00f5es sobre a m\u00e1quina de inser\u00e7\u00e3o de componentes de eletrodos axiais THT YA-101, envie um e-mail para<\/p>\n<p><a href=\"mailto:sophia@allaismt.com\"><u>sophia@allaismt.com<\/u><\/a><\/p>\n<p>Responderemos \u00e0 sua solicita\u00e7\u00e3o prontamente e forneceremos informa\u00e7\u00f5es detalhadas sobre nossos produtos e servi\u00e7os.<\/p>\n<p>&nbsp;<\/p>\n<p>&nbsp;<\/p>","protected":false},"excerpt":{"rendered":"<p>Descri\u00e7\u00e3o: O <strong data-start=\"4\" data-end=\"57\">M\u00e1quina de inser\u00e7\u00e3o de componentes de terminais axiais THT YA-201<\/strong> A YA-201 \u00e9 uma solu\u00e7\u00e3o automatizada de alta precis\u00e3o projetada para a montagem eficiente de placas de circuito impresso com furos passantes. Ela insere com precis\u00e3o componentes com terminais axiais, como resistores, capacitores e diodos, garantindo posicionamento consistente e reduzindo erros manuais. Equipada com sistemas avan\u00e7ados de alimenta\u00e7\u00e3o e posicionamento, a YA-201 oferece desempenho est\u00e1vel e confi\u00e1vel tanto em ambientes de produ\u00e7\u00e3o de pequenos lotes quanto de alto volume. Seu design compacto, ideal para uso em mesas de trabalho, permite integra\u00e7\u00e3o perfeita em linhas de produ\u00e7\u00e3o ou laborat\u00f3rios de P&amp;D, aumentando a produtividade e mantendo a qualidade da montagem.<\/p>\n<p>Quantidade m\u00ednima para encomenda: 1 unidade<\/p>\n<p>Prazo de entrega: 15 dias<\/p>","protected":false},"featured_media":22890,"comment_status":"closed","ping_status":"closed","template":"","meta":[],"etheme_brands":[],"product_brand":[],"product_cat":[139,138],"product_tag":[],"class_list":{"0":"post-22886","1":"product","2":"type-product","3":"status-publish","4":"has-post-thumbnail","6":"product_cat-axial-insertion-machine","7":"product_cat-tht-machine","9":"first","10":"instock","11":"shipping-taxable","12":"product-type-simple"},"_links":{"self":[{"href":"https:\/\/esmte.com\/pt\/wp-json\/wp\/v2\/product\/22886","targetHints":{"allow":["GET"]}}],"collection":[{"href":"https:\/\/esmte.com\/pt\/wp-json\/wp\/v2\/product"}],"about":[{"href":"https:\/\/esmte.com\/pt\/wp-json\/wp\/v2\/types\/product"}],"replies":[{"embeddable":true,"href":"https:\/\/esmte.com\/pt\/wp-json\/wp\/v2\/comments?post=22886"}],"version-history":[{"count":1,"href":"https:\/\/esmte.com\/pt\/wp-json\/wp\/v2\/product\/22886\/revisions"}],"predecessor-version":[{"id":22891,"href":"https:\/\/esmte.com\/pt\/wp-json\/wp\/v2\/product\/22886\/revisions\/22891"}],"wp:featuredmedia":[{"embeddable":true,"href":"https:\/\/esmte.com\/pt\/wp-json\/wp\/v2\/media\/22890"}],"wp:attachment":[{"href":"https:\/\/esmte.com\/pt\/wp-json\/wp\/v2\/media?parent=22886"}],"wp:term":[{"taxonomy":"brand","embeddable":true,"href":"https:\/\/esmte.com\/pt\/wp-json\/wp\/v2\/etheme_brands?post=22886"},{"taxonomy":"product_brand","embeddable":true,"href":"https:\/\/esmte.com\/pt\/wp-json\/wp\/v2\/product_brand?post=22886"},{"taxonomy":"product_cat","embeddable":true,"href":"https:\/\/esmte.com\/pt\/wp-json\/wp\/v2\/product_cat?post=22886"},{"taxonomy":"product_tag","embeddable":true,"href":"https:\/\/esmte.com\/pt\/wp-json\/wp\/v2\/product_tag?post=22886"}],"curies":[{"name":"wp","href":"https:\/\/api.w.org\/{rel}","templated":true}]}}