{"id":22880,"date":"2025-12-09T06:47:03","date_gmt":"2025-12-09T06:47:03","guid":{"rendered":"https:\/\/esmte.com\/?post_type=product&#038;p=22880"},"modified":"2026-01-27T08:49:00","modified_gmt":"2026-01-27T08:49:00","slug":"ya-101-lead-component-insertion-machine","status":"publish","type":"product","link":"https:\/\/esmte.com\/pt\/products\/ya-101-lead-component-insertion-machine\/","title":{"rendered":"M\u00e1quina de inser\u00e7\u00e3o de componentes de terminais axiais THT YA-101"},"content":{"rendered":"<h2>Introdu\u00e7\u00e3o<\/h2>\n<p data-start=\"0\" data-end=\"395\">O <strong data-start=\"4\" data-end=\"57\">M\u00e1quina de inser\u00e7\u00e3o de componentes de terminais axiais THT YA-101<\/strong> A YA-101 \u00e9 uma solu\u00e7\u00e3o automatizada de n\u00edvel profissional projetada para otimizar os processos de montagem de PCBs com componentes de furo passante. Pensada para a fabrica\u00e7\u00e3o eletr\u00f4nica moderna, a YA-101 insere com efici\u00eancia componentes com terminais axiais, como resistores, capacitores e diodos, com alta precis\u00e3o e consist\u00eancia, garantindo um posicionamento confi\u00e1vel e reduzindo erros humanos.<\/p>\n<p data-start=\"397\" data-end=\"741\">Equipado com sistemas avan\u00e7ados de alimenta\u00e7\u00e3o e posicionamento de componentes, o <strong data-start=\"4\" data-end=\"57\">M\u00e1quina de inser\u00e7\u00e3o de componentes de terminais axiais THT YA-101<\/strong> Garante alinhamento e profundidade de inser\u00e7\u00e3o precisos, mantendo a integridade da placa de circuito impresso e prevenindo danos aos componentes. Sua opera\u00e7\u00e3o automatizada suporta tanto a produ\u00e7\u00e3o em pequenos lotes quanto em grandes volumes, tornando-a ideal para diversas linhas de montagem THT, laborat\u00f3rios de P&amp;D e centros de reparo.<\/p>\n<p data-start=\"743\" data-end=\"1032\">O design compacto e ergon\u00f4mico da m\u00e1quina permite f\u00e1cil integra\u00e7\u00e3o aos fluxos de trabalho de produ\u00e7\u00e3o existentes, sem ocupar muito espa\u00e7o. Al\u00e9m disso, sua constru\u00e7\u00e3o robusta e estrutura mec\u00e2nica est\u00e1vel garantem confiabilidade a longo prazo, manuten\u00e7\u00e3o m\u00ednima e opera\u00e7\u00e3o livre de vibra\u00e7\u00f5es.<\/p>\n<p data-start=\"1034\" data-end=\"1377\" data-is-last-node=\"\" data-is-only-node=\"\">Com o <strong data-start=\"1043\" data-end=\"1096\">M\u00e1quina de inser\u00e7\u00e3o de componentes de terminais axiais THT YA-101<\/strong>, Com essa tecnologia, os fabricantes podem alcan\u00e7ar ciclos de montagem mais r\u00e1pidos, maior produtividade e qualidade consistente para montagens de PCBs com componentes de furo passante. Sua combina\u00e7\u00e3o de precis\u00e3o, efici\u00eancia e facilidade de uso a torna uma ferramenta indispens\u00e1vel para a fabrica\u00e7\u00e3o moderna e automatizada de eletr\u00f4nicos THT.<\/p>\n<p style=\"text-align: center;\" data-start=\"1034\" data-end=\"1377\" data-is-last-node=\"\" data-is-only-node=\"\"><img loading=\"lazy\" decoding=\"async\" class=\"alignnone wp-image-22882\" src=\"https:\/\/esmte.com\/wp-content\/uploads\/2025\/12\/11-29.webp\" alt=\"THT Axial Lead Component Insertion Machine\" width=\"524\" height=\"598\" srcset=\"https:\/\/esmte.com\/wp-content\/uploads\/2025\/12\/11-29.webp 1793w, https:\/\/esmte.com\/wp-content\/uploads\/2025\/12\/11-29-600x684.webp 600w, https:\/\/esmte.com\/wp-content\/uploads\/2025\/12\/11-29-263x300.webp 263w, https:\/\/esmte.com\/wp-content\/uploads\/2025\/12\/11-29-898x1024.webp 898w, https:\/\/esmte.com\/wp-content\/uploads\/2025\/12\/11-29-768x876.webp 768w, https:\/\/esmte.com\/wp-content\/uploads\/2025\/12\/11-29-1347x1536.webp 1347w, https:\/\/esmte.com\/wp-content\/uploads\/2025\/12\/11-29-1x1.webp 1w, https:\/\/esmte.com\/wp-content\/uploads\/2025\/12\/11-29-10x10.webp 10w\" sizes=\"auto, (max-width: 524px) 100vw, 524px\" \/><\/p>\n<h3>Principais caracter\u00edsticas<\/h3>\n<ul>\n<li data-start=\"73\" data-end=\"229\">\n<p data-start=\"76\" data-end=\"229\"><strong data-start=\"76\" data-end=\"110\">Inser\u00e7\u00e3o automatizada de alta velocidade<\/strong> \u2013 Capaz de posicionar rapidamente componentes com terminais axiais, aumentando significativamente a produtividade das linhas de produ\u00e7\u00e3o de PCBs THT.<\/p>\n<\/li>\n<li data-start=\"231\" data-end=\"393\">\n<p data-start=\"234\" data-end=\"393\"><strong data-start=\"234\" data-end=\"264\">Sistema de alinhamento de precis\u00e3o<\/strong> \u2013 Sensores e mecanismos de guia integrados garantem o posicionamento exato dos componentes, evitando desalinhamentos e defeitos de soldagem.<\/p>\n<\/li>\n<li data-start=\"395\" data-end=\"567\">\n<p data-start=\"398\" data-end=\"567\"><strong data-start=\"398\" data-end=\"429\">Manuseio flex\u00edvel de componentes<\/strong> \u2013 Acomoda componentes com terminais axiais de diversos di\u00e2metros e comprimentos, oferecendo versatilidade para diferentes projetos de PCB e necessidades de produ\u00e7\u00e3o.<\/p>\n<\/li>\n<li data-start=\"569\" data-end=\"731\">\n<p data-start=\"572\" data-end=\"731\"><strong data-start=\"572\" data-end=\"603\">Design de mesa que economiza espa\u00e7o<\/strong> \u2013 O tamanho compacto permite a instala\u00e7\u00e3o em ambientes com espa\u00e7o de trabalho limitado, mantendo a f\u00e1cil acessibilidade para os operadores.<\/p>\n<\/li>\n<li data-start=\"733\" data-end=\"897\">\n<p data-start=\"736\" data-end=\"897\"><strong data-start=\"736\" data-end=\"765\">Constru\u00e7\u00e3o robusta e confi\u00e1vel<\/strong> \u2013 Projetado com materiais robustos e mec\u00e2nica est\u00e1vel para proporcionar opera\u00e7\u00e3o consistente e livre de vibra\u00e7\u00f5es, al\u00e9m de durabilidade a longo prazo.<\/p>\n<\/li>\n<li data-start=\"899\" data-end=\"1070\" data-is-last-node=\"\">\n<p data-start=\"902\" data-end=\"1070\" data-is-last-node=\"\"><strong data-start=\"902\" data-end=\"937\">Painel de controle de f\u00e1cil utiliza\u00e7\u00e3o<\/strong> \u2013 A interface intuitiva simplifica a configura\u00e7\u00e3o, a programa\u00e7\u00e3o e o monitoramento, reduzindo erros humanos e favorecendo um fluxo de trabalho de produ\u00e7\u00e3o eficiente.<\/p>\n<\/li>\n<\/ul>\n<p>&nbsp;<\/p>\n<h2>Especifica\u00e7\u00f5es<\/h2>\n<table style=\"border-collapse: collapse; width: 1373px; height: 446px;\" border=\"0\" width=\"722\" cellspacing=\"0\" cellpadding=\"0\">\n<tbody>\n<tr style=\"height: 15.00pt;\">\n<td class=\"et2\" style=\"height: 15pt; width: 167.25pt; text-align: center;\" width=\"223\" height=\"20\">Modelo<\/td>\n<td class=\"et3\" style=\"width: 184.5pt; text-align: center;\" width=\"246\">YA-101<\/td>\n<td class=\"et4\" style=\"width: 189.75pt; text-align: center;\" width=\"253\">YA-201<\/td>\n<\/tr>\n<tr style=\"height: 15.00pt;\">\n<td class=\"et5\" style=\"height: 15pt; width: 167.25pt; text-align: center;\" width=\"223\" height=\"20\">Entrada do alimentador de componentes<\/td>\n<td class=\"et6\" style=\"width: 184.5pt; text-align: center;\" width=\"246\">10 unidades (Op\u00e7\u00f5es: 30, 40, 50 ou 100 unidades)<\/td>\n<td class=\"et7\" style=\"width: 189.75pt; text-align: center;\" width=\"253\">20 unidades (Op\u00e7\u00f5es: 30, 40, 50 ou 100 unidades)<\/td>\n<\/tr>\n<tr style=\"height: 15.00pt;\">\n<td class=\"et5\" style=\"height: 15pt; width: 167.25pt; text-align: center;\" width=\"223\" height=\"20\">Velocidade de inser\u00e7\u00e3o<\/td>\n<td class=\"et6\" style=\"width: 374.25pt; text-align: center;\" colspan=\"2\" width=\"499\">25000CPH, M\u00e1x. 0,12s\/ponto (0,14s, 0,16s, 0,18s\/ponto ajust\u00e1veis)<\/td>\n<\/tr>\n<tr style=\"height: 15.00pt;\">\n<td class=\"et5\" style=\"height: 15pt; width: 167.25pt; text-align: center;\" width=\"223\" height=\"20\">Extens\u00e3o de inser\u00e7\u00e3o<\/td>\n<td class=\"et6\" style=\"width: 374.25pt; text-align: center;\" colspan=\"2\" width=\"499\">Componente: 5~22mm, Jumper<span class=\"font2\">\uff1a<\/span><span class=\"font1\">5~26mm<\/span><\/td>\n<\/tr>\n<tr style=\"height: 15.00pt;\">\n<td class=\"et5\" style=\"height: 15pt; width: 167.25pt; text-align: center;\" width=\"223\" height=\"20\">Recupera\u00e7\u00e3o de Inser\u00e7\u00e3o<\/td>\n<td class=\"et6\" style=\"width: 374.25pt; text-align: center;\" colspan=\"2\" width=\"499\">Recupera\u00e7\u00e3o autom\u00e1tica<\/td>\n<\/tr>\n<tr style=\"height: 15.00pt;\">\n<td class=\"et5\" style=\"height: 15pt; width: 167.25pt; text-align: center;\" width=\"223\" height=\"20\">Dire\u00e7\u00e3o de Inser\u00e7\u00e3o<\/td>\n<td class=\"et6\" style=\"width: 374.25pt; text-align: center;\" colspan=\"2\" width=\"499\">Dire\u00e7\u00e3o de 0 a 360\u00b0 com incrementos de 1\u00b0<\/td>\n<\/tr>\n<tr style=\"height: 15.00pt;\">\n<td class=\"et5\" style=\"height: 15pt; width: 167.25pt; text-align: center;\" width=\"223\" height=\"20\">Precis\u00e3o de inser\u00e7\u00e3o<\/td>\n<td class=\"et6\" style=\"width: 374.25pt; text-align: center;\" colspan=\"2\" width=\"499\">0,05 mm<\/td>\n<\/tr>\n<tr style=\"height: 15.00pt;\">\n<td class=\"et5\" style=\"height: 15pt; width: 167.25pt; text-align: center;\" width=\"223\" height=\"20\">Tamanho da placa de circuito impresso<\/td>\n<td class=\"et6\" style=\"width: 374.25pt; text-align: center;\" colspan=\"2\" width=\"499\">50*50~380*380mm<\/td>\n<\/tr>\n<tr style=\"height: 15.00pt;\">\n<td class=\"et5\" style=\"height: 15pt; width: 167.25pt; text-align: center;\" width=\"223\" height=\"20\">\u00c1rea de Inser\u00e7\u00e3o<\/td>\n<td class=\"et6\" style=\"width: 374.25pt; text-align: center;\" colspan=\"2\" width=\"499\">50*50~370*370mm<\/td>\n<\/tr>\n<tr style=\"height: 15.00pt;\">\n<td class=\"et5\" style=\"height: 15pt; width: 167.25pt; text-align: center;\" width=\"223\" height=\"20\">Placa de circuito impresso fixa<\/td>\n<td class=\"et6\" style=\"width: 374.25pt; text-align: center;\" colspan=\"2\" width=\"499\">Pino + Bra\u00e7adeira<\/td>\n<\/tr>\n<tr style=\"height: 15.00pt;\">\n<td class=\"et5\" style=\"height: 15pt; width: 167.25pt; text-align: center;\" width=\"223\" height=\"20\">Altura de transporte<\/td>\n<td class=\"et6\" style=\"width: 374.25pt; text-align: center;\" colspan=\"2\" width=\"499\">900\u00b120mm<\/td>\n<\/tr>\n<tr style=\"height: 15.00pt;\">\n<td class=\"et5\" style=\"height: 15pt; width: 167.25pt; text-align: center;\" width=\"223\" height=\"20\">Tempo de transporte<\/td>\n<td class=\"et6\" style=\"width: 374.25pt; text-align: center;\" colspan=\"2\" width=\"499\">3-4s<\/td>\n<\/tr>\n<tr style=\"height: 15.00pt;\">\n<td class=\"et5\" style=\"height: 15pt; width: 167.25pt; text-align: center;\" width=\"223\" height=\"20\">Fonte de energia<\/td>\n<td class=\"et6\" style=\"width: 374.25pt; text-align: center;\" colspan=\"2\" width=\"499\">1P, 220AC\u00b110%, 50\/60HZ<\/td>\n<\/tr>\n<tr style=\"height: 15.00pt;\">\n<td class=\"et5\" style=\"height: 15pt; width: 167.25pt; text-align: center;\" width=\"223\" height=\"20\">Dimens\u00e3o<\/td>\n<td class=\"et6\" style=\"width: 374.25pt; text-align: center;\" colspan=\"2\" width=\"499\">C2080*L1750*A1600mm<\/td>\n<\/tr>\n<tr style=\"height: 15.00pt;\">\n<td class=\"et5\" style=\"height: 15pt; width: 167.25pt; text-align: center;\" width=\"223\" height=\"20\">Dimens\u00f5es da esta\u00e7\u00e3o de alimenta\u00e7\u00e3o:<\/td>\n<td class=\"et6\" style=\"width: 374.25pt; text-align: center;\" colspan=\"2\" width=\"499\">Alimentador de 10 unidades: 1360*1000*1460mm, Alimentador de 20 unidades: 1860*1000*1460mm, Alimentador de 30 unidades: 2360*1000*1460mm<\/td>\n<\/tr>\n<tr style=\"height: 15.00pt;\">\n<td class=\"et8\" style=\"height: 15pt; width: 167.25pt; text-align: center;\" width=\"223\" height=\"20\">Peso<\/td>\n<td class=\"et9\" style=\"width: 374.25pt; text-align: center;\" colspan=\"2\" width=\"499\">1300 kg<\/td>\n<\/tr>\n<\/tbody>\n<\/table>\n<p>&nbsp;<\/p>\n<p><a href=\"https:\/\/www.youtube.com\/@allaismt\" rel=\"nofollow noopener\" target=\"_blank\"><u>https:\/\/www.youtube.com\/@allaismt<\/u><\/a><\/p>\n<p>Para obter mais informa\u00e7\u00f5es sobre a m\u00e1quina de inser\u00e7\u00e3o de componentes de eletrodos axiais THT YA-101, envie um e-mail para<\/p>\n<p><a href=\"mailto:sophia@allaismt.com\"><u>sophia@allaismt.com<\/u><\/a><\/p>\n<p>Responderemos \u00e0 sua solicita\u00e7\u00e3o prontamente e forneceremos informa\u00e7\u00f5es detalhadas sobre nossos produtos e servi\u00e7os.<\/p>\n<p>&nbsp;<\/p>\n<p>&nbsp;<\/p>","protected":false},"excerpt":{"rendered":"<p>Descri\u00e7\u00e3o: O <strong data-start=\"4\" data-end=\"57\">M\u00e1quina de inser\u00e7\u00e3o de componentes de terminais axiais THT YA-101<\/strong> A YA-101 \u00e9 uma solu\u00e7\u00e3o automatizada de alta precis\u00e3o projetada para a inser\u00e7\u00e3o eficiente de componentes com terminais axiais na montagem de placas de circuito impresso (PCBs). Equipada com sistemas avan\u00e7ados de alimenta\u00e7\u00e3o e posicionamento, garante a coloca\u00e7\u00e3o precisa e consistente de resistores, capacitores e outros componentes de furo passante. Seu design compacto permite a integra\u00e7\u00e3o perfeita em linhas de produ\u00e7\u00e3o ou esta\u00e7\u00f5es de trabalho, ao mesmo tempo que melhora a velocidade de montagem, reduz o trabalho manual e minimiza erros. A YA-101 oferece desempenho confi\u00e1vel para ambientes de fabrica\u00e7\u00e3o de PCBs THT de alta variedade e alto volume.<\/p>\n<p>Quantidade m\u00ednima para encomenda: 1 unidade<\/p>\n<p>Prazo de entrega: 15 dias<\/p>","protected":false},"featured_media":22892,"comment_status":"closed","ping_status":"closed","template":"","meta":[],"etheme_brands":[],"product_brand":[],"product_cat":[139,138],"product_tag":[],"class_list":{"0":"post-22880","1":"product","2":"type-product","3":"status-publish","4":"has-post-thumbnail","6":"product_cat-axial-insertion-machine","7":"product_cat-tht-machine","9":"first","10":"instock","11":"shipping-taxable","12":"product-type-simple"},"_links":{"self":[{"href":"https:\/\/esmte.com\/pt\/wp-json\/wp\/v2\/product\/22880","targetHints":{"allow":["GET"]}}],"collection":[{"href":"https:\/\/esmte.com\/pt\/wp-json\/wp\/v2\/product"}],"about":[{"href":"https:\/\/esmte.com\/pt\/wp-json\/wp\/v2\/types\/product"}],"replies":[{"embeddable":true,"href":"https:\/\/esmte.com\/pt\/wp-json\/wp\/v2\/comments?post=22880"}],"version-history":[{"count":1,"href":"https:\/\/esmte.com\/pt\/wp-json\/wp\/v2\/product\/22880\/revisions"}],"predecessor-version":[{"id":22894,"href":"https:\/\/esmte.com\/pt\/wp-json\/wp\/v2\/product\/22880\/revisions\/22894"}],"wp:featuredmedia":[{"embeddable":true,"href":"https:\/\/esmte.com\/pt\/wp-json\/wp\/v2\/media\/22892"}],"wp:attachment":[{"href":"https:\/\/esmte.com\/pt\/wp-json\/wp\/v2\/media?parent=22880"}],"wp:term":[{"taxonomy":"brand","embeddable":true,"href":"https:\/\/esmte.com\/pt\/wp-json\/wp\/v2\/etheme_brands?post=22880"},{"taxonomy":"product_brand","embeddable":true,"href":"https:\/\/esmte.com\/pt\/wp-json\/wp\/v2\/product_brand?post=22880"},{"taxonomy":"product_cat","embeddable":true,"href":"https:\/\/esmte.com\/pt\/wp-json\/wp\/v2\/product_cat?post=22880"},{"taxonomy":"product_tag","embeddable":true,"href":"https:\/\/esmte.com\/pt\/wp-json\/wp\/v2\/product_tag?post=22880"}],"curies":[{"name":"wp","href":"https:\/\/api.w.org\/{rel}","templated":true}]}}