{"id":22834,"date":"2025-12-04T09:17:35","date_gmt":"2025-12-04T09:17:35","guid":{"rendered":"https:\/\/esmte.com\/?post_type=product&#038;p=22834"},"modified":"2025-12-04T09:17:35","modified_gmt":"2025-12-04T09:17:35","slug":"automatic-pcb-soldering-robot-machine-ycr-250b","status":"publish","type":"product","link":"https:\/\/esmte.com\/pt\/products\/automatic-pcb-soldering-robot-machine-ycr-250b\/","title":{"rendered":"M\u00e1quina rob\u00f3tica autom\u00e1tica de soldagem de placas de circuito impresso YCR-250B"},"content":{"rendered":"<h2>Introdu\u00e7\u00e3o<\/h2>\n<p data-start=\"86\" data-end=\"594\">O<strong data-start=\"86\" data-end=\"140\"> M\u00e1quina rob\u00f3tica autom\u00e1tica de soldagem de PCB YCR-250B<\/strong> A YCR-250B foi projetada para fornecer soldagem totalmente automatizada e de alta precis\u00e3o para linhas de produ\u00e7\u00e3o SMT modernas. Constru\u00edda com controle de movimento avan\u00e7ado e alinhamento integrado guiado por vis\u00e3o, a YCR-250B garante a forma\u00e7\u00e3o consistente de juntas de solda, perfis t\u00e9rmicos uniformes e desempenho confi\u00e1vel em uma variedade de montagens de PCBs. Seu processo automatizado sem contato reduz o estresse mec\u00e2nico, protege componentes delicados e oferece resultados de soldagem de alta qualidade.<\/p>\n<p data-start=\"596\" data-end=\"1026\">Equipado com algoritmos inteligentes de soldagem adapt\u00e1veis, o <strong data-start=\"86\" data-end=\"140\">M\u00e1quina rob\u00f3tica autom\u00e1tica de soldagem de PCB YCR-250B<\/strong>\u00a0O sistema ajusta automaticamente par\u00e2metros como temperatura, fluxo de solda e velocidade de movimento com base no tipo de placa, densidade de componentes e complexidade do layout. O sistema assistido por vis\u00e3o detecta as posi\u00e7\u00f5es dos componentes, compensa desvios na placa e otimiza os caminhos de soldagem em tempo real, garantindo resultados precisos e repet\u00edveis para PCBs de passo fino e alta densidade.<\/p>\n<p data-start=\"1028\" data-end=\"1385\">A m\u00e1quina suporta um fluxo de trabalho totalmente automatizado, incluindo carregamento, soldagem e descarregamento de placas, minimizando o trabalho manual e melhorando a efici\u00eancia da produ\u00e7\u00e3o. Os operadores podem gerenciar receitas, monitorar dados de processo em tempo real e realizar diagn\u00f3sticos por meio de uma interface amig\u00e1vel, proporcionando rastreabilidade completa e controle do processo na fabrica\u00e7\u00e3o em alto volume.<\/p>\n<p data-start=\"1387\" data-end=\"1685\">A m\u00e1quina de solda robotizada YCR-250B \u00e9 adequada para materiais de PCB r\u00edgidos, flex\u00edveis e h\u00edbridos, sendo ideal para eletr\u00f4nicos de consumo, m\u00f3dulos automotivos, dispositivos de telecomunica\u00e7\u00f5es e aplica\u00e7\u00f5es de IoT. Seu movimento preciso e gerenciamento t\u00e9rmico garantem qualidade de solda consistente, retrabalho reduzido e maior rendimento de produ\u00e7\u00e3o.<\/p>\n<p data-start=\"1687\" data-end=\"1975\" data-is-last-node=\"\" data-is-only-node=\"\">Combinando automa\u00e7\u00e3o, precis\u00e3o e confiabilidade, o <strong data-start=\"1740\" data-end=\"1790\">M\u00e1quina rob\u00f3tica autom\u00e1tica de soldagem de PCB YCR-250B<\/strong> Oferece uma solu\u00e7\u00e3o completa para fabricantes que buscam otimizar a efici\u00eancia da linha SMT, manter juntas de solda de alta qualidade e atender \u00e0s demandas da produ\u00e7\u00e3o eletr\u00f4nica avan\u00e7ada.<\/p>\n<p data-start=\"1687\" data-end=\"1975\" data-is-last-node=\"\" data-is-only-node=\"\">\n<p><img loading=\"lazy\" decoding=\"async\" class=\"alignnone wp-image-22835  aligncenter\" src=\"https:\/\/esmte.com\/wp-content\/uploads\/2025\/12\/YSR-250B.webp\" alt=\"Automatic Pcb Soldering Robot Machine YCR-250B\" width=\"595\" height=\"594\" srcset=\"https:\/\/esmte.com\/wp-content\/uploads\/2025\/12\/YSR-250B.webp 2561w, https:\/\/esmte.com\/wp-content\/uploads\/2025\/12\/YSR-250B-100x100.webp 100w, https:\/\/esmte.com\/wp-content\/uploads\/2025\/12\/YSR-250B-600x599.webp 600w, https:\/\/esmte.com\/wp-content\/uploads\/2025\/12\/YSR-250B-300x300.webp 300w, https:\/\/esmte.com\/wp-content\/uploads\/2025\/12\/YSR-250B-1024x1024.webp 1024w, https:\/\/esmte.com\/wp-content\/uploads\/2025\/12\/YSR-250B-150x150.webp 150w, https:\/\/esmte.com\/wp-content\/uploads\/2025\/12\/YSR-250B-768x767.webp 768w, https:\/\/esmte.com\/wp-content\/uploads\/2025\/12\/YSR-250B-1536x1534.webp 1536w, https:\/\/esmte.com\/wp-content\/uploads\/2025\/12\/YSR-250B-2048x2046.webp 2048w, https:\/\/esmte.com\/wp-content\/uploads\/2025\/12\/YSR-250B-1x1.webp 1w, https:\/\/esmte.com\/wp-content\/uploads\/2025\/12\/YSR-250B-10x10.webp 10w\" sizes=\"auto, (max-width: 595px) 100vw, 595px\" \/><\/p>\n<p>&nbsp;<\/p>\n<h3>Principais caracter\u00edsticas<\/h3>\n<ul>\n<li><strong data-start=\"105\" data-end=\"136\">Soldagem de alta precis\u00e3o<\/strong> \u2013 O controle avan\u00e7ado de movimento e t\u00e9rmico garante juntas de solda uniformes e confi\u00e1veis para PCBs de passo fino e alta densidade.<\/li>\n<li><strong data-start=\"256\" data-end=\"286\">Alinhamento guiado pela vis\u00e3o<\/strong> \u2013 Detecta automaticamente os componentes e compensa as varia\u00e7\u00f5es da placa para garantir precis\u00e3o consistente.<\/li>\n<li><strong data-start=\"387\" data-end=\"418\">Fluxo de trabalho totalmente automatizado<\/strong> \u2013 Auxilia nas opera\u00e7\u00f5es de carga, soldagem e descarga para reduzir o trabalho manual e aumentar a produtividade.<\/li>\n<li><strong data-start=\"514\" data-end=\"550\">Algoritmos de soldagem adaptativos<\/strong> \u2013 Ajusta dinamicamente a temperatura, o fluxo de solda e a velocidade para otimizar a qualidade da junta.<\/li>\n<li><strong data-start=\"639\" data-end=\"668\">Ampla compatibilidade com placas de circuito impresso<\/strong> \u2013 Compat\u00edvel com placas r\u00edgidas, flex\u00edveis e h\u00edbridas para diversas aplica\u00e7\u00f5es eletr\u00f4nicas.<\/li>\n<li><strong data-start=\"755\" data-end=\"782\">Monitoramento em tempo real<\/strong> \u2013 O software de controle de processos permite o rastreamento em tempo real, a detec\u00e7\u00e3o de falhas e a rastreabilidade completa.<\/li>\n<\/ul>\n<p>&nbsp;<\/p>\n<h2>Especifica\u00e7\u00f5es<\/h2>\n<table style=\"border-collapse: collapse; width: 1377px; height: 482px;\" border=\"0\" width=\"1101\" cellspacing=\"0\" cellpadding=\"0\">\n<tbody>\n<tr style=\"height: 15.00pt;\">\n<td class=\"et2\" style=\"height: 15pt; width: 116.25pt; text-align: center;\" width=\"155\" height=\"20\">Modelo<\/td>\n<td class=\"et3\" style=\"width: 176.25pt; text-align: center;\" width=\"235\">YSR-300<\/td>\n<td class=\"et3\" style=\"width: 179.25pt; text-align: center;\" width=\"239\">YSR-500<\/td>\n<td class=\"et3\" style=\"width: 177.75pt; text-align: center;\" width=\"237\">YSR-250A<\/td>\n<td class=\"et4\" style=\"width: 176.25pt; text-align: center;\" width=\"235\">YSR-250B<\/td>\n<\/tr>\n<tr style=\"height: 15.00pt;\">\n<td class=\"et5\" style=\"height: 15pt; width: 116.25pt; text-align: center;\" width=\"155\" height=\"20\">N\u00famero da plataforma<\/td>\n<td class=\"et6\" style=\"width: 176.25pt; text-align: center;\" width=\"235\">1<\/td>\n<td class=\"et6\" style=\"width: 179.25pt; text-align: center;\" width=\"239\">1<\/td>\n<td class=\"et6\" style=\"width: 177.75pt; text-align: center;\" width=\"237\">2<\/td>\n<td class=\"et7\" style=\"width: 176.25pt; text-align: center;\" width=\"235\">2<\/td>\n<\/tr>\n<tr style=\"height: 15.00pt;\">\n<td class=\"et5\" style=\"height: 15pt; width: 116.25pt; text-align: center;\" width=\"155\" height=\"20\">N\u00famero da cabe\u00e7a<\/td>\n<td class=\"et6\" style=\"width: 176.25pt; text-align: center;\" width=\"235\">1<\/td>\n<td class=\"et6\" style=\"width: 179.25pt; text-align: center;\" width=\"239\">2<\/td>\n<td class=\"et6\" style=\"width: 177.75pt; text-align: center;\" width=\"237\">1<\/td>\n<td class=\"et7\" style=\"width: 176.25pt; text-align: center;\" width=\"235\">2<\/td>\n<\/tr>\n<tr style=\"height: 15.00pt;\">\n<td class=\"et5\" style=\"height: 15pt; width: 116.25pt; text-align: center;\" width=\"155\" height=\"20\">Pot\u00eancia de aquecimento<\/td>\n<td class=\"et6\" style=\"width: 176.25pt; text-align: center;\" width=\"235\">150w<\/td>\n<td class=\"et6\" style=\"width: 179.25pt; text-align: center;\" width=\"239\">300 W<\/td>\n<td class=\"et6\" style=\"width: 177.75pt; text-align: center;\" width=\"237\">150w<\/td>\n<td class=\"et7\" style=\"width: 176.25pt; text-align: center;\" width=\"235\">300 W<\/td>\n<\/tr>\n<tr style=\"height: 15.00pt;\">\n<td class=\"et5\" style=\"height: 30pt; width: 116.25pt; text-align: center;\" rowspan=\"2\" width=\"155\" height=\"40\">Tamanho m\u00e1ximo da placa de circuito impresso<\/td>\n<td class=\"et6\" style=\"width: 176.25pt; text-align: center;\" rowspan=\"2\" width=\"235\">300*300mm<\/td>\n<td class=\"et6\" style=\"width: 179.25pt; text-align: center;\" rowspan=\"2\" width=\"239\">500*300mm<\/td>\n<td class=\"et8\" style=\"width: 177.75pt; text-align: center;\" width=\"237\">250*250mm<\/td>\n<td class=\"et9\" style=\"width: 176.25pt; text-align: center;\" width=\"235\">250*250mm<\/td>\n<\/tr>\n<tr style=\"height: 15.00pt;\">\n<td class=\"et10\" style=\"width: 177.75pt;\" width=\"237\">para cada plataforma<\/td>\n<td class=\"et11\" style=\"width: 176.25pt;\" width=\"235\">para cada plataforma<\/td>\n<\/tr>\n<tr style=\"height: 29.25pt;\">\n<td class=\"et5\" style=\"height: 29.25pt; width: 116.25pt; text-align: center;\" width=\"155\" height=\"39\">Velocidade m\u00e1xima de movimento<\/td>\n<td class=\"et6\" style=\"width: 176.25pt; text-align: center;\" width=\"235\">Fio de a\u00e7o e press\u00e3o de ar<br \/>\n(Opcional: Limpeza com escova rotativa)<\/td>\n<td class=\"et6\" style=\"width: 179.25pt; text-align: center;\" width=\"239\">Fio de a\u00e7o e press\u00e3o de ar<br \/>\n(Opcional: Limpeza com escova rotativa)<\/td>\n<td class=\"et6\" style=\"width: 177.75pt; text-align: center;\" width=\"237\">Fio de a\u00e7o e press\u00e3o de ar<br \/>\n(Opcional: Limpeza com escova rotativa)<\/td>\n<td class=\"et6\" style=\"width: 176.25pt; text-align: center;\" width=\"235\">Fio de a\u00e7o e press\u00e3o de ar<br \/>\n(Opcional: Limpeza com escova rotativa)<\/td>\n<\/tr>\n<tr style=\"height: 15.00pt;\">\n<td class=\"et5\" style=\"height: 15pt; width: 116.25pt; text-align: center;\" width=\"155\" height=\"20\">Fio de solda<\/td>\n<td class=\"et6\" style=\"width: 176.25pt; text-align: center;\" width=\"235\">Fio de solda de \u03a60,6~1,2mm<\/td>\n<td class=\"et6\" style=\"width: 179.25pt; text-align: center;\" width=\"239\">Fio de solda de \u03a60,6~1,2mm<\/td>\n<td class=\"et6\" style=\"width: 177.75pt; text-align: center;\" width=\"237\">Fio de solda de \u03a60,6~1,2mm<\/td>\n<td class=\"et6\" style=\"width: 176.25pt; text-align: center;\" width=\"235\">Fio de solda de \u03a60,6~1,2mm<\/td>\n<\/tr>\n<tr style=\"height: 15.00pt;\">\n<td class=\"et5\" style=\"height: 15pt; width: 116.25pt; text-align: center;\" width=\"155\" height=\"20\">Velocidade de alimenta\u00e7\u00e3o de solda<\/td>\n<td class=\"et6\" style=\"width: 176.25pt; text-align: center;\" width=\"235\">1~50mm\/s<\/td>\n<td class=\"et6\" style=\"width: 179.25pt; text-align: center;\" width=\"239\">1~50mm\/s<\/td>\n<td class=\"et6\" style=\"width: 177.75pt; text-align: center;\" width=\"237\">1~50mm\/s<\/td>\n<td class=\"et6\" style=\"width: 176.25pt; text-align: center;\" width=\"235\">1~50mm\/s<\/td>\n<\/tr>\n<tr style=\"height: 15.00pt;\">\n<td class=\"et5\" style=\"height: 15pt; width: 116.25pt; text-align: center;\" width=\"155\" height=\"20\">Precis\u00e3o repetida<\/td>\n<td class=\"et6\" style=\"width: 176.25pt; text-align: center;\" width=\"235\">\u00b10,02 mm<\/td>\n<td class=\"et6\" style=\"width: 179.25pt; text-align: center;\" width=\"239\">\u00b10,02 mm<\/td>\n<td class=\"et6\" style=\"width: 177.75pt; text-align: center;\" width=\"237\">\u00b10,02 mm<\/td>\n<td class=\"et6\" style=\"width: 176.25pt; text-align: center;\" width=\"235\">\u00b10,02 mm<\/td>\n<\/tr>\n<tr style=\"height: 15.00pt;\">\n<td class=\"et5\" style=\"height: 15pt; width: 116.25pt; text-align: center;\" width=\"155\" height=\"20\">Faixa de temperatura<\/td>\n<td class=\"et6\" style=\"width: 176.25pt; text-align: center;\" width=\"235\">Temperatura ambiente -500\u00b0C<\/td>\n<td class=\"et6\" style=\"width: 179.25pt; text-align: center;\" width=\"239\">Temperatura ambiente -500\u00b0C<\/td>\n<td class=\"et6\" style=\"width: 177.75pt; text-align: center;\" width=\"237\">Temperatura ambiente -500\u00b0C<\/td>\n<td class=\"et6\" style=\"width: 176.25pt; text-align: center;\" width=\"235\">Temperatura ambiente -500\u00b0C<\/td>\n<\/tr>\n<tr style=\"height: 15.00pt;\">\n<td class=\"et5\" style=\"height: 15pt; width: 116.25pt; text-align: center;\" width=\"155\" height=\"20\">Precis\u00e3o da temperatura<\/td>\n<td class=\"et6\" style=\"width: 176.25pt; text-align: center;\" width=\"235\">\u00b11\u00b0C<\/td>\n<td class=\"et6\" style=\"width: 179.25pt; text-align: center;\" width=\"239\">\u00b11\u00b0C<\/td>\n<td class=\"et6\" style=\"width: 177.75pt; text-align: center;\" width=\"237\">\u00b11\u00b0C<\/td>\n<td class=\"et6\" style=\"width: 176.25pt; text-align: center;\" width=\"235\">\u00b11\u00b0C<\/td>\n<\/tr>\n<tr style=\"height: 15.00pt;\">\n<td class=\"et5\" style=\"height: 15pt; width: 116.25pt; text-align: center;\" width=\"155\" height=\"20\">Modo de condu\u00e7\u00e3o<\/td>\n<td class=\"et6\" style=\"width: 176.25pt; text-align: center;\" width=\"235\">Motor de passo<\/td>\n<td class=\"et6\" style=\"width: 179.25pt; text-align: center;\" width=\"239\">Motor de passo<\/td>\n<td class=\"et6\" style=\"width: 177.75pt; text-align: center;\" width=\"237\">Motor de passo<\/td>\n<td class=\"et6\" style=\"width: 176.25pt; text-align: center;\" width=\"235\">Motor de passo<\/td>\n<\/tr>\n<tr style=\"height: 15.00pt;\">\n<td class=\"et5\" style=\"height: 15pt; width: 116.25pt; text-align: center;\" width=\"155\" height=\"20\">Modo de controle<\/td>\n<td class=\"et6\" style=\"width: 176.25pt; text-align: center;\" width=\"235\">Ensinar o dispositivo<\/td>\n<td class=\"et6\" style=\"width: 179.25pt; text-align: center;\" width=\"239\">Ensinar o dispositivo<\/td>\n<td class=\"et6\" style=\"width: 177.75pt; text-align: center;\" width=\"237\">Ensinar o dispositivo<\/td>\n<td class=\"et6\" style=\"width: 176.25pt; text-align: center;\" width=\"235\">Ensinar o dispositivo<\/td>\n<\/tr>\n<tr style=\"height: 15.00pt;\">\n<td class=\"et5\" style=\"height: 15pt; width: 116.25pt; text-align: center;\" width=\"155\" height=\"20\">Dimens\u00e3o<\/td>\n<td class=\"et6\" style=\"width: 176.25pt; text-align: center;\" width=\"235\">750*650*880mm<\/td>\n<td class=\"et6\" style=\"width: 179.25pt; text-align: center;\" width=\"239\">780*660*770mm<\/td>\n<td class=\"et6\" style=\"width: 177.75pt; text-align: center;\" width=\"237\">930*650*880mm<\/td>\n<td class=\"et7\" style=\"width: 176.25pt; text-align: center;\" width=\"235\">1280*750*950mm<\/td>\n<\/tr>\n<tr style=\"height: 15.00pt;\">\n<td class=\"et12\" style=\"height: 15pt; width: 116.25pt; text-align: center;\" width=\"155\" height=\"20\">Peso<\/td>\n<td class=\"et13\" style=\"width: 176.25pt; text-align: center;\" width=\"235\">Aproximadamente 65 kg<\/td>\n<td class=\"et13\" style=\"width: 179.25pt; text-align: center;\" width=\"239\">Aproximadamente 70 kg<\/td>\n<td class=\"et13\" style=\"width: 177.75pt; text-align: center;\" width=\"237\">Aproximadamente 80 kg<\/td>\n<td class=\"et14\" style=\"width: 176.25pt; text-align: center;\" width=\"235\">Aproximadamente 85 kg<\/td>\n<\/tr>\n<\/tbody>\n<\/table>\n<p>&nbsp;<\/p>\n<p><a href=\"https:\/\/www.youtube.com\/@allaismt\" rel=\"nofollow noopener\" target=\"_blank\"><u>https:\/\/www.youtube.com\/@allaismt<\/u><\/a><\/p>\n<p>Para obter mais informa\u00e7\u00f5es sobre a m\u00e1quina rob\u00f3tica autom\u00e1tica de soldagem de placas de circuito impresso YCR-250B, envie um e-mail para<\/p>\n<p><a href=\"mailto:sophia@allaismt.com\"><u>sophia@allaismt.com<\/u><\/a><\/p>\n<p>Responderemos \u00e0 sua solicita\u00e7\u00e3o prontamente e forneceremos informa\u00e7\u00f5es detalhadas sobre nossos produtos e servi\u00e7os.<\/p>\n<p>&nbsp;<\/p>","protected":false},"excerpt":{"rendered":"<p>Descri\u00e7\u00e3o: O<strong data-start=\"79\" data-end=\"133\"> M\u00e1quina rob\u00f3tica autom\u00e1tica de soldagem de PCB YCR-250B<\/strong>\u00a0A YCR-250B foi projetada para soldagem precisa e totalmente automatizada em linhas de produ\u00e7\u00e3o SMT modernas. Com controle de movimento avan\u00e7ado e alinhamento integrado guiado por vis\u00e3o, ela garante a forma\u00e7\u00e3o precisa de juntas de solda em componentes de passo fino e layouts complexos de PCBA. A YCR-250B minimiza a interven\u00e7\u00e3o manual, reduz erros humanos e aumenta a efici\u00eancia da produ\u00e7\u00e3o, sendo ideal para eletr\u00f4nicos de consumo, m\u00f3dulos automotivos e montagens de PCB de alta densidade. Seus algoritmos de soldagem inteligentes proporcionam qualidade consistente e maior rendimento.<\/p>\n<p>Quantidade m\u00ednima para encomenda: 1 unidade<\/p>\n<p>Prazo de entrega: 15 dias<\/p>","protected":false},"featured_media":22836,"comment_status":"closed","ping_status":"closed","template":"","meta":[],"etheme_brands":[],"product_brand":[],"product_cat":[180],"product_tag":[],"class_list":{"0":"post-22834","1":"product","2":"type-product","3":"status-publish","4":"has-post-thumbnail","6":"product_cat-soldering-robot","8":"first","9":"instock","10":"shipping-taxable","11":"product-type-simple"},"_links":{"self":[{"href":"https:\/\/esmte.com\/pt\/wp-json\/wp\/v2\/product\/22834","targetHints":{"allow":["GET"]}}],"collection":[{"href":"https:\/\/esmte.com\/pt\/wp-json\/wp\/v2\/product"}],"about":[{"href":"https:\/\/esmte.com\/pt\/wp-json\/wp\/v2\/types\/product"}],"replies":[{"embeddable":true,"href":"https:\/\/esmte.com\/pt\/wp-json\/wp\/v2\/comments?post=22834"}],"version-history":[{"count":1,"href":"https:\/\/esmte.com\/pt\/wp-json\/wp\/v2\/product\/22834\/revisions"}],"predecessor-version":[{"id":22838,"href":"https:\/\/esmte.com\/pt\/wp-json\/wp\/v2\/product\/22834\/revisions\/22838"}],"wp:featuredmedia":[{"embeddable":true,"href":"https:\/\/esmte.com\/pt\/wp-json\/wp\/v2\/media\/22836"}],"wp:attachment":[{"href":"https:\/\/esmte.com\/pt\/wp-json\/wp\/v2\/media?parent=22834"}],"wp:term":[{"taxonomy":"brand","embeddable":true,"href":"https:\/\/esmte.com\/pt\/wp-json\/wp\/v2\/etheme_brands?post=22834"},{"taxonomy":"product_brand","embeddable":true,"href":"https:\/\/esmte.com\/pt\/wp-json\/wp\/v2\/product_brand?post=22834"},{"taxonomy":"product_cat","embeddable":true,"href":"https:\/\/esmte.com\/pt\/wp-json\/wp\/v2\/product_cat?post=22834"},{"taxonomy":"product_tag","embeddable":true,"href":"https:\/\/esmte.com\/pt\/wp-json\/wp\/v2\/product_tag?post=22834"}],"curies":[{"name":"wp","href":"https:\/\/api.w.org\/{rel}","templated":true}]}}