{"id":22809,"date":"2025-12-04T07:57:05","date_gmt":"2025-12-04T07:57:05","guid":{"rendered":"https:\/\/esmte.com\/?post_type=product&#038;p=22809"},"modified":"2025-12-04T07:57:06","modified_gmt":"2025-12-04T07:57:06","slug":"pcba-online-laser-cutter-separator-machine","status":"publish","type":"product","link":"https:\/\/esmte.com\/pt\/products\/pcba-online-laser-cutter-separator-machine\/","title":{"rendered":"M\u00e1quina Separadora de Corte a Laser Online para PCBA"},"content":{"rendered":"<h2>Introdu\u00e7\u00e3o<\/h2>\n<p data-start=\"229\" data-end=\"674\">O <strong>M\u00e1quina Separadora de Corte a Laser Online para PCBA<\/strong> \u00e9 uma solu\u00e7\u00e3o avan\u00e7ada de separa\u00e7\u00e3o de pain\u00e9is, projetada para atender \u00e0s exig\u00eancias de precis\u00e3o da fabrica\u00e7\u00e3o eletr\u00f4nica moderna. Utilizando tecnologia laser de alta velocidade, o sistema proporciona cortes limpos e precisos sem aplicar estresse mec\u00e2nico a componentes sens\u00edveis. Esse m\u00e9todo sem contato garante uma qualidade de borda excepcional, tornando-o ideal para placas de circuito impresso (PCBAs) com alta densidade de componentes ou formatos irregulares.<\/p>\n<p data-start=\"676\" data-end=\"1147\">Projetada para integra\u00e7\u00e3o perfeita em linhas de produ\u00e7\u00e3o SMT, a m\u00e1quina separadora de corte a laser suporta processamento online em tempo real, permitindo que os operadores mantenham um fluxo cont\u00ednuo sem interven\u00e7\u00e3o manual. Seu sistema de controle inteligente otimiza os percursos de corte, aumenta a produtividade e mant\u00e9m a precis\u00e3o repet\u00edvel mesmo durante opera\u00e7\u00f5es de alto volume. Calibra\u00e7\u00e3o automatizada, alinhamento por vis\u00e3o e controle est\u00e1vel do feixe contribuem para uma qualidade de corte consistente em diversos materiais de placas.<\/p>\n<p data-start=\"1149\" data-end=\"1691\">Al\u00e9m da precis\u00e3o, o <strong>M\u00e1quina Separadora de Corte a Laser Online para PCBA<\/strong> Oferece vantagens significativas de processo. Elimina os riscos de microfissuras, contamina\u00e7\u00e3o por poeira e desgaste de ferramentas comumente associados a m\u00e9todos mec\u00e2nicos. Isso o torna altamente adequado para ind\u00fastrias que exigem m\u00e1xima confiabilidade, como eletr\u00f4nica automotiva, dispositivos m\u00e9dicos, m\u00f3dulos de LED e equipamentos de comunica\u00e7\u00e3o. Sua capacidade de lidar com substratos finos, layouts de passo reduzido e montagens delicadas garante compatibilidade com os mais recentes projetos de PCBA miniaturizados.<\/p>\n<p data-start=\"1693\" data-end=\"2068\" data-is-last-node=\"\" data-is-only-node=\"\">Em resumo, o sistema combina precis\u00e3o incompar\u00e1vel, configura\u00e7\u00e3o flex\u00edvel e opera\u00e7\u00e3o totalmente automatizada para oferecer uma solu\u00e7\u00e3o de despainelamento superior. Para fabricantes que buscam maior efici\u00eancia, melhor rendimento e qualidade de produto aprimorada, o <strong>M\u00e1quina Separadora de Corte a Laser Online para PCBA<\/strong> Oferece uma alternativa poderosa e preparada para o futuro em compara\u00e7\u00e3o aos m\u00e9todos de separa\u00e7\u00e3o tradicionais.<\/p>\n<p data-start=\"1693\" data-end=\"2068\" data-is-last-node=\"\" data-is-only-node=\"\">\n<p data-start=\"1693\" data-end=\"2068\" data-is-last-node=\"\" data-is-only-node=\"\"><img loading=\"lazy\" decoding=\"async\" class=\"alignnone  wp-image-22810 aligncenter\" src=\"https:\/\/esmte.com\/wp-content\/uploads\/2025\/12\/11-26.webp\" alt=\"PCBA Online Laser Cutting Cutter Separator Machine\" width=\"606\" height=\"605\" srcset=\"https:\/\/esmte.com\/wp-content\/uploads\/2025\/12\/11-26.webp 2561w, https:\/\/esmte.com\/wp-content\/uploads\/2025\/12\/11-26-100x100.webp 100w, https:\/\/esmte.com\/wp-content\/uploads\/2025\/12\/11-26-600x599.webp 600w, https:\/\/esmte.com\/wp-content\/uploads\/2025\/12\/11-26-300x300.webp 300w, https:\/\/esmte.com\/wp-content\/uploads\/2025\/12\/11-26-1024x1024.webp 1024w, https:\/\/esmte.com\/wp-content\/uploads\/2025\/12\/11-26-150x150.webp 150w, https:\/\/esmte.com\/wp-content\/uploads\/2025\/12\/11-26-768x767.webp 768w, https:\/\/esmte.com\/wp-content\/uploads\/2025\/12\/11-26-1536x1534.webp 1536w, https:\/\/esmte.com\/wp-content\/uploads\/2025\/12\/11-26-2048x2046.webp 2048w, https:\/\/esmte.com\/wp-content\/uploads\/2025\/12\/11-26-1x1.webp 1w, https:\/\/esmte.com\/wp-content\/uploads\/2025\/12\/11-26-10x10.webp 10w\" sizes=\"auto, (max-width: 606px) 100vw, 606px\" \/><\/p>\n<p data-start=\"1693\" data-end=\"2068\" data-is-last-node=\"\" data-is-only-node=\"\">\n<h3>Principais caracter\u00edsticas<\/h3>\n<ul>\n<li data-start=\"164\" data-end=\"459\">\n<p data-start=\"167\" data-end=\"459\"><strong data-start=\"167\" data-end=\"199\">Despaneliza\u00e7\u00e3o a laser sem estresse<\/strong><br data-start=\"199\" data-end=\"202\" \/>Utiliza um processo de corte a laser sem contato que elimina completamente a tens\u00e3o mec\u00e2nica em componentes e substratos. Isso garante excelente qualidade de borda, previne microfissuras e mant\u00e9m a integridade estrutural para projetos de PCBA finos e de alta densidade.<\/p>\n<\/li>\n<li data-start=\"461\" data-end=\"746\">\n<p data-start=\"464\" data-end=\"746\"><strong data-start=\"464\" data-end=\"499\">Alinhamento visual de alta precis\u00e3o<\/strong><br data-start=\"499\" data-end=\"502\" \/>Equipada com um sistema avan\u00e7ado de posicionamento \u00f3ptico que detecta automaticamente as marcas de refer\u00eancia e ajusta os percursos de corte em tempo real. Isso garante precis\u00e3o em n\u00edvel microm\u00e9trico, mesmo ao trabalhar com placas de contornos complexos ou montagens com espa\u00e7amento reduzido.<\/p>\n<\/li>\n<li data-start=\"748\" data-end=\"1014\">\n<p data-start=\"751\" data-end=\"1014\"><strong data-start=\"751\" data-end=\"786\">Compatibilidade com automa\u00e7\u00e3o em linha<\/strong><br data-start=\"786\" data-end=\"789\" \/>Projetado para integra\u00e7\u00e3o perfeita em linhas de produ\u00e7\u00e3o SMT totalmente automatizadas. O sistema suporta transfer\u00eancia por esteira, conex\u00e3o MES e despainelamento cont\u00ednuo online para maximizar a efici\u00eancia e reduzir erros de manuseio manual.<\/p>\n<\/li>\n<li data-start=\"1016\" data-end=\"1307\">\n<p data-start=\"1019\" data-end=\"1307\"><strong data-start=\"1019\" data-end=\"1058\">Controle e estabilidade do laser otimizados<\/strong><br data-start=\"1058\" data-end=\"1061\" \/>Possui uma fonte de laser est\u00e1vel e de alta pot\u00eancia com gerenciamento inteligente do feixe para garantir velocidade e qualidade de corte consistentes. O algoritmo de controle otimizado minimiza as zonas afetadas pelo calor, melhorando a confiabilidade para produtos eletr\u00f4nicos sens\u00edveis.<\/p>\n<\/li>\n<li data-start=\"1309\" data-end=\"1588\">\n<p data-start=\"1312\" data-end=\"1588\"><strong data-start=\"1312\" data-end=\"1349\">Suporte flex\u00edvel para materiais e formatos<\/strong><br data-start=\"1349\" data-end=\"1352\" \/>Capaz de cortar FR4, FPC, comp\u00f3sitos r\u00edgido-flex\u00edveis e outros materiais de PCB com alta repetibilidade. Sua programa\u00e7\u00e3o flex\u00edvel permite que os fabricantes processem diversos formatos de placas, padr\u00f5es complexos e matrizes de m\u00faltiplos pain\u00e9is com facilidade.<\/p>\n<\/li>\n<li data-start=\"1590\" data-end=\"1876\" data-is-last-node=\"\">\n<p data-start=\"1593\" data-end=\"1876\" data-is-last-node=\"\"><strong data-start=\"1593\" data-end=\"1630\">Baixa manuten\u00e7\u00e3o e opera\u00e7\u00e3o limpa<\/strong><br data-start=\"1630\" data-end=\"1633\" \/>Como o sistema n\u00e3o possui l\u00e2minas f\u00edsicas, ele evita o desgaste das ferramentas, a gera\u00e7\u00e3o de poeira e substitui\u00e7\u00f5es dispendiosas. O ambiente de corte limpo e sem contato reduz os riscos de contamina\u00e7\u00e3o e contribui para um fluxo de trabalho de produ\u00e7\u00e3o est\u00e1vel e de baixa manuten\u00e7\u00e3o.<\/p>\n<\/li>\n<\/ul>\n<p>&nbsp;<\/p>\n<h2>Especifica\u00e7\u00f5es<\/h2>\n<table style=\"border-collapse: collapse; width: 1376px; height: 379px;\" border=\"0\" width=\"736\" cellspacing=\"0\" cellpadding=\"0\">\n<tbody>\n<tr style=\"height: 15.00pt;\">\n<td class=\"et2\" style=\"height: 15pt; width: 173.25pt; text-align: center;\" width=\"231\" height=\"20\">Item<\/td>\n<td class=\"et3\" style=\"width: 378.75pt; text-align: center;\" width=\"505\">YLC-350<\/td>\n<\/tr>\n<tr style=\"height: 15.00pt;\">\n<td class=\"et4\" style=\"height: 15pt; width: 173.25pt; text-align: center;\" width=\"231\" height=\"20\">Tipo laser<\/td>\n<td class=\"et5\" style=\"width: 378.75pt; text-align: center;\" width=\"505\">Laser verde<\/td>\n<\/tr>\n<tr style=\"height: 15.00pt;\">\n<td class=\"et4\" style=\"height: 15pt; width: 173.25pt; text-align: center;\" width=\"231\" height=\"20\">Pot\u00eancia do laser<\/td>\n<td class=\"et5\" style=\"width: 378.75pt; text-align: center;\" width=\"505\">35W<\/td>\n<\/tr>\n<tr style=\"height: 15.00pt;\">\n<td class=\"et4\" style=\"height: 15pt; width: 173.25pt; text-align: center;\" width=\"231\" height=\"20\">Gama de plataformas<\/td>\n<td class=\"et5\" style=\"width: 378.75pt; text-align: center;\" width=\"505\">mesa dupla de 300*300mm<\/td>\n<\/tr>\n<tr style=\"height: 15.00pt;\">\n<td class=\"et4\" style=\"height: 15pt; width: 173.25pt; text-align: center;\" width=\"231\" height=\"20\">Adaptar \u00e0 espessura do produto (mm)<\/td>\n<td class=\"et5\" style=\"width: 378.75pt; text-align: center;\" width=\"505\">M\u00c1X. 1,5 mm<\/td>\n<\/tr>\n<tr style=\"height: 15.00pt;\">\n<td class=\"et4\" style=\"height: 15pt; width: 173.25pt; text-align: center;\" width=\"231\" height=\"20\">Velocidade m\u00e1xima da plataforma<\/td>\n<td class=\"et5\" style=\"width: 378.75pt; text-align: center;\" width=\"505\">1000 m\/s<\/td>\n<\/tr>\n<tr style=\"height: 15.00pt;\">\n<td class=\"et4\" style=\"height: 15pt; width: 173.25pt; text-align: center;\" width=\"231\" height=\"20\">Velocidade m\u00e1xima de corte (mm\/s)<\/td>\n<td class=\"et5\" style=\"width: 378.75pt; text-align: center;\" width=\"505\">\u2265200 mm<\/td>\n<\/tr>\n<tr style=\"height: 15.00pt;\">\n<td class=\"et4\" style=\"height: 15pt; width: 173.25pt; text-align: center;\" width=\"231\" height=\"20\">Precis\u00e3o de posicionamento<\/td>\n<td class=\"et5\" style=\"width: 378.75pt; text-align: center;\" width=\"505\">\u00b10,005 mm<\/td>\n<\/tr>\n<tr style=\"height: 15.00pt;\">\n<td class=\"et4\" style=\"height: 15pt; width: 173.25pt; text-align: center;\" width=\"231\" height=\"20\">Repetibilidade<\/td>\n<td class=\"et5\" style=\"width: 378.75pt; text-align: center;\" width=\"505\">\u00b10,005 mm<\/td>\n<\/tr>\n<tr style=\"height: 15.00pt;\">\n<td class=\"et4\" style=\"height: 15pt; width: 173.25pt; text-align: center;\" width=\"231\" height=\"20\">Precis\u00e3o de corte<\/td>\n<td class=\"et5\" style=\"width: 378.75pt; text-align: center;\" width=\"505\">\u00b10,025 mm<\/td>\n<\/tr>\n<tr style=\"height: 15.00pt;\">\n<td class=\"et4\" style=\"height: 15pt; width: 173.25pt; text-align: center;\" width=\"231\" height=\"20\">Poder<\/td>\n<td class=\"et5\" style=\"width: 378.75pt; text-align: center;\" width=\"505\">AC220V\/50Hz, 3KW<\/td>\n<\/tr>\n<tr style=\"height: 15.00pt;\">\n<td class=\"et4\" style=\"height: 15pt; width: 173.25pt; text-align: center;\" width=\"231\" height=\"20\">Peso<\/td>\n<td class=\"et5\" style=\"width: 378.75pt; text-align: center;\" width=\"505\">3200 kg<\/td>\n<\/tr>\n<tr style=\"height: 15.00pt;\">\n<td class=\"et6\" style=\"height: 15pt; width: 173.25pt; text-align: center;\" width=\"231\" height=\"20\">Dimens\u00f5es<\/td>\n<td class=\"et7\" style=\"width: 378.75pt; text-align: center;\" width=\"505\">C1600*L1300*A1800mm<\/td>\n<\/tr>\n<\/tbody>\n<\/table>\n<p>&nbsp;<\/p>\n<p><a href=\"https:\/\/www.youtube.com\/@allaismt\" rel=\"nofollow noopener\" target=\"_blank\"><u>https:\/\/www.youtube.com\/@allaismt<\/u><\/a><\/p>\n<p>Para obter mais informa\u00e7\u00f5es sobre a m\u00e1quina de corte a laser online PCBA YLC-350, envie um e-mail para<\/p>\n<p><a href=\"mailto:sophia@allaismt.com\"><u>sophia@allaismt.com<\/u><\/a><\/p>\n<p>Responderemos \u00e0 sua solicita\u00e7\u00e3o prontamente e forneceremos informa\u00e7\u00f5es detalhadas sobre nossos produtos e servi\u00e7os.<\/p>\n<p>&nbsp;<\/p>","protected":false},"excerpt":{"rendered":"<p>Descri\u00e7\u00e3o:<strong data-start=\"0\" data-end=\"54\" data-is-only-node=\"\">M\u00e1quina Separadora de Corte a Laser Online para PCBA<\/strong> \u00e9 uma solu\u00e7\u00e3o de desmontagem de alta precis\u00e3o e sem contato, projetada para linhas modernas de montagem SMT e eletr\u00f4nica. Utilizando tecnologia laser avan\u00e7ada, realiza cortes limpos e sem rebarbas, sem estresse mec\u00e2nico, tornando-a ideal para layouts de PCBA fr\u00e1geis, de alta densidade ou complexos. O sistema suporta opera\u00e7\u00e3o online totalmente automatizada, garantindo qualidade consistente, tempo de produ\u00e7\u00e3o reduzido e m\u00e1xima confiabilidade do processo para fabrica\u00e7\u00e3o em massa.<\/p>\n<p>Quantidade m\u00ednima para encomenda: 1 unidade<\/p>\n<p>Prazo de entrega: 15 dias<\/p>","protected":false},"featured_media":22811,"comment_status":"closed","ping_status":"closed","template":"","meta":[],"etheme_brands":[],"product_brand":[],"product_cat":[193],"product_tag":[],"class_list":{"0":"post-22809","1":"product","2":"type-product","3":"status-publish","4":"has-post-thumbnail","6":"product_cat-pcb-depaneling-machine-2","8":"first","9":"instock","10":"shipping-taxable","11":"product-type-simple"},"_links":{"self":[{"href":"https:\/\/esmte.com\/pt\/wp-json\/wp\/v2\/product\/22809","targetHints":{"allow":["GET"]}}],"collection":[{"href":"https:\/\/esmte.com\/pt\/wp-json\/wp\/v2\/product"}],"about":[{"href":"https:\/\/esmte.com\/pt\/wp-json\/wp\/v2\/types\/product"}],"replies":[{"embeddable":true,"href":"https:\/\/esmte.com\/pt\/wp-json\/wp\/v2\/comments?post=22809"}],"version-history":[{"count":1,"href":"https:\/\/esmte.com\/pt\/wp-json\/wp\/v2\/product\/22809\/revisions"}],"predecessor-version":[{"id":22812,"href":"https:\/\/esmte.com\/pt\/wp-json\/wp\/v2\/product\/22809\/revisions\/22812"}],"wp:featuredmedia":[{"embeddable":true,"href":"https:\/\/esmte.com\/pt\/wp-json\/wp\/v2\/media\/22811"}],"wp:attachment":[{"href":"https:\/\/esmte.com\/pt\/wp-json\/wp\/v2\/media?parent=22809"}],"wp:term":[{"taxonomy":"brand","embeddable":true,"href":"https:\/\/esmte.com\/pt\/wp-json\/wp\/v2\/etheme_brands?post=22809"},{"taxonomy":"product_brand","embeddable":true,"href":"https:\/\/esmte.com\/pt\/wp-json\/wp\/v2\/product_brand?post=22809"},{"taxonomy":"product_cat","embeddable":true,"href":"https:\/\/esmte.com\/pt\/wp-json\/wp\/v2\/product_cat?post=22809"},{"taxonomy":"product_tag","embeddable":true,"href":"https:\/\/esmte.com\/pt\/wp-json\/wp\/v2\/product_tag?post=22809"}],"curies":[{"name":"wp","href":"https:\/\/api.w.org\/{rel}","templated":true}]}}