{"id":22699,"date":"2025-12-02T10:03:14","date_gmt":"2025-12-02T10:03:14","guid":{"rendered":"https:\/\/esmte.com\/?post_type=product&#038;p=22699"},"modified":"2025-12-02T10:03:14","modified_gmt":"2025-12-02T10:03:14","slug":"smt-ultrasonic-cleaning-machine-yuc-60","status":"publish","type":"product","link":"https:\/\/esmte.com\/pt\/products\/smt-ultrasonic-cleaning-machine-yuc-60\/","title":{"rendered":"M\u00e1quina de limpeza ultrass\u00f4nica SMT YUC-60"},"content":{"rendered":"<h2>Introdu\u00e7\u00e3o<\/h2>\n<p data-start=\"190\" data-end=\"556\">O <strong>M\u00e1quina de limpeza ultrass\u00f4nica SMT YUC-60<\/strong> Foi projetado para proporcionar uma limpeza r\u00e1pida, precisa e completa de est\u00eanceis de PCBs, bicos e outras ferramentas SMT. Utilizando tecnologia ultrass\u00f4nica avan\u00e7ada, remove com efic\u00e1cia pasta de solda, fluxo e contaminantes, protegendo componentes delicados contra danos, garantindo qualidade consistente na montagem de PCBs e reduzindo defeitos.<\/p>\n<p data-start=\"558\" data-end=\"902\">Projetado para a fabrica\u00e7\u00e3o de eletr\u00f4nicos em larga escala, o <strong>M\u00e1quina de limpeza ultrass\u00f4nica SMT YUC-60<\/strong> A m\u00e1quina possui ciclos de limpeza totalmente automatizados que economizam tempo, reduzem o trabalho manual e mant\u00eam um fluxo de produ\u00e7\u00e3o cont\u00ednuo. Seu design compacto permite f\u00e1cil integra\u00e7\u00e3o em linhas SMT existentes, e a constru\u00e7\u00e3o robusta garante durabilidade a longo prazo em ambientes fabris exigentes.<\/p>\n<p data-start=\"904\" data-end=\"1176\">A m\u00e1quina suporta uma ampla gama de tamanhos de est\u00eanceis e ferramentas, proporcionando uma limpeza uniforme em todos os componentes. Ao manter est\u00eanceis e ferramentas limpos, ela aprimora a precis\u00e3o da soldagem, reduz o retrabalho e otimiza o fluxo de trabalho SMT como um todo, garantindo a m\u00e1xima efici\u00eancia da linha.<\/p>\n<p data-start=\"1178\" data-end=\"1439\">Investir em <strong>M\u00e1quina de limpeza ultrass\u00f4nica SMT YUC-60<\/strong> Oferece aos fabricantes de eletr\u00f4nicos uma solu\u00e7\u00e3o confi\u00e1vel, eficiente e precisa para manter a limpeza das ferramentas, melhorar a qualidade da produ\u00e7\u00e3o e dar suporte a opera\u00e7\u00f5es de montagem de PCBs de alta efici\u00eancia.<\/p>\n<p data-start=\"1178\" data-end=\"1439\">\n<p><img loading=\"lazy\" decoding=\"async\" class=\"alignnone wp-image-22692  aligncenter\" src=\"https:\/\/esmte.com\/wp-content\/uploads\/2025\/12\/11-16.webp\" alt=\"SMT Ultrasonic Cleaning Machine\" width=\"626\" height=\"626\" srcset=\"https:\/\/esmte.com\/wp-content\/uploads\/2025\/12\/11-16.webp 2560w, https:\/\/esmte.com\/wp-content\/uploads\/2025\/12\/11-16-100x100.webp 100w, https:\/\/esmte.com\/wp-content\/uploads\/2025\/12\/11-16-600x600.webp 600w, https:\/\/esmte.com\/wp-content\/uploads\/2025\/12\/11-16-300x300.webp 300w, https:\/\/esmte.com\/wp-content\/uploads\/2025\/12\/11-16-1024x1024.webp 1024w, https:\/\/esmte.com\/wp-content\/uploads\/2025\/12\/11-16-150x150.webp 150w, https:\/\/esmte.com\/wp-content\/uploads\/2025\/12\/11-16-768x768.webp 768w, https:\/\/esmte.com\/wp-content\/uploads\/2025\/12\/11-16-1536x1536.webp 1536w, https:\/\/esmte.com\/wp-content\/uploads\/2025\/12\/11-16-2048x2048.webp 2048w, https:\/\/esmte.com\/wp-content\/uploads\/2025\/12\/11-16-1x1.webp 1w, https:\/\/esmte.com\/wp-content\/uploads\/2025\/12\/11-16-10x10.webp 10w\" sizes=\"auto, (max-width: 626px) 100vw, 626px\" \/><\/p>\n<p>&nbsp;<\/p>\n<h3>Principais caracter\u00edsticas<\/h3>\n<ul>\n<li data-start=\"127\" data-end=\"291\">\n<p data-start=\"130\" data-end=\"291\"><strong data-start=\"130\" data-end=\"158\">Suporte r\u00e1pido \u00e0 produ\u00e7\u00e3o<\/strong> \u2013 Projetado para suportar ciclos de limpeza de alta frequ\u00eancia, mantendo as linhas SMT funcionando de forma eficiente sem causar gargalos na produ\u00e7\u00e3o.<\/p>\n<\/li>\n<li data-start=\"293\" data-end=\"460\">\n<p data-start=\"296\" data-end=\"460\"><strong data-start=\"296\" data-end=\"329\">Processo de limpeza ecol\u00f3gico<\/strong> \u2013 Utiliza ondas ultrass\u00f4nicas com o m\u00ednimo de agentes qu\u00edmicos, reduzindo o impacto ambiental e a exposi\u00e7\u00e3o do operador a subst\u00e2ncias nocivas.<\/p>\n<\/li>\n<li data-start=\"462\" data-end=\"631\">\n<p data-start=\"465\" data-end=\"631\"><strong data-start=\"465\" data-end=\"494\">Remo\u00e7\u00e3o precisa de res\u00edduos<\/strong> \u2013 Limpa eficazmente \u00e1reas de dif\u00edcil acesso em est\u00eanceis e bicos, garantindo a aplica\u00e7\u00e3o uniforme da pasta de solda para uma montagem perfeita da placa de circuito impresso.<\/p>\n<\/li>\n<li data-start=\"633\" data-end=\"797\">\n<p data-start=\"636\" data-end=\"797\"><strong data-start=\"636\" data-end=\"669\">Integra\u00e7\u00e3o aprimorada do fluxo de trabalho<\/strong> \u2013 O design compacto e modular permite a integra\u00e7\u00e3o perfeita em linhas SMT existentes, melhorando a efici\u00eancia operacional geral.<\/p>\n<\/li>\n<li data-start=\"799\" data-end=\"966\">\n<p data-start=\"802\" data-end=\"966\"><strong data-start=\"802\" data-end=\"830\">Redu\u00e7\u00e3o de retrabalho e desperd\u00edcio<\/strong> \u2013 Mant\u00e9m a limpeza ideal das ferramentas, reduzindo defeitos e a necessidade de retrabalho, o que, em \u00faltima an\u00e1lise, economiza custos de material e tempo de produ\u00e7\u00e3o.<\/p>\n<\/li>\n<li data-start=\"968\" data-end=\"1140\">\n<p data-start=\"971\" data-end=\"1140\"><strong data-start=\"971\" data-end=\"1006\">Seguran\u00e7a e conveni\u00eancia do operador<\/strong> \u2013 Possui c\u00e2maras de limpeza de f\u00e1cil acesso e ciclos automatizados, minimizando o manuseio manual e garantindo condi\u00e7\u00f5es de trabalho mais seguras.<\/p>\n<\/li>\n<\/ul>\n<p>&nbsp;<\/p>\n<h2>Especifica\u00e7\u00f5es<\/h2>\n<table style=\"border-collapse: collapse; width: 1373px; height: 218px;\" border=\"0\" width=\"760\" cellspacing=\"0\" cellpadding=\"0\">\n<tbody>\n<tr style=\"height: 14.25pt;\">\n<td class=\"et2\" style=\"height: 14.25pt; width: 117.75pt; text-align: center;\" width=\"157\" height=\"19\">Modelo<\/td>\n<td class=\"et2\" style=\"width: 92.25pt; text-align: center;\" width=\"123\">YUC-20<\/td>\n<td class=\"et2\" style=\"width: 89.25pt; text-align: center;\" width=\"119\">YUC-40<\/td>\n<td class=\"et2\" style=\"width: 93.75pt; text-align: center;\" width=\"125\">YUC-60<\/td>\n<td class=\"et2\" style=\"width: 88.5pt; text-align: center;\" width=\"118\">YUC-80<\/td>\n<td class=\"et2\" style=\"width: 88.5pt; text-align: center;\" width=\"118\">YUC-100<\/td>\n<\/tr>\n<tr style=\"height: 14.25pt;\">\n<td class=\"et2\" style=\"height: 14.25pt; text-align: center;\" height=\"19\">Tamanho da cesta (mm)<\/td>\n<td class=\"et2\" style=\"text-align: center;\">240*135*150mm<\/td>\n<td class=\"et2\" style=\"text-align: center;\">300*240*150mm<\/td>\n<td class=\"et2\" style=\"text-align: center;\">330*330*200mm<\/td>\n<td class=\"et2\" style=\"text-align: center;\">500*300*200mm<\/td>\n<td class=\"et2\" style=\"text-align: center;\">500*300*300mm<\/td>\n<\/tr>\n<tr style=\"height: 14.25pt;\">\n<td class=\"et4\" style=\"height: 14.25pt; width: 117.75pt; text-align: center;\" width=\"157\" height=\"19\">Capacidade do tanque<\/td>\n<td class=\"et2\" style=\"text-align: center;\">4,8L<\/td>\n<td class=\"et2\" style=\"text-align: center;\">10L<\/td>\n<td class=\"et2\" style=\"text-align: center;\">20L<\/td>\n<td class=\"et2\" style=\"text-align: center;\">30L<\/td>\n<td class=\"et2\" style=\"text-align: center;\">45L<\/td>\n<\/tr>\n<tr style=\"height: 14.25pt;\">\n<td class=\"et2\" style=\"height: 14.25pt; text-align: center;\" height=\"19\">Freq\u00fc\u00eancia<\/td>\n<td class=\"et2\" style=\"text-align: center;\">4000 Hz<\/td>\n<td class=\"et2\" style=\"text-align: center;\">4000 Hz<\/td>\n<td class=\"et2\" style=\"text-align: center;\">4000 Hz<\/td>\n<td class=\"et2\" style=\"text-align: center;\">4000 Hz<\/td>\n<td class=\"et2\" style=\"text-align: center;\">4000 Hz<\/td>\n<\/tr>\n<tr style=\"height: 14.25pt;\">\n<td class=\"et2\" style=\"height: 14.25pt; text-align: center;\" height=\"19\">Tempo<\/td>\n<td class=\"et2\" style=\"text-align: center;\">1-30 minutos<\/td>\n<td class=\"et2\" style=\"text-align: center;\">1-30 minutos<\/td>\n<td class=\"et2\" style=\"text-align: center;\">1-30 minutos<\/td>\n<td class=\"et2\" style=\"text-align: center;\">1-30 minutos<\/td>\n<td class=\"et2\" style=\"text-align: center;\">1-30 minutos<\/td>\n<\/tr>\n<tr style=\"height: 14.25pt;\">\n<td class=\"et2\" style=\"height: 14.25pt; text-align: center;\" height=\"19\">Pot\u00eancia ultrass\u00f4nica<\/td>\n<td class=\"et4\" style=\"width: 92.25pt; text-align: center;\" width=\"123\">120W<\/td>\n<td class=\"et4\" style=\"width: 89.25pt; text-align: center;\" width=\"119\">240W<\/td>\n<td class=\"et4\" style=\"width: 93.75pt; text-align: center;\" width=\"125\">360W<\/td>\n<td class=\"et4\" style=\"width: 88.5pt; text-align: center;\" width=\"118\">600W<\/td>\n<td class=\"et4\" style=\"width: 88.5pt; text-align: center;\" width=\"118\">720W<\/td>\n<\/tr>\n<tr style=\"height: 14.25pt;\">\n<td class=\"et4\" style=\"height: 14.25pt; width: 117.75pt; text-align: center;\" width=\"157\" height=\"19\">Dimens\u00f5es (mm) C*L*A<\/td>\n<td class=\"et4\" style=\"width: 92.25pt; text-align: center;\" width=\"123\">265*165*285<\/td>\n<td class=\"et4\" style=\"width: 89.25pt; text-align: center;\" width=\"119\">330*270*310<\/td>\n<td class=\"et4\" style=\"width: 93.75pt; text-align: center;\" width=\"125\">530*330*390<\/td>\n<td class=\"et4\" style=\"width: 88.5pt; text-align: center;\" width=\"118\">530*330*390<\/td>\n<td class=\"et4\" style=\"width: 88.5pt; text-align: center;\" width=\"118\">530*330*490<\/td>\n<\/tr>\n<tr style=\"height: 14.25pt;\">\n<td class=\"et2\" style=\"height: 14.25pt; text-align: center;\" height=\"19\">Poder<\/td>\n<td class=\"et4\" style=\"width: 92.25pt; text-align: center;\" width=\"123\">AC220V, 50\/60Hz<\/td>\n<td class=\"et4\" style=\"width: 89.25pt; text-align: center;\" width=\"119\">AC220V, 50\/60Hz<\/td>\n<td class=\"et4\" style=\"width: 93.75pt; text-align: center;\" width=\"125\">AC220V, 50\/60Hz<\/td>\n<td class=\"et4\" style=\"width: 88.5pt; text-align: center;\" width=\"118\">AC220V, 50\/60Hz<\/td>\n<td class=\"et4\" style=\"width: 88.5pt; text-align: center;\" width=\"118\">AC220V, 50\/60Hz<\/td>\n<\/tr>\n<tr style=\"height: 14.25pt;\">\n<td class=\"et2\" style=\"height: 14.25pt; text-align: center;\" height=\"19\">Peso<\/td>\n<td class=\"et2\" style=\"text-align: center;\">4 kg<\/td>\n<td class=\"et2\" style=\"text-align: center;\">8 kg<\/td>\n<td class=\"et2\" style=\"text-align: center;\">11 kg<\/td>\n<td class=\"et2\" style=\"text-align: center;\">15 kg<\/td>\n<td class=\"et2\" style=\"text-align: center;\">20 kg<\/td>\n<\/tr>\n<\/tbody>\n<\/table>\n<p>&nbsp;<\/p>\n<p><a href=\"https:\/\/www.youtube.com\/@allaismt\" rel=\"nofollow noopener\" target=\"_blank\"><u>https:\/\/www.youtube.com\/@allaismt<\/u><\/a><\/p>\n<p>Para obter mais informa\u00e7\u00f5es sobre a m\u00e1quina de limpeza ultrass\u00f4nica SMT YUC-60, envie um e-mail para<\/p>\n<p><a href=\"mailto:sophia@allaismt.com\"><u>sophia@allaismt.com<\/u><\/a><\/p>\n<p>Responderemos \u00e0 sua solicita\u00e7\u00e3o prontamente e forneceremos informa\u00e7\u00f5es detalhadas sobre nossos produtos e servi\u00e7os.<\/p>","protected":false},"excerpt":{"rendered":"<p>Descri\u00e7\u00e3o: O <strong>M\u00e1quina de limpeza ultrass\u00f4nica SMT YUC-60<\/strong> O YUC-60 \u00e9 uma solu\u00e7\u00e3o r\u00e1pida, precisa e confi\u00e1vel para a limpeza de est\u00eanceis de PCB, bicos e outras ferramentas SMT. Utilizando tecnologia ultrass\u00f4nica avan\u00e7ada, remove com efici\u00eancia res\u00edduos de pasta de solda e fluxo, protegendo componentes delicados. Compacto, f\u00e1cil de operar e adequado para produ\u00e7\u00e3o SMT em larga escala, o YUC-60 melhora a precis\u00e3o da soldagem, reduz defeitos e aumenta a efici\u00eancia geral da linha de produ\u00e7\u00e3o.<\/p>\n<p>Quantidade m\u00ednima para encomenda: 1 unidade<\/p>\n<p>Prazo de entrega: 15 dias<\/p>","protected":false},"featured_media":22700,"comment_status":"closed","ping_status":"closed","template":"","meta":[],"etheme_brands":[],"product_brand":[],"product_cat":[156],"product_tag":[],"class_list":{"0":"post-22699","1":"product","2":"type-product","3":"status-publish","4":"has-post-thumbnail","6":"product_cat-pcb-cleaning-machine","8":"first","9":"instock","10":"shipping-taxable","11":"product-type-simple"},"_links":{"self":[{"href":"https:\/\/esmte.com\/pt\/wp-json\/wp\/v2\/product\/22699","targetHints":{"allow":["GET"]}}],"collection":[{"href":"https:\/\/esmte.com\/pt\/wp-json\/wp\/v2\/product"}],"about":[{"href":"https:\/\/esmte.com\/pt\/wp-json\/wp\/v2\/types\/product"}],"replies":[{"embeddable":true,"href":"https:\/\/esmte.com\/pt\/wp-json\/wp\/v2\/comments?post=22699"}],"version-history":[{"count":1,"href":"https:\/\/esmte.com\/pt\/wp-json\/wp\/v2\/product\/22699\/revisions"}],"predecessor-version":[{"id":22702,"href":"https:\/\/esmte.com\/pt\/wp-json\/wp\/v2\/product\/22699\/revisions\/22702"}],"wp:featuredmedia":[{"embeddable":true,"href":"https:\/\/esmte.com\/pt\/wp-json\/wp\/v2\/media\/22700"}],"wp:attachment":[{"href":"https:\/\/esmte.com\/pt\/wp-json\/wp\/v2\/media?parent=22699"}],"wp:term":[{"taxonomy":"brand","embeddable":true,"href":"https:\/\/esmte.com\/pt\/wp-json\/wp\/v2\/etheme_brands?post=22699"},{"taxonomy":"product_brand","embeddable":true,"href":"https:\/\/esmte.com\/pt\/wp-json\/wp\/v2\/product_brand?post=22699"},{"taxonomy":"product_cat","embeddable":true,"href":"https:\/\/esmte.com\/pt\/wp-json\/wp\/v2\/product_cat?post=22699"},{"taxonomy":"product_tag","embeddable":true,"href":"https:\/\/esmte.com\/pt\/wp-json\/wp\/v2\/product_tag?post=22699"}],"curies":[{"name":"wp","href":"https:\/\/api.w.org\/{rel}","templated":true}]}}