{"id":22691,"date":"2025-12-02T09:38:18","date_gmt":"2025-12-02T09:38:18","guid":{"rendered":"https:\/\/esmte.com\/?post_type=product&#038;p=22691"},"modified":"2025-12-02T09:38:18","modified_gmt":"2025-12-02T09:38:18","slug":"smt-ultrasonic-cleaning-machine-yuc-20","status":"publish","type":"product","link":"https:\/\/esmte.com\/pt\/products\/smt-ultrasonic-cleaning-machine-yuc-20\/","title":{"rendered":"M\u00e1quina de limpeza ultrass\u00f4nica SMT YUC-20"},"content":{"rendered":"<h2>Introdu\u00e7\u00e3o<\/h2>\n<p data-start=\"173\" data-end=\"595\">O <strong>M\u00e1quina de limpeza ultrass\u00f4nica SMT YUC-20<\/strong> Foi projetado para fornecer uma limpeza r\u00e1pida, completa e precisa de est\u00eanceis de PCB, bicos e outras ferramentas SMT. Utilizando tecnologia ultrass\u00f4nica avan\u00e7ada, remove com efic\u00e1cia res\u00edduos de pasta de solda e contaminantes, garantindo a montagem de PCBs de alta qualidade e reduzindo defeitos. Essa solu\u00e7\u00e3o automatizada minimiza o esfor\u00e7o de limpeza manual, economizando tempo e aumentando a efici\u00eancia da produ\u00e7\u00e3o.<\/p>\n<p data-start=\"597\" data-end=\"987\">Compacto e robusto, o <strong>M\u00e1quina de limpeza ultrass\u00f4nica SMT YUC-20<\/strong> \u00c9 f\u00e1cil de integrar em linhas de produ\u00e7\u00e3o SMT de todos os tamanhos. Seu sistema de controle intuitivo permite que os operadores definam os par\u00e2metros de limpeza rapidamente, garantindo resultados consistentes em v\u00e1rios ciclos. A constru\u00e7\u00e3o robusta da m\u00e1quina garante confiabilidade a longo prazo e manuten\u00e7\u00e3o m\u00ednima, tornando-a adequada para ambientes exigentes de fabrica\u00e7\u00e3o eletr\u00f4nica.<\/p>\n<p data-start=\"989\" data-end=\"1305\">Projetado para lidar com v\u00e1rios tamanhos e tipos de est\u00eancil de PCB, o <strong>M\u00e1quina de limpeza ultrass\u00f4nica SMT YUC-20<\/strong> Proporciona uma limpeza uniforme sem causar danos, preservando a vida \u00fatil das ferramentas e mantendo a precis\u00e3o da produ\u00e7\u00e3o. Ao garantir est\u00eanceis e ferramentas limpos, melhora a qualidade da soldagem, reduz o retrabalho e otimiza o fluxo de trabalho geral nas opera\u00e7\u00f5es de SMT.<\/p>\n<p data-start=\"1307\" data-end=\"1535\">O <strong>M\u00e1quina de limpeza ultrass\u00f4nica SMT YUC-20<\/strong> Combina efici\u00eancia, precis\u00e3o e confiabilidade, oferecendo aos fabricantes de eletr\u00f4nicos uma solu\u00e7\u00e3o confi\u00e1vel para manter a limpeza das ferramentas e maximizar a qualidade da produ\u00e7\u00e3o de placas de circuito impresso (PCBs).<\/p>\n<p data-start=\"1307\" data-end=\"1535\">\n<p><img loading=\"lazy\" decoding=\"async\" class=\"alignnone wp-image-22692  aligncenter\" src=\"https:\/\/esmte.com\/wp-content\/uploads\/2025\/12\/11-16.webp\" alt=\"SMT Ultrasonic Cleaning Machine \" width=\"676\" height=\"676\" srcset=\"https:\/\/esmte.com\/wp-content\/uploads\/2025\/12\/11-16.webp 2560w, https:\/\/esmte.com\/wp-content\/uploads\/2025\/12\/11-16-100x100.webp 100w, https:\/\/esmte.com\/wp-content\/uploads\/2025\/12\/11-16-600x600.webp 600w, https:\/\/esmte.com\/wp-content\/uploads\/2025\/12\/11-16-300x300.webp 300w, https:\/\/esmte.com\/wp-content\/uploads\/2025\/12\/11-16-1024x1024.webp 1024w, https:\/\/esmte.com\/wp-content\/uploads\/2025\/12\/11-16-150x150.webp 150w, https:\/\/esmte.com\/wp-content\/uploads\/2025\/12\/11-16-768x768.webp 768w, https:\/\/esmte.com\/wp-content\/uploads\/2025\/12\/11-16-1536x1536.webp 1536w, https:\/\/esmte.com\/wp-content\/uploads\/2025\/12\/11-16-2048x2048.webp 2048w, https:\/\/esmte.com\/wp-content\/uploads\/2025\/12\/11-16-1x1.webp 1w, https:\/\/esmte.com\/wp-content\/uploads\/2025\/12\/11-16-10x10.webp 10w\" sizes=\"auto, (max-width: 676px) 100vw, 676px\" \/><\/p>\n<p>&nbsp;<\/p>\n<h3>Principais caracter\u00edsticas<\/h3>\n<ul data-start=\"92\" data-end=\"1165\">\n<li data-start=\"92\" data-end=\"281\">\n<p data-start=\"95\" data-end=\"281\"><strong data-start=\"95\" data-end=\"129\">Tecnologia ultrass\u00f4nica avan\u00e7ada<\/strong> \u2013 Utiliza ondas ultrass\u00f4nicas de alta frequ\u00eancia para remover pasta de solda, fluxo e contaminantes de est\u00eanceis de PCB e ferramentas SMT de forma eficiente e sem danos.<\/p>\n<\/li>\n<li data-start=\"283\" data-end=\"454\">\n<p data-start=\"286\" data-end=\"454\"><strong data-start=\"286\" data-end=\"316\">Processo de limpeza automatizado<\/strong> \u2013 A opera\u00e7\u00e3o totalmente autom\u00e1tica reduz o trabalho manual, economiza tempo e garante resultados de limpeza consistentes para linhas de produ\u00e7\u00e3o de alto volume.<\/p>\n<\/li>\n<li data-start=\"456\" data-end=\"616\">\n<p data-start=\"459\" data-end=\"616\"><strong data-start=\"459\" data-end=\"486\">Interface amig\u00e1vel<\/strong> \u2013 O painel de controle intuitivo permite que os operadores definam os par\u00e2metros de limpeza rapidamente, garantindo ciclos de limpeza precisos e repet\u00edveis.<\/p>\n<\/li>\n<li data-start=\"618\" data-end=\"798\">\n<p data-start=\"621\" data-end=\"798\"><strong data-start=\"621\" data-end=\"651\">Design compacto e dur\u00e1vel<\/strong> \u2013 Seu formato compacto se encaixa facilmente em linhas de produ\u00e7\u00e3o SMT, enquanto sua constru\u00e7\u00e3o robusta garante confiabilidade a longo prazo e manuten\u00e7\u00e3o m\u00ednima.<\/p>\n<\/li>\n<li data-start=\"800\" data-end=\"964\">\n<p data-start=\"803\" data-end=\"964\"><strong data-start=\"803\" data-end=\"825\">Ampla compatibilidade<\/strong> \u2013 Capaz de limpar est\u00eanceis de v\u00e1rios tamanhos, bicos e ferramentas SMT, oferecendo solu\u00e7\u00f5es flex\u00edveis para diversas necessidades de montagem de PCBs.<\/p>\n<\/li>\n<li data-start=\"966\" data-end=\"1165\">\n<p data-start=\"969\" data-end=\"1165\"><strong data-start=\"969\" data-end=\"1000\">Qualidade e seguran\u00e7a consistentes<\/strong> \u2013 Garante uma limpeza completa sem danificar componentes delicados, melhorando a precis\u00e3o da soldagem, reduzindo defeitos e aumentando a efici\u00eancia geral da produ\u00e7\u00e3o de PCBs.<\/p>\n<\/li>\n<\/ul>\n<p>&nbsp;<\/p>\n<h2>Especifica\u00e7\u00f5es<\/h2>\n<table style=\"border-collapse: collapse; width: 1377px; height: 251px;\" border=\"0\" width=\"760\" cellspacing=\"0\" cellpadding=\"0\">\n<tbody>\n<tr style=\"height: 14.25pt;\">\n<td class=\"et2\" style=\"height: 14.25pt; width: 117.75pt; text-align: center;\" width=\"157\" height=\"19\">Modelo<\/td>\n<td class=\"et2\" style=\"width: 92.25pt; text-align: center;\" width=\"123\">YUC-20<\/td>\n<td class=\"et2\" style=\"width: 89.25pt; text-align: center;\" width=\"119\">YUC-40<\/td>\n<td class=\"et2\" style=\"width: 93.75pt; text-align: center;\" width=\"125\">YUC-60<\/td>\n<td class=\"et2\" style=\"width: 88.5pt; text-align: center;\" width=\"118\">YUC-80<\/td>\n<td class=\"et2\" style=\"width: 88.5pt; text-align: center;\" width=\"118\">YUC-100<\/td>\n<\/tr>\n<tr style=\"height: 14.25pt;\">\n<td class=\"et2\" style=\"height: 14.25pt; text-align: center;\" height=\"19\">Tamanho da cesta (mm)<\/td>\n<td class=\"et2\" style=\"text-align: center;\">240*135*150mm<\/td>\n<td class=\"et2\" style=\"text-align: center;\">300*240*150mm<\/td>\n<td class=\"et2\" style=\"text-align: center;\">330*330*200mm<\/td>\n<td class=\"et2\" style=\"text-align: center;\">500*300*200mm<\/td>\n<td class=\"et2\" style=\"text-align: center;\">500*300*300mm<\/td>\n<\/tr>\n<tr style=\"height: 14.25pt;\">\n<td class=\"et4\" style=\"height: 14.25pt; width: 117.75pt; text-align: center;\" width=\"157\" height=\"19\">Capacidade do tanque<\/td>\n<td class=\"et2\" style=\"text-align: center;\">4,8L<\/td>\n<td class=\"et2\" style=\"text-align: center;\">10L<\/td>\n<td class=\"et2\" style=\"text-align: center;\">20L<\/td>\n<td class=\"et2\" style=\"text-align: center;\">30L<\/td>\n<td class=\"et2\" style=\"text-align: center;\">45L<\/td>\n<\/tr>\n<tr style=\"height: 14.25pt;\">\n<td class=\"et2\" style=\"height: 14.25pt; text-align: center;\" height=\"19\">Freq\u00fc\u00eancia<\/td>\n<td class=\"et2\" style=\"text-align: center;\">4000 Hz<\/td>\n<td class=\"et2\" style=\"text-align: center;\">4000 Hz<\/td>\n<td class=\"et2\" style=\"text-align: center;\">4000 Hz<\/td>\n<td class=\"et2\" style=\"text-align: center;\">4000 Hz<\/td>\n<td class=\"et2\" style=\"text-align: center;\">4000 Hz<\/td>\n<\/tr>\n<tr style=\"height: 14.25pt;\">\n<td class=\"et2\" style=\"height: 14.25pt; text-align: center;\" height=\"19\">Tempo<\/td>\n<td class=\"et2\" style=\"text-align: center;\">1-30 minutos<\/td>\n<td class=\"et2\" style=\"text-align: center;\">1-30 minutos<\/td>\n<td class=\"et2\" style=\"text-align: center;\">1-30 minutos<\/td>\n<td class=\"et2\" style=\"text-align: center;\">1-30 minutos<\/td>\n<td class=\"et2\" style=\"text-align: center;\">1-30 minutos<\/td>\n<\/tr>\n<tr style=\"height: 14.25pt;\">\n<td class=\"et2\" style=\"height: 14.25pt; text-align: center;\" height=\"19\">Pot\u00eancia ultrass\u00f4nica<\/td>\n<td class=\"et4\" style=\"width: 92.25pt; text-align: center;\" width=\"123\">120W<\/td>\n<td class=\"et4\" style=\"width: 89.25pt; text-align: center;\" width=\"119\">240W<\/td>\n<td class=\"et4\" style=\"width: 93.75pt; text-align: center;\" width=\"125\">360W<\/td>\n<td class=\"et4\" style=\"width: 88.5pt; text-align: center;\" width=\"118\">600W<\/td>\n<td class=\"et4\" style=\"width: 88.5pt; text-align: center;\" width=\"118\">720W<\/td>\n<\/tr>\n<tr style=\"height: 14.25pt;\">\n<td class=\"et4\" style=\"height: 14.25pt; width: 117.75pt; text-align: center;\" width=\"157\" height=\"19\">Dimens\u00f5es (mm) C*L*A<\/td>\n<td class=\"et4\" style=\"width: 92.25pt; text-align: center;\" width=\"123\">265*165*285<\/td>\n<td class=\"et4\" style=\"width: 89.25pt; text-align: center;\" width=\"119\">330*270*310<\/td>\n<td class=\"et4\" style=\"width: 93.75pt; text-align: center;\" width=\"125\">530*330*390<\/td>\n<td class=\"et4\" style=\"width: 88.5pt; text-align: center;\" width=\"118\">530*330*390<\/td>\n<td class=\"et4\" style=\"width: 88.5pt; text-align: center;\" width=\"118\">530*330*490<\/td>\n<\/tr>\n<tr style=\"height: 14.25pt;\">\n<td class=\"et2\" style=\"height: 14.25pt; text-align: center;\" height=\"19\">Poder<\/td>\n<td class=\"et4\" style=\"width: 92.25pt; text-align: center;\" width=\"123\">AC220V, 50\/60Hz<\/td>\n<td class=\"et4\" style=\"width: 89.25pt; text-align: center;\" width=\"119\">AC220V, 50\/60Hz<\/td>\n<td class=\"et4\" style=\"width: 93.75pt; text-align: center;\" width=\"125\">AC220V, 50\/60Hz<\/td>\n<td class=\"et4\" style=\"width: 88.5pt; text-align: center;\" width=\"118\">AC220V, 50\/60Hz<\/td>\n<td class=\"et4\" style=\"width: 88.5pt; text-align: center;\" width=\"118\">AC220V, 50\/60Hz<\/td>\n<\/tr>\n<tr style=\"height: 14.25pt;\">\n<td class=\"et2\" style=\"height: 14.25pt; text-align: center;\" height=\"19\">Peso<\/td>\n<td class=\"et2\" style=\"text-align: center;\">4 kg<\/td>\n<td class=\"et2\" style=\"text-align: center;\">8 kg<\/td>\n<td class=\"et2\" style=\"text-align: center;\">11 kg<\/td>\n<td class=\"et2\" style=\"text-align: center;\">15 kg<\/td>\n<td class=\"et2\" style=\"text-align: center;\">20 kg<\/td>\n<\/tr>\n<\/tbody>\n<\/table>\n<p>&nbsp;<\/p>\n<p><a href=\"https:\/\/www.youtube.com\/@allaismt\" rel=\"nofollow noopener\" target=\"_blank\"><u>https:\/\/www.youtube.com\/@allaismt<\/u><\/a><\/p>\n<p>Para obter mais informa\u00e7\u00f5es sobre a m\u00e1quina de limpeza ultrass\u00f4nica SMT YUC-60, envie um e-mail para<\/p>\n<p><a href=\"mailto:sophia@allaismt.com\"><u>sophia@allaismt.com<\/u><\/a><\/p>\n<p>Responderemos \u00e0 sua solicita\u00e7\u00e3o prontamente e forneceremos informa\u00e7\u00f5es detalhadas sobre nossos produtos e servi\u00e7os.<\/p>","protected":false},"excerpt":{"rendered":"<p>Descri\u00e7\u00e3o: O <strong>M\u00e1quina de limpeza ultrass\u00f4nica SMT YUC-20<\/strong> O YUC-20 foi projetado para a limpeza eficiente e precisa de est\u00eanceis de PCBs, bicos e ferramentas SMT. Utilizando tecnologia ultrass\u00f4nica avan\u00e7ada, ele remove completamente a pasta de solda e os res\u00edduos de fluxo sem danificar componentes delicados. Compacto, f\u00e1cil de operar e altamente confi\u00e1vel, o YUC-20 melhora a qualidade da montagem de PCBs, reduz defeitos e aumenta a efici\u00eancia geral da produ\u00e7\u00e3o, tornando-o ideal para a fabrica\u00e7\u00e3o de eletr\u00f4nicos em alto volume e linhas de produ\u00e7\u00e3o SMT modernas.<\/p>\n<p>Quantidade m\u00ednima para encomenda: 1 unidade<\/p>\n<p>Prazo de entrega: 15 dias<\/p>","protected":false},"featured_media":22693,"comment_status":"closed","ping_status":"closed","template":"","meta":[],"etheme_brands":[],"product_brand":[],"product_cat":[156],"product_tag":[],"class_list":{"0":"post-22691","1":"product","2":"type-product","3":"status-publish","4":"has-post-thumbnail","6":"product_cat-pcb-cleaning-machine","8":"first","9":"instock","10":"shipping-taxable","11":"product-type-simple"},"_links":{"self":[{"href":"https:\/\/esmte.com\/pt\/wp-json\/wp\/v2\/product\/22691","targetHints":{"allow":["GET"]}}],"collection":[{"href":"https:\/\/esmte.com\/pt\/wp-json\/wp\/v2\/product"}],"about":[{"href":"https:\/\/esmte.com\/pt\/wp-json\/wp\/v2\/types\/product"}],"replies":[{"embeddable":true,"href":"https:\/\/esmte.com\/pt\/wp-json\/wp\/v2\/comments?post=22691"}],"version-history":[{"count":1,"href":"https:\/\/esmte.com\/pt\/wp-json\/wp\/v2\/product\/22691\/revisions"}],"predecessor-version":[{"id":22694,"href":"https:\/\/esmte.com\/pt\/wp-json\/wp\/v2\/product\/22691\/revisions\/22694"}],"wp:featuredmedia":[{"embeddable":true,"href":"https:\/\/esmte.com\/pt\/wp-json\/wp\/v2\/media\/22693"}],"wp:attachment":[{"href":"https:\/\/esmte.com\/pt\/wp-json\/wp\/v2\/media?parent=22691"}],"wp:term":[{"taxonomy":"brand","embeddable":true,"href":"https:\/\/esmte.com\/pt\/wp-json\/wp\/v2\/etheme_brands?post=22691"},{"taxonomy":"product_brand","embeddable":true,"href":"https:\/\/esmte.com\/pt\/wp-json\/wp\/v2\/product_brand?post=22691"},{"taxonomy":"product_cat","embeddable":true,"href":"https:\/\/esmte.com\/pt\/wp-json\/wp\/v2\/product_cat?post=22691"},{"taxonomy":"product_tag","embeddable":true,"href":"https:\/\/esmte.com\/pt\/wp-json\/wp\/v2\/product_tag?post=22691"}],"curies":[{"name":"wp","href":"https:\/\/api.w.org\/{rel}","templated":true}]}}