{"id":22628,"date":"2025-12-02T02:49:43","date_gmt":"2025-12-02T02:49:43","guid":{"rendered":"https:\/\/esmte.com\/?post_type=product&#038;p=22628"},"modified":"2025-12-02T03:00:57","modified_gmt":"2025-12-02T03:00:57","slug":"full-automatic-smt-pcba-brushing-machine","status":"publish","type":"product","link":"https:\/\/esmte.com\/pt\/products\/full-automatic-smt-pcba-brushing-machine\/","title":{"rendered":"M\u00e1quina de escova\u00e7\u00e3o SMT PCBA totalmente autom\u00e1tica"},"content":{"rendered":"<h2>Introdu\u00e7\u00e3o<\/h2>\n<p>O <strong>M\u00e1quina de escova\u00e7\u00e3o SMT PCBA totalmente autom\u00e1tica<\/strong> Desenvolvida para atender \u00e0 crescente necessidade de superf\u00edcies de PCBs mais limpas e est\u00e1veis na fabrica\u00e7\u00e3o eletr\u00f4nica moderna, esta m\u00e1quina oferece um processo de escova\u00e7\u00e3o controlado e automatizado que prepara cada placa com limpeza consistente antes de entrar nas opera\u00e7\u00f5es SMT subsequentes.<\/p>\n<p>Ao contr\u00e1rio da escova\u00e7\u00e3o manual convencional ou dos m\u00e9todos b\u00e1sicos de remo\u00e7\u00e3o de poeira, o sistema utiliza press\u00e3o de escova\u00e7\u00e3o coordenada, controle de movimento sincronizado e extra\u00e7\u00e3o eficiente de detritos para garantir que todas as superf\u00edcies da placa de circuito impresso (PCB) sejam tratadas uniformemente. O percurso preciso da escova\u00e7\u00e3o desta m\u00e1quina ajuda a remover part\u00edculas indesejadas, camadas de \u00f3xido e microrres\u00edduos que frequentemente se acumulam durante o corte ou armazenamento da PCB. Isso resulta em uma superf\u00edcie mais limpa e pronta para soldagem, o que contribui diretamente para uma maior precis\u00e3o na montagem.<\/p>\n<p>Projetada para integra\u00e7\u00e3o perfeita em linhas SMT de alto volume, a m\u00e1quina de escova\u00e7\u00e3o opera com m\u00ednima interven\u00e7\u00e3o humana. Seu mecanismo de manuseio inteligente transfere cada placa suavemente pelas etapas de escova\u00e7\u00e3o, otimizando a velocidade sem sacrificar a qualidade. Essa automa\u00e7\u00e3o n\u00e3o apenas reduz a depend\u00eancia de m\u00e3o de obra, mas tamb\u00e9m estabiliza a prepara\u00e7\u00e3o da superf\u00edcie em longas s\u00e9ries de produ\u00e7\u00e3o.<\/p>\n<p>O <strong>M\u00e1quina de escova\u00e7\u00e3o SMT PCBA totalmente autom\u00e1tica<\/strong> \u00c9 ideal para fabricantes que buscam refinar seus resultados de soldagem, reduzir as taxas de retrabalho e manter padr\u00f5es de qualidade consistentes. Seja na produ\u00e7\u00e3o de eletr\u00f4nicos de consumo, eletr\u00f4nicos automotivos ou placas de controle industrial, oferece o n\u00edvel de prepara\u00e7\u00e3o de superf\u00edcie necess\u00e1rio para uma fabrica\u00e7\u00e3o de PCBA confi\u00e1vel e de alto desempenho.<\/p>\n<p>&nbsp;<\/p>\n<p><img loading=\"lazy\" decoding=\"async\" class=\"alignnone wp-image-22629 aligncenter\" src=\"https:\/\/esmte.com\/wp-content\/uploads\/2025\/12\/11-11.webp\" alt=\"Full Automatic SMT PCBA Brushing Machine\" width=\"645\" height=\"645\" srcset=\"https:\/\/esmte.com\/wp-content\/uploads\/2025\/12\/11-11.webp 2560w, https:\/\/esmte.com\/wp-content\/uploads\/2025\/12\/11-11-100x100.webp 100w, https:\/\/esmte.com\/wp-content\/uploads\/2025\/12\/11-11-600x600.webp 600w, https:\/\/esmte.com\/wp-content\/uploads\/2025\/12\/11-11-300x300.webp 300w, https:\/\/esmte.com\/wp-content\/uploads\/2025\/12\/11-11-1024x1024.webp 1024w, https:\/\/esmte.com\/wp-content\/uploads\/2025\/12\/11-11-150x150.webp 150w, https:\/\/esmte.com\/wp-content\/uploads\/2025\/12\/11-11-768x768.webp 768w, https:\/\/esmte.com\/wp-content\/uploads\/2025\/12\/11-11-1536x1536.webp 1536w, https:\/\/esmte.com\/wp-content\/uploads\/2025\/12\/11-11-2048x2048.webp 2048w, https:\/\/esmte.com\/wp-content\/uploads\/2025\/12\/11-11-1x1.webp 1w, https:\/\/esmte.com\/wp-content\/uploads\/2025\/12\/11-11-10x10.webp 10w\" sizes=\"auto, (max-width: 645px) 100vw, 645px\" \/><\/p>\n<p>&nbsp;<\/p>\n<h3>Principais caracter\u00edsticas<\/h3>\n<ul>\n<li data-start=\"228\" data-end=\"441\">\n<p data-start=\"231\" data-end=\"441\"><strong data-start=\"231\" data-end=\"266\">Limpeza consistente da superf\u00edcie da placa de circuito impresso<\/strong><br data-start=\"266\" data-end=\"269\" \/>A m\u00e1quina proporciona uma escova\u00e7\u00e3o uniforme em todas as superf\u00edcies da placa de circuito impresso, removendo eficazmente poeira, res\u00edduos de solda e micropart\u00edculas que podem afetar a qualidade da soldagem subsequente.<\/p>\n<\/li>\n<li data-start=\"443\" data-end=\"633\">\n<p data-start=\"446\" data-end=\"633\"><strong data-start=\"446\" data-end=\"475\">Sistema de Manuseio Automatizado<\/strong><br data-start=\"475\" data-end=\"478\" \/>O carregamento, escova\u00e7\u00e3o e descarregamento totalmente automatizados reduzem o contato manual, minimizando o risco de danos \u00e0 superf\u00edcie e garantindo uma efici\u00eancia de produ\u00e7\u00e3o est\u00e1vel.<\/p>\n<\/li>\n<li data-start=\"635\" data-end=\"840\">\n<p data-start=\"638\" data-end=\"840\"><strong data-start=\"638\" data-end=\"670\">Mecanismo de escova\u00e7\u00e3o de precis\u00e3o<\/strong><br data-start=\"670\" data-end=\"673\" \/>A press\u00e3o ajust\u00e1vel da escova e o controle de movimento sincronizado permitem uma limpeza precisa em placas de circuito impresso de diversos tamanhos e densidades de componentes, mantendo alta integridade da superf\u00edcie.<\/p>\n<\/li>\n<li data-start=\"842\" data-end=\"1059\">\n<p data-start=\"845\" data-end=\"1059\"><strong data-start=\"845\" data-end=\"877\">Extra\u00e7\u00e3o Integrada de Detritos<\/strong><br data-start=\"877\" data-end=\"880\" \/>O sistema possui um potente mecanismo de suc\u00e7\u00e3o que captura part\u00edculas durante o processo de escova\u00e7\u00e3o, evitando a recontamina\u00e7\u00e3o e mantendo um ambiente de produ\u00e7\u00e3o limpo.<\/p>\n<\/li>\n<li data-start=\"1061\" data-end=\"1266\">\n<p data-start=\"1064\" data-end=\"1266\"><strong data-start=\"1064\" data-end=\"1101\">Compatibilidade com linhas SMT de alta velocidade<\/strong><br data-start=\"1101\" data-end=\"1104\" \/>Projetado para linhas SMT modernas de alto volume, oferece desempenho de limpeza confi\u00e1vel sem interromper a produ\u00e7\u00e3o, permitindo opera\u00e7\u00e3o cont\u00ednua e eficiente.<\/p>\n<\/li>\n<li data-start=\"1268\" data-end=\"1499\">\n<p data-start=\"1271\" data-end=\"1499\"><strong data-start=\"1271\" data-end=\"1296\">Suporte vers\u00e1til para PCB<\/strong><br data-start=\"1296\" data-end=\"1299\" \/>Compat\u00edvel com uma ampla gama de tipos de PCBs usados em eletr\u00f4nicos de consumo, eletr\u00f4nicos automotivos e placas de controle industrial, tornando-se uma solu\u00e7\u00e3o flex\u00edvel para m\u00faltiplos ambientes de fabrica\u00e7\u00e3o.<\/p>\n<\/li>\n<\/ul>\n<h2>Especifica\u00e7\u00f5es<\/h2>\n<table style=\"border-collapse: collapse; width: 1378px; height: 169px;\" border=\"0\" width=\"296\" cellspacing=\"0\" cellpadding=\"0\">\n<tbody>\n<tr style=\"height: 15.00pt;\">\n<td class=\"et2\" style=\"height: 15pt; width: 81.75pt; text-align: center;\" width=\"109\" height=\"20\">Modelo<\/td>\n<td class=\"et3\" style=\"width: 140.25pt; text-align: center;\" width=\"187\">YC-650<\/td>\n<\/tr>\n<tr style=\"height: 15.00pt;\">\n<td class=\"et4\" style=\"height: 15pt; width: 81.75pt; text-align: center;\" width=\"109\" height=\"20\">Capacidade do tanque<\/td>\n<td class=\"et5\" style=\"width: 140.25pt; text-align: center;\" width=\"187\">100L<\/td>\n<\/tr>\n<tr style=\"height: 15.00pt;\">\n<td class=\"et4\" style=\"height: 15pt; width: 81.75pt; text-align: center;\" width=\"109\" height=\"20\">Tamanho da cesta<\/td>\n<td class=\"et5\" style=\"width: 140.25pt; text-align: center;\" width=\"187\">650 (C) x 650 (L) x 250 (A) mm<\/td>\n<\/tr>\n<tr style=\"height: 15.00pt;\">\n<td class=\"et4\" style=\"height: 15pt; width: 81.75pt; text-align: center;\" width=\"109\" height=\"20\">Dimens\u00e3o<\/td>\n<td class=\"et5\" style=\"width: 140.25pt; text-align: center;\" width=\"187\">830 (C) x 830 (L) x 470 (A) mm<\/td>\n<\/tr>\n<tr style=\"height: 15.00pt;\">\n<td class=\"et4\" style=\"height: 15pt; width: 81.75pt; text-align: center;\" width=\"109\" height=\"20\">Peso<\/td>\n<td class=\"et5\" style=\"width: 140.25pt; text-align: center;\" width=\"187\">48 kg<\/td>\n<\/tr>\n<\/tbody>\n<\/table>\n<p>&nbsp;<\/p>\n<p><a href=\"https:\/\/www.youtube.com\/@allaismt\" rel=\"nofollow noopener\" target=\"_blank\"><u>https:\/\/www.youtube.com\/@allaismt<\/u><\/a><\/p>\n<p>Para obter mais informa\u00e7\u00f5es sobre a M\u00e1quina de Escova\u00e7\u00e3o SMT PCBA Totalmente Autom\u00e1tica, envie um e-mail para<\/p>\n<p><a href=\"mailto:sophia@allaismt.com\"><u>sophia@allaismt.com<\/u><\/a><\/p>\n<p>Responderemos \u00e0 sua solicita\u00e7\u00e3o prontamente e forneceremos informa\u00e7\u00f5es detalhadas sobre nossos produtos e servi\u00e7os.<\/p>","protected":false},"excerpt":{"rendered":"<p>Descri\u00e7\u00e3o: O <strong data-start=\"126\" data-end=\"170\">M\u00e1quina de escova\u00e7\u00e3o SMT PCBA totalmente autom\u00e1tica<\/strong> O sistema foi projetado para fornecer limpeza de superf\u00edcie consistente e confi\u00e1vel para placas de circuito impresso antes das etapas cr\u00edticas de montagem. Utilizando escova\u00e7\u00e3o controlada, extra\u00e7\u00e3o de poeira e manuseio automatizado, ele remove part\u00edculas, res\u00edduos de solda e detritos que podem afetar a qualidade da soldagem. Sua opera\u00e7\u00e3o totalmente automatizada garante desempenho est\u00e1vel em linhas SMT de alta velocidade, melhorando a limpeza do processo, reduzindo defeitos e aumentando o rendimento geral da produ\u00e7\u00e3o. Este sistema compacto \u00e9 ideal para f\u00e1bricas que buscam uma solu\u00e7\u00e3o de prepara\u00e7\u00e3o de PCBs limpa, eficiente e repet\u00edvel.<\/p>\n<p>Quantidade m\u00ednima para encomenda: 1 unidade<\/p>\n<p>Prazo de entrega: 15 dias<\/p>","protected":false},"featured_media":22630,"comment_status":"closed","ping_status":"closed","template":"","meta":[],"etheme_brands":[],"product_brand":[],"product_cat":[156],"product_tag":[],"class_list":{"0":"post-22628","1":"product","2":"type-product","3":"status-publish","4":"has-post-thumbnail","6":"product_cat-pcb-cleaning-machine","8":"first","9":"instock","10":"shipping-taxable","11":"product-type-simple"},"_links":{"self":[{"href":"https:\/\/esmte.com\/pt\/wp-json\/wp\/v2\/product\/22628","targetHints":{"allow":["GET"]}}],"collection":[{"href":"https:\/\/esmte.com\/pt\/wp-json\/wp\/v2\/product"}],"about":[{"href":"https:\/\/esmte.com\/pt\/wp-json\/wp\/v2\/types\/product"}],"replies":[{"embeddable":true,"href":"https:\/\/esmte.com\/pt\/wp-json\/wp\/v2\/comments?post=22628"}],"version-history":[{"count":1,"href":"https:\/\/esmte.com\/pt\/wp-json\/wp\/v2\/product\/22628\/revisions"}],"predecessor-version":[{"id":22632,"href":"https:\/\/esmte.com\/pt\/wp-json\/wp\/v2\/product\/22628\/revisions\/22632"}],"wp:featuredmedia":[{"embeddable":true,"href":"https:\/\/esmte.com\/pt\/wp-json\/wp\/v2\/media\/22630"}],"wp:attachment":[{"href":"https:\/\/esmte.com\/pt\/wp-json\/wp\/v2\/media?parent=22628"}],"wp:term":[{"taxonomy":"brand","embeddable":true,"href":"https:\/\/esmte.com\/pt\/wp-json\/wp\/v2\/etheme_brands?post=22628"},{"taxonomy":"product_brand","embeddable":true,"href":"https:\/\/esmte.com\/pt\/wp-json\/wp\/v2\/product_brand?post=22628"},{"taxonomy":"product_cat","embeddable":true,"href":"https:\/\/esmte.com\/pt\/wp-json\/wp\/v2\/product_cat?post=22628"},{"taxonomy":"product_tag","embeddable":true,"href":"https:\/\/esmte.com\/pt\/wp-json\/wp\/v2\/product_tag?post=22628"}],"curies":[{"name":"wp","href":"https:\/\/api.w.org\/{rel}","templated":true}]}}