{"id":22620,"date":"2025-12-02T02:16:47","date_gmt":"2025-12-02T02:16:47","guid":{"rendered":"https:\/\/esmte.com\/?post_type=product&#038;p=22620"},"modified":"2026-01-14T03:10:37","modified_gmt":"2026-01-14T03:10:37","slug":"camera-module-cleaning-machine","status":"publish","type":"product","link":"https:\/\/esmte.com\/pt\/products\/camera-module-cleaning-machine\/","title":{"rendered":"SMT Camera Module Cleaning Machine"},"content":{"rendered":"<h2>Introdu\u00e7\u00e3o<\/h2>\n<p data-start=\"152\" data-end=\"657\">O<strong> SMT Camera Module Cleaning Machine<\/strong> \u00c9 projetada especificamente para fabricantes que exigem componentes \u00f3pticos impec\u00e1veis antes da montagem final. Em vez de depender da limpeza manual ou da remo\u00e7\u00e3o de poeira em uma \u00fanica etapa, esta m\u00e1quina oferece um processo de limpeza controlado e repet\u00edvel, desenvolvido especialmente para as superf\u00edcies delicadas dos m\u00f3dulos de c\u00e2mera. Sua opera\u00e7\u00e3o concentra-se em preservar a nitidez das lentes, proteger as janelas dos sensores e salvaguardar o caminho \u00f3ptico contra micropart\u00edculas que podem afetar o desempenho da imagem.<\/p>\n<p data-start=\"659\" data-end=\"1080\">Um dos principais pontos fortes deste equipamento reside na sua capacidade de estabilizar a qualidade da limpeza em produ\u00e7\u00f5es de alto volume. O sistema combina gest\u00e3o do fluxo de ar, rolos de limpeza de precis\u00e3o e elimina\u00e7\u00e3o de est\u00e1tica numa sequ\u00eancia rigorosamente coordenada. <strong>SMT\u00a0Camera Module Cleaning Machine<\/strong> Impede que as part\u00edculas se voltem a aderir durante o transporte, reduzindo significativamente defeitos como manchas, n\u00e9voa ou contamina\u00e7\u00e3o por objetos estranhos dentro dos dispositivos de imagem finalizados.<\/p>\n<p data-start=\"1082\" data-end=\"1519\">Projetada com as condi\u00e7\u00f5es reais de fabrica\u00e7\u00e3o em mente, a m\u00e1quina permite a integra\u00e7\u00e3o perfeita em linhas de montagem SMT e \u00f3ptica. Seja para uso antes da fixa\u00e7\u00e3o de lentes, encapsulamento de sensores ou calibra\u00e7\u00e3o de m\u00f3dulos, a m\u00e1quina \u00e9 ideal para diversas aplica\u00e7\u00f5es. <strong>SMT<\/strong>\u00a0<strong>M\u00e1quina de limpeza de m\u00f3dulos de c\u00e2mera<\/strong> Garante uma superf\u00edcie consistentemente limpa que atende aos exigentes requisitos das aplica\u00e7\u00f5es de imagem modernas. Seu tamanho compacto e manuseio automatizado minimizam o contato humano, reduzem o tempo de processo e aumentam o rendimento geral.<\/p>\n<p data-start=\"1521\" data-end=\"1851\">Desde m\u00f3dulos de c\u00e2meras para smartphones at\u00e9 sistemas de vis\u00e3o automotiva e dispositivos de imagem com IA, o<strong> SMT\u00a0Camera Module Cleaning Machine<\/strong> Proporciona o n\u00edvel de pureza superficial necess\u00e1rio para o desempenho \u00f3ptico de \u00faltima gera\u00e7\u00e3o. Serve como uma base confi\u00e1vel para f\u00e1bricas que visam fornecer ao mercado produtos de imagem impec\u00e1veis e de alta resolu\u00e7\u00e3o.<\/p>\n<p data-start=\"1521\" data-end=\"1851\"><img loading=\"lazy\" decoding=\"async\" class=\"aligncenter wp-image-22622\" src=\"https:\/\/esmte.com\/wp-content\/uploads\/2025\/12\/11-10.webp\" alt=\"SMT Camera Module Cleaning Machine\" width=\"595\" height=\"595\" srcset=\"https:\/\/esmte.com\/wp-content\/uploads\/2025\/12\/11-10.webp 1560w, https:\/\/esmte.com\/wp-content\/uploads\/2025\/12\/11-10-100x100.webp 100w, https:\/\/esmte.com\/wp-content\/uploads\/2025\/12\/11-10-600x600.webp 600w, https:\/\/esmte.com\/wp-content\/uploads\/2025\/12\/11-10-300x300.webp 300w, https:\/\/esmte.com\/wp-content\/uploads\/2025\/12\/11-10-1024x1024.webp 1024w, https:\/\/esmte.com\/wp-content\/uploads\/2025\/12\/11-10-150x150.webp 150w, https:\/\/esmte.com\/wp-content\/uploads\/2025\/12\/11-10-768x768.webp 768w, https:\/\/esmte.com\/wp-content\/uploads\/2025\/12\/11-10-1536x1536.webp 1536w, https:\/\/esmte.com\/wp-content\/uploads\/2025\/12\/11-10-1x1.webp 1w, https:\/\/esmte.com\/wp-content\/uploads\/2025\/12\/11-10-10x10.webp 10w\" sizes=\"auto, (max-width: 595px) 100vw, 595px\" \/><\/p>\n<h3>Principais caracter\u00edsticas<\/h3>\n<ul>\n<li data-start=\"181\" data-end=\"463\">\n<p data-start=\"184\" data-end=\"463\"><strong data-start=\"184\" data-end=\"222\">Limpeza de Precis\u00e3o de Superf\u00edcies \u00d3pticas<\/strong><br data-start=\"222\" data-end=\"225\" \/>A m\u00e1quina oferece uma limpeza altamente controlada, otimizada especificamente para superf\u00edcies sens\u00edveis de m\u00f3dulos de c\u00e2meras, garantindo a remo\u00e7\u00e3o eficiente de poeira, fibras e micropart\u00edculas sem arranhar ou danificar componentes \u00f3pticos delicados.<\/p>\n<\/li>\n<li data-start=\"465\" data-end=\"722\">\n<p data-start=\"468\" data-end=\"722\"><strong data-start=\"468\" data-end=\"506\">Sistema Avan\u00e7ado de Elimina\u00e7\u00e3o de Est\u00e1tica<\/strong><br data-start=\"506\" data-end=\"509\" \/>A tecnologia de ioniza\u00e7\u00e3o integrada neutraliza as cargas est\u00e1ticas que normalmente atraem contaminantes presentes no ar, ajudando a manter a limpeza a longo prazo e evitando a reconex\u00e3o de part\u00edculas durante o processo de manuseio.<\/p>\n<\/li>\n<li data-start=\"724\" data-end=\"977\">\n<p data-start=\"727\" data-end=\"977\"><strong data-start=\"727\" data-end=\"764\">Arquitetura de limpeza em m\u00faltiplos est\u00e1gios<\/strong><br data-start=\"764\" data-end=\"767\" \/>Equipado com m\u00f3dulos coordenados de sopro de ar, rolos e suc\u00e7\u00e3o, o sistema executa etapas de limpeza sequenciais que produzem resultados consistentes e repet\u00edveis, adequados para linhas de montagem \u00f3ptica de alta resolu\u00e7\u00e3o.<\/p>\n<\/li>\n<li data-start=\"979\" data-end=\"1212\">\n<p data-start=\"982\" data-end=\"1212\"><strong data-start=\"982\" data-end=\"1018\">Processo de manuseio totalmente automatizado<\/strong><br data-start=\"1018\" data-end=\"1021\" \/>O carregamento, a transfer\u00eancia e o descarregamento automatizados reduzem a intera\u00e7\u00e3o manual e garantem uma produtividade est\u00e1vel, proporcionando um desempenho de limpeza confi\u00e1vel para ambientes de fabrica\u00e7\u00e3o de alto volume.<\/p>\n<\/li>\n<li data-start=\"1214\" data-end=\"1428\">\n<p data-start=\"1217\" data-end=\"1428\"><strong data-start=\"1217\" data-end=\"1253\">Monitoramento de desempenho em tempo real<\/strong><br data-start=\"1253\" data-end=\"1256\" \/>Sensores inteligentes e fun\u00e7\u00f5es de feedback do processo monitoram continuamente a efic\u00e1cia da limpeza, permitindo ajustes r\u00e1pidos para manter os padr\u00f5es de qualidade e reduzir as taxas de defeitos.<\/p>\n<\/li>\n<li data-start=\"1430\" data-end=\"1691\">\n<p data-start=\"1433\" data-end=\"1691\"><strong data-start=\"1433\" data-end=\"1477\">Ampla compatibilidade com produtos \u00f3pticos<\/strong><br data-start=\"1477\" data-end=\"1480\" \/>A m\u00e1quina suporta diversos tamanhos de m\u00f3dulos de c\u00e2mera usados em smartphones, c\u00e2meras automotivas, sensores de vis\u00e3o industrial e outros dispositivos de imagem, tornando-se uma solu\u00e7\u00e3o vers\u00e1til para a fabrica\u00e7\u00e3o \u00f3ptica moderna.<\/p>\n<\/li>\n<\/ul>\n<p>&nbsp;<\/p>\n<h2>Especifica\u00e7\u00f5es<\/h2>\n<table style=\"border-collapse: collapse; width: 1377px; height: 190px;\" border=\"0\" width=\"423\" cellspacing=\"0\" cellpadding=\"0\">\n<tbody>\n<tr style=\"height: 15.00pt;\">\n<td class=\"et2\" style=\"height: 15pt; width: 99pt; text-align: center;\" width=\"132\" height=\"20\">Item<\/td>\n<td class=\"et3\" style=\"width: 218.25pt; text-align: center;\" width=\"291\">YMC-960<\/td>\n<\/tr>\n<tr style=\"height: 15.00pt;\">\n<td class=\"et4\" style=\"height: 15pt; width: 99pt; text-align: center;\" width=\"132\" height=\"20\">Tamanho da placa de limpeza<\/td>\n<td class=\"et5\" style=\"width: 218.25pt; text-align: center;\" width=\"291\">Personalizado (di\u00e2metro do disco de limpeza &lt;\u00f8550mm)<\/td>\n<\/tr>\n<tr style=\"height: 15.00pt;\">\n<td class=\"et4\" style=\"height: 15pt; width: 99pt; text-align: center;\" width=\"132\" height=\"20\">Abastecimento de \u00e1gua DI<\/td>\n<td class=\"et5\" style=\"width: 218.25pt; text-align: center;\" width=\"291\">Vaz\u00e3o: &gt; 7 LPM Resistividade: &gt; 17 M\u03a9<\/td>\n<\/tr>\n<tr style=\"height: 15.00pt;\">\n<td class=\"et4\" style=\"height: 15pt; width: 99pt; text-align: center;\" width=\"132\" height=\"20\">Abastecimento de \u00e1gua DI<\/td>\n<td class=\"et5\" style=\"width: 218.25pt; text-align: center;\" width=\"291\">30~65L\/Min<\/td>\n<\/tr>\n<tr style=\"height: 15.00pt;\">\n<td class=\"et4\" style=\"height: 15pt; width: 99pt; text-align: center;\" width=\"132\" height=\"20\">Poder<\/td>\n<td class=\"et5\" style=\"width: 218.25pt; text-align: center;\" width=\"291\">AC380V\/50A\/50HZ,7KW<\/td>\n<\/tr>\n<tr style=\"height: 15.00pt;\">\n<td class=\"et6\" style=\"height: 15pt; width: 99pt; text-align: center;\" width=\"132\" height=\"20\">Tamanho da m\u00e1quina<\/td>\n<td class=\"et7\" style=\"width: 218.25pt; text-align: center;\" width=\"291\">C800 x L960 x A1880 (mm)<\/td>\n<\/tr>\n<\/tbody>\n<\/table>\n<p>&nbsp;<\/p>\n<p><a href=\"https:\/\/www.youtube.com\/@allaismt\" rel=\"nofollow noopener\" target=\"_blank\"><u>https:\/\/www.youtube.com\/@allaismt<\/u><\/a><\/p>\n<p>Para obter mais informa\u00e7\u00f5es sobre a m\u00e1quina de limpeza de m\u00f3dulos de c\u00e2mera, envie um e-mail para<\/p>\n<p><a href=\"mailto:sophia@allaismt.com\"><u>sophia@allaismt.com<\/u><\/a><\/p>\n<p>Responderemos \u00e0 sua solicita\u00e7\u00e3o prontamente e forneceremos informa\u00e7\u00f5es detalhadas sobre nossos produtos e servi\u00e7os.<\/p>","protected":false},"excerpt":{"rendered":"<p>Descri\u00e7\u00e3o: O <strong>SMT\u00a0Camera Module Cleaning Machine<\/strong> \u00e9 uma solu\u00e7\u00e3o de limpeza avan\u00e7ada projetada para garantir que os componentes \u00f3pticos permane\u00e7am livres de poeira e contamina\u00e7\u00e3o durante a montagem de precis\u00e3o. Desenvolvida para linhas de produ\u00e7\u00e3o de imagem modernas, ela integra tecnologias de remo\u00e7\u00e3o de est\u00e1tica, extra\u00e7\u00e3o de part\u00edculas e limpeza em m\u00faltiplos est\u00e1gios para proteger m\u00f3dulos de c\u00e2mera sens\u00edveis. Seu fluxo de trabalho automatizado aprimora a estabilidade da limpeza, melhora o rendimento e suporta uma ampla gama de aplica\u00e7\u00f5es, incluindo m\u00f3dulos de smartphones, c\u00e2meras automotivas e sistemas de vis\u00e3o industrial. Este equipamento compacto, por\u00e9m poderoso, oferece desempenho de limpeza consistente para ambientes de fabrica\u00e7\u00e3o \u00f3ptica de alta resolu\u00e7\u00e3o.<\/p>\n<p>Quantidade m\u00ednima para encomenda: 1 unidade<\/p>\n<p>Prazo de entrega: 15 dias<\/p>","protected":false},"featured_media":22621,"comment_status":"closed","ping_status":"closed","template":"","meta":[],"etheme_brands":[],"product_brand":[],"product_cat":[156],"product_tag":[],"class_list":{"0":"post-22620","1":"product","2":"type-product","3":"status-publish","4":"has-post-thumbnail","6":"product_cat-pcb-cleaning-machine","8":"first","9":"instock","10":"shipping-taxable","11":"product-type-simple"},"_links":{"self":[{"href":"https:\/\/esmte.com\/pt\/wp-json\/wp\/v2\/product\/22620","targetHints":{"allow":["GET"]}}],"collection":[{"href":"https:\/\/esmte.com\/pt\/wp-json\/wp\/v2\/product"}],"about":[{"href":"https:\/\/esmte.com\/pt\/wp-json\/wp\/v2\/types\/product"}],"replies":[{"embeddable":true,"href":"https:\/\/esmte.com\/pt\/wp-json\/wp\/v2\/comments?post=22620"}],"version-history":[{"count":1,"href":"https:\/\/esmte.com\/pt\/wp-json\/wp\/v2\/product\/22620\/revisions"}],"predecessor-version":[{"id":23785,"href":"https:\/\/esmte.com\/pt\/wp-json\/wp\/v2\/product\/22620\/revisions\/23785"}],"wp:featuredmedia":[{"embeddable":true,"href":"https:\/\/esmte.com\/pt\/wp-json\/wp\/v2\/media\/22621"}],"wp:attachment":[{"href":"https:\/\/esmte.com\/pt\/wp-json\/wp\/v2\/media?parent=22620"}],"wp:term":[{"taxonomy":"brand","embeddable":true,"href":"https:\/\/esmte.com\/pt\/wp-json\/wp\/v2\/etheme_brands?post=22620"},{"taxonomy":"product_brand","embeddable":true,"href":"https:\/\/esmte.com\/pt\/wp-json\/wp\/v2\/product_brand?post=22620"},{"taxonomy":"product_cat","embeddable":true,"href":"https:\/\/esmte.com\/pt\/wp-json\/wp\/v2\/product_cat?post=22620"},{"taxonomy":"product_tag","embeddable":true,"href":"https:\/\/esmte.com\/pt\/wp-json\/wp\/v2\/product_tag?post=22620"}],"curies":[{"name":"wp","href":"https:\/\/api.w.org\/{rel}","templated":true}]}}