{"id":22177,"date":"2025-11-25T08:56:41","date_gmt":"2025-11-25T08:56:41","guid":{"rendered":"https:\/\/esmte.com\/?post_type=product&#038;p=22177"},"modified":"2025-11-28T02:24:05","modified_gmt":"2025-11-28T02:24:05","slug":"smt-pcb-lift-conveyor-ysc-2000","status":"publish","type":"product","link":"https:\/\/esmte.com\/pt\/products\/smt-pcb-lift-conveyor-ysc-2000\/","title":{"rendered":"Esteira transportadora SMT PCB YSC-2000"},"content":{"rendered":"<h2 data-rm-block-id=\"block-1\">Introdu\u00e7\u00e3o<\/h2>\n<p data-start=\"197\" data-end=\"562\">Na fabrica\u00e7\u00e3o moderna de eletr\u00f4nicos, a movimenta\u00e7\u00e3o suave e precisa de placas de circuito impresso (PCBs) pelas diferentes etapas de produ\u00e7\u00e3o \u00e9 fundamental para manter alta efici\u00eancia e qualidade do produto. <strong data-start=\"374\" data-end=\"408\">Esteira transportadora SMT PCB YSC-2000<\/strong> \u00c9 especificamente projetado para fornecer transfer\u00eancia vertical confi\u00e1vel de PCBs em linhas de produ\u00e7\u00e3o SMT, aumentando a flexibilidade do fluxo de trabalho e a efici\u00eancia da linha.<\/p>\n<p data-start=\"564\" data-end=\"929\">O YSC-2000 permite que as placas de circuito impresso (PCBs) se movam perfeitamente entre diferentes n\u00edveis da esteira, garantindo um manuseio est\u00e1vel e preciso. Sua constru\u00e7\u00e3o robusta e sistema de acionamento confi\u00e1vel minimizam o risco de danos \u00e0s placas, mantendo o fluxo de produ\u00e7\u00e3o cont\u00ednuo. A esteira \u00e9 compat\u00edvel com uma variedade de tamanhos de PCBs, tornando-a adapt\u00e1vel a diversas necessidades de fabrica\u00e7\u00e3o.<\/p>\n<p data-start=\"931\" data-end=\"1195\">Dur\u00e1vel e f\u00e1cil de usar, o YSC-2000 apresenta um design compacto que permite f\u00e1cil integra\u00e7\u00e3o em linhas SMT existentes. Sua opera\u00e7\u00e3o intuitiva e design de baixa manuten\u00e7\u00e3o ajudam a reduzir o tempo de inatividade, otimizar os processos de produ\u00e7\u00e3o e melhorar a efici\u00eancia geral da linha.<\/p>\n<p data-start=\"1197\" data-end=\"1514\">Ao incorporar o <strong data-start=\"1218\" data-end=\"1252\">Esteira transportadora SMT PCB YSC-2000<\/strong>, Com essa tecnologia, os fabricantes podem obter transi\u00e7\u00f5es de PCB mais suaves, maior efici\u00eancia de produ\u00e7\u00e3o e manuseio mais seguro de placas sens\u00edveis. \u00c9 uma solu\u00e7\u00e3o essencial para f\u00e1bricas de eletr\u00f4nicos que buscam equipamentos de transfer\u00eancia vertical de PCB precisos, confi\u00e1veis e de alto desempenho.<\/p>\n<p data-start=\"1197\" data-end=\"1514\">\n<p data-rm-block-id=\"block-3\"><img loading=\"lazy\" decoding=\"async\" class=\"aligncenter wp-image-22120 size-full\" src=\"https:\/\/esmte.com\/wp-content\/uploads\/2025\/11\/A.webp\" alt=\"SMT PCB Lift Conveyor YSC-2000\" width=\"391\" height=\"391\" srcset=\"https:\/\/esmte.com\/wp-content\/uploads\/2025\/11\/A.webp 391w, https:\/\/esmte.com\/wp-content\/uploads\/2025\/11\/A-100x100.webp 100w, https:\/\/esmte.com\/wp-content\/uploads\/2025\/11\/A-300x300.webp 300w, https:\/\/esmte.com\/wp-content\/uploads\/2025\/11\/A-150x150.webp 150w, https:\/\/esmte.com\/wp-content\/uploads\/2025\/11\/A-1x1.webp 1w, https:\/\/esmte.com\/wp-content\/uploads\/2025\/11\/A-10x10.webp 10w\" sizes=\"auto, (max-width: 391px) 100vw, 391px\" \/><\/p>\n<p data-rm-block-id=\"block-3\">\n<h3 data-rm-block-id=\"block-4\">Principais caracter\u00edsticas<\/h3>\n<ul>\n<li data-start=\"3190\" data-end=\"3249\">\n<p data-start=\"3192\" data-end=\"3249\" data-rm-block-id=\"block-5\">A resposta r\u00e1pida do elevador suporta um fluxo de produ\u00e7\u00e3o de alta velocidade.<\/p>\n<\/li>\n<li data-start=\"3250\" data-end=\"3306\">\n<p data-start=\"3252\" data-end=\"3306\" data-rm-block-id=\"block-6\">O design estrutural est\u00e1vel minimiza a vibra\u00e7\u00e3o da m\u00e1quina.<\/p>\n<\/li>\n<li data-start=\"3307\" data-end=\"3364\">\n<p data-start=\"3309\" data-end=\"3364\" data-rm-block-id=\"block-7\">Compat\u00edvel com transportadores SMT a montante e a jusante.<\/p>\n<\/li>\n<li data-start=\"3365\" data-end=\"3421\">\n<p data-start=\"3367\" data-end=\"3421\" data-rm-block-id=\"block-8\">O controle inteligente garante o posicionamento preciso da placa de circuito impresso.<\/p>\n<\/li>\n<li data-start=\"3422\" data-end=\"3484\">\n<p data-start=\"3424\" data-end=\"3484\" data-rm-block-id=\"block-9\">Aumenta a produtividade e reduz erros de manuseio.<\/p>\n<\/li>\n<\/ul>\n<p>&nbsp;<\/p>\n<h2 data-rm-block-id=\"block-10\">Especifica\u00e7\u00f5es<\/h2>\n<table style=\"height: 179px;\" width=\"1378\">\n<tbody>\n<tr>\n<td style=\"text-align: center;\" width=\"111\" data-rm-block-id=\"block-11\">Modelo<\/td>\n<td style=\"text-align: center;\" width=\"99\" data-rm-block-id=\"block-12\">YSC-500<\/td>\n<td style=\"text-align: center;\" width=\"101\" data-rm-block-id=\"block-13\">YSC-600<\/td>\n<td style=\"text-align: center;\" width=\"107\" data-rm-block-id=\"block-14\">YSC-1000<\/td>\n<td style=\"text-align: center;\" width=\"107\" data-rm-block-id=\"block-15\">YSC-1200<\/td>\n<td style=\"text-align: center;\" width=\"110\" data-rm-block-id=\"block-16\">YSC-1500<\/td>\n<td style=\"text-align: center;\" width=\"107\" data-rm-block-id=\"block-17\">YSC-2000<\/td>\n<\/tr>\n<tr>\n<td style=\"text-align: center;\" width=\"111\" data-rm-block-id=\"block-18\">Comprimento do trilho<\/td>\n<td style=\"text-align: center;\" width=\"99\" data-rm-block-id=\"block-19\">500 mm<\/td>\n<td style=\"text-align: center;\" width=\"101\" data-rm-block-id=\"block-20\">600 mm<\/td>\n<td style=\"text-align: center;\" width=\"107\" data-rm-block-id=\"block-21\">1000 mm<\/td>\n<td style=\"text-align: center;\" width=\"107\" data-rm-block-id=\"block-22\">1200 mm<\/td>\n<td style=\"text-align: center;\" width=\"110\" data-rm-block-id=\"block-23\">1500 mm<\/td>\n<td style=\"text-align: center;\" width=\"107\" data-rm-block-id=\"block-24\">2000 mm<\/td>\n<\/tr>\n<tr>\n<td style=\"text-align: center;\" width=\"111\" data-rm-block-id=\"block-25\">Dimens\u00e3o (mm)<\/td>\n<td style=\"text-align: center;\" width=\"99\" data-rm-block-id=\"block-26\">500*700*950<\/td>\n<td style=\"text-align: center;\" width=\"101\" data-rm-block-id=\"block-27\">600*700*950<\/td>\n<td style=\"text-align: center;\" width=\"107\" data-rm-block-id=\"block-28\">1000*700*950<\/td>\n<td style=\"text-align: center;\" width=\"107\" data-rm-block-id=\"block-29\">1200*700*950<\/td>\n<td style=\"text-align: center;\" width=\"110\" data-rm-block-id=\"block-30\">1500*700*950<\/td>\n<td style=\"text-align: center;\" width=\"107\" data-rm-block-id=\"block-31\">2000*700*950<\/td>\n<\/tr>\n<tr>\n<td style=\"text-align: center;\" width=\"111\" data-rm-block-id=\"block-32\">Largura da placa de circuito impresso<\/td>\n<td style=\"text-align: center;\" colspan=\"6\" width=\"631\" data-rm-block-id=\"block-33\">50 a 350 mm<\/td>\n<\/tr>\n<tr>\n<td style=\"text-align: center;\" width=\"111\" data-rm-block-id=\"block-34\">Fonte de energia<\/td>\n<td style=\"text-align: center;\" colspan=\"6\" width=\"631\" data-rm-block-id=\"block-35\">1 PH AC 220V 50\/60Hz (Opcional: 110V a 380V)<\/td>\n<\/tr>\n<tr>\n<td style=\"text-align: center;\" width=\"111\" data-rm-block-id=\"block-36\">Peso<\/td>\n<td style=\"text-align: center;\" width=\"99\" data-rm-block-id=\"block-37\">50 kg<\/td>\n<td style=\"text-align: center;\" width=\"101\" data-rm-block-id=\"block-38\">50 kg<\/td>\n<td style=\"text-align: center;\" width=\"107\" data-rm-block-id=\"block-39\">55 kg<\/td>\n<td style=\"text-align: center;\" width=\"107\" data-rm-block-id=\"block-40\">85 kg<\/td>\n<td style=\"text-align: center;\" width=\"110\" data-rm-block-id=\"block-41\">125 kg<\/td>\n<td style=\"text-align: center;\" width=\"107\" data-rm-block-id=\"block-42\">150 kg<\/td>\n<\/tr>\n<\/tbody>\n<\/table>\n<p data-rm-block-id=\"block-43\">\n<p data-rm-block-id=\"block-43\"><a href=\"https:\/\/www.youtube.com\/@allaismt\" rel=\"nofollow noopener\" target=\"_blank\"><u>https:\/\/www.youtube.com\/@allaismt<\/u><\/a><\/p>\n<p data-rm-block-id=\"block-44\">Para obter mais informa\u00e7\u00f5es sobre o transportador de placas de circuito impresso SMT YSC-2000, envie um e-mail para<\/p>\n<p data-rm-block-id=\"block-45\"><a href=\"mailto:sophia@allaismt.com\"><u>sophia@allaismt.com<\/u><\/a><\/p>\n<p data-rm-block-id=\"block-46\">Responderemos \u00e0 sua solicita\u00e7\u00e3o prontamente e forneceremos informa\u00e7\u00f5es detalhadas sobre nossos produtos e servi\u00e7os.<\/p>","protected":false},"excerpt":{"rendered":"<p>Descri\u00e7\u00e3o: O <strong data-start=\"94\" data-end=\"128\">Esteira transportadora SMT PCB YSC-2000<\/strong> O YSC-2000 \u00e9 um sistema de eleva\u00e7\u00e3o e transfer\u00eancia de alta efici\u00eancia projetado para linhas de produ\u00e7\u00e3o SMT. Ele permite a movimenta\u00e7\u00e3o vertical suave de placas de circuito impresso (PCBs) entre diferentes n\u00edveis da esteira, garantindo um manuseio est\u00e1vel e preciso. Constru\u00eddo com uma estrutura robusta e um sistema de acionamento confi\u00e1vel, o YSC-2000 minimiza o risco de danos \u00e0s placas, mantendo o fluxo de trabalho cont\u00ednuo. Seu design compacto permite f\u00e1cil integra\u00e7\u00e3o em linhas SMT existentes, melhorando a efici\u00eancia da produ\u00e7\u00e3o e a flexibilidade da linha.<\/p>\n<p>Quantidade m\u00ednima para encomenda: 1 unidade<\/p>\n<p>Prazo de entrega: 15 dias<\/p>","protected":false},"featured_media":22150,"comment_status":"closed","ping_status":"closed","template":"","meta":[],"etheme_brands":[],"product_brand":[],"product_cat":[144],"product_tag":[],"class_list":{"0":"post-22177","1":"product","2":"type-product","3":"status-publish","4":"has-post-thumbnail","6":"product_cat-pcb-handling-machine","8":"first","9":"instock","10":"shipping-taxable","11":"product-type-simple"},"_links":{"self":[{"href":"https:\/\/esmte.com\/pt\/wp-json\/wp\/v2\/product\/22177","targetHints":{"allow":["GET"]}}],"collection":[{"href":"https:\/\/esmte.com\/pt\/wp-json\/wp\/v2\/product"}],"about":[{"href":"https:\/\/esmte.com\/pt\/wp-json\/wp\/v2\/types\/product"}],"replies":[{"embeddable":true,"href":"https:\/\/esmte.com\/pt\/wp-json\/wp\/v2\/comments?post=22177"}],"version-history":[{"count":1,"href":"https:\/\/esmte.com\/pt\/wp-json\/wp\/v2\/product\/22177\/revisions"}],"predecessor-version":[{"id":22383,"href":"https:\/\/esmte.com\/pt\/wp-json\/wp\/v2\/product\/22177\/revisions\/22383"}],"wp:featuredmedia":[{"embeddable":true,"href":"https:\/\/esmte.com\/pt\/wp-json\/wp\/v2\/media\/22150"}],"wp:attachment":[{"href":"https:\/\/esmte.com\/pt\/wp-json\/wp\/v2\/media?parent=22177"}],"wp:term":[{"taxonomy":"brand","embeddable":true,"href":"https:\/\/esmte.com\/pt\/wp-json\/wp\/v2\/etheme_brands?post=22177"},{"taxonomy":"product_brand","embeddable":true,"href":"https:\/\/esmte.com\/pt\/wp-json\/wp\/v2\/product_brand?post=22177"},{"taxonomy":"product_cat","embeddable":true,"href":"https:\/\/esmte.com\/pt\/wp-json\/wp\/v2\/product_cat?post=22177"},{"taxonomy":"product_tag","embeddable":true,"href":"https:\/\/esmte.com\/pt\/wp-json\/wp\/v2\/product_tag?post=22177"}],"curies":[{"name":"wp","href":"https:\/\/api.w.org\/{rel}","templated":true}]}}