{"id":22142,"date":"2025-11-25T06:42:57","date_gmt":"2025-11-25T06:42:57","guid":{"rendered":"https:\/\/esmte.com\/?post_type=product&#038;p=22142"},"modified":"2025-11-27T09:43:07","modified_gmt":"2025-11-27T09:43:07","slug":"efficient-smt-pcb-lift-conveyor-ysc-1000","status":"publish","type":"product","link":"https:\/\/esmte.com\/pt\/products\/efficient-smt-pcb-lift-conveyor-ysc-1000\/","title":{"rendered":"Esteira transportadora SMT PCB YSC-1000"},"content":{"rendered":"<h2 data-start=\"1269\" data-end=\"1754\">Introdu\u00e7\u00e3o<\/h2>\n<p data-start=\"197\" data-end=\"560\">Na fabrica\u00e7\u00e3o moderna de eletr\u00f4nicos, a movimenta\u00e7\u00e3o suave e precisa de placas de circuito impresso (PCBs) pelas diferentes etapas de produ\u00e7\u00e3o \u00e9 crucial para manter alta produtividade e qualidade do produto. <strong data-start=\"375\" data-end=\"409\">Esteira transportadora SMT PCB YSC-1000<\/strong> Foi projetado para proporcionar a transfer\u00eancia vertical confi\u00e1vel de PCBs em linhas de produ\u00e7\u00e3o SMT, garantindo um fluxo de trabalho est\u00e1vel e maior efici\u00eancia operacional.<\/p>\n<p data-start=\"562\" data-end=\"970\">O YSC-1000 permite a movimenta\u00e7\u00e3o cont\u00ednua de placas de circuito impresso (PCBs) entre diferentes n\u00edveis da esteira, oferecendo manuseio preciso e controlado durante todo o processo de transfer\u00eancia. Sua constru\u00e7\u00e3o robusta e sistema de acionamento confi\u00e1vel minimizam o risco de danos \u00e0s placas, garantindo uma produ\u00e7\u00e3o consistente e ininterrupta. A esteira acomoda uma ampla gama de tamanhos de PCBs, tornando-a vers\u00e1til para diversas necessidades de fabrica\u00e7\u00e3o.<\/p>\n<p data-start=\"972\" data-end=\"1236\">Dur\u00e1vel e f\u00e1cil de usar, o YSC-2000 apresenta um design compacto que permite f\u00e1cil integra\u00e7\u00e3o em linhas SMT existentes. Sua opera\u00e7\u00e3o intuitiva e design de baixa manuten\u00e7\u00e3o ajudam a reduzir o tempo de inatividade, otimizar os processos de produ\u00e7\u00e3o e melhorar a efici\u00eancia geral da linha.<\/p>\n<p data-start=\"1238\" data-end=\"1550\">Ao implementar o <strong data-start=\"1258\" data-end=\"1292\">Esteira transportadora SMT PCB YSC-1000<\/strong>, Com essa tecnologia, os fabricantes podem obter transi\u00e7\u00f5es de PCB mais suaves, maior efici\u00eancia de produ\u00e7\u00e3o e manuseio mais seguro de placas sens\u00edveis. \u00c9 uma solu\u00e7\u00e3o ideal para f\u00e1bricas de eletr\u00f4nicos que buscam equipamentos de transfer\u00eancia vertical de PCB precisos, confi\u00e1veis e de alto desempenho.<\/p>\n<p data-start=\"1269\" data-end=\"1754\"><img loading=\"lazy\" decoding=\"async\" class=\"aligncenter wp-image-22120 size-full\" src=\"https:\/\/esmte.com\/wp-content\/uploads\/2025\/11\/A.webp\" alt=\"Efficient SMT Conveyor System with PCB Lift for Continuous PCB Flow\" width=\"391\" height=\"391\" srcset=\"https:\/\/esmte.com\/wp-content\/uploads\/2025\/11\/A.webp 391w, https:\/\/esmte.com\/wp-content\/uploads\/2025\/11\/A-100x100.webp 100w, https:\/\/esmte.com\/wp-content\/uploads\/2025\/11\/A-300x300.webp 300w, https:\/\/esmte.com\/wp-content\/uploads\/2025\/11\/A-150x150.webp 150w, https:\/\/esmte.com\/wp-content\/uploads\/2025\/11\/A-1x1.webp 1w, https:\/\/esmte.com\/wp-content\/uploads\/2025\/11\/A-10x10.webp 10w\" sizes=\"auto, (max-width: 391px) 100vw, 391px\" \/><\/p>\n<h3 data-start=\"1269\" data-end=\"1754\">Principais caracter\u00edsticas<\/h3>\n<ul>\n<li data-start=\"1407\" data-end=\"1467\">\n<p data-start=\"1409\" data-end=\"1467\">Ciclo de eleva\u00e7\u00e3o totalmente automatizado para roteamento de PCB sem o uso das m\u00e3os.<\/p>\n<\/li>\n<li data-start=\"1468\" data-end=\"1522\">\n<p data-start=\"1470\" data-end=\"1522\">Motor com ru\u00eddo reduzido para um funcionamento est\u00e1vel e silencioso.<\/p>\n<\/li>\n<li data-start=\"1523\" data-end=\"1582\">\n<p data-start=\"1525\" data-end=\"1582\">Estrutura robusta adequada para instala\u00e7\u00f5es industriais de montagem em superf\u00edcie (SMT).<\/p>\n<\/li>\n<li data-start=\"1583\" data-end=\"1636\">\n<p data-start=\"1585\" data-end=\"1636\">Garante a entrada e sa\u00edda suaves da placa de circuito impresso, sem emperrar.<\/p>\n<\/li>\n<li data-start=\"1637\" data-end=\"1690\">\n<p data-start=\"1639\" data-end=\"1690\">Aumenta a flexibilidade da linha e a otimiza\u00e7\u00e3o do layout.<\/p>\n<\/li>\n<\/ul>\n<p>&nbsp;<\/p>\n<h2 data-start=\"1269\" data-end=\"1754\">Especifica\u00e7\u00f5es<\/h2>\n<table style=\"height: 153px;\" width=\"1382\">\n<tbody>\n<tr>\n<td style=\"text-align: center;\" width=\"111\">Modelo<\/td>\n<td style=\"text-align: center;\" width=\"99\">YSC-500<\/td>\n<td style=\"text-align: center;\" width=\"101\">YSC-600<\/td>\n<td style=\"text-align: center;\" width=\"107\">YSC-1000<\/td>\n<td style=\"text-align: center;\" width=\"107\">YSC-1200<\/td>\n<td style=\"text-align: center;\" width=\"110\">YSC-1500<\/td>\n<td style=\"text-align: center;\" width=\"107\">YSC-2000<\/td>\n<\/tr>\n<tr>\n<td style=\"text-align: center;\" width=\"111\">Comprimento do trilho<\/td>\n<td style=\"text-align: center;\" width=\"99\">500 mm<\/td>\n<td style=\"text-align: center;\" width=\"101\">600 mm<\/td>\n<td style=\"text-align: center;\" width=\"107\">1000 mm<\/td>\n<td style=\"text-align: center;\" width=\"107\">1200 mm<\/td>\n<td style=\"text-align: center;\" width=\"110\">1500 mm<\/td>\n<td style=\"text-align: center;\" width=\"107\">2000 mm<\/td>\n<\/tr>\n<tr>\n<td style=\"text-align: center;\" width=\"111\">Dimens\u00e3o (mm)<\/td>\n<td style=\"text-align: center;\" width=\"99\">500*700*950<\/td>\n<td style=\"text-align: center;\" width=\"101\">600*700*950<\/td>\n<td style=\"text-align: center;\" width=\"107\">1000*700*950<\/td>\n<td style=\"text-align: center;\" width=\"107\">1200*700*950<\/td>\n<td style=\"text-align: center;\" width=\"110\">1500*700*950<\/td>\n<td style=\"text-align: center;\" width=\"107\">2000*700*950<\/td>\n<\/tr>\n<tr>\n<td style=\"text-align: center;\" width=\"111\">Largura da placa de circuito impresso<\/td>\n<td style=\"text-align: center;\" colspan=\"6\" width=\"631\">50 a 350 mm<\/td>\n<\/tr>\n<tr>\n<td style=\"text-align: center;\" width=\"111\">Fonte de energia<\/td>\n<td style=\"text-align: center;\" colspan=\"6\" width=\"631\">1 PH AC 220V 50\/60Hz (Opcional: 110V a 380V)<\/td>\n<\/tr>\n<tr>\n<td style=\"text-align: center;\" width=\"111\">Peso<\/td>\n<td style=\"text-align: center;\" width=\"99\">50 kg<\/td>\n<td style=\"text-align: center;\" width=\"101\">50 kg<\/td>\n<td style=\"text-align: center;\" width=\"107\">55 kg<\/td>\n<td style=\"text-align: center;\" width=\"107\">85 kg<\/td>\n<td style=\"text-align: center;\" width=\"110\">125 kg<\/td>\n<td style=\"text-align: center;\" width=\"107\">150 kg<\/td>\n<\/tr>\n<\/tbody>\n<\/table>\n<p>&nbsp;<\/p>\n<p><a href=\"https:\/\/www.youtube.com\/@allaismt\" rel=\"nofollow noopener\" target=\"_blank\"><u>https:\/\/www.youtube.com\/@allaismt<\/u><\/a><\/p>\n<p>Para obter mais informa\u00e7\u00f5es sobre o transportador de placas de circuito impresso SMT YSC-2000, envie um e-mail para<\/p>\n<p><a href=\"mailto:sophia@allaismt.com\"><u>sophia@allaismt.com<\/u><\/a><\/p>\n<p>Responderemos \u00e0 sua solicita\u00e7\u00e3o prontamente e forneceremos informa\u00e7\u00f5es detalhadas sobre nossos produtos e servi\u00e7os.<\/p>\n<p>&nbsp;<\/p>","protected":false},"excerpt":{"rendered":"<p>Descri\u00e7\u00e3o: O <strong data-start=\"94\" data-end=\"128\">Esteira transportadora SMT PCB YSC-1000<\/strong> O YSC-1000 \u00e9 um sistema de transfer\u00eancia vertical de alto desempenho projetado para linhas de produ\u00e7\u00e3o SMT. Ele garante a movimenta\u00e7\u00e3o suave e precisa de placas de circuito impresso (PCBs) entre diferentes n\u00edveis da esteira, mantendo um fluxo de trabalho est\u00e1vel e minimizando o risco de danos \u00e0s placas. Constru\u00eddo com uma estrutura robusta e um sistema de acionamento confi\u00e1vel, o YSC-1000 suporta uma ampla gama de tamanhos de PCBs. Seu design compacto permite f\u00e1cil integra\u00e7\u00e3o em linhas SMT existentes, aumentando a efici\u00eancia da produ\u00e7\u00e3o e a flexibilidade operacional.<\/p>\n<p>Quantidade m\u00ednima para encomenda: 1 unidade<\/p>\n<p>Prazo de entrega: 15 dias<\/p>","protected":false},"featured_media":22146,"comment_status":"closed","ping_status":"closed","template":"","meta":[],"etheme_brands":[],"product_brand":[],"product_cat":[144],"product_tag":[],"class_list":{"0":"post-22142","1":"product","2":"type-product","3":"status-publish","4":"has-post-thumbnail","6":"product_cat-pcb-handling-machine","8":"first","9":"instock","10":"shipping-taxable","11":"product-type-simple"},"_links":{"self":[{"href":"https:\/\/esmte.com\/pt\/wp-json\/wp\/v2\/product\/22142","targetHints":{"allow":["GET"]}}],"collection":[{"href":"https:\/\/esmte.com\/pt\/wp-json\/wp\/v2\/product"}],"about":[{"href":"https:\/\/esmte.com\/pt\/wp-json\/wp\/v2\/types\/product"}],"replies":[{"embeddable":true,"href":"https:\/\/esmte.com\/pt\/wp-json\/wp\/v2\/comments?post=22142"}],"version-history":[{"count":1,"href":"https:\/\/esmte.com\/pt\/wp-json\/wp\/v2\/product\/22142\/revisions"}],"predecessor-version":[{"id":22367,"href":"https:\/\/esmte.com\/pt\/wp-json\/wp\/v2\/product\/22142\/revisions\/22367"}],"wp:featuredmedia":[{"embeddable":true,"href":"https:\/\/esmte.com\/pt\/wp-json\/wp\/v2\/media\/22146"}],"wp:attachment":[{"href":"https:\/\/esmte.com\/pt\/wp-json\/wp\/v2\/media?parent=22142"}],"wp:term":[{"taxonomy":"brand","embeddable":true,"href":"https:\/\/esmte.com\/pt\/wp-json\/wp\/v2\/etheme_brands?post=22142"},{"taxonomy":"product_brand","embeddable":true,"href":"https:\/\/esmte.com\/pt\/wp-json\/wp\/v2\/product_brand?post=22142"},{"taxonomy":"product_cat","embeddable":true,"href":"https:\/\/esmte.com\/pt\/wp-json\/wp\/v2\/product_cat?post=22142"},{"taxonomy":"product_tag","embeddable":true,"href":"https:\/\/esmte.com\/pt\/wp-json\/wp\/v2\/product_tag?post=22142"}],"curies":[{"name":"wp","href":"https:\/\/api.w.org\/{rel}","templated":true}]}}