{"id":22129,"date":"2025-11-25T06:18:30","date_gmt":"2025-11-25T06:18:30","guid":{"rendered":"https:\/\/esmte.com\/?post_type=product&#038;p=22129"},"modified":"2025-11-28T02:30:02","modified_gmt":"2025-11-28T02:30:02","slug":"smt-pcb-lift-conveyor-ysc-600","status":"publish","type":"product","link":"https:\/\/esmte.com\/pt\/products\/smt-pcb-lift-conveyor-ysc-600\/","title":{"rendered":"Transportador SMT com elevador para PCB YSC-600"},"content":{"rendered":"<h2 data-rm-block-id=\"block-1\">Introdu\u00e7\u00e3o<\/h2>\n<p data-start=\"238\" data-end=\"597\">Na fabrica\u00e7\u00e3o moderna de eletr\u00f4nicos, o manuseio eficiente e preciso de placas de circuito impresso (PCBs) \u00e9 fundamental para manter alta produtividade e qualidade consistente do produto. <strong data-start=\"392\" data-end=\"447\">Transportador SMT com elevador para PCB YSC-600<\/strong> Foi projetado para proporcionar uma transfer\u00eancia vertical suave de PCBs dentro das linhas de produ\u00e7\u00e3o SMT, garantindo um fluxo de trabalho est\u00e1vel e aumentando a efici\u00eancia operacional.<\/p>\n<p data-start=\"599\" data-end=\"983\">O YSC-600 permite a movimenta\u00e7\u00e3o precisa e controlada de placas de circuito impresso (PCBs) entre diferentes n\u00edveis da esteira, reduzindo o risco de danos \u00e0s placas e mantendo o fluxo de produ\u00e7\u00e3o cont\u00ednuo. Sua constru\u00e7\u00e3o robusta e sistema de acionamento confi\u00e1vel garantem desempenho consistente, enquanto o design da esteira acomoda uma ampla gama de tamanhos de PCBs, tornando-a adequada para diversas necessidades de fabrica\u00e7\u00e3o.<\/p>\n<p data-start=\"985\" data-end=\"1256\">Dur\u00e1vel e f\u00e1cil de usar, o YSC-600 possui um formato compacto que permite f\u00e1cil integra\u00e7\u00e3o em linhas SMT existentes. Sua opera\u00e7\u00e3o intuitiva e estrutura de baixa manuten\u00e7\u00e3o ajudam a minimizar o tempo de inatividade, otimizar os processos de produ\u00e7\u00e3o e melhorar a efici\u00eancia geral da linha.<\/p>\n<p data-start=\"1258\" data-end=\"1592\">Ao incorporar o YSC-600, os fabricantes podem obter transi\u00e7\u00f5es de PCB mais suaves, maior efici\u00eancia de produ\u00e7\u00e3o e manuseio mais seguro de placas sens\u00edveis. \u00c9 uma solu\u00e7\u00e3o ideal para f\u00e1bricas de eletr\u00f4nicos que buscam equipamentos de transfer\u00eancia vertical de PCB precisos, confi\u00e1veis e de alto desempenho.<\/p>\n<p data-rm-block-id=\"block-3\"><img loading=\"lazy\" decoding=\"async\" class=\"aligncenter wp-image-22120 size-full\" src=\"https:\/\/esmte.com\/wp-content\/uploads\/2025\/11\/A.webp\" alt=\"SMT Conveyor Transmission PCB Lift Conveyor YSC-600\" width=\"391\" height=\"391\" srcset=\"https:\/\/esmte.com\/wp-content\/uploads\/2025\/11\/A.webp 391w, https:\/\/esmte.com\/wp-content\/uploads\/2025\/11\/A-100x100.webp 100w, https:\/\/esmte.com\/wp-content\/uploads\/2025\/11\/A-300x300.webp 300w, https:\/\/esmte.com\/wp-content\/uploads\/2025\/11\/A-150x150.webp 150w, https:\/\/esmte.com\/wp-content\/uploads\/2025\/11\/A-1x1.webp 1w, https:\/\/esmte.com\/wp-content\/uploads\/2025\/11\/A-10x10.webp 10w\" sizes=\"auto, (max-width: 391px) 100vw, 391px\" \/><\/p>\n<h3 data-rm-block-id=\"block-4\">Principais caracter\u00edsticas<\/h3>\n<ul>\n<li data-start=\"1409\" data-end=\"1467\" data-rm-block-id=\"block-5\">Ciclo de eleva\u00e7\u00e3o totalmente automatizado para roteamento de PCB sem o uso das m\u00e3os.<\/li>\n<li data-start=\"1470\" data-end=\"1522\" data-rm-block-id=\"block-6\">Motor com ru\u00eddo reduzido para um funcionamento est\u00e1vel e silencioso.<\/li>\n<li data-start=\"1525\" data-end=\"1582\" data-rm-block-id=\"block-7\">Estrutura robusta adequada para instala\u00e7\u00f5es industriais de montagem em superf\u00edcie (SMT).<\/li>\n<li data-start=\"1585\" data-end=\"1636\" data-rm-block-id=\"block-8\">Garante a entrada e sa\u00edda suaves da placa de circuito impresso, sem emperrar.<\/li>\n<li data-start=\"1639\" data-end=\"1690\" data-rm-block-id=\"block-9\">Aumenta a flexibilidade da linha e a otimiza\u00e7\u00e3o do layout.<\/li>\n<\/ul>\n<h2 data-rm-block-id=\"block-10\">Especifica\u00e7\u00f5es<\/h2>\n<table style=\"height: 154px;\" width=\"1366\">\n<tbody>\n<tr>\n<td style=\"text-align: center;\" width=\"111\" data-rm-block-id=\"block-11\">Modelo<\/td>\n<td style=\"text-align: center;\" width=\"99\" data-rm-block-id=\"block-12\">YSC-500<\/td>\n<td style=\"text-align: center;\" width=\"101\" data-rm-block-id=\"block-13\">YSC-600<\/td>\n<td style=\"text-align: center;\" width=\"107\" data-rm-block-id=\"block-14\">YSC-1000<\/td>\n<td style=\"text-align: center;\" width=\"107\" data-rm-block-id=\"block-15\">YSC-1200<\/td>\n<td style=\"text-align: center;\" width=\"110\" data-rm-block-id=\"block-16\">YSC-1500<\/td>\n<td style=\"text-align: center;\" width=\"107\" data-rm-block-id=\"block-17\">YSC-2000<\/td>\n<\/tr>\n<tr>\n<td style=\"text-align: center;\" width=\"111\" data-rm-block-id=\"block-18\">Comprimento do trilho<\/td>\n<td style=\"text-align: center;\" width=\"99\" data-rm-block-id=\"block-19\">500 mm<\/td>\n<td style=\"text-align: center;\" width=\"101\" data-rm-block-id=\"block-20\">600 mm<\/td>\n<td style=\"text-align: center;\" width=\"107\" data-rm-block-id=\"block-21\">1000 mm<\/td>\n<td style=\"text-align: center;\" width=\"107\" data-rm-block-id=\"block-22\">1200 mm<\/td>\n<td style=\"text-align: center;\" width=\"110\" data-rm-block-id=\"block-23\">1500 mm<\/td>\n<td style=\"text-align: center;\" width=\"107\" data-rm-block-id=\"block-24\">2000 mm<\/td>\n<\/tr>\n<tr>\n<td style=\"text-align: center;\" width=\"111\" data-rm-block-id=\"block-25\">Dimens\u00e3o (mm)<\/td>\n<td style=\"text-align: center;\" width=\"99\" data-rm-block-id=\"block-26\">500*700*950<\/td>\n<td style=\"text-align: center;\" width=\"101\" data-rm-block-id=\"block-27\">600*700*950<\/td>\n<td style=\"text-align: center;\" width=\"107\" data-rm-block-id=\"block-28\">1000*700*950<\/td>\n<td style=\"text-align: center;\" width=\"107\" data-rm-block-id=\"block-29\">1200*700*950<\/td>\n<td style=\"text-align: center;\" width=\"110\" data-rm-block-id=\"block-30\">1500*700*950<\/td>\n<td style=\"text-align: center;\" width=\"107\" data-rm-block-id=\"block-31\">2000*700*950<\/td>\n<\/tr>\n<tr>\n<td style=\"text-align: center;\" width=\"111\" data-rm-block-id=\"block-32\">Largura da placa de circuito impresso<\/td>\n<td style=\"text-align: center;\" colspan=\"6\" width=\"631\" data-rm-block-id=\"block-33\">50 a 350 mm<\/td>\n<\/tr>\n<tr>\n<td style=\"text-align: center;\" width=\"111\" data-rm-block-id=\"block-34\">Fonte de energia<\/td>\n<td style=\"text-align: center;\" colspan=\"6\" width=\"631\" data-rm-block-id=\"block-35\">1 PH AC 220V 50\/60Hz (Opcional: 110V a 380V)<\/td>\n<\/tr>\n<tr>\n<td style=\"text-align: center;\" width=\"111\" data-rm-block-id=\"block-36\">Peso<\/td>\n<td style=\"text-align: center;\" width=\"99\" data-rm-block-id=\"block-37\">50 kg<\/td>\n<td style=\"text-align: center;\" width=\"101\" data-rm-block-id=\"block-38\">50 kg<\/td>\n<td style=\"text-align: center;\" width=\"107\" data-rm-block-id=\"block-39\">55 kg<\/td>\n<td style=\"text-align: center;\" width=\"107\" data-rm-block-id=\"block-40\">85 kg<\/td>\n<td style=\"text-align: center;\" width=\"110\" data-rm-block-id=\"block-41\">125 kg<\/td>\n<td style=\"text-align: center;\" width=\"107\" data-rm-block-id=\"block-42\">150 kg<\/td>\n<\/tr>\n<\/tbody>\n<\/table>\n<p data-rm-block-id=\"block-43\"><a href=\"https:\/\/www.youtube.com\/@allaismt\" rel=\"nofollow noopener\" target=\"_blank\"><u>https:\/\/www.youtube.com\/@allaismt<\/u><\/a><\/p>\n<p data-rm-block-id=\"block-44\">Para obter mais informa\u00e7\u00f5es sobre o transportador de eleva\u00e7\u00e3o de PCB SMT, envie um e-mail para<\/p>\n<p data-rm-block-id=\"block-45\"><a href=\"mailto:sophia@allaismt.com\"><u>sophia@allaismt.com<\/u><\/a><\/p>\n<p data-rm-block-id=\"block-46\">Responderemos \u00e0 sua solicita\u00e7\u00e3o prontamente e forneceremos informa\u00e7\u00f5es detalhadas sobre nossos produtos e servi\u00e7os.<\/p>","protected":false},"excerpt":{"rendered":"<p>Descri\u00e7\u00e3o: O <strong data-start=\"115\" data-end=\"170\">Transportador SMT com elevador para PCB YSC-600<\/strong> O YSC-600 \u00e9 um sistema de transfer\u00eancia vertical de alta efici\u00eancia projetado para linhas de produ\u00e7\u00e3o SMT. Ele permite a movimenta\u00e7\u00e3o suave e precisa de placas de circuito impresso (PCBs) entre diferentes n\u00edveis da esteira, garantindo um fluxo de trabalho est\u00e1vel e minimizando o risco de danos \u00e0s placas. Com uma estrutura robusta e um sistema de acionamento confi\u00e1vel, o YSC-600 acomoda uma variedade de tamanhos de PCBs. Seu design compacto permite a integra\u00e7\u00e3o perfeita em linhas SMT existentes, aumentando a efici\u00eancia da produ\u00e7\u00e3o e a flexibilidade operacional.<\/p>\n<p>Quantidade m\u00ednima para encomenda: 1 unidade<\/p>\n<p>Prazo de entrega: 15 dias<\/p>","protected":false},"featured_media":22122,"comment_status":"closed","ping_status":"closed","template":"","meta":[],"etheme_brands":[],"product_brand":[],"product_cat":[144],"product_tag":[],"class_list":{"0":"post-22129","1":"product","2":"type-product","3":"status-publish","4":"has-post-thumbnail","6":"product_cat-pcb-handling-machine","8":"first","9":"instock","10":"shipping-taxable","11":"product-type-simple"},"_links":{"self":[{"href":"https:\/\/esmte.com\/pt\/wp-json\/wp\/v2\/product\/22129","targetHints":{"allow":["GET"]}}],"collection":[{"href":"https:\/\/esmte.com\/pt\/wp-json\/wp\/v2\/product"}],"about":[{"href":"https:\/\/esmte.com\/pt\/wp-json\/wp\/v2\/types\/product"}],"replies":[{"embeddable":true,"href":"https:\/\/esmte.com\/pt\/wp-json\/wp\/v2\/comments?post=22129"}],"version-history":[{"count":1,"href":"https:\/\/esmte.com\/pt\/wp-json\/wp\/v2\/product\/22129\/revisions"}],"predecessor-version":[{"id":22387,"href":"https:\/\/esmte.com\/pt\/wp-json\/wp\/v2\/product\/22129\/revisions\/22387"}],"wp:featuredmedia":[{"embeddable":true,"href":"https:\/\/esmte.com\/pt\/wp-json\/wp\/v2\/media\/22122"}],"wp:attachment":[{"href":"https:\/\/esmte.com\/pt\/wp-json\/wp\/v2\/media?parent=22129"}],"wp:term":[{"taxonomy":"brand","embeddable":true,"href":"https:\/\/esmte.com\/pt\/wp-json\/wp\/v2\/etheme_brands?post=22129"},{"taxonomy":"product_brand","embeddable":true,"href":"https:\/\/esmte.com\/pt\/wp-json\/wp\/v2\/product_brand?post=22129"},{"taxonomy":"product_cat","embeddable":true,"href":"https:\/\/esmte.com\/pt\/wp-json\/wp\/v2\/product_cat?post=22129"},{"taxonomy":"product_tag","embeddable":true,"href":"https:\/\/esmte.com\/pt\/wp-json\/wp\/v2\/product_tag?post=22129"}],"curies":[{"name":"wp","href":"https:\/\/api.w.org\/{rel}","templated":true}]}}