{"id":22115,"date":"2025-11-25T03:25:00","date_gmt":"2025-11-25T03:25:00","guid":{"rendered":"https:\/\/esmte.com\/?post_type=product&#038;p=22115"},"modified":"2025-11-27T09:55:36","modified_gmt":"2025-11-27T09:55:36","slug":"90-degree-unloader-yul-m1150","status":"publish","type":"product","link":"https:\/\/esmte.com\/pt\/products\/90-degree-unloader-yul-m1150\/","title":{"rendered":"Esteira de Leitura de C\u00f3digo de Barras para PCB SMT YSC-330(1)"},"content":{"rendered":"<h2 data-rm-block-id=\"block-1\">Introdu\u00e7\u00e3o<\/h2>\n<p data-start=\"209\" data-end=\"516\">In modern electronics manufacturing, efficient and precise PCB handling is essential to maintain high productivity and product quality. The <strong data-start=\"348\" data-end=\"388\">Esteira de Leitura de C\u00f3digo de Barras para PCB SMT YSC-330(1)<\/strong> is engineered to provide reliable 90-degree PCB transfers, enabling seamless directional changes within SMT production lines.<\/p>\n<p data-start=\"518\" data-end=\"871\">The YUL-M1150 ensures stable and accurate handling during directional transfers, reducing the risk of PCB damage and maintaining continuous workflow. Its robust construction and dependable drive system deliver consistent performance, while the system accommodates a wide range of PCB sizes, offering flexibility for various manufacturing requirements.<\/p>\n<p data-start=\"873\" data-end=\"1103\">Compact and user-friendly, the YUL-L1350 integrates easily into existing SMT lines. Its intuitive operation and low-maintenance design help reduce downtime, streamline production processes, and improve overall line efficiency.<\/p>\n<p data-start=\"1105\" data-end=\"1425\">Ao incorporar o <strong data-start=\"1126\" data-end=\"1166\">Esteira de Leitura de C\u00f3digo de Barras para PCB SMT YSC-330(1)<\/strong>, Com essa tecnologia, os fabricantes podem obter transi\u00e7\u00f5es de PCB mais suaves, maior efici\u00eancia de produ\u00e7\u00e3o e manuseio mais seguro de placas sens\u00edveis. \u00c9 uma solu\u00e7\u00e3o ideal para f\u00e1bricas de eletr\u00f4nicos que buscam equipamentos de transfer\u00eancia vertical de PCB precisos, confi\u00e1veis e de alto desempenho.<\/p>\n<p data-rm-block-id=\"block-2\"><img loading=\"lazy\" decoding=\"async\" class=\"aligncenter wp-image-22096\" src=\"https:\/\/esmte.com\/wp-content\/uploads\/2025\/11\/90-degree-unloader.png\" alt=\" YUL-M1150\" width=\"515\" height=\"515\" srcset=\"https:\/\/esmte.com\/wp-content\/uploads\/2025\/11\/90-degree-unloader.png 2560w, https:\/\/esmte.com\/wp-content\/uploads\/2025\/11\/90-degree-unloader-100x100.png 100w, https:\/\/esmte.com\/wp-content\/uploads\/2025\/11\/90-degree-unloader-600x600.png 600w, https:\/\/esmte.com\/wp-content\/uploads\/2025\/11\/90-degree-unloader-300x300.png 300w, https:\/\/esmte.com\/wp-content\/uploads\/2025\/11\/90-degree-unloader-1024x1024.png 1024w, https:\/\/esmte.com\/wp-content\/uploads\/2025\/11\/90-degree-unloader-150x150.png 150w, https:\/\/esmte.com\/wp-content\/uploads\/2025\/11\/90-degree-unloader-768x768.png 768w, https:\/\/esmte.com\/wp-content\/uploads\/2025\/11\/90-degree-unloader-1536x1536.png 1536w, https:\/\/esmte.com\/wp-content\/uploads\/2025\/11\/90-degree-unloader-2048x2048.png 2048w, https:\/\/esmte.com\/wp-content\/uploads\/2025\/11\/90-degree-unloader-1x1.png 1w, https:\/\/esmte.com\/wp-content\/uploads\/2025\/11\/90-degree-unloader-10x10.png 10w\" sizes=\"auto, (max-width: 515px) 100vw, 515px\" \/><\/p>\n<h3 data-rm-block-id=\"block-4\">Key\u00a0 Production<\/h3>\n<ul data-start=\"1154\" data-end=\"1630\">\n<li data-start=\"1154\" data-end=\"1225\">\n<p data-start=\"1156\" data-end=\"1225\" data-rm-block-id=\"block-5\">Compact footprint allows installation in limited production spaces.<\/p>\n<\/li>\n<li data-start=\"1226\" data-end=\"1286\">\n<p data-start=\"1228\" data-end=\"1286\" data-rm-block-id=\"block-6\">Stable belt-based transport ensures gentle PCB handling.<\/p>\n<\/li>\n<li data-start=\"1287\" data-end=\"1355\">\n<p data-start=\"1289\" data-end=\"1355\" data-rm-block-id=\"block-7\">Quick setup design enables fast production line reconfiguration.<\/p>\n<\/li>\n<li data-start=\"1356\" data-end=\"1412\">\n<p data-start=\"1358\" data-end=\"1412\" data-rm-block-id=\"block-8\">Built-in safety mechanisms reduce operational risks.<\/p>\n<\/li>\n<li data-start=\"1413\" data-end=\"1630\">\n<p data-start=\"1415\" data-end=\"1630\" data-rm-block-id=\"block-9\">Energy-efficient motors lower overall power consumption.<\/p>\n<\/li>\n<\/ul>\n<p data-start=\"1415\" data-end=\"1630\" data-rm-block-id=\"block-9\">With these advantages, the unloader improves automation while helping manufacturers create highly efficient and space-saving electronics assembly lines.<\/p>\n<h2 data-rm-block-id=\"block-10\">Especifica\u00e7\u00f5es<\/h2>\n<table style=\"height: 218px;\" width=\"1371\">\n<tbody>\n<tr>\n<td style=\"text-align: center;\" width=\"165\" data-rm-block-id=\"block-11\">Modelo<br \/>\n(90 Degree Unloader)<\/td>\n<td style=\"text-align: center;\" width=\"183\" data-rm-block-id=\"block-12\">YUL-M1150<\/td>\n<td style=\"text-align: center;\" width=\"162\" data-rm-block-id=\"block-13\">YUL-L1350<\/td>\n<td style=\"text-align: center;\" width=\"154\" data-rm-block-id=\"block-14\">YUL-LL1550<\/td>\n<\/tr>\n<tr>\n<td style=\"text-align: center;\" width=\"165\" data-rm-block-id=\"block-15\">Dimens\u00e3o (mm)<\/td>\n<td style=\"text-align: center;\" width=\"183\" data-rm-block-id=\"block-16\">1150*1150*1205<\/td>\n<td style=\"text-align: center;\" width=\"162\" data-rm-block-id=\"block-17\">1350*1350*1205<\/td>\n<td style=\"text-align: center;\" width=\"154\" data-rm-block-id=\"block-18\">1550*1550*1205<\/td>\n<\/tr>\n<tr>\n<td style=\"text-align: center;\" width=\"165\" data-rm-block-id=\"block-19\">Dimens\u00f5es da placa de circuito impresso (mm)<\/td>\n<td style=\"text-align: center;\" width=\"183\" data-rm-block-id=\"block-20\">50*50-330*250<\/td>\n<td style=\"text-align: center;\" width=\"162\" data-rm-block-id=\"block-21\">50*50-445*330<\/td>\n<td style=\"text-align: center;\" width=\"154\" data-rm-block-id=\"block-22\">50*50-530*390<\/td>\n<\/tr>\n<tr>\n<td style=\"text-align: center;\" width=\"165\" data-rm-block-id=\"block-23\">Dimens\u00f5es da grade (mm)<\/td>\n<td style=\"text-align: center;\" width=\"183\" data-rm-block-id=\"block-24\">355*320*563<\/td>\n<td style=\"text-align: center;\" width=\"162\" data-rm-block-id=\"block-25\">460*400*563<\/td>\n<td style=\"text-align: center;\" width=\"154\" data-rm-block-id=\"block-26\">535*460*563<\/td>\n<\/tr>\n<tr>\n<td style=\"text-align: center;\" width=\"165\" data-rm-block-id=\"block-27\">Sistema de controle<\/td>\n<td style=\"text-align: center;\" colspan=\"3\" width=\"499\" data-rm-block-id=\"block-28\">PLC<\/td>\n<\/tr>\n<tr>\n<td style=\"text-align: center;\" width=\"165\" data-rm-block-id=\"block-29\">Fonte de energia<\/td>\n<td style=\"text-align: center;\" colspan=\"3\" width=\"499\" data-rm-block-id=\"block-30\">1 PH AC 220V 50\/60Hz (Opcional: 110V a 380V)<\/td>\n<\/tr>\n<tr>\n<td style=\"text-align: center;\" width=\"165\" data-rm-block-id=\"block-31\">Weigh<\/td>\n<td style=\"text-align: center;\" width=\"183\" data-rm-block-id=\"block-32\">180 Kg<\/td>\n<td style=\"text-align: center;\" width=\"162\" data-rm-block-id=\"block-33\">240 Kg<\/td>\n<td style=\"text-align: center;\" width=\"154\" data-rm-block-id=\"block-34\">300 Kg<\/td>\n<\/tr>\n<\/tbody>\n<\/table>\n<p data-rm-block-id=\"block-35\"><a href=\"https:\/\/www.youtube.com\/@allaismt\" rel=\"nofollow noopener\" target=\"_blank\"><u>https:\/\/www.youtube.com\/@allaismt<\/u><\/a><\/p>\n<p data-rm-block-id=\"block-36\">For more information about the 90 Degree Unloader YUL-L1350, please send an email to<\/p>\n<p data-rm-block-id=\"block-37\"><a href=\"mailto:sophia@allaismt.com\"><u>sophia@allaismt.com<\/u><\/a><\/p>\n<p data-rm-block-id=\"block-38\">Responderemos \u00e0 sua solicita\u00e7\u00e3o prontamente e forneceremos informa\u00e7\u00f5es detalhadas sobre nossos produtos e servi\u00e7os.<\/p>\n<p data-rm-block-id=\"block-39\">","protected":false},"excerpt":{"rendered":"<p>Com essas vantagens, o descarregador melhora a automa\u00e7\u00e3o enquanto ajuda os fabricantes a criar linhas de montagem de eletr\u00f4nicos altamente eficientes e que economizam espa\u00e7o. <strong data-start=\"100\" data-end=\"140\">Esteira de Leitura de C\u00f3digo de Barras para PCB SMT YSC-330(1)<\/strong> is a high-efficiency PCB handling system designed for SMT production lines. It enables smooth and precise 90-degree transfer of PCBs, allowing seamless directional changes within the assembly line. Built with a robust structure and reliable drive system, the YUL-M1150 ensures stable operation and minimizes the risk of board damage. Its compact design allows easy integration into existing SMT lines, improving workflow efficiency and production flexibility.<\/p>\n<p>Quantidade m\u00ednima para encomenda: 1 unidade<\/p>\n<p>Prazo de entrega: 15 dias<\/p>","protected":false},"featured_media":22116,"comment_status":"closed","ping_status":"closed","template":"","meta":[],"etheme_brands":[],"product_brand":[],"product_cat":[144],"product_tag":[],"class_list":{"0":"post-22115","1":"product","2":"type-product","3":"status-publish","4":"has-post-thumbnail","6":"product_cat-pcb-handling-machine","8":"first","9":"instock","10":"shipping-taxable","11":"product-type-simple"},"_links":{"self":[{"href":"https:\/\/esmte.com\/pt\/wp-json\/wp\/v2\/product\/22115","targetHints":{"allow":["GET"]}}],"collection":[{"href":"https:\/\/esmte.com\/pt\/wp-json\/wp\/v2\/product"}],"about":[{"href":"https:\/\/esmte.com\/pt\/wp-json\/wp\/v2\/types\/product"}],"replies":[{"embeddable":true,"href":"https:\/\/esmte.com\/pt\/wp-json\/wp\/v2\/comments?post=22115"}],"version-history":[{"count":1,"href":"https:\/\/esmte.com\/pt\/wp-json\/wp\/v2\/product\/22115\/revisions"}],"predecessor-version":[{"id":22371,"href":"https:\/\/esmte.com\/pt\/wp-json\/wp\/v2\/product\/22115\/revisions\/22371"}],"wp:featuredmedia":[{"embeddable":true,"href":"https:\/\/esmte.com\/pt\/wp-json\/wp\/v2\/media\/22116"}],"wp:attachment":[{"href":"https:\/\/esmte.com\/pt\/wp-json\/wp\/v2\/media?parent=22115"}],"wp:term":[{"taxonomy":"brand","embeddable":true,"href":"https:\/\/esmte.com\/pt\/wp-json\/wp\/v2\/etheme_brands?post=22115"},{"taxonomy":"product_brand","embeddable":true,"href":"https:\/\/esmte.com\/pt\/wp-json\/wp\/v2\/product_brand?post=22115"},{"taxonomy":"product_cat","embeddable":true,"href":"https:\/\/esmte.com\/pt\/wp-json\/wp\/v2\/product_cat?post=22115"},{"taxonomy":"product_tag","embeddable":true,"href":"https:\/\/esmte.com\/pt\/wp-json\/wp\/v2\/product_tag?post=22115"}],"curies":[{"name":"wp","href":"https:\/\/api.w.org\/{rel}","templated":true}]}}