{"id":23036,"date":"2025-12-12T09:56:44","date_gmt":"2025-12-12T09:56:44","guid":{"rendered":"https:\/\/esmte.com\/?post_type=product&#038;p=23036"},"modified":"2026-01-27T08:46:55","modified_gmt":"2026-01-27T08:46:55","slug":"full-auto-smt-pcb-loader","status":"publish","type":"product","link":"https:\/\/esmte.com\/pl\/products\/full-auto-smt-pcb-loader\/","title":{"rendered":"W pe\u0142ni automatyczna \u0142adowarka p\u0142ytek PCB SMT YL-250"},"content":{"rendered":"<h2 data-rm-block-id=\"block-1\">Wst\u0119p<\/h2>\n<p data-start=\"196\" data-end=\"631\" data-rm-block-id=\"block-2\">Ten <strong>W pe\u0142ni automatyczna \u0142adowarka p\u0142ytek PCB SMT YL-250<\/strong>\u00a0to wysokowydajne rozwi\u0105zanie automatyzacji, zaprojektowane do bezproblemowego podawania p\u0142ytek drukowanych (PCB) do linii produkcyjnych SMT. Automatyzuje proces za\u0142adunku u\u0142o\u017conych w stosy p\u0142ytek na przeno\u015bniki, zapewniaj\u0105c ci\u0105g\u0142e i stabilne zasilanie maszyn pick-and-place oraz innych urz\u0105dze\u0144 SMT w g\u00f3rnym biegu linii. Ograniczaj\u0105c r\u0119czn\u0105 obs\u0142ug\u0119, minimalizuje ryzyko uszkodzenia p\u0142ytek i poprawia og\u00f3ln\u0105 niezawodno\u015b\u0107 linii.<\/p>\n<p data-start=\"633\" data-end=\"944\" data-rm-block-id=\"block-3\">Wyposa\u017cona w solidny mechanizm podnoszenia i inteligentny system sterowania, \u0142adowarka obs\u0142uguje p\u0142ytki PCB o r\u00f3\u017cnych rozmiarach i wadze, dostosowuj\u0105c si\u0119 do zr\u00f3\u017cnicowanych wymaga\u0144 produkcyjnych. Precyzyjne pozycjonowanie zapewnia p\u0142ynny transfer i wyr\u00f3wnywanie, wspieraj\u0105c szybkie procesy SMT bez przerw i b\u0142\u0119d\u00f3w.<\/p>\n<p data-start=\"946\" data-end=\"1294\" data-rm-block-id=\"block-4\">Ten<strong>\u00a0YL-250 W pe\u0142ni automatyczna \u0142adowarka p\u0142ytek PCB SMT<\/strong>\u2019Kompaktowa i modu\u0142owa konstrukcja umo\u017cliwia \u0142atw\u0105 integracj\u0119 z istniej\u0105cymi liniami produkcyjnymi, a zautomatyzowane czujniki monitoruj\u0105 proces za\u0142adunku, zapobiegaj\u0105c zaci\u0119ciom i przestojom. Operatorzy korzystaj\u0105 z uproszczonej obs\u0142ugi, minimalnych wymaga\u0144 szkoleniowych i niskich potrzeb konserwacyjnych, co czyni urz\u0105dzenie idealnym do \u015brodowisk produkcyjnych o du\u017cej skali produkcji.<\/p>\n<p data-start=\"1296\" data-end=\"1676\" data-rm-block-id=\"block-5\">Ten <strong>W pe\u0142ni automatyczna \u0142adowarka p\u0142ytek PCB SMT YL-250<\/strong>\u00a0Jest szeroko stosowany w elektronice samochodowej, elektronice u\u017cytkowej, produkcji p\u0142ytek PCBA urz\u0105dze\u0144 medycznych i innych sektorach przemys\u0142u, kt\u00f3re wymagaj\u0105 niezawodnego i wydajnego monta\u017cu SMT. Zapewniaj\u0105c sta\u0142e dostawy p\u0142ytek i zmniejszaj\u0105c zale\u017cno\u015b\u0107 od si\u0142y roboczej, pomaga fabrykom osi\u0105gn\u0105\u0107 wy\u017csz\u0105 wydajno\u015b\u0107, lepsz\u0105 jako\u015b\u0107 i usprawni\u0107 procesy produkcyjne.<\/p>\n<p data-start=\"1678\" data-end=\"1832\" data-rm-block-id=\"block-7\"><img loading=\"lazy\" decoding=\"async\" class=\"alignnone wp-image-23037 aligncenter\" src=\"https:\/\/esmte.com\/wp-content\/uploads\/2025\/12\/11-43.webp\" alt=\"Full-auto SMT PCB Loader\" width=\"515\" height=\"535\" srcset=\"https:\/\/esmte.com\/wp-content\/uploads\/2025\/12\/11-43.webp 1531w, https:\/\/esmte.com\/wp-content\/uploads\/2025\/12\/11-43-600x623.webp 600w, https:\/\/esmte.com\/wp-content\/uploads\/2025\/12\/11-43-289x300.webp 289w, https:\/\/esmte.com\/wp-content\/uploads\/2025\/12\/11-43-987x1024.webp 987w, https:\/\/esmte.com\/wp-content\/uploads\/2025\/12\/11-43-768x797.webp 768w, https:\/\/esmte.com\/wp-content\/uploads\/2025\/12\/11-43-1480x1536.webp 1480w, https:\/\/esmte.com\/wp-content\/uploads\/2025\/12\/11-43-1x1.webp 1w, https:\/\/esmte.com\/wp-content\/uploads\/2025\/12\/11-43-10x10.webp 10w\" sizes=\"auto, (max-width: 515px) 100vw, 515px\" \/><\/p>\n<h2 data-rm-block-id=\"block-9\">G\u0142\u00f3wne cechy<\/h2>\n<ul>\n<li data-start=\"186\" data-end=\"354\">\n<p data-start=\"189\" data-end=\"354\" data-rm-block-id=\"block-10\"><strong data-start=\"189\" data-end=\"214\">Automatyczne podawanie PCB<\/strong> \u2013 Efektywne \u0142adowanie u\u0142o\u017conych w stos p\u0142ytek PCB na przeno\u015bnik SMT, zapewniaj\u0105ce ci\u0105g\u0142e i nieprzerwane zasilanie maszyn typu pick-and-place znajduj\u0105cych si\u0119 w g\u00f3rnym biegu strumienia.<\/p>\n<\/li>\n<li data-start=\"355\" data-end=\"487\">\n<p data-start=\"358\" data-end=\"487\" data-rm-block-id=\"block-11\"><strong data-start=\"358\" data-end=\"380\">Szeroka kompatybilno\u015b\u0107<\/strong> \u2013 Obs\u0142uguje r\u00f3\u017cne rozmiary, grubo\u015bci i wagi p\u0142ytek PCB, dostosowuj\u0105c si\u0119 do zr\u00f3\u017cnicowanych wymaga\u0144 linii produkcyjnej.<\/p>\n<\/li>\n<li data-start=\"488\" data-end=\"642\">\n<p data-start=\"491\" data-end=\"642\" data-rm-block-id=\"block-12\"><strong data-start=\"491\" data-end=\"516\">Precyzyjne pozycjonowanie<\/strong> \u2013 Zaawansowany system podnoszenia i wyr\u00f3wnywania zapewnia precyzyjne rozmieszczenie p\u0142yt, zmniejszaj\u0105c liczb\u0119 zaci\u0119\u0107 i poprawiaj\u0105c jako\u015b\u0107 monta\u017cu.<\/p>\n<\/li>\n<li data-start=\"643\" data-end=\"778\">\n<p data-start=\"646\" data-end=\"778\" data-rm-block-id=\"block-13\"><strong data-start=\"646\" data-end=\"676\">Inteligentny system sterowania<\/strong> \u2013 Wyposa\u017cone w automatyczne czujniki monitoruj\u0105ce stan za\u0142adunku, zapobiegaj\u0105ce b\u0142\u0119dom i minimalizuj\u0105ce przestoje.<\/p>\n<\/li>\n<li data-start=\"779\" data-end=\"931\">\n<p data-start=\"782\" data-end=\"931\" data-rm-block-id=\"block-14\"><strong data-start=\"782\" data-end=\"812\">Kompaktowa i modu\u0142owa konstrukcja<\/strong> \u2013 \u0141atwa integracja z istniej\u0105cymi liniami SMT, zajmuj\u0105ca minimaln\u0105 przestrze\u0144 na pod\u0142odze i umo\u017cliwiaj\u0105ca elastyczne rozmieszczenie element\u00f3w fabrycznych.<\/p>\n<\/li>\n<li data-start=\"932\" data-end=\"1115\">\n<p data-start=\"935\" data-end=\"1115\" data-rm-block-id=\"block-15\"><strong data-start=\"935\" data-end=\"975\">Niskie wymagania konserwacyjne i niezawodna praca<\/strong> \u2013 Trwa\u0142a konstrukcja i zautomatyzowane dzia\u0142anie redukuj\u0105 konieczno\u015b\u0107 r\u0119cznej pracy, wyd\u0142u\u017caj\u0105 \u017cywotno\u015b\u0107 sprz\u0119tu i utrzymuj\u0105 stabiln\u0105, szybk\u0105 produkcj\u0119.<\/p>\n<\/li>\n<\/ul>\n<p>&nbsp;<\/p>\n<p data-rm-block-id=\"block-16\"><img loading=\"lazy\" decoding=\"async\" class=\"alignnone wp-image-23040 aligncenter\" src=\"https:\/\/esmte.com\/wp-content\/uploads\/2025\/12\/PCB-Board2.webp\" alt=\"\" width=\"771\" height=\"475\" srcset=\"https:\/\/esmte.com\/wp-content\/uploads\/2025\/12\/PCB-Board2.webp 1986w, https:\/\/esmte.com\/wp-content\/uploads\/2025\/12\/PCB-Board2-600x370.webp 600w, https:\/\/esmte.com\/wp-content\/uploads\/2025\/12\/PCB-Board2-300x185.webp 300w, https:\/\/esmte.com\/wp-content\/uploads\/2025\/12\/PCB-Board2-1024x632.webp 1024w, https:\/\/esmte.com\/wp-content\/uploads\/2025\/12\/PCB-Board2-768x474.webp 768w, https:\/\/esmte.com\/wp-content\/uploads\/2025\/12\/PCB-Board2-1536x947.webp 1536w, https:\/\/esmte.com\/wp-content\/uploads\/2025\/12\/PCB-Board2-1x1.webp 1w, https:\/\/esmte.com\/wp-content\/uploads\/2025\/12\/PCB-Board2-10x6.webp 10w\" sizes=\"auto, (max-width: 771px) 100vw, 771px\" \/><\/p>\n<h2 data-rm-block-id=\"block-17\">Specyfikacje<\/h2>\n<table style=\"border-collapse: collapse; width: 1297px; height: 191px;\" border=\"0\" width=\"689\" cellspacing=\"0\" cellpadding=\"0\">\n<tbody>\n<tr style=\"height: 13.50pt;\">\n<td class=\"et2\" style=\"height: 13.5pt; width: 90pt; text-align: center;\" width=\"120\" height=\"18\" data-rm-block-id=\"block-18\">Model<\/td>\n<td class=\"et2\" style=\"width: 106.5pt; text-align: center;\" width=\"142\" data-rm-block-id=\"block-19\">YL-250<\/td>\n<td class=\"et2\" style=\"width: 106.5pt; text-align: center;\" width=\"142\" data-rm-block-id=\"block-20\">YL-330<\/td>\n<td class=\"et2\" style=\"width: 106.5pt; text-align: center;\" width=\"142\" data-rm-block-id=\"block-21\">YL-390<\/td>\n<td class=\"et2\" style=\"width: 107.25pt; text-align: center;\" width=\"143\" data-rm-block-id=\"block-22\">YL-450<\/td>\n<\/tr>\n<tr style=\"height: 13.50pt;\">\n<td class=\"et3\" style=\"height: 13.5pt; width: 90pt; text-align: center;\" width=\"120\" height=\"18\" data-rm-block-id=\"block-23\">Wymiary (mm)<\/td>\n<td class=\"et3\" style=\"width: 106.5pt; text-align: center;\" width=\"142\" data-rm-block-id=\"block-24\">1330*765*1250<\/td>\n<td class=\"et3\" style=\"width: 106.5pt; text-align: center;\" width=\"142\" data-rm-block-id=\"block-25\">1650*845*1250<\/td>\n<td class=\"et3\" style=\"width: 106.5pt; text-align: center;\" width=\"142\" data-rm-block-id=\"block-26\">1800*909*1250<\/td>\n<td class=\"et3\" style=\"width: 107.25pt; text-align: center;\" width=\"143\" data-rm-block-id=\"block-27\">1800*970*1250<\/td>\n<\/tr>\n<tr style=\"height: 13.50pt;\">\n<td class=\"et3\" style=\"height: 13.5pt; width: 90pt; text-align: center;\" width=\"120\" height=\"18\" data-rm-block-id=\"block-28\">Rozmiar p\u0142ytki PCB (mm)<\/td>\n<td class=\"et3\" style=\"width: 106.5pt; text-align: center;\" width=\"142\" data-rm-block-id=\"block-29\">50*50-330*250<\/td>\n<td class=\"et3\" style=\"width: 106.5pt; text-align: center;\" width=\"142\" data-rm-block-id=\"block-30\">50*50-445*330<\/td>\n<td class=\"et3\" style=\"width: 106.5pt; text-align: center;\" width=\"142\" data-rm-block-id=\"block-31\">50*50-530*390<\/td>\n<td class=\"et3\" style=\"width: 107.25pt; text-align: center;\" width=\"143\" data-rm-block-id=\"block-32\">50*50-530*460<\/td>\n<\/tr>\n<tr style=\"height: 13.50pt;\">\n<td class=\"et3\" style=\"height: 13.5pt; width: 90pt; text-align: center;\" width=\"120\" height=\"18\" data-rm-block-id=\"block-33\">Rozmiar stojaka (mm)<\/td>\n<td class=\"et3\" style=\"width: 106.5pt; text-align: center;\" width=\"142\" data-rm-block-id=\"block-34\">355*320*563<\/td>\n<td class=\"et3\" style=\"width: 106.5pt; text-align: center;\" width=\"142\" data-rm-block-id=\"block-35\">460*400*563<\/td>\n<td class=\"et3\" style=\"width: 106.5pt; text-align: center;\" width=\"142\" data-rm-block-id=\"block-36\">535*460*563<\/td>\n<td class=\"et3\" style=\"width: 107.25pt; text-align: center;\" width=\"143\" data-rm-block-id=\"block-37\">535*530*563<\/td>\n<\/tr>\n<tr style=\"height: 27.00pt;\">\n<td class=\"et3\" style=\"height: 27pt; width: 90pt; text-align: center;\" width=\"120\" height=\"36\" data-rm-block-id=\"block-38\">System sterowania<\/td>\n<td class=\"et3\" style=\"width: 426.75pt; text-align: center;\" colspan=\"4\" width=\"569\" data-rm-block-id=\"block-39\">PLC<\/td>\n<\/tr>\n<tr style=\"height: 27.00pt;\">\n<td class=\"et3\" style=\"height: 27pt; width: 90pt; text-align: center;\" width=\"120\" height=\"36\" data-rm-block-id=\"block-40\">Zasilacz<\/td>\n<td class=\"et3\" style=\"width: 426.75pt; text-align: center;\" colspan=\"4\" width=\"569\" data-rm-block-id=\"block-41\">1-fazowy pr\u0105d zmienny 220 V 50\/60 Hz (opcja: 110 V do 380 V)<\/td>\n<\/tr>\n<tr style=\"height: 13.50pt;\">\n<td class=\"et3\" style=\"height: 13.5pt; width: 90pt; text-align: center;\" width=\"120\" height=\"18\" data-rm-block-id=\"block-42\">Waga<\/td>\n<td class=\"et3\" style=\"width: 106.5pt; text-align: center;\" width=\"142\" data-rm-block-id=\"block-43\">160 kg<\/td>\n<td class=\"et3\" style=\"width: 106.5pt; text-align: center;\" width=\"142\" data-rm-block-id=\"block-44\">220 kg<\/td>\n<td class=\"et3\" style=\"width: 106.5pt; text-align: center;\" width=\"142\" data-rm-block-id=\"block-45\">280 kg<\/td>\n<td class=\"et3\" style=\"width: 107.25pt; text-align: center;\" width=\"143\" data-rm-block-id=\"block-46\">340 kg<\/td>\n<\/tr>\n<\/tbody>\n<\/table>\n<p data-rm-block-id=\"block-48\"><a href=\"https:\/\/www.youtube.com\/@allaismt\" rel=\"nofollow noopener\" target=\"_blank\"><u>https:\/\/www.youtube.com\/@allaismt<\/u><\/a><\/p>\n<p data-rm-block-id=\"block-49\">Aby uzyska\u0107 wi\u0119cej informacji na temat w pe\u0142ni automatycznej \u0142adowarki p\u0142ytek SMT, prosimy o przes\u0142anie wiadomo\u015bci e-mail na adres<\/p>\n<p data-rm-block-id=\"block-50\"><a href=\"mailto:sophia@allaismt.com\"><u>sophia@allaismt.com<\/u><\/a><\/p>\n<p data-rm-block-id=\"block-51\">Szybko odpowiemy na Twoje zapytanie i udzielimy Ci szczeg\u00f3\u0142owych informacji o naszych produktach i us\u0142ugach.<\/p>\n<p data-rm-block-id=\"block-52\">","protected":false},"excerpt":{"rendered":"<p>Opis: <strong data-start=\"165\" data-end=\"193\">W pe\u0142ni automatyczna \u0142adowarka p\u0142ytek PCB SMT<\/strong> to zautomatyzowana maszyna do transportu p\u0142ytek PCB, zaprojektowana do wydajnego i ci\u0105g\u0142ego podawania p\u0142ytek PCB do linii produkcyjnych SMT. Automatycznie \u0142aduje ona u\u0142o\u017cone w stosy p\u0142ytki na przeno\u015bnik, zapewniaj\u0105c p\u0142ynne, stabilne i nieprzerwane dostarczanie materia\u0142\u00f3w na pocz\u0105tku produkcji. Dzi\u0119ki solidnej konstrukcji, precyzyjnemu mechanizmowi podnoszenia i inteligentnemu systemowi sterowania, \u0142adowarka poprawia wydajno\u015b\u0107 linii, redukuje konieczno\u015b\u0107 r\u0119cznej obs\u0142ugi i minimalizuje ryzyko uszkodzenia p\u0142ytek PCB. Idealna do produkcji wielkoseryjnej SMT, elektroniki samochodowej i elektroniki u\u017cytkowej, zapewnia niezawodn\u0105 automatyzacj\u0119 i zwi\u0119ksza og\u00f3ln\u0105 wydajno\u015b\u0107 produkcji.<\/p>\n<p>Minimalna ilo\u015b\u0107 zam\u00f3wienia: 1 szt.<\/p>\n<p>Czas realizacji zam\u00f3wienia: 15 dni<\/p>","protected":false},"featured_media":23038,"comment_status":"closed","ping_status":"closed","template":"","meta":[],"etheme_brands":[],"product_brand":[],"product_cat":[144,131],"product_tag":[],"class_list":{"0":"post-23036","1":"product","2":"type-product","3":"status-publish","4":"has-post-thumbnail","6":"product_cat-pcb-handling-machine","7":"product_cat-smt-peripheral-equipment","9":"first","10":"instock","11":"shipping-taxable","12":"product-type-simple"},"_links":{"self":[{"href":"https:\/\/esmte.com\/pl\/wp-json\/wp\/v2\/product\/23036","targetHints":{"allow":["GET"]}}],"collection":[{"href":"https:\/\/esmte.com\/pl\/wp-json\/wp\/v2\/product"}],"about":[{"href":"https:\/\/esmte.com\/pl\/wp-json\/wp\/v2\/types\/product"}],"replies":[{"embeddable":true,"href":"https:\/\/esmte.com\/pl\/wp-json\/wp\/v2\/comments?post=23036"}],"version-history":[{"count":1,"href":"https:\/\/esmte.com\/pl\/wp-json\/wp\/v2\/product\/23036\/revisions"}],"predecessor-version":[{"id":23046,"href":"https:\/\/esmte.com\/pl\/wp-json\/wp\/v2\/product\/23036\/revisions\/23046"}],"wp:featuredmedia":[{"embeddable":true,"href":"https:\/\/esmte.com\/pl\/wp-json\/wp\/v2\/media\/23038"}],"wp:attachment":[{"href":"https:\/\/esmte.com\/pl\/wp-json\/wp\/v2\/media?parent=23036"}],"wp:term":[{"taxonomy":"brand","embeddable":true,"href":"https:\/\/esmte.com\/pl\/wp-json\/wp\/v2\/etheme_brands?post=23036"},{"taxonomy":"product_brand","embeddable":true,"href":"https:\/\/esmte.com\/pl\/wp-json\/wp\/v2\/product_brand?post=23036"},{"taxonomy":"product_cat","embeddable":true,"href":"https:\/\/esmte.com\/pl\/wp-json\/wp\/v2\/product_cat?post=23036"},{"taxonomy":"product_tag","embeddable":true,"href":"https:\/\/esmte.com\/pl\/wp-json\/wp\/v2\/product_tag?post=23036"}],"curies":[{"name":"wp","href":"https:\/\/api.w.org\/{rel}","templated":true}]}}