{"id":22993,"date":"2025-12-11T07:23:27","date_gmt":"2025-12-11T07:23:27","guid":{"rendered":"https:\/\/esmte.com\/?post_type=product&#038;p=22993"},"modified":"2026-01-13T03:12:57","modified_gmt":"2026-01-13T03:12:57","slug":"fixture-cleaning-machine","status":"publish","type":"product","link":"https:\/\/esmte.com\/pl\/products\/fixture-cleaning-machine\/","title":{"rendered":"SMT Fixture Cleaning Machine"},"content":{"rendered":"<h2>Wst\u0119p<\/h2>\n<p data-start=\"127\" data-end=\"460\">Ten <strong>SMT<\/strong> <strong>Maszyna do czyszczenia opraw<\/strong> to zautomatyzowane rozwi\u0105zanie opracowane w celu usuwania pozosta\u0142o\u015bci topnika, klej\u00f3w, py\u0142u i innych zanieczyszcze\u0144 produkcyjnych z r\u00f3\u017cnych urz\u0105dze\u0144 produkcyjnych. W miar\u0119 jak zespo\u0142y elektroniczne staj\u0105 si\u0119 coraz bardziej kompaktowe i precyzyjne, utrzymanie czysto\u015bci urz\u0105dze\u0144 jest kluczowe dla stabilno\u015bci proces\u00f3w i sta\u0142ej jako\u015bci produktu.<\/p>\n<p data-start=\"462\" data-end=\"899\">Sercem systemu jest wysokowydajny mechanizm czyszczenia natryskowego, wspierany precyzyjn\u0105 kontrol\u0105 temperatury i ci\u015bnienia. System umo\u017cliwia czyszczenie palet reflow, no\u015bnik\u00f3w lutu falowego, przyrz\u0105d\u00f3w testowych ICT\/FCT, przyrz\u0105d\u00f3w do powlekania i ram narz\u0119dziowych w jednym cyklu. Zoptymalizowane dysze natryskowe i zamkni\u0119ty system filtracji zapewniaj\u0105 dok\u0142adne usuwanie utwardzonych pozosta\u0142o\u015bci bez uszkadzania powierzchni przyrz\u0105d\u00f3w ani zmiany dok\u0142adno\u015bci wymiarowej.<\/p>\n<p data-start=\"901\" data-end=\"1235\">Zautomatyzowane cykle czyszczenia zast\u0119puj\u0105 nieregularn\u0105 prac\u0119 r\u0119czn\u0105, zmniejszaj\u0105c pracoch\u0142onno\u015b\u0107 i poprawiaj\u0105c powtarzalno\u015b\u0107. Programowalne parametry pozwalaj\u0105 operatorom dostosowa\u0107 tryby czyszczenia do r\u00f3\u017cnych typ\u00f3w urz\u0105dze\u0144, a zintegrowana konstrukcja filtracji minimalizuje zu\u017cycie \u015brodk\u00f3w chemicznych, wyd\u0142u\u017ca \u017cywotno\u015b\u0107 roztworu czyszcz\u0105cego i obni\u017ca koszty operacyjne.<\/p>\n<p data-start=\"1237\" data-end=\"1536\">Dzi\u0119ki kompatybilno\u015bci z procesami produkcyjnymi SMT, THT i PCBA <strong>SMT<\/strong> <strong>Maszyna do czyszczenia opraw<\/strong> Obs\u0142uguje \u015brodowiska produkcyjne o wysokim zr\u00f3\u017cnicowaniu, w kt\u00f3rych cz\u0119sto zmienia si\u0119 osprz\u0119t. Solidna konstrukcja, \u0142atwy dost\u0119p do punkt\u00f3w serwisowych i zautomatyzowane funkcje alarmowe zapewniaj\u0105 d\u0142ugoterminow\u0105 niezawodno\u015b\u0107 i ci\u0105g\u0142o\u015b\u0107 pracy.<\/p>\n<p data-start=\"1538\" data-end=\"1923\">Og\u00f3lnie rzecz bior\u0105c, <strong>SMT Fixture Cleaning Machine<\/strong> Zwi\u0119ksza stabilno\u015b\u0107 produkcji, wyd\u0142u\u017ca \u017cywotno\u015b\u0107 osprz\u0119tu i poprawia niezawodno\u015b\u0107 produktu. Zapewniaj\u0105c kontrolowany, powtarzalny i wolny od zanieczyszcze\u0144 proces czyszczenia, stanowi niezawodne rozwi\u0105zanie w produkcji zaawansowanej elektroniki, obejmuj\u0105cej urz\u0105dzenia mobilne, elektronik\u0119 samochodow\u0105, sprz\u0119t medyczny i przemys\u0142owe systemy sterowania.<\/p>\n<p data-start=\"1538\" data-end=\"1923\"><img loading=\"lazy\" decoding=\"async\" class=\"alignnone wp-image-22994 aligncenter\" src=\"https:\/\/esmte.com\/wp-content\/uploads\/2025\/12\/11-40.webp\" alt=\"Fixture Cleaning Machine\" width=\"657\" height=\"657\" srcset=\"https:\/\/esmte.com\/wp-content\/uploads\/2025\/12\/11-40.webp 2560w, https:\/\/esmte.com\/wp-content\/uploads\/2025\/12\/11-40-100x100.webp 100w, https:\/\/esmte.com\/wp-content\/uploads\/2025\/12\/11-40-600x600.webp 600w, https:\/\/esmte.com\/wp-content\/uploads\/2025\/12\/11-40-300x300.webp 300w, https:\/\/esmte.com\/wp-content\/uploads\/2025\/12\/11-40-1024x1024.webp 1024w, https:\/\/esmte.com\/wp-content\/uploads\/2025\/12\/11-40-150x150.webp 150w, https:\/\/esmte.com\/wp-content\/uploads\/2025\/12\/11-40-768x768.webp 768w, https:\/\/esmte.com\/wp-content\/uploads\/2025\/12\/11-40-1536x1536.webp 1536w, https:\/\/esmte.com\/wp-content\/uploads\/2025\/12\/11-40-2048x2048.webp 2048w, https:\/\/esmte.com\/wp-content\/uploads\/2025\/12\/11-40-1x1.webp 1w, https:\/\/esmte.com\/wp-content\/uploads\/2025\/12\/11-40-10x10.webp 10w\" sizes=\"auto, (max-width: 657px) 100vw, 657px\" \/><\/p>\n<h2 data-start=\"136\" data-end=\"215\"><strong data-start=\"139\" data-end=\"215\">How the SMT Fixture Cleaning Machine Is Used in Mobile Electronics Factories<\/strong><\/h2>\n<p data-start=\"217\" data-end=\"304\"><strong data-start=\"221\" data-end=\"302\">1. Urz\u0105dzenia czyszcz\u0105ce do p\u0142yt g\u0142\u00f3wnych smartfon\u00f3w (palety lutownicze rozp\u0142ywowe i falowe)<\/strong><\/p>\n<p data-start=\"305\" data-end=\"597\">P\u0142ytki PCB smartfon\u00f3w s\u0105 kompaktowe i g\u0119sto u\u0142o\u017cone, co wymaga czystych i wolnych od zanieczyszcze\u0144 narz\u0119dzi. Maszyna do czyszczenia opraw usuwa pozosta\u0142o\u015bci topnika, oleje i zanieczyszczenia z palet lutowniczych rozp\u0142ywowych i falowych, zapewniaj\u0105c sta\u0142\u0105 jako\u015b\u0107 i zapobiegaj\u0105c zanieczyszczeniu kolejnych partii produkcyjnych.<\/p>\n<p data-start=\"599\" data-end=\"646\"><strong data-start=\"603\" data-end=\"644\">2. Czyszczenie urz\u0105dze\u0144 testowych ICT i FCT<\/strong><\/p>\n<p data-start=\"647\" data-end=\"966\">Produkcja elektroniki mobilnej w du\u017cym stopniu opiera si\u0119 na testach ICT i FCT. Z czasem na urz\u0105dzeniach testowych gromadzi si\u0119 kurz, pasta lutownicza, odciski palc\u00f3w i osady, kt\u00f3re zmniejszaj\u0105 niezawodno\u015b\u0107 styku sondy. Automatyczne czyszczenie urz\u0105dze\u0144 przywraca czysto\u015b\u0107, poprawia dok\u0142adno\u015b\u0107 test\u00f3w elektrycznych i zmniejsza liczb\u0119 fa\u0142szywych b\u0142\u0119d\u00f3w lub pomini\u0119tych defekt\u00f3w.<\/p>\n<p data-start=\"968\" data-end=\"1020\"><strong data-start=\"972\" data-end=\"1018\">3. Czyszczenie element\u00f3w monta\u017cowych akumulatora<\/strong><\/p>\n<p data-start=\"1021\" data-end=\"1300\">Podczas monta\u017cu baterii smartfona, w elementach cz\u0119sto gromadz\u0105 si\u0119 pozosta\u0142o\u015bci kleju, drobinki i drobinki niklu. Urz\u0105dzenie czyszcz\u0105ce skutecznie usuwa te zanieczyszczenia, zapobiegaj\u0105c przedostawaniu si\u0119 cia\u0142 obcych do wn\u0119trza baterii, co poprawia bezpiecze\u0144stwo i sp\u00f3jno\u015b\u0107 monta\u017cu.<\/p>\n<p data-start=\"1302\" data-end=\"1363\"><strong data-start=\"1306\" data-end=\"1361\">4. Czyszczenie urz\u0105dze\u0144 do powlekania i dozowania<\/strong><\/p>\n<p data-start=\"1364\" data-end=\"1638\">Procesy nak\u0142adania pow\u0142ok ochronnych i kleju pozostawiaj\u0105 utwardzone materia\u0142y na oprzyrz\u0105dowaniu, co wp\u0142ywa na dok\u0142adno\u015b\u0107 wymiarow\u0105 i stabilno\u015b\u0107 aplikacji. Maszyna do czyszczenia oprzyrz\u0105dowania usuwa utwardzone pozosta\u0142o\u015bci i nagromadzenia, zapewniaj\u0105c precyzyjn\u0105 pow\u0142ok\u0119 i r\u00f3wnomierne nak\u0142adanie kleju.<\/p>\n<p data-start=\"1640\" data-end=\"1699\"><strong data-start=\"1644\" data-end=\"1697\">5. Urz\u0105dzenia czyszcz\u0105ce do produkcji modu\u0142\u00f3w kamer<\/strong><\/p>\n<p data-start=\"1700\" data-end=\"1960\">Modu\u0142y kamer wymagaj\u0105 wyj\u0105tkowo wysokiej czysto\u015bci. Maszyna czyszcz\u0105ca usuwa mikropy\u0142, pozosta\u0142o\u015bci kleju i zanieczyszczenia topnikiem z uchwyt\u00f3w monta\u017cowych kamer, zapewniaj\u0105c ochron\u0119 i brak uszkodze\u0144 wra\u017cliwych komponent\u00f3w, takich jak obiektywy i matryce.<\/p>\n<p data-start=\"1962\" data-end=\"2029\"><strong data-start=\"1966\" data-end=\"2027\">6. Wsparcie mobilnej produkcji o du\u017cej r\u00f3\u017cnorodno\u015bci i wysokiej przepustowo\u015bci<\/strong><\/p>\n<p data-start=\"2030\" data-end=\"2281\">Produkcja urz\u0105dze\u0144 mobilnych wi\u0105\u017ce si\u0119 z cz\u0119stymi zmianami modeli i intensywnym wykorzystaniem osprz\u0119tu. Automatyczne czyszczenie osprz\u0119tu przyspiesza jego obr\u00f3t, redukuje nak\u0142ad pracy r\u0119cznej i zapewnia stabiln\u0105, ci\u0105g\u0142\u0105 produkcj\u0119 na szybko dzia\u0142aj\u0105cych liniach monta\u017cowych smartfon\u00f3w.<\/p>\n<p data-start=\"1538\" data-end=\"1923\"><img loading=\"lazy\" decoding=\"async\" class=\"aligncenter wp-image-22995\" src=\"https:\/\/esmte.com\/wp-content\/uploads\/2025\/12\/\u56fe\u72474-scaled.webp\" alt=\"\" width=\"1055\" height=\"831\" srcset=\"https:\/\/esmte.com\/wp-content\/uploads\/2025\/12\/\u56fe\u72474-scaled.webp 2560w, https:\/\/esmte.com\/wp-content\/uploads\/2025\/12\/\u56fe\u72474-scaled-600x473.webp 600w, https:\/\/esmte.com\/wp-content\/uploads\/2025\/12\/\u56fe\u72474-300x236.webp 300w, https:\/\/esmte.com\/wp-content\/uploads\/2025\/12\/\u56fe\u72474-1024x807.webp 1024w, https:\/\/esmte.com\/wp-content\/uploads\/2025\/12\/\u56fe\u72474-768x605.webp 768w, https:\/\/esmte.com\/wp-content\/uploads\/2025\/12\/\u56fe\u72474-1536x1210.webp 1536w, https:\/\/esmte.com\/wp-content\/uploads\/2025\/12\/\u56fe\u72474-2048x1613.webp 2048w, https:\/\/esmte.com\/wp-content\/uploads\/2025\/12\/\u56fe\u72474-1x1.webp 1w, https:\/\/esmte.com\/wp-content\/uploads\/2025\/12\/\u56fe\u72474-10x8.webp 10w\" sizes=\"auto, (max-width: 1055px) 100vw, 1055px\" \/><\/p>\n<h2>Specyfikacje<\/h2>\n<table style=\"border-collapse: collapse; width: 924px; height: 356px;\" border=\"0\" width=\"528\" cellspacing=\"0\" cellpadding=\"0\">\n<tbody>\n<tr style=\"height: 15.00pt;\">\n<td class=\"et2\" style=\"height: 15pt; width: 141pt; text-align: center;\" width=\"188\" height=\"20\">Model<\/td>\n<td class=\"et3\" style=\"width: 255pt; text-align: center;\" width=\"340\">YFC-5200<\/td>\n<\/tr>\n<tr style=\"height: 15.00pt;\">\n<td class=\"et4\" style=\"height: 15pt; width: 141pt; text-align: center;\" width=\"188\" height=\"20\">Rozmiar kosza czyszcz\u0105cego<\/td>\n<td class=\"et5\" style=\"width: 255pt; text-align: center;\" width=\"340\">\u03a61000 mm x wys. 200 mm. Opcja specjalnego rozmiaru.<\/td>\n<\/tr>\n<tr style=\"height: 15.00pt;\">\n<td class=\"et4\" style=\"height: 15pt; width: 141pt; text-align: center;\" width=\"188\" height=\"20\">Jednostka natryskowa<\/td>\n<td class=\"et5\" style=\"width: 255pt; text-align: center;\" width=\"340\">\u03a61000 mm x wys. 200 mm. Opcja specjalnego rozmiaru.<\/td>\n<\/tr>\n<tr style=\"height: 15.00pt;\">\n<td class=\"et4\" style=\"height: 15pt; width: 141pt; text-align: center;\" width=\"188\" height=\"20\">Jednostka natryskowa<\/td>\n<td class=\"et5\" style=\"width: 255pt; text-align: center;\" width=\"340\">G\u00f3rna\/dolna\/przednia strona, spryskiwanie dooko\u0142a 720\u00b0<\/td>\n<\/tr>\n<tr style=\"height: 15.00pt;\">\n<td class=\"et4\" style=\"height: 15pt; width: 141pt; text-align: center;\" width=\"188\" height=\"20\">3-stopniowy system filtracji<\/td>\n<td class=\"et5\" style=\"width: 255pt; text-align: center;\" width=\"340\">Filtry 1mm \/50um\/20um<\/td>\n<\/tr>\n<tr style=\"height: 15.00pt;\">\n<td class=\"et4\" style=\"height: 15pt; width: 141pt; text-align: center;\" width=\"188\" height=\"20\">Ci\u015bnienie spr\u0119\u017conego powietrza<\/td>\n<td class=\"et5\" style=\"width: 255pt; text-align: center;\" width=\"340\">0,5~0,7 MPa<\/td>\n<\/tr>\n<tr style=\"height: 15.00pt;\">\n<td class=\"et4\" style=\"height: 15pt; width: 141pt; text-align: center;\" width=\"188\" height=\"20\">Pojemno\u015b\u0107 zbiornika na wod\u0119<\/td>\n<td class=\"et5\" style=\"width: 255pt; text-align: center;\" width=\"340\">80L<\/td>\n<\/tr>\n<tr style=\"height: 15.00pt;\">\n<td class=\"et4\" style=\"height: 15pt; width: 141pt; text-align: center;\" width=\"188\" height=\"20\">Temperatura wody p\u0142ucz\u0105cej<\/td>\n<td class=\"et5\" style=\"width: 255pt; text-align: center;\" width=\"340\"><span class=\"font1\">Temperatura pokojowa ~80<\/span><span class=\"font0\">\u2103<\/span><\/td>\n<\/tr>\n<tr style=\"height: 15.00pt;\">\n<td class=\"et4\" style=\"height: 15pt; width: 141pt; text-align: center;\" width=\"188\" height=\"20\">Temperatura grzania gor\u0105cego powietrza<\/td>\n<td class=\"et5\" style=\"width: 255pt; text-align: center;\" width=\"340\"><span class=\"font1\">Temperatura pokojowa ~90<\/span><span class=\"font0\">\u2103<\/span><\/td>\n<\/tr>\n<tr style=\"height: 15.00pt;\">\n<td class=\"et4\" style=\"height: 15pt; width: 141pt; text-align: center;\" width=\"188\" height=\"20\">Czysta moc pompy<\/td>\n<td class=\"et5\" style=\"width: 255pt; text-align: center;\" width=\"340\">2,2 kW<\/td>\n<\/tr>\n<tr style=\"height: 15.00pt;\">\n<td class=\"et4\" style=\"height: 15pt; width: 141pt; text-align: center;\" width=\"188\" height=\"20\">Czysta moc detergentu<\/td>\n<td class=\"et5\" style=\"width: 255pt; text-align: center;\" width=\"340\">9 kW<\/td>\n<\/tr>\n<tr style=\"height: 15.00pt;\">\n<td class=\"et4\" style=\"height: 15pt; width: 141pt; text-align: center;\" width=\"188\" height=\"20\">Moc dmuchawy powietrza<\/td>\n<td class=\"et5\" style=\"width: 255pt; text-align: center;\" width=\"340\">4,0 kW<\/td>\n<\/tr>\n<tr style=\"height: 15.00pt;\">\n<td class=\"et4\" style=\"height: 15pt; width: 141pt; text-align: center;\" width=\"188\" height=\"20\">Zasilacz<\/td>\n<td class=\"et5\" style=\"width: 255pt; text-align: center;\" width=\"340\">3 P, pr\u0105d zmienny 380 V, 50\/60 Hz, 33 kW<\/td>\n<\/tr>\n<tr style=\"height: 15.00pt;\">\n<td class=\"et6\" style=\"height: 15pt; width: 141pt; text-align: center;\" width=\"188\" height=\"20\">Rozmiar maszyny<\/td>\n<td class=\"et7\" style=\"width: 255pt; text-align: center;\" width=\"340\">D\u0142. 1380 x szer. 2100 x wys. 1400 (mm)<\/td>\n<\/tr>\n<\/tbody>\n<\/table>\n<p>&nbsp;<\/p>\n<p><a href=\"https:\/\/www.youtube.com\/@allaismt\" rel=\"nofollow noopener\" target=\"_blank\"><u>https:\/\/www.youtube.com\/@allaismt<\/u><\/a><\/p>\n<p>For more information about the <strong>SMT Fixture Cleaning Machine<\/strong>, prosz\u0119 wys\u0142a\u0107 e-mail na adres<\/p>\n<p><a href=\"mailto:sophia@allaismt.com\"><u>sophia@allaismt.com<\/u><\/a><\/p>\n<p>Szybko odpowiemy na Twoje zapytanie i udzielimy Ci szczeg\u00f3\u0142owych informacji o naszych produktach i us\u0142ugach.<\/p>\n<p>&nbsp;<\/p>","protected":false},"excerpt":{"rendered":"<p>Opis: <strong>SMT<\/strong> <strong>Maszyna do czyszczenia opraw<\/strong> is an automated cleaning system designed to remove flux residues, adhesives, dust, and contaminants from various production fixtures. Using high-pressure spray technology, optimized solvents, and controlled cleaning cycles, it restores fixtures to a clean, ready-to-use condition. Its consistent cleaning performance improves process stability, reduces manual labor, and supports high-quality production in SMT, THT, and PCBA manufacturing environments.<\/p>\n<p>Minimalna ilo\u015b\u0107 zam\u00f3wienia: 1 szt.<\/p>\n<p>Czas realizacji zam\u00f3wienia: 15 dni<\/p>","protected":false},"featured_media":22996,"comment_status":"closed","ping_status":"closed","template":"","meta":[],"etheme_brands":[],"product_brand":[],"product_cat":[156,157],"product_tag":[],"class_list":{"0":"post-22993","1":"product","2":"type-product","3":"status-publish","4":"has-post-thumbnail","6":"product_cat-pcb-cleaning-machine","7":"product_cat-fixture-cleaning-machine","9":"first","10":"instock","11":"shipping-taxable","12":"product-type-simple"},"_links":{"self":[{"href":"https:\/\/esmte.com\/pl\/wp-json\/wp\/v2\/product\/22993","targetHints":{"allow":["GET"]}}],"collection":[{"href":"https:\/\/esmte.com\/pl\/wp-json\/wp\/v2\/product"}],"about":[{"href":"https:\/\/esmte.com\/pl\/wp-json\/wp\/v2\/types\/product"}],"replies":[{"embeddable":true,"href":"https:\/\/esmte.com\/pl\/wp-json\/wp\/v2\/comments?post=22993"}],"version-history":[{"count":1,"href":"https:\/\/esmte.com\/pl\/wp-json\/wp\/v2\/product\/22993\/revisions"}],"predecessor-version":[{"id":23740,"href":"https:\/\/esmte.com\/pl\/wp-json\/wp\/v2\/product\/22993\/revisions\/23740"}],"wp:featuredmedia":[{"embeddable":true,"href":"https:\/\/esmte.com\/pl\/wp-json\/wp\/v2\/media\/22996"}],"wp:attachment":[{"href":"https:\/\/esmte.com\/pl\/wp-json\/wp\/v2\/media?parent=22993"}],"wp:term":[{"taxonomy":"brand","embeddable":true,"href":"https:\/\/esmte.com\/pl\/wp-json\/wp\/v2\/etheme_brands?post=22993"},{"taxonomy":"product_brand","embeddable":true,"href":"https:\/\/esmte.com\/pl\/wp-json\/wp\/v2\/product_brand?post=22993"},{"taxonomy":"product_cat","embeddable":true,"href":"https:\/\/esmte.com\/pl\/wp-json\/wp\/v2\/product_cat?post=22993"},{"taxonomy":"product_tag","embeddable":true,"href":"https:\/\/esmte.com\/pl\/wp-json\/wp\/v2\/product_tag?post=22993"}],"curies":[{"name":"wp","href":"https:\/\/api.w.org\/{rel}","templated":true}]}}