{"id":22970,"date":"2025-12-11T02:54:36","date_gmt":"2025-12-11T02:54:36","guid":{"rendered":"https:\/\/esmte.com\/?post_type=product&#038;p=22970"},"modified":"2026-01-26T08:44:53","modified_gmt":"2026-01-26T08:44:53","slug":"solder-unloader-for-stable-post-wave-transfer","status":"publish","type":"product","link":"https:\/\/esmte.com\/pl\/products\/solder-unloader-for-stable-post-wave-transfer\/","title":{"rendered":"Urz\u0105dzenie do roz\u0142adowywania lutu falowego z szyn\u0105 YUR-460"},"content":{"rendered":"<h2>Wst\u0119p<\/h2>\n<p data-start=\"162\" data-end=\"497\">Ten <strong>SMT<\/strong> <strong>Urz\u0105dzenie do roz\u0142adowywania lutu falowego z szyn\u0105 YUR-460<\/strong> to zautomatyzowany system przeznaczony do obs\u0142ugi p\u0142ytek PCB bezpo\u015brednio po etapie lutowania falowego. Zapewnia stabiln\u0105 i zsynchronizowan\u0105 \u015bcie\u017ck\u0119 transferu, kt\u00f3ra przemieszcza lutowane zespo\u0142y z przeno\u015bnika wyj\u015bciowego do dalszych proces\u00f3w, gwarantuj\u0105c p\u0142ynn\u0105 obs\u0142ug\u0119 w \u015brodowiskach produkcji THT o du\u017cej obj\u0119to\u015bci.<\/p>\n<p data-start=\"499\" data-end=\"845\">W centrum YUR-460 znajduje si\u0119 precyzyjny przeno\u015bnik szynowy o regulowanej szeroko\u015bci, umo\u017cliwiaj\u0105cy szybkie dopasowanie do r\u00f3\u017cnych rozmiar\u00f3w p\u0142ytek PCB i wspieraj\u0105cy wydajn\u0105 produkcj\u0119 modeli mieszanych. Konstrukcja zapobiegaj\u0105ca odkszta\u0142caniu i ruch o niskim poziomie wibracji chroni\u0105 p\u0142ytki z ci\u0119\u017ckimi komponentami lub grubymi warstwami miedzi przed napr\u0119\u017ceniami mechanicznymi podczas transferu po lutowaniu.<\/p>\n<p data-start=\"847\" data-end=\"1197\">Aby zwi\u0119kszy\u0107 wydajno\u015b\u0107 operacyjn\u0105, <strong>YUR-460 SMT Wave Solder Unloader with Rail <\/strong>Oferuje wiele konfiguracji roz\u0142adunku, takich jak kierowanie p\u0142ytek PCB do podajnik\u00f3w magazynowych, stacji buforowych, jednostek inspekcyjnych lub przeno\u015bnik\u00f3w ch\u0142odz\u0105cych. Zintegrowane czujniki i sterowanie PLC zapewniaj\u0105 sta\u0142y przep\u0142yw, minimalizuj\u0105 w\u0105skie gard\u0142a i ograniczaj\u0105 r\u0119czn\u0105 interwencj\u0119, poprawiaj\u0105c niezawodno\u015b\u0107 i wykorzystanie linii.<\/p>\n<p data-start=\"1199\" data-end=\"1576\">Dzi\u0119ki bezproblemowej integracji z liniami lutowniczymi falowymi i trwa\u0142ej konstrukcji zapewniaj\u0105cej d\u0142ugotrwa\u0142e u\u017cytkowanie, <strong>YUR-460 SMT Wave Solder Unloader with Rail<\/strong> Zapewnia stabiln\u0105 obs\u0142ug\u0119 PCB dla elektroniki samochodowej, przemys\u0142owych produkt\u00f3w steruj\u0105cych i podzespo\u0142\u00f3w elektroniki u\u017cytkowej. Po\u0142\u0105czenie precyzji mechanicznej i inteligentnego sterowania przep\u0142ywem pracy czyni je skutecznym narz\u0119dziem do optymalizacji nowoczesnych proces\u00f3w lutowania THT.<\/p>\n<p data-start=\"1760\" data-end=\"2009\"><img loading=\"lazy\" decoding=\"async\" class=\"aligncenter wp-image-22971\" src=\"https:\/\/esmte.com\/wp-content\/uploads\/2025\/12\/11-38-scaled.webp\" alt=\"SMT Wave Solder Unloader with Rail\" width=\"640\" height=\"640\" srcset=\"https:\/\/esmte.com\/wp-content\/uploads\/2025\/12\/11-38-scaled.webp 2560w, https:\/\/esmte.com\/wp-content\/uploads\/2025\/12\/11-38-scaled-100x100.webp 100w, https:\/\/esmte.com\/wp-content\/uploads\/2025\/12\/11-38-scaled-600x600.webp 600w, https:\/\/esmte.com\/wp-content\/uploads\/2025\/12\/11-38-300x300.webp 300w, https:\/\/esmte.com\/wp-content\/uploads\/2025\/12\/11-38-1024x1024.webp 1024w, https:\/\/esmte.com\/wp-content\/uploads\/2025\/12\/11-38-150x150.webp 150w, https:\/\/esmte.com\/wp-content\/uploads\/2025\/12\/11-38-768x768.webp 768w, https:\/\/esmte.com\/wp-content\/uploads\/2025\/12\/11-38-1536x1536.webp 1536w, https:\/\/esmte.com\/wp-content\/uploads\/2025\/12\/11-38-2048x2048.webp 2048w, https:\/\/esmte.com\/wp-content\/uploads\/2025\/12\/11-38-1x1.webp 1w, https:\/\/esmte.com\/wp-content\/uploads\/2025\/12\/11-38-10x10.webp 10w\" sizes=\"auto, (max-width: 640px) 100vw, 640px\" \/><\/p>\n<h2 data-start=\"119\" data-end=\"230\"><strong data-start=\"122\" data-end=\"230\">Jak roz\u0142adowywacz lutu falowego z szyn\u0105 YUR-460 jest wykorzystywany w mobilnych fabrykach elektroniki<\/strong><\/h2>\n<p data-start=\"232\" data-end=\"285\"><strong data-start=\"236\" data-end=\"283\">1. Delikatne obchodzenie si\u0119 z cienkimi p\u0142ytkami PCB smartfon\u00f3w<\/strong><\/p>\n<p data-start=\"286\" data-end=\"539\">P\u0142ytki PCB do urz\u0105dze\u0144 mobilnych s\u0105 cienkie, lekkie i g\u0119sto upakowane. Urz\u0105dzenie roz\u0142adowuj\u0105ce YUR-460 wykorzystuje stabilny przeno\u015bnik szynowy do podtrzymywania p\u0142ytek bezpo\u015brednio po lutowaniu falowym, zapobiegaj\u0105c wyginaniu i wibracjom, kt\u00f3re mog\u0142yby uszkodzi\u0107 z\u0142\u0105cza, ekrany lub interfejsy THT.<\/p>\n<p data-start=\"541\" data-end=\"590\"><strong data-start=\"545\" data-end=\"588\">2. Stabilny transfer po lutowaniu falowym<\/strong><\/p>\n<p data-start=\"591\" data-end=\"842\">Zaraz po lutowaniu p\u0142ytki s\u0105 nadal ciep\u0142e i delikatne. YUR-460 zapewnia kontrolowan\u0105, r\u00f3wnomiern\u0105 \u015bcie\u017ck\u0119 transferu do urz\u0105dze\u0144 znajduj\u0105cych si\u0119 dalej w procesie \u2013 takich jak przeno\u015bniki ch\u0142odz\u0105ce, AOI czy rega\u0142y buforowe \u2013 gwarantuj\u0105c p\u0142ynny i r\u00f3wnomierny przep\u0142yw bez r\u0119cznej ingerencji.<\/p>\n<p data-start=\"844\" data-end=\"903\"><strong data-start=\"848\" data-end=\"901\">3. Szybka regulacja dla wielu rozmiar\u00f3w p\u0142ytek PCB<\/strong><\/p>\n<p data-start=\"904\" data-end=\"1155\">Fabryki smartfon\u00f3w obs\u0142uguj\u0105 wiele typ\u00f3w p\u0142yt: p\u0142yty g\u0142\u00f3wne, p\u0142ytki \u0142adowania, modu\u0142y audio, p\u0142ytki antenowe i p\u0142ytki PCB akcesori\u00f3w. Regulowana szeroko\u015b\u0107 szyny i mo\u017cliwo\u015b\u0107 szybkiej wymiany w YUR-460 u\u0142atwiaj\u0105 dostosowanie do r\u00f3\u017cnych rozmiar\u00f3w i uk\u0142ad\u00f3w p\u0142ytek PCB.<\/p>\n<p data-start=\"1157\" data-end=\"1210\"><strong data-start=\"1161\" data-end=\"1208\">4. Zmniejszenie nak\u0142ad\u00f3w pracy i wi\u0119ksza automatyzacja linii<\/strong><\/p>\n<p data-start=\"1211\" data-end=\"1473\">Przejmuj\u0105c zadania zwi\u0105zane z roz\u0142adunkiem, YUR-460 redukuje potrzeb\u0119 obecno\u015bci operator\u00f3w na ko\u0144cu linii lutowniczej. Sterowanie oparte na sterowniku PLC synchronizuje si\u0119 z urz\u0105dzeniem do lutowania falowego, zapewniaj\u0105c stabilny czas taktu i zwi\u0119kszaj\u0105c og\u00f3ln\u0105 automatyzacj\u0119 mobilnego procesu PCBA.<\/p>\n<p data-start=\"1475\" data-end=\"1518\"><strong data-start=\"1479\" data-end=\"1516\">5. Zapobieganie wadom po lutowaniu<\/strong><\/p>\n<p data-start=\"1519\" data-end=\"1762\">Kontrolowany system ruchu i podtrzymywania p\u0142ytki pomaga zapobiega\u0107 problemom zwi\u0105zanym z napr\u0119\u017ceniami, takim jak p\u0119kni\u0119te po\u0142\u0105czenia lutowane, uniesione pady i przemieszczanie si\u0119 komponent\u00f3w \u2014 problemy, kt\u00f3re s\u0105 szczeg\u00f3lnie cz\u0119ste w przypadku p\u0142ytek drukowanych smartfon\u00f3w o du\u017cej g\u0119sto\u015bci, je\u015bli s\u0105 obs\u0142ugiwane r\u0119cznie.<\/p>\n<p data-start=\"1764\" data-end=\"1834\"><strong data-start=\"1768\" data-end=\"1832\">6. Bezproblemowa integracja z liniami monta\u017cowymi szybkich telefon\u00f3w<\/strong><\/p>\n<p data-start=\"1835\" data-end=\"2085\">Zaprojektowany z my\u015bl\u0105 o ci\u0105g\u0142ej, wysokowydajnej produkcji, YUR-460 z \u0142atwo\u015bci\u0105 integruje si\u0119 z urz\u0105dzeniami w g\u00f3r\u0119 i w d\u00f3\u0142 linii produkcyjnej. Dzi\u0119ki temu nadaje si\u0119 do \u015brodowisk szybkiej produkcji smartfon\u00f3w, gdzie kluczowy jest sta\u0142y przep\u0142yw i minimalne przestoje.<\/p>\n<p><img loading=\"lazy\" decoding=\"async\" class=\"aligncenter wp-image-22968\" src=\"https:\/\/esmte.com\/wp-content\/uploads\/2025\/12\/\u56fe\u72471_\u526f\u672c.webp\" alt=\"SMT Wave Solder Unloader with Rail YUR-350\" width=\"402\" height=\"473\" srcset=\"https:\/\/esmte.com\/wp-content\/uploads\/2025\/12\/\u56fe\u72471_\u526f\u672c.webp 1438w, https:\/\/esmte.com\/wp-content\/uploads\/2025\/12\/\u56fe\u72471_\u526f\u672c-600x706.webp 600w, https:\/\/esmte.com\/wp-content\/uploads\/2025\/12\/\u56fe\u72471_\u526f\u672c-255x300.webp 255w, https:\/\/esmte.com\/wp-content\/uploads\/2025\/12\/\u56fe\u72471_\u526f\u672c-871x1024.webp 871w, https:\/\/esmte.com\/wp-content\/uploads\/2025\/12\/\u56fe\u72471_\u526f\u672c-768x903.webp 768w, https:\/\/esmte.com\/wp-content\/uploads\/2025\/12\/\u56fe\u72471_\u526f\u672c-1306x1536.webp 1306w, https:\/\/esmte.com\/wp-content\/uploads\/2025\/12\/\u56fe\u72471_\u526f\u672c-1x1.webp 1w\" sizes=\"auto, (max-width: 402px) 100vw, 402px\" \/><\/p>\n<p>&nbsp;<\/p>\n<h2>Specyfikacje<\/h2>\n<table style=\"border-collapse: collapse; width: 923px; height: 377px;\" border=\"0\" width=\"595\" cellspacing=\"0\" cellpadding=\"0\">\n<tbody>\n<tr style=\"height: 15.00pt;\">\n<td class=\"et2\" style=\"height: 15pt; width: 102.75pt; text-align: center;\" width=\"137\" height=\"20\">Model<\/td>\n<td class=\"et3\" style=\"width: 171.75pt; text-align: center;\" width=\"229\">YUR-350<\/td>\n<td class=\"et4\" style=\"width: 171.75pt; text-align: center;\" width=\"229\">YUR-460<\/td>\n<\/tr>\n<tr style=\"height: 15.00pt;\">\n<td class=\"et2\" style=\"height: 15pt; width: 102.75pt; text-align: center;\" width=\"137\" height=\"20\">Wymiary (mm)<\/td>\n<td class=\"et3\" style=\"width: 171.75pt; text-align: center;\" width=\"229\">2200*485*1400 mm<\/td>\n<td class=\"et4\" style=\"width: 171.75pt; text-align: center;\" width=\"229\">2200*600*1400 mm<\/td>\n<\/tr>\n<tr style=\"height: 15.00pt;\">\n<td class=\"et2\" style=\"height: 15pt; width: 102.75pt; text-align: center;\" width=\"137\" height=\"20\">Rozmiar PCB<\/td>\n<td class=\"et3\" style=\"width: 171.75pt; text-align: center;\" width=\"229\">60*60-450*350 mm<\/td>\n<td class=\"et4\" style=\"width: 171.75pt; text-align: center;\" width=\"229\">60*60-450*460mm<\/td>\n<\/tr>\n<tr style=\"height: 15.00pt;\">\n<td class=\"et2\" style=\"height: 15pt; width: 102.75pt; text-align: center;\" width=\"137\" height=\"20\">Waga PCB<\/td>\n<td class=\"et5\" style=\"width: 343.5pt; border-right: 1pt solid #cccccc; text-align: center;\" colspan=\"2\" width=\"458\">Maks. 4,5 kg<\/td>\n<\/tr>\n<tr style=\"height: 15.00pt;\">\n<td class=\"et2\" style=\"height: 15pt; width: 102.75pt; text-align: center;\" width=\"137\" height=\"20\">Pr\u0119dko\u015b\u0107<\/td>\n<td class=\"et5\" style=\"width: 343.5pt; border-right: 1pt solid #cccccc; text-align: center;\" colspan=\"2\" width=\"458\">Nastawny<\/td>\n<\/tr>\n<tr style=\"height: 15.00pt;\">\n<td class=\"et2\" style=\"height: 15pt; width: 102.75pt; text-align: center;\" width=\"137\" height=\"20\">Wysoko\u015b\u0107 deski<\/td>\n<td class=\"et5\" style=\"width: 343.5pt; border-right: 1pt solid #cccccc; text-align: center;\" colspan=\"2\" width=\"458\">1200\u00b1100mm (lub okre\u015blone przez klienta)<\/td>\n<\/tr>\n<tr style=\"height: 15.00pt;\">\n<td class=\"et2\" style=\"height: 15pt; width: 102.75pt; text-align: center;\" width=\"137\" height=\"20\">Wysoko\u015b\u0107 zewn\u0119trzna<\/td>\n<td class=\"et5\" style=\"width: 343.5pt; border-right: 1pt solid #cccccc; text-align: center;\" colspan=\"2\" width=\"458\">800\u00b1100 mm (lub okre\u015blone przez klienta)<\/td>\n<\/tr>\n<tr style=\"height: 15.00pt;\">\n<td class=\"et2\" style=\"height: 15pt; width: 102.75pt; text-align: center;\" width=\"137\" height=\"20\">\u015arodek transportu<\/td>\n<td class=\"et5\" style=\"width: 343.5pt; border-right: 1pt solid #cccccc; text-align: center;\" colspan=\"2\" width=\"458\">\u0141a\u0144cuch (opcja paska ESD)<\/td>\n<\/tr>\n<tr style=\"height: 15.00pt;\">\n<td class=\"et2\" style=\"height: 15pt; width: 102.75pt; text-align: center;\" width=\"137\" height=\"20\">Kierunek PCB<\/td>\n<td class=\"et7\" style=\"border-right: 1pt solid #cccccc; text-align: center;\" colspan=\"2\">Od lewej do prawej lub od prawej do lewej<\/td>\n<\/tr>\n<tr style=\"height: 15.00pt;\">\n<td class=\"et2\" style=\"height: 15pt; width: 102.75pt; text-align: center;\" width=\"137\" height=\"20\">Komunikacja<\/td>\n<td class=\"et5\" style=\"width: 343.5pt; border-right: 1pt solid #cccccc; text-align: center;\" colspan=\"2\" width=\"458\">SMEMA dla wej\u015bcia i wyj\u015bcia<\/td>\n<\/tr>\n<tr style=\"height: 15.00pt;\">\n<td class=\"et2\" style=\"height: 15pt; width: 102.75pt; text-align: center;\" width=\"137\" height=\"20\">Moc<\/td>\n<td class=\"et5\" style=\"width: 343.5pt; border-right: 1pt solid #cccccc; text-align: center;\" colspan=\"2\" width=\"458\">Maks. 300 W<\/td>\n<\/tr>\n<tr style=\"height: 15.00pt;\">\n<td class=\"et2\" style=\"height: 15pt; width: 102.75pt; text-align: center;\" width=\"137\" height=\"20\">Zasilacz<\/td>\n<td class=\"et5\" style=\"width: 343.5pt; border-right: 1pt solid #cccccc; text-align: center;\" colspan=\"2\" width=\"458\">1-fazowy pr\u0105d zmienny 220 V 50\/60 Hz (opcja: 110 V do 380 V)<\/td>\n<\/tr>\n<tr style=\"height: 15.00pt;\">\n<td class=\"et9\" style=\"height: 15pt; width: 102.75pt; text-align: center;\" width=\"137\" height=\"20\">Waga<\/td>\n<td class=\"et10\" style=\"width: 171.75pt; text-align: center;\" width=\"229\">80 kg<\/td>\n<td class=\"et11\" style=\"width: 171.75pt; text-align: center;\" width=\"229\">90 kg<\/td>\n<\/tr>\n<\/tbody>\n<\/table>\n<p>&nbsp;<\/p>\n<p><a href=\"https:\/\/www.youtube.com\/@allaismt\" rel=\"nofollow noopener\" target=\"_blank\"><u>https:\/\/www.youtube.com\/@allaismt<\/u><\/a><\/p>\n<p>For more information about the <strong>SMT Wave Solder Unloader with Rail YUR-460<\/strong>, prosz\u0119 wys\u0142a\u0107 e-mail na adres<\/p>\n<p><a href=\"mailto:sophia@allaismt.com\"><u>sophia@allaismt.com<\/u><\/a><\/p>\n<p>Szybko odpowiemy na Twoje zapytanie i udzielimy Ci szczeg\u00f3\u0142owych informacji o naszych produktach i us\u0142ugach.<\/p>\n<p>&nbsp;<\/p>","protected":false},"excerpt":{"rendered":"<p>Opis: <strong>YUR-460 SMT Wave Solder Unloader with Rail <\/strong>Zapewnia p\u0142ynny i kontrolowany transfer PCB po lutowaniu falowym, dzi\u0119ki czemu doskonale nadaje si\u0119 do delikatnych i kompaktowych p\u0142ytek stosowanych w elektronice mobilnej. Prowadnica ta\u015bmowa stabilizuje cienkie p\u0142ytki PCB smartfon\u00f3w, zapobiega ich wyginaniu i minimalizuje wibracje podczas roz\u0142adunku. Dzi\u0119ki regulowanym ustawieniom szeroko\u015bci i mo\u017cliwo\u015bci szybkiej wymiany, obs\u0142uguje wiele typ\u00f3w p\u0142ytek drukowanych, zapewniaj\u0105c sta\u0142y przep\u0142yw i redukuj\u0105c konieczno\u015b\u0107 r\u0119cznej obs\u0142ugi na szybkich liniach produkcyjnych urz\u0105dze\u0144 mobilnych. Minimalna ilo\u015b\u0107 zam\u00f3wienia: 1 szt. Czas realizacji: 15 dni<\/p>\n<p>Minimalna ilo\u015b\u0107 zam\u00f3wienia: 1 szt.<\/p>\n<p>Czas realizacji zam\u00f3wienia: 15 dni<\/p>","protected":false},"featured_media":22972,"comment_status":"closed","ping_status":"closed","template":"","meta":[],"etheme_brands":[],"product_brand":[],"product_cat":[151,153],"product_tag":[],"class_list":{"0":"post-22970","1":"product","2":"type-product","3":"status-publish","4":"has-post-thumbnail","6":"product_cat-pcb-soldering-equipment","7":"product_cat-wave-soldering-machine","9":"first","10":"instock","11":"shipping-taxable","12":"product-type-simple"},"_links":{"self":[{"href":"https:\/\/esmte.com\/pl\/wp-json\/wp\/v2\/product\/22970","targetHints":{"allow":["GET"]}}],"collection":[{"href":"https:\/\/esmte.com\/pl\/wp-json\/wp\/v2\/product"}],"about":[{"href":"https:\/\/esmte.com\/pl\/wp-json\/wp\/v2\/types\/product"}],"replies":[{"embeddable":true,"href":"https:\/\/esmte.com\/pl\/wp-json\/wp\/v2\/comments?post=22970"}],"version-history":[{"count":1,"href":"https:\/\/esmte.com\/pl\/wp-json\/wp\/v2\/product\/22970\/revisions"}],"predecessor-version":[{"id":24202,"href":"https:\/\/esmte.com\/pl\/wp-json\/wp\/v2\/product\/22970\/revisions\/24202"}],"wp:featuredmedia":[{"embeddable":true,"href":"https:\/\/esmte.com\/pl\/wp-json\/wp\/v2\/media\/22972"}],"wp:attachment":[{"href":"https:\/\/esmte.com\/pl\/wp-json\/wp\/v2\/media?parent=22970"}],"wp:term":[{"taxonomy":"brand","embeddable":true,"href":"https:\/\/esmte.com\/pl\/wp-json\/wp\/v2\/etheme_brands?post=22970"},{"taxonomy":"product_brand","embeddable":true,"href":"https:\/\/esmte.com\/pl\/wp-json\/wp\/v2\/product_brand?post=22970"},{"taxonomy":"product_cat","embeddable":true,"href":"https:\/\/esmte.com\/pl\/wp-json\/wp\/v2\/product_cat?post=22970"},{"taxonomy":"product_tag","embeddable":true,"href":"https:\/\/esmte.com\/pl\/wp-json\/wp\/v2\/product_tag?post=22970"}],"curies":[{"name":"wp","href":"https:\/\/api.w.org\/{rel}","templated":true}]}}