{"id":22960,"date":"2025-12-10T09:45:18","date_gmt":"2025-12-10T09:45:18","guid":{"rendered":"https:\/\/esmte.com\/?post_type=product&#038;p=22960"},"modified":"2026-01-13T03:29:59","modified_gmt":"2026-01-13T03:29:59","slug":"soldering-machine-yf-500-automation-quality","status":"publish","type":"product","link":"https:\/\/esmte.com\/pl\/products\/soldering-machine-yf-500-automation-quality\/","title":{"rendered":"SMT Selective Wave Soldering Machine YF-500"},"content":{"rendered":"<h2>Wst\u0119p<\/h2>\n<p data-start=\"209\" data-end=\"545\">Ten <strong data-start=\"213\" data-end=\"223\">YF\u2011500 SMT Selektywna Maszyna do Falowego Lutowania<\/strong> to zaawansowana, selektywna maszyna do lutowania na fali, zaprojektowana z my\u015bl\u0105 o nowoczesnych liniach monta\u017cowych PCB, w szczeg\u00f3lno\u015bci do monta\u017cu mieszanego element\u00f3w SMT i przewlekanych (PTH). W przeciwie\u0144stwie do tradycyjnego lutowania na fali, precyzyjnie namierza obszary lutowania, redukuj\u0105c napr\u0119\u017cenia termiczne wra\u017cliwych element\u00f3w i zapobiegaj\u0105c niepotrzebnemu nagrzewaniu si\u0119 ca\u0142ej p\u0142ytki.<\/p>\n<p data-start=\"547\" data-end=\"862\">Wyposa\u017cony w modu\u0142owe urz\u0105dzenia do nak\u0142adania topnika, podgrzewania wst\u0119pnego i lutowania falowego,<strong data-start=\"213\" data-end=\"223\"> SMT Selective Wave Soldering Machine<\/strong> <strong>YF\u2011500<\/strong> Zapewnia sta\u0142\u0105 jako\u015b\u0107 lutu, doskona\u0142e zwil\u017canie oraz precyzyjn\u0105 kontrol\u0119 obj\u0119to\u015bci i temperatury lutu. Elastyczna konstrukcja umo\u017cliwia monta\u017c p\u0142ytek PCB o r\u00f3\u017cnych rozmiarach i grubo\u015bciach, obs\u0142uguj\u0105c z\u0142o\u017cone, dwustronne i wielowarstwowe p\u0142ytki.<\/p>\n<p data-start=\"864\" data-end=\"1301\">\u0141\u0105cz\u0105c wysok\u0105 wydajno\u015b\u0107, automatyzacj\u0119 i precyzj\u0119, <strong data-start=\"213\" data-end=\"223\">YF\u2011500 SMT Selektywna Maszyna do Falowego Lutowania<\/strong> Zwi\u0119ksza wydajno\u015b\u0107 produkcji, redukuje liczb\u0119 usterek i utrzymuje niezawodn\u0105 wydajno\u015b\u0107 w aplikacjach wymagaj\u0105cych wysokiej niezawodno\u015bci, takich jak elektronika samochodowa, przemys\u0142owe systemy sterowania i urz\u0105dzenia komunikacyjne. Kompaktowe wymiary i przyjazny dla u\u017cytkownika interfejs sprawiaj\u0105, \u017ce jest to idealny wyb\u00f3r dla nowoczesnych \u015brodowisk produkcyjnych elektroniki, w kt\u00f3rych liczy si\u0119 zar\u00f3wno jako\u015b\u0107, jak i wydajno\u015b\u0107.<\/p>\n<p data-start=\"864\" data-end=\"1301\"><img loading=\"lazy\" decoding=\"async\" class=\"aligncenter wp-image-22955\" src=\"https:\/\/esmte.com\/wp-content\/uploads\/2025\/12\/11-36.webp\" alt=\"SMT Selective Wave Soldering Machine\" width=\"563\" height=\"562\" srcset=\"https:\/\/esmte.com\/wp-content\/uploads\/2025\/12\/11-36.webp 2561w, https:\/\/esmte.com\/wp-content\/uploads\/2025\/12\/11-36-100x100.webp 100w, https:\/\/esmte.com\/wp-content\/uploads\/2025\/12\/11-36-600x599.webp 600w, https:\/\/esmte.com\/wp-content\/uploads\/2025\/12\/11-36-300x300.webp 300w, https:\/\/esmte.com\/wp-content\/uploads\/2025\/12\/11-36-1024x1024.webp 1024w, https:\/\/esmte.com\/wp-content\/uploads\/2025\/12\/11-36-150x150.webp 150w, https:\/\/esmte.com\/wp-content\/uploads\/2025\/12\/11-36-768x767.webp 768w, https:\/\/esmte.com\/wp-content\/uploads\/2025\/12\/11-36-1536x1534.webp 1536w, https:\/\/esmte.com\/wp-content\/uploads\/2025\/12\/11-36-2048x2046.webp 2048w, https:\/\/esmte.com\/wp-content\/uploads\/2025\/12\/11-36-1x1.webp 1w, https:\/\/esmte.com\/wp-content\/uploads\/2025\/12\/11-36-10x10.webp 10w\" sizes=\"auto, (max-width: 563px) 100vw, 563px\" \/><\/p>\n<h2 data-start=\"92\" data-end=\"185\">Jak selektywna maszyna do lutowania falowego YF\u2011500 jest wykorzystywana w nowoczesnych fabrykach elektroniki<\/h2>\n<p data-start=\"187\" data-end=\"363\">Ten <strong data-start=\"191\" data-end=\"201\">YF\u2011500<\/strong> jest szeroko stosowany w nowoczesnych liniach produkcyjnych urz\u0105dze\u0144 elektronicznych, zapewniaj\u0105c precyzyjne, wydajne i zautomatyzowane lutowanie w przypadku po\u0142\u0105cze\u0144 mieszanych SMT i p\u0142ytek PCB do monta\u017cu przewlekanego (PTH).<\/p>\n<p data-start=\"365\" data-end=\"514\"><strong data-start=\"365\" data-end=\"384\">1. Przygotowanie:<\/strong><br data-start=\"384\" data-end=\"387\" \/>P\u0142ytki PCB s\u0105 czyszczone i podgrzewane, aby zapewni\u0107 gotowo\u015b\u0107 powierzchni. Elementy PTH s\u0105 odpowiednio pozycjonowane i mocowane, co umo\u017cliwia precyzyjne lutowanie.<\/p>\n<p data-start=\"516\" data-end=\"543\"><strong data-start=\"516\" data-end=\"541\">2. Proces lutowania:<\/strong><\/p>\n<ul data-start=\"544\" data-end=\"924\">\n<li data-start=\"544\" data-end=\"678\">\n<p data-start=\"546\" data-end=\"678\"><strong data-start=\"546\" data-end=\"567\">Zastosowanie topnika:<\/strong> Maszyna precyzyjnie nak\u0142ada topnik wy\u0142\u0105cznie na wymagane obszary, minimalizuj\u0105c ilo\u015b\u0107 odpad\u00f3w i zapewniaj\u0105c r\u00f3wnomierne zwil\u017canie.<\/p>\n<\/li>\n<li data-start=\"679\" data-end=\"797\">\n<p data-start=\"681\" data-end=\"797\"><strong data-start=\"681\" data-end=\"696\">Podgrzewanie wst\u0119pne:<\/strong> Modu\u0142owe podgrzewanie wst\u0119pne delikatnie podnosi temperatur\u0119 p\u0142ytki PCB, redukuj\u0105c napr\u0119\u017cenia cieplne wra\u017cliwych komponent\u00f3w.<\/p>\n<\/li>\n<li data-start=\"798\" data-end=\"924\">\n<p data-start=\"800\" data-end=\"924\"><strong data-start=\"800\" data-end=\"829\">Selektywne lutowanie falowe:<\/strong> Lutowaniu poddawane s\u0105 tylko wyznaczone obszary, co pozwala na precyzyjny monta\u017c p\u0142ytek o du\u017cej g\u0119sto\u015bci.<\/p>\n<\/li>\n<\/ul>\n<p data-start=\"926\" data-end=\"1124\"><strong data-start=\"926\" data-end=\"949\">3. Kontrola jako\u015bci:<\/strong><br data-start=\"949\" data-end=\"952\" \/>Monitorowanie temperatury, przep\u0142ywu lutu i po\u0142o\u017cenia PCB w czasie rzeczywistym zapewnia r\u00f3wnomierne i niezawodne po\u0142\u0105czenia lutownicze. Automatyczne wykrywanie defekt\u00f3w zmniejsza ryzyko nieprawid\u0142owego lutowania.<\/p>\n<p data-start=\"1126\" data-end=\"1157\"><strong data-start=\"1126\" data-end=\"1155\">4. Zalety produkcyjne:<\/strong><\/p>\n<ul data-start=\"1158\" data-end=\"1316\">\n<li data-start=\"1158\" data-end=\"1214\">\n<p data-start=\"1160\" data-end=\"1214\">Obs\u0142uguje skomplikowane, dwustronne i wielowarstwowe p\u0142ytki PCB.<\/p>\n<\/li>\n<li data-start=\"1215\" data-end=\"1265\">\n<p data-start=\"1217\" data-end=\"1265\">Zwi\u0119ksza przepustowo\u015b\u0107 i zmniejsza nak\u0142ad pracy r\u0119cznej.<\/p>\n<\/li>\n<li data-start=\"1266\" data-end=\"1316\">\n<p data-start=\"1268\" data-end=\"1316\">Minimalizuje uszkodzenia podzespo\u0142\u00f3w i napr\u0119\u017cenia termiczne.<\/p>\n<\/li>\n<\/ul>\n<p data-start=\"1318\" data-end=\"1601\"><strong data-start=\"1318\" data-end=\"1345\">5. Integracja fabryczna:<\/strong><br data-start=\"1345\" data-end=\"1348\" \/>YF\u2011500 mo\u017ce bezproblemowo \u0142\u0105czy\u0107 si\u0119 z przeno\u015bnikami, stanowiskami testowymi i zautomatyzowanym sprz\u0119tem monta\u017cowym, obs\u0142uguj\u0105c aplikacje o wysokiej niezawodno\u015bci, takie jak elektronika samochodowa, systemy sterowania przemys\u0142owego, urz\u0105dzenia komunikacyjne i elektronika u\u017cytkowa.<\/p>\n<p data-start=\"1318\" data-end=\"1601\"><img loading=\"lazy\" decoding=\"async\" class=\"alignnone wp-image-22957 aligncenter\" src=\"https:\/\/esmte.com\/wp-content\/uploads\/2025\/12\/1-2-scaled.webp\" alt=\"\" width=\"713\" height=\"299\" srcset=\"https:\/\/esmte.com\/wp-content\/uploads\/2025\/12\/1-2-scaled.webp 2560w, https:\/\/esmte.com\/wp-content\/uploads\/2025\/12\/1-2-scaled-600x251.webp 600w, https:\/\/esmte.com\/wp-content\/uploads\/2025\/12\/1-2-300x126.webp 300w, https:\/\/esmte.com\/wp-content\/uploads\/2025\/12\/1-2-1024x429.webp 1024w, https:\/\/esmte.com\/wp-content\/uploads\/2025\/12\/1-2-768x322.webp 768w, https:\/\/esmte.com\/wp-content\/uploads\/2025\/12\/1-2-1536x644.webp 1536w, https:\/\/esmte.com\/wp-content\/uploads\/2025\/12\/1-2-2048x858.webp 2048w, https:\/\/esmte.com\/wp-content\/uploads\/2025\/12\/1-2-1x1.webp 1w, https:\/\/esmte.com\/wp-content\/uploads\/2025\/12\/1-2-10x4.webp 10w\" sizes=\"auto, (max-width: 713px) 100vw, 713px\" \/><\/p>\n<h2>Specyfikacje<\/h2>\n<table style=\"border-collapse: collapse; width: 926px; height: 269px;\" border=\"0\" width=\"480\" cellspacing=\"0\" cellpadding=\"0\">\n<tbody>\n<tr style=\"height: 15.00pt;\">\n<td class=\"et2\" style=\"height: 15pt; width: 132.75pt; text-align: center;\" width=\"177\" height=\"20\">Model<\/td>\n<td class=\"et3\" style=\"width: 227.25pt; text-align: center;\" width=\"303\">YF-500<\/td>\n<\/tr>\n<tr style=\"height: 15.00pt;\">\n<td class=\"et4\" style=\"height: 15pt; width: 132.75pt; text-align: center;\" width=\"177\" height=\"20\">Rozmiar PCB<\/td>\n<td class=\"et5\" style=\"width: 227.25pt; text-align: center;\" width=\"303\">120*60~500*500mm (z mocowaniem)<\/td>\n<\/tr>\n<tr style=\"height: 15.00pt;\">\n<td class=\"et4\" style=\"height: 15pt; width: 132.75pt; text-align: center;\" width=\"177\" height=\"20\">Grubo\u015b\u0107 PCB<\/td>\n<td class=\"et5\" style=\"width: 227.25pt; text-align: center;\" width=\"303\">0,5~6 mm<\/td>\n<\/tr>\n<tr style=\"height: 15.00pt;\">\n<td class=\"et4\" style=\"height: 15pt; width: 132.75pt; text-align: center;\" width=\"177\" height=\"20\">Waga PCB<\/td>\n<td class=\"et5\" style=\"width: 227.25pt; text-align: center;\" width=\"303\">Maks. 15 kg<\/td>\n<\/tr>\n<tr style=\"height: 15.00pt;\">\n<td class=\"et4\" style=\"height: 15pt; width: 132.75pt; text-align: center;\" width=\"177\" height=\"20\">Kraw\u0119d\u017a procesu PCB<\/td>\n<td class=\"et5\" style=\"width: 227.25pt; text-align: center;\" width=\"303\">\u22655 mm<\/td>\n<\/tr>\n<tr style=\"height: 15.00pt;\">\n<td class=\"et4\" style=\"height: 15pt; width: 132.75pt; text-align: center;\" width=\"177\" height=\"20\">Wysoko\u015b\u0107 transportu PCB<\/td>\n<td class=\"et5\" style=\"width: 227.25pt; text-align: center;\" width=\"303\">900\u00b120 mm<\/td>\n<\/tr>\n<tr style=\"height: 15.00pt;\">\n<td class=\"et4\" style=\"height: 15pt; width: 132.75pt; text-align: center;\" width=\"177\" height=\"20\">Metoda transportu PCB<\/td>\n<td class=\"et5\" style=\"width: 227.25pt; text-align: center;\" width=\"303\">Rolki<\/td>\n<\/tr>\n<tr style=\"height: 15.00pt;\">\n<td class=\"et4\" style=\"height: 15pt; width: 132.75pt; text-align: center;\" width=\"177\" height=\"20\">Wymiar<\/td>\n<td class=\"et5\" style=\"width: 227.25pt; text-align: center;\" width=\"303\">916*1455*1500 mm<\/td>\n<\/tr>\n<tr style=\"height: 15.00pt;\">\n<td class=\"et6\" style=\"height: 15pt; width: 132.75pt; text-align: center;\" width=\"177\" height=\"20\">Waga<\/td>\n<td class=\"et7\" style=\"width: 227.25pt; text-align: center;\" width=\"303\">500 kg<\/td>\n<\/tr>\n<\/tbody>\n<\/table>\n<p>&nbsp;<\/p>\n<p><a href=\"https:\/\/www.youtube.com\/@allaismt\" rel=\"nofollow noopener\" target=\"_blank\"><u>https:\/\/www.youtube.com\/@allaismt<\/u><\/a><\/p>\n<p>For more information about the<strong> SMT Selective Wave Soldering Machine YF-500<\/strong>, prosz\u0119 wys\u0142a\u0107 e-mail na adres<\/p>\n<p><a href=\"mailto:sophia@allaismt.com\"><u>sophia@allaismt.com<\/u><\/a><\/p>\n<p>Szybko odpowiemy na Twoje zapytanie i udzielimy Ci szczeg\u00f3\u0142owych informacji o naszych produktach i us\u0142ugach.<\/p>\n<p>&nbsp;<\/p>","protected":false},"excerpt":{"rendered":"<p>Opis: <strong>YF\u2011500 SMT Selektywna Maszyna do Falowego Lutowania<\/strong> to wysoce precyzyjna, selektywna maszyna do lutowania na fali, przeznaczona do mieszanego monta\u017cu p\u0142ytek PCB SMT i przewlekanych (PTH). Zapewnia dok\u0142adne i powtarzalne lutowanie, minimalizuj\u0105c jednocze\u015bnie napr\u0119\u017cenia termiczne wra\u017cliwych komponent\u00f3w. Dzi\u0119ki modu\u0142owym modu\u0142om topnika, podgrzewania wst\u0119pnego i lutowania na fali, zapewnia precyzyjn\u0105 kontrol\u0119 obj\u0119to\u015bci i temperatury lutu w przypadku g\u0119stych lub z\u0142o\u017conych p\u0142ytek. YF\u2011500 zwi\u0119ksza wydajno\u015b\u0107 produkcji, redukuje liczb\u0119 defekt\u00f3w i obs\u0142uguje elastyczne rozmiary p\u0142ytek PCB, dzi\u0119ki czemu idealnie nadaje si\u0119 do elektroniki samochodowej, sterowania przemys\u0142owego i niezawodnych urz\u0105dze\u0144 komunikacyjnych. Minimalna ilo\u015b\u0107 zam\u00f3wienia: 1 szt. Czas realizacji: 15 dni<\/p>\n<p>Minimalna ilo\u015b\u0107 zam\u00f3wienia: 1 szt.<\/p>\n<p>Czas realizacji zam\u00f3wienia: 15 dni<\/p>","protected":false},"featured_media":22962,"comment_status":"closed","ping_status":"closed","template":"","meta":[],"etheme_brands":[],"product_brand":[],"product_cat":[153,151],"product_tag":[],"class_list":{"0":"post-22960","1":"product","2":"type-product","3":"status-publish","4":"has-post-thumbnail","6":"product_cat-wave-soldering-machine","7":"product_cat-pcb-soldering-equipment","9":"first","10":"instock","11":"shipping-taxable","12":"product-type-simple"},"_links":{"self":[{"href":"https:\/\/esmte.com\/pl\/wp-json\/wp\/v2\/product\/22960","targetHints":{"allow":["GET"]}}],"collection":[{"href":"https:\/\/esmte.com\/pl\/wp-json\/wp\/v2\/product"}],"about":[{"href":"https:\/\/esmte.com\/pl\/wp-json\/wp\/v2\/types\/product"}],"replies":[{"embeddable":true,"href":"https:\/\/esmte.com\/pl\/wp-json\/wp\/v2\/comments?post=22960"}],"version-history":[{"count":1,"href":"https:\/\/esmte.com\/pl\/wp-json\/wp\/v2\/product\/22960\/revisions"}],"predecessor-version":[{"id":23746,"href":"https:\/\/esmte.com\/pl\/wp-json\/wp\/v2\/product\/22960\/revisions\/23746"}],"wp:featuredmedia":[{"embeddable":true,"href":"https:\/\/esmte.com\/pl\/wp-json\/wp\/v2\/media\/22962"}],"wp:attachment":[{"href":"https:\/\/esmte.com\/pl\/wp-json\/wp\/v2\/media?parent=22960"}],"wp:term":[{"taxonomy":"brand","embeddable":true,"href":"https:\/\/esmte.com\/pl\/wp-json\/wp\/v2\/etheme_brands?post=22960"},{"taxonomy":"product_brand","embeddable":true,"href":"https:\/\/esmte.com\/pl\/wp-json\/wp\/v2\/product_brand?post=22960"},{"taxonomy":"product_cat","embeddable":true,"href":"https:\/\/esmte.com\/pl\/wp-json\/wp\/v2\/product_cat?post=22960"},{"taxonomy":"product_tag","embeddable":true,"href":"https:\/\/esmte.com\/pl\/wp-json\/wp\/v2\/product_tag?post=22960"}],"curies":[{"name":"wp","href":"https:\/\/api.w.org\/{rel}","templated":true}]}}