{"id":22954,"date":"2025-12-10T09:24:29","date_gmt":"2025-12-10T09:24:29","guid":{"rendered":"https:\/\/esmte.com\/?post_type=product&#038;p=22954"},"modified":"2026-01-13T03:33:17","modified_gmt":"2026-01-13T03:33:17","slug":"selective-wave-soldering-machine","status":"publish","type":"product","link":"https:\/\/esmte.com\/pl\/products\/selective-wave-soldering-machine\/","title":{"rendered":"SMT Selective Wave Soldering Machine"},"content":{"rendered":"<h2>Wst\u0119p<\/h2>\n<p data-start=\"312\" data-end=\"673\">Ten <strong>SMT<\/strong> <strong>Maszyna do lutowania fal\u0105 selektywn\u0105<\/strong> to wysokowydajne rozwi\u0105zanie przeznaczone do precyzyjnego i niezawodnego lutowania THT (technologia przewlekana) w nowoczesnej produkcji elektroniki. W przeciwie\u0144stwie do tradycyjnego lutowania falowego, skupia si\u0119 ono tylko na obszarach wymagaj\u0105cych lutowania, zapewniaj\u0105c sta\u0142\u0105 jako\u015b\u0107 po\u0142\u0105czenia i chroni\u0105c wra\u017cliwe elementy montowane powierzchniowo na tej samej p\u0142ytce.<\/p>\n<p data-start=\"675\" data-end=\"1020\">Wyposa\u017cona w programowalne dysze lutownicze i zaawansowan\u0105 kontrol\u0119 ruchu, maszyna zapewnia r\u00f3wnomierne pokrycie lutem z\u0142\u0105czy, przeka\u017anik\u00f3w, transformator\u00f3w i innych kluczowych komponent\u00f3w. Regulowane strefy podgrzewania i zoptymalizowane profile termiczne umo\u017cliwiaj\u0105 stabilne lutowanie p\u0142ytek PCB o r\u00f3\u017cnej grubo\u015bci, masie miedzi i g\u0119sto\u015bci komponent\u00f3w.<\/p>\n<p data-start=\"1022\" data-end=\"1335\">Ten <strong>SMT<\/strong> <strong>Maszyna do lutowania fal\u0105 selektywn\u0105<\/strong> Pracuje w opcjonalnej atmosferze azotu, co znacznie ogranicza utlenianie, poprawia zwil\u017calno\u015b\u0107 i minimalizuje powstawanie \u017cu\u017clu. To nie tylko zwi\u0119ksza niezawodno\u015b\u0107 po\u0142\u0105cze\u0144 lutowanych, ale tak\u017ce wyd\u0142u\u017ca okresy mi\u0119dzy przegl\u0105dami i obni\u017ca koszty operacyjne, dzi\u0119ki czemu idealnie nadaje si\u0119 do ci\u0105g\u0142ych linii produkcyjnych.<\/p>\n<p data-start=\"1694\" data-end=\"2080\">Bezproblemowa integracja z automatycznymi liniami monta\u017cowymi, w tym z urz\u0105dzeniami do topnienia, podgrzewaczami wst\u0119pnymi, przeno\u015bnikami i urz\u0105dzeniami kontrolnymi, sprawia, \u017ce <strong>SMT<\/strong> <strong>Maszyna do lutowania fal\u0105 selektywn\u0105<\/strong> Podstawa wydajnego i niezawodnego lutowania THT. Jest szeroko stosowana w elektronice samochodowej, urz\u0105dzeniach komunikacyjnych, sprz\u0119cie AGD, modu\u0142ach LED i przemys\u0142owych p\u0142ytkach steruj\u0105cych, gdzie wysoka niezawodno\u015b\u0107 i precyzja s\u0105 kluczowe.<\/p>\n<p data-start=\"1694\" data-end=\"2080\"><img loading=\"lazy\" decoding=\"async\" class=\"aligncenter wp-image-22955\" src=\"https:\/\/esmte.com\/wp-content\/uploads\/2025\/12\/11-36.webp\" alt=\"SMT Selective Wave Soldering Machine\" width=\"652\" height=\"651\" srcset=\"https:\/\/esmte.com\/wp-content\/uploads\/2025\/12\/11-36.webp 2561w, https:\/\/esmte.com\/wp-content\/uploads\/2025\/12\/11-36-100x100.webp 100w, https:\/\/esmte.com\/wp-content\/uploads\/2025\/12\/11-36-600x599.webp 600w, https:\/\/esmte.com\/wp-content\/uploads\/2025\/12\/11-36-300x300.webp 300w, https:\/\/esmte.com\/wp-content\/uploads\/2025\/12\/11-36-1024x1024.webp 1024w, https:\/\/esmte.com\/wp-content\/uploads\/2025\/12\/11-36-150x150.webp 150w, https:\/\/esmte.com\/wp-content\/uploads\/2025\/12\/11-36-768x767.webp 768w, https:\/\/esmte.com\/wp-content\/uploads\/2025\/12\/11-36-1536x1534.webp 1536w, https:\/\/esmte.com\/wp-content\/uploads\/2025\/12\/11-36-2048x2046.webp 2048w, https:\/\/esmte.com\/wp-content\/uploads\/2025\/12\/11-36-1x1.webp 1w, https:\/\/esmte.com\/wp-content\/uploads\/2025\/12\/11-36-10x10.webp 10w\" sizes=\"auto, (max-width: 652px) 100vw, 652px\" \/><\/p>\n<h2 data-start=\"215\" data-end=\"326\"><strong data-start=\"217\" data-end=\"326\">Jak selektywna maszyna do lutowania falowego jest wykorzystywana w fabrykach elektroniki komunikacyjnej\u00a0<\/strong><\/h2>\n<p data-start=\"328\" data-end=\"556\">Maszyna do selektywnego lutowania falowego umo\u017cliwia precyzyjne lutowanie o niskiej liczbie defekt\u00f3w w przypadku komponent\u00f3w przewlekanych THT na p\u0142ytkach PCB do komunikacji, gwarantuj\u0105c sta\u0142\u0105 jako\u015b\u0107 i niezawodno\u015b\u0107 router\u00f3w, prze\u0142\u0105cznik\u00f3w, p\u0142yt stacji bazowych i modu\u0142\u00f3w optycznych.<\/p>\n<p data-start=\"563\" data-end=\"615\"><strong data-start=\"567\" data-end=\"613\">1. Lutowanie o wysokiej precyzji dla g\u0119stych p\u0142ytek PCB<\/strong><\/p>\n<p data-start=\"616\" data-end=\"806\">Programowalne dysze lutownicze precyzyjnie namierzaj\u0105 z\u0142\u0105cza, przeka\u017aniki i komponenty o du\u017cej liczbie wyprowadze\u0144, zapewniaj\u0105c jednolite, niezawodne po\u0142\u0105czenia lutowane, jednocze\u015bnie minimalizuj\u0105c powstawanie mostk\u00f3w lub wad zimnego lutu.<\/p>\n<p data-start=\"808\" data-end=\"860\"><strong data-start=\"812\" data-end=\"858\">2. Chroni wra\u017cliwe elementy przed ciep\u0142em<\/strong><\/p>\n<p data-start=\"861\" data-end=\"1015\">System selektywnie ogrzewa tylko wymagane obszary, zapobiegaj\u0105c w ten spos\u00f3b uszkodzeniom termicznym uk\u0142ad\u00f3w scalonych, modu\u0142\u00f3w wysokiej cz\u0119stotliwo\u015bci i czujnik\u00f3w oraz zapobiegaj\u0105c odkszta\u0142caniu si\u0119 p\u0142ytki.<\/p>\n<p data-start=\"1017\" data-end=\"1075\"><strong data-start=\"1021\" data-end=\"1073\">3. Obs\u0142uguje produkcj\u0119 wielomodelow\u0105 i ma\u0142oseryjn\u0105<\/strong><\/p>\n<p data-start=\"1076\" data-end=\"1248\">Dzi\u0119ki elastycznemu programowaniu receptur i szybkiej konfiguracji urz\u0105dzenie to idealnie nadaje si\u0119 do cz\u0119stych zmian produkt\u00f3w, produkcji ma\u0142ych partii i skomplikowanych uk\u0142ad\u00f3w PCB, typowych dla elektroniki komunikacyjnej.<\/p>\n<p data-start=\"1250\" data-end=\"1301\"><strong data-start=\"1254\" data-end=\"1299\">4. Poprawia jako\u015b\u0107 i niezawodno\u015b\u0107 po\u0142\u0105cze\u0144<\/strong><\/p>\n<p data-start=\"1302\" data-end=\"1486\">Lutowanie selektywne redukuje wady lutownicze, takie jak zwarcia, rozbie\u017cno\u015bci lub niedostateczne zwil\u017cenie, gwarantuj\u0105c wysok\u0105 niezawodno\u015b\u0107 dzia\u0142ania, niezb\u0119dn\u0105 do szybkiej transmisji sygna\u0142\u00f3w.<\/p>\n<p data-start=\"1488\" data-end=\"1542\"><strong data-start=\"1492\" data-end=\"1540\">5. Bezproblemowa integracja z liniami automatycznymi<\/strong><\/p>\n<p data-start=\"1543\" data-end=\"1751\">Maszyna wsp\u00f3\u0142pracuje z automatycznymi topnikami, podgrzewaczami, przeno\u015bnikami, systemami kontroli i platformami MES, umo\u017cliwiaj\u0105c wydajne, w pe\u0142ni zautomatyzowane lutowanie THT w nowoczesnych fabrykach elektroniki komunikacyjnej.<\/p>\n<p><img loading=\"lazy\" decoding=\"async\" class=\"alignnone wp-image-22957 aligncenter\" src=\"https:\/\/esmte.com\/wp-content\/uploads\/2025\/12\/1-2-scaled.webp\" alt=\"\" width=\"797\" height=\"334\" srcset=\"https:\/\/esmte.com\/wp-content\/uploads\/2025\/12\/1-2-scaled.webp 2560w, https:\/\/esmte.com\/wp-content\/uploads\/2025\/12\/1-2-scaled-600x251.webp 600w, https:\/\/esmte.com\/wp-content\/uploads\/2025\/12\/1-2-300x126.webp 300w, https:\/\/esmte.com\/wp-content\/uploads\/2025\/12\/1-2-1024x429.webp 1024w, https:\/\/esmte.com\/wp-content\/uploads\/2025\/12\/1-2-768x322.webp 768w, https:\/\/esmte.com\/wp-content\/uploads\/2025\/12\/1-2-1536x644.webp 1536w, https:\/\/esmte.com\/wp-content\/uploads\/2025\/12\/1-2-2048x858.webp 2048w, https:\/\/esmte.com\/wp-content\/uploads\/2025\/12\/1-2-1x1.webp 1w, https:\/\/esmte.com\/wp-content\/uploads\/2025\/12\/1-2-10x4.webp 10w\" sizes=\"auto, (max-width: 797px) 100vw, 797px\" \/><\/p>\n<p>&nbsp;<\/p>\n<h2>Specyfikacje<\/h2>\n<table style=\"border-collapse: collapse; width: 925px; height: 263px;\" border=\"0\" width=\"480\" cellspacing=\"0\" cellpadding=\"0\">\n<tbody>\n<tr style=\"height: 15.00pt;\">\n<td class=\"et2\" style=\"height: 15pt; width: 132.75pt; text-align: center;\" width=\"177\" height=\"20\">Model<\/td>\n<td class=\"et3\" style=\"width: 227.25pt; text-align: center;\" width=\"303\">YF-500<\/td>\n<\/tr>\n<tr style=\"height: 15.00pt;\">\n<td class=\"et4\" style=\"height: 15pt; width: 132.75pt; text-align: center;\" width=\"177\" height=\"20\">Rozmiar PCB<\/td>\n<td class=\"et5\" style=\"width: 227.25pt; text-align: center;\" width=\"303\">120*60~500*500mm (z mocowaniem)<\/td>\n<\/tr>\n<tr style=\"height: 15.00pt;\">\n<td class=\"et4\" style=\"height: 15pt; width: 132.75pt; text-align: center;\" width=\"177\" height=\"20\">Grubo\u015b\u0107 PCB<\/td>\n<td class=\"et5\" style=\"width: 227.25pt; text-align: center;\" width=\"303\">0,5~6 mm<\/td>\n<\/tr>\n<tr style=\"height: 15.00pt;\">\n<td class=\"et4\" style=\"height: 15pt; width: 132.75pt; text-align: center;\" width=\"177\" height=\"20\">Waga PCB<\/td>\n<td class=\"et5\" style=\"width: 227.25pt; text-align: center;\" width=\"303\">Maks. 15 kg<\/td>\n<\/tr>\n<tr style=\"height: 15.00pt;\">\n<td class=\"et4\" style=\"height: 15pt; width: 132.75pt; text-align: center;\" width=\"177\" height=\"20\">Kraw\u0119d\u017a procesu PCB<\/td>\n<td class=\"et5\" style=\"width: 227.25pt; text-align: center;\" width=\"303\">\u22655 mm<\/td>\n<\/tr>\n<tr style=\"height: 15.00pt;\">\n<td class=\"et4\" style=\"height: 15pt; width: 132.75pt; text-align: center;\" width=\"177\" height=\"20\">Wysoko\u015b\u0107 transportu PCB<\/td>\n<td class=\"et5\" style=\"width: 227.25pt; text-align: center;\" width=\"303\">900\u00b120 mm<\/td>\n<\/tr>\n<tr style=\"height: 15.00pt;\">\n<td class=\"et4\" style=\"height: 15pt; width: 132.75pt; text-align: center;\" width=\"177\" height=\"20\">Metoda transportu PCB<\/td>\n<td class=\"et5\" style=\"width: 227.25pt; text-align: center;\" width=\"303\">Rolki<\/td>\n<\/tr>\n<tr style=\"height: 15.00pt;\">\n<td class=\"et4\" style=\"height: 15pt; width: 132.75pt; text-align: center;\" width=\"177\" height=\"20\">Wymiar<\/td>\n<td class=\"et5\" style=\"width: 227.25pt; text-align: center;\" width=\"303\">916*1455*1500 mm<\/td>\n<\/tr>\n<tr style=\"height: 15.00pt;\">\n<td class=\"et6\" style=\"height: 15pt; width: 132.75pt; text-align: center;\" width=\"177\" height=\"20\">Waga<\/td>\n<td class=\"et7\" style=\"width: 227.25pt; text-align: center;\" width=\"303\">500 kg<\/td>\n<\/tr>\n<\/tbody>\n<\/table>\n<p>&nbsp;<\/p>\n<p><a href=\"https:\/\/www.youtube.com\/@allaismt\" rel=\"nofollow noopener\" target=\"_blank\"><u>https:\/\/www.youtube.com\/@allaismt<\/u><\/a><\/p>\n<p>For more information about the<strong> SMT Selective Wave Soldering Machine<\/strong>, prosz\u0119 wys\u0142a\u0107 e-mail na adres<\/p>\n<p><a href=\"mailto:sophia@allaismt.com\"><u>sophia@allaismt.com<\/u><\/a><\/p>\n<p>Szybko odpowiemy na Twoje zapytanie i udzielimy Ci szczeg\u00f3\u0142owych informacji o naszych produktach i us\u0142ugach.<\/p>\n<p>&nbsp;<\/p>","protected":false},"excerpt":{"rendered":"<p>Opis: <strong>SMT Selective Wave Soldering Machine<\/strong> to precyzyjne rozwi\u0105zanie do lutowania przewlekanego (THT) przeznaczone do nowoczesnej produkcji p\u0142ytek PCBA. Wykorzystuje programowalne dysze lutownicze, kontrolowane \u015brodowisko azotowe oraz zautomatyzowane systemy nak\u0142adania topnika, aby uzyska\u0107 czyste, powtarzalne i nisko-wadliwe po\u0142\u0105czenia lutownicze. Idealne do z\u0142o\u017conych i z\u0142o\u017conych zespo\u0142\u00f3w, zapewnia elastyczn\u0105 kontrol\u0119 procesu, precyzyjne zarz\u0105dzanie temperatur\u0105 i stabilne dostarczanie lutu, gwarantuj\u0105c doskona\u0142\u0105 niezawodno\u015b\u0107 w elektronice samochodowej, przemys\u0142owej i komunikacyjnej.<\/p>\n<p>Minimalna ilo\u015b\u0107 zam\u00f3wienia: 1 szt.<\/p>\n<p>Czas realizacji zam\u00f3wienia: 15 dni<\/p>","protected":false},"featured_media":22956,"comment_status":"closed","ping_status":"closed","template":"","meta":[],"etheme_brands":[],"product_brand":[],"product_cat":[151,153],"product_tag":[],"class_list":{"0":"post-22954","1":"product","2":"type-product","3":"status-publish","4":"has-post-thumbnail","6":"product_cat-pcb-soldering-equipment","7":"product_cat-wave-soldering-machine","9":"first","10":"instock","11":"shipping-taxable","12":"product-type-simple"},"_links":{"self":[{"href":"https:\/\/esmte.com\/pl\/wp-json\/wp\/v2\/product\/22954","targetHints":{"allow":["GET"]}}],"collection":[{"href":"https:\/\/esmte.com\/pl\/wp-json\/wp\/v2\/product"}],"about":[{"href":"https:\/\/esmte.com\/pl\/wp-json\/wp\/v2\/types\/product"}],"replies":[{"embeddable":true,"href":"https:\/\/esmte.com\/pl\/wp-json\/wp\/v2\/comments?post=22954"}],"version-history":[{"count":1,"href":"https:\/\/esmte.com\/pl\/wp-json\/wp\/v2\/product\/22954\/revisions"}],"predecessor-version":[{"id":23748,"href":"https:\/\/esmte.com\/pl\/wp-json\/wp\/v2\/product\/22954\/revisions\/23748"}],"wp:featuredmedia":[{"embeddable":true,"href":"https:\/\/esmte.com\/pl\/wp-json\/wp\/v2\/media\/22956"}],"wp:attachment":[{"href":"https:\/\/esmte.com\/pl\/wp-json\/wp\/v2\/media?parent=22954"}],"wp:term":[{"taxonomy":"brand","embeddable":true,"href":"https:\/\/esmte.com\/pl\/wp-json\/wp\/v2\/etheme_brands?post=22954"},{"taxonomy":"product_brand","embeddable":true,"href":"https:\/\/esmte.com\/pl\/wp-json\/wp\/v2\/product_brand?post=22954"},{"taxonomy":"product_cat","embeddable":true,"href":"https:\/\/esmte.com\/pl\/wp-json\/wp\/v2\/product_cat?post=22954"},{"taxonomy":"product_tag","embeddable":true,"href":"https:\/\/esmte.com\/pl\/wp-json\/wp\/v2\/product_tag?post=22954"}],"curies":[{"name":"wp","href":"https:\/\/api.w.org\/{rel}","templated":true}]}}