{"id":22934,"date":"2025-12-10T08:04:40","date_gmt":"2025-12-10T08:04:40","guid":{"rendered":"https:\/\/esmte.com\/?post_type=product&#038;p=22934"},"modified":"2025-12-10T08:04:40","modified_gmt":"2025-12-10T08:04:40","slug":"reliable-wave-soldering-machine","status":"publish","type":"product","link":"https:\/\/esmte.com\/pl\/products\/reliable-wave-soldering-machine\/","title":{"rendered":"Maszyna do lutowania PCB fal\u0105 azotow\u0105 YSM-350"},"content":{"rendered":"<h2>Wst\u0119p<\/h2>\n<p data-start=\"708\" data-end=\"1117\">Ten <strong>Maszyna do lutowania falowego PCB azotem YSM-350<\/strong> to zaawansowane rozwi\u0105zanie do lutowania falowego, opracowane z my\u015bl\u0105 o rosn\u0105cym zapotrzebowaniu na wysokiej jako\u015bci i niezawodno\u015bci lutowanie przewlekane (THT) w nowoczesnej produkcji elektroniki. Dzi\u0119ki wprowadzeniu precyzyjnie kontrolowanej atmosfery azotu do strefy lutowania, system znacz\u0105co redukuje utlenianie, zapewnia czystszy przep\u0142yw lutu i poprawia og\u00f3ln\u0105 integralno\u015b\u0107 po\u0142\u0105cze\u0144 lutowanych.<\/p>\n<p data-start=\"1119\" data-end=\"1598\">Zaprojektowany do masowej produkcji PCBA, YSM-350 oferuje doskona\u0142\u0105 stabilno\u015b\u0107 temperaturow\u0105 i zoptymalizowan\u0105 wydajno\u015b\u0107 lutowania falowego. Proces wspomagany azotem poprawia w\u0142a\u015bciwo\u015bci zwil\u017cania i minimalizuje typowe defekty, takie jak mostki, sople i niewystarczaj\u0105ce pokrycie lutem. Dzi\u0119ki temu idealnie nadaje si\u0119 do zastosowa\u0144 wymagaj\u0105cych stabilnych i powtarzalnych rezultat\u00f3w lutowania, w tym w uk\u0142adach sterowania w motoryzacji, przemys\u0142owych p\u0142ytach zasilaj\u0105cych, sterownikach LED i podzespo\u0142ach elektroniki u\u017cytkowej.<\/p>\n<p data-start=\"1600\" data-end=\"2004\">Ten <strong>Maszyna do lutowania falowego PCB azotem YSM-350<\/strong> Zosta\u0142 zaprojektowany z my\u015bl\u0105 o wydajnej pracy i wyposa\u017cony w funkcje wspieraj\u0105ce ci\u0105g\u0142o\u015b\u0107 produkcji. Zoptymalizowany pod wzgl\u0119dem zu\u017cycia energii system grzewczy, precyzyjne sterowanie przeno\u015bnikiem i wydajna pompa zapewniaj\u0105 r\u00f3wnomierne dostarczanie lutu do p\u0142ytek PCB o r\u00f3\u017cnych rozmiarach i g\u0119sto\u015bciach komponent\u00f3w. \u015arodowisko azotowe redukuje r\u00f3wnie\u017c powstawanie \u017cu\u017clu lutowniczego, co zmniejsza straty materia\u0142u i og\u00f3lne wymagania konserwacyjne.<\/p>\n<p data-start=\"2006\" data-end=\"2292\">Dzi\u0119ki solidnej konstrukcji i przyjaznemu u\u017cytkownikowi interfejsowi sterowania, <strong>Maszyna do lutowania falowego PCB azotem YSM-350<\/strong> Bezproblemowo integruje si\u0119 z automatycznymi liniami produkcyjnymi. Pomaga fabrykom zwi\u0119ksza\u0107 wydajno\u015b\u0107, poprawia\u0107 wydajno\u015b\u0107 pierwszego przej\u015bcia i utrzymywa\u0107 sp\u00f3jne standardy jako\u015bci w wymagaj\u0105cych \u015brodowiskach monta\u017cu elektronicznego.<\/p>\n<p data-start=\"2006\" data-end=\"2292\">\n<p data-start=\"2006\" data-end=\"2292\">\n<p data-start=\"2006\" data-end=\"2292\"><img loading=\"lazy\" decoding=\"async\" class=\"alignnone  wp-image-22938 aligncenter\" src=\"https:\/\/esmte.com\/wp-content\/uploads\/2025\/12\/11-35-scaled.webp\" alt=\"PCB Nitrogen Wave Soldering Machine\" width=\"726\" height=\"354\" srcset=\"https:\/\/esmte.com\/wp-content\/uploads\/2025\/12\/11-35-scaled.webp 2560w, https:\/\/esmte.com\/wp-content\/uploads\/2025\/12\/11-35-scaled-600x293.webp 600w, https:\/\/esmte.com\/wp-content\/uploads\/2025\/12\/11-35-300x146.webp 300w, https:\/\/esmte.com\/wp-content\/uploads\/2025\/12\/11-35-1024x500.webp 1024w, https:\/\/esmte.com\/wp-content\/uploads\/2025\/12\/11-35-768x375.webp 768w, https:\/\/esmte.com\/wp-content\/uploads\/2025\/12\/11-35-1536x750.webp 1536w, https:\/\/esmte.com\/wp-content\/uploads\/2025\/12\/11-35-2048x999.webp 2048w, https:\/\/esmte.com\/wp-content\/uploads\/2025\/12\/11-35-1x1.webp 1w, https:\/\/esmte.com\/wp-content\/uploads\/2025\/12\/11-35-10x5.webp 10w\" sizes=\"auto, (max-width: 726px) 100vw, 726px\" \/><\/p>\n<p data-start=\"2006\" data-end=\"2292\">\n<p data-start=\"2006\" data-end=\"2292\">\n<h2 data-start=\"59\" data-end=\"178\"><strong data-start=\"61\" data-end=\"178\">Jak maszyna do lutowania PCB metod\u0105 azotow\u0105 YSM-350 jest wykorzystywana w fabrykach elektroniki samochodowej<\/strong><\/h2>\n<p>Ten <strong data-start=\"184\" data-end=\"227\">Maszyna do lutowania falowego azotem YSM-350<\/strong> Zapewnia stabilne, wolne od utleniania \u015brodowisko lutowania, niezb\u0119dne do monta\u017cu przewlekanych przewod\u00f3w (THT) o wysokiej niezawodno\u015bci w przemy\u015ble motoryzacyjnym. Gwarantuje sta\u0142\u0105 jako\u015b\u0107 po\u0142\u0105cze\u0144 lutowanych w kluczowych modu\u0142ach, takich jak sterowniki ECU, p\u0142ytki BMS, sterowniki o\u015bwietlenia i p\u0142ytki PCB czujnik\u00f3w.<\/p>\n<ul>\n<li data-start=\"473\" data-end=\"541\"><strong data-start=\"476\" data-end=\"539\">Niezawodne lutowanie element\u00f3w przewlekanych THT w przemy\u015ble motoryzacyjnym<\/strong><\/li>\n<\/ul>\n<p>Pod os\u0142on\u0105 azotu YSM-350 poprawia zwil\u017calno\u015b\u0107, zapobiega tworzeniu si\u0119 mostk\u00f3w i zapewnia jednolite po\u0142\u0105czenia z\u0142\u0105czy, cewek, przeka\u017anik\u00f3w i zacisk\u00f3w wysokopr\u0105dowych \u2014 spe\u0142niaj\u0105c wymagania dotycz\u0105ce d\u0142ugotrwa\u0142ych wibracji i cykli termicznych.<\/p>\n<ul>\n<li><strong data-start=\"775\" data-end=\"833\">Zoptymalizowany dla p\u0142ytek PCB o du\u017cej zawarto\u015bci miedzi i du\u017cej masie termicznej<\/strong><\/li>\n<\/ul>\n<p>Ulepszone podgrzewanie wst\u0119pne i wydajna atmosfera azotowa zapewniaj\u0105 w\u0142a\u015bciwy przep\u0142yw lutu na grubych p\u0142ytkach miedzianych stosowanych w motoryzacji, w modu\u0142ach mocy, sterownikach silnik\u00f3w i jednostkach o\u015bwietlenia LED.<\/p>\n<ul>\n<li><strong data-start=\"1030\" data-end=\"1080\">Mniej \u017cu\u017clu, ni\u017csze koszty, wi\u0119ksza stabilno\u015b\u0107<\/strong><\/li>\n<\/ul>\n<p>Azot znacz\u0105co zmniejsza ilo\u015b\u0107 \u017cu\u017clu lutowniczego, stabilizuje temperatur\u0119 i wyd\u0142u\u017ca odst\u0119py mi\u0119dzy przegl\u0105dami \u2014 co jest idealnym rozwi\u0105zaniem w przypadku ci\u0105g\u0142ych linii produkcyjnych w bran\u017cy motoryzacyjnej.<\/p>\n<ul>\n<li data-start=\"1244\" data-end=\"1291\"><strong data-start=\"1247\" data-end=\"1289\">Pe\u0142na kontrola i identyfikowalno\u015b\u0107 procesu<\/strong><\/li>\n<\/ul>\n<p>Monitorowanie temperatury, st\u0119\u017cenia azotu i parametr\u00f3w fal w czasie rzeczywistym spe\u0142nia wymagania normy IATF 16949 w zakresie zarz\u0105dzania jako\u015bci\u0105 oraz audyt\u00f3w OEM.<\/p>\n<ul>\n<li data-start=\"1439\" data-end=\"1501\"><strong data-start=\"1442\" data-end=\"1499\">Bezproblemowa integracja z automatycznymi liniami monta\u017cowymi<\/strong><\/li>\n<\/ul>\n<p>Urz\u0105dzenie YSM-350 mo\u017cna pod\u0142\u0105czy\u0107 do topnik\u00f3w, podgrzewaczy, przeno\u015bnik\u00f3w, system\u00f3w AOI i MES, co umo\u017cliwia wydajne, zautomatyzowane lutowanie THT w fabrykach samochod\u00f3w.<\/p>\n<h3 data-start=\"1654\" data-end=\"1669\"><strong data-start=\"1656\" data-end=\"1667\">Streszczenie<\/strong><\/h3>\n<p data-start=\"1654\" data-end=\"1669\">YSM-350 to lutowanie THT o wysokiej niezawodno\u015bci, niskiej liczbie usterek i pe\u0142nej identyfikowalno\u015bci, doskonale nadaj\u0105ce si\u0119 do samochodowych sterownik\u00f3w PLC, system\u00f3w zarz\u0105dzania budynkiem (BMS), elektroniki mocy, modu\u0142\u00f3w o\u015bwietleniowych i jednostek steruj\u0105cych o znaczeniu krytycznym dla bezpiecze\u0144stwa.<\/p>\n<p><img loading=\"lazy\" decoding=\"async\" class=\"alignnone  wp-image-22939 aligncenter\" src=\"https:\/\/esmte.com\/wp-content\/uploads\/2025\/12\/Wave-Solder.webp\" alt=\"Wave Solder\" width=\"934\" height=\"478\" srcset=\"https:\/\/esmte.com\/wp-content\/uploads\/2025\/12\/Wave-Solder.webp 922w, https:\/\/esmte.com\/wp-content\/uploads\/2025\/12\/Wave-Solder-600x307.webp 600w, https:\/\/esmte.com\/wp-content\/uploads\/2025\/12\/Wave-Solder-300x154.webp 300w, https:\/\/esmte.com\/wp-content\/uploads\/2025\/12\/Wave-Solder-768x393.webp 768w, https:\/\/esmte.com\/wp-content\/uploads\/2025\/12\/Wave-Solder-1x1.webp 1w, https:\/\/esmte.com\/wp-content\/uploads\/2025\/12\/Wave-Solder-10x5.webp 10w\" sizes=\"auto, (max-width: 934px) 100vw, 934px\" \/><\/p>\n<p>&nbsp;<\/p>\n<h2>Specyfikacje<\/h2>\n<table style=\"border-collapse: collapse; width: 1380px; height: 394px;\" border=\"0\" width=\"652\" cellspacing=\"0\" cellpadding=\"0\">\n<tbody>\n<tr style=\"height: 15.00pt;\">\n<td class=\"et2\" style=\"height: 15pt; width: 114.75pt; text-align: center;\" width=\"153\" height=\"20\">Model<\/td>\n<td class=\"et3\" style=\"width: 183.75pt; text-align: center;\" width=\"245\">YSM-350<\/td>\n<td class=\"et4\" style=\"width: 190.5pt; text-align: center;\" width=\"254\">YSM-450<\/td>\n<\/tr>\n<tr style=\"height: 15.00pt;\">\n<td class=\"et5\" style=\"height: 15pt; width: 114.75pt; text-align: center;\" width=\"153\" height=\"20\">Wymiary (mm)<\/td>\n<td class=\"et6\" style=\"width: 183.75pt; text-align: center;\" width=\"245\">4420X1420X1750<\/td>\n<td class=\"et7\" style=\"width: 190.5pt; text-align: center;\" width=\"254\">4420X1520X1750<\/td>\n<\/tr>\n<tr style=\"height: 15.00pt;\">\n<td class=\"et5\" style=\"height: 15pt; width: 114.75pt; text-align: center;\" width=\"153\" height=\"20\">Zasilacz<\/td>\n<td class=\"et6\" style=\"width: 183.75pt; text-align: center;\" width=\"245\">3P5W,380\/220V 50Hz<\/td>\n<td class=\"et7\" style=\"width: 190.5pt; text-align: center;\" width=\"254\">3P5W,380\/220V 50Hz<\/td>\n<\/tr>\n<tr style=\"height: 15.00pt;\">\n<td class=\"et5\" style=\"height: 15pt; width: 114.75pt; text-align: center;\" width=\"153\" height=\"20\">Moc startowa<\/td>\n<td class=\"et6\" style=\"width: 183.75pt; text-align: center;\" width=\"245\">33 kW<\/td>\n<td class=\"et7\" style=\"width: 190.5pt; text-align: center;\" width=\"254\">33 kW<\/td>\n<\/tr>\n<tr style=\"height: 15.00pt;\">\n<td class=\"et5\" style=\"height: 15pt; width: 114.75pt; text-align: center;\" width=\"153\" height=\"20\">Operacja Moc<\/td>\n<td class=\"et6\" style=\"width: 183.75pt; text-align: center;\" width=\"245\">8 kW<\/td>\n<td class=\"et7\" style=\"width: 190.5pt; text-align: center;\" width=\"254\">8 kW<\/td>\n<\/tr>\n<tr style=\"height: 15.00pt;\">\n<td class=\"et5\" style=\"height: 15pt; width: 114.75pt; text-align: center;\" width=\"153\" height=\"20\">System sterowania<\/td>\n<td class=\"et6\" style=\"width: 183.75pt; text-align: center;\" width=\"245\">Komputer + PLC<\/td>\n<td class=\"et7\" style=\"width: 190.5pt; text-align: center;\" width=\"254\">Komputer + PLC<\/td>\n<\/tr>\n<tr style=\"height: 15.00pt;\">\n<td class=\"et5\" style=\"height: 15pt; width: 114.75pt; text-align: center;\" width=\"153\" height=\"20\">Strefa podgrzewania wst\u0119pnego<\/td>\n<td class=\"et6\" style=\"width: 183.75pt; text-align: center;\" width=\"245\">3<\/td>\n<td class=\"et7\" style=\"width: 190.5pt; text-align: center;\" width=\"254\">3<\/td>\n<\/tr>\n<tr style=\"height: 15.00pt;\">\n<td class=\"et5\" style=\"height: 15pt; width: 114.75pt; text-align: center;\" width=\"153\" height=\"20\">D\u0142ugo\u015b\u0107 podgrzewania wst\u0119pnego<\/td>\n<td class=\"et6\" style=\"width: 183.75pt; text-align: center;\" width=\"245\">1800 mm<\/td>\n<td class=\"et7\" style=\"width: 190.5pt; text-align: center;\" width=\"254\">1800 mm<\/td>\n<\/tr>\n<tr style=\"height: 15.00pt;\">\n<td class=\"et5\" style=\"height: 15pt; width: 114.75pt; text-align: center;\" width=\"153\" height=\"20\">Temperatura podgrzewania.<\/td>\n<td class=\"et8\" style=\"width: 183.75pt; text-align: center;\" width=\"245\">(Temperatura pokojowa) -250<span class=\"font3\">\u2103<\/span><\/td>\n<td class=\"et9\" style=\"width: 190.5pt; text-align: center;\" width=\"254\">(Temperatura pokojowa) -250<span class=\"font3\">\u2103<\/span><\/td>\n<\/tr>\n<tr style=\"height: 15.00pt;\">\n<td class=\"et5\" style=\"height: 15pt; width: 114.75pt; text-align: center;\" width=\"153\" height=\"20\">Szeroko\u015b\u0107 p\u0142ytki PCB (mm)<\/td>\n<td class=\"et6\" style=\"width: 183.75pt; text-align: center;\" width=\"245\">50-350 mm<\/td>\n<td class=\"et7\" style=\"width: 190.5pt; text-align: center;\" width=\"254\">50-450 mm<\/td>\n<\/tr>\n<tr style=\"height: 15.00pt;\">\n<td class=\"et5\" style=\"height: 30pt; width: 114.75pt; text-align: center;\" rowspan=\"2\" width=\"153\" height=\"40\">Palec<\/td>\n<td class=\"et10\" style=\"width: 374.25pt; border-right: 1pt solid #cccccc; text-align: center;\" colspan=\"2\" width=\"499\">Palec dociskowy spr\u0119\u017cynowy (standardowy);<\/td>\n<\/tr>\n<tr style=\"height: 15.00pt;\">\n<td class=\"et12\" style=\"width: 374.25pt; border-right: 1pt solid #cccccc; text-align: center;\" colspan=\"2\" width=\"499\">Opcja: Palec spr\u0119\u017cynowy, palec w kszta\u0142cie ust kaczki<\/td>\n<\/tr>\n<tr style=\"height: 15.00pt;\">\n<td class=\"et5\" style=\"height: 15pt; width: 114.75pt; text-align: center;\" width=\"153\" height=\"20\">Pojemno\u015b\u0107 tygla lutowniczego<\/td>\n<td class=\"et6\" style=\"width: 374.25pt; text-align: center;\" colspan=\"2\" width=\"499\">Bez o\u0142owiu 500 kg<\/td>\n<\/tr>\n<tr style=\"height: 15.00pt;\">\n<td class=\"et5\" style=\"height: 15pt; width: 114.75pt; text-align: center;\" width=\"153\" height=\"20\">Waga maszyny (kg)<\/td>\n<td class=\"et6\" style=\"width: 183.75pt; text-align: center;\" width=\"245\">Oko\u0142o 1800 kg<\/td>\n<td class=\"et7\" style=\"width: 190.5pt; text-align: center;\" width=\"254\">Oko\u0142o 2100 kg<\/td>\n<\/tr>\n<\/tbody>\n<\/table>\n<p>&nbsp;<\/p>\n<p><a href=\"https:\/\/www.youtube.com\/@allaismt\" rel=\"nofollow noopener\" target=\"_blank\"><u>https:\/\/www.youtube.com\/@allaismt<\/u><\/a><\/p>\n<p>Aby uzyska\u0107 wi\u0119cej informacji na temat urz\u0105dzenia do lutowania PCB fal\u0105 azotow\u0105 YSM-350, prosimy o przes\u0142anie wiadomo\u015bci e-mail na adres<\/p>\n<p><a href=\"mailto:sophia@allaismt.com\"><u>sophia@allaismt.com<\/u><\/a><\/p>\n<p>Szybko odpowiemy na Twoje zapytanie i udzielimy Ci szczeg\u00f3\u0142owych informacji o naszych produktach i us\u0142ugach.<\/p>\n<p>&nbsp;<\/p>","protected":false},"excerpt":{"rendered":"<p>Opis: <strong>Maszyna do lutowania falowego PCB azotem YSM-350<\/strong> is engineered to boost production efficiency by reducing solder oxidation and dramatically lowering dross accumulation. Its nitrogen-assisted process enhances wetting, shortens soldering time, and minimizes rework, cutting operational costs for large-scale PCBA manufacturers. With durable components and smooth continuous operation, it is an ideal solution for factories seeking higher throughput and lower production waste.<\/p>\n<p>Minimalna ilo\u015b\u0107 zam\u00f3wienia: 1 szt.<\/p>\n<p>Czas realizacji zam\u00f3wienia: 15 dni<\/p>","protected":false},"featured_media":22940,"comment_status":"closed","ping_status":"closed","template":"","meta":[],"etheme_brands":[],"product_brand":[],"product_cat":[153,151],"product_tag":[],"class_list":{"0":"post-22934","1":"product","2":"type-product","3":"status-publish","4":"has-post-thumbnail","6":"product_cat-wave-soldering-machine","7":"product_cat-pcb-soldering-equipment","9":"first","10":"instock","11":"shipping-taxable","12":"product-type-simple"},"_links":{"self":[{"href":"https:\/\/esmte.com\/pl\/wp-json\/wp\/v2\/product\/22934","targetHints":{"allow":["GET"]}}],"collection":[{"href":"https:\/\/esmte.com\/pl\/wp-json\/wp\/v2\/product"}],"about":[{"href":"https:\/\/esmte.com\/pl\/wp-json\/wp\/v2\/types\/product"}],"replies":[{"embeddable":true,"href":"https:\/\/esmte.com\/pl\/wp-json\/wp\/v2\/comments?post=22934"}],"version-history":[{"count":1,"href":"https:\/\/esmte.com\/pl\/wp-json\/wp\/v2\/product\/22934\/revisions"}],"predecessor-version":[{"id":22941,"href":"https:\/\/esmte.com\/pl\/wp-json\/wp\/v2\/product\/22934\/revisions\/22941"}],"wp:featuredmedia":[{"embeddable":true,"href":"https:\/\/esmte.com\/pl\/wp-json\/wp\/v2\/media\/22940"}],"wp:attachment":[{"href":"https:\/\/esmte.com\/pl\/wp-json\/wp\/v2\/media?parent=22934"}],"wp:term":[{"taxonomy":"brand","embeddable":true,"href":"https:\/\/esmte.com\/pl\/wp-json\/wp\/v2\/etheme_brands?post=22934"},{"taxonomy":"product_brand","embeddable":true,"href":"https:\/\/esmte.com\/pl\/wp-json\/wp\/v2\/product_brand?post=22934"},{"taxonomy":"product_cat","embeddable":true,"href":"https:\/\/esmte.com\/pl\/wp-json\/wp\/v2\/product_cat?post=22934"},{"taxonomy":"product_tag","embeddable":true,"href":"https:\/\/esmte.com\/pl\/wp-json\/wp\/v2\/product_tag?post=22934"}],"curies":[{"name":"wp","href":"https:\/\/api.w.org\/{rel}","templated":true}]}}