{"id":22931,"date":"2025-12-10T06:33:17","date_gmt":"2025-12-10T06:33:17","guid":{"rendered":"https:\/\/esmte.com\/?post_type=product&#038;p=22931"},"modified":"2025-12-10T06:33:17","modified_gmt":"2025-12-10T06:33:17","slug":"full-auto-pcb-plug-cutting-machine-ycm-600","status":"publish","type":"product","link":"https:\/\/esmte.com\/pl\/products\/full-auto-pcb-plug-cutting-machine-ycm-600\/","title":{"rendered":"W pe\u0142ni automatyczna maszyna do ci\u0119cia wtyczek PCB YCM-600"},"content":{"rendered":"<h2>Wst\u0119p<\/h2>\n<p data-start=\"171\" data-end=\"525\">Ten <strong>W pe\u0142ni automatyczna maszyna do ci\u0119cia wtyczek PCB YCM-600<\/strong> to zaawansowane rozwi\u0105zanie przemys\u0142owe przeznaczone do automatycznego przycinania i kszta\u0142towania wyprowadze\u0144 element\u00f3w przewlekanych na p\u0142ytkach drukowanych. Zapewniaj\u0105c precyzyjn\u0105 i jednorodn\u0105 d\u0142ugo\u015b\u0107 oraz k\u0105ty wyprowadze\u0144, gwarantuje precyzyjne wk\u0142adanie komponent\u00f3w i poprawia jako\u015b\u0107 lutowania zar\u00f3wno w procesach lutowania falowego, jak i selektywnego.<\/p>\n<p data-start=\"527\" data-end=\"902\">Zoptymalizowany do produkcji PCBA w du\u017cych ilo\u015bciach, <strong>W pe\u0142ni automatyczna maszyna do ci\u0119cia wtyczek PCB YCM-600<\/strong> Bezproblemowo integruje si\u0119 z automatycznymi liniami monta\u017cowymi, redukuj\u0105c konieczno\u015b\u0107 r\u0119cznej ingerencji i poprawiaj\u0105c og\u00f3ln\u0105 wydajno\u015b\u0107 procesu. Precyzyjny mechanizm tn\u0105cy zapobiega typowym wadom, takim jak niedopasowane wyprowadzenia, mostki lutownicze i nier\u00f3wne wysoko\u015bci element\u00f3w, co przek\u0142ada si\u0119 na wy\u017csz\u0105 wydajno\u015b\u0107 ju\u017c przy pierwszym przej\u015bciu i sp\u00f3jn\u0105 jako\u015b\u0107 produktu.<\/p>\n<p data-start=\"904\" data-end=\"1266\">Wykonane z trwa\u0142ych materia\u0142\u00f3w i zaprojektowane do ci\u0105g\u0142ej pracy, <strong>W pe\u0142ni automatyczna maszyna do ci\u0119cia wtyczek PCB YCM-600<\/strong> Obs\u0142uguje szerok\u0105 gam\u0119 rozmiar\u00f3w, grubo\u015bci i typ\u00f3w komponent\u00f3w PCB. Szczeg\u00f3lnie nadaje si\u0119 do elektroniki samochodowej, urz\u0105dze\u0144 konsumenckich, zespo\u0142\u00f3w LED i przemys\u0142owych p\u0142yt steruj\u0105cych, spe\u0142niaj\u0105c zr\u00f3\u017cnicowane potrzeby produkcyjne i gwarantuj\u0105c niezawodno\u015b\u0107 monta\u017cu.<\/p>\n<p data-start=\"1268\" data-end=\"1581\">Dzi\u0119ki automatyzacji przycinania i kszta\u0142towania o\u0142owiu, <strong>W pe\u0142ni automatyczna maszyna do ci\u0119cia wtyczek PCB YCM-600<\/strong> Nie tylko zwi\u0119ksza wydajno\u015b\u0107 produkcji, ale tak\u017ce minimalizuje koszty pracy i przer\u00f3bek. Zapewnia producentom elektroniki niezawodne, ekonomiczne i precyzyjne rozwi\u0105zanie, pozwalaj\u0105ce utrzyma\u0107 sta\u0142\u0105 jako\u015b\u0107 w procesach monta\u017cu p\u0142ytek PCBA na du\u017c\u0105 skal\u0119.<\/p>\n<p data-start=\"1268\" data-end=\"1581\">\n<p><img loading=\"lazy\" decoding=\"async\" class=\"alignnone  wp-image-22927 aligncenter\" src=\"https:\/\/esmte.com\/wp-content\/uploads\/2025\/12\/11-33.webp\" alt=\"Full-auto PCB Plug Cutting Machine\" width=\"574\" height=\"573\" srcset=\"https:\/\/esmte.com\/wp-content\/uploads\/2025\/12\/11-33.webp 2561w, https:\/\/esmte.com\/wp-content\/uploads\/2025\/12\/11-33-100x100.webp 100w, https:\/\/esmte.com\/wp-content\/uploads\/2025\/12\/11-33-600x599.webp 600w, https:\/\/esmte.com\/wp-content\/uploads\/2025\/12\/11-33-300x300.webp 300w, https:\/\/esmte.com\/wp-content\/uploads\/2025\/12\/11-33-1024x1024.webp 1024w, https:\/\/esmte.com\/wp-content\/uploads\/2025\/12\/11-33-150x150.webp 150w, https:\/\/esmte.com\/wp-content\/uploads\/2025\/12\/11-33-768x767.webp 768w, https:\/\/esmte.com\/wp-content\/uploads\/2025\/12\/11-33-1536x1534.webp 1536w, https:\/\/esmte.com\/wp-content\/uploads\/2025\/12\/11-33-2048x2046.webp 2048w, https:\/\/esmte.com\/wp-content\/uploads\/2025\/12\/11-33-1x1.webp 1w, https:\/\/esmte.com\/wp-content\/uploads\/2025\/12\/11-33-10x10.webp 10w\" sizes=\"auto, (max-width: 574px) 100vw, 574px\" \/><\/p>\n<p>&nbsp;<\/p>\n<h2 data-start=\"89\" data-end=\"179\"><strong data-start=\"92\" data-end=\"179\">Zastosowanie w pe\u0142ni automatycznej maszyny do ci\u0119cia wtyczek PCB w fabrykach elektroniki u\u017cytkowej<\/strong><\/h2>\n<ol data-start=\"181\" data-end=\"1704\">\n<li data-start=\"181\" data-end=\"478\">\n<p data-start=\"184\" data-end=\"478\"><strong data-start=\"184\" data-end=\"224\">Przycinanie wyprowadze\u0144 element\u00f3w przewlekanych<\/strong><br data-start=\"224\" data-end=\"227\" \/>Maszyna automatycznie przycina i kszta\u0142tuje wyprowadzenia element\u00f3w przewlekanych na p\u0142ytkach PCB stosowanych w urz\u0105dzeniach konsumenckich, takich jak smartfony, tablety, produkty LED i sprz\u0119t AGD. Zapewnia to jednolit\u0105 d\u0142ugo\u015b\u0107 wyprowadze\u0144 i prawid\u0142owe ustawienie, co przek\u0142ada si\u0119 na p\u0142ynny monta\u017c.<\/p>\n<\/li>\n<li data-start=\"480\" data-end=\"742\">\n<p data-start=\"483\" data-end=\"742\"><strong data-start=\"483\" data-end=\"533\">Poprawa jako\u015bci lutowania falowego i selektywnego<\/strong><br data-start=\"533\" data-end=\"536\" \/>Zapewniaj\u0105c precyzyjne i sp\u00f3jne kszta\u0142ty wyprowadze\u0144, redukuje defekty, takie jak mostki lutownicze, rozbie\u017cno\u015bci i niewystarczaj\u0105ce pokrycie lutem, poprawiaj\u0105c og\u00f3ln\u0105 niezawodno\u015b\u0107 lutowania w przypadku p\u0142ytek PCB o du\u017cej g\u0119sto\u015bci.<\/p>\n<\/li>\n<li data-start=\"744\" data-end=\"983\">\n<p data-start=\"747\" data-end=\"983\"><strong data-start=\"747\" data-end=\"792\">Integracja z automatycznymi liniami monta\u017cowymi<\/strong><br data-start=\"792\" data-end=\"795\" \/>Maszyn\u0119 tn\u0105c\u0105 mo\u017cna bezproblemowo zintegrowa\u0107 z urz\u0105dzeniami typu pick-and-place lub insertion, co pozwala na w pe\u0142ni zautomatyzowane procesy produkcyjne p\u0142ytek PCBA i ogranicza konieczno\u015b\u0107 r\u0119cznej pracy.<\/p>\n<\/li>\n<li data-start=\"985\" data-end=\"1235\">\n<p data-start=\"988\" data-end=\"1235\"><strong data-start=\"988\" data-end=\"1025\">Wsparcie produkcji wielkoseryjnej<\/strong><br data-start=\"1025\" data-end=\"1028\" \/>Fabryki elektroniki u\u017cytkowej cz\u0119sto pracuj\u0105 na liniach wielozmianowych. W pe\u0142ni automatyczna maszyna do ci\u0119cia wtyczek PCB zapewnia szybkie i powtarzalne przycinanie, utrzymuj\u0105c wysok\u0105 wydajno\u015b\u0107 i gwarantuj\u0105c sta\u0142\u0105 jako\u015b\u0107.<\/p>\n<\/li>\n<li data-start=\"1237\" data-end=\"1469\">\n<p data-start=\"1240\" data-end=\"1469\"><strong data-start=\"1240\" data-end=\"1290\">Wszechstronno\u015b\u0107 dla mieszanych rozmiar\u00f3w p\u0142ytek PCB i komponent\u00f3w<\/strong><br data-start=\"1290\" data-end=\"1293\" \/>Urz\u0105dzenie to obs\u0142uguje szerok\u0105 gam\u0119 wymiar\u00f3w i grubo\u015bci p\u0142ytek PCB oraz typ\u00f3w komponent\u00f3w, dzi\u0119ki czemu \u015bwietnie nadaje si\u0119 do fabryk produkuj\u0105cych wiele linii produkt\u00f3w z r\u00f3\u017cnymi komponentami THT.<\/p>\n<\/li>\n<li data-start=\"1471\" data-end=\"1704\">\n<p data-start=\"1474\" data-end=\"1704\"><strong data-start=\"1474\" data-end=\"1515\">Redukcja koszt\u00f3w przer\u00f3bek i koszt\u00f3w operacyjnych<\/strong><br data-start=\"1515\" data-end=\"1518\" \/>Konsekwentne ci\u0119cie wyprowadze\u0144 minimalizuje wady i zmniejsza potrzeb\u0119 r\u0119cznych poprawek, pomagaj\u0105c producentom elektroniki u\u017cytkowej obni\u017cy\u0107 koszty pracy i zwi\u0119kszy\u0107 wydajno\u015b\u0107 produkcji.<\/p>\n<\/li>\n<\/ol>\n<p>&nbsp;<\/p>\n<h2>Specyfikacje<\/h2>\n<table style=\"border-collapse: collapse; width: 1379px; height: 232px;\" border=\"0\" width=\"556\" cellspacing=\"0\" cellpadding=\"0\">\n<tbody>\n<tr style=\"height: 15.00pt;\">\n<td class=\"et2\" style=\"height: 15pt; width: 143.25pt; text-align: center;\" width=\"191\" height=\"20\">Model<\/td>\n<td class=\"et3\" style=\"width: 273.75pt; text-align: center;\" width=\"365\">YCM-600<\/td>\n<\/tr>\n<tr style=\"height: 15.00pt;\">\n<td class=\"et4\" style=\"height: 15pt; width: 143.25pt; text-align: center;\" width=\"191\" height=\"20\">Wymiar<\/td>\n<td class=\"et5\" style=\"width: 273.75pt; text-align: center;\" width=\"365\">750*600*860 mm<\/td>\n<\/tr>\n<tr style=\"height: 15.00pt;\">\n<td class=\"et4\" style=\"height: 15pt; width: 143.25pt; text-align: center;\" width=\"191\" height=\"20\">Wysoko\u015b\u0107 stopy ci\u0119cia<\/td>\n<td class=\"et5\" style=\"width: 273.75pt; text-align: center;\" width=\"365\">Min. 1,2 mm<\/td>\n<\/tr>\n<tr style=\"height: 15.00pt;\">\n<td class=\"et4\" style=\"height: 15pt; width: 143.25pt; text-align: center;\" width=\"191\" height=\"20\">Pr\u0119dko\u015b\u0107 obrotowa<\/td>\n<td class=\"et5\" style=\"width: 273.75pt; text-align: center;\" width=\"365\">4500 obr.\/min<\/td>\n<\/tr>\n<tr style=\"height: 15.00pt;\">\n<td class=\"et4\" style=\"height: 15pt; width: 143.25pt; text-align: center;\" width=\"191\" height=\"20\">Trasa szyny prowadz\u0105cej<\/td>\n<td class=\"et5\" style=\"width: 273.75pt; text-align: center;\" width=\"365\">0-250 mm<\/td>\n<\/tr>\n<tr style=\"height: 15.00pt;\">\n<td class=\"et4\" style=\"height: 15pt; width: 143.25pt; text-align: center;\" width=\"191\" height=\"20\">Zasilacz<\/td>\n<td class=\"et5\" style=\"width: 273.75pt; text-align: center;\" width=\"365\">1 fazowy pr\u0105d zmienny 220 V 50\/60 Hz<\/td>\n<\/tr>\n<tr style=\"height: 15.00pt;\">\n<td class=\"et4\" style=\"height: 15pt; width: 143.25pt; text-align: center;\" width=\"191\" height=\"20\">Moc<\/td>\n<td class=\"et5\" style=\"width: 273.75pt; text-align: center;\" width=\"365\">800 W<\/td>\n<\/tr>\n<tr style=\"height: 15.00pt;\">\n<td class=\"et6\" style=\"height: 15pt; width: 143.25pt; text-align: center;\" width=\"191\" height=\"20\">Waga<\/td>\n<td class=\"et7\" style=\"width: 273.75pt; text-align: center;\" width=\"365\">115 kg<\/td>\n<\/tr>\n<\/tbody>\n<\/table>\n<p>&nbsp;<\/p>\n<p><a href=\"https:\/\/www.youtube.com\/@allaismt\" rel=\"nofollow noopener\" target=\"_blank\"><u>https:\/\/www.youtube.com\/@allaismt<\/u><\/a><\/p>\n<p>Aby uzyska\u0107 wi\u0119cej informacji na temat w pe\u0142ni automatycznej maszyny do ci\u0119cia wtyczek PCB, prosimy o przes\u0142anie wiadomo\u015bci e-mail na adres<\/p>\n<p><a href=\"mailto:sophia@allaismt.com\"><u>sophia@allaismt.com<\/u><\/a><\/p>\n<p>Szybko odpowiemy na Twoje zapytanie i udzielimy Ci szczeg\u00f3\u0142owych informacji o naszych produktach i us\u0142ugach.<\/p>","protected":false},"excerpt":{"rendered":"<p>Opis: <strong>YCM-600 W pe\u0142ni automatyczna maszyna do ci\u0119cia wtyczek PCB<\/strong> To precyzyjne rozwi\u0105zanie do automatycznego przycinania i kszta\u0142towania wyprowadze\u0144 element\u00f3w przewlekanych na p\u0142ytkach PCB. Zapewnia jednolit\u0105 d\u0142ugo\u015b\u0107 wyprowadze\u0144 i sta\u0142e k\u0105ty, co poprawia dok\u0142adno\u015b\u0107 monta\u017cu komponent\u00f3w i jako\u015b\u0107 lutowania zar\u00f3wno w procesach lutowania falowego, jak i selektywnego. Zaprojektowany do produkcji PCBA w du\u017cych seriach, YCM-600 idealnie integruje si\u0119 z automatycznymi liniami monta\u017cowymi, redukuj\u0105c nak\u0142ad pracy r\u0119cznej, a jednocze\u015bnie zwi\u0119kszaj\u0105c wydajno\u015b\u0107 i powtarzalno\u015b\u0107. Jego solidna konstrukcja i niezawodno\u015b\u0107 sprawiaj\u0105, \u017ce idealnie nadaje si\u0119 do elektroniki samochodowej, urz\u0105dze\u0144 konsumenckich, zespo\u0142\u00f3w LED i przemys\u0142owych p\u0142ytek PCB.<\/p>\n<p>Minimalna ilo\u015b\u0107 zam\u00f3wienia: 1 szt.<\/p>\n<p>Czas realizacji zam\u00f3wienia: 15 dni<\/p>","protected":false},"featured_media":22932,"comment_status":"closed","ping_status":"closed","template":"","meta":[],"etheme_brands":[],"product_brand":[],"product_cat":[179],"product_tag":[],"class_list":{"0":"post-22931","1":"product","2":"type-product","3":"status-publish","4":"has-post-thumbnail","6":"product_cat-pcb-pin-lead-cutting-machine","8":"first","9":"instock","10":"shipping-taxable","11":"product-type-simple"},"_links":{"self":[{"href":"https:\/\/esmte.com\/pl\/wp-json\/wp\/v2\/product\/22931","targetHints":{"allow":["GET"]}}],"collection":[{"href":"https:\/\/esmte.com\/pl\/wp-json\/wp\/v2\/product"}],"about":[{"href":"https:\/\/esmte.com\/pl\/wp-json\/wp\/v2\/types\/product"}],"replies":[{"embeddable":true,"href":"https:\/\/esmte.com\/pl\/wp-json\/wp\/v2\/comments?post=22931"}],"version-history":[{"count":1,"href":"https:\/\/esmte.com\/pl\/wp-json\/wp\/v2\/product\/22931\/revisions"}],"predecessor-version":[{"id":22933,"href":"https:\/\/esmte.com\/pl\/wp-json\/wp\/v2\/product\/22931\/revisions\/22933"}],"wp:featuredmedia":[{"embeddable":true,"href":"https:\/\/esmte.com\/pl\/wp-json\/wp\/v2\/media\/22932"}],"wp:attachment":[{"href":"https:\/\/esmte.com\/pl\/wp-json\/wp\/v2\/media?parent=22931"}],"wp:term":[{"taxonomy":"brand","embeddable":true,"href":"https:\/\/esmte.com\/pl\/wp-json\/wp\/v2\/etheme_brands?post=22931"},{"taxonomy":"product_brand","embeddable":true,"href":"https:\/\/esmte.com\/pl\/wp-json\/wp\/v2\/product_brand?post=22931"},{"taxonomy":"product_cat","embeddable":true,"href":"https:\/\/esmte.com\/pl\/wp-json\/wp\/v2\/product_cat?post=22931"},{"taxonomy":"product_tag","embeddable":true,"href":"https:\/\/esmte.com\/pl\/wp-json\/wp\/v2\/product_tag?post=22931"}],"curies":[{"name":"wp","href":"https:\/\/api.w.org\/{rel}","templated":true}]}}