{"id":22926,"date":"2025-12-10T06:13:41","date_gmt":"2025-12-10T06:13:41","guid":{"rendered":"https:\/\/esmte.com\/?post_type=product&#038;p=22926"},"modified":"2025-12-10T06:14:19","modified_gmt":"2025-12-10T06:14:19","slug":"full-auto-pcb-plug-cutting-machine","status":"publish","type":"product","link":"https:\/\/esmte.com\/pl\/products\/full-auto-pcb-plug-cutting-machine\/","title":{"rendered":"W pe\u0142ni automatyczna maszyna do ci\u0119cia wtyczek PCB"},"content":{"rendered":"<h2>Wst\u0119p<\/h2>\n<p data-start=\"155\" data-end=\"527\">Ten <strong>W pe\u0142ni automatyczna maszyna do ci\u0119cia wtyczek PCB<\/strong> to zaawansowane rozwi\u0105zanie automatyzacyjne opracowane w celu usprawnienia przycinania i kszta\u0142towania wyprowadze\u0144 element\u00f3w przewlekanych na p\u0142ytkach PCB. Zapewniaj\u0105c precyzyjne, jednolite d\u0142ugo\u015bci wyprowadze\u0144 i sta\u0142e k\u0105ty gi\u0119cia, zapewnia dok\u0142adne pozycjonowanie komponent\u00f3w, co przek\u0142ada si\u0119 na optymaln\u0105 wydajno\u015b\u0107 lutowania, zar\u00f3wno w przypadku lutowania falowego, jak i selektywnego.<\/p>\n<p data-start=\"529\" data-end=\"863\">Zoptymalizowana pod k\u0105tem nowoczesnych linii produkcyjnych PCBA, ta maszyna zmniejsza zale\u017cno\u015b\u0107 od pracy r\u0119cznej, jednocze\u015bnie zwi\u0119kszaj\u0105c wydajno\u015b\u0107 linii. Jej szybki i precyzyjny mechanizm tn\u0105cy zapobiega typowym problemom monta\u017cowym, takim jak niewsp\u00f3\u0142osiowo\u015b\u0107 wyprowadze\u0144, mostkowanie lutownicze i nier\u00f3wne wysoko\u015bci element\u00f3w, zapewniaj\u0105c wy\u017csz\u0105 wydajno\u015b\u0107 ju\u017c przy pierwszym przej\u015bciu i sta\u0142\u0105 jako\u015b\u0107 produktu.<\/p>\n<p data-start=\"865\" data-end=\"1226\">Wykonany z trwa\u0142ych materia\u0142\u00f3w i zaprojektowany do ci\u0105g\u0142ej pracy, <strong>W pe\u0142ni automatyczna maszyna do ci\u0119cia wtyczek PCB<\/strong> Obs\u0142uguje szeroki zakres wymiar\u00f3w, grubo\u015bci i typ\u00f3w komponent\u00f3w PCB. Szczeg\u00f3lnie nadaje si\u0119 do elektroniki samochodowej o wysokiej g\u0119sto\u015bci, urz\u0105dze\u0144 konsumenckich, zespo\u0142\u00f3w LED i przemys\u0142owych p\u0142yt steruj\u0105cych, spe\u0142niaj\u0105c zr\u00f3\u017cnicowane potrzeby produkcyjne.<\/p>\n<p data-start=\"1228\" data-end=\"1540\">Automatyzuj\u0105c proces ci\u0119cia wyprowadze\u0144, maszyna nie tylko przyspiesza produkcj\u0119, ale tak\u017ce obni\u017ca koszty operacyjne i minimalizuje liczb\u0119 przer\u00f3bek. Stanowi niezawodne, precyzyjne i ekonomiczne rozwi\u0105zanie dla producent\u00f3w elektroniki, kt\u00f3rym zale\u017cy na utrzymaniu sta\u0142ej jako\u015bci monta\u017cu w procesach produkcji PCBA o du\u017cej skali produkcji.<\/p>\n<p data-start=\"1277\" data-end=\"1647\"><img loading=\"lazy\" decoding=\"async\" class=\"alignnone wp-image-22927 aligncenter\" src=\"https:\/\/esmte.com\/wp-content\/uploads\/2025\/12\/11-33.webp\" alt=\"Full-auto PCB Plug Cutting Machine\" width=\"583\" height=\"582\" srcset=\"https:\/\/esmte.com\/wp-content\/uploads\/2025\/12\/11-33.webp 2561w, https:\/\/esmte.com\/wp-content\/uploads\/2025\/12\/11-33-100x100.webp 100w, https:\/\/esmte.com\/wp-content\/uploads\/2025\/12\/11-33-600x599.webp 600w, https:\/\/esmte.com\/wp-content\/uploads\/2025\/12\/11-33-300x300.webp 300w, https:\/\/esmte.com\/wp-content\/uploads\/2025\/12\/11-33-1024x1024.webp 1024w, https:\/\/esmte.com\/wp-content\/uploads\/2025\/12\/11-33-150x150.webp 150w, https:\/\/esmte.com\/wp-content\/uploads\/2025\/12\/11-33-768x767.webp 768w, https:\/\/esmte.com\/wp-content\/uploads\/2025\/12\/11-33-1536x1534.webp 1536w, https:\/\/esmte.com\/wp-content\/uploads\/2025\/12\/11-33-2048x2046.webp 2048w, https:\/\/esmte.com\/wp-content\/uploads\/2025\/12\/11-33-1x1.webp 1w, https:\/\/esmte.com\/wp-content\/uploads\/2025\/12\/11-33-10x10.webp 10w\" sizes=\"auto, (max-width: 583px) 100vw, 583px\" \/><\/p>\n<h2>Zastosowanie w pe\u0142ni automatycznej maszyny do ci\u0119cia wtyczek PCB w zautomatyzowanych fabrykach monta\u017cu p\u0142ytek PCBA<\/h2>\n<ul>\n<li data-start=\"208\" data-end=\"439\">\n<p data-start=\"211\" data-end=\"439\"><strong data-start=\"211\" data-end=\"254\">Automatyczne przycinanie przewodu po w\u0142o\u017ceniu<\/strong><br data-start=\"254\" data-end=\"257\" \/>Maszyna dok\u0142adnie tnie i kszta\u0142tuje wyprowadzenia komponent\u00f3w bezpo\u015brednio po ich automatycznym w\u0142o\u017ceniu, zapewniaj\u0105c jednolit\u0105 d\u0142ugo\u015b\u0107 wyprowadze\u0144 i w\u0142a\u015bciwe ustawienie na potrzeby kolejnych proces\u00f3w lutowania.<\/p>\n<\/li>\n<li data-start=\"441\" data-end=\"666\">\n<p data-start=\"444\" data-end=\"666\"><strong data-start=\"444\" data-end=\"494\">Poprawa jako\u015bci lutowania falowego i selektywnego<\/strong><br data-start=\"494\" data-end=\"497\" \/>Dzi\u0119ki zachowaniu jednakowej wysoko\u015bci i k\u0105t\u00f3w wyprowadze\u0144 zapobiega powstawaniu wad lutowniczych, takich jak mostkowanie, niedostateczna ilo\u015b\u0107 lutu i nieprawid\u0142owe wsp\u00f3\u0142osiowo\u015b\u0107, co zwi\u0119ksza og\u00f3ln\u0105 wydajno\u015b\u0107 monta\u017cu.<\/p>\n<\/li>\n<li data-start=\"668\" data-end=\"892\">\n<p data-start=\"671\" data-end=\"892\"><strong data-start=\"671\" data-end=\"718\">Integracja z automatycznymi liniami produkcyjnymi<\/strong><br data-start=\"718\" data-end=\"721\" \/>Maszyn\u0119 tn\u0105c\u0105 mo\u017cna bezproblemowo po\u0142\u0105czy\u0107 z urz\u0105dzeniami typu pick-and-place lub insert, co pozwala na w pe\u0142ni zautomatyzowane procesy obr\u00f3bki p\u0142ytek PCBA i ogranicza konieczno\u015b\u0107 r\u0119cznej pracy.<\/p>\n<\/li>\n<li data-start=\"894\" data-end=\"1114\">\n<p data-start=\"897\" data-end=\"1114\"><strong data-start=\"897\" data-end=\"936\">Zwi\u0119kszanie przepustowo\u015bci i wydajno\u015bci<\/strong><br data-start=\"936\" data-end=\"939\" \/>Dzi\u0119ki du\u017cej pr\u0119dko\u015bci i precyzyjnej pracy maszyna obs\u0142uguje produkcj\u0119 wielkoseryjn\u0105, redukuj\u0105c w\u0105skie gard\u0142a w zautomatyzowanych liniach monta\u017cowych i zapewniaj\u0105c sta\u0142\u0105 jako\u015b\u0107 wyj\u015bciow\u0105.<\/p>\n<\/li>\n<li data-start=\"1116\" data-end=\"1325\">\n<p data-start=\"1119\" data-end=\"1325\"><strong data-start=\"1119\" data-end=\"1161\">Obs\u0142uga p\u0142ytek PCB o mieszanej i wysokiej g\u0119sto\u015bci<\/strong><br data-start=\"1161\" data-end=\"1164\" \/>System mo\u017ce obs\u0142ugiwa\u0107 r\u00f3\u017cne rozmiary i grubo\u015bci p\u0142ytek PCB oraz r\u00f3\u017cne typy komponent\u00f3w, dzi\u0119ki czemu sprawdza si\u0119 w fabrykach produkuj\u0105cych wiele linii produkt\u00f3w jednocze\u015bnie.<\/p>\n<\/li>\n<li data-start=\"1327\" data-end=\"1545\">\n<p data-start=\"1330\" data-end=\"1545\"><strong data-start=\"1330\" data-end=\"1371\">Redukcja koszt\u00f3w przer\u00f3bek i koszt\u00f3w operacyjnych<\/strong><br data-start=\"1371\" data-end=\"1374\" \/>Konsekwentne ci\u0119cie wyprowadze\u0144 minimalizuje wady i konieczno\u015b\u0107 wprowadzania r\u0119cznych poprawek, obni\u017caj\u0105c koszty pracy i zwi\u0119kszaj\u0105c og\u00f3ln\u0105 wydajno\u015b\u0107 procesu automatycznego monta\u017cu p\u0142ytek PCBA.<\/p>\n<\/li>\n<\/ul>\n<p>&nbsp;<\/p>\n<h2>Specyfikacje<\/h2>\n<table style=\"border-collapse: collapse; width: 1376px; height: 257px;\" border=\"0\" width=\"556\" cellspacing=\"0\" cellpadding=\"0\">\n<tbody>\n<tr style=\"height: 15.00pt;\">\n<td class=\"et2\" style=\"height: 15pt; width: 143.25pt; text-align: center;\" width=\"191\" height=\"20\">Model<\/td>\n<td class=\"et3\" style=\"width: 273.75pt; text-align: center;\" width=\"365\">YCM-600<\/td>\n<\/tr>\n<tr style=\"height: 15.00pt;\">\n<td class=\"et4\" style=\"height: 15pt; width: 143.25pt; text-align: center;\" width=\"191\" height=\"20\">Wymiar<\/td>\n<td class=\"et5\" style=\"width: 273.75pt; text-align: center;\" width=\"365\">750*600*860 mm<\/td>\n<\/tr>\n<tr style=\"height: 15.00pt;\">\n<td class=\"et4\" style=\"height: 15pt; width: 143.25pt; text-align: center;\" width=\"191\" height=\"20\">Wysoko\u015b\u0107 stopy ci\u0119cia<\/td>\n<td class=\"et5\" style=\"width: 273.75pt; text-align: center;\" width=\"365\">Min. 1,2 mm<\/td>\n<\/tr>\n<tr style=\"height: 15.00pt;\">\n<td class=\"et4\" style=\"height: 15pt; width: 143.25pt; text-align: center;\" width=\"191\" height=\"20\">Pr\u0119dko\u015b\u0107 obrotowa<\/td>\n<td class=\"et5\" style=\"width: 273.75pt; text-align: center;\" width=\"365\">4500 obr.\/min<\/td>\n<\/tr>\n<tr style=\"height: 15.00pt;\">\n<td class=\"et4\" style=\"height: 15pt; width: 143.25pt; text-align: center;\" width=\"191\" height=\"20\">Trasa szyny prowadz\u0105cej<\/td>\n<td class=\"et5\" style=\"width: 273.75pt; text-align: center;\" width=\"365\">0-250 mm<\/td>\n<\/tr>\n<tr style=\"height: 15.00pt;\">\n<td class=\"et4\" style=\"height: 15pt; width: 143.25pt; text-align: center;\" width=\"191\" height=\"20\">Zasilacz<\/td>\n<td class=\"et5\" style=\"width: 273.75pt; text-align: center;\" width=\"365\">1 fazowy pr\u0105d zmienny 220 V 50\/60 Hz<\/td>\n<\/tr>\n<tr style=\"height: 15.00pt;\">\n<td class=\"et4\" style=\"height: 15pt; width: 143.25pt; text-align: center;\" width=\"191\" height=\"20\">Moc<\/td>\n<td class=\"et5\" style=\"width: 273.75pt; text-align: center;\" width=\"365\">800 W<\/td>\n<\/tr>\n<tr style=\"height: 15.00pt;\">\n<td class=\"et6\" style=\"height: 15pt; width: 143.25pt; text-align: center;\" width=\"191\" height=\"20\">Waga<\/td>\n<td class=\"et7\" style=\"width: 273.75pt; text-align: center;\" width=\"365\">115 kg<\/td>\n<\/tr>\n<\/tbody>\n<\/table>\n<p>&nbsp;<\/p>\n<p><a href=\"https:\/\/www.youtube.com\/@allaismt\" rel=\"nofollow noopener\" target=\"_blank\"><u>https:\/\/www.youtube.com\/@allaismt<\/u><\/a><\/p>\n<p>Aby uzyska\u0107 wi\u0119cej informacji na temat w pe\u0142ni automatycznej maszyny do ci\u0119cia wtyczek PCB, prosimy o przes\u0142anie wiadomo\u015bci e-mail na adres<\/p>\n<p><a href=\"mailto:sophia@allaismt.com\"><u>sophia@allaismt.com<\/u><\/a><\/p>\n<p>Szybko odpowiemy na Twoje zapytanie i udzielimy Ci szczeg\u00f3\u0142owych informacji o naszych produktach i us\u0142ugach.<\/p>","protected":false},"excerpt":{"rendered":"<p>Opis: <strong>W pe\u0142ni automatyczna maszyna do ci\u0119cia wtyczek PCB<\/strong> To wysoce precyzyjne rozwi\u0105zanie, kt\u00f3re automatycznie przycina i kszta\u0142tuje wyprowadzenia element\u00f3w przewlekanych na p\u0142ytkach PCB, zapewniaj\u0105c jednolit\u0105 d\u0142ugo\u015b\u0107 i k\u0105ty wyprowadze\u0144, co przek\u0142ada si\u0119 na lepsz\u0105 dok\u0142adno\u015b\u0107 monta\u017cu i jako\u015b\u0107 lutowania. Zaprojektowane do masowej produkcji p\u0142ytek PCBA, urz\u0105dzenie idealnie integruje si\u0119 z automatycznymi liniami monta\u017cowymi, redukuje nak\u0142ad pracy r\u0119cznej i zwi\u0119ksza wydajno\u015b\u0107. Jego solidna konstrukcja i niezawodno\u015b\u0107 sprawiaj\u0105, \u017ce idealnie nadaje si\u0119 do produkcji p\u0142ytek PCB w przemy\u015ble motoryzacyjnym, elektronicznym i przemys\u0142owym, zapewniaj\u0105c sp\u00f3jne, wysokiej jako\u015bci rezultaty monta\u017cu.<\/p>\n<p>Minimalna ilo\u015b\u0107 zam\u00f3wienia: 1 szt.<\/p>\n<p>Czas realizacji zam\u00f3wienia: 15 dni<\/p>","protected":false},"featured_media":22928,"comment_status":"closed","ping_status":"closed","template":"","meta":[],"etheme_brands":[],"product_brand":[],"product_cat":[179],"product_tag":[],"class_list":{"0":"post-22926","1":"product","2":"type-product","3":"status-publish","4":"has-post-thumbnail","6":"product_cat-pcb-pin-lead-cutting-machine","8":"first","9":"instock","10":"shipping-taxable","11":"product-type-simple"},"_links":{"self":[{"href":"https:\/\/esmte.com\/pl\/wp-json\/wp\/v2\/product\/22926","targetHints":{"allow":["GET"]}}],"collection":[{"href":"https:\/\/esmte.com\/pl\/wp-json\/wp\/v2\/product"}],"about":[{"href":"https:\/\/esmte.com\/pl\/wp-json\/wp\/v2\/types\/product"}],"replies":[{"embeddable":true,"href":"https:\/\/esmte.com\/pl\/wp-json\/wp\/v2\/comments?post=22926"}],"version-history":[{"count":1,"href":"https:\/\/esmte.com\/pl\/wp-json\/wp\/v2\/product\/22926\/revisions"}],"predecessor-version":[{"id":22930,"href":"https:\/\/esmte.com\/pl\/wp-json\/wp\/v2\/product\/22926\/revisions\/22930"}],"wp:featuredmedia":[{"embeddable":true,"href":"https:\/\/esmte.com\/pl\/wp-json\/wp\/v2\/media\/22928"}],"wp:attachment":[{"href":"https:\/\/esmte.com\/pl\/wp-json\/wp\/v2\/media?parent=22926"}],"wp:term":[{"taxonomy":"brand","embeddable":true,"href":"https:\/\/esmte.com\/pl\/wp-json\/wp\/v2\/etheme_brands?post=22926"},{"taxonomy":"product_brand","embeddable":true,"href":"https:\/\/esmte.com\/pl\/wp-json\/wp\/v2\/product_brand?post=22926"},{"taxonomy":"product_cat","embeddable":true,"href":"https:\/\/esmte.com\/pl\/wp-json\/wp\/v2\/product_cat?post=22926"},{"taxonomy":"product_tag","embeddable":true,"href":"https:\/\/esmte.com\/pl\/wp-json\/wp\/v2\/product_tag?post=22926"}],"curies":[{"name":"wp","href":"https:\/\/api.w.org\/{rel}","templated":true}]}}