{"id":22872,"date":"2025-12-09T04:00:32","date_gmt":"2025-12-09T04:00:32","guid":{"rendered":"https:\/\/esmte.com\/?post_type=product&#038;p=22872"},"modified":"2025-12-09T04:02:29","modified_gmt":"2025-12-09T04:02:29","slug":"automatic-locking-fasten-screw-robot-yr-500","status":"publish","type":"product","link":"https:\/\/esmte.com\/pl\/products\/automatic-locking-fasten-screw-robot-yr-500\/","title":{"rendered":"Najlepszy automatyczny robot z blokad\u0105 \u015brubow\u0105 YR-500"},"content":{"rendered":"<h2>Wst\u0119p<\/h2>\n<p data-start=\"0\" data-end=\"410\">Ten <strong data-start=\"4\" data-end=\"59\">Najlepszy automatyczny robot z blokad\u0105 \u015brubow\u0105 YR-500<\/strong> to profesjonalne rozwi\u0105zanie automatyzacyjne zaprojektowane w celu zwi\u0119kszenia wydajno\u015bci, precyzji i niezawodno\u015bci w nowoczesnych procesach monta\u017cu elektroniki. Poniewa\u017c linie produkcyjne wymagaj\u0105 wi\u0119kszej pr\u0119dko\u015bci i sta\u0142ej jako\u015bci, YR-500 zapewnia niezawodne rozwi\u0105zanie do automatycznego dokr\u0119cania \u015brub w \u015brodowiskach SMT, PCBA oraz produkcji ma\u0142o- i \u015brednioseryjnej.<\/p>\n<p data-start=\"412\" data-end=\"824\">Wyposa\u017cony w inteligentne mechanizmy blokuj\u0105ce i zaawansowane sterowanie ruchem, najlepszy robot z automatyczn\u0105 blokad\u0105 \u015brub YR-500 zapewnia precyzyjne osadzanie \u015brub z r\u00f3wnomiernym momentem obrotowym, zapobiegaj\u0105c uszkodzeniom delikatnych element\u00f3w i zachowuj\u0105c integralno\u015b\u0107 zespo\u0142u. Operatorzy mog\u0105 programowa\u0107 parametry takie jak rozmiar \u015bruby, moment obrotowy, pr\u0119dko\u015b\u0107 obrotowa i kolejno\u015b\u0107 dokr\u0119cania, co pozwala systemowi elastycznie dostosowywa\u0107 si\u0119 do r\u00f3\u017cnych konstrukcji produkt\u00f3w i wymaga\u0144 produkcyjnych.<\/p>\n<p data-start=\"826\" data-end=\"1148\">Kompaktowa i ergonomiczna konstrukcja robota, dostosowana do stanowisk pracy, u\u0142atwia integracj\u0119 z liniami produkcyjnymi lub stanowiskami roboczymi, nie zajmuj\u0105c przy tym zbyt du\u017co miejsca. Solidna konstrukcja gwarantuje stabiln\u0105, bezwibracyjn\u0105 prac\u0119, d\u0142ug\u0105 \u017cywotno\u015b\u0107 i niskie koszty konserwacji, nawet w zastosowaniach o du\u017cej r\u00f3\u017cnorodno\u015bci lub du\u017cej obj\u0119to\u015bci.<\/p>\n<p data-start=\"1150\" data-end=\"1464\" data-is-last-node=\"\" data-is-only-node=\"\">Z <strong data-start=\"1159\" data-end=\"1214\">Najlepszy automatyczny robot z blokad\u0105 \u015brubow\u0105 YR-500<\/strong>, Producenci mog\u0105 osi\u0105gn\u0105\u0107 szybsze cykle monta\u017cu, wy\u017csz\u0105 wydajno\u015b\u0107 i sta\u0142\u0105 jako\u015b\u0107 produkt\u00f3w. Po\u0142\u0105czenie szybko\u015bci, precyzji i \u0142atwo\u015bci obs\u0142ugi czyni je niezb\u0119dnym narz\u0119dziem w nowoczesnej, zautomatyzowanej produkcji elektroniki.<\/p>\n<p data-start=\"1150\" data-end=\"1464\" data-is-last-node=\"\" data-is-only-node=\"\"><img loading=\"lazy\" decoding=\"async\" class=\"alignnone wp-image-22867 aligncenter\" src=\"https:\/\/esmte.com\/wp-content\/uploads\/2025\/12\/11-27.webp\" alt=\"Topbest Automatic Locking Fasten Screw Robot YR-500\" width=\"579\" height=\"579\" srcset=\"https:\/\/esmte.com\/wp-content\/uploads\/2025\/12\/11-27.webp 2560w, https:\/\/esmte.com\/wp-content\/uploads\/2025\/12\/11-27-100x100.webp 100w, https:\/\/esmte.com\/wp-content\/uploads\/2025\/12\/11-27-600x600.webp 600w, https:\/\/esmte.com\/wp-content\/uploads\/2025\/12\/11-27-300x300.webp 300w, https:\/\/esmte.com\/wp-content\/uploads\/2025\/12\/11-27-1024x1024.webp 1024w, https:\/\/esmte.com\/wp-content\/uploads\/2025\/12\/11-27-150x150.webp 150w, https:\/\/esmte.com\/wp-content\/uploads\/2025\/12\/11-27-768x768.webp 768w, https:\/\/esmte.com\/wp-content\/uploads\/2025\/12\/11-27-1536x1536.webp 1536w, https:\/\/esmte.com\/wp-content\/uploads\/2025\/12\/11-27-2048x2048.webp 2048w, https:\/\/esmte.com\/wp-content\/uploads\/2025\/12\/11-27-1x1.webp 1w, https:\/\/esmte.com\/wp-content\/uploads\/2025\/12\/11-27-10x10.webp 10w\" sizes=\"auto, (max-width: 579px) 100vw, 579px\" \/><\/p>\n<h3>G\u0142\u00f3wne cechy<\/h3>\n<ul>\n<li data-start=\"75\" data-end=\"263\">\n<p data-start=\"78\" data-end=\"263\"><strong data-start=\"78\" data-end=\"112\">Mocowanie \u015brubowe o wysokiej precyzji<\/strong> \u2013 Zaawansowane sterowanie ruchem i inteligentne systemy blokowania gwarantuj\u0105 precyzyjne umiejscowienie \u015brub i sta\u0142y moment obrotowy dla delikatnych podzespo\u0142\u00f3w elektronicznych.<\/p>\n<\/li>\n<li data-start=\"265\" data-end=\"444\">\n<p data-start=\"268\" data-end=\"444\"><strong data-start=\"268\" data-end=\"301\">Szybka i wydajna praca<\/strong> \u2013 Mo\u017cliwo\u015b\u0107 szybkiego wkr\u0119cania \u015brub, co znacznie zwi\u0119ksza wydajno\u015b\u0107 linii monta\u017cowej, jednocze\u015bnie redukuj\u0105c nak\u0142ad pracy r\u0119cznej i czas operacji.<\/p>\n<\/li>\n<li data-start=\"446\" data-end=\"632\">\n<p data-start=\"449\" data-end=\"632\"><strong data-start=\"449\" data-end=\"478\">Programowalny i elastyczny<\/strong> \u2013 Umo\u017cliwia regulacj\u0119 rozmiaru \u015bruby, momentu obrotowego, pr\u0119dko\u015bci obrotowej i kolejno\u015bci mocowania, \u0142atwo dostosowuj\u0105c si\u0119 do r\u00f3\u017cnorodnych projekt\u00f3w PCBA i wymaga\u0144 produkcyjnych.<\/p>\n<\/li>\n<li data-start=\"634\" data-end=\"833\">\n<p data-start=\"637\" data-end=\"833\"><strong data-start=\"637\" data-end=\"669\">Kompaktowa i ergonomiczna konstrukcja<\/strong> \u2013 Zajmuj\u0105c niewielk\u0105 przestrze\u0144 na biurku, urz\u0105dzenie u\u0142atwia integracj\u0119 z liniami produkcyjnymi, laboratoriami badawczo-rozwojowymi lub instalacjami monta\u017cowymi ma\u0142ych i \u015brednich partii, nie zajmuj\u0105c przy tym nadmiernej ilo\u015bci miejsca.<\/p>\n<\/li>\n<li data-start=\"835\" data-end=\"1025\">\n<p data-start=\"838\" data-end=\"1025\"><strong data-start=\"838\" data-end=\"873\">Stabilna i niezawodna wydajno\u015b\u0107<\/strong> \u2013 Wykonane z solidnych komponent\u00f3w, aby zagwarantowa\u0107 brak wibracji, stabiln\u0105 prac\u0119 i d\u0142ugoterminow\u0105 trwa\u0142o\u015b\u0107 w wymagaj\u0105cych \u015brodowiskach produkcyjnych.<\/p>\n<\/li>\n<li data-start=\"1027\" data-end=\"1225\" data-is-last-node=\"\">\n<p data-start=\"1030\" data-end=\"1225\" data-is-last-node=\"\"><strong data-start=\"1030\" data-end=\"1057\">Przyjazny dla u\u017cytkownika interfejs<\/strong> \u2013 Intuicyjne sterowanie i szybka konfiguracja redukuj\u0105 czas szkolenia operator\u00f3w, minimalizuj\u0105 liczb\u0119 b\u0142\u0119d\u00f3w i wspomagaj\u0105 efektywne zarz\u0105dzanie przep\u0142ywem pracy w przypadku zautomatyzowanych proces\u00f3w dokr\u0119cania \u015brub.<\/p>\n<\/li>\n<\/ul>\n<p>&nbsp;<\/p>\n<h2>Specyfikacje<\/h2>\n<table style=\"border-collapse: collapse; width: 1375px; height: 204px;\" border=\"0\" width=\"675\" cellspacing=\"0\" cellpadding=\"0\">\n<tbody>\n<tr style=\"height: 15.00pt;\">\n<td class=\"et2\" style=\"height: 15pt; width: 90.75pt; text-align: center;\" width=\"121\" height=\"20\">Model<\/td>\n<td class=\"et3\" style=\"width: 138pt; text-align: center;\" width=\"184\">YR-300<\/td>\n<td class=\"et3\" style=\"width: 139.5pt; text-align: center;\" width=\"186\">YR-500<\/td>\n<td class=\"et4\" style=\"width: 138pt; text-align: center;\" width=\"184\">YR-600<\/td>\n<\/tr>\n<tr style=\"height: 15.00pt;\">\n<td class=\"et5\" style=\"height: 15pt; width: 90.75pt; text-align: center;\" width=\"121\" height=\"20\">Maksymalny rozmiar zasi\u0119gu<\/td>\n<td class=\"et6\" style=\"width: 138pt; text-align: center;\" width=\"184\">300*300mm, Z:80mm<\/td>\n<td class=\"et6\" style=\"width: 139.5pt; text-align: center;\" width=\"186\">500*400mm, Z:80mm<\/td>\n<td class=\"et7\" style=\"width: 138pt; text-align: center;\" width=\"184\">600*400mm, Z:80mm<\/td>\n<\/tr>\n<tr style=\"height: 15.00pt;\">\n<td class=\"et5\" style=\"height: 15pt; width: 90.75pt; text-align: center;\" width=\"121\" height=\"20\">Numer g\u0142owy<\/td>\n<td class=\"et6\" style=\"width: 138pt; text-align: center;\" width=\"184\">1<\/td>\n<td class=\"et6\" style=\"width: 139.5pt; text-align: center;\" width=\"186\">1<\/td>\n<td class=\"et7\" style=\"width: 138pt; text-align: center;\" width=\"184\">2<\/td>\n<\/tr>\n<tr style=\"height: 15.00pt;\">\n<td class=\"et5\" style=\"height: 15pt; width: 90.75pt; text-align: center;\" width=\"121\" height=\"20\">Numer peronu<\/td>\n<td class=\"et6\" style=\"width: 138pt; text-align: center;\" width=\"184\">1<\/td>\n<td class=\"et6\" style=\"width: 139.5pt; text-align: center;\" width=\"186\">2<\/td>\n<td class=\"et7\" style=\"width: 138pt; text-align: center;\" width=\"184\">2<\/td>\n<\/tr>\n<tr style=\"height: 15.00pt;\">\n<td class=\"et5\" style=\"height: 15pt; width: 90.75pt; text-align: center;\" width=\"121\" height=\"20\">Wymiary (mm)<\/td>\n<td class=\"et6\" style=\"width: 138pt; text-align: center;\" width=\"184\">670*540*690<\/td>\n<td class=\"et6\" style=\"width: 139.5pt; text-align: center;\" width=\"186\">670*590*690<\/td>\n<td class=\"et7\" style=\"width: 138pt; text-align: center;\" width=\"184\">1010*730*690<\/td>\n<\/tr>\n<tr style=\"height: 15.00pt;\">\n<td class=\"et8\" style=\"height: 15pt; width: 90.75pt; text-align: center;\" width=\"121\" height=\"20\">Waga<\/td>\n<td class=\"et9\" style=\"width: 138pt; text-align: center;\" width=\"184\">Oko\u0142o 70 kg<\/td>\n<td class=\"et9\" style=\"width: 139.5pt; text-align: center;\" width=\"186\">Oko\u0142o: 90 kg<\/td>\n<td class=\"et10\" style=\"width: 138pt; text-align: center;\" width=\"184\">Oko\u0142o: 130 kg<\/td>\n<\/tr>\n<\/tbody>\n<\/table>\n<p>&nbsp;<\/p>\n<p><a href=\"https:\/\/www.youtube.com\/@allaismt\" rel=\"nofollow noopener\" target=\"_blank\"><u>https:\/\/www.youtube.com\/@allaismt<\/u><\/a><\/p>\n<p>Aby uzyska\u0107 wi\u0119cej informacji na temat najlepszego automatycznego robota z blokad\u0105 \u015brubow\u0105 YR-300, wy\u015blij wiadomo\u015b\u0107 e-mail na adres<\/p>\n<p><a href=\"mailto:sophia@allaismt.com\"><u>sophia@allaismt.com<\/u><\/a><\/p>\n<p>Szybko odpowiemy na Twoje zapytanie i udzielimy Ci szczeg\u00f3\u0142owych informacji o naszych produktach i us\u0142ugach.<\/p>\n<p>&nbsp;<\/p>\n<p>&nbsp;<\/p>","protected":false},"excerpt":{"rendered":"<p>Opis: <strong data-start=\"4\" data-end=\"59\">Najlepszy automatyczny robot z blokad\u0105 \u015brubow\u0105 YR-500<\/strong> to precyzyjne rozwi\u0105zanie automatyzacyjne zaprojektowane z my\u015bl\u0105 o wydajnym i niezawodnym dokr\u0119caniu \u015brub w nowoczesnej produkcji elektroniki. Wyposa\u017cone w zaawansowane sterowanie ruchem i inteligentne systemy blokowania, zapewnia sta\u0142y moment obrotowy, precyzyjne umiejscowienie \u015brub i szybk\u0105 prac\u0119. Kompaktowa i ergonomiczna konstrukcja sprawia, \u017ce YR-500 nadaje si\u0119 do linii monta\u017cowych SMT, monta\u017cu PCBA oraz produkcji ma\u0142o- i \u015brednioseryjnej, redukuj\u0105c nak\u0142ad pracy r\u0119cznej i poprawiaj\u0105c jako\u015b\u0107 monta\u017cu. Robot zapewnia stabiln\u0105 wydajno\u015b\u0107 i p\u0142ynn\u0105 integracj\u0119 z wszechstronnymi zautomatyzowanymi zastosowaniami produkcyjnymi.<\/p>\n<p>Minimalna ilo\u015b\u0107 zam\u00f3wienia: 1 szt.<\/p>\n<p>Czas realizacji zam\u00f3wienia: 15 dni<\/p>","protected":false},"featured_media":22873,"comment_status":"closed","ping_status":"closed","template":"","meta":[],"etheme_brands":[],"product_brand":[],"product_cat":[181],"product_tag":[],"class_list":{"0":"post-22872","1":"product","2":"type-product","3":"status-publish","4":"has-post-thumbnail","6":"product_cat-screwing-robot","8":"first","9":"instock","10":"shipping-taxable","11":"product-type-simple"},"_links":{"self":[{"href":"https:\/\/esmte.com\/pl\/wp-json\/wp\/v2\/product\/22872","targetHints":{"allow":["GET"]}}],"collection":[{"href":"https:\/\/esmte.com\/pl\/wp-json\/wp\/v2\/product"}],"about":[{"href":"https:\/\/esmte.com\/pl\/wp-json\/wp\/v2\/types\/product"}],"replies":[{"embeddable":true,"href":"https:\/\/esmte.com\/pl\/wp-json\/wp\/v2\/comments?post=22872"}],"version-history":[{"count":1,"href":"https:\/\/esmte.com\/pl\/wp-json\/wp\/v2\/product\/22872\/revisions"}],"predecessor-version":[{"id":22876,"href":"https:\/\/esmte.com\/pl\/wp-json\/wp\/v2\/product\/22872\/revisions\/22876"}],"wp:featuredmedia":[{"embeddable":true,"href":"https:\/\/esmte.com\/pl\/wp-json\/wp\/v2\/media\/22873"}],"wp:attachment":[{"href":"https:\/\/esmte.com\/pl\/wp-json\/wp\/v2\/media?parent=22872"}],"wp:term":[{"taxonomy":"brand","embeddable":true,"href":"https:\/\/esmte.com\/pl\/wp-json\/wp\/v2\/etheme_brands?post=22872"},{"taxonomy":"product_brand","embeddable":true,"href":"https:\/\/esmte.com\/pl\/wp-json\/wp\/v2\/product_brand?post=22872"},{"taxonomy":"product_cat","embeddable":true,"href":"https:\/\/esmte.com\/pl\/wp-json\/wp\/v2\/product_cat?post=22872"},{"taxonomy":"product_tag","embeddable":true,"href":"https:\/\/esmte.com\/pl\/wp-json\/wp\/v2\/product_tag?post=22872"}],"curies":[{"name":"wp","href":"https:\/\/api.w.org\/{rel}","templated":true}]}}