{"id":22866,"date":"2025-12-09T03:47:18","date_gmt":"2025-12-09T03:47:18","guid":{"rendered":"https:\/\/esmte.com\/?post_type=product&#038;p=22866"},"modified":"2025-12-09T03:49:32","modified_gmt":"2025-12-09T03:49:32","slug":"topbest-yr-300-automatic-screw-robot","status":"publish","type":"product","link":"https:\/\/esmte.com\/pl\/products\/topbest-yr-300-automatic-screw-robot\/","title":{"rendered":"Najlepszy automatyczny robot z blokad\u0105 \u015brubow\u0105 YR-300"},"content":{"rendered":"<h2>Wst\u0119p<\/h2>\n<p data-start=\"0\" data-end=\"423\">Ten <strong data-start=\"4\" data-end=\"59\">Najlepszy automatyczny robot z blokad\u0105 \u015brubow\u0105 YR-300<\/strong> to profesjonalne rozwi\u0105zanie automatyzacyjne, zaprojektowane w celu usprawnienia proces\u00f3w dokr\u0119cania \u015brub w nowoczesnych liniach produkcyjnych i monta\u017cowych elektroniki. W obliczu rosn\u0105cego zapotrzebowania na precyzj\u0119 i wydajno\u015b\u0107 w produkcji PCBA, SMT oraz w ma\u0142ych i \u015brednich seriach, YR-300 oferuje niezawodne i szybkie rozwi\u0105zanie, kt\u00f3re redukuje nak\u0142ad pracy r\u0119cznej, zapewniaj\u0105c jednocze\u015bnie sta\u0142\u0105 jako\u015b\u0107.<\/p>\n<p data-start=\"425\" data-end=\"850\">Wyposa\u017cony w zaawansowane systemy sterowania ruchem i inteligentne mechanizmy blokuj\u0105ce, <strong data-start=\"4\" data-end=\"59\">Najlepszy automatyczny robot z blokad\u0105 \u015brubow\u0105 YR-300<\/strong> Zapewnia precyzyjne umiejscowienie \u015brub z r\u00f3wnomiernym momentem obrotowym, zapobiegaj\u0105c uszkodzeniom delikatnych element\u00f3w i gwarantuj\u0105c d\u0142ugotrwa\u0142\u0105 niezawodno\u015b\u0107 monta\u017cu. Programowalny interfejs pozwala operatorom ustawi\u0107 parametry rozmiaru \u015bruby, momentu obrotowego i pr\u0119dko\u015bci obrotowej, umo\u017cliwiaj\u0105c elastyczne dopasowanie do r\u00f3\u017cnych konstrukcji produkt\u00f3w i wymaga\u0144 monta\u017cowych.<\/p>\n<p data-start=\"852\" data-end=\"1223\">Kompaktowa i ergonomiczna konstrukcja <strong data-start=\"4\" data-end=\"59\">Najlepszy automatyczny robot z blokad\u0105 \u015brubow\u0105 YR-300<\/strong> Umo\u017cliwia bezproblemow\u0105 integracj\u0119 z konfiguracjami stacjonarnymi lub liniami produkcyjnymi, oszcz\u0119dzaj\u0105c miejsce pracy i zapewniaj\u0105c optymaln\u0105 dost\u0119pno\u015b\u0107 dla operator\u00f3w. Solidna konstrukcja gwarantuje stabiln\u0105 prac\u0119 bez wibracji, niskie koszty konserwacji i d\u0142ug\u0105 \u017cywotno\u015b\u0107, dzi\u0119ki czemu nadaje si\u0119 do \u015brodowisk produkcyjnych o du\u017cej r\u00f3\u017cnorodno\u015bci lub du\u017cej obj\u0119to\u015bci.<\/p>\n<p data-start=\"1225\" data-end=\"1476\" data-is-last-node=\"\" data-is-only-node=\"\">Z <strong data-start=\"4\" data-end=\"59\">Najlepszy automatyczny robot z blokad\u0105 \u015brubow\u0105 YR-300<\/strong>, producenci mog\u0105 osi\u0105gn\u0105\u0107 szybsze cykle monta\u017cu, wi\u0119ksz\u0105 wydajno\u015b\u0107 produkcji i sp\u00f3jn\u0105 jako\u015b\u0107 produkt\u00f3w, zapewniaj\u0105c niezawodne rozwi\u0105zanie spe\u0142niaj\u0105ce wymagania nowoczesnej zautomatyzowanej produkcji.<\/p>\n<p data-start=\"1225\" data-end=\"1476\" data-is-last-node=\"\" data-is-only-node=\"\"><img loading=\"lazy\" decoding=\"async\" class=\"alignnone wp-image-22867 aligncenter\" src=\"https:\/\/esmte.com\/wp-content\/uploads\/2025\/12\/11-27.webp\" alt=\"Topbest Automatic Locking Fasten Screw Robot YR-300\" width=\"570\" height=\"570\" srcset=\"https:\/\/esmte.com\/wp-content\/uploads\/2025\/12\/11-27.webp 2560w, https:\/\/esmte.com\/wp-content\/uploads\/2025\/12\/11-27-100x100.webp 100w, https:\/\/esmte.com\/wp-content\/uploads\/2025\/12\/11-27-600x600.webp 600w, https:\/\/esmte.com\/wp-content\/uploads\/2025\/12\/11-27-300x300.webp 300w, https:\/\/esmte.com\/wp-content\/uploads\/2025\/12\/11-27-1024x1024.webp 1024w, https:\/\/esmte.com\/wp-content\/uploads\/2025\/12\/11-27-150x150.webp 150w, https:\/\/esmte.com\/wp-content\/uploads\/2025\/12\/11-27-768x768.webp 768w, https:\/\/esmte.com\/wp-content\/uploads\/2025\/12\/11-27-1536x1536.webp 1536w, https:\/\/esmte.com\/wp-content\/uploads\/2025\/12\/11-27-2048x2048.webp 2048w, https:\/\/esmte.com\/wp-content\/uploads\/2025\/12\/11-27-1x1.webp 1w, https:\/\/esmte.com\/wp-content\/uploads\/2025\/12\/11-27-10x10.webp 10w\" sizes=\"auto, (max-width: 570px) 100vw, 570px\" \/><\/p>\n<h3>G\u0142\u00f3wne cechy<\/h3>\n<ul>\n<li data-start=\"75\" data-end=\"281\">\n<p data-start=\"78\" data-end=\"281\"><strong data-start=\"78\" data-end=\"112\">Mocowanie \u015brubowe o wysokiej precyzji<\/strong> \u2013 Wykorzystuje zaawansowan\u0105 kontrol\u0119 ruchu i inteligentne mechanizmy blokuj\u0105ce, aby zagwarantowa\u0107 precyzyjne rozmieszczenie \u015brub i sta\u0142y moment obrotowy w przypadku delikatnych komponent\u00f3w i zespo\u0142\u00f3w.<\/p>\n<\/li>\n<li data-start=\"283\" data-end=\"453\">\n<p data-start=\"286\" data-end=\"453\"><strong data-start=\"286\" data-end=\"319\">Szybka i wydajna praca<\/strong> \u2013 Mo\u017cliwo\u015b\u0107 szybkiego wkr\u0119cania \u015brub, co znacznie zwi\u0119ksza wydajno\u015b\u0107 produkcji, jednocze\u015bnie redukuj\u0105c r\u0119czn\u0105 prac\u0119 i czas monta\u017cu.<\/p>\n<\/li>\n<li data-start=\"455\" data-end=\"671\">\n<p data-start=\"458\" data-end=\"671\"><strong data-start=\"458\" data-end=\"487\">Programowalny i elastyczny<\/strong> \u2013 Obs\u0142uguje regulowane parametry, takie jak rozmiar \u015bruby, moment obrotowy, pr\u0119dko\u015b\u0107 obrotowa i kolejno\u015b\u0107 mocowania, co pozwala na \u0142atwe dostosowanie do r\u00f3\u017cnych konstrukcji produkt\u00f3w i wymaga\u0144 monta\u017cowych.<\/p>\n<\/li>\n<li data-start=\"673\" data-end=\"881\">\n<p data-start=\"676\" data-end=\"881\"><strong data-start=\"676\" data-end=\"708\">Kompaktowa i ergonomiczna konstrukcja<\/strong> \u2013 Zajmuj\u0105c ma\u0142o miejsca na biurku, urz\u0105dzenie umo\u017cliwia bezproblemow\u0105 integracj\u0119 z liniami produkcyjnymi, laboratoriami badawczo-rozwojowymi lub instalacjami monta\u017cowymi ma\u0142ych i \u015brednich partii, bez zajmowania nadmiernej przestrzeni roboczej.<\/p>\n<\/li>\n<li data-start=\"883\" data-end=\"1094\">\n<p data-start=\"886\" data-end=\"1094\"><strong data-start=\"886\" data-end=\"921\">Stabilna i niezawodna wydajno\u015b\u0107<\/strong> \u2013 Zaprojektowane z wykorzystaniem wytrzyma\u0142ych komponent\u00f3w mechanicznych i pracuj\u0105ce bez wibracji, aby zapewni\u0107 sp\u00f3jne wyniki i d\u0142ugoterminow\u0105 trwa\u0142o\u015b\u0107 w wymagaj\u0105cych \u015brodowiskach produkcyjnych.<\/p>\n<\/li>\n<li data-start=\"1096\" data-end=\"1318\" data-is-last-node=\"\">\n<p data-start=\"1099\" data-end=\"1318\" data-is-last-node=\"\"><strong data-start=\"1099\" data-end=\"1130\">Przyjazny dla operatora interfejs<\/strong> \u2013 Intuicyjne sterowanie i szybkie procedury konfiguracji minimalizuj\u0105 konieczno\u015b\u0107 przeprowadzenia szkole\u0144, redukuj\u0105 liczb\u0119 b\u0142\u0119d\u00f3w operacyjnych i umo\u017cliwiaj\u0105 efektywne zarz\u0105dzanie przep\u0142ywem pracy w przypadku zautomatyzowanych proces\u00f3w dokr\u0119cania \u015brub.<\/p>\n<\/li>\n<\/ul>\n<p>&nbsp;<\/p>\n<h2>Specyfikacje<\/h2>\n<table style=\"border-collapse: collapse; width: 1378px; height: 178px;\" border=\"0\" width=\"675\" cellspacing=\"0\" cellpadding=\"0\">\n<tbody>\n<tr style=\"height: 15.00pt;\">\n<td class=\"et2\" style=\"height: 15pt; width: 90.75pt; text-align: center;\" width=\"121\" height=\"20\">Model<\/td>\n<td class=\"et3\" style=\"width: 138pt; text-align: center;\" width=\"184\">YR-300<\/td>\n<td class=\"et3\" style=\"width: 139.5pt; text-align: center;\" width=\"186\">YR-500<\/td>\n<td class=\"et4\" style=\"width: 138pt; text-align: center;\" width=\"184\">YR-600<\/td>\n<\/tr>\n<tr style=\"height: 15.00pt;\">\n<td class=\"et5\" style=\"height: 15pt; width: 90.75pt; text-align: center;\" width=\"121\" height=\"20\">Maksymalny rozmiar zasi\u0119gu<\/td>\n<td class=\"et6\" style=\"width: 138pt; text-align: center;\" width=\"184\">300*300mm, Z:80mm<\/td>\n<td class=\"et6\" style=\"width: 139.5pt; text-align: center;\" width=\"186\">500*400mm, Z:80mm<\/td>\n<td class=\"et7\" style=\"width: 138pt; text-align: center;\" width=\"184\">600*400mm, Z:80mm<\/td>\n<\/tr>\n<tr style=\"height: 15.00pt;\">\n<td class=\"et5\" style=\"height: 15pt; width: 90.75pt; text-align: center;\" width=\"121\" height=\"20\">Numer g\u0142owy<\/td>\n<td class=\"et6\" style=\"width: 138pt; text-align: center;\" width=\"184\">1<\/td>\n<td class=\"et6\" style=\"width: 139.5pt; text-align: center;\" width=\"186\">1<\/td>\n<td class=\"et7\" style=\"width: 138pt; text-align: center;\" width=\"184\">2<\/td>\n<\/tr>\n<tr style=\"height: 15.00pt;\">\n<td class=\"et5\" style=\"height: 15pt; width: 90.75pt; text-align: center;\" width=\"121\" height=\"20\">Numer peronu<\/td>\n<td class=\"et6\" style=\"width: 138pt; text-align: center;\" width=\"184\">1<\/td>\n<td class=\"et6\" style=\"width: 139.5pt; text-align: center;\" width=\"186\">2<\/td>\n<td class=\"et7\" style=\"width: 138pt; text-align: center;\" width=\"184\">2<\/td>\n<\/tr>\n<tr style=\"height: 15.00pt;\">\n<td class=\"et5\" style=\"height: 15pt; width: 90.75pt; text-align: center;\" width=\"121\" height=\"20\">Wymiary (mm)<\/td>\n<td class=\"et6\" style=\"width: 138pt; text-align: center;\" width=\"184\">670*540*690<\/td>\n<td class=\"et6\" style=\"width: 139.5pt; text-align: center;\" width=\"186\">670*590*690<\/td>\n<td class=\"et7\" style=\"width: 138pt; text-align: center;\" width=\"184\">1010*730*690<\/td>\n<\/tr>\n<tr style=\"height: 15.00pt;\">\n<td class=\"et8\" style=\"height: 15pt; width: 90.75pt; text-align: center;\" width=\"121\" height=\"20\">Waga<\/td>\n<td class=\"et9\" style=\"width: 138pt; text-align: center;\" width=\"184\">Oko\u0142o 70 kg<\/td>\n<td class=\"et9\" style=\"width: 139.5pt; text-align: center;\" width=\"186\">Oko\u0142o: 90 kg<\/td>\n<td class=\"et10\" style=\"width: 138pt; text-align: center;\" width=\"184\">Oko\u0142o: 130 kg<\/td>\n<\/tr>\n<\/tbody>\n<\/table>\n<p>&nbsp;<\/p>\n<p><a href=\"https:\/\/www.youtube.com\/@allaismt\" rel=\"nofollow noopener\" target=\"_blank\"><u>https:\/\/www.youtube.com\/@allaismt<\/u><\/a><\/p>\n<p>Aby uzyska\u0107 wi\u0119cej informacji na temat najlepszego automatycznego robota z blokad\u0105 \u015brubow\u0105 YR-300, wy\u015blij wiadomo\u015b\u0107 e-mail na adres<\/p>\n<p><a href=\"mailto:sophia@allaismt.com\"><u>sophia@allaismt.com<\/u><\/a><\/p>\n<p>Szybko odpowiemy na Twoje zapytanie i udzielimy Ci szczeg\u00f3\u0142owych informacji o naszych produktach i us\u0142ugach.<\/p>\n<p>&nbsp;<\/p>","protected":false},"excerpt":{"rendered":"<p>Opis: <strong data-start=\"4\" data-end=\"59\">Najlepszy automatyczny robot z blokad\u0105 \u015brubow\u0105 YR-300<\/strong> to precyzyjne rozwi\u0105zanie automatyzacyjne, zaprojektowane z my\u015bl\u0105 o wydajnym i niezawodnym dokr\u0119caniu \u015brub w produkcji elektronicznej i monta\u017cowej. Dzi\u0119ki zaawansowanemu sterowaniu ruchem i inteligentnym mechanizmom blokuj\u0105cym, zapewnia sta\u0142y moment obrotowy, precyzyjne umiejscowienie \u015brub i szybk\u0105 prac\u0119. Kompaktowy i \u0142atwy w obs\u0142udze, YR-300 idealnie nadaje si\u0119 do linii SMT, monta\u017cu PCBA oraz produkcji ma\u0142o- i \u015brednioseryjnej, zwi\u0119kszaj\u0105c wydajno\u015b\u0107 przy jednoczesnym ograniczeniu nak\u0142adu pracy r\u0119cznej i b\u0142\u0119d\u00f3w monta\u017cowych. Stabilna wydajno\u015b\u0107 i \u0142atwa integracja czyni\u0105 go wszechstronnym narz\u0119dziem w nowoczesnych, zautomatyzowanych \u015brodowiskach produkcyjnych.<\/p>\n<p>Minimalna ilo\u015b\u0107 zam\u00f3wienia: 1 szt.<\/p>\n<p>Czas realizacji zam\u00f3wienia: 15 dni<\/p>\n<p>&nbsp;<\/p>","protected":false},"featured_media":22868,"comment_status":"closed","ping_status":"closed","template":"","meta":[],"etheme_brands":[],"product_brand":[],"product_cat":[181],"product_tag":[],"class_list":{"0":"post-22866","1":"product","2":"type-product","3":"status-publish","4":"has-post-thumbnail","6":"product_cat-screwing-robot","8":"first","9":"instock","10":"shipping-taxable","11":"product-type-simple"},"_links":{"self":[{"href":"https:\/\/esmte.com\/pl\/wp-json\/wp\/v2\/product\/22866","targetHints":{"allow":["GET"]}}],"collection":[{"href":"https:\/\/esmte.com\/pl\/wp-json\/wp\/v2\/product"}],"about":[{"href":"https:\/\/esmte.com\/pl\/wp-json\/wp\/v2\/types\/product"}],"replies":[{"embeddable":true,"href":"https:\/\/esmte.com\/pl\/wp-json\/wp\/v2\/comments?post=22866"}],"version-history":[{"count":1,"href":"https:\/\/esmte.com\/pl\/wp-json\/wp\/v2\/product\/22866\/revisions"}],"predecessor-version":[{"id":22871,"href":"https:\/\/esmte.com\/pl\/wp-json\/wp\/v2\/product\/22866\/revisions\/22871"}],"wp:featuredmedia":[{"embeddable":true,"href":"https:\/\/esmte.com\/pl\/wp-json\/wp\/v2\/media\/22868"}],"wp:attachment":[{"href":"https:\/\/esmte.com\/pl\/wp-json\/wp\/v2\/media?parent=22866"}],"wp:term":[{"taxonomy":"brand","embeddable":true,"href":"https:\/\/esmte.com\/pl\/wp-json\/wp\/v2\/etheme_brands?post=22866"},{"taxonomy":"product_brand","embeddable":true,"href":"https:\/\/esmte.com\/pl\/wp-json\/wp\/v2\/product_brand?post=22866"},{"taxonomy":"product_cat","embeddable":true,"href":"https:\/\/esmte.com\/pl\/wp-json\/wp\/v2\/product_cat?post=22866"},{"taxonomy":"product_tag","embeddable":true,"href":"https:\/\/esmte.com\/pl\/wp-json\/wp\/v2\/product_tag?post=22866"}],"curies":[{"name":"wp","href":"https:\/\/api.w.org\/{rel}","templated":true}]}}