{"id":22825,"date":"2025-12-04T08:55:13","date_gmt":"2025-12-04T08:55:13","guid":{"rendered":"https:\/\/esmte.com\/?post_type=product&#038;p=22825"},"modified":"2025-12-04T08:55:14","modified_gmt":"2025-12-04T08:55:14","slug":"automatic-pcb-soldering-robot-machine-ycr-500","status":"publish","type":"product","link":"https:\/\/esmte.com\/pl\/products\/automatic-pcb-soldering-robot-machine-ycr-500\/","title":{"rendered":"Automatyczna maszyna do lutowania PCB YCR-500"},"content":{"rendered":"<h2>Wst\u0119p<\/h2>\n<p data-start=\"85\" data-end=\"640\">Ten<strong data-start=\"85\" data-end=\"138\"> Automatyczna maszyna do lutowania PCB YCR-500<\/strong> to najnowocze\u015bniejsze rozwi\u0105zanie przeznaczone do precyzyjnego lutowania w nowoczesnych \u015brodowiskach produkcyjnych SMT. Zaprojektowane z wykorzystaniem zaawansowanych system\u00f3w sterowania ruchem i zintegrowanego systemu wizyjnego, YCR-500 zapewnia precyzyjne formowanie po\u0142\u0105cze\u0144 lutowanych, sp\u00f3jne profile termiczne i niezawodn\u0105 prac\u0119 w szerokiej gamie typ\u00f3w p\u0142ytek PCBA. Bezkontaktowy, zautomatyzowany proces redukuje napr\u0119\u017cenia mechaniczne i minimalizuje ryzyko uszkodzenia komponent\u00f3w, zapewniaj\u0105c wysok\u0105 jako\u015b\u0107 rezultat\u00f3w w przypadku z\u0142o\u017conych zespo\u0142\u00f3w p\u0142ytek drukowanych.<\/p>\n<p data-start=\"642\" data-end=\"1129\">Wyposa\u017cony w inteligentne algorytmy adaptacyjnego lutowania, <strong data-start=\"85\" data-end=\"138\">Automatyczna maszyna do lutowania PCB YCR-500 <\/strong>mo\u017ce automatycznie dostosowywa\u0107 parametry, takie jak temperatura, przep\u0142yw lutu i pr\u0119dko\u015b\u0107 ruchu, w zale\u017cno\u015bci od typu komponentu, g\u0119sto\u015bci p\u0142ytki i z\u0142o\u017cono\u015bci uk\u0142adu. System wspomagany wizyjnie umo\u017cliwia automatyczne rozpoznawanie komponent\u00f3w i dynamiczn\u0105 kompensacj\u0119 \u015bcie\u017cki, zapewniaj\u0105c precyzyjne lutowanie nawet na p\u0142ytkach PCB o ma\u0142ym rozstawie i du\u017cej g\u0119sto\u015bci. Ten poziom automatyzacji zwi\u0119ksza powtarzalno\u015b\u0107 i znacz\u0105co redukuje liczb\u0119 wad produkcyjnych.<\/p>\n<p data-start=\"1131\" data-end=\"1480\">Robot lutowniczy YCR-500 obs\u0142uguje w pe\u0142ni zautomatyzowany proces pracy, obejmuj\u0105cy za\u0142adunek, lutowanie i roz\u0142adunek p\u0142ytek, redukuj\u0105c nak\u0142ad pracy r\u0119cznej i optymalizuj\u0105c wydajno\u015b\u0107 produkcji. Operatorzy mog\u0105 korzysta\u0107 z przyjaznego dla u\u017cytkownika interfejsu do zarz\u0105dzania recepturami, monitorowania w czasie rzeczywistym i diagnostyki b\u0142\u0119d\u00f3w, zapewniaj\u0105c identyfikowalno\u015b\u0107 i precyzyjn\u0105 kontrol\u0119 nad procesem lutowania.<\/p>\n<p data-start=\"1482\" data-end=\"1824\">Zaprojektowany do r\u00f3\u017cnych materia\u0142\u00f3w PCB, w tym p\u0142ytek sztywnych, elastycznych i hybrydowych, <strong data-start=\"85\" data-end=\"138\">Automatyczna maszyna do lutowania PCB YCR-500<\/strong> Nadaje si\u0119 do zastosowa\u0144 w takich bran\u017cach jak elektronika u\u017cytkowa, modu\u0142y samochodowe, telekomunikacja i urz\u0105dzenia IoT. Precyzyjne sterowanie ruchem i zarz\u0105dzanie temperatur\u0105 gwarantuj\u0105 sta\u0142\u0105 jako\u015b\u0107 lutowania, minimalizuj\u0105 konieczno\u015b\u0107 poprawek i poprawiaj\u0105 wydajno\u015b\u0107.<\/p>\n<p data-start=\"1826\" data-end=\"2157\" data-is-last-node=\"\" data-is-only-node=\"\">Dzi\u0119ki po\u0142\u0105czeniu automatyzacji, dok\u0142adno\u015bci i niezawodno\u015bci <strong data-start=\"1891\" data-end=\"1940\">Automatyczna maszyna do lutowania PCB YCR-500<\/strong> zapewnia kompleksowe rozwi\u0105zanie dla producent\u00f3w, kt\u00f3rzy chc\u0105 zwi\u0119kszy\u0107 wydajno\u015b\u0107 linii SMT, uzyska\u0107 wysokiej jako\u015bci rezultaty lutowania i utrzyma\u0107 konkurencyjne standardy produkcji w zakresie zaawansowanej produkcji elektronicznej.<\/p>\n<p data-start=\"1826\" data-end=\"2157\" data-is-last-node=\"\" data-is-only-node=\"\">\n<p data-start=\"1826\" data-end=\"2157\" data-is-last-node=\"\" data-is-only-node=\"\"><img loading=\"lazy\" decoding=\"async\" class=\"alignnone  wp-image-22827 aligncenter\" src=\"https:\/\/esmte.com\/wp-content\/uploads\/2025\/12\/YSR-500.webp\" alt=\"Automatic PCB Soldering Robot Machine YCR-500\" width=\"559\" height=\"559\" srcset=\"https:\/\/esmte.com\/wp-content\/uploads\/2025\/12\/YSR-500.webp 2560w, https:\/\/esmte.com\/wp-content\/uploads\/2025\/12\/YSR-500-100x100.webp 100w, https:\/\/esmte.com\/wp-content\/uploads\/2025\/12\/YSR-500-600x600.webp 600w, https:\/\/esmte.com\/wp-content\/uploads\/2025\/12\/YSR-500-300x300.webp 300w, https:\/\/esmte.com\/wp-content\/uploads\/2025\/12\/YSR-500-1024x1024.webp 1024w, https:\/\/esmte.com\/wp-content\/uploads\/2025\/12\/YSR-500-150x150.webp 150w, https:\/\/esmte.com\/wp-content\/uploads\/2025\/12\/YSR-500-768x768.webp 768w, https:\/\/esmte.com\/wp-content\/uploads\/2025\/12\/YSR-500-1536x1536.webp 1536w, https:\/\/esmte.com\/wp-content\/uploads\/2025\/12\/YSR-500-2048x2048.webp 2048w, https:\/\/esmte.com\/wp-content\/uploads\/2025\/12\/YSR-500-1x1.webp 1w, https:\/\/esmte.com\/wp-content\/uploads\/2025\/12\/YSR-500-10x10.webp 10w\" sizes=\"auto, (max-width: 559px) 100vw, 559px\" \/><\/p>\n<p data-start=\"1826\" data-end=\"2157\" data-is-last-node=\"\" data-is-only-node=\"\">\n<p data-start=\"1826\" data-end=\"2157\" data-is-last-node=\"\" data-is-only-node=\"\">\n<h3>G\u0142\u00f3wne cechy<\/h3>\n<ul>\n<li data-start=\"100\" data-end=\"438\"><strong data-start=\"100\" data-end=\"139\">Wysoka precyzja kontroli lutowania<\/strong><br data-start=\"139\" data-end=\"142\" \/>Robot lutowniczy YCR-500 wykorzystuje zaawansowane systemy sterowania ruchem i regulacji temperatury, aby zapewni\u0107 precyzyjne i r\u00f3wnomierne po\u0142\u0105czenia lutownicze. Jego dok\u0142adno\u015b\u0107 gwarantuje sta\u0142\u0105 jako\u015b\u0107 lutowania element\u00f3w o ma\u0142ym rozstawie, p\u0142ytek PCB o du\u017cej g\u0119sto\u015bci i z\u0142o\u017conych zespo\u0142\u00f3w p\u0142ytek, minimalizuj\u0105c defekty i zwi\u0119kszaj\u0105c niezawodno\u015b\u0107.<\/li>\n<li data-start=\"440\" data-end=\"763\"><strong data-start=\"440\" data-end=\"480\">Wyr\u00f3wnywanie komponent\u00f3w kierowane wizj\u0105<\/strong><br data-start=\"480\" data-end=\"483\" \/>Wyposa\u017cona w zintegrowany system wizyjny, maszyna automatycznie wykrywa po\u0142o\u017cenie komponent\u00f3w, kompensuje odchylenia p\u0142ytki i dynamicznie dostosowuje \u015bcie\u017cki lutowania. Gwarantuje to powtarzaln\u0105 dok\u0142adno\u015b\u0107 i redukuje b\u0142\u0119dy wyr\u00f3wnania w p\u0142ytkach PCBA wielowarstwowych i mieszanych.<\/li>\n<li data-start=\"765\" data-end=\"1076\"><strong data-start=\"765\" data-end=\"796\">W pe\u0142ni zautomatyzowany przep\u0142yw pracy<\/strong><br data-start=\"796\" data-end=\"799\" \/>Robot lutowniczy YCR-500, obs\u0142uguj\u0105cy zautomatyzowane \u0142adowanie, lutowanie i roz\u0142adowywanie, ogranicza konieczno\u015b\u0107 r\u0119cznej ingerencji, optymalizuje wydajno\u015b\u0107 produkcji i umo\u017cliwia ci\u0105g\u0142\u0105 prac\u0119 wielozmianow\u0105. Ten p\u0142ynny przep\u0142yw pracy zwi\u0119ksza wydajno\u015b\u0107 i minimalizuje b\u0142\u0119dy ludzkie w produkcji wielkoseryjnej.<\/li>\n<li data-start=\"1078\" data-end=\"1370\"><strong data-start=\"1078\" data-end=\"1114\">Adaptacyjne algorytmy lutowania<\/strong><br data-start=\"1114\" data-end=\"1117\" \/>Inteligentne oprogramowanie dostosowuje parametry lutowania, takie jak temperatura, przep\u0142yw lutu i pr\u0119dko\u015b\u0107 ruchu, w zale\u017cno\u015bci od rodzaju p\u0142ytki i g\u0119sto\u015bci komponent\u00f3w. Ta elastyczno\u015b\u0107 zapewnia optymaln\u0105 jako\u015b\u0107 po\u0142\u0105cze\u0144, chroni wra\u017cliwe komponenty i zmniejsza cz\u0119stotliwo\u015b\u0107 poprawek.<\/li>\n<li data-start=\"1372\" data-end=\"1653\"><strong data-start=\"1372\" data-end=\"1416\">Szeroka kompatybilno\u015b\u0107 PCB i komponent\u00f3w<\/strong><br data-start=\"1416\" data-end=\"1419\" \/>Robot lutowniczy YCR-500 obs\u0142uguje sztywne, elastyczne i hybrydowe p\u0142ytki PCB, obs\u0142uguj\u0105c szeroki zakres rozmiar\u00f3w i typ\u00f3w komponent\u00f3w. Jego wszechstronno\u015b\u0107 sprawia, \u017ce nadaje si\u0119 do zastosowa\u0144 w elektronice u\u017cytkowej, modu\u0142ach motoryzacyjnych, telekomunikacji i Internecie rzeczy (IoT).<\/li>\n<li data-start=\"1655\" data-end=\"1973\"><strong data-start=\"1655\" data-end=\"1705\">Monitorowanie w czasie rzeczywistym i zarz\u0105dzanie procesami<\/strong><br data-start=\"1705\" data-end=\"1708\" \/>Zaawansowane oprogramowanie do sterowania procesami umo\u017cliwia monitorowanie w czasie rzeczywistym, wykrywanie b\u0142\u0119d\u00f3w i zarz\u0105dzanie recepturami. Operatorzy mog\u0105 \u015bledzi\u0107 wydajno\u015b\u0107 produkcji, optymalizowa\u0107 parametry lutowania i utrzymywa\u0107 identyfikowalno\u015b\u0107, zapewniaj\u0105c sta\u0142\u0105 jako\u015b\u0107 i efektywne zarz\u0105dzanie lini\u0105 produkcyjn\u0105.<\/li>\n<\/ul>\n<p>&nbsp;<\/p>\n<h2>Specyfikacje<\/h2>\n<table style=\"border-collapse: collapse; width: 1374px; height: 488px;\" border=\"0\" width=\"1101\" cellspacing=\"0\" cellpadding=\"0\">\n<tbody>\n<tr style=\"height: 15.00pt;\">\n<td class=\"et2\" style=\"height: 15pt; width: 116.25pt; text-align: center;\" width=\"155\" height=\"20\">Model<\/td>\n<td class=\"et3\" style=\"width: 176.25pt; text-align: center;\" width=\"235\">YSR-300<\/td>\n<td class=\"et3\" style=\"width: 179.25pt; text-align: center;\" width=\"239\">YSR-500<\/td>\n<td class=\"et3\" style=\"width: 177.75pt; text-align: center;\" width=\"237\">YSR-250A<\/td>\n<td class=\"et4\" style=\"width: 176.25pt; text-align: center;\" width=\"235\">YSR-250B<\/td>\n<\/tr>\n<tr style=\"height: 15.00pt;\">\n<td class=\"et5\" style=\"height: 15pt; width: 116.25pt; text-align: center;\" width=\"155\" height=\"20\">Numer peronu<\/td>\n<td class=\"et6\" style=\"width: 176.25pt; text-align: center;\" width=\"235\">1<\/td>\n<td class=\"et6\" style=\"width: 179.25pt; text-align: center;\" width=\"239\">1<\/td>\n<td class=\"et6\" style=\"width: 177.75pt; text-align: center;\" width=\"237\">2<\/td>\n<td class=\"et7\" style=\"width: 176.25pt; text-align: center;\" width=\"235\">2<\/td>\n<\/tr>\n<tr style=\"height: 15.00pt;\">\n<td class=\"et5\" style=\"height: 15pt; width: 116.25pt; text-align: center;\" width=\"155\" height=\"20\">Numer g\u0142owy<\/td>\n<td class=\"et6\" style=\"width: 176.25pt; text-align: center;\" width=\"235\">1<\/td>\n<td class=\"et6\" style=\"width: 179.25pt; text-align: center;\" width=\"239\">2<\/td>\n<td class=\"et6\" style=\"width: 177.75pt; text-align: center;\" width=\"237\">1<\/td>\n<td class=\"et7\" style=\"width: 176.25pt; text-align: center;\" width=\"235\">2<\/td>\n<\/tr>\n<tr style=\"height: 15.00pt;\">\n<td class=\"et5\" style=\"height: 15pt; width: 116.25pt; text-align: center;\" width=\"155\" height=\"20\">Moc grzewcza<\/td>\n<td class=\"et6\" style=\"width: 176.25pt; text-align: center;\" width=\"235\">150 W<\/td>\n<td class=\"et6\" style=\"width: 179.25pt; text-align: center;\" width=\"239\">300 W<\/td>\n<td class=\"et6\" style=\"width: 177.75pt; text-align: center;\" width=\"237\">150 W<\/td>\n<td class=\"et7\" style=\"width: 176.25pt; text-align: center;\" width=\"235\">300 W<\/td>\n<\/tr>\n<tr style=\"height: 15.00pt;\">\n<td class=\"et5\" style=\"height: 30pt; width: 116.25pt; text-align: center;\" rowspan=\"2\" width=\"155\" height=\"40\">Maksymalny rozmiar PCB<\/td>\n<td class=\"et6\" style=\"width: 176.25pt; text-align: center;\" rowspan=\"2\" width=\"235\">300*300 mm<\/td>\n<td class=\"et6\" style=\"width: 179.25pt; text-align: center;\" rowspan=\"2\" width=\"239\">500*300 mm<\/td>\n<td class=\"et8\" style=\"width: 177.75pt; text-align: center;\" width=\"237\">250*250 mm<\/td>\n<td class=\"et9\" style=\"width: 176.25pt; text-align: center;\" width=\"235\">250*250 mm<\/td>\n<\/tr>\n<tr style=\"height: 15.00pt;\">\n<td class=\"et10\" style=\"width: 177.75pt;\" width=\"237\">dla ka\u017cdej platformy<\/td>\n<td class=\"et11\" style=\"width: 176.25pt;\" width=\"235\">dla ka\u017cdej platformy<\/td>\n<\/tr>\n<tr style=\"height: 29.25pt;\">\n<td class=\"et5\" style=\"height: 29.25pt; width: 116.25pt; text-align: center;\" width=\"155\" height=\"39\">Maksymalna pr\u0119dko\u015b\u0107 ruchu<\/td>\n<td class=\"et6\" style=\"width: 176.25pt; text-align: center;\" width=\"235\">Drut stalowy i ci\u015bnienie powietrza<br \/>\n(Opcjonalnie: Czyszczenie za pomoc\u0105 obrotowej szczotki)<\/td>\n<td class=\"et6\" style=\"width: 179.25pt; text-align: center;\" width=\"239\">Drut stalowy i ci\u015bnienie powietrza<br \/>\n(Opcjonalnie: Czyszczenie za pomoc\u0105 obrotowej szczotki)<\/td>\n<td class=\"et6\" style=\"width: 177.75pt; text-align: center;\" width=\"237\">Drut stalowy i ci\u015bnienie powietrza<br \/>\n(Opcjonalnie: Czyszczenie za pomoc\u0105 obrotowej szczotki)<\/td>\n<td class=\"et6\" style=\"width: 176.25pt; text-align: center;\" width=\"235\">Drut stalowy i ci\u015bnienie powietrza<br \/>\n(Opcjonalnie: Czyszczenie za pomoc\u0105 obrotowej szczotki)<\/td>\n<\/tr>\n<tr style=\"height: 15.00pt;\">\n<td class=\"et5\" style=\"height: 15pt; width: 116.25pt; text-align: center;\" width=\"155\" height=\"20\">Drut lutowniczy<\/td>\n<td class=\"et6\" style=\"width: 176.25pt; text-align: center;\" width=\"235\">Drut lutowniczy \u03a60,6~1,2 mm<\/td>\n<td class=\"et6\" style=\"width: 179.25pt; text-align: center;\" width=\"239\">Drut lutowniczy \u03a60,6~1,2 mm<\/td>\n<td class=\"et6\" style=\"width: 177.75pt; text-align: center;\" width=\"237\">Drut lutowniczy \u03a60,6~1,2 mm<\/td>\n<td class=\"et6\" style=\"width: 176.25pt; text-align: center;\" width=\"235\">Drut lutowniczy \u03a60,6~1,2 mm<\/td>\n<\/tr>\n<tr style=\"height: 15.00pt;\">\n<td class=\"et5\" style=\"height: 15pt; width: 116.25pt; text-align: center;\" width=\"155\" height=\"20\">Pr\u0119dko\u015b\u0107 podawania lutu<\/td>\n<td class=\"et6\" style=\"width: 176.25pt; text-align: center;\" width=\"235\">1~50 mm\/s<\/td>\n<td class=\"et6\" style=\"width: 179.25pt; text-align: center;\" width=\"239\">1~50 mm\/s<\/td>\n<td class=\"et6\" style=\"width: 177.75pt; text-align: center;\" width=\"237\">1~50 mm\/s<\/td>\n<td class=\"et6\" style=\"width: 176.25pt; text-align: center;\" width=\"235\">1~50 mm\/s<\/td>\n<\/tr>\n<tr style=\"height: 15.00pt;\">\n<td class=\"et5\" style=\"height: 15pt; width: 116.25pt; text-align: center;\" width=\"155\" height=\"20\">Powtarzalna dok\u0142adno\u015b\u0107<\/td>\n<td class=\"et6\" style=\"width: 176.25pt; text-align: center;\" width=\"235\">\u00b10,02 mm<\/td>\n<td class=\"et6\" style=\"width: 179.25pt; text-align: center;\" width=\"239\">\u00b10,02 mm<\/td>\n<td class=\"et6\" style=\"width: 177.75pt; text-align: center;\" width=\"237\">\u00b10,02 mm<\/td>\n<td class=\"et6\" style=\"width: 176.25pt; text-align: center;\" width=\"235\">\u00b10,02 mm<\/td>\n<\/tr>\n<tr style=\"height: 15.00pt;\">\n<td class=\"et5\" style=\"height: 15pt; width: 116.25pt; text-align: center;\" width=\"155\" height=\"20\">Zakres temperatur<\/td>\n<td class=\"et6\" style=\"width: 176.25pt; text-align: center;\" width=\"235\">Temperatura pokojowa -500\u00b0C<\/td>\n<td class=\"et6\" style=\"width: 179.25pt; text-align: center;\" width=\"239\">Temperatura pokojowa -500\u00b0C<\/td>\n<td class=\"et6\" style=\"width: 177.75pt; text-align: center;\" width=\"237\">Temperatura pokojowa -500\u00b0C<\/td>\n<td class=\"et6\" style=\"width: 176.25pt; text-align: center;\" width=\"235\">Temperatura pokojowa -500\u00b0C<\/td>\n<\/tr>\n<tr style=\"height: 15.00pt;\">\n<td class=\"et5\" style=\"height: 15pt; width: 116.25pt; text-align: center;\" width=\"155\" height=\"20\">Dok\u0142adno\u015b\u0107 temperatury<\/td>\n<td class=\"et6\" style=\"width: 176.25pt; text-align: center;\" width=\"235\">\u00b11\u00b0C<\/td>\n<td class=\"et6\" style=\"width: 179.25pt; text-align: center;\" width=\"239\">\u00b11\u00b0C<\/td>\n<td class=\"et6\" style=\"width: 177.75pt; text-align: center;\" width=\"237\">\u00b11\u00b0C<\/td>\n<td class=\"et6\" style=\"width: 176.25pt; text-align: center;\" width=\"235\">\u00b11\u00b0C<\/td>\n<\/tr>\n<tr style=\"height: 15.00pt;\">\n<td class=\"et5\" style=\"height: 15pt; width: 116.25pt; text-align: center;\" width=\"155\" height=\"20\">Tryb jazdy<\/td>\n<td class=\"et6\" style=\"width: 176.25pt; text-align: center;\" width=\"235\">Silnik krokowy<\/td>\n<td class=\"et6\" style=\"width: 179.25pt; text-align: center;\" width=\"239\">Silnik krokowy<\/td>\n<td class=\"et6\" style=\"width: 177.75pt; text-align: center;\" width=\"237\">Silnik krokowy<\/td>\n<td class=\"et6\" style=\"width: 176.25pt; text-align: center;\" width=\"235\">Silnik krokowy<\/td>\n<\/tr>\n<tr style=\"height: 15.00pt;\">\n<td class=\"et5\" style=\"height: 15pt; width: 116.25pt; text-align: center;\" width=\"155\" height=\"20\">Tryb sterowania<\/td>\n<td class=\"et6\" style=\"width: 176.25pt; text-align: center;\" width=\"235\">Wisiorek do nauki<\/td>\n<td class=\"et6\" style=\"width: 179.25pt; text-align: center;\" width=\"239\">Wisiorek do nauki<\/td>\n<td class=\"et6\" style=\"width: 177.75pt; text-align: center;\" width=\"237\">Wisiorek do nauki<\/td>\n<td class=\"et6\" style=\"width: 176.25pt; text-align: center;\" width=\"235\">Wisiorek do nauki<\/td>\n<\/tr>\n<tr style=\"height: 15.00pt;\">\n<td class=\"et5\" style=\"height: 15pt; width: 116.25pt; text-align: center;\" width=\"155\" height=\"20\">Wymiar<\/td>\n<td class=\"et6\" style=\"width: 176.25pt; text-align: center;\" width=\"235\">750*650*880 mm<\/td>\n<td class=\"et6\" style=\"width: 179.25pt; text-align: center;\" width=\"239\">780*660*770 mm<\/td>\n<td class=\"et6\" style=\"width: 177.75pt; text-align: center;\" width=\"237\">930*650*880 mm<\/td>\n<td class=\"et7\" style=\"width: 176.25pt; text-align: center;\" width=\"235\">1280*750*950 mm<\/td>\n<\/tr>\n<tr style=\"height: 15.00pt;\">\n<td class=\"et12\" style=\"height: 15pt; width: 116.25pt; text-align: center;\" width=\"155\" height=\"20\">Waga<\/td>\n<td class=\"et13\" style=\"width: 176.25pt; text-align: center;\" width=\"235\">Oko\u0142o 65 kg<\/td>\n<td class=\"et13\" style=\"width: 179.25pt; text-align: center;\" width=\"239\">Oko\u0142o 70 kg<\/td>\n<td class=\"et13\" style=\"width: 177.75pt; text-align: center;\" width=\"237\">Oko\u0142o 80 kg<\/td>\n<td class=\"et14\" style=\"width: 176.25pt; text-align: center;\" width=\"235\">Oko\u0142o 85 kg<\/td>\n<\/tr>\n<\/tbody>\n<\/table>\n<p>&nbsp;<\/p>\n<p><a href=\"https:\/\/www.youtube.com\/@allaismt\" rel=\"nofollow noopener\" target=\"_blank\"><u>https:\/\/www.youtube.com\/@allaismt<\/u><\/a><\/p>\n<p>Aby uzyska\u0107 wi\u0119cej informacji na temat automatycznego robota do lutowania PCB YCR-500, prosimy o przes\u0142anie wiadomo\u015bci e-mail na adres<\/p>\n<p><a href=\"mailto:sophia@allaismt.com\"><u>sophia@allaismt.com<\/u><\/a><\/p>\n<p>Szybko odpowiemy na Twoje zapytanie i udzielimy Ci szczeg\u00f3\u0142owych informacji o naszych produktach i us\u0142ugach.<\/p>\n<p>&nbsp;<\/p>","protected":false},"excerpt":{"rendered":"<p>Opis:<strong data-start=\"78\" data-end=\"131\"> Automatyczna maszyna do lutowania PCB YCR-500<\/strong> Zosta\u0142 zaprojektowany z my\u015bl\u0105 o precyzyjnym, w pe\u0142ni zautomatyzowanym lutowaniu na nowoczesnych liniach produkcyjnych SMT. Dzi\u0119ki zaawansowanemu sterowaniu ruchem i zintegrowanemu systemowi wizyjnemu, zapewnia precyzyjne tworzenie po\u0142\u0105cze\u0144 lutowanych w komponentach o ma\u0142ym rozstawie element\u00f3w i z\u0142o\u017conych uk\u0142adach PCBA. Maszyna minimalizuje r\u0119czn\u0105 interwencj\u0119, redukuje b\u0142\u0119dy ludzkie i zwi\u0119ksza przepustowo\u015b\u0107, dzi\u0119ki czemu idealnie nadaje si\u0119 do monta\u017cu elektroniki o du\u017cej g\u0119sto\u015bci, modu\u0142\u00f3w samochodowych i zespo\u0142\u00f3w urz\u0105dze\u0144 konsumenckich. Jej inteligentne algorytmy lutowania gwarantuj\u0105 sta\u0142\u0105 jako\u015b\u0107 i lepsz\u0105 wydajno\u015b\u0107 produkcji.<\/p>\n<p>Minimalna ilo\u015b\u0107 zam\u00f3wienia: 1 szt.<\/p>\n<p>Czas realizacji zam\u00f3wienia: 15 dni<\/p>","protected":false},"featured_media":22826,"comment_status":"closed","ping_status":"closed","template":"","meta":[],"etheme_brands":[],"product_brand":[],"product_cat":[180],"product_tag":[],"class_list":{"0":"post-22825","1":"product","2":"type-product","3":"status-publish","4":"has-post-thumbnail","6":"product_cat-soldering-robot","8":"first","9":"instock","10":"shipping-taxable","11":"product-type-simple"},"_links":{"self":[{"href":"https:\/\/esmte.com\/pl\/wp-json\/wp\/v2\/product\/22825","targetHints":{"allow":["GET"]}}],"collection":[{"href":"https:\/\/esmte.com\/pl\/wp-json\/wp\/v2\/product"}],"about":[{"href":"https:\/\/esmte.com\/pl\/wp-json\/wp\/v2\/types\/product"}],"replies":[{"embeddable":true,"href":"https:\/\/esmte.com\/pl\/wp-json\/wp\/v2\/comments?post=22825"}],"version-history":[{"count":1,"href":"https:\/\/esmte.com\/pl\/wp-json\/wp\/v2\/product\/22825\/revisions"}],"predecessor-version":[{"id":22828,"href":"https:\/\/esmte.com\/pl\/wp-json\/wp\/v2\/product\/22825\/revisions\/22828"}],"wp:featuredmedia":[{"embeddable":true,"href":"https:\/\/esmte.com\/pl\/wp-json\/wp\/v2\/media\/22826"}],"wp:attachment":[{"href":"https:\/\/esmte.com\/pl\/wp-json\/wp\/v2\/media?parent=22825"}],"wp:term":[{"taxonomy":"brand","embeddable":true,"href":"https:\/\/esmte.com\/pl\/wp-json\/wp\/v2\/etheme_brands?post=22825"},{"taxonomy":"product_brand","embeddable":true,"href":"https:\/\/esmte.com\/pl\/wp-json\/wp\/v2\/product_brand?post=22825"},{"taxonomy":"product_cat","embeddable":true,"href":"https:\/\/esmte.com\/pl\/wp-json\/wp\/v2\/product_cat?post=22825"},{"taxonomy":"product_tag","embeddable":true,"href":"https:\/\/esmte.com\/pl\/wp-json\/wp\/v2\/product_tag?post=22825"}],"curies":[{"name":"wp","href":"https:\/\/api.w.org\/{rel}","templated":true}]}}