{"id":22809,"date":"2025-12-04T07:57:05","date_gmt":"2025-12-04T07:57:05","guid":{"rendered":"https:\/\/esmte.com\/?post_type=product&#038;p=22809"},"modified":"2025-12-04T07:57:06","modified_gmt":"2025-12-04T07:57:06","slug":"pcba-online-laser-cutter-separator-machine","status":"publish","type":"product","link":"https:\/\/esmte.com\/pl\/products\/pcba-online-laser-cutter-separator-machine\/","title":{"rendered":"Maszyna do separacji laserowej PCBA Online"},"content":{"rendered":"<h2>Wst\u0119p<\/h2>\n<p data-start=\"229\" data-end=\"674\">Ten <strong>Maszyna do separacji laserowej PCBA Online<\/strong> to zaawansowane rozwi\u0105zanie do depanelowania, opracowane z my\u015bl\u0105 o spe\u0142nieniu wymaga\u0144 precyzyjnego ci\u0119cia w nowoczesnym przemy\u015ble elektronicznym. Dzi\u0119ki wykorzystaniu technologii laserowej o du\u017cej pr\u0119dko\u015bci, system zapewnia czyste i precyzyjne rezultaty ci\u0119cia bez napr\u0119\u017ce\u0144 mechanicznych na wra\u017cliwych elementach. Ta bezkontaktowa metoda gwarantuje wyj\u0105tkow\u0105 jako\u015b\u0107 kraw\u0119dzi, co czyni j\u0105 idealn\u0105 do g\u0119sto upakowanych lub nieregularnych p\u0142ytek PCBA.<\/p>\n<p data-start=\"676\" data-end=\"1147\">Zaprojektowana z my\u015bl\u0105 o bezproblemowej integracji z liniami produkcyjnymi SMT, maszyna do ci\u0119cia laserowego i separacji obs\u0142uguje przetwarzanie online w czasie rzeczywistym, umo\u017cliwiaj\u0105c operatorom utrzymanie ci\u0105g\u0142ego przep\u0142ywu bez konieczno\u015bci r\u0119cznej obs\u0142ugi. Inteligentny system sterowania optymalizuje \u015bcie\u017cki ci\u0119cia, zwi\u0119ksza przepustowo\u015b\u0107 i utrzymuje powtarzaln\u0105 dok\u0142adno\u015b\u0107 nawet podczas operacji o du\u017cej obj\u0119to\u015bci. Automatyczna kalibracja, regulacja wizyjna i stabilna kontrola wi\u0105zki zapewniaj\u0105 sta\u0142\u0105 jako\u015b\u0107 ci\u0119cia r\u00f3\u017cnych materia\u0142\u00f3w p\u0142ytowych.<\/p>\n<p data-start=\"1149\" data-end=\"1691\">Poza precyzj\u0105, <strong>Maszyna do separacji laserowej PCBA Online<\/strong> Oferuje znacz\u0105ce korzy\u015bci procesowe. Eliminuje ryzyko mikrop\u0119kni\u0119\u0107, zanieczyszczenia py\u0142em i zu\u017cycia narz\u0119dzi, powszechnie zwi\u0105zane z metodami mechanicznymi. Dzi\u0119ki temu doskonale nadaje si\u0119 do zastosowa\u0144 w bran\u017cach wymagaj\u0105cych maksymalnej niezawodno\u015bci, takich jak elektronika samochodowa, urz\u0105dzenia medyczne, modu\u0142y LED i sprz\u0119t komunikacyjny. Mo\u017cliwo\u015b\u0107 obs\u0142ugi cienkich pod\u0142o\u017cy, uk\u0142ad\u00f3w o ma\u0142ym rozstawie element\u00f3w i delikatnych podzespo\u0142\u00f3w gwarantuje kompatybilno\u015b\u0107 z najnowszymi projektami zminiaturyzowanych p\u0142ytek PCBA.<\/p>\n<p data-start=\"1693\" data-end=\"2068\" data-is-last-node=\"\" data-is-only-node=\"\">Podsumowuj\u0105c, system \u0142\u0105czy w sobie niezr\u00f3wnan\u0105 dok\u0142adno\u015b\u0107, elastyczn\u0105 konfiguracj\u0119 i w pe\u0142ni zautomatyzowan\u0105 obs\u0142ug\u0119, zapewniaj\u0105c doskona\u0142e rozwi\u0105zanie do depanelizacji. Dla producent\u00f3w poszukuj\u0105cych wy\u017cszej wydajno\u015bci, lepszej wydajno\u015bci i lepszej jako\u015bci produktu, <strong>Maszyna do separacji laserowej PCBA Online<\/strong> stanowi wydajn\u0105 i przysz\u0142o\u015bciow\u0105 alternatyw\u0119 dla tradycyjnych metod separacji.<\/p>\n<p data-start=\"1693\" data-end=\"2068\" data-is-last-node=\"\" data-is-only-node=\"\">\n<p data-start=\"1693\" data-end=\"2068\" data-is-last-node=\"\" data-is-only-node=\"\"><img loading=\"lazy\" decoding=\"async\" class=\"alignnone  wp-image-22810 aligncenter\" src=\"https:\/\/esmte.com\/wp-content\/uploads\/2025\/12\/11-26.webp\" alt=\"PCBA Online Laser Cutting Cutter Separator Machine\" width=\"606\" height=\"605\" srcset=\"https:\/\/esmte.com\/wp-content\/uploads\/2025\/12\/11-26.webp 2561w, https:\/\/esmte.com\/wp-content\/uploads\/2025\/12\/11-26-100x100.webp 100w, https:\/\/esmte.com\/wp-content\/uploads\/2025\/12\/11-26-600x599.webp 600w, https:\/\/esmte.com\/wp-content\/uploads\/2025\/12\/11-26-300x300.webp 300w, https:\/\/esmte.com\/wp-content\/uploads\/2025\/12\/11-26-1024x1024.webp 1024w, https:\/\/esmte.com\/wp-content\/uploads\/2025\/12\/11-26-150x150.webp 150w, https:\/\/esmte.com\/wp-content\/uploads\/2025\/12\/11-26-768x767.webp 768w, https:\/\/esmte.com\/wp-content\/uploads\/2025\/12\/11-26-1536x1534.webp 1536w, https:\/\/esmte.com\/wp-content\/uploads\/2025\/12\/11-26-2048x2046.webp 2048w, https:\/\/esmte.com\/wp-content\/uploads\/2025\/12\/11-26-1x1.webp 1w, https:\/\/esmte.com\/wp-content\/uploads\/2025\/12\/11-26-10x10.webp 10w\" sizes=\"auto, (max-width: 606px) 100vw, 606px\" \/><\/p>\n<p data-start=\"1693\" data-end=\"2068\" data-is-last-node=\"\" data-is-only-node=\"\">\n<h3>G\u0142\u00f3wne cechy<\/h3>\n<ul>\n<li data-start=\"164\" data-end=\"459\">\n<p data-start=\"167\" data-end=\"459\"><strong data-start=\"167\" data-end=\"199\">Bezstresowe laserowe usuwanie paneli<\/strong><br data-start=\"199\" data-end=\"202\" \/>Wykorzystuje bezkontaktowy proces ci\u0119cia laserowego, kt\u00f3ry ca\u0142kowicie eliminuje napr\u0119\u017cenia mechaniczne komponent\u00f3w i pod\u0142o\u017cy. Gwarantuje to doskona\u0142\u0105 jako\u015b\u0107 kraw\u0119dzi, zapobiega powstawaniu mikrop\u0119kni\u0119\u0107 i zachowuje integralno\u015b\u0107 strukturaln\u0105 w przypadku projekt\u00f3w PCBA o du\u017cej g\u0119sto\u015bci i cienkich p\u0142ytkach.<\/p>\n<\/li>\n<li data-start=\"461\" data-end=\"746\">\n<p data-start=\"464\" data-end=\"746\"><strong data-start=\"464\" data-end=\"499\">Wysokoprecyzyjne ustawienie wzroku<\/strong><br data-start=\"499\" data-end=\"502\" \/>Wyposa\u017cony w zaawansowany optyczny system pozycjonowania, kt\u00f3ry automatycznie wykrywa punkty odniesienia i dostosowuje \u015bcie\u017cki ci\u0119cia w czasie rzeczywistym. Gwarantuje to dok\u0142adno\u015b\u0107 na poziomie mikron\u00f3w, nawet podczas pracy z p\u0142ytkami o skomplikowanych konturach lub zespo\u0142ami o ma\u0142ym skoku.<\/p>\n<\/li>\n<li data-start=\"748\" data-end=\"1014\">\n<p data-start=\"751\" data-end=\"1014\"><strong data-start=\"751\" data-end=\"786\">Zgodno\u015b\u0107 z automatyzacj\u0105 liniow\u0105<\/strong><br data-start=\"786\" data-end=\"789\" \/>Zaprojektowany z my\u015bl\u0105 o bezproblemowej integracji z w pe\u0142ni zautomatyzowanymi liniami produkcyjnymi SMT. System obs\u0142uguje transfer przeno\u015bnik\u00f3w, po\u0142\u0105czenie z systemem MES oraz ci\u0105g\u0142e depanowanie online, aby zmaksymalizowa\u0107 wydajno\u015b\u0107 i zredukowa\u0107 b\u0142\u0119dy r\u0119cznej obs\u0142ugi.<\/p>\n<\/li>\n<li data-start=\"1016\" data-end=\"1307\">\n<p data-start=\"1019\" data-end=\"1307\"><strong data-start=\"1019\" data-end=\"1058\">Zoptymalizowana kontrola i stabilno\u015b\u0107 lasera<\/strong><br data-start=\"1058\" data-end=\"1061\" \/>Wyposa\u017cona w stabilne, wysokowydajne \u017ar\u00f3d\u0142o lasera z inteligentnym zarz\u0105dzaniem wi\u0105zk\u0105, zapewnia sta\u0142\u0105 pr\u0119dko\u015b\u0107 i jako\u015b\u0107 ci\u0119cia. Zoptymalizowany algorytm sterowania minimalizuje strefy nara\u017cone na ciep\u0142o, zwi\u0119kszaj\u0105c niezawodno\u015b\u0107 w przypadku delikatnych produkt\u00f3w elektronicznych.<\/p>\n<\/li>\n<li data-start=\"1309\" data-end=\"1588\">\n<p data-start=\"1312\" data-end=\"1588\"><strong data-start=\"1312\" data-end=\"1349\">Elastyczny materia\u0142 i wsparcie kszta\u0142tu<\/strong><br data-start=\"1349\" data-end=\"1352\" \/>Umo\u017cliwia ci\u0119cie FR4, FPC, kompozyt\u00f3w sztywno-gi\u0119tkich i innych materia\u0142\u00f3w PCB z wysok\u0105 powtarzalno\u015bci\u0105. Elastyczne programowanie pozwala producentom z \u0142atwo\u015bci\u0105 przetwarza\u0107 p\u0142ytki o r\u00f3\u017cnych kszta\u0142tach, skomplikowane wzory i uk\u0142ady wielopanelowe.<\/p>\n<\/li>\n<li data-start=\"1590\" data-end=\"1876\" data-is-last-node=\"\">\n<p data-start=\"1593\" data-end=\"1876\" data-is-last-node=\"\"><strong data-start=\"1593\" data-end=\"1630\">Niskie wymagania konserwacyjne i czysta obs\u0142uga<\/strong><br data-start=\"1630\" data-end=\"1633\" \/>Poniewa\u017c system nie posiada fizycznych ostrzy, unika si\u0119 zu\u017cycia narz\u0119dzi, generowania py\u0142u i kosztownych wymian. Czyste, bezkontaktowe \u015brodowisko ci\u0119cia zmniejsza ryzyko zanieczyszczenia i przyczynia si\u0119 do stabilnego, niewymagaj\u0105cego cz\u0119stej konserwacji procesu produkcyjnego.<\/p>\n<\/li>\n<\/ul>\n<p>&nbsp;<\/p>\n<h2>Specyfikacje<\/h2>\n<table style=\"border-collapse: collapse; width: 1376px; height: 379px;\" border=\"0\" width=\"736\" cellspacing=\"0\" cellpadding=\"0\">\n<tbody>\n<tr style=\"height: 15.00pt;\">\n<td class=\"et2\" style=\"height: 15pt; width: 173.25pt; text-align: center;\" width=\"231\" height=\"20\">Przedmiot<\/td>\n<td class=\"et3\" style=\"width: 378.75pt; text-align: center;\" width=\"505\">YLC-350<\/td>\n<\/tr>\n<tr style=\"height: 15.00pt;\">\n<td class=\"et4\" style=\"height: 15pt; width: 173.25pt; text-align: center;\" width=\"231\" height=\"20\">Typ lasera<\/td>\n<td class=\"et5\" style=\"width: 378.75pt; text-align: center;\" width=\"505\">Zielony laser<\/td>\n<\/tr>\n<tr style=\"height: 15.00pt;\">\n<td class=\"et4\" style=\"height: 15pt; width: 173.25pt; text-align: center;\" width=\"231\" height=\"20\">Moc lasera<\/td>\n<td class=\"et5\" style=\"width: 378.75pt; text-align: center;\" width=\"505\">35 W<\/td>\n<\/tr>\n<tr style=\"height: 15.00pt;\">\n<td class=\"et4\" style=\"height: 15pt; width: 173.25pt; text-align: center;\" width=\"231\" height=\"20\">Zakres platformy<\/td>\n<td class=\"et5\" style=\"width: 378.75pt; text-align: center;\" width=\"505\">Podw\u00f3jny st\u00f3\u0142 300*300mm<\/td>\n<\/tr>\n<tr style=\"height: 15.00pt;\">\n<td class=\"et4\" style=\"height: 15pt; width: 173.25pt; text-align: center;\" width=\"231\" height=\"20\">Dostosuj do grubo\u015bci produktu (mm)<\/td>\n<td class=\"et5\" style=\"width: 378.75pt; text-align: center;\" width=\"505\">MAKSYMALNIE 1,5 mm<\/td>\n<\/tr>\n<tr style=\"height: 15.00pt;\">\n<td class=\"et4\" style=\"height: 15pt; width: 173.25pt; text-align: center;\" width=\"231\" height=\"20\">Maksymalna pr\u0119dko\u015b\u0107 platformy<\/td>\n<td class=\"et5\" style=\"width: 378.75pt; text-align: center;\" width=\"505\">1000m\/s<\/td>\n<\/tr>\n<tr style=\"height: 15.00pt;\">\n<td class=\"et4\" style=\"height: 15pt; width: 173.25pt; text-align: center;\" width=\"231\" height=\"20\">Maksymalna pr\u0119dko\u015b\u0107 skrawania (mm\/s)<\/td>\n<td class=\"et5\" style=\"width: 378.75pt; text-align: center;\" width=\"505\">\u2265200 mm<\/td>\n<\/tr>\n<tr style=\"height: 15.00pt;\">\n<td class=\"et4\" style=\"height: 15pt; width: 173.25pt; text-align: center;\" width=\"231\" height=\"20\">Dok\u0142adno\u015b\u0107 pozycjonowania<\/td>\n<td class=\"et5\" style=\"width: 378.75pt; text-align: center;\" width=\"505\">\u00b10,005 mm<\/td>\n<\/tr>\n<tr style=\"height: 15.00pt;\">\n<td class=\"et4\" style=\"height: 15pt; width: 173.25pt; text-align: center;\" width=\"231\" height=\"20\">Powtarzalno\u015b\u0107<\/td>\n<td class=\"et5\" style=\"width: 378.75pt; text-align: center;\" width=\"505\">\u00b10,005 mm<\/td>\n<\/tr>\n<tr style=\"height: 15.00pt;\">\n<td class=\"et4\" style=\"height: 15pt; width: 173.25pt; text-align: center;\" width=\"231\" height=\"20\">Dok\u0142adno\u015b\u0107 ci\u0119cia<\/td>\n<td class=\"et5\" style=\"width: 378.75pt; text-align: center;\" width=\"505\">\u00b10,025 mm<\/td>\n<\/tr>\n<tr style=\"height: 15.00pt;\">\n<td class=\"et4\" style=\"height: 15pt; width: 173.25pt; text-align: center;\" width=\"231\" height=\"20\">Moc<\/td>\n<td class=\"et5\" style=\"width: 378.75pt; text-align: center;\" width=\"505\">AC220V\/50Hz, 3kW<\/td>\n<\/tr>\n<tr style=\"height: 15.00pt;\">\n<td class=\"et4\" style=\"height: 15pt; width: 173.25pt; text-align: center;\" width=\"231\" height=\"20\">Waga<\/td>\n<td class=\"et5\" style=\"width: 378.75pt; text-align: center;\" width=\"505\">3200 kg<\/td>\n<\/tr>\n<tr style=\"height: 15.00pt;\">\n<td class=\"et6\" style=\"height: 15pt; width: 173.25pt; text-align: center;\" width=\"231\" height=\"20\">Wymiary<\/td>\n<td class=\"et7\" style=\"width: 378.75pt; text-align: center;\" width=\"505\">D\u0142. 1600*szer. 1300*wys. 1800 mm<\/td>\n<\/tr>\n<\/tbody>\n<\/table>\n<p>&nbsp;<\/p>\n<p><a href=\"https:\/\/www.youtube.com\/@allaismt\" rel=\"nofollow noopener\" target=\"_blank\"><u>https:\/\/www.youtube.com\/@allaismt<\/u><\/a><\/p>\n<p>Aby uzyska\u0107 wi\u0119cej informacji na temat maszyny do separacji laserowej PCBA Online, prosimy o przes\u0142anie wiadomo\u015bci e-mail na adres<\/p>\n<p><a href=\"mailto:sophia@allaismt.com\"><u>sophia@allaismt.com<\/u><\/a><\/p>\n<p>Szybko odpowiemy na Twoje zapytanie i udzielimy Ci szczeg\u00f3\u0142owych informacji o naszych produktach i us\u0142ugach.<\/p>\n<p>&nbsp;<\/p>","protected":false},"excerpt":{"rendered":"<p>Opis:<strong data-start=\"0\" data-end=\"54\" data-is-only-node=\"\">Maszyna do separacji laserowej PCBA Online<\/strong> to wysoce precyzyjne, bezkontaktowe rozwi\u0105zanie do depanelowania, zaprojektowane dla nowoczesnych linii monta\u017cowych SMT i elektroniki. Wykorzystuj\u0105c zaawansowan\u0105 technologi\u0119 laserow\u0105, wykonuje czyste ci\u0119cia bez zadzior\u00f3w i napr\u0119\u017ce\u0144 mechanicznych, co czyni je idealnym rozwi\u0105zaniem do delikatnych, g\u0119stych lub z\u0142o\u017conych uk\u0142ad\u00f3w PCBA. System obs\u0142uguje w pe\u0142ni zautomatyzowan\u0105 prac\u0119 online, zapewniaj\u0105c sta\u0142\u0105 jako\u015b\u0107, skr\u00f3cony czas produkcji i maksymaln\u0105 niezawodno\u015b\u0107 procesu w produkcji masowej.<\/p>\n<p>Minimalna ilo\u015b\u0107 zam\u00f3wienia: 1 szt.<\/p>\n<p>Czas realizacji zam\u00f3wienia: 15 dni<\/p>","protected":false},"featured_media":22811,"comment_status":"closed","ping_status":"closed","template":"","meta":[],"etheme_brands":[],"product_brand":[],"product_cat":[193],"product_tag":[],"class_list":{"0":"post-22809","1":"product","2":"type-product","3":"status-publish","4":"has-post-thumbnail","6":"product_cat-pcb-depaneling-machine-2","8":"first","9":"instock","10":"shipping-taxable","11":"product-type-simple"},"_links":{"self":[{"href":"https:\/\/esmte.com\/pl\/wp-json\/wp\/v2\/product\/22809","targetHints":{"allow":["GET"]}}],"collection":[{"href":"https:\/\/esmte.com\/pl\/wp-json\/wp\/v2\/product"}],"about":[{"href":"https:\/\/esmte.com\/pl\/wp-json\/wp\/v2\/types\/product"}],"replies":[{"embeddable":true,"href":"https:\/\/esmte.com\/pl\/wp-json\/wp\/v2\/comments?post=22809"}],"version-history":[{"count":1,"href":"https:\/\/esmte.com\/pl\/wp-json\/wp\/v2\/product\/22809\/revisions"}],"predecessor-version":[{"id":22812,"href":"https:\/\/esmte.com\/pl\/wp-json\/wp\/v2\/product\/22809\/revisions\/22812"}],"wp:featuredmedia":[{"embeddable":true,"href":"https:\/\/esmte.com\/pl\/wp-json\/wp\/v2\/media\/22811"}],"wp:attachment":[{"href":"https:\/\/esmte.com\/pl\/wp-json\/wp\/v2\/media?parent=22809"}],"wp:term":[{"taxonomy":"brand","embeddable":true,"href":"https:\/\/esmte.com\/pl\/wp-json\/wp\/v2\/etheme_brands?post=22809"},{"taxonomy":"product_brand","embeddable":true,"href":"https:\/\/esmte.com\/pl\/wp-json\/wp\/v2\/product_brand?post=22809"},{"taxonomy":"product_cat","embeddable":true,"href":"https:\/\/esmte.com\/pl\/wp-json\/wp\/v2\/product_cat?post=22809"},{"taxonomy":"product_tag","embeddable":true,"href":"https:\/\/esmte.com\/pl\/wp-json\/wp\/v2\/product_tag?post=22809"}],"curies":[{"name":"wp","href":"https:\/\/api.w.org\/{rel}","templated":true}]}}