{"id":22793,"date":"2025-12-04T06:53:33","date_gmt":"2025-12-04T06:53:33","guid":{"rendered":"https:\/\/esmte.com\/?post_type=product&#038;p=22793"},"modified":"2025-12-04T06:53:33","modified_gmt":"2025-12-04T06:53:33","slug":"multi-blades-led-separator-ys-180","status":"publish","type":"product","link":"https:\/\/esmte.com\/pl\/products\/multi-blades-led-separator-ys-180\/","title":{"rendered":"\u2013 Ergonomiczny interfejs i \u0142atwa regulacja ostrza zapewniaj\u0105 precyzyjn\u0105 kontrol\u0119, zmniejszaj\u0105c zm\u0119czenie operatora, jednocze\u015bnie gwarantuj\u0105c sp\u00f3jn\u0105 i niezawodn\u0105 wydajno\u015b\u0107 dla zr\u00f3\u017cnicowanych potrzeb produkcyjnych."},"content":{"rendered":"<h2>Wst\u0119p<\/h2>\n<p data-start=\"138\" data-end=\"550\">Ten <strong data-start=\"142\" data-end=\"179\">\u2013 Ergonomiczny interfejs i \u0142atwa regulacja ostrza zapewniaj\u0105 precyzyjn\u0105 kontrol\u0119, zmniejszaj\u0105c zm\u0119czenie operatora, jednocze\u015bnie gwarantuj\u0105c sp\u00f3jn\u0105 i niezawodn\u0105 wydajno\u015b\u0107 dla zr\u00f3\u017cnicowanych potrzeb produkcyjnych.<\/strong> is a high-precision machine designed for efficient depaneling of LED panels and PCBs. It combines advanced engineering with a robust multi-blade system, allowing multiple boards to be separated simultaneously with minimal deformation and smooth, clean edges. This design ensures both speed and quality, making it ideal for modern electronic manufacturing environments.<\/p>\n<p data-start=\"552\" data-end=\"955\">Wyposa\u017cony w mechanizm ci\u0119cia krokowego, <strong data-start=\"1621\" data-end=\"1658\">\u2013 Ergonomiczny interfejs i \u0142atwa regulacja ostrza zapewniaj\u0105 precyzyjn\u0105 kontrol\u0119, zmniejszaj\u0105c zm\u0119czenie operatora, jednocze\u015bnie gwarantuj\u0105c sp\u00f3jn\u0105 i niezawodn\u0105 wydajno\u015b\u0107 dla zr\u00f3\u017cnicowanych potrzeb produkcyjnych.<\/strong> reduces mechanical stress on aluminum-based LED boards and fiberglass PCBs. By distributing the cutting force across multiple blades, it prevents warping, edge chipping, and other common issues associated with traditional depaneling methods. Operators can achieve precise, repeatable results, even when processing delicate or high-density boards.<\/p>\n<p data-start=\"957\" data-end=\"1311\">The machine supports a wide range of board thicknesses, typically from 0.2\u202fmm to 5.0\u202fmm, and features adjustable cutting depth for flexible operation. Its durable, wear-resistant blades and stable mechanical framework guarantee long-term performance, making it suitable for continuous high-volume production without compromising quality or reliability.<\/p>\n<p data-start=\"1313\" data-end=\"1610\">Widely used in SMT lines, LED module assembly, and batch PCB depaneling, the <strong data-start=\"1621\" data-end=\"1658\">\u2013 Ergonomiczny interfejs i \u0142atwa regulacja ostrza zapewniaj\u0105 precyzyjn\u0105 kontrol\u0119, zmniejszaj\u0105c zm\u0119czenie operatora, jednocze\u015bnie gwarantuj\u0105c sp\u00f3jn\u0105 i niezawodn\u0105 wydajno\u015b\u0107 dla zr\u00f3\u017cnicowanych potrzeb produkcyjnych.<\/strong> enhances workflow efficiency and reduces scrap rates. Its user-friendly design allows for easy adjustments and maintenance, helping manufacturers optimize production while maintaining consistent board integrity.<\/p>\n<p data-start=\"1612\" data-end=\"1871\">Z <strong data-start=\"1621\" data-end=\"1658\">\u2013 Ergonomiczny interfejs i \u0142atwa regulacja ostrza zapewniaj\u0105 precyzyjn\u0105 kontrol\u0119, zmniejszaj\u0105c zm\u0119czenie operatora, jednocze\u015bnie gwarantuj\u0105c sp\u00f3jn\u0105 i niezawodn\u0105 wydajno\u015b\u0107 dla zr\u00f3\u017cnicowanych potrzeb produkcyjnych.<\/strong>, manufacturers gain a reliable, high-speed solution for depaneling that ensures precise, high-quality results across a variety of LED and PCB applications, supporting both small-scale and mass production needs.<\/p>\n<p data-start=\"1612\" data-end=\"1871\">\n<p data-start=\"1612\" data-end=\"1871\"><img loading=\"lazy\" decoding=\"async\" class=\"alignnone  wp-image-22788 aligncenter\" src=\"https:\/\/esmte.com\/wp-content\/uploads\/2025\/12\/11-24.webp\" alt=\"Multi Blades LED Separator YS-160\" width=\"595\" height=\"594\" srcset=\"https:\/\/esmte.com\/wp-content\/uploads\/2025\/12\/11-24.webp 2561w, https:\/\/esmte.com\/wp-content\/uploads\/2025\/12\/11-24-100x100.webp 100w, https:\/\/esmte.com\/wp-content\/uploads\/2025\/12\/11-24-600x599.webp 600w, https:\/\/esmte.com\/wp-content\/uploads\/2025\/12\/11-24-300x300.webp 300w, https:\/\/esmte.com\/wp-content\/uploads\/2025\/12\/11-24-1024x1024.webp 1024w, https:\/\/esmte.com\/wp-content\/uploads\/2025\/12\/11-24-150x150.webp 150w, https:\/\/esmte.com\/wp-content\/uploads\/2025\/12\/11-24-768x767.webp 768w, https:\/\/esmte.com\/wp-content\/uploads\/2025\/12\/11-24-1536x1534.webp 1536w, https:\/\/esmte.com\/wp-content\/uploads\/2025\/12\/11-24-2048x2046.webp 2048w, https:\/\/esmte.com\/wp-content\/uploads\/2025\/12\/11-24-1x1.webp 1w, https:\/\/esmte.com\/wp-content\/uploads\/2025\/12\/11-24-10x10.webp 10w\" sizes=\"auto, (max-width: 595px) 100vw, 595px\" \/><\/p>\n<p data-start=\"1612\" data-end=\"1871\">\n<h3>G\u0142\u00f3wne cechy<\/h3>\n<ul>\n<li data-start=\"192\" data-end=\"385\">\n<p data-start=\"195\" data-end=\"385\"><strong data-start=\"195\" data-end=\"234\">Wysokowydajne ci\u0119cie wieloostrzowe<\/strong> \u2013 Features multiple circular blades that allow simultaneous separation of several LED panels or PCBs, dramatically increasing production throughput.<\/p>\n<\/li>\n<li data-start=\"387\" data-end=\"571\">\n<p data-start=\"390\" data-end=\"571\"><strong data-start=\"390\" data-end=\"414\">Precyzyjne depanelowanie<\/strong> \u2013 Stepwise cutting mechanism reduces mechanical stress on boards, minimizing warping, edge chipping, and deformation for consistent, high-quality results.<\/p>\n<\/li>\n<li data-start=\"573\" data-end=\"780\">\n<p data-start=\"576\" data-end=\"780\"><strong data-start=\"576\" data-end=\"598\">Szeroka kompatybilno\u015b\u0107<\/strong> \u2013 Adjustable cutting depth accommodates various board thicknesses, typically from 0.2\u202fmm to 5.0\u202fmm, suitable for aluminum-based LED boards, fiberglass PCBs, and other panel types.<\/p>\n<\/li>\n<li data-start=\"782\" data-end=\"969\">\n<p data-start=\"785\" data-end=\"969\"><strong data-start=\"785\" data-end=\"809\">Trwa\u0142a konstrukcja<\/strong> \u2013 High-quality wear-resistant blades and a robust mechanical framework provide long-lasting performance and stability during continuous industrial operation.<\/p>\n<\/li>\n<li data-start=\"971\" data-end=\"1152\">\n<p data-start=\"974\" data-end=\"1152\"><strong data-start=\"974\" data-end=\"1005\">Mo\u017cliwo\u015b\u0107 produkcji seryjnej<\/strong> \u2013 Multi-blade design supports high-volume production, making the YS-180 ideal for SMT lines, LED module manufacturing, and batch PCB depaneling.<\/p>\n<\/li>\n<li data-start=\"1154\" data-end=\"1359\">\n<p data-start=\"1157\" data-end=\"1359\"><strong data-start=\"1157\" data-end=\"1184\">Przyjazna dla u\u017cytkownika obs\u0142uga<\/strong> \u2013 Ergonomic interface and easy blade adjustment enable precise control, reducing operator fatigue while ensuring consistent and reliable output for varied production needs.<\/p>\n<\/li>\n<\/ul>\n<p>&nbsp;<\/p>\n<h2>Specyfikacje<\/h2>\n<table style=\"border-collapse: collapse; width: 1375px; height: 185px;\" border=\"0\" width=\"846\" cellspacing=\"0\" cellpadding=\"0\">\n<tbody>\n<tr style=\"height: 15.00pt;\">\n<td class=\"et2\" style=\"height: 15pt; width: 122.25pt; text-align: center;\" width=\"163\" height=\"20\">Model<\/td>\n<td class=\"et3\" style=\"width: 177pt; text-align: center;\" width=\"236\">YS-160<\/td>\n<td class=\"et4\" style=\"width: 168.75pt; text-align: center;\" width=\"225\">YS-180<\/td>\n<td class=\"et5\" style=\"width: 166.5pt; text-align: center;\" width=\"222\">YS-200<\/td>\n<\/tr>\n<tr style=\"height: 15.00pt;\">\n<td class=\"et6\" style=\"height: 30pt; width: 122.25pt; text-align: center;\" rowspan=\"2\" width=\"163\" height=\"40\">Wymiar<\/td>\n<td class=\"et7\" style=\"width: 177pt; text-align: center;\" width=\"236\">Host 325*330*334mm<\/td>\n<td class=\"et7\" style=\"width: 168.75pt; text-align: center;\" width=\"225\">Host 325*330*334mm<\/td>\n<td class=\"et8\" style=\"width: 166.5pt; text-align: center;\" width=\"222\">Host 325*330*334mm<\/td>\n<\/tr>\n<tr style=\"height: 15.00pt;\">\n<td class=\"et9\" style=\"width: 177pt; text-align: center;\" width=\"236\">Ma\u0142a platforma (samodzielnie wyposa\u017cona)<\/td>\n<td class=\"et9\" style=\"width: 168.75pt; text-align: center;\" width=\"225\">Platforma 1200*360*190mm<\/td>\n<td class=\"et10\" style=\"width: 166.5pt; text-align: center;\" width=\"222\">Platforma 2400*360*190mm<\/td>\n<\/tr>\n<tr style=\"height: 15.00pt;\">\n<td class=\"et6\" style=\"height: 15pt; width: 122.25pt; text-align: center;\" width=\"163\" height=\"20\">Personalizacja ostrza<\/td>\n<td class=\"et11\" style=\"width: 512.25pt; border-right: 1pt solid #cccccc; text-align: center;\" colspan=\"3\" width=\"683\">3 grupy (1 g\u00f3rna cz\u0119\u015b\u0107, 1 dolna cz\u0119\u015b\u0107)<\/td>\n<\/tr>\n<tr style=\"height: 15.00pt;\">\n<td class=\"et6\" style=\"height: 15pt; width: 122.25pt; text-align: center;\" width=\"163\" height=\"20\">Moc<\/td>\n<td class=\"et11\" style=\"width: 512.25pt; border-right: 1pt solid #cccccc; text-align: center;\" colspan=\"3\" width=\"683\">1-fazowy pr\u0105d zmienny 220 V 50\/60 Hz (opcja: 110 V do 230 V)<\/td>\n<\/tr>\n<tr style=\"height: 15.00pt;\">\n<td class=\"et14\" style=\"height: 15pt; width: 122.25pt; text-align: center;\" width=\"163\" height=\"20\">Ci\u0119\u017cary<\/td>\n<td class=\"et15\" style=\"width: 177pt; text-align: center;\" width=\"236\">35 kg<\/td>\n<td class=\"et15\" style=\"width: 168.75pt; text-align: center;\" width=\"225\">35 kg + 6 kg<\/td>\n<td class=\"et16\" style=\"width: 166.5pt; text-align: center;\" width=\"222\">35 kg + 9 kg<\/td>\n<\/tr>\n<\/tbody>\n<\/table>\n<p>&nbsp;<\/p>\n<p><a href=\"https:\/\/www.youtube.com\/@allaismt\" rel=\"nofollow noopener\" target=\"_blank\"><u>https:\/\/www.youtube.com\/@allaismt<\/u><\/a><\/p>\n<p>Aby uzyska\u0107 wi\u0119cej informacji na temat separatora LED Multi Blades YS-200, prosimy o przes\u0142anie wiadomo\u015bci e-mail na adres<\/p>\n<p><a href=\"mailto:sophia@allaismt.com\"><u>sophia@allaismt.com<\/u><\/a><\/p>\n<p>Szybko odpowiemy na Twoje zapytanie i udzielimy Ci szczeg\u00f3\u0142owych informacji o naszych produktach i us\u0142ugach.<\/p>","protected":false},"excerpt":{"rendered":"<p>Opis: <strong>\u2013 Ergonomiczny interfejs i \u0142atwa regulacja ostrza zapewniaj\u0105 precyzyjn\u0105 kontrol\u0119, zmniejszaj\u0105c zm\u0119czenie operatora, jednocze\u015bnie gwarantuj\u0105c sp\u00f3jn\u0105 i niezawodn\u0105 wydajno\u015b\u0107 dla zr\u00f3\u017cnicowanych potrzeb produkcyjnych.<\/strong> is a high-precision LED and PCB depaneling machine designed for efficient multi-blade cutting. Featuring a robust multi-blade configuration, it allows simultaneous separation of LED panels or PCBs with minimal deformation and clean edges. Adjustable cutting depth accommodates a wide range of board thicknesses, making it suitable for aluminum-based LED boards, fiberglass PCBs, and other panel types. Its durable construction and wear-resistant blades ensure stable, high-volume production, making the YS-180 ideal for SMT lines, LED module assembly, and batch PCB depaneling.<\/p>\n<p>Minimalna ilo\u015b\u0107 zam\u00f3wienia: 1 szt.<\/p>\n<p>Lead Time\uff1a15 Day<\/p>","protected":false},"featured_media":22794,"comment_status":"closed","ping_status":"closed","template":"","meta":[],"etheme_brands":[],"product_brand":[],"product_cat":[193],"product_tag":[],"class_list":{"0":"post-22793","1":"product","2":"type-product","3":"status-publish","4":"has-post-thumbnail","6":"product_cat-pcb-depaneling-machine-2","8":"first","9":"instock","10":"shipping-taxable","11":"product-type-simple"},"_links":{"self":[{"href":"https:\/\/esmte.com\/pl\/wp-json\/wp\/v2\/product\/22793","targetHints":{"allow":["GET"]}}],"collection":[{"href":"https:\/\/esmte.com\/pl\/wp-json\/wp\/v2\/product"}],"about":[{"href":"https:\/\/esmte.com\/pl\/wp-json\/wp\/v2\/types\/product"}],"replies":[{"embeddable":true,"href":"https:\/\/esmte.com\/pl\/wp-json\/wp\/v2\/comments?post=22793"}],"version-history":[{"count":1,"href":"https:\/\/esmte.com\/pl\/wp-json\/wp\/v2\/product\/22793\/revisions"}],"predecessor-version":[{"id":22795,"href":"https:\/\/esmte.com\/pl\/wp-json\/wp\/v2\/product\/22793\/revisions\/22795"}],"wp:featuredmedia":[{"embeddable":true,"href":"https:\/\/esmte.com\/pl\/wp-json\/wp\/v2\/media\/22794"}],"wp:attachment":[{"href":"https:\/\/esmte.com\/pl\/wp-json\/wp\/v2\/media?parent=22793"}],"wp:term":[{"taxonomy":"brand","embeddable":true,"href":"https:\/\/esmte.com\/pl\/wp-json\/wp\/v2\/etheme_brands?post=22793"},{"taxonomy":"product_brand","embeddable":true,"href":"https:\/\/esmte.com\/pl\/wp-json\/wp\/v2\/product_brand?post=22793"},{"taxonomy":"product_cat","embeddable":true,"href":"https:\/\/esmte.com\/pl\/wp-json\/wp\/v2\/product_cat?post=22793"},{"taxonomy":"product_tag","embeddable":true,"href":"https:\/\/esmte.com\/pl\/wp-json\/wp\/v2\/product_tag?post=22793"}],"curies":[{"name":"wp","href":"https:\/\/api.w.org\/{rel}","templated":true}]}}